{"id":182578,"date":"2025-04-15T17:46:30","date_gmt":"2025-04-15T15:46:32","guid":{"rendered":"https:\/\/tourtravelandmore.com\/?post_type=product&#038;p=182578"},"modified":"2025-04-15T19:16:10","modified_gmt":"2025-04-15T17:16:10","slug":"visite-privee-de-stirling-au-depart-dedimbourg-copy","status":"publish","type":"product","link":"https:\/\/tourtravelandmore.com\/fr\/tours\/ecosse-fr\/edinburgh-fr\/visite-privee-de-stirling-au-depart-dedimbourg-copy\/","title":{"rendered":"Visite priv\u00e9e de la chapelle de Rosslyn et du mur d&#8217;Hadrien"},"content":{"rendered":"<h2><b><strong>Visite priv\u00e9e de la chapelle de Rosslyn et du mur d&#8217;Hadrien Description<\/strong><\/b><\/h2>\n<p>D\u00e9couvrez la beaut\u00e9 myst\u00e9rieuse du patrimoine \u00e9cossais lors de cette visite priv\u00e9e d&#8217;une journ\u00e9e compl\u00e8te de la <i>chapelle de Rosslyn<\/i> et du <i>mur d&#8217;Hadrien<\/i>. Avec un v\u00e9hicule de luxe confortable et un chauffeur\/guide anglophone expert \u00e0 votre service, cette exp\u00e9rience de 11 heures est con\u00e7ue pour ceux qui souhaitent explorer deux des monuments historiques les plus embl\u00e9matiques de la r\u00e9gion en tout confort et \u00e0 leur propre rythme.<\/p>\n<p>Que vous soyez passionn\u00e9 d&#8217;histoire ou que vous cherchiez simplement une fa\u00e7on unique de d\u00e9couvrir l&#8217;\u00c9cosse et le nord de l&#8217;Angleterre, ce circuit offre un m\u00e9lange m\u00e9morable de mythes, de l\u00e9gendes et de grandeur imp\u00e9riale.<\/p>\n<h2>Visite priv\u00e9e de la chapelle de Rosslyn et du mur d&#8217;Hadrien | Points d&#8217;int\u00e9r\u00eat et monuments<\/h2>\n<p>Commencez votre voyage par une visite de la l\u00e9gendaire <b>chapelle de Rosslyn<\/b>, un joyau architectural du XVe si\u00e8cle entour\u00e9 de mythes et de symbolisme, rendu c\u00e9l\u00e8bre par <i>Le Da Vinci Code<\/i>. Explorez ses sculptures complexes, sa riche histoire et ses liens profonds avec les Templiers et la franc-ma\u00e7onnerie.<\/p>\n<p>De l\u00e0, profitez d&#8217;une route panoramique \u00e0 travers les magnifiques Scottish Borders en direction du sud jusqu&#8217;au <b>Mur d&#8217;Hadrien<\/b>, un site class\u00e9 au patrimoine mondial de l&#8217;UNESCO et l&#8217;un des plus grands vestiges de l&#8217;Empire romain. Marchez le long de l&#8217;ancienne fronti\u00e8re, visitez des forts cl\u00e9s tels que <i>Housesteads<\/i> ou <i>Chesters<\/i>, et approfondissez vos connaissances sur la Grande-Bretagne romaine gr\u00e2ce \u00e0 votre guide priv\u00e9.<\/p>\n<ul>\n<li>Visite priv\u00e9e de 11 heures avec v\u00e9hicule de luxe et chauffeur\/guide anglophone<\/li>\n<li>Visitez la l\u00e9gendaire <b>chapelle de Rosslyn<\/b>, charg\u00e9e de myst\u00e8re et de symbolisme<\/li>\n<li>Explorez les paysages spectaculaires et les ruines romaines du <b>mur d&#8217;Hadrien<\/b><\/li>\n<li>Visites facultatives de forts romains cl\u00e9s tels que <b>Housesteads<\/b> ou <b>Chesters<\/b><\/li>\n<li>Trajet panoramique \u00e0 travers les pittoresques <b>Scottish Borders<\/b><\/li>\n<li>Service porte-\u00e0-porte depuis votre h\u00e9bergement \u00e0 \u00c9dimbourg ou dans les environs<\/li>\n<li>Itin\u00e9raire enti\u00e8rement personnalisable en fonction de vos int\u00e9r\u00eats<\/li>\n<\/ul>\n<p>Cette visite est parfaite pour les couples, les familles et les petits groupes \u00e0 la recherche d&#8217;une exp\u00e9rience personnalis\u00e9e et enrichissante \u00e0 \u00c9dimbourg.<\/p>\n<p><a href=\"https:\/\/tourtravelandmore.com\/fr\/city\/ecosse-fr\/edinburgh-en\/\">Jetez un \u0153il \u00e0 toutes nos visites priv\u00e9es \u00e0 \u00c9dimbourg, ne les manquez pas !<\/a><\/p>\n","protected":false},"excerpt":{"rendered":"<p>D\u00e9couvrez la beaut\u00e9 myst\u00e9rieuse du patrimoine \u00e9cossais lors de cette visite priv\u00e9e d&#8217;une journ\u00e9e compl\u00e8te de la <i>chapelle de Rosslyn<\/i> et du <i>mur d&#8217;Hadrien<\/i>. Avec un v\u00e9hicule de luxe confortable et un chauffeur\/guide anglophone expert \u00e0 votre service, cette exp\u00e9rience de 11 heures est con\u00e7ue pour ceux qui souhaitent explorer deux des monuments historiques les plus embl\u00e9matiques de la r\u00e9gion en tout confort et \u00e0 leur propre rythme.<\/p>\n","protected":false},"featured_media":182594,"comment_status":"open","ping_status":"closed","template":"","meta":{"_acf_changed":false},"product_brand":[],"product_cat":[5504,5505,3741,3826,3545],"product_tag":[],"class_list":{"0":"post-182578","1":"product","2":"type-product","3":"status-publish","4":"has-post-thumbnail","6":"product_cat-all-private-tours-activities-fr-37","7":"product_cat-private-sightseeing-tours-fr-45","8":"product_cat-ecosse-fr","9":"product_cat-edinburgh-fr","10":"product_cat-royaume-uni-fr","12":"first","13":"instock","14":"shipping-taxable","15":"purchasable","16":"product-type-simple"},"acf":[],"yoast_head":"<!-- This site is optimized with the Yoast SEO Premium plugin v25.3.1 (Yoast SEO v25.3.1) - https:\/\/yoast.com\/wordpress\/plugins\/seo\/ -->\n<title>Visite priv\u00e9e de la chapelle de Rosslyn et du mur d&#039;Hadrien - TT&amp;M<\/title>\n<meta name=\"description\" content=\"Profitez de cette Visite priv\u00e9e de la chapelle de Rosslyn et du mur d&#039;Hadrien enti\u00e8rement personnalis\u00e9e et profitez de leurs monuments et sites les plus importants aux c\u00f4t\u00e9s d&#039;un guide priv\u00e9.\" \/>\n<meta name=\"robots\" content=\"index, follow, max-snippet:-1, max-image-preview:large, max-video-preview:-1\" \/>\n<link rel=\"canonical\" href=\"https:\/\/tourtravelandmore.com\/fr\/tours\/ecosse-fr\/edinburgh-fr\/visite-privee-de-stirling-au-depart-dedimbourg-copy\/\" \/>\n<meta property=\"og:locale\" content=\"fr_FR\" \/>\n<meta property=\"og:type\" content=\"article\" \/>\n<meta property=\"og:title\" content=\"Visite priv\u00e9e de la chapelle de Rosslyn et du mur d&#039;Hadrien\" \/>\n<meta property=\"og:description\" content=\"Profitez de cette Visite priv\u00e9e de la chapelle de Rosslyn et du mur d&#039;Hadrien enti\u00e8rement personnalis\u00e9e et profitez de leurs monuments et sites les plus importants aux c\u00f4t\u00e9s d&#039;un guide priv\u00e9.\" \/>\n<meta property=\"og:url\" content=\"https:\/\/tourtravelandmore.com\/fr\/tours\/ecosse-fr\/edinburgh-fr\/visite-privee-de-stirling-au-depart-dedimbourg-copy\/\" \/>\n<meta property=\"og:site_name\" content=\"Tour Travel And More\" \/>\n<meta property=\"article:publisher\" content=\"https:\/\/www.facebook.com\/tourtravelandmore\/\" \/>\n<meta property=\"article:modified_time\" content=\"2025-04-15T17:16:10+00:00\" \/>\n<meta property=\"og:image\" content=\"https:\/\/tourtravelandmore.com\/wp-content\/uploads\/2025\/04\/rosslyn-1211180_1280.jpg\" \/>\n\t<meta property=\"og:image:width\" content=\"1280\" \/>\n\t<meta property=\"og:image:height\" content=\"853\" \/>\n\t<meta property=\"og:image:type\" content=\"image\/jpeg\" \/>\n<meta name=\"twitter:card\" content=\"summary_large_image\" \/>\n<meta name=\"twitter:site\" content=\"@TourTravel_More\" \/>\n<meta name=\"twitter:label1\" content=\"Dur\u00e9e de lecture estim\u00e9e\" \/>\n\t<meta name=\"twitter:data1\" content=\"2 minutes\" \/>\n<script type=\"application\/ld+json\" class=\"yoast-schema-graph\">{\"@context\":\"https:\/\/schema.org\",\"@graph\":[{\"@type\":\"WebPage\",\"@id\":\"https:\/\/tourtravelandmore.com\/fr\/tours\/ecosse-fr\/edinburgh-fr\/visite-privee-de-stirling-au-depart-dedimbourg-copy\/\",\"url\":\"https:\/\/tourtravelandmore.com\/fr\/tours\/ecosse-fr\/edinburgh-fr\/visite-privee-de-stirling-au-depart-dedimbourg-copy\/\",\"name\":\"Visite priv\u00e9e de la chapelle de Rosslyn et du mur d'Hadrien - TT&M\",\"isPartOf\":{\"@id\":\"https:\/\/tourtravelandmore.com\/fr\/#website\"},\"primaryImageOfPage\":{\"@id\":\"https:\/\/tourtravelandmore.com\/fr\/tours\/ecosse-fr\/edinburgh-fr\/visite-privee-de-stirling-au-depart-dedimbourg-copy\/#primaryimage\"},\"image\":{\"@id\":\"https:\/\/tourtravelandmore.com\/fr\/tours\/ecosse-fr\/edinburgh-fr\/visite-privee-de-stirling-au-depart-dedimbourg-copy\/#primaryimage\"},\"thumbnailUrl\":\"https:\/\/tourtravelandmore.com\/wp-content\/uploads\/2025\/04\/rosslyn-1211180_1280.jpg\",\"datePublished\":\"2025-04-15T15:46:32+00:00\",\"dateModified\":\"2025-04-15T17:16:10+00:00\",\"description\":\"Profitez de cette Visite priv\u00e9e de la chapelle de Rosslyn et du mur d'Hadrien enti\u00e8rement personnalis\u00e9e et profitez de leurs monuments et sites les plus importants aux c\u00f4t\u00e9s d'un guide priv\u00e9.\",\"breadcrumb\":{\"@id\":\"https:\/\/tourtravelandmore.com\/fr\/tours\/ecosse-fr\/edinburgh-fr\/visite-privee-de-stirling-au-depart-dedimbourg-copy\/#breadcrumb\"},\"inLanguage\":\"fr-FR\",\"potentialAction\":[{\"@type\":\"ReadAction\",\"target\":[\"https:\/\/tourtravelandmore.com\/fr\/tours\/ecosse-fr\/edinburgh-fr\/visite-privee-de-stirling-au-depart-dedimbourg-copy\/\"]}]},{\"@type\":\"ImageObject\",\"inLanguage\":\"fr-FR\",\"@id\":\"https:\/\/tourtravelandmore.com\/fr\/tours\/ecosse-fr\/edinburgh-fr\/visite-privee-de-stirling-au-depart-dedimbourg-copy\/#primaryimage\",\"url\":\"https:\/\/tourtravelandmore.com\/wp-content\/uploads\/2025\/04\/rosslyn-1211180_1280.jpg\",\"contentUrl\":\"https:\/\/tourtravelandmore.com\/wp-content\/uploads\/2025\/04\/rosslyn-1211180_1280.jpg\",\"width\":1280,\"height\":853},{\"@type\":\"BreadcrumbList\",\"@id\":\"https:\/\/tourtravelandmore.com\/fr\/tours\/ecosse-fr\/edinburgh-fr\/visite-privee-de-stirling-au-depart-dedimbourg-copy\/#breadcrumb\",\"itemListElement\":[{\"@type\":\"ListItem\",\"position\":1,\"name\":\"Home\",\"item\":\"https:\/\/tourtravelandmore.com\/fr\/\"},{\"@type\":\"ListItem\",\"position\":2,\"name\":\"Tours\",\"item\":\"https:\/\/tourtravelandmore.com\/fr\/tours\/\"},{\"@type\":\"ListItem\",\"position\":3,\"name\":\"Visite priv\u00e9e de la chapelle de Rosslyn et du mur d&#8217;Hadrien\"}]},{\"@type\":\"WebSite\",\"@id\":\"https:\/\/tourtravelandmore.com\/fr\/#website\",\"url\":\"https:\/\/tourtravelandmore.com\/fr\/\",\"name\":\"Tour Travel And More\",\"description\":\"Private sightseeing tours and luxury transfers in Spain\",\"publisher\":{\"@id\":\"https:\/\/tourtravelandmore.com\/fr\/#organization\"},\"potentialAction\":[{\"@type\":\"SearchAction\",\"target\":{\"@type\":\"EntryPoint\",\"urlTemplate\":\"https:\/\/tourtravelandmore.com\/fr\/?s={search_term_string}\"},\"query-input\":{\"@type\":\"PropertyValueSpecification\",\"valueRequired\":true,\"valueName\":\"search_term_string\"}}],\"inLanguage\":\"fr-FR\"},{\"@type\":\"Organization\",\"@id\":\"https:\/\/tourtravelandmore.com\/fr\/#organization\",\"name\":\"Tour Travel And More\",\"url\":\"https:\/\/tourtravelandmore.com\/fr\/\",\"logo\":{\"@type\":\"ImageObject\",\"inLanguage\":\"fr-FR\",\"@id\":\"https:\/\/tourtravelandmore.com\/fr\/#\/schema\/logo\/image\/\",\"url\":\"https:\/\/tourtravelandmore.com\/wp-content\/uploads\/2022\/12\/cropped-logo-cabecera-new.png\",\"contentUrl\":\"https:\/\/tourtravelandmore.com\/wp-content\/uploads\/2022\/12\/cropped-logo-cabecera-new.png\",\"width\":430,\"height\":61,\"caption\":\"Tour Travel And More\"},\"image\":{\"@id\":\"https:\/\/tourtravelandmore.com\/fr\/#\/schema\/logo\/image\/\"},\"sameAs\":[\"https:\/\/www.facebook.com\/tourtravelandmore\/\",\"https:\/\/x.com\/TourTravel_More\"]}]}<\/script>\n<!-- \/ Yoast SEO Premium plugin. -->","yoast_head_json":{"title":"Visite priv\u00e9e de la chapelle de Rosslyn et du mur d'Hadrien - TT&M","description":"Profitez de cette Visite priv\u00e9e de la chapelle de Rosslyn et du mur d'Hadrien enti\u00e8rement personnalis\u00e9e et profitez de leurs monuments et sites les plus importants aux c\u00f4t\u00e9s d'un guide priv\u00e9.","robots":{"index":"index","follow":"follow","max-snippet":"max-snippet:-1","max-image-preview":"max-image-preview:large","max-video-preview":"max-video-preview:-1"},"canonical":"https:\/\/tourtravelandmore.com\/fr\/tours\/ecosse-fr\/edinburgh-fr\/visite-privee-de-stirling-au-depart-dedimbourg-copy\/","og_locale":"fr_FR","og_type":"article","og_title":"Visite priv\u00e9e de la chapelle de Rosslyn et du mur d'Hadrien","og_description":"Profitez de cette Visite priv\u00e9e de la chapelle de Rosslyn et du mur d'Hadrien enti\u00e8rement personnalis\u00e9e et profitez de leurs monuments et sites les plus importants aux c\u00f4t\u00e9s d'un guide priv\u00e9.","og_url":"https:\/\/tourtravelandmore.com\/fr\/tours\/ecosse-fr\/edinburgh-fr\/visite-privee-de-stirling-au-depart-dedimbourg-copy\/","og_site_name":"Tour Travel And More","article_publisher":"https:\/\/www.facebook.com\/tourtravelandmore\/","article_modified_time":"2025-04-15T17:16:10+00:00","og_image":[{"width":1280,"height":853,"url":"https:\/\/tourtravelandmore.com\/wp-content\/uploads\/2025\/04\/rosslyn-1211180_1280.jpg","type":"image\/jpeg"}],"twitter_card":"summary_large_image","twitter_site":"@TourTravel_More","twitter_misc":{"Dur\u00e9e de lecture estim\u00e9e":"2 minutes"},"schema":{"@context":"https:\/\/schema.org","@graph":[{"@type":"WebPage","@id":"https:\/\/tourtravelandmore.com\/fr\/tours\/ecosse-fr\/edinburgh-fr\/visite-privee-de-stirling-au-depart-dedimbourg-copy\/","url":"https:\/\/tourtravelandmore.com\/fr\/tours\/ecosse-fr\/edinburgh-fr\/visite-privee-de-stirling-au-depart-dedimbourg-copy\/","name":"Visite priv\u00e9e de la chapelle de Rosslyn et du mur d'Hadrien - TT&M","isPartOf":{"@id":"https:\/\/tourtravelandmore.com\/fr\/#website"},"primaryImageOfPage":{"@id":"https:\/\/tourtravelandmore.com\/fr\/tours\/ecosse-fr\/edinburgh-fr\/visite-privee-de-stirling-au-depart-dedimbourg-copy\/#primaryimage"},"image":{"@id":"https:\/\/tourtravelandmore.com\/fr\/tours\/ecosse-fr\/edinburgh-fr\/visite-privee-de-stirling-au-depart-dedimbourg-copy\/#primaryimage"},"thumbnailUrl":"https:\/\/tourtravelandmore.com\/wp-content\/uploads\/2025\/04\/rosslyn-1211180_1280.jpg","datePublished":"2025-04-15T15:46:32+00:00","dateModified":"2025-04-15T17:16:10+00:00","description":"Profitez de cette Visite priv\u00e9e de la chapelle de Rosslyn et du mur d'Hadrien enti\u00e8rement personnalis\u00e9e et profitez de leurs monuments et sites les plus importants aux c\u00f4t\u00e9s d'un guide priv\u00e9.","breadcrumb":{"@id":"https:\/\/tourtravelandmore.com\/fr\/tours\/ecosse-fr\/edinburgh-fr\/visite-privee-de-stirling-au-depart-dedimbourg-copy\/#breadcrumb"},"inLanguage":"fr-FR","potentialAction":[{"@type":"ReadAction","target":["https:\/\/tourtravelandmore.com\/fr\/tours\/ecosse-fr\/edinburgh-fr\/visite-privee-de-stirling-au-depart-dedimbourg-copy\/"]}]},{"@type":"ImageObject","inLanguage":"fr-FR","@id":"https:\/\/tourtravelandmore.com\/fr\/tours\/ecosse-fr\/edinburgh-fr\/visite-privee-de-stirling-au-depart-dedimbourg-copy\/#primaryimage","url":"https:\/\/tourtravelandmore.com\/wp-content\/uploads\/2025\/04\/rosslyn-1211180_1280.jpg","contentUrl":"https:\/\/tourtravelandmore.com\/wp-content\/uploads\/2025\/04\/rosslyn-1211180_1280.jpg","width":1280,"height":853},{"@type":"BreadcrumbList","@id":"https:\/\/tourtravelandmore.com\/fr\/tours\/ecosse-fr\/edinburgh-fr\/visite-privee-de-stirling-au-depart-dedimbourg-copy\/#breadcrumb","itemListElement":[{"@type":"ListItem","position":1,"name":"Home","item":"https:\/\/tourtravelandmore.com\/fr\/"},{"@type":"ListItem","position":2,"name":"Tours","item":"https:\/\/tourtravelandmore.com\/fr\/tours\/"},{"@type":"ListItem","position":3,"name":"Visite priv\u00e9e de la chapelle de Rosslyn et du mur d&#8217;Hadrien"}]},{"@type":"WebSite","@id":"https:\/\/tourtravelandmore.com\/fr\/#website","url":"https:\/\/tourtravelandmore.com\/fr\/","name":"Tour Travel And More","description":"Private sightseeing tours and luxury transfers in Spain","publisher":{"@id":"https:\/\/tourtravelandmore.com\/fr\/#organization"},"potentialAction":[{"@type":"SearchAction","target":{"@type":"EntryPoint","urlTemplate":"https:\/\/tourtravelandmore.com\/fr\/?s={search_term_string}"},"query-input":{"@type":"PropertyValueSpecification","valueRequired":true,"valueName":"search_term_string"}}],"inLanguage":"fr-FR"},{"@type":"Organization","@id":"https:\/\/tourtravelandmore.com\/fr\/#organization","name":"Tour Travel And More","url":"https:\/\/tourtravelandmore.com\/fr\/","logo":{"@type":"ImageObject","inLanguage":"fr-FR","@id":"https:\/\/tourtravelandmore.com\/fr\/#\/schema\/logo\/image\/","url":"https:\/\/tourtravelandmore.com\/wp-content\/uploads\/2022\/12\/cropped-logo-cabecera-new.png","contentUrl":"https:\/\/tourtravelandmore.com\/wp-content\/uploads\/2022\/12\/cropped-logo-cabecera-new.png","width":430,"height":61,"caption":"Tour Travel And More"},"image":{"@id":"https:\/\/tourtravelandmore.com\/fr\/#\/schema\/logo\/image\/"},"sameAs":["https:\/\/www.facebook.com\/tourtravelandmore\/","https:\/\/x.com\/TourTravel_More"]}]}},"_links":{"self":[{"href":"https:\/\/tourtravelandmore.com\/fr\/wp-json\/wp\/v2\/product\/182578","targetHints":{"allow":["GET"]}}],"collection":[{"href":"https:\/\/tourtravelandmore.com\/fr\/wp-json\/wp\/v2\/product"}],"about":[{"href":"https:\/\/tourtravelandmore.com\/fr\/wp-json\/wp\/v2\/types\/product"}],"replies":[{"embeddable":true,"href":"https:\/\/tourtravelandmore.com\/fr\/wp-json\/wp\/v2\/comments?post=182578"}],"wp:featuredmedia":[{"embeddable":true,"href":"https:\/\/tourtravelandmore.com\/fr\/wp-json\/wp\/v2\/media\/182594"}],"wp:attachment":[{"href":"https:\/\/tourtravelandmore.com\/fr\/wp-json\/wp\/v2\/media?parent=182578"}],"wp:term":[{"taxonomy":"product_brand","embeddable":true,"href":"https:\/\/tourtravelandmore.com\/fr\/wp-json\/wp\/v2\/product_brand?post=182578"},{"taxonomy":"product_cat","embeddable":true,"href":"https:\/\/tourtravelandmore.com\/fr\/wp-json\/wp\/v2\/product_cat?post=182578"},{"taxonomy":"product_tag","embeddable":true,"href":"https:\/\/tourtravelandmore.com\/fr\/wp-json\/wp\/v2\/product_tag?post=182578"}],"curies":[{"name":"wp","href":"https:\/\/api.w.org\/{rel}","templated":true}]}}