{"id":182534,"date":"2025-04-15T17:34:40","date_gmt":"2025-04-15T15:34:43","guid":{"rendered":"https:\/\/tourtravelandmore.com\/?post_type=product&#038;p=182534"},"modified":"2025-04-15T17:46:14","modified_gmt":"2025-04-15T15:46:14","slug":"visite-privee-des-chateaux-dalnwick-et-de-bamburgh-copy","status":"publish","type":"product","link":"https:\/\/tourtravelandmore.com\/fr\/tours\/ecosse-fr\/edinburgh-fr\/visite-privee-des-chateaux-dalnwick-et-de-bamburgh-copy\/","title":{"rendered":"Visite priv\u00e9e de Stirling au d\u00e9part d&#8217;\u00c9dimbourg"},"content":{"rendered":"<h2><b><strong>Visite priv\u00e9e de Stirling au d\u00e9part d&#8217;\u00c9dimbourg Description<\/strong><\/b><\/h2>\n<p>D\u00e9couvrez le c\u0153ur de l&#8217;histoire \u00e9cossaise avec notre visite <b>priv\u00e9e de Stirling au d\u00e9part d&#8217;\u00c9dimbourg<\/b>. Cette exp\u00e9rience exclusive de 8 heures, propos\u00e9e par Tour Travel &amp; More, allie confort, culture et histoires captivantes, parfaite pour les voyageurs qui souhaitent mieux comprendre le pass\u00e9 de l&#8217;\u00c9cosse.<\/p>\n<p>Votre journ\u00e9e commence par une prise en charge priv\u00e9e \u00e0 l&#8217;endroit de votre choix \u00e0 \u00c9dimbourg par un v\u00e9hicule de luxe et un chauffeur professionnel. Profitez d&#8217;une route panoramique \u00e0 travers les Lowlands en vous rendant \u00e0 Stirling, souvent appel\u00e9e la \u00ab porte des Highlands \u00bb.<\/p>\n<p>Cette visite est le m\u00e9lange parfait d&#8217;histoire, de culture et de tradition, id\u00e9ale pour les voyageurs \u00e0 la recherche d&#8217;une exp\u00e9rience \u00e9cossaise plus profonde et plus authentique.<\/p>\n<h2>Visite priv\u00e9e de Stirling au d\u00e9part d&#8217;\u00c9dimbourg | Points d&#8217;int\u00e9r\u00eat et monuments<\/h2>\n<p>\u00c0 votre arriv\u00e9e, rencontrez votre <b>expert local<\/b> pour une <b>visite guid\u00e9e priv\u00e9e de<\/b> 3 heures \u00e0 travers les sites embl\u00e9matiques de la ville. Explorez le majestueux <b>ch\u00e2teau de Stirling<\/b>, perch\u00e9 sur un rocher volcanique, et d\u00e9couvrez des histoires de royaut\u00e9, de batailles et d&#8217;intrigues. Marchez sur les traces de l\u00e9gendes \u00e9cossaises telles que William Wallace et Robert the Bruce tout en vous plongeant dans la riche histoire de la r\u00e9gion.<\/p>\n<p>Apr\u00e8s votre visite guid\u00e9e, profitez de temps libre pour explorer \u00e0 votre rythme, savourer un d\u00e9jeuner \u00e9cossais traditionnel ou acheter des objets d&#8217;artisanat local avant que votre chauffeur ne vous ram\u00e8ne \u00e0 \u00c9dimbourg dans un confort total.<\/p>\n<p>Il s&#8217;agit d&#8217;une <b>exp\u00e9rience priv\u00e9e enti\u00e8rement personnalisable<\/b> con\u00e7ue pour vous donner la libert\u00e9 et la flexibilit\u00e9 de profiter de Stirling \u00e0 votre fa\u00e7on, avec la commodit\u00e9 d&#8217;un service haut de gamme du d\u00e9but \u00e0 la fin.<\/p>\n<ul>\n<li><b>V\u00e9hicule priv\u00e9 de luxe avec chauffeur pendant 8 heures<\/b><\/li>\n<li><b><strong>Visite guid\u00e9e priv\u00e9e de 3 heures \u00e0 Stirling avec un guide local professionnel<\/strong><\/b><\/li>\n<li>Visite du <b>ch\u00e2teau de Stirling<\/b> et d&#8217;autres sites historiques cl\u00e9s<\/li>\n<li>D\u00e9couvrez les moments cl\u00e9s de l&#8217;histoire \u00e9cossaise, y compris la bataille du pont de Stirling<\/li>\n<li>Temps libre pour explorer, d\u00eener ou faire du shopping \u00e0 votre guise<\/li>\n<li>Prise en charge et retour \u00e0 votre h\u00f4tel ou \u00e0 l&#8217;endroit de votre choix \u00e0 \u00c9dimbourg<\/li>\n<li>Itin\u00e9raire enti\u00e8rement personnalis\u00e9 et service haut de gamme<\/li>\n<\/ul>\n<p>Cette visite est parfaite pour les couples, les familles et les petits groupes \u00e0 la recherche d&#8217;une exp\u00e9rience personnalis\u00e9e et enrichissante \u00e0 \u00c9dimbourg.<\/p>\n<p><a href=\"https:\/\/tourtravelandmore.com\/fr\/city\/ecosse-fr\/edinburgh-en\/\">Jetez un \u0153il \u00e0 toutes nos visites priv\u00e9es \u00e0 \u00c9dimbourg, ne les manquez pas !<\/a><\/p>\n","protected":false},"excerpt":{"rendered":"<p>D\u00e9couvrez le c\u0153ur de l&#8217;histoire \u00e9cossaise avec notre visite <b>priv\u00e9e de Stirling au d\u00e9part d&#8217;\u00c9dimbourg<\/b>. Cette exp\u00e9rience exclusive de 8 heures, propos\u00e9e par Tour Travel &amp; More, allie confort, culture et histoires captivantes, parfaite pour les voyageurs qui souhaitent mieux comprendre le pass\u00e9 de l&#8217;\u00c9cosse.<\/p>\n","protected":false},"featured_media":182553,"comment_status":"open","ping_status":"closed","template":"","meta":{"_acf_changed":false},"product_brand":[],"product_cat":[5504,5505,3741,3826,3545],"product_tag":[],"class_list":{"0":"post-182534","1":"product","2":"type-product","3":"status-publish","4":"has-post-thumbnail","6":"product_cat-all-private-tours-activities-fr-37","7":"product_cat-private-sightseeing-tours-fr-45","8":"product_cat-ecosse-fr","9":"product_cat-edinburgh-fr","10":"product_cat-royaume-uni-fr","12":"first","13":"instock","14":"shipping-taxable","15":"purchasable","16":"product-type-simple"},"acf":[],"yoast_head":"<!-- This site is optimized with the Yoast SEO Premium plugin v25.3.1 (Yoast SEO v25.3.1) - https:\/\/yoast.com\/wordpress\/plugins\/seo\/ -->\n<title>Visite priv\u00e9e de Stirling au d\u00e9part d&#039;\u00c9dimbourg - TT&amp;M<\/title>\n<meta name=\"description\" content=\"Profitez de cette Visite priv\u00e9e de Stirling au d\u00e9part d&#039;\u00c9dimbourg enti\u00e8rement personnalis\u00e9e et profitez de leurs monuments et sites les plus importants aux c\u00f4t\u00e9s d&#039;un guide priv\u00e9.\" \/>\n<meta name=\"robots\" content=\"index, follow, max-snippet:-1, max-image-preview:large, max-video-preview:-1\" \/>\n<link rel=\"canonical\" href=\"https:\/\/tourtravelandmore.com\/fr\/tours\/ecosse-fr\/edinburgh-fr\/visite-privee-des-chateaux-dalnwick-et-de-bamburgh-copy\/\" \/>\n<meta property=\"og:locale\" content=\"fr_FR\" \/>\n<meta property=\"og:type\" content=\"article\" \/>\n<meta property=\"og:title\" content=\"Visite priv\u00e9e de Stirling au d\u00e9part d&#039;\u00c9dimbourg\" \/>\n<meta property=\"og:description\" content=\"Profitez de cette Visite priv\u00e9e de Stirling au d\u00e9part d&#039;\u00c9dimbourg enti\u00e8rement personnalis\u00e9e et profitez de leurs monuments et sites les plus importants aux c\u00f4t\u00e9s d&#039;un guide priv\u00e9.\" \/>\n<meta property=\"og:url\" content=\"https:\/\/tourtravelandmore.com\/fr\/tours\/ecosse-fr\/edinburgh-fr\/visite-privee-des-chateaux-dalnwick-et-de-bamburgh-copy\/\" \/>\n<meta property=\"og:site_name\" content=\"Tour Travel And More\" \/>\n<meta property=\"article:publisher\" content=\"https:\/\/www.facebook.com\/tourtravelandmore\/\" \/>\n<meta property=\"article:modified_time\" content=\"2025-04-15T15:46:14+00:00\" \/>\n<meta property=\"og:image\" content=\"https:\/\/tourtravelandmore.com\/wp-content\/uploads\/2025\/04\/stirling-1237542_1280.jpg\" \/>\n\t<meta property=\"og:image:width\" content=\"1280\" \/>\n\t<meta property=\"og:image:height\" content=\"941\" \/>\n\t<meta property=\"og:image:type\" content=\"image\/jpeg\" \/>\n<meta name=\"twitter:card\" content=\"summary_large_image\" \/>\n<meta name=\"twitter:site\" content=\"@TourTravel_More\" \/>\n<meta name=\"twitter:label1\" content=\"Dur\u00e9e de lecture estim\u00e9e\" \/>\n\t<meta name=\"twitter:data1\" content=\"2 minutes\" \/>\n<script type=\"application\/ld+json\" class=\"yoast-schema-graph\">{\"@context\":\"https:\/\/schema.org\",\"@graph\":[{\"@type\":\"WebPage\",\"@id\":\"https:\/\/tourtravelandmore.com\/fr\/tours\/ecosse-fr\/edinburgh-fr\/visite-privee-des-chateaux-dalnwick-et-de-bamburgh-copy\/\",\"url\":\"https:\/\/tourtravelandmore.com\/fr\/tours\/ecosse-fr\/edinburgh-fr\/visite-privee-des-chateaux-dalnwick-et-de-bamburgh-copy\/\",\"name\":\"Visite priv\u00e9e de Stirling au d\u00e9part d'\u00c9dimbourg - TT&M\",\"isPartOf\":{\"@id\":\"https:\/\/tourtravelandmore.com\/fr\/#website\"},\"primaryImageOfPage\":{\"@id\":\"https:\/\/tourtravelandmore.com\/fr\/tours\/ecosse-fr\/edinburgh-fr\/visite-privee-des-chateaux-dalnwick-et-de-bamburgh-copy\/#primaryimage\"},\"image\":{\"@id\":\"https:\/\/tourtravelandmore.com\/fr\/tours\/ecosse-fr\/edinburgh-fr\/visite-privee-des-chateaux-dalnwick-et-de-bamburgh-copy\/#primaryimage\"},\"thumbnailUrl\":\"https:\/\/tourtravelandmore.com\/wp-content\/uploads\/2025\/04\/stirling-1237542_1280.jpg\",\"datePublished\":\"2025-04-15T15:34:43+00:00\",\"dateModified\":\"2025-04-15T15:46:14+00:00\",\"description\":\"Profitez de cette Visite priv\u00e9e de Stirling au d\u00e9part d'\u00c9dimbourg enti\u00e8rement personnalis\u00e9e et profitez de leurs monuments et sites les plus importants aux c\u00f4t\u00e9s d'un guide priv\u00e9.\",\"breadcrumb\":{\"@id\":\"https:\/\/tourtravelandmore.com\/fr\/tours\/ecosse-fr\/edinburgh-fr\/visite-privee-des-chateaux-dalnwick-et-de-bamburgh-copy\/#breadcrumb\"},\"inLanguage\":\"fr-FR\",\"potentialAction\":[{\"@type\":\"ReadAction\",\"target\":[\"https:\/\/tourtravelandmore.com\/fr\/tours\/ecosse-fr\/edinburgh-fr\/visite-privee-des-chateaux-dalnwick-et-de-bamburgh-copy\/\"]}]},{\"@type\":\"ImageObject\",\"inLanguage\":\"fr-FR\",\"@id\":\"https:\/\/tourtravelandmore.com\/fr\/tours\/ecosse-fr\/edinburgh-fr\/visite-privee-des-chateaux-dalnwick-et-de-bamburgh-copy\/#primaryimage\",\"url\":\"https:\/\/tourtravelandmore.com\/wp-content\/uploads\/2025\/04\/stirling-1237542_1280.jpg\",\"contentUrl\":\"https:\/\/tourtravelandmore.com\/wp-content\/uploads\/2025\/04\/stirling-1237542_1280.jpg\",\"width\":1280,\"height\":941},{\"@type\":\"BreadcrumbList\",\"@id\":\"https:\/\/tourtravelandmore.com\/fr\/tours\/ecosse-fr\/edinburgh-fr\/visite-privee-des-chateaux-dalnwick-et-de-bamburgh-copy\/#breadcrumb\",\"itemListElement\":[{\"@type\":\"ListItem\",\"position\":1,\"name\":\"Home\",\"item\":\"https:\/\/tourtravelandmore.com\/fr\/\"},{\"@type\":\"ListItem\",\"position\":2,\"name\":\"Tours\",\"item\":\"https:\/\/tourtravelandmore.com\/fr\/tours\/\"},{\"@type\":\"ListItem\",\"position\":3,\"name\":\"Visite priv\u00e9e de Stirling au d\u00e9part d&#8217;\u00c9dimbourg\"}]},{\"@type\":\"WebSite\",\"@id\":\"https:\/\/tourtravelandmore.com\/fr\/#website\",\"url\":\"https:\/\/tourtravelandmore.com\/fr\/\",\"name\":\"Tour Travel And More\",\"description\":\"Private sightseeing tours and luxury transfers in Spain\",\"publisher\":{\"@id\":\"https:\/\/tourtravelandmore.com\/fr\/#organization\"},\"potentialAction\":[{\"@type\":\"SearchAction\",\"target\":{\"@type\":\"EntryPoint\",\"urlTemplate\":\"https:\/\/tourtravelandmore.com\/fr\/?s={search_term_string}\"},\"query-input\":{\"@type\":\"PropertyValueSpecification\",\"valueRequired\":true,\"valueName\":\"search_term_string\"}}],\"inLanguage\":\"fr-FR\"},{\"@type\":\"Organization\",\"@id\":\"https:\/\/tourtravelandmore.com\/fr\/#organization\",\"name\":\"Tour Travel And More\",\"url\":\"https:\/\/tourtravelandmore.com\/fr\/\",\"logo\":{\"@type\":\"ImageObject\",\"inLanguage\":\"fr-FR\",\"@id\":\"https:\/\/tourtravelandmore.com\/fr\/#\/schema\/logo\/image\/\",\"url\":\"https:\/\/tourtravelandmore.com\/wp-content\/uploads\/2022\/12\/cropped-logo-cabecera-new.png\",\"contentUrl\":\"https:\/\/tourtravelandmore.com\/wp-content\/uploads\/2022\/12\/cropped-logo-cabecera-new.png\",\"width\":430,\"height\":61,\"caption\":\"Tour Travel And More\"},\"image\":{\"@id\":\"https:\/\/tourtravelandmore.com\/fr\/#\/schema\/logo\/image\/\"},\"sameAs\":[\"https:\/\/www.facebook.com\/tourtravelandmore\/\",\"https:\/\/x.com\/TourTravel_More\"]}]}<\/script>\n<!-- \/ Yoast SEO Premium plugin. -->","yoast_head_json":{"title":"Visite priv\u00e9e de Stirling au d\u00e9part d'\u00c9dimbourg - TT&M","description":"Profitez de cette Visite priv\u00e9e de Stirling au d\u00e9part d'\u00c9dimbourg enti\u00e8rement personnalis\u00e9e et profitez de leurs monuments et sites les plus importants aux c\u00f4t\u00e9s d'un guide priv\u00e9.","robots":{"index":"index","follow":"follow","max-snippet":"max-snippet:-1","max-image-preview":"max-image-preview:large","max-video-preview":"max-video-preview:-1"},"canonical":"https:\/\/tourtravelandmore.com\/fr\/tours\/ecosse-fr\/edinburgh-fr\/visite-privee-des-chateaux-dalnwick-et-de-bamburgh-copy\/","og_locale":"fr_FR","og_type":"article","og_title":"Visite priv\u00e9e de Stirling au d\u00e9part d'\u00c9dimbourg","og_description":"Profitez de cette Visite priv\u00e9e de Stirling au d\u00e9part d'\u00c9dimbourg enti\u00e8rement personnalis\u00e9e et profitez de leurs monuments et sites les plus importants aux c\u00f4t\u00e9s d'un guide priv\u00e9.","og_url":"https:\/\/tourtravelandmore.com\/fr\/tours\/ecosse-fr\/edinburgh-fr\/visite-privee-des-chateaux-dalnwick-et-de-bamburgh-copy\/","og_site_name":"Tour Travel And More","article_publisher":"https:\/\/www.facebook.com\/tourtravelandmore\/","article_modified_time":"2025-04-15T15:46:14+00:00","og_image":[{"width":1280,"height":941,"url":"https:\/\/tourtravelandmore.com\/wp-content\/uploads\/2025\/04\/stirling-1237542_1280.jpg","type":"image\/jpeg"}],"twitter_card":"summary_large_image","twitter_site":"@TourTravel_More","twitter_misc":{"Dur\u00e9e de lecture estim\u00e9e":"2 minutes"},"schema":{"@context":"https:\/\/schema.org","@graph":[{"@type":"WebPage","@id":"https:\/\/tourtravelandmore.com\/fr\/tours\/ecosse-fr\/edinburgh-fr\/visite-privee-des-chateaux-dalnwick-et-de-bamburgh-copy\/","url":"https:\/\/tourtravelandmore.com\/fr\/tours\/ecosse-fr\/edinburgh-fr\/visite-privee-des-chateaux-dalnwick-et-de-bamburgh-copy\/","name":"Visite priv\u00e9e de Stirling au d\u00e9part d'\u00c9dimbourg - TT&M","isPartOf":{"@id":"https:\/\/tourtravelandmore.com\/fr\/#website"},"primaryImageOfPage":{"@id":"https:\/\/tourtravelandmore.com\/fr\/tours\/ecosse-fr\/edinburgh-fr\/visite-privee-des-chateaux-dalnwick-et-de-bamburgh-copy\/#primaryimage"},"image":{"@id":"https:\/\/tourtravelandmore.com\/fr\/tours\/ecosse-fr\/edinburgh-fr\/visite-privee-des-chateaux-dalnwick-et-de-bamburgh-copy\/#primaryimage"},"thumbnailUrl":"https:\/\/tourtravelandmore.com\/wp-content\/uploads\/2025\/04\/stirling-1237542_1280.jpg","datePublished":"2025-04-15T15:34:43+00:00","dateModified":"2025-04-15T15:46:14+00:00","description":"Profitez de cette Visite priv\u00e9e de Stirling au d\u00e9part d'\u00c9dimbourg enti\u00e8rement personnalis\u00e9e et profitez de leurs monuments et sites les plus importants aux c\u00f4t\u00e9s d'un guide priv\u00e9.","breadcrumb":{"@id":"https:\/\/tourtravelandmore.com\/fr\/tours\/ecosse-fr\/edinburgh-fr\/visite-privee-des-chateaux-dalnwick-et-de-bamburgh-copy\/#breadcrumb"},"inLanguage":"fr-FR","potentialAction":[{"@type":"ReadAction","target":["https:\/\/tourtravelandmore.com\/fr\/tours\/ecosse-fr\/edinburgh-fr\/visite-privee-des-chateaux-dalnwick-et-de-bamburgh-copy\/"]}]},{"@type":"ImageObject","inLanguage":"fr-FR","@id":"https:\/\/tourtravelandmore.com\/fr\/tours\/ecosse-fr\/edinburgh-fr\/visite-privee-des-chateaux-dalnwick-et-de-bamburgh-copy\/#primaryimage","url":"https:\/\/tourtravelandmore.com\/wp-content\/uploads\/2025\/04\/stirling-1237542_1280.jpg","contentUrl":"https:\/\/tourtravelandmore.com\/wp-content\/uploads\/2025\/04\/stirling-1237542_1280.jpg","width":1280,"height":941},{"@type":"BreadcrumbList","@id":"https:\/\/tourtravelandmore.com\/fr\/tours\/ecosse-fr\/edinburgh-fr\/visite-privee-des-chateaux-dalnwick-et-de-bamburgh-copy\/#breadcrumb","itemListElement":[{"@type":"ListItem","position":1,"name":"Home","item":"https:\/\/tourtravelandmore.com\/fr\/"},{"@type":"ListItem","position":2,"name":"Tours","item":"https:\/\/tourtravelandmore.com\/fr\/tours\/"},{"@type":"ListItem","position":3,"name":"Visite priv\u00e9e de Stirling au d\u00e9part d&#8217;\u00c9dimbourg"}]},{"@type":"WebSite","@id":"https:\/\/tourtravelandmore.com\/fr\/#website","url":"https:\/\/tourtravelandmore.com\/fr\/","name":"Tour Travel And More","description":"Private sightseeing tours and luxury transfers in Spain","publisher":{"@id":"https:\/\/tourtravelandmore.com\/fr\/#organization"},"potentialAction":[{"@type":"SearchAction","target":{"@type":"EntryPoint","urlTemplate":"https:\/\/tourtravelandmore.com\/fr\/?s={search_term_string}"},"query-input":{"@type":"PropertyValueSpecification","valueRequired":true,"valueName":"search_term_string"}}],"inLanguage":"fr-FR"},{"@type":"Organization","@id":"https:\/\/tourtravelandmore.com\/fr\/#organization","name":"Tour Travel And More","url":"https:\/\/tourtravelandmore.com\/fr\/","logo":{"@type":"ImageObject","inLanguage":"fr-FR","@id":"https:\/\/tourtravelandmore.com\/fr\/#\/schema\/logo\/image\/","url":"https:\/\/tourtravelandmore.com\/wp-content\/uploads\/2022\/12\/cropped-logo-cabecera-new.png","contentUrl":"https:\/\/tourtravelandmore.com\/wp-content\/uploads\/2022\/12\/cropped-logo-cabecera-new.png","width":430,"height":61,"caption":"Tour Travel And More"},"image":{"@id":"https:\/\/tourtravelandmore.com\/fr\/#\/schema\/logo\/image\/"},"sameAs":["https:\/\/www.facebook.com\/tourtravelandmore\/","https:\/\/x.com\/TourTravel_More"]}]}},"_links":{"self":[{"href":"https:\/\/tourtravelandmore.com\/fr\/wp-json\/wp\/v2\/product\/182534","targetHints":{"allow":["GET"]}}],"collection":[{"href":"https:\/\/tourtravelandmore.com\/fr\/wp-json\/wp\/v2\/product"}],"about":[{"href":"https:\/\/tourtravelandmore.com\/fr\/wp-json\/wp\/v2\/types\/product"}],"replies":[{"embeddable":true,"href":"https:\/\/tourtravelandmore.com\/fr\/wp-json\/wp\/v2\/comments?post=182534"}],"wp:featuredmedia":[{"embeddable":true,"href":"https:\/\/tourtravelandmore.com\/fr\/wp-json\/wp\/v2\/media\/182553"}],"wp:attachment":[{"href":"https:\/\/tourtravelandmore.com\/fr\/wp-json\/wp\/v2\/media?parent=182534"}],"wp:term":[{"taxonomy":"product_brand","embeddable":true,"href":"https:\/\/tourtravelandmore.com\/fr\/wp-json\/wp\/v2\/product_brand?post=182534"},{"taxonomy":"product_cat","embeddable":true,"href":"https:\/\/tourtravelandmore.com\/fr\/wp-json\/wp\/v2\/product_cat?post=182534"},{"taxonomy":"product_tag","embeddable":true,"href":"https:\/\/tourtravelandmore.com\/fr\/wp-json\/wp\/v2\/product_tag?post=182534"}],"curies":[{"name":"wp","href":"https:\/\/api.w.org\/{rel}","templated":true}]}}