{"id":182507,"date":"2025-04-15T16:44:20","date_gmt":"2025-04-15T14:44:24","guid":{"rendered":"https:\/\/tourtravelandmore.com\/?post_type=product&#038;p=182507"},"modified":"2025-04-21T18:22:48","modified_gmt":"2025-04-21T16:22:48","slug":"visite-privee-des-chateaux-de-glamis-dunnottar-et-aberdour-copy","status":"publish","type":"product","link":"https:\/\/tourtravelandmore.com\/fr\/tours\/ecosse-fr\/edinburgh-fr\/visite-privee-des-chateaux-de-glamis-dunnottar-et-aberdour-copy\/","title":{"rendered":"Visite priv\u00e9e des ch\u00e2teaux d&#8217;Alnwick et de Bamburgh"},"content":{"rendered":"<h2><b><strong>Visite priv\u00e9e des ch\u00e2teaux d&#8217;Alnwick et de Bamburgh Description<\/strong><\/b><\/h2>\n<p>Plongez au c\u0153ur du pass\u00e9 m\u00e9di\u00e9val de l&#8217;Angleterre avec cette visite priv\u00e9e exclusive de deux des ch\u00e2teaux les plus embl\u00e9matiques du pays : le <b>ch\u00e2teau d&#8217;Alnwick<\/b> et le <b>ch\u00e2teau de Bamburgh<\/b>. Parfait pour les amateurs d&#8217;histoire, les passionn\u00e9s de cin\u00e9ma et tous ceux qui souhaitent d\u00e9couvrir le charme du Northumberland, ce voyage de 10 heures offre un m\u00e9lange harmonieux de paysages \u00e0 couper le souffle, d&#8217;un patrimoine fascinant et de confort personnel.<\/p>\n<p>Votre <b>chauffeur\/guide<\/b> priv\u00e9 anglophone viendra vous chercher \u00e0 l&#8217;endroit de votre choix dans un v\u00e9hicule de luxe. Profitez d&#8217;un trajet confortable \u00e0 travers la magnifique campagne du Northumberland pendant que votre guide vous raconte des histoires captivantes et vous donne un aper\u00e7u de l&#8217;histoire en cours de route.<\/p>\n<p>Ce circuit est le m\u00e9lange parfait d&#8217;histoire, de culture et de tradition &#8211; id\u00e9al pour les voyageurs \u00e0 la recherche d&#8217;une exp\u00e9rience \u00e9cossaise plus profonde et plus authentique.<\/p>\n<h2>Visite priv\u00e9e des ch\u00e2teaux d&#8217;Alnwick et de Bamburgh | Points d&#8217;int\u00e9r\u00eat et monuments<\/h2>\n<p>Commencez votre journ\u00e9e au <b>ch\u00e2teau de Bamburgh<\/b>, perch\u00e9 sur un plateau rocheux surplombant la mer du Nord. Avec vos <b>billets d&#8217;entr\u00e9e inclus<\/b>, explorez des si\u00e8cles d&#8217;histoire, des rois anglo-saxons \u00e0 la restauration victorienne. Ensuite, continuez vers le charmant <b>ch\u00e2teau d&#8217;Alnwick<\/b>, c\u00e9l\u00e8bre pour avoir servi de lieu de tournage \u00e0 <i>Harry Potter<\/i> et <i>Downton Abbey<\/i>. D\u00e9couvrez ses impressionnantes salles d&#8217;apparat, ses vastes terrains et son architecture majestueuse, le tout inclus avec votre <b>billet d&#8217;entr\u00e9e<\/b>.<\/p>\n<ul>\n<li><b>Visite priv\u00e9e de 10 heures<\/b> avec un chauffeur\/guide anglophone expert<\/li>\n<li><b>Visite de deux des ch\u00e2teaux les plus spectaculaires d&#8217;Angleterre<\/b> en une journ\u00e9e<\/li>\n<li><b>Billets d&#8217;entr\u00e9e inclus<\/b> pour les ch\u00e2teaux de Bamburgh et d&#8217;Alnwick<\/li>\n<li>D\u00e9couvrez la <b>riche histoire, les l\u00e9gendes et la renomm\u00e9e cin\u00e9matographique<\/b> de chaque lieu<\/li>\n<li>Profitez d&#8217;une <b>balade panoramique \u00e0 travers le Northumberland<\/b> dans un v\u00e9hicule priv\u00e9 confortable<\/li>\n<li>Itin\u00e9raire flexible adapt\u00e9 \u00e0 votre rythme et \u00e0 vos pr\u00e9f\u00e9rences<\/li>\n<li>Prise en charge et retour \u00e0 votre h\u00f4tel ou \u00e0 l&#8217;endroit de votre choix<\/li>\n<\/ul>\n<p>Avec votre chauffeur-guide expert \u00e0 vos c\u00f4t\u00e9s, profitez de la libert\u00e9 d&#8217;explorer \u00e0 votre rythme, de vous arr\u00eater pour prendre des photos et de savourer la cuisine locale pendant votre temps libre. \u00c0 la fin de la journ\u00e9e, retournez confortablement \u00e0 votre point de d\u00e9part avec des souvenirs inoubliables.<\/p>\n<p>Ce circuit est parfait pour les couples, les familles et les petits groupes \u00e0 la recherche d&#8217;une exp\u00e9rience personnalis\u00e9e et enrichissante dans le nord de l&#8217;Angleterre.<\/p>\n<p><a href=\"https:\/\/tourtravelandmore.com\/fr\/city\/ecosse-fr\/edinburgh-en\/\">Jetez un \u0153il \u00e0 toutes nos visites priv\u00e9es \u00e0 \u00c9dimbourg, ne les manquez pas !<\/a><\/p>\n","protected":false},"excerpt":{"rendered":"<p>Plongez au c\u0153ur du pass\u00e9 m\u00e9di\u00e9val de l&#8217;Angleterre avec cette visite priv\u00e9e exclusive de deux des ch\u00e2teaux les plus embl\u00e9matiques du pays : le <b>ch\u00e2teau d&#8217;Alnwick<\/b> et le <b>ch\u00e2teau de Bamburgh<\/b>. Parfait pour les amateurs d&#8217;histoire, les passionn\u00e9s de cin\u00e9ma et tous ceux qui souhaitent d\u00e9couvrir le charme du Northumberland, ce voyage de 10 heures offre un m\u00e9lange harmonieux de paysages \u00e0 couper le souffle, d&#8217;un patrimoine fascinant et de confort personnel.<\/p>\n","protected":false},"featured_media":182518,"comment_status":"open","ping_status":"closed","template":"","meta":{"_acf_changed":false},"product_brand":[],"product_cat":[5504,5505,3741,3826,3545],"product_tag":[],"class_list":{"0":"post-182507","1":"product","2":"type-product","3":"status-publish","4":"has-post-thumbnail","6":"product_cat-all-private-tours-activities-fr-37","7":"product_cat-private-sightseeing-tours-fr-45","8":"product_cat-ecosse-fr","9":"product_cat-edinburgh-fr","10":"product_cat-royaume-uni-fr","12":"first","13":"instock","14":"shipping-taxable","15":"purchasable","16":"product-type-simple"},"acf":[],"yoast_head":"<!-- This site is optimized with the Yoast SEO Premium plugin v25.3.1 (Yoast SEO v25.3.1) - https:\/\/yoast.com\/wordpress\/plugins\/seo\/ -->\n<title>Visite priv\u00e9e des ch\u00e2teaux d&#039;Alnwick et de Bamburgh<\/title>\n<meta name=\"description\" content=\"Profitez de cette Visite priv\u00e9e des ch\u00e2teaux d&#039;Alnwick et de Bamburgh enti\u00e8rement personnalis\u00e9e et profitez de leurs monuments et sites les plus importants aux c\u00f4t\u00e9s d&#039;un guide priv\u00e9.\" \/>\n<meta name=\"robots\" content=\"index, follow, max-snippet:-1, max-image-preview:large, max-video-preview:-1\" \/>\n<link rel=\"canonical\" href=\"https:\/\/tourtravelandmore.com\/fr\/tours\/ecosse-fr\/edinburgh-fr\/visite-privee-des-chateaux-de-glamis-dunnottar-et-aberdour-copy\/\" \/>\n<meta property=\"og:locale\" content=\"fr_FR\" \/>\n<meta property=\"og:type\" content=\"article\" \/>\n<meta property=\"og:title\" content=\"Visite priv\u00e9e des ch\u00e2teaux d&#039;Alnwick et de Bamburgh\" \/>\n<meta property=\"og:description\" content=\"Profitez de cette Visite priv\u00e9e des ch\u00e2teaux d&#039;Alnwick et de Bamburgh enti\u00e8rement personnalis\u00e9e et profitez de leurs monuments et sites les plus importants aux c\u00f4t\u00e9s d&#039;un guide priv\u00e9.\" \/>\n<meta property=\"og:url\" content=\"https:\/\/tourtravelandmore.com\/fr\/tours\/ecosse-fr\/edinburgh-fr\/visite-privee-des-chateaux-de-glamis-dunnottar-et-aberdour-copy\/\" \/>\n<meta property=\"og:site_name\" content=\"Tour Travel And More\" \/>\n<meta property=\"article:publisher\" content=\"https:\/\/www.facebook.com\/tourtravelandmore\/\" \/>\n<meta property=\"article:modified_time\" content=\"2025-04-21T16:22:48+00:00\" \/>\n<meta property=\"og:image\" content=\"https:\/\/tourtravelandmore.com\/wp-content\/uploads\/2025\/04\/bamburgh-7482841_1280.jpg\" \/>\n\t<meta property=\"og:image:width\" content=\"1280\" \/>\n\t<meta property=\"og:image:height\" content=\"853\" \/>\n\t<meta property=\"og:image:type\" content=\"image\/jpeg\" \/>\n<meta name=\"twitter:card\" content=\"summary_large_image\" \/>\n<meta name=\"twitter:site\" content=\"@TourTravel_More\" \/>\n<meta name=\"twitter:label1\" content=\"Dur\u00e9e de lecture estim\u00e9e\" \/>\n\t<meta name=\"twitter:data1\" content=\"2 minutes\" \/>\n<script type=\"application\/ld+json\" class=\"yoast-schema-graph\">{\"@context\":\"https:\/\/schema.org\",\"@graph\":[{\"@type\":\"WebPage\",\"@id\":\"https:\/\/tourtravelandmore.com\/fr\/tours\/ecosse-fr\/edinburgh-fr\/visite-privee-des-chateaux-de-glamis-dunnottar-et-aberdour-copy\/\",\"url\":\"https:\/\/tourtravelandmore.com\/fr\/tours\/ecosse-fr\/edinburgh-fr\/visite-privee-des-chateaux-de-glamis-dunnottar-et-aberdour-copy\/\",\"name\":\"Visite priv\u00e9e des ch\u00e2teaux d'Alnwick et de Bamburgh\",\"isPartOf\":{\"@id\":\"https:\/\/tourtravelandmore.com\/fr\/#website\"},\"primaryImageOfPage\":{\"@id\":\"https:\/\/tourtravelandmore.com\/fr\/tours\/ecosse-fr\/edinburgh-fr\/visite-privee-des-chateaux-de-glamis-dunnottar-et-aberdour-copy\/#primaryimage\"},\"image\":{\"@id\":\"https:\/\/tourtravelandmore.com\/fr\/tours\/ecosse-fr\/edinburgh-fr\/visite-privee-des-chateaux-de-glamis-dunnottar-et-aberdour-copy\/#primaryimage\"},\"thumbnailUrl\":\"https:\/\/tourtravelandmore.com\/wp-content\/uploads\/2025\/04\/bamburgh-7482841_1280.jpg\",\"datePublished\":\"2025-04-15T14:44:24+00:00\",\"dateModified\":\"2025-04-21T16:22:48+00:00\",\"description\":\"Profitez de cette Visite priv\u00e9e des ch\u00e2teaux d'Alnwick et de Bamburgh enti\u00e8rement personnalis\u00e9e et profitez de leurs monuments et sites les plus importants aux c\u00f4t\u00e9s d'un guide priv\u00e9.\",\"breadcrumb\":{\"@id\":\"https:\/\/tourtravelandmore.com\/fr\/tours\/ecosse-fr\/edinburgh-fr\/visite-privee-des-chateaux-de-glamis-dunnottar-et-aberdour-copy\/#breadcrumb\"},\"inLanguage\":\"fr-FR\",\"potentialAction\":[{\"@type\":\"ReadAction\",\"target\":[\"https:\/\/tourtravelandmore.com\/fr\/tours\/ecosse-fr\/edinburgh-fr\/visite-privee-des-chateaux-de-glamis-dunnottar-et-aberdour-copy\/\"]}]},{\"@type\":\"ImageObject\",\"inLanguage\":\"fr-FR\",\"@id\":\"https:\/\/tourtravelandmore.com\/fr\/tours\/ecosse-fr\/edinburgh-fr\/visite-privee-des-chateaux-de-glamis-dunnottar-et-aberdour-copy\/#primaryimage\",\"url\":\"https:\/\/tourtravelandmore.com\/wp-content\/uploads\/2025\/04\/bamburgh-7482841_1280.jpg\",\"contentUrl\":\"https:\/\/tourtravelandmore.com\/wp-content\/uploads\/2025\/04\/bamburgh-7482841_1280.jpg\",\"width\":1280,\"height\":853},{\"@type\":\"BreadcrumbList\",\"@id\":\"https:\/\/tourtravelandmore.com\/fr\/tours\/ecosse-fr\/edinburgh-fr\/visite-privee-des-chateaux-de-glamis-dunnottar-et-aberdour-copy\/#breadcrumb\",\"itemListElement\":[{\"@type\":\"ListItem\",\"position\":1,\"name\":\"Home\",\"item\":\"https:\/\/tourtravelandmore.com\/fr\/\"},{\"@type\":\"ListItem\",\"position\":2,\"name\":\"Tours\",\"item\":\"https:\/\/tourtravelandmore.com\/fr\/tours\/\"},{\"@type\":\"ListItem\",\"position\":3,\"name\":\"Visite priv\u00e9e des ch\u00e2teaux d&#8217;Alnwick et de Bamburgh\"}]},{\"@type\":\"WebSite\",\"@id\":\"https:\/\/tourtravelandmore.com\/fr\/#website\",\"url\":\"https:\/\/tourtravelandmore.com\/fr\/\",\"name\":\"Tour Travel And More\",\"description\":\"Private sightseeing tours and luxury transfers in Spain\",\"publisher\":{\"@id\":\"https:\/\/tourtravelandmore.com\/fr\/#organization\"},\"potentialAction\":[{\"@type\":\"SearchAction\",\"target\":{\"@type\":\"EntryPoint\",\"urlTemplate\":\"https:\/\/tourtravelandmore.com\/fr\/?s={search_term_string}\"},\"query-input\":{\"@type\":\"PropertyValueSpecification\",\"valueRequired\":true,\"valueName\":\"search_term_string\"}}],\"inLanguage\":\"fr-FR\"},{\"@type\":\"Organization\",\"@id\":\"https:\/\/tourtravelandmore.com\/fr\/#organization\",\"name\":\"Tour Travel And More\",\"url\":\"https:\/\/tourtravelandmore.com\/fr\/\",\"logo\":{\"@type\":\"ImageObject\",\"inLanguage\":\"fr-FR\",\"@id\":\"https:\/\/tourtravelandmore.com\/fr\/#\/schema\/logo\/image\/\",\"url\":\"https:\/\/tourtravelandmore.com\/wp-content\/uploads\/2022\/12\/cropped-logo-cabecera-new.png\",\"contentUrl\":\"https:\/\/tourtravelandmore.com\/wp-content\/uploads\/2022\/12\/cropped-logo-cabecera-new.png\",\"width\":430,\"height\":61,\"caption\":\"Tour Travel And More\"},\"image\":{\"@id\":\"https:\/\/tourtravelandmore.com\/fr\/#\/schema\/logo\/image\/\"},\"sameAs\":[\"https:\/\/www.facebook.com\/tourtravelandmore\/\",\"https:\/\/x.com\/TourTravel_More\"]}]}<\/script>\n<!-- \/ Yoast SEO Premium plugin. -->","yoast_head_json":{"title":"Visite priv\u00e9e des ch\u00e2teaux d'Alnwick et de Bamburgh","description":"Profitez de cette Visite priv\u00e9e des ch\u00e2teaux d'Alnwick et de Bamburgh enti\u00e8rement personnalis\u00e9e et profitez de leurs monuments et sites les plus importants aux c\u00f4t\u00e9s d'un guide priv\u00e9.","robots":{"index":"index","follow":"follow","max-snippet":"max-snippet:-1","max-image-preview":"max-image-preview:large","max-video-preview":"max-video-preview:-1"},"canonical":"https:\/\/tourtravelandmore.com\/fr\/tours\/ecosse-fr\/edinburgh-fr\/visite-privee-des-chateaux-de-glamis-dunnottar-et-aberdour-copy\/","og_locale":"fr_FR","og_type":"article","og_title":"Visite priv\u00e9e des ch\u00e2teaux d'Alnwick et de Bamburgh","og_description":"Profitez de cette Visite priv\u00e9e des ch\u00e2teaux d'Alnwick et de Bamburgh enti\u00e8rement personnalis\u00e9e et profitez de leurs monuments et sites les plus importants aux c\u00f4t\u00e9s d'un guide priv\u00e9.","og_url":"https:\/\/tourtravelandmore.com\/fr\/tours\/ecosse-fr\/edinburgh-fr\/visite-privee-des-chateaux-de-glamis-dunnottar-et-aberdour-copy\/","og_site_name":"Tour Travel And More","article_publisher":"https:\/\/www.facebook.com\/tourtravelandmore\/","article_modified_time":"2025-04-21T16:22:48+00:00","og_image":[{"width":1280,"height":853,"url":"https:\/\/tourtravelandmore.com\/wp-content\/uploads\/2025\/04\/bamburgh-7482841_1280.jpg","type":"image\/jpeg"}],"twitter_card":"summary_large_image","twitter_site":"@TourTravel_More","twitter_misc":{"Dur\u00e9e de lecture estim\u00e9e":"2 minutes"},"schema":{"@context":"https:\/\/schema.org","@graph":[{"@type":"WebPage","@id":"https:\/\/tourtravelandmore.com\/fr\/tours\/ecosse-fr\/edinburgh-fr\/visite-privee-des-chateaux-de-glamis-dunnottar-et-aberdour-copy\/","url":"https:\/\/tourtravelandmore.com\/fr\/tours\/ecosse-fr\/edinburgh-fr\/visite-privee-des-chateaux-de-glamis-dunnottar-et-aberdour-copy\/","name":"Visite priv\u00e9e des ch\u00e2teaux d'Alnwick et de Bamburgh","isPartOf":{"@id":"https:\/\/tourtravelandmore.com\/fr\/#website"},"primaryImageOfPage":{"@id":"https:\/\/tourtravelandmore.com\/fr\/tours\/ecosse-fr\/edinburgh-fr\/visite-privee-des-chateaux-de-glamis-dunnottar-et-aberdour-copy\/#primaryimage"},"image":{"@id":"https:\/\/tourtravelandmore.com\/fr\/tours\/ecosse-fr\/edinburgh-fr\/visite-privee-des-chateaux-de-glamis-dunnottar-et-aberdour-copy\/#primaryimage"},"thumbnailUrl":"https:\/\/tourtravelandmore.com\/wp-content\/uploads\/2025\/04\/bamburgh-7482841_1280.jpg","datePublished":"2025-04-15T14:44:24+00:00","dateModified":"2025-04-21T16:22:48+00:00","description":"Profitez de cette Visite priv\u00e9e des ch\u00e2teaux d'Alnwick et de Bamburgh enti\u00e8rement personnalis\u00e9e et profitez de leurs monuments et sites les plus importants aux c\u00f4t\u00e9s d'un guide priv\u00e9.","breadcrumb":{"@id":"https:\/\/tourtravelandmore.com\/fr\/tours\/ecosse-fr\/edinburgh-fr\/visite-privee-des-chateaux-de-glamis-dunnottar-et-aberdour-copy\/#breadcrumb"},"inLanguage":"fr-FR","potentialAction":[{"@type":"ReadAction","target":["https:\/\/tourtravelandmore.com\/fr\/tours\/ecosse-fr\/edinburgh-fr\/visite-privee-des-chateaux-de-glamis-dunnottar-et-aberdour-copy\/"]}]},{"@type":"ImageObject","inLanguage":"fr-FR","@id":"https:\/\/tourtravelandmore.com\/fr\/tours\/ecosse-fr\/edinburgh-fr\/visite-privee-des-chateaux-de-glamis-dunnottar-et-aberdour-copy\/#primaryimage","url":"https:\/\/tourtravelandmore.com\/wp-content\/uploads\/2025\/04\/bamburgh-7482841_1280.jpg","contentUrl":"https:\/\/tourtravelandmore.com\/wp-content\/uploads\/2025\/04\/bamburgh-7482841_1280.jpg","width":1280,"height":853},{"@type":"BreadcrumbList","@id":"https:\/\/tourtravelandmore.com\/fr\/tours\/ecosse-fr\/edinburgh-fr\/visite-privee-des-chateaux-de-glamis-dunnottar-et-aberdour-copy\/#breadcrumb","itemListElement":[{"@type":"ListItem","position":1,"name":"Home","item":"https:\/\/tourtravelandmore.com\/fr\/"},{"@type":"ListItem","position":2,"name":"Tours","item":"https:\/\/tourtravelandmore.com\/fr\/tours\/"},{"@type":"ListItem","position":3,"name":"Visite priv\u00e9e des ch\u00e2teaux d&#8217;Alnwick et de Bamburgh"}]},{"@type":"WebSite","@id":"https:\/\/tourtravelandmore.com\/fr\/#website","url":"https:\/\/tourtravelandmore.com\/fr\/","name":"Tour Travel And More","description":"Private sightseeing tours and luxury transfers in Spain","publisher":{"@id":"https:\/\/tourtravelandmore.com\/fr\/#organization"},"potentialAction":[{"@type":"SearchAction","target":{"@type":"EntryPoint","urlTemplate":"https:\/\/tourtravelandmore.com\/fr\/?s={search_term_string}"},"query-input":{"@type":"PropertyValueSpecification","valueRequired":true,"valueName":"search_term_string"}}],"inLanguage":"fr-FR"},{"@type":"Organization","@id":"https:\/\/tourtravelandmore.com\/fr\/#organization","name":"Tour Travel And More","url":"https:\/\/tourtravelandmore.com\/fr\/","logo":{"@type":"ImageObject","inLanguage":"fr-FR","@id":"https:\/\/tourtravelandmore.com\/fr\/#\/schema\/logo\/image\/","url":"https:\/\/tourtravelandmore.com\/wp-content\/uploads\/2022\/12\/cropped-logo-cabecera-new.png","contentUrl":"https:\/\/tourtravelandmore.com\/wp-content\/uploads\/2022\/12\/cropped-logo-cabecera-new.png","width":430,"height":61,"caption":"Tour Travel And More"},"image":{"@id":"https:\/\/tourtravelandmore.com\/fr\/#\/schema\/logo\/image\/"},"sameAs":["https:\/\/www.facebook.com\/tourtravelandmore\/","https:\/\/x.com\/TourTravel_More"]}]}},"_links":{"self":[{"href":"https:\/\/tourtravelandmore.com\/fr\/wp-json\/wp\/v2\/product\/182507","targetHints":{"allow":["GET"]}}],"collection":[{"href":"https:\/\/tourtravelandmore.com\/fr\/wp-json\/wp\/v2\/product"}],"about":[{"href":"https:\/\/tourtravelandmore.com\/fr\/wp-json\/wp\/v2\/types\/product"}],"replies":[{"embeddable":true,"href":"https:\/\/tourtravelandmore.com\/fr\/wp-json\/wp\/v2\/comments?post=182507"}],"wp:featuredmedia":[{"embeddable":true,"href":"https:\/\/tourtravelandmore.com\/fr\/wp-json\/wp\/v2\/media\/182518"}],"wp:attachment":[{"href":"https:\/\/tourtravelandmore.com\/fr\/wp-json\/wp\/v2\/media?parent=182507"}],"wp:term":[{"taxonomy":"product_brand","embeddable":true,"href":"https:\/\/tourtravelandmore.com\/fr\/wp-json\/wp\/v2\/product_brand?post=182507"},{"taxonomy":"product_cat","embeddable":true,"href":"https:\/\/tourtravelandmore.com\/fr\/wp-json\/wp\/v2\/product_cat?post=182507"},{"taxonomy":"product_tag","embeddable":true,"href":"https:\/\/tourtravelandmore.com\/fr\/wp-json\/wp\/v2\/product_tag?post=182507"}],"curies":[{"name":"wp","href":"https:\/\/api.w.org\/{rel}","templated":true}]}}