{"id":182478,"date":"2025-04-15T15:48:59","date_gmt":"2025-04-15T13:49:09","guid":{"rendered":"https:\/\/tourtravelandmore.com\/?post_type=product&#038;p=182478"},"modified":"2025-04-21T19:04:38","modified_gmt":"2025-04-21T17:04:38","slug":"visite-privee-de-st-andrews-des-iles-falkland-des-falaises-et-du-chateau-de-dunnottar-copy-2","status":"publish","type":"product","link":"https:\/\/tourtravelandmore.com\/fr\/tours\/ecosse-fr\/edinburgh-fr\/visite-privee-de-st-andrews-des-iles-falkland-des-falaises-et-du-chateau-de-dunnottar-copy-2\/","title":{"rendered":"Visite priv\u00e9e des ch\u00e2teaux de Glamis, Dunnottar et Aberdour"},"content":{"rendered":"<h2><b><strong>Visite priv\u00e9e des ch\u00e2teaux de Glamis, Dunnottar et Aberdour Description<\/strong><\/b><\/h2>\n<p>D\u00e9couvrez la riche histoire et la beaut\u00e9 \u00e9poustouflante de trois des ch\u00e2teaux les plus embl\u00e9matiques d&#8217;\u00c9cosse gr\u00e2ce \u00e0 cette visite priv\u00e9e exclusive de 10 heures. Accompagn\u00e9 d&#8217;un chauffeur\/guide anglophone, vous voyagerez confortablement \u00e0 travers la campagne \u00e9cossaise en visitant le <b>ch\u00e2teau de Glamis<\/b>, le <b>ch\u00e2teau de Dunnottar<\/b> et le <b>ch\u00e2teau d&#8217;Aberdour<\/b>, chacun offrant un aper\u00e7u unique du pass\u00e9 historique de la nation.<\/p>\n<p>Cette visite est le m\u00e9lange parfait d&#8217;histoire, de culture et de tradition &#8211; id\u00e9ale pour les voyageurs \u00e0 la recherche d&#8217;une exp\u00e9rience \u00e9cossaise plus profonde et plus authentique.<\/p>\n<h2>Visite priv\u00e9e des ch\u00e2teaux de Glamis, Dunnottar et Aberdour | Points d&#8217;int\u00e9r\u00eat et sites touristiques<\/h2>\n<p>Commencez votre journ\u00e9e par la visite du <b>ch\u00e2teau de Glamis<\/b>, la maison d&#8217;enfance l\u00e9gendaire de la Reine M\u00e8re et le d\u00e9cor du Macbeth de Shakespeare. De l\u00e0, longez la c\u00f4te spectaculaire jusqu&#8217;au <b>ch\u00e2teau de Dunnottar<\/b>, une forteresse m\u00e9di\u00e9vale perch\u00e9e sur une falaise avec une vue panoramique sur la mer et une histoire captivante de si\u00e8ge et de r\u00e9bellion. Enfin, terminez votre voyage au <b>ch\u00e2teau d&#8217;Aberdour<\/b>, l&#8217;un des plus anciens ch\u00e2teaux d&#8217;\u00c9cosse, o\u00f9 vous attendent des ruines anciennes et des jardins paisibles.<\/p>\n<ul>\n<li><b>Visitez trois ch\u00e2teaux historiques \u00e9cossais<\/b> : Glamis, Dunnottar et Aberdour<\/li>\n<li><b>Chauffeur\/guide priv\u00e9 anglophone<\/b> tout au long de la visite<\/li>\n<li><b>Billets d&#8217;entr\u00e9e inclus<\/b> pour les trois ch\u00e2teaux<\/li>\n<li><b>V\u00e9hicule priv\u00e9 de luxe<\/b> pour un maximum de confort et de commodit\u00e9<\/li>\n<li><b>Arr\u00eats photo parfaits<\/b> et r\u00e9cits \u00e0 chaque endroit<\/li>\n<li><b>Exp\u00e9rience priv\u00e9e de 10 heures<\/b>, adapt\u00e9e \u00e0 votre rythme et \u00e0 vos int\u00e9r\u00eats<\/li>\n<li><b>Profitez des routes panoramiques<\/b> \u00e0 travers les Highlands et le littoral \u00e9cossais<\/li>\n<\/ul>\n<p>Avec tous les frais d&#8217;entr\u00e9e inclus et un transport priv\u00e9 tout au long de la journ\u00e9e, c&#8217;est le moyen id\u00e9al pour explorer le noble patrimoine de l&#8217;\u00c9cosse \u00e0 votre rythme.<\/p>\n<p><a href=\"https:\/\/tourtravelandmore.com\/fr\/city\/ecosse-fr\/edinburgh-en\/\">Jetez un \u0153il \u00e0 toutes nos visites priv\u00e9es \u00e0 \u00c9dimbourg, ne les manquez pas !<\/a><\/p>\n","protected":false},"excerpt":{"rendered":"<p>D\u00e9couvrez la riche histoire et la beaut\u00e9 \u00e9poustouflante de trois des ch\u00e2teaux les plus embl\u00e9matiques d&#8217;\u00c9cosse gr\u00e2ce \u00e0 cette visite priv\u00e9e exclusive de 10 heures. Accompagn\u00e9 d&#8217;un chauffeur\/guide anglophone, vous voyagerez confortablement \u00e0 travers la campagne \u00e9cossaise en visitant le <b>ch\u00e2teau de Glamis<\/b>, le <b>ch\u00e2teau de Dunnottar<\/b> et le <b>ch\u00e2teau d&#8217;Aberdour<\/b>, chacun offrant un aper\u00e7u unique du pass\u00e9 historique de la nation.<\/p>\n","protected":false},"featured_media":182488,"comment_status":"open","ping_status":"closed","template":"","meta":{"_acf_changed":false},"product_brand":[],"product_cat":[5504,5505,3741,3826,3545],"product_tag":[],"class_list":{"0":"post-182478","1":"product","2":"type-product","3":"status-publish","4":"has-post-thumbnail","6":"product_cat-all-private-tours-activities-fr-37","7":"product_cat-private-sightseeing-tours-fr-45","8":"product_cat-ecosse-fr","9":"product_cat-edinburgh-fr","10":"product_cat-royaume-uni-fr","12":"first","13":"instock","14":"shipping-taxable","15":"purchasable","16":"product-type-simple"},"acf":[],"yoast_head":"<!-- This site is optimized with the Yoast SEO Premium plugin v25.3.1 (Yoast SEO v25.3.1) - https:\/\/yoast.com\/wordpress\/plugins\/seo\/ -->\n<title>Visite priv\u00e9e des ch\u00e2teaux de Glamis, Dunnottar et Aberdour<\/title>\n<meta name=\"description\" content=\"Profitez de cette Visite priv\u00e9e des ch\u00e2teaux de Glamis, Dunnottar et Aberdour enti\u00e8rement personnalis\u00e9e et profitez de leurs monuments et sites les plus importants aux c\u00f4t\u00e9s d&#039;un guide priv\u00e9.\" \/>\n<meta name=\"robots\" content=\"index, follow, max-snippet:-1, max-image-preview:large, max-video-preview:-1\" \/>\n<link rel=\"canonical\" href=\"https:\/\/tourtravelandmore.com\/fr\/tours\/ecosse-fr\/edinburgh-fr\/visite-privee-de-st-andrews-des-iles-falkland-des-falaises-et-du-chateau-de-dunnottar-copy-2\/\" \/>\n<meta property=\"og:locale\" content=\"fr_FR\" \/>\n<meta property=\"og:type\" content=\"article\" \/>\n<meta property=\"og:title\" content=\"Visite priv\u00e9e des ch\u00e2teaux de Glamis, Dunnottar et Aberdour\" \/>\n<meta property=\"og:description\" content=\"Profitez de cette Visite priv\u00e9e des ch\u00e2teaux de Glamis, Dunnottar et Aberdour enti\u00e8rement personnalis\u00e9e et profitez de leurs monuments et sites les plus importants aux c\u00f4t\u00e9s d&#039;un guide priv\u00e9.\" \/>\n<meta property=\"og:url\" content=\"https:\/\/tourtravelandmore.com\/fr\/tours\/ecosse-fr\/edinburgh-fr\/visite-privee-de-st-andrews-des-iles-falkland-des-falaises-et-du-chateau-de-dunnottar-copy-2\/\" \/>\n<meta property=\"og:site_name\" content=\"Tour Travel And More\" \/>\n<meta property=\"article:publisher\" content=\"https:\/\/www.facebook.com\/tourtravelandmore\/\" \/>\n<meta property=\"article:modified_time\" content=\"2025-04-21T17:04:38+00:00\" \/>\n<meta property=\"og:image\" content=\"https:\/\/tourtravelandmore.com\/wp-content\/uploads\/2025\/04\/aberdour-4991964_1280.jpg\" \/>\n\t<meta property=\"og:image:width\" content=\"1280\" \/>\n\t<meta property=\"og:image:height\" content=\"853\" \/>\n\t<meta property=\"og:image:type\" content=\"image\/jpeg\" \/>\n<meta name=\"twitter:card\" content=\"summary_large_image\" \/>\n<meta name=\"twitter:site\" content=\"@TourTravel_More\" \/>\n<meta name=\"twitter:label1\" content=\"Dur\u00e9e de lecture estim\u00e9e\" \/>\n\t<meta name=\"twitter:data1\" content=\"2 minutes\" \/>\n<script type=\"application\/ld+json\" class=\"yoast-schema-graph\">{\"@context\":\"https:\/\/schema.org\",\"@graph\":[{\"@type\":\"WebPage\",\"@id\":\"https:\/\/tourtravelandmore.com\/fr\/tours\/ecosse-fr\/edinburgh-fr\/visite-privee-de-st-andrews-des-iles-falkland-des-falaises-et-du-chateau-de-dunnottar-copy-2\/\",\"url\":\"https:\/\/tourtravelandmore.com\/fr\/tours\/ecosse-fr\/edinburgh-fr\/visite-privee-de-st-andrews-des-iles-falkland-des-falaises-et-du-chateau-de-dunnottar-copy-2\/\",\"name\":\"Visite priv\u00e9e des ch\u00e2teaux de Glamis, Dunnottar et Aberdour\",\"isPartOf\":{\"@id\":\"https:\/\/tourtravelandmore.com\/fr\/#website\"},\"primaryImageOfPage\":{\"@id\":\"https:\/\/tourtravelandmore.com\/fr\/tours\/ecosse-fr\/edinburgh-fr\/visite-privee-de-st-andrews-des-iles-falkland-des-falaises-et-du-chateau-de-dunnottar-copy-2\/#primaryimage\"},\"image\":{\"@id\":\"https:\/\/tourtravelandmore.com\/fr\/tours\/ecosse-fr\/edinburgh-fr\/visite-privee-de-st-andrews-des-iles-falkland-des-falaises-et-du-chateau-de-dunnottar-copy-2\/#primaryimage\"},\"thumbnailUrl\":\"https:\/\/tourtravelandmore.com\/wp-content\/uploads\/2025\/04\/aberdour-4991964_1280.jpg\",\"datePublished\":\"2025-04-15T13:49:09+00:00\",\"dateModified\":\"2025-04-21T17:04:38+00:00\",\"description\":\"Profitez de cette Visite priv\u00e9e des ch\u00e2teaux de Glamis, Dunnottar et Aberdour enti\u00e8rement personnalis\u00e9e et profitez de leurs monuments et sites les plus importants aux c\u00f4t\u00e9s d'un guide priv\u00e9.\",\"breadcrumb\":{\"@id\":\"https:\/\/tourtravelandmore.com\/fr\/tours\/ecosse-fr\/edinburgh-fr\/visite-privee-de-st-andrews-des-iles-falkland-des-falaises-et-du-chateau-de-dunnottar-copy-2\/#breadcrumb\"},\"inLanguage\":\"fr-FR\",\"potentialAction\":[{\"@type\":\"ReadAction\",\"target\":[\"https:\/\/tourtravelandmore.com\/fr\/tours\/ecosse-fr\/edinburgh-fr\/visite-privee-de-st-andrews-des-iles-falkland-des-falaises-et-du-chateau-de-dunnottar-copy-2\/\"]}]},{\"@type\":\"ImageObject\",\"inLanguage\":\"fr-FR\",\"@id\":\"https:\/\/tourtravelandmore.com\/fr\/tours\/ecosse-fr\/edinburgh-fr\/visite-privee-de-st-andrews-des-iles-falkland-des-falaises-et-du-chateau-de-dunnottar-copy-2\/#primaryimage\",\"url\":\"https:\/\/tourtravelandmore.com\/wp-content\/uploads\/2025\/04\/aberdour-4991964_1280.jpg\",\"contentUrl\":\"https:\/\/tourtravelandmore.com\/wp-content\/uploads\/2025\/04\/aberdour-4991964_1280.jpg\",\"width\":1280,\"height\":853},{\"@type\":\"BreadcrumbList\",\"@id\":\"https:\/\/tourtravelandmore.com\/fr\/tours\/ecosse-fr\/edinburgh-fr\/visite-privee-de-st-andrews-des-iles-falkland-des-falaises-et-du-chateau-de-dunnottar-copy-2\/#breadcrumb\",\"itemListElement\":[{\"@type\":\"ListItem\",\"position\":1,\"name\":\"Home\",\"item\":\"https:\/\/tourtravelandmore.com\/fr\/\"},{\"@type\":\"ListItem\",\"position\":2,\"name\":\"Tours\",\"item\":\"https:\/\/tourtravelandmore.com\/fr\/tours\/\"},{\"@type\":\"ListItem\",\"position\":3,\"name\":\"Visite priv\u00e9e des ch\u00e2teaux de Glamis, Dunnottar et Aberdour\"}]},{\"@type\":\"WebSite\",\"@id\":\"https:\/\/tourtravelandmore.com\/fr\/#website\",\"url\":\"https:\/\/tourtravelandmore.com\/fr\/\",\"name\":\"Tour Travel And More\",\"description\":\"Private sightseeing tours and luxury transfers in Spain\",\"publisher\":{\"@id\":\"https:\/\/tourtravelandmore.com\/fr\/#organization\"},\"potentialAction\":[{\"@type\":\"SearchAction\",\"target\":{\"@type\":\"EntryPoint\",\"urlTemplate\":\"https:\/\/tourtravelandmore.com\/fr\/?s={search_term_string}\"},\"query-input\":{\"@type\":\"PropertyValueSpecification\",\"valueRequired\":true,\"valueName\":\"search_term_string\"}}],\"inLanguage\":\"fr-FR\"},{\"@type\":\"Organization\",\"@id\":\"https:\/\/tourtravelandmore.com\/fr\/#organization\",\"name\":\"Tour Travel And More\",\"url\":\"https:\/\/tourtravelandmore.com\/fr\/\",\"logo\":{\"@type\":\"ImageObject\",\"inLanguage\":\"fr-FR\",\"@id\":\"https:\/\/tourtravelandmore.com\/fr\/#\/schema\/logo\/image\/\",\"url\":\"https:\/\/tourtravelandmore.com\/wp-content\/uploads\/2022\/12\/cropped-logo-cabecera-new.png\",\"contentUrl\":\"https:\/\/tourtravelandmore.com\/wp-content\/uploads\/2022\/12\/cropped-logo-cabecera-new.png\",\"width\":430,\"height\":61,\"caption\":\"Tour Travel And More\"},\"image\":{\"@id\":\"https:\/\/tourtravelandmore.com\/fr\/#\/schema\/logo\/image\/\"},\"sameAs\":[\"https:\/\/www.facebook.com\/tourtravelandmore\/\",\"https:\/\/x.com\/TourTravel_More\"]}]}<\/script>\n<!-- \/ Yoast SEO Premium plugin. -->","yoast_head_json":{"title":"Visite priv\u00e9e des ch\u00e2teaux de Glamis, Dunnottar et Aberdour","description":"Profitez de cette Visite priv\u00e9e des ch\u00e2teaux de Glamis, Dunnottar et Aberdour enti\u00e8rement personnalis\u00e9e et profitez de leurs monuments et sites les plus importants aux c\u00f4t\u00e9s d'un guide priv\u00e9.","robots":{"index":"index","follow":"follow","max-snippet":"max-snippet:-1","max-image-preview":"max-image-preview:large","max-video-preview":"max-video-preview:-1"},"canonical":"https:\/\/tourtravelandmore.com\/fr\/tours\/ecosse-fr\/edinburgh-fr\/visite-privee-de-st-andrews-des-iles-falkland-des-falaises-et-du-chateau-de-dunnottar-copy-2\/","og_locale":"fr_FR","og_type":"article","og_title":"Visite priv\u00e9e des ch\u00e2teaux de Glamis, Dunnottar et Aberdour","og_description":"Profitez de cette Visite priv\u00e9e des ch\u00e2teaux de Glamis, Dunnottar et Aberdour enti\u00e8rement personnalis\u00e9e et profitez de leurs monuments et sites les plus importants aux c\u00f4t\u00e9s d'un guide priv\u00e9.","og_url":"https:\/\/tourtravelandmore.com\/fr\/tours\/ecosse-fr\/edinburgh-fr\/visite-privee-de-st-andrews-des-iles-falkland-des-falaises-et-du-chateau-de-dunnottar-copy-2\/","og_site_name":"Tour Travel And More","article_publisher":"https:\/\/www.facebook.com\/tourtravelandmore\/","article_modified_time":"2025-04-21T17:04:38+00:00","og_image":[{"width":1280,"height":853,"url":"https:\/\/tourtravelandmore.com\/wp-content\/uploads\/2025\/04\/aberdour-4991964_1280.jpg","type":"image\/jpeg"}],"twitter_card":"summary_large_image","twitter_site":"@TourTravel_More","twitter_misc":{"Dur\u00e9e de lecture estim\u00e9e":"2 minutes"},"schema":{"@context":"https:\/\/schema.org","@graph":[{"@type":"WebPage","@id":"https:\/\/tourtravelandmore.com\/fr\/tours\/ecosse-fr\/edinburgh-fr\/visite-privee-de-st-andrews-des-iles-falkland-des-falaises-et-du-chateau-de-dunnottar-copy-2\/","url":"https:\/\/tourtravelandmore.com\/fr\/tours\/ecosse-fr\/edinburgh-fr\/visite-privee-de-st-andrews-des-iles-falkland-des-falaises-et-du-chateau-de-dunnottar-copy-2\/","name":"Visite priv\u00e9e des ch\u00e2teaux de Glamis, Dunnottar et Aberdour","isPartOf":{"@id":"https:\/\/tourtravelandmore.com\/fr\/#website"},"primaryImageOfPage":{"@id":"https:\/\/tourtravelandmore.com\/fr\/tours\/ecosse-fr\/edinburgh-fr\/visite-privee-de-st-andrews-des-iles-falkland-des-falaises-et-du-chateau-de-dunnottar-copy-2\/#primaryimage"},"image":{"@id":"https:\/\/tourtravelandmore.com\/fr\/tours\/ecosse-fr\/edinburgh-fr\/visite-privee-de-st-andrews-des-iles-falkland-des-falaises-et-du-chateau-de-dunnottar-copy-2\/#primaryimage"},"thumbnailUrl":"https:\/\/tourtravelandmore.com\/wp-content\/uploads\/2025\/04\/aberdour-4991964_1280.jpg","datePublished":"2025-04-15T13:49:09+00:00","dateModified":"2025-04-21T17:04:38+00:00","description":"Profitez de cette Visite priv\u00e9e des ch\u00e2teaux de Glamis, Dunnottar et Aberdour enti\u00e8rement personnalis\u00e9e et profitez de leurs monuments et sites les plus importants aux c\u00f4t\u00e9s d'un guide priv\u00e9.","breadcrumb":{"@id":"https:\/\/tourtravelandmore.com\/fr\/tours\/ecosse-fr\/edinburgh-fr\/visite-privee-de-st-andrews-des-iles-falkland-des-falaises-et-du-chateau-de-dunnottar-copy-2\/#breadcrumb"},"inLanguage":"fr-FR","potentialAction":[{"@type":"ReadAction","target":["https:\/\/tourtravelandmore.com\/fr\/tours\/ecosse-fr\/edinburgh-fr\/visite-privee-de-st-andrews-des-iles-falkland-des-falaises-et-du-chateau-de-dunnottar-copy-2\/"]}]},{"@type":"ImageObject","inLanguage":"fr-FR","@id":"https:\/\/tourtravelandmore.com\/fr\/tours\/ecosse-fr\/edinburgh-fr\/visite-privee-de-st-andrews-des-iles-falkland-des-falaises-et-du-chateau-de-dunnottar-copy-2\/#primaryimage","url":"https:\/\/tourtravelandmore.com\/wp-content\/uploads\/2025\/04\/aberdour-4991964_1280.jpg","contentUrl":"https:\/\/tourtravelandmore.com\/wp-content\/uploads\/2025\/04\/aberdour-4991964_1280.jpg","width":1280,"height":853},{"@type":"BreadcrumbList","@id":"https:\/\/tourtravelandmore.com\/fr\/tours\/ecosse-fr\/edinburgh-fr\/visite-privee-de-st-andrews-des-iles-falkland-des-falaises-et-du-chateau-de-dunnottar-copy-2\/#breadcrumb","itemListElement":[{"@type":"ListItem","position":1,"name":"Home","item":"https:\/\/tourtravelandmore.com\/fr\/"},{"@type":"ListItem","position":2,"name":"Tours","item":"https:\/\/tourtravelandmore.com\/fr\/tours\/"},{"@type":"ListItem","position":3,"name":"Visite priv\u00e9e des ch\u00e2teaux de Glamis, Dunnottar et Aberdour"}]},{"@type":"WebSite","@id":"https:\/\/tourtravelandmore.com\/fr\/#website","url":"https:\/\/tourtravelandmore.com\/fr\/","name":"Tour Travel And More","description":"Private sightseeing tours and luxury transfers in Spain","publisher":{"@id":"https:\/\/tourtravelandmore.com\/fr\/#organization"},"potentialAction":[{"@type":"SearchAction","target":{"@type":"EntryPoint","urlTemplate":"https:\/\/tourtravelandmore.com\/fr\/?s={search_term_string}"},"query-input":{"@type":"PropertyValueSpecification","valueRequired":true,"valueName":"search_term_string"}}],"inLanguage":"fr-FR"},{"@type":"Organization","@id":"https:\/\/tourtravelandmore.com\/fr\/#organization","name":"Tour Travel And More","url":"https:\/\/tourtravelandmore.com\/fr\/","logo":{"@type":"ImageObject","inLanguage":"fr-FR","@id":"https:\/\/tourtravelandmore.com\/fr\/#\/schema\/logo\/image\/","url":"https:\/\/tourtravelandmore.com\/wp-content\/uploads\/2022\/12\/cropped-logo-cabecera-new.png","contentUrl":"https:\/\/tourtravelandmore.com\/wp-content\/uploads\/2022\/12\/cropped-logo-cabecera-new.png","width":430,"height":61,"caption":"Tour Travel And More"},"image":{"@id":"https:\/\/tourtravelandmore.com\/fr\/#\/schema\/logo\/image\/"},"sameAs":["https:\/\/www.facebook.com\/tourtravelandmore\/","https:\/\/x.com\/TourTravel_More"]}]}},"_links":{"self":[{"href":"https:\/\/tourtravelandmore.com\/fr\/wp-json\/wp\/v2\/product\/182478","targetHints":{"allow":["GET"]}}],"collection":[{"href":"https:\/\/tourtravelandmore.com\/fr\/wp-json\/wp\/v2\/product"}],"about":[{"href":"https:\/\/tourtravelandmore.com\/fr\/wp-json\/wp\/v2\/types\/product"}],"replies":[{"embeddable":true,"href":"https:\/\/tourtravelandmore.com\/fr\/wp-json\/wp\/v2\/comments?post=182478"}],"wp:featuredmedia":[{"embeddable":true,"href":"https:\/\/tourtravelandmore.com\/fr\/wp-json\/wp\/v2\/media\/182488"}],"wp:attachment":[{"href":"https:\/\/tourtravelandmore.com\/fr\/wp-json\/wp\/v2\/media?parent=182478"}],"wp:term":[{"taxonomy":"product_brand","embeddable":true,"href":"https:\/\/tourtravelandmore.com\/fr\/wp-json\/wp\/v2\/product_brand?post=182478"},{"taxonomy":"product_cat","embeddable":true,"href":"https:\/\/tourtravelandmore.com\/fr\/wp-json\/wp\/v2\/product_cat?post=182478"},{"taxonomy":"product_tag","embeddable":true,"href":"https:\/\/tourtravelandmore.com\/fr\/wp-json\/wp\/v2\/product_tag?post=182478"}],"curies":[{"name":"wp","href":"https:\/\/api.w.org\/{rel}","templated":true}]}}