{"id":182448,"date":"2025-04-14T20:19:22","date_gmt":"2025-04-14T18:19:25","guid":{"rendered":"https:\/\/tourtravelandmore.com\/?post_type=product&#038;p=182448"},"modified":"2025-04-14T21:38:06","modified_gmt":"2025-04-14T19:38:06","slug":"visite-privee-de-st-andrews-des-iles-falkland-des-falaises-et-du-chateau-de-dunnottar-copy","status":"publish","type":"product","link":"https:\/\/tourtravelandmore.com\/fr\/tours\/ecosse-fr\/edinburgh-fr\/visite-privee-de-st-andrews-des-iles-falkland-des-falaises-et-du-chateau-de-dunnottar-copy\/","title":{"rendered":"Visite priv\u00e9e \u00e0 pied : les pubs historiques d&#8217;\u00c9dimbourg"},"content":{"rendered":"<h2><strong>Visite priv\u00e9e \u00e0 pied : les pubs historiques d&#8217;\u00c9dimbourg Description<\/strong><\/h2>\n<p>D\u00e9couvrez la riche culture des pubs d&#8217;\u00c9dimbourg et ses traditions s\u00e9culaires de la boisson lors de cette visite priv\u00e9e exclusive de deux heures \u00e0 travers les pubs historiques les plus embl\u00e9matiques de la ville. Accompagn\u00e9 d&#8217;un guide local exp\u00e9riment\u00e9, vous vous prom\u00e8nerez dans les rues pav\u00e9es de la vieille ville, \u00e0 la d\u00e9couverte des histoires de po\u00e8tes, de rebelles et de buveurs l\u00e9gendaires qui ont fa\u00e7onn\u00e9 la capitale \u00e9cossaise.<\/p>\n<p>Cette exp\u00e9rience est parfaite pour ceux qui veulent allier culture et loisirs. Visitez des lieux authentiques avec des si\u00e8cles d&#8217;histoire, y compris des pubs autrefois fr\u00e9quent\u00e9s par des g\u00e9ants de la litt\u00e9rature comme Robert Burns et Sir Walter Scott. D\u00e9couvrez comment les tavernes de la ville sont pass\u00e9es d&#8217;auberges bruyantes \u00e0 des centres sociaux anim\u00e9s, tout en vous impr\u00e9gnant de l&#8217;ambiance vibrante de la sc\u00e8ne des pubs d&#8217;\u00c9dimbourg.<\/p>\n<h2>Visite priv\u00e9e \u00e0 pied : les pubs historiques d&#8217;\u00c9dimbourg | Points d&#8217;int\u00e9r\u00eat et monuments<\/h2>\n<p>Votre guide vous fera partager des anecdotes fascinantes, des l\u00e9gendes locales et des secrets cach\u00e9s que vous ne trouverez dans aucun guide. Bien qu&#8217;aucune boisson ne soit incluse, votre guide se fera un plaisir de vous recommander les meilleures bi\u00e8res, whiskies ou gins locaux \u00e0 d\u00e9guster en chemin.<\/p>\n<p>Une visite id\u00e9ale pour commencer votre soir\u00e9e \u00e0 \u00c9dimbourg ou pour profiter d&#8217;une promenade culturelle d\u00e9contract\u00e9e avec une touche de charme \u00e9cossais.<\/p>\n<ul>\n<li><strong>Explorez \u00e0 pied les pubs les plus historiques et les plus anim\u00e9s d&#8217;\u00c9dimbourg<\/strong><\/li>\n<li><strong>\u00c9coutez les histoires de clients c\u00e9l\u00e8bres, des po\u00e8tes aux philosophes<\/strong><\/li>\n<li><strong>D\u00e9couvrez les coins cach\u00e9s de la vieille ville et sa culture de pubs anim\u00e9e<\/strong><\/li>\n<li><strong>Guid\u00e9 par un guide priv\u00e9 agr\u00e9\u00e9, avec une attention enti\u00e8rement personnalis\u00e9e<\/strong><\/li>\n<li><strong>D\u00e9couvrez les traditions \u00e9cossaises en mati\u00e8re de boisson, du whisky aux bi\u00e8res locales<\/strong><\/li>\n<li><strong>Un m\u00e9lange parfait d&#8217;histoire, de r\u00e9cits et de charme local &#8211; pas de boissons incluses, mais de nombreuses recommandations<\/strong><\/li>\n<\/ul>\n<p><a href=\"https:\/\/tourtravelandmore.com\/fr\/city\/ecosse-fr\/edinburgh-en\/\">Jetez un \u0153il \u00e0 toutes nos visites priv\u00e9es \u00e0 \u00c9dimbourg, ne les manquez pas !<\/a><\/p>\n","protected":false},"excerpt":{"rendered":"<p>D\u00e9couvrez la riche culture des pubs d&#8217;\u00c9dimbourg et ses traditions s\u00e9culaires de la boisson lors de cette visite priv\u00e9e exclusive de deux heures \u00e0 travers les pubs historiques les plus embl\u00e9matiques de la ville. Accompagn\u00e9 d&#8217;un guide local exp\u00e9riment\u00e9, vous vous prom\u00e8nerez dans les rues pav\u00e9es de la vieille ville, \u00e0 la d\u00e9couverte des histoires de po\u00e8tes, de rebelles et de buveurs l\u00e9gendaires qui ont fa\u00e7onn\u00e9 la capitale \u00e9cossaise.<\/p>\n","protected":false},"featured_media":182458,"comment_status":"open","ping_status":"closed","template":"","meta":{"_acf_changed":false},"product_brand":[],"product_cat":[5504,5505,3741,3826,3545],"product_tag":[],"class_list":{"0":"post-182448","1":"product","2":"type-product","3":"status-publish","4":"has-post-thumbnail","6":"product_cat-all-private-tours-activities-fr-37","7":"product_cat-private-sightseeing-tours-fr-45","8":"product_cat-ecosse-fr","9":"product_cat-edinburgh-fr","10":"product_cat-royaume-uni-fr","12":"first","13":"instock","14":"shipping-taxable","15":"purchasable","16":"product-type-simple"},"acf":[],"yoast_head":"<!-- This site is optimized with the Yoast SEO Premium plugin v25.3.1 (Yoast SEO v25.3.1) - https:\/\/yoast.com\/wordpress\/plugins\/seo\/ -->\n<title>Visite priv\u00e9e \u00e0 pied : les pubs historiques d&#039;\u00c9dimbourg<\/title>\n<meta name=\"description\" content=\"Profitez de cette Visite priv\u00e9e \u00e0 pied : les pubs historiques d&#039;\u00c9dimbourgenti\u00e8rement personnalis\u00e9e et profitez de leurs monuments et sites les plus importants aux c\u00f4t\u00e9s d&#039;un guide priv\u00e9.\" \/>\n<meta name=\"robots\" content=\"index, follow, max-snippet:-1, max-image-preview:large, max-video-preview:-1\" \/>\n<link rel=\"canonical\" href=\"https:\/\/tourtravelandmore.com\/fr\/tours\/ecosse-fr\/edinburgh-fr\/visite-privee-de-st-andrews-des-iles-falkland-des-falaises-et-du-chateau-de-dunnottar-copy\/\" \/>\n<meta property=\"og:locale\" content=\"fr_FR\" \/>\n<meta property=\"og:type\" content=\"article\" \/>\n<meta property=\"og:title\" content=\"Visite priv\u00e9e \u00e0 pied : les pubs historiques d&#039;\u00c9dimbourg\" \/>\n<meta property=\"og:description\" content=\"Profitez de cette Visite priv\u00e9e \u00e0 pied : les pubs historiques d&#039;\u00c9dimbourgenti\u00e8rement personnalis\u00e9e et profitez de leurs monuments et sites les plus importants aux c\u00f4t\u00e9s d&#039;un guide priv\u00e9.\" \/>\n<meta property=\"og:url\" content=\"https:\/\/tourtravelandmore.com\/fr\/tours\/ecosse-fr\/edinburgh-fr\/visite-privee-de-st-andrews-des-iles-falkland-des-falaises-et-du-chateau-de-dunnottar-copy\/\" \/>\n<meta property=\"og:site_name\" content=\"Tour Travel And More\" \/>\n<meta property=\"article:publisher\" content=\"https:\/\/www.facebook.com\/tourtravelandmore\/\" \/>\n<meta property=\"article:modified_time\" content=\"2025-04-14T19:38:06+00:00\" \/>\n<meta property=\"og:image\" content=\"https:\/\/tourtravelandmore.com\/wp-content\/uploads\/2025\/04\/pexels-pixabay-159291-1.jpg\" \/>\n\t<meta property=\"og:image:width\" content=\"1280\" \/>\n\t<meta property=\"og:image:height\" content=\"852\" \/>\n\t<meta property=\"og:image:type\" content=\"image\/jpeg\" \/>\n<meta name=\"twitter:card\" content=\"summary_large_image\" \/>\n<meta name=\"twitter:site\" content=\"@TourTravel_More\" \/>\n<meta name=\"twitter:label1\" content=\"Dur\u00e9e de lecture estim\u00e9e\" \/>\n\t<meta name=\"twitter:data1\" content=\"2 minutes\" \/>\n<script type=\"application\/ld+json\" class=\"yoast-schema-graph\">{\"@context\":\"https:\/\/schema.org\",\"@graph\":[{\"@type\":\"WebPage\",\"@id\":\"https:\/\/tourtravelandmore.com\/fr\/tours\/ecosse-fr\/edinburgh-fr\/visite-privee-de-st-andrews-des-iles-falkland-des-falaises-et-du-chateau-de-dunnottar-copy\/\",\"url\":\"https:\/\/tourtravelandmore.com\/fr\/tours\/ecosse-fr\/edinburgh-fr\/visite-privee-de-st-andrews-des-iles-falkland-des-falaises-et-du-chateau-de-dunnottar-copy\/\",\"name\":\"Visite priv\u00e9e \u00e0 pied : les pubs historiques d'\u00c9dimbourg\",\"isPartOf\":{\"@id\":\"https:\/\/tourtravelandmore.com\/fr\/#website\"},\"primaryImageOfPage\":{\"@id\":\"https:\/\/tourtravelandmore.com\/fr\/tours\/ecosse-fr\/edinburgh-fr\/visite-privee-de-st-andrews-des-iles-falkland-des-falaises-et-du-chateau-de-dunnottar-copy\/#primaryimage\"},\"image\":{\"@id\":\"https:\/\/tourtravelandmore.com\/fr\/tours\/ecosse-fr\/edinburgh-fr\/visite-privee-de-st-andrews-des-iles-falkland-des-falaises-et-du-chateau-de-dunnottar-copy\/#primaryimage\"},\"thumbnailUrl\":\"https:\/\/tourtravelandmore.com\/wp-content\/uploads\/2025\/04\/pexels-pixabay-159291-1.jpg\",\"datePublished\":\"2025-04-14T18:19:25+00:00\",\"dateModified\":\"2025-04-14T19:38:06+00:00\",\"description\":\"Profitez de cette Visite priv\u00e9e \u00e0 pied : les pubs historiques d'\u00c9dimbourgenti\u00e8rement personnalis\u00e9e et profitez de leurs monuments et sites les plus importants aux c\u00f4t\u00e9s d'un guide priv\u00e9.\",\"breadcrumb\":{\"@id\":\"https:\/\/tourtravelandmore.com\/fr\/tours\/ecosse-fr\/edinburgh-fr\/visite-privee-de-st-andrews-des-iles-falkland-des-falaises-et-du-chateau-de-dunnottar-copy\/#breadcrumb\"},\"inLanguage\":\"fr-FR\",\"potentialAction\":[{\"@type\":\"ReadAction\",\"target\":[\"https:\/\/tourtravelandmore.com\/fr\/tours\/ecosse-fr\/edinburgh-fr\/visite-privee-de-st-andrews-des-iles-falkland-des-falaises-et-du-chateau-de-dunnottar-copy\/\"]}]},{\"@type\":\"ImageObject\",\"inLanguage\":\"fr-FR\",\"@id\":\"https:\/\/tourtravelandmore.com\/fr\/tours\/ecosse-fr\/edinburgh-fr\/visite-privee-de-st-andrews-des-iles-falkland-des-falaises-et-du-chateau-de-dunnottar-copy\/#primaryimage\",\"url\":\"https:\/\/tourtravelandmore.com\/wp-content\/uploads\/2025\/04\/pexels-pixabay-159291-1.jpg\",\"contentUrl\":\"https:\/\/tourtravelandmore.com\/wp-content\/uploads\/2025\/04\/pexels-pixabay-159291-1.jpg\",\"width\":1280,\"height\":852},{\"@type\":\"BreadcrumbList\",\"@id\":\"https:\/\/tourtravelandmore.com\/fr\/tours\/ecosse-fr\/edinburgh-fr\/visite-privee-de-st-andrews-des-iles-falkland-des-falaises-et-du-chateau-de-dunnottar-copy\/#breadcrumb\",\"itemListElement\":[{\"@type\":\"ListItem\",\"position\":1,\"name\":\"Home\",\"item\":\"https:\/\/tourtravelandmore.com\/fr\/\"},{\"@type\":\"ListItem\",\"position\":2,\"name\":\"Tours\",\"item\":\"https:\/\/tourtravelandmore.com\/fr\/tours\/\"},{\"@type\":\"ListItem\",\"position\":3,\"name\":\"Visite priv\u00e9e \u00e0 pied : les pubs historiques d&#8217;\u00c9dimbourg\"}]},{\"@type\":\"WebSite\",\"@id\":\"https:\/\/tourtravelandmore.com\/fr\/#website\",\"url\":\"https:\/\/tourtravelandmore.com\/fr\/\",\"name\":\"Tour Travel And More\",\"description\":\"Private sightseeing tours and luxury transfers in Spain\",\"publisher\":{\"@id\":\"https:\/\/tourtravelandmore.com\/fr\/#organization\"},\"potentialAction\":[{\"@type\":\"SearchAction\",\"target\":{\"@type\":\"EntryPoint\",\"urlTemplate\":\"https:\/\/tourtravelandmore.com\/fr\/?s={search_term_string}\"},\"query-input\":{\"@type\":\"PropertyValueSpecification\",\"valueRequired\":true,\"valueName\":\"search_term_string\"}}],\"inLanguage\":\"fr-FR\"},{\"@type\":\"Organization\",\"@id\":\"https:\/\/tourtravelandmore.com\/fr\/#organization\",\"name\":\"Tour Travel And More\",\"url\":\"https:\/\/tourtravelandmore.com\/fr\/\",\"logo\":{\"@type\":\"ImageObject\",\"inLanguage\":\"fr-FR\",\"@id\":\"https:\/\/tourtravelandmore.com\/fr\/#\/schema\/logo\/image\/\",\"url\":\"https:\/\/tourtravelandmore.com\/wp-content\/uploads\/2022\/12\/cropped-logo-cabecera-new.png\",\"contentUrl\":\"https:\/\/tourtravelandmore.com\/wp-content\/uploads\/2022\/12\/cropped-logo-cabecera-new.png\",\"width\":430,\"height\":61,\"caption\":\"Tour Travel And More\"},\"image\":{\"@id\":\"https:\/\/tourtravelandmore.com\/fr\/#\/schema\/logo\/image\/\"},\"sameAs\":[\"https:\/\/www.facebook.com\/tourtravelandmore\/\",\"https:\/\/x.com\/TourTravel_More\"]}]}<\/script>\n<!-- \/ Yoast SEO Premium plugin. -->","yoast_head_json":{"title":"Visite priv\u00e9e \u00e0 pied : les pubs historiques d'\u00c9dimbourg","description":"Profitez de cette Visite priv\u00e9e \u00e0 pied : les pubs historiques d'\u00c9dimbourgenti\u00e8rement personnalis\u00e9e et profitez de leurs monuments et sites les plus importants aux c\u00f4t\u00e9s d'un guide priv\u00e9.","robots":{"index":"index","follow":"follow","max-snippet":"max-snippet:-1","max-image-preview":"max-image-preview:large","max-video-preview":"max-video-preview:-1"},"canonical":"https:\/\/tourtravelandmore.com\/fr\/tours\/ecosse-fr\/edinburgh-fr\/visite-privee-de-st-andrews-des-iles-falkland-des-falaises-et-du-chateau-de-dunnottar-copy\/","og_locale":"fr_FR","og_type":"article","og_title":"Visite priv\u00e9e \u00e0 pied : les pubs historiques d'\u00c9dimbourg","og_description":"Profitez de cette Visite priv\u00e9e \u00e0 pied : les pubs historiques d'\u00c9dimbourgenti\u00e8rement personnalis\u00e9e et profitez de leurs monuments et sites les plus importants aux c\u00f4t\u00e9s d'un guide priv\u00e9.","og_url":"https:\/\/tourtravelandmore.com\/fr\/tours\/ecosse-fr\/edinburgh-fr\/visite-privee-de-st-andrews-des-iles-falkland-des-falaises-et-du-chateau-de-dunnottar-copy\/","og_site_name":"Tour Travel And More","article_publisher":"https:\/\/www.facebook.com\/tourtravelandmore\/","article_modified_time":"2025-04-14T19:38:06+00:00","og_image":[{"width":1280,"height":852,"url":"https:\/\/tourtravelandmore.com\/wp-content\/uploads\/2025\/04\/pexels-pixabay-159291-1.jpg","type":"image\/jpeg"}],"twitter_card":"summary_large_image","twitter_site":"@TourTravel_More","twitter_misc":{"Dur\u00e9e de lecture estim\u00e9e":"2 minutes"},"schema":{"@context":"https:\/\/schema.org","@graph":[{"@type":"WebPage","@id":"https:\/\/tourtravelandmore.com\/fr\/tours\/ecosse-fr\/edinburgh-fr\/visite-privee-de-st-andrews-des-iles-falkland-des-falaises-et-du-chateau-de-dunnottar-copy\/","url":"https:\/\/tourtravelandmore.com\/fr\/tours\/ecosse-fr\/edinburgh-fr\/visite-privee-de-st-andrews-des-iles-falkland-des-falaises-et-du-chateau-de-dunnottar-copy\/","name":"Visite priv\u00e9e \u00e0 pied : les pubs historiques d'\u00c9dimbourg","isPartOf":{"@id":"https:\/\/tourtravelandmore.com\/fr\/#website"},"primaryImageOfPage":{"@id":"https:\/\/tourtravelandmore.com\/fr\/tours\/ecosse-fr\/edinburgh-fr\/visite-privee-de-st-andrews-des-iles-falkland-des-falaises-et-du-chateau-de-dunnottar-copy\/#primaryimage"},"image":{"@id":"https:\/\/tourtravelandmore.com\/fr\/tours\/ecosse-fr\/edinburgh-fr\/visite-privee-de-st-andrews-des-iles-falkland-des-falaises-et-du-chateau-de-dunnottar-copy\/#primaryimage"},"thumbnailUrl":"https:\/\/tourtravelandmore.com\/wp-content\/uploads\/2025\/04\/pexels-pixabay-159291-1.jpg","datePublished":"2025-04-14T18:19:25+00:00","dateModified":"2025-04-14T19:38:06+00:00","description":"Profitez de cette Visite priv\u00e9e \u00e0 pied : les pubs historiques d'\u00c9dimbourgenti\u00e8rement personnalis\u00e9e et profitez de leurs monuments et sites les plus importants aux c\u00f4t\u00e9s d'un guide priv\u00e9.","breadcrumb":{"@id":"https:\/\/tourtravelandmore.com\/fr\/tours\/ecosse-fr\/edinburgh-fr\/visite-privee-de-st-andrews-des-iles-falkland-des-falaises-et-du-chateau-de-dunnottar-copy\/#breadcrumb"},"inLanguage":"fr-FR","potentialAction":[{"@type":"ReadAction","target":["https:\/\/tourtravelandmore.com\/fr\/tours\/ecosse-fr\/edinburgh-fr\/visite-privee-de-st-andrews-des-iles-falkland-des-falaises-et-du-chateau-de-dunnottar-copy\/"]}]},{"@type":"ImageObject","inLanguage":"fr-FR","@id":"https:\/\/tourtravelandmore.com\/fr\/tours\/ecosse-fr\/edinburgh-fr\/visite-privee-de-st-andrews-des-iles-falkland-des-falaises-et-du-chateau-de-dunnottar-copy\/#primaryimage","url":"https:\/\/tourtravelandmore.com\/wp-content\/uploads\/2025\/04\/pexels-pixabay-159291-1.jpg","contentUrl":"https:\/\/tourtravelandmore.com\/wp-content\/uploads\/2025\/04\/pexels-pixabay-159291-1.jpg","width":1280,"height":852},{"@type":"BreadcrumbList","@id":"https:\/\/tourtravelandmore.com\/fr\/tours\/ecosse-fr\/edinburgh-fr\/visite-privee-de-st-andrews-des-iles-falkland-des-falaises-et-du-chateau-de-dunnottar-copy\/#breadcrumb","itemListElement":[{"@type":"ListItem","position":1,"name":"Home","item":"https:\/\/tourtravelandmore.com\/fr\/"},{"@type":"ListItem","position":2,"name":"Tours","item":"https:\/\/tourtravelandmore.com\/fr\/tours\/"},{"@type":"ListItem","position":3,"name":"Visite priv\u00e9e \u00e0 pied : les pubs historiques d&#8217;\u00c9dimbourg"}]},{"@type":"WebSite","@id":"https:\/\/tourtravelandmore.com\/fr\/#website","url":"https:\/\/tourtravelandmore.com\/fr\/","name":"Tour Travel And More","description":"Private sightseeing tours and luxury transfers in Spain","publisher":{"@id":"https:\/\/tourtravelandmore.com\/fr\/#organization"},"potentialAction":[{"@type":"SearchAction","target":{"@type":"EntryPoint","urlTemplate":"https:\/\/tourtravelandmore.com\/fr\/?s={search_term_string}"},"query-input":{"@type":"PropertyValueSpecification","valueRequired":true,"valueName":"search_term_string"}}],"inLanguage":"fr-FR"},{"@type":"Organization","@id":"https:\/\/tourtravelandmore.com\/fr\/#organization","name":"Tour Travel And More","url":"https:\/\/tourtravelandmore.com\/fr\/","logo":{"@type":"ImageObject","inLanguage":"fr-FR","@id":"https:\/\/tourtravelandmore.com\/fr\/#\/schema\/logo\/image\/","url":"https:\/\/tourtravelandmore.com\/wp-content\/uploads\/2022\/12\/cropped-logo-cabecera-new.png","contentUrl":"https:\/\/tourtravelandmore.com\/wp-content\/uploads\/2022\/12\/cropped-logo-cabecera-new.png","width":430,"height":61,"caption":"Tour Travel And More"},"image":{"@id":"https:\/\/tourtravelandmore.com\/fr\/#\/schema\/logo\/image\/"},"sameAs":["https:\/\/www.facebook.com\/tourtravelandmore\/","https:\/\/x.com\/TourTravel_More"]}]}},"_links":{"self":[{"href":"https:\/\/tourtravelandmore.com\/fr\/wp-json\/wp\/v2\/product\/182448","targetHints":{"allow":["GET"]}}],"collection":[{"href":"https:\/\/tourtravelandmore.com\/fr\/wp-json\/wp\/v2\/product"}],"about":[{"href":"https:\/\/tourtravelandmore.com\/fr\/wp-json\/wp\/v2\/types\/product"}],"replies":[{"embeddable":true,"href":"https:\/\/tourtravelandmore.com\/fr\/wp-json\/wp\/v2\/comments?post=182448"}],"wp:featuredmedia":[{"embeddable":true,"href":"https:\/\/tourtravelandmore.com\/fr\/wp-json\/wp\/v2\/media\/182458"}],"wp:attachment":[{"href":"https:\/\/tourtravelandmore.com\/fr\/wp-json\/wp\/v2\/media?parent=182448"}],"wp:term":[{"taxonomy":"product_brand","embeddable":true,"href":"https:\/\/tourtravelandmore.com\/fr\/wp-json\/wp\/v2\/product_brand?post=182448"},{"taxonomy":"product_cat","embeddable":true,"href":"https:\/\/tourtravelandmore.com\/fr\/wp-json\/wp\/v2\/product_cat?post=182448"},{"taxonomy":"product_tag","embeddable":true,"href":"https:\/\/tourtravelandmore.com\/fr\/wp-json\/wp\/v2\/product_tag?post=182448"}],"curies":[{"name":"wp","href":"https:\/\/api.w.org\/{rel}","templated":true}]}}