{"id":182407,"date":"2025-04-14T19:17:40","date_gmt":"2025-04-14T17:17:43","guid":{"rendered":"https:\/\/tourtravelandmore.com\/?post_type=product&#038;p=182407"},"modified":"2025-04-16T18:05:24","modified_gmt":"2025-04-16T16:05:24","slug":"visite-privee-de-stirling-du-queens-view-et-des-highlands-copy","status":"publish","type":"product","link":"https:\/\/tourtravelandmore.com\/fr\/tours\/ecosse-fr\/edinburgh-fr\/visite-privee-de-stirling-du-queens-view-et-des-highlands-copy\/","title":{"rendered":"Visite priv\u00e9e de St Andrews, des \u00eeles Falkland, des falaises et du ch\u00e2teau de Dunnottar"},"content":{"rendered":"<h2><strong>Visite priv\u00e9e de St Andrews, des \u00eeles Falkland, des falaises et du ch\u00e2teau de Dunnottar Description<\/strong><\/h2>\n<p>Embarquez pour une journ\u00e9e compl\u00e8te d&#8217;exp\u00e9rience priv\u00e9e \u00e0 travers certains des paysages et sites historiques les plus embl\u00e9matiques d&#8217;\u00c9cosse. Cette visite de 12 heures est con\u00e7ue pour ceux qui souhaitent explorer le charme c\u00f4tier du pays, son h\u00e9ritage royal et ses falaises spectaculaires, le tout dans un confort total avec un chauffeur-guide priv\u00e9 parlant anglais.<\/p>\n<p>Cette visite est le m\u00e9lange parfait d&#8217;histoire, de culture et de tradition, id\u00e9ale pour les voyageurs \u00e0 la recherche d&#8217;une exp\u00e9rience \u00e9cossaise plus profonde et plus authentique.<\/p>\n<h2>Visite priv\u00e9e de St Andrews, Falkland, des falaises et du ch\u00e2teau de Dunnottar | Points d&#8217;int\u00e9r\u00eat et sites touristiques<\/h2>\n<p>Nous commen\u00e7ons le voyage depuis votre h\u00e9bergement \u00e0 \u00c9dimbourg et nous nous dirigeons vers le nord en traversant le pittoresque pont de Forth Road Bridge pour entrer dans le royaume de Fife. Notre premier arr\u00eat est <b>St Andrews<\/b>, la charmante ville c\u00f4ti\u00e8re connue comme le \u00ab berceau du golf \u00bb, avec son ancienne universit\u00e9, les ruines de sa cath\u00e9drale et ses vues pittoresques sur la mer. Profitez d&#8217;une promenade dans la vieille ville ou d&#8217;une visite de l&#8217;Old Course, le plus ancien terrain de golf du monde.<\/p>\n<p>Ensuite, nous visiterons <b>Falkland<\/b>, un village magnifiquement pr\u00e9serv\u00e9 o\u00f9 le temps semble s&#8217;\u00eatre arr\u00eat\u00e9. D\u00e9couvrez le <b>palais de Falkland<\/b>, autrefois le lieu de retraite pr\u00e9f\u00e9r\u00e9 de Marie, reine d&#8217;\u00c9cosse, et fl\u00e2nez dans ses rues pittoresques qui ont \u00e9galement servi de lieux de tournage pour la s\u00e9rie <i>Outlander<\/i>.<\/p>\n<p>Nous traverserons ensuite la campagne vallonn\u00e9e jusqu&#8217;aux <b>falaises de Dunnottar<\/b>, \u00e0 couper le souffle, qui offrent des vues spectaculaires sur la mer du Nord. Le clou de la journ\u00e9e vous attend avec la visite du <b>ch\u00e2teau de Dunnottar<\/b>, perch\u00e9 de fa\u00e7on spectaculaire sur un promontoire rocheux. L&#8217;entr\u00e9e est incluse, ce qui vous laissera le temps d&#8217;explorer cette forteresse l\u00e9gendaire, charg\u00e9e d&#8217;histoire et entour\u00e9e de paysages impressionnants.<\/p>\n<p>Apr\u00e8s une journ\u00e9e m\u00e9morable, installez-vous confortablement et d\u00e9tendez-vous pendant que nous vous ramenons \u00e0 \u00c9dimbourg.<\/p>\n<p>Laissez <b>Tour Travel &amp; More<\/b> vous emmener au-del\u00e0 des guides touristiques avec cette aventure \u00e9cossaise personnalis\u00e9e.<\/p>\n<p><a href=\"https:\/\/tourtravelandmore.com\/fr\/city\/ecosse-fr\/edinburgh-en\/\">Jetez un \u0153il \u00e0 toutes nos visites priv\u00e9es \u00e0 \u00c9dimbourg, ne les manquez pas !<\/a><\/p>\n","protected":false},"excerpt":{"rendered":"<p>Embarquez pour une journ\u00e9e compl\u00e8te d&#8217;exp\u00e9rience priv\u00e9e \u00e0 travers certains des paysages et sites historiques les plus embl\u00e9matiques d&#8217;\u00c9cosse. Cette visite de 12 heures est con\u00e7ue pour ceux qui souhaitent explorer le charme c\u00f4tier du pays, son h\u00e9ritage royal et ses falaises spectaculaires, le tout dans un confort total avec un chauffeur-guide priv\u00e9 parlant anglais.<\/p>\n","protected":false},"featured_media":182417,"comment_status":"open","ping_status":"closed","template":"","meta":{"_acf_changed":false},"product_brand":[],"product_cat":[5504,5505,3741,3826,3545],"product_tag":[],"class_list":{"0":"post-182407","1":"product","2":"type-product","3":"status-publish","4":"has-post-thumbnail","6":"product_cat-all-private-tours-activities-fr-37","7":"product_cat-private-sightseeing-tours-fr-45","8":"product_cat-ecosse-fr","9":"product_cat-edinburgh-fr","10":"product_cat-royaume-uni-fr","12":"first","13":"instock","14":"shipping-taxable","15":"purchasable","16":"product-type-simple"},"acf":[],"yoast_head":"<!-- This site is optimized with the Yoast SEO Premium plugin v25.3.1 (Yoast SEO v25.3.1) - https:\/\/yoast.com\/wordpress\/plugins\/seo\/ -->\n<title>Visite priv\u00e9e de St Andrews, des \u00eeles Falkland, des falaises et du ch\u00e2teau de Dunnottar<\/title>\n<meta name=\"description\" content=\"Profitez de cette Visite priv\u00e9e de St Andrews, des \u00eeles Falkland, des falaises et du ch\u00e2teau de Dunnottar enti\u00e8rement personnalis\u00e9e et profitez de leurs monuments et sites les plus importants aux c\u00f4t\u00e9s d&#039;un guide priv\u00e9.\" \/>\n<meta name=\"robots\" content=\"index, follow, max-snippet:-1, max-image-preview:large, max-video-preview:-1\" \/>\n<link rel=\"canonical\" href=\"https:\/\/tourtravelandmore.com\/fr\/tours\/ecosse-fr\/edinburgh-fr\/visite-privee-de-stirling-du-queens-view-et-des-highlands-copy\/\" \/>\n<meta property=\"og:locale\" content=\"fr_FR\" \/>\n<meta property=\"og:type\" content=\"article\" \/>\n<meta property=\"og:title\" content=\"Visite priv\u00e9e de St Andrews, des \u00eeles Falkland, des falaises et du ch\u00e2teau de Dunnottar\" \/>\n<meta property=\"og:description\" content=\"Profitez de cette Visite priv\u00e9e de St Andrews, des \u00eeles Falkland, des falaises et du ch\u00e2teau de Dunnottar enti\u00e8rement personnalis\u00e9e et profitez de leurs monuments et sites les plus importants aux c\u00f4t\u00e9s d&#039;un guide priv\u00e9.\" \/>\n<meta property=\"og:url\" content=\"https:\/\/tourtravelandmore.com\/fr\/tours\/ecosse-fr\/edinburgh-fr\/visite-privee-de-stirling-du-queens-view-et-des-highlands-copy\/\" \/>\n<meta property=\"og:site_name\" content=\"Tour Travel And More\" \/>\n<meta property=\"article:publisher\" content=\"https:\/\/www.facebook.com\/tourtravelandmore\/\" \/>\n<meta property=\"article:modified_time\" content=\"2025-04-16T16:05:24+00:00\" \/>\n<meta property=\"og:image\" content=\"https:\/\/tourtravelandmore.com\/wp-content\/uploads\/2025\/04\/pexels-pille-kirsi-222198-1717356-1.jpg\" \/>\n\t<meta property=\"og:image:width\" content=\"1280\" \/>\n\t<meta property=\"og:image:height\" content=\"768\" \/>\n\t<meta property=\"og:image:type\" content=\"image\/jpeg\" \/>\n<meta name=\"twitter:card\" content=\"summary_large_image\" \/>\n<meta name=\"twitter:site\" content=\"@TourTravel_More\" \/>\n<meta name=\"twitter:label1\" content=\"Dur\u00e9e de lecture estim\u00e9e\" \/>\n\t<meta name=\"twitter:data1\" content=\"2 minutes\" \/>\n<script type=\"application\/ld+json\" class=\"yoast-schema-graph\">{\"@context\":\"https:\/\/schema.org\",\"@graph\":[{\"@type\":\"WebPage\",\"@id\":\"https:\/\/tourtravelandmore.com\/fr\/tours\/ecosse-fr\/edinburgh-fr\/visite-privee-de-stirling-du-queens-view-et-des-highlands-copy\/\",\"url\":\"https:\/\/tourtravelandmore.com\/fr\/tours\/ecosse-fr\/edinburgh-fr\/visite-privee-de-stirling-du-queens-view-et-des-highlands-copy\/\",\"name\":\"Visite priv\u00e9e de St Andrews, des \u00eeles Falkland, des falaises et du ch\u00e2teau de Dunnottar\",\"isPartOf\":{\"@id\":\"https:\/\/tourtravelandmore.com\/fr\/#website\"},\"primaryImageOfPage\":{\"@id\":\"https:\/\/tourtravelandmore.com\/fr\/tours\/ecosse-fr\/edinburgh-fr\/visite-privee-de-stirling-du-queens-view-et-des-highlands-copy\/#primaryimage\"},\"image\":{\"@id\":\"https:\/\/tourtravelandmore.com\/fr\/tours\/ecosse-fr\/edinburgh-fr\/visite-privee-de-stirling-du-queens-view-et-des-highlands-copy\/#primaryimage\"},\"thumbnailUrl\":\"https:\/\/tourtravelandmore.com\/wp-content\/uploads\/2025\/04\/pexels-pille-kirsi-222198-1717356-1.jpg\",\"datePublished\":\"2025-04-14T17:17:43+00:00\",\"dateModified\":\"2025-04-16T16:05:24+00:00\",\"description\":\"Profitez de cette Visite priv\u00e9e de St Andrews, des \u00eeles Falkland, des falaises et du ch\u00e2teau de Dunnottar enti\u00e8rement personnalis\u00e9e et profitez de leurs monuments et sites les plus importants aux c\u00f4t\u00e9s d'un guide priv\u00e9.\",\"breadcrumb\":{\"@id\":\"https:\/\/tourtravelandmore.com\/fr\/tours\/ecosse-fr\/edinburgh-fr\/visite-privee-de-stirling-du-queens-view-et-des-highlands-copy\/#breadcrumb\"},\"inLanguage\":\"fr-FR\",\"potentialAction\":[{\"@type\":\"ReadAction\",\"target\":[\"https:\/\/tourtravelandmore.com\/fr\/tours\/ecosse-fr\/edinburgh-fr\/visite-privee-de-stirling-du-queens-view-et-des-highlands-copy\/\"]}]},{\"@type\":\"ImageObject\",\"inLanguage\":\"fr-FR\",\"@id\":\"https:\/\/tourtravelandmore.com\/fr\/tours\/ecosse-fr\/edinburgh-fr\/visite-privee-de-stirling-du-queens-view-et-des-highlands-copy\/#primaryimage\",\"url\":\"https:\/\/tourtravelandmore.com\/wp-content\/uploads\/2025\/04\/pexels-pille-kirsi-222198-1717356-1.jpg\",\"contentUrl\":\"https:\/\/tourtravelandmore.com\/wp-content\/uploads\/2025\/04\/pexels-pille-kirsi-222198-1717356-1.jpg\",\"width\":1280,\"height\":768},{\"@type\":\"BreadcrumbList\",\"@id\":\"https:\/\/tourtravelandmore.com\/fr\/tours\/ecosse-fr\/edinburgh-fr\/visite-privee-de-stirling-du-queens-view-et-des-highlands-copy\/#breadcrumb\",\"itemListElement\":[{\"@type\":\"ListItem\",\"position\":1,\"name\":\"Home\",\"item\":\"https:\/\/tourtravelandmore.com\/fr\/\"},{\"@type\":\"ListItem\",\"position\":2,\"name\":\"Tours\",\"item\":\"https:\/\/tourtravelandmore.com\/fr\/tours\/\"},{\"@type\":\"ListItem\",\"position\":3,\"name\":\"Visite priv\u00e9e de St Andrews, des \u00eeles Falkland, des falaises et du ch\u00e2teau de Dunnottar\"}]},{\"@type\":\"WebSite\",\"@id\":\"https:\/\/tourtravelandmore.com\/fr\/#website\",\"url\":\"https:\/\/tourtravelandmore.com\/fr\/\",\"name\":\"Tour Travel And More\",\"description\":\"Private sightseeing tours and luxury transfers in Spain\",\"publisher\":{\"@id\":\"https:\/\/tourtravelandmore.com\/fr\/#organization\"},\"potentialAction\":[{\"@type\":\"SearchAction\",\"target\":{\"@type\":\"EntryPoint\",\"urlTemplate\":\"https:\/\/tourtravelandmore.com\/fr\/?s={search_term_string}\"},\"query-input\":{\"@type\":\"PropertyValueSpecification\",\"valueRequired\":true,\"valueName\":\"search_term_string\"}}],\"inLanguage\":\"fr-FR\"},{\"@type\":\"Organization\",\"@id\":\"https:\/\/tourtravelandmore.com\/fr\/#organization\",\"name\":\"Tour Travel And More\",\"url\":\"https:\/\/tourtravelandmore.com\/fr\/\",\"logo\":{\"@type\":\"ImageObject\",\"inLanguage\":\"fr-FR\",\"@id\":\"https:\/\/tourtravelandmore.com\/fr\/#\/schema\/logo\/image\/\",\"url\":\"https:\/\/tourtravelandmore.com\/wp-content\/uploads\/2022\/12\/cropped-logo-cabecera-new.png\",\"contentUrl\":\"https:\/\/tourtravelandmore.com\/wp-content\/uploads\/2022\/12\/cropped-logo-cabecera-new.png\",\"width\":430,\"height\":61,\"caption\":\"Tour Travel And More\"},\"image\":{\"@id\":\"https:\/\/tourtravelandmore.com\/fr\/#\/schema\/logo\/image\/\"},\"sameAs\":[\"https:\/\/www.facebook.com\/tourtravelandmore\/\",\"https:\/\/x.com\/TourTravel_More\"]}]}<\/script>\n<!-- \/ Yoast SEO Premium plugin. -->","yoast_head_json":{"title":"Visite priv\u00e9e de St Andrews, des \u00eeles Falkland, des falaises et du ch\u00e2teau de Dunnottar","description":"Profitez de cette Visite priv\u00e9e de St Andrews, des \u00eeles Falkland, des falaises et du ch\u00e2teau de Dunnottar enti\u00e8rement personnalis\u00e9e et profitez de leurs monuments et sites les plus importants aux c\u00f4t\u00e9s d'un guide priv\u00e9.","robots":{"index":"index","follow":"follow","max-snippet":"max-snippet:-1","max-image-preview":"max-image-preview:large","max-video-preview":"max-video-preview:-1"},"canonical":"https:\/\/tourtravelandmore.com\/fr\/tours\/ecosse-fr\/edinburgh-fr\/visite-privee-de-stirling-du-queens-view-et-des-highlands-copy\/","og_locale":"fr_FR","og_type":"article","og_title":"Visite priv\u00e9e de St Andrews, des \u00eeles Falkland, des falaises et du ch\u00e2teau de Dunnottar","og_description":"Profitez de cette Visite priv\u00e9e de St Andrews, des \u00eeles Falkland, des falaises et du ch\u00e2teau de Dunnottar enti\u00e8rement personnalis\u00e9e et profitez de leurs monuments et sites les plus importants aux c\u00f4t\u00e9s d'un guide priv\u00e9.","og_url":"https:\/\/tourtravelandmore.com\/fr\/tours\/ecosse-fr\/edinburgh-fr\/visite-privee-de-stirling-du-queens-view-et-des-highlands-copy\/","og_site_name":"Tour Travel And More","article_publisher":"https:\/\/www.facebook.com\/tourtravelandmore\/","article_modified_time":"2025-04-16T16:05:24+00:00","og_image":[{"width":1280,"height":768,"url":"https:\/\/tourtravelandmore.com\/wp-content\/uploads\/2025\/04\/pexels-pille-kirsi-222198-1717356-1.jpg","type":"image\/jpeg"}],"twitter_card":"summary_large_image","twitter_site":"@TourTravel_More","twitter_misc":{"Dur\u00e9e de lecture estim\u00e9e":"2 minutes"},"schema":{"@context":"https:\/\/schema.org","@graph":[{"@type":"WebPage","@id":"https:\/\/tourtravelandmore.com\/fr\/tours\/ecosse-fr\/edinburgh-fr\/visite-privee-de-stirling-du-queens-view-et-des-highlands-copy\/","url":"https:\/\/tourtravelandmore.com\/fr\/tours\/ecosse-fr\/edinburgh-fr\/visite-privee-de-stirling-du-queens-view-et-des-highlands-copy\/","name":"Visite priv\u00e9e de St Andrews, des \u00eeles Falkland, des falaises et du ch\u00e2teau de Dunnottar","isPartOf":{"@id":"https:\/\/tourtravelandmore.com\/fr\/#website"},"primaryImageOfPage":{"@id":"https:\/\/tourtravelandmore.com\/fr\/tours\/ecosse-fr\/edinburgh-fr\/visite-privee-de-stirling-du-queens-view-et-des-highlands-copy\/#primaryimage"},"image":{"@id":"https:\/\/tourtravelandmore.com\/fr\/tours\/ecosse-fr\/edinburgh-fr\/visite-privee-de-stirling-du-queens-view-et-des-highlands-copy\/#primaryimage"},"thumbnailUrl":"https:\/\/tourtravelandmore.com\/wp-content\/uploads\/2025\/04\/pexels-pille-kirsi-222198-1717356-1.jpg","datePublished":"2025-04-14T17:17:43+00:00","dateModified":"2025-04-16T16:05:24+00:00","description":"Profitez de cette Visite priv\u00e9e de St Andrews, des \u00eeles Falkland, des falaises et du ch\u00e2teau de Dunnottar enti\u00e8rement personnalis\u00e9e et profitez de leurs monuments et sites les plus importants aux c\u00f4t\u00e9s d'un guide priv\u00e9.","breadcrumb":{"@id":"https:\/\/tourtravelandmore.com\/fr\/tours\/ecosse-fr\/edinburgh-fr\/visite-privee-de-stirling-du-queens-view-et-des-highlands-copy\/#breadcrumb"},"inLanguage":"fr-FR","potentialAction":[{"@type":"ReadAction","target":["https:\/\/tourtravelandmore.com\/fr\/tours\/ecosse-fr\/edinburgh-fr\/visite-privee-de-stirling-du-queens-view-et-des-highlands-copy\/"]}]},{"@type":"ImageObject","inLanguage":"fr-FR","@id":"https:\/\/tourtravelandmore.com\/fr\/tours\/ecosse-fr\/edinburgh-fr\/visite-privee-de-stirling-du-queens-view-et-des-highlands-copy\/#primaryimage","url":"https:\/\/tourtravelandmore.com\/wp-content\/uploads\/2025\/04\/pexels-pille-kirsi-222198-1717356-1.jpg","contentUrl":"https:\/\/tourtravelandmore.com\/wp-content\/uploads\/2025\/04\/pexels-pille-kirsi-222198-1717356-1.jpg","width":1280,"height":768},{"@type":"BreadcrumbList","@id":"https:\/\/tourtravelandmore.com\/fr\/tours\/ecosse-fr\/edinburgh-fr\/visite-privee-de-stirling-du-queens-view-et-des-highlands-copy\/#breadcrumb","itemListElement":[{"@type":"ListItem","position":1,"name":"Home","item":"https:\/\/tourtravelandmore.com\/fr\/"},{"@type":"ListItem","position":2,"name":"Tours","item":"https:\/\/tourtravelandmore.com\/fr\/tours\/"},{"@type":"ListItem","position":3,"name":"Visite priv\u00e9e de St Andrews, des \u00eeles Falkland, des falaises et du ch\u00e2teau de Dunnottar"}]},{"@type":"WebSite","@id":"https:\/\/tourtravelandmore.com\/fr\/#website","url":"https:\/\/tourtravelandmore.com\/fr\/","name":"Tour Travel And More","description":"Private sightseeing tours and luxury transfers in Spain","publisher":{"@id":"https:\/\/tourtravelandmore.com\/fr\/#organization"},"potentialAction":[{"@type":"SearchAction","target":{"@type":"EntryPoint","urlTemplate":"https:\/\/tourtravelandmore.com\/fr\/?s={search_term_string}"},"query-input":{"@type":"PropertyValueSpecification","valueRequired":true,"valueName":"search_term_string"}}],"inLanguage":"fr-FR"},{"@type":"Organization","@id":"https:\/\/tourtravelandmore.com\/fr\/#organization","name":"Tour Travel And More","url":"https:\/\/tourtravelandmore.com\/fr\/","logo":{"@type":"ImageObject","inLanguage":"fr-FR","@id":"https:\/\/tourtravelandmore.com\/fr\/#\/schema\/logo\/image\/","url":"https:\/\/tourtravelandmore.com\/wp-content\/uploads\/2022\/12\/cropped-logo-cabecera-new.png","contentUrl":"https:\/\/tourtravelandmore.com\/wp-content\/uploads\/2022\/12\/cropped-logo-cabecera-new.png","width":430,"height":61,"caption":"Tour Travel And More"},"image":{"@id":"https:\/\/tourtravelandmore.com\/fr\/#\/schema\/logo\/image\/"},"sameAs":["https:\/\/www.facebook.com\/tourtravelandmore\/","https:\/\/x.com\/TourTravel_More"]}]}},"_links":{"self":[{"href":"https:\/\/tourtravelandmore.com\/fr\/wp-json\/wp\/v2\/product\/182407","targetHints":{"allow":["GET"]}}],"collection":[{"href":"https:\/\/tourtravelandmore.com\/fr\/wp-json\/wp\/v2\/product"}],"about":[{"href":"https:\/\/tourtravelandmore.com\/fr\/wp-json\/wp\/v2\/types\/product"}],"replies":[{"embeddable":true,"href":"https:\/\/tourtravelandmore.com\/fr\/wp-json\/wp\/v2\/comments?post=182407"}],"wp:featuredmedia":[{"embeddable":true,"href":"https:\/\/tourtravelandmore.com\/fr\/wp-json\/wp\/v2\/media\/182417"}],"wp:attachment":[{"href":"https:\/\/tourtravelandmore.com\/fr\/wp-json\/wp\/v2\/media?parent=182407"}],"wp:term":[{"taxonomy":"product_brand","embeddable":true,"href":"https:\/\/tourtravelandmore.com\/fr\/wp-json\/wp\/v2\/product_brand?post=182407"},{"taxonomy":"product_cat","embeddable":true,"href":"https:\/\/tourtravelandmore.com\/fr\/wp-json\/wp\/v2\/product_cat?post=182407"},{"taxonomy":"product_tag","embeddable":true,"href":"https:\/\/tourtravelandmore.com\/fr\/wp-json\/wp\/v2\/product_tag?post=182407"}],"curies":[{"name":"wp","href":"https:\/\/api.w.org\/{rel}","templated":true}]}}