{"id":182381,"date":"2025-04-14T19:02:02","date_gmt":"2025-04-14T17:02:13","guid":{"rendered":"https:\/\/tourtravelandmore.com\/?post_type=product&#038;p=182381"},"modified":"2025-04-16T16:27:46","modified_gmt":"2025-04-16T14:27:46","slug":"visite-privee-dune-journee-a-stirling-et-st-andrews-copy","status":"publish","type":"product","link":"https:\/\/tourtravelandmore.com\/fr\/tours\/ecosse-fr\/edinburgh-fr\/visite-privee-dune-journee-a-stirling-et-st-andrews-copy\/","title":{"rendered":"Visite priv\u00e9e de Stirling, du Queen&#8217;s View et des Highlands"},"content":{"rendered":"<h2><b><strong>Visite priv\u00e9e de Stirling, du Queen&#8217;s View et des Highlands Description<\/strong><\/b><\/h2>\n<p>D\u00e9couvrez la beaut\u00e9, l&#8217;histoire et l&#8217;esprit de l&#8217;\u00c9cosse lors de cette visite priv\u00e9e exclusive de 12 heures au d\u00e9part d&#8217;\u00c9dimbourg. Voyagez confortablement avec votre chauffeur-guide personnel en anglais tout en explorant certains des sites les plus embl\u00e9matiques du pays : le majestueux ch\u00e2teau de Stirling, le Queen&#8217;s View \u00e0 couper le souffle et les paysages \u00e9poustouflants des Highlands \u00e9cossais.<\/p>\n<p>Cette exp\u00e9rience sur mesure comprend \u00e9galement un arr\u00eat m\u00e9morable \u00e0 la c\u00e9l\u00e8bre <b>distillerie Blair Athol<\/b>, o\u00f9 vous profiterez d&#8217;une d\u00e9gustation guid\u00e9e de whisky et d\u00e9couvrirez l&#8217;une des traditions les plus appr\u00e9ci\u00e9es d&#8217;\u00c9cosse. Avec un \u00e9quilibre entre histoire, nature et saveurs locales, cette visite offre un voyage immersif au c\u0153ur de l&#8217;\u00c9cosse, parfait pour ceux qui recherchent une journ\u00e9e inoubliable.<\/p>\n<p>Cette visite est le m\u00e9lange parfait d&#8217;histoire, de culture et de tradition, id\u00e9ale pour les voyageurs \u00e0 la recherche d&#8217;une exp\u00e9rience \u00e9cossaise plus profonde et plus authentique.<\/p>\n<h2>Visite priv\u00e9e de Stirling, Queen&#8217;s View et des Highlands | Points d&#8217;int\u00e9r\u00eat et sites touristiques<\/h2>\n<ul>\n<li><b>Queen&#8217;s View :<\/b> Profitez d&#8217;une vue panoramique sur le Loch Tummel, c\u00e9l\u00e8bre pour avoir \u00e9t\u00e9 nomm\u00e9 d&#8217;apr\u00e8s la reine Victoria. L&#8217;un des endroits les plus photographi\u00e9s d&#8217;\u00c9cosse.<\/li>\n<li><b>Visite de la distillerie Blair Athol et d\u00e9gustation de whisky :<\/b> Visitez cette distillerie historique de Pitlochry et profitez d&#8217;une s\u00e9ance de d\u00e9gustation de leur whisky \u00e9cossais single malt unique.<\/li>\n<li><b>Route des Highlands \u00e9cossais :<\/b> \u00c9merveillez-vous devant la beaut\u00e9 sauvage des Highlands en parcourant des collines, des vallons et des lochs dans un v\u00e9hicule de luxe.<\/li>\n<li><b>Chauffeur-guide priv\u00e9 en anglais :<\/b> Voyagez dans un v\u00e9hicule haut de gamme avec un chauffeur\/guide anglophone exp\u00e9riment\u00e9 qui adaptera l&#8217;exp\u00e9rience \u00e0 vos int\u00e9r\u00eats.<\/li>\n<\/ul>\n<p>Laissez <b>Tour Travel &amp; More<\/b> vous faire d\u00e9couvrir l&#8217;\u00c9cosse au-del\u00e0 des guides touristiques avec cette aventure \u00e9cossaise personnalis\u00e9e.<\/p>\n<p><a href=\"https:\/\/tourtravelandmore.com\/fr\/city\/ecosse-fr\/edinburgh-en\/\">Jetez un \u0153il \u00e0 toutes nos visites priv\u00e9es \u00e0 \u00c9dimbourg, ne les manquez pas !<\/a><\/p>\n","protected":false},"excerpt":{"rendered":"<p>D\u00e9couvrez la beaut\u00e9, l&#8217;histoire et l&#8217;esprit de l&#8217;\u00c9cosse lors de cette visite priv\u00e9e exclusive de 12 heures au d\u00e9part d&#8217;\u00c9dimbourg. Voyagez confortablement avec votre chauffeur-guide personnel en anglais tout en explorant certains des sites les plus embl\u00e9matiques du pays : le majestueux ch\u00e2teau de Stirling, le Queen&#8217;s View \u00e0 couper le souffle et les paysages \u00e9poustouflants des Highlands \u00e9cossais.<\/p>\n","protected":false},"featured_media":182391,"comment_status":"open","ping_status":"closed","template":"","meta":{"_acf_changed":false},"product_brand":[],"product_cat":[5504,5505,3741,3826,3545],"product_tag":[],"class_list":{"0":"post-182381","1":"product","2":"type-product","3":"status-publish","4":"has-post-thumbnail","6":"product_cat-all-private-tours-activities-fr-37","7":"product_cat-private-sightseeing-tours-fr-45","8":"product_cat-ecosse-fr","9":"product_cat-edinburgh-fr","10":"product_cat-royaume-uni-fr","12":"first","13":"instock","14":"shipping-taxable","15":"purchasable","16":"product-type-simple"},"acf":[],"yoast_head":"<!-- This site is optimized with the Yoast SEO Premium plugin v25.3.1 (Yoast SEO v25.3.1) - https:\/\/yoast.com\/wordpress\/plugins\/seo\/ -->\n<title>Visite priv\u00e9e de Stirling, du Queen&#039;s View et des Highlands<\/title>\n<meta name=\"description\" content=\"Profitez de cette Visite priv\u00e9e de Stirling, du Queen&#039;s View et des Highlandss enti\u00e8rement personnalis\u00e9e et profitez de leurs monuments et sites les plus importants aux c\u00f4t\u00e9s d&#039;un guide priv\u00e9.\" \/>\n<meta name=\"robots\" content=\"index, follow, max-snippet:-1, max-image-preview:large, max-video-preview:-1\" \/>\n<link rel=\"canonical\" href=\"https:\/\/tourtravelandmore.com\/fr\/tours\/ecosse-fr\/edinburgh-fr\/visite-privee-dune-journee-a-stirling-et-st-andrews-copy\/\" \/>\n<meta property=\"og:locale\" content=\"fr_FR\" \/>\n<meta property=\"og:type\" content=\"article\" \/>\n<meta property=\"og:title\" content=\"Visite priv\u00e9e de Stirling, du Queen&#039;s View et des Highlands\" \/>\n<meta property=\"og:description\" content=\"Profitez de cette Visite priv\u00e9e de Stirling, du Queen&#039;s View et des Highlandss enti\u00e8rement personnalis\u00e9e et profitez de leurs monuments et sites les plus importants aux c\u00f4t\u00e9s d&#039;un guide priv\u00e9.\" \/>\n<meta property=\"og:url\" content=\"https:\/\/tourtravelandmore.com\/fr\/tours\/ecosse-fr\/edinburgh-fr\/visite-privee-dune-journee-a-stirling-et-st-andrews-copy\/\" \/>\n<meta property=\"og:site_name\" content=\"Tour Travel And More\" \/>\n<meta property=\"article:publisher\" content=\"https:\/\/www.facebook.com\/tourtravelandmore\/\" \/>\n<meta property=\"article:modified_time\" content=\"2025-04-16T14:27:46+00:00\" \/>\n<meta property=\"og:image\" content=\"https:\/\/tourtravelandmore.com\/wp-content\/uploads\/2025\/04\/pexels-lewis-ashton-117694088-12148261-1.jpg\" \/>\n\t<meta property=\"og:image:width\" content=\"1280\" \/>\n\t<meta property=\"og:image:height\" content=\"960\" \/>\n\t<meta property=\"og:image:type\" content=\"image\/jpeg\" \/>\n<meta name=\"twitter:card\" content=\"summary_large_image\" \/>\n<meta name=\"twitter:site\" content=\"@TourTravel_More\" \/>\n<meta name=\"twitter:label1\" content=\"Dur\u00e9e de lecture estim\u00e9e\" \/>\n\t<meta name=\"twitter:data1\" content=\"2 minutes\" \/>\n<script type=\"application\/ld+json\" class=\"yoast-schema-graph\">{\"@context\":\"https:\/\/schema.org\",\"@graph\":[{\"@type\":\"WebPage\",\"@id\":\"https:\/\/tourtravelandmore.com\/fr\/tours\/ecosse-fr\/edinburgh-fr\/visite-privee-dune-journee-a-stirling-et-st-andrews-copy\/\",\"url\":\"https:\/\/tourtravelandmore.com\/fr\/tours\/ecosse-fr\/edinburgh-fr\/visite-privee-dune-journee-a-stirling-et-st-andrews-copy\/\",\"name\":\"Visite priv\u00e9e de Stirling, du Queen's View et des Highlands\",\"isPartOf\":{\"@id\":\"https:\/\/tourtravelandmore.com\/fr\/#website\"},\"primaryImageOfPage\":{\"@id\":\"https:\/\/tourtravelandmore.com\/fr\/tours\/ecosse-fr\/edinburgh-fr\/visite-privee-dune-journee-a-stirling-et-st-andrews-copy\/#primaryimage\"},\"image\":{\"@id\":\"https:\/\/tourtravelandmore.com\/fr\/tours\/ecosse-fr\/edinburgh-fr\/visite-privee-dune-journee-a-stirling-et-st-andrews-copy\/#primaryimage\"},\"thumbnailUrl\":\"https:\/\/tourtravelandmore.com\/wp-content\/uploads\/2025\/04\/pexels-lewis-ashton-117694088-12148261-1.jpg\",\"datePublished\":\"2025-04-14T17:02:13+00:00\",\"dateModified\":\"2025-04-16T14:27:46+00:00\",\"description\":\"Profitez de cette Visite priv\u00e9e de Stirling, du Queen's View et des Highlandss enti\u00e8rement personnalis\u00e9e et profitez de leurs monuments et sites les plus importants aux c\u00f4t\u00e9s d'un guide priv\u00e9.\",\"breadcrumb\":{\"@id\":\"https:\/\/tourtravelandmore.com\/fr\/tours\/ecosse-fr\/edinburgh-fr\/visite-privee-dune-journee-a-stirling-et-st-andrews-copy\/#breadcrumb\"},\"inLanguage\":\"fr-FR\",\"potentialAction\":[{\"@type\":\"ReadAction\",\"target\":[\"https:\/\/tourtravelandmore.com\/fr\/tours\/ecosse-fr\/edinburgh-fr\/visite-privee-dune-journee-a-stirling-et-st-andrews-copy\/\"]}]},{\"@type\":\"ImageObject\",\"inLanguage\":\"fr-FR\",\"@id\":\"https:\/\/tourtravelandmore.com\/fr\/tours\/ecosse-fr\/edinburgh-fr\/visite-privee-dune-journee-a-stirling-et-st-andrews-copy\/#primaryimage\",\"url\":\"https:\/\/tourtravelandmore.com\/wp-content\/uploads\/2025\/04\/pexels-lewis-ashton-117694088-12148261-1.jpg\",\"contentUrl\":\"https:\/\/tourtravelandmore.com\/wp-content\/uploads\/2025\/04\/pexels-lewis-ashton-117694088-12148261-1.jpg\",\"width\":1280,\"height\":960},{\"@type\":\"BreadcrumbList\",\"@id\":\"https:\/\/tourtravelandmore.com\/fr\/tours\/ecosse-fr\/edinburgh-fr\/visite-privee-dune-journee-a-stirling-et-st-andrews-copy\/#breadcrumb\",\"itemListElement\":[{\"@type\":\"ListItem\",\"position\":1,\"name\":\"Home\",\"item\":\"https:\/\/tourtravelandmore.com\/fr\/\"},{\"@type\":\"ListItem\",\"position\":2,\"name\":\"Tours\",\"item\":\"https:\/\/tourtravelandmore.com\/fr\/tours\/\"},{\"@type\":\"ListItem\",\"position\":3,\"name\":\"Visite priv\u00e9e de Stirling, du Queen&#8217;s View et des Highlands\"}]},{\"@type\":\"WebSite\",\"@id\":\"https:\/\/tourtravelandmore.com\/fr\/#website\",\"url\":\"https:\/\/tourtravelandmore.com\/fr\/\",\"name\":\"Tour Travel And More\",\"description\":\"Private sightseeing tours and luxury transfers in Spain\",\"publisher\":{\"@id\":\"https:\/\/tourtravelandmore.com\/fr\/#organization\"},\"potentialAction\":[{\"@type\":\"SearchAction\",\"target\":{\"@type\":\"EntryPoint\",\"urlTemplate\":\"https:\/\/tourtravelandmore.com\/fr\/?s={search_term_string}\"},\"query-input\":{\"@type\":\"PropertyValueSpecification\",\"valueRequired\":true,\"valueName\":\"search_term_string\"}}],\"inLanguage\":\"fr-FR\"},{\"@type\":\"Organization\",\"@id\":\"https:\/\/tourtravelandmore.com\/fr\/#organization\",\"name\":\"Tour Travel And More\",\"url\":\"https:\/\/tourtravelandmore.com\/fr\/\",\"logo\":{\"@type\":\"ImageObject\",\"inLanguage\":\"fr-FR\",\"@id\":\"https:\/\/tourtravelandmore.com\/fr\/#\/schema\/logo\/image\/\",\"url\":\"https:\/\/tourtravelandmore.com\/wp-content\/uploads\/2022\/12\/cropped-logo-cabecera-new.png\",\"contentUrl\":\"https:\/\/tourtravelandmore.com\/wp-content\/uploads\/2022\/12\/cropped-logo-cabecera-new.png\",\"width\":430,\"height\":61,\"caption\":\"Tour Travel And More\"},\"image\":{\"@id\":\"https:\/\/tourtravelandmore.com\/fr\/#\/schema\/logo\/image\/\"},\"sameAs\":[\"https:\/\/www.facebook.com\/tourtravelandmore\/\",\"https:\/\/x.com\/TourTravel_More\"]}]}<\/script>\n<!-- \/ Yoast SEO Premium plugin. -->","yoast_head_json":{"title":"Visite priv\u00e9e de Stirling, du Queen's View et des Highlands","description":"Profitez de cette Visite priv\u00e9e de Stirling, du Queen's View et des Highlandss enti\u00e8rement personnalis\u00e9e et profitez de leurs monuments et sites les plus importants aux c\u00f4t\u00e9s d'un guide priv\u00e9.","robots":{"index":"index","follow":"follow","max-snippet":"max-snippet:-1","max-image-preview":"max-image-preview:large","max-video-preview":"max-video-preview:-1"},"canonical":"https:\/\/tourtravelandmore.com\/fr\/tours\/ecosse-fr\/edinburgh-fr\/visite-privee-dune-journee-a-stirling-et-st-andrews-copy\/","og_locale":"fr_FR","og_type":"article","og_title":"Visite priv\u00e9e de Stirling, du Queen's View et des Highlands","og_description":"Profitez de cette Visite priv\u00e9e de Stirling, du Queen's View et des Highlandss enti\u00e8rement personnalis\u00e9e et profitez de leurs monuments et sites les plus importants aux c\u00f4t\u00e9s d'un guide priv\u00e9.","og_url":"https:\/\/tourtravelandmore.com\/fr\/tours\/ecosse-fr\/edinburgh-fr\/visite-privee-dune-journee-a-stirling-et-st-andrews-copy\/","og_site_name":"Tour Travel And More","article_publisher":"https:\/\/www.facebook.com\/tourtravelandmore\/","article_modified_time":"2025-04-16T14:27:46+00:00","og_image":[{"width":1280,"height":960,"url":"https:\/\/tourtravelandmore.com\/wp-content\/uploads\/2025\/04\/pexels-lewis-ashton-117694088-12148261-1.jpg","type":"image\/jpeg"}],"twitter_card":"summary_large_image","twitter_site":"@TourTravel_More","twitter_misc":{"Dur\u00e9e de lecture estim\u00e9e":"2 minutes"},"schema":{"@context":"https:\/\/schema.org","@graph":[{"@type":"WebPage","@id":"https:\/\/tourtravelandmore.com\/fr\/tours\/ecosse-fr\/edinburgh-fr\/visite-privee-dune-journee-a-stirling-et-st-andrews-copy\/","url":"https:\/\/tourtravelandmore.com\/fr\/tours\/ecosse-fr\/edinburgh-fr\/visite-privee-dune-journee-a-stirling-et-st-andrews-copy\/","name":"Visite priv\u00e9e de Stirling, du Queen's View et des Highlands","isPartOf":{"@id":"https:\/\/tourtravelandmore.com\/fr\/#website"},"primaryImageOfPage":{"@id":"https:\/\/tourtravelandmore.com\/fr\/tours\/ecosse-fr\/edinburgh-fr\/visite-privee-dune-journee-a-stirling-et-st-andrews-copy\/#primaryimage"},"image":{"@id":"https:\/\/tourtravelandmore.com\/fr\/tours\/ecosse-fr\/edinburgh-fr\/visite-privee-dune-journee-a-stirling-et-st-andrews-copy\/#primaryimage"},"thumbnailUrl":"https:\/\/tourtravelandmore.com\/wp-content\/uploads\/2025\/04\/pexels-lewis-ashton-117694088-12148261-1.jpg","datePublished":"2025-04-14T17:02:13+00:00","dateModified":"2025-04-16T14:27:46+00:00","description":"Profitez de cette Visite priv\u00e9e de Stirling, du Queen's View et des Highlandss enti\u00e8rement personnalis\u00e9e et profitez de leurs monuments et sites les plus importants aux c\u00f4t\u00e9s d'un guide priv\u00e9.","breadcrumb":{"@id":"https:\/\/tourtravelandmore.com\/fr\/tours\/ecosse-fr\/edinburgh-fr\/visite-privee-dune-journee-a-stirling-et-st-andrews-copy\/#breadcrumb"},"inLanguage":"fr-FR","potentialAction":[{"@type":"ReadAction","target":["https:\/\/tourtravelandmore.com\/fr\/tours\/ecosse-fr\/edinburgh-fr\/visite-privee-dune-journee-a-stirling-et-st-andrews-copy\/"]}]},{"@type":"ImageObject","inLanguage":"fr-FR","@id":"https:\/\/tourtravelandmore.com\/fr\/tours\/ecosse-fr\/edinburgh-fr\/visite-privee-dune-journee-a-stirling-et-st-andrews-copy\/#primaryimage","url":"https:\/\/tourtravelandmore.com\/wp-content\/uploads\/2025\/04\/pexels-lewis-ashton-117694088-12148261-1.jpg","contentUrl":"https:\/\/tourtravelandmore.com\/wp-content\/uploads\/2025\/04\/pexels-lewis-ashton-117694088-12148261-1.jpg","width":1280,"height":960},{"@type":"BreadcrumbList","@id":"https:\/\/tourtravelandmore.com\/fr\/tours\/ecosse-fr\/edinburgh-fr\/visite-privee-dune-journee-a-stirling-et-st-andrews-copy\/#breadcrumb","itemListElement":[{"@type":"ListItem","position":1,"name":"Home","item":"https:\/\/tourtravelandmore.com\/fr\/"},{"@type":"ListItem","position":2,"name":"Tours","item":"https:\/\/tourtravelandmore.com\/fr\/tours\/"},{"@type":"ListItem","position":3,"name":"Visite priv\u00e9e de Stirling, du Queen&#8217;s View et des Highlands"}]},{"@type":"WebSite","@id":"https:\/\/tourtravelandmore.com\/fr\/#website","url":"https:\/\/tourtravelandmore.com\/fr\/","name":"Tour Travel And More","description":"Private sightseeing tours and luxury transfers in Spain","publisher":{"@id":"https:\/\/tourtravelandmore.com\/fr\/#organization"},"potentialAction":[{"@type":"SearchAction","target":{"@type":"EntryPoint","urlTemplate":"https:\/\/tourtravelandmore.com\/fr\/?s={search_term_string}"},"query-input":{"@type":"PropertyValueSpecification","valueRequired":true,"valueName":"search_term_string"}}],"inLanguage":"fr-FR"},{"@type":"Organization","@id":"https:\/\/tourtravelandmore.com\/fr\/#organization","name":"Tour Travel And More","url":"https:\/\/tourtravelandmore.com\/fr\/","logo":{"@type":"ImageObject","inLanguage":"fr-FR","@id":"https:\/\/tourtravelandmore.com\/fr\/#\/schema\/logo\/image\/","url":"https:\/\/tourtravelandmore.com\/wp-content\/uploads\/2022\/12\/cropped-logo-cabecera-new.png","contentUrl":"https:\/\/tourtravelandmore.com\/wp-content\/uploads\/2022\/12\/cropped-logo-cabecera-new.png","width":430,"height":61,"caption":"Tour Travel And More"},"image":{"@id":"https:\/\/tourtravelandmore.com\/fr\/#\/schema\/logo\/image\/"},"sameAs":["https:\/\/www.facebook.com\/tourtravelandmore\/","https:\/\/x.com\/TourTravel_More"]}]}},"_links":{"self":[{"href":"https:\/\/tourtravelandmore.com\/fr\/wp-json\/wp\/v2\/product\/182381","targetHints":{"allow":["GET"]}}],"collection":[{"href":"https:\/\/tourtravelandmore.com\/fr\/wp-json\/wp\/v2\/product"}],"about":[{"href":"https:\/\/tourtravelandmore.com\/fr\/wp-json\/wp\/v2\/types\/product"}],"replies":[{"embeddable":true,"href":"https:\/\/tourtravelandmore.com\/fr\/wp-json\/wp\/v2\/comments?post=182381"}],"wp:featuredmedia":[{"embeddable":true,"href":"https:\/\/tourtravelandmore.com\/fr\/wp-json\/wp\/v2\/media\/182391"}],"wp:attachment":[{"href":"https:\/\/tourtravelandmore.com\/fr\/wp-json\/wp\/v2\/media?parent=182381"}],"wp:term":[{"taxonomy":"product_brand","embeddable":true,"href":"https:\/\/tourtravelandmore.com\/fr\/wp-json\/wp\/v2\/product_brand?post=182381"},{"taxonomy":"product_cat","embeddable":true,"href":"https:\/\/tourtravelandmore.com\/fr\/wp-json\/wp\/v2\/product_cat?post=182381"},{"taxonomy":"product_tag","embeddable":true,"href":"https:\/\/tourtravelandmore.com\/fr\/wp-json\/wp\/v2\/product_tag?post=182381"}],"curies":[{"name":"wp","href":"https:\/\/api.w.org\/{rel}","templated":true}]}}