{"id":182315,"date":"2025-04-11T18:59:00","date_gmt":"2025-04-11T16:59:03","guid":{"rendered":"https:\/\/tourtravelandmore.com\/?post_type=product&#038;p=182315"},"modified":"2025-04-11T20:50:44","modified_gmt":"2025-04-11T18:50:44","slug":"visite-privee-dune-journee-a-glasgow-au-depart-dedimbourg-copy","status":"publish","type":"product","link":"https:\/\/tourtravelandmore.com\/fr\/tours\/ecosse-fr\/edinburgh-fr\/visite-privee-dune-journee-a-glasgow-au-depart-dedimbourg-copy\/","title":{"rendered":"Visite priv\u00e9e d&#8217;une journ\u00e9e \u00e0 Stirling et St Andrews"},"content":{"rendered":"<h2><b><strong>Visite priv\u00e9e d&#8217;une journ\u00e9e \u00e0 Stirling et St Andrews Description<\/strong><\/b><\/h2>\n<p>D\u00e9couvrez le c\u0153ur de l&#8217;histoire et des traditions \u00e9cossaises lors de cette visite priv\u00e9e exclusive de 12 heures \u00e0 <b>Stirling et<\/b> <b>St Andrews<\/b>. Accompagn\u00e9 d&#8217;un chauffeur\/guide anglophone expert, vous voyagerez confortablement \u00e0 travers certains des paysages et sites culturels les plus embl\u00e9matiques d&#8217;\u00c9cosse.<\/p>\n<p>Cette visite est le m\u00e9lange parfait d&#8217;histoire, de culture et de tradition &#8211; id\u00e9ale pour les voyageurs \u00e0 la recherche d&#8217;une exp\u00e9rience \u00e9cossaise plus profonde et plus authentique.<\/p>\n<h2>Excursion priv\u00e9e d&#8217;une journ\u00e9e \u00e0 Stirling et St Andrews | Points d&#8217;int\u00e9r\u00eat et sites touristiques<\/h2>\n<p>Commencez votre journ\u00e9e par la visite du <b>ch\u00e2teau de Stirling<\/b>, l&#8217;un des ch\u00e2teaux les plus importants d&#8217;\u00c9cosse sur le plan historique. Perch\u00e9 au-dessus de la ville, il offre des vues spectaculaires et des r\u00e9cits fascinants sur la royaut\u00e9 et la guerre en \u00c9cosse. Votre billet d&#8217;entr\u00e9e est inclus, ce qui vous permet d&#8217;explorer \u00e0 votre rythme ses grandes salles, ses appartements royaux et son architecture Renaissance magnifiquement restaur\u00e9e.<\/p>\n<ul>\n<li>Exp\u00e9rience priv\u00e9e de 12 heures avec un chauffeur\/guide professionnel anglophone<\/li>\n<li>Entr\u00e9e au majestueux <b>ch\u00e2teau de Stirling<\/b><\/li>\n<li>Explorez la ville historique de <b>St Andrews<\/b> \u00e0 votre guise<\/li>\n<li>Visite guid\u00e9e et d\u00e9gustation dans une <b>distillerie de whisky locale<\/b><\/li>\n<li>Voyagez dans un v\u00e9hicule priv\u00e9 confortable<\/li>\n<li>Itin\u00e9raire personnalis\u00e9 et flexible<\/li>\n<\/ul>\n<p>Continuez votre voyage \u00e0 travers la campagne pittoresque jusqu&#8217;\u00e0 <b>St Andrews<\/b>, une charmante ville c\u00f4ti\u00e8re c\u00e9l\u00e8bre pour \u00eatre le \u00ab berceau du golf \u00bb et pour abriter la plus ancienne universit\u00e9 d&#8217;\u00c9cosse. Profitez de votre temps libre pour fl\u00e2ner dans les rues m\u00e9di\u00e9vales, visiter les ruines de la cath\u00e9drale ou vous promener le long des superbes plages.<\/p>\n<p><a href=\"https:\/\/tourtravelandmore.com\/fr\/city\/ecosse-fr\/edinburgh-en\/\">Jetez un \u0153il \u00e0 toutes nos visites priv\u00e9es \u00e0 \u00c9dimbourg, ne les manquez pas !<\/a><\/p>\n","protected":false},"excerpt":{"rendered":"<p>D\u00e9couvrez le c\u0153ur de l&#8217;histoire et des traditions \u00e9cossaises lors de cette visite priv\u00e9e exclusive de 12 heures \u00e0 <b>Stirling et<\/b> <b>St Andrews<\/b>. Accompagn\u00e9 d&#8217;un chauffeur\/guide anglophone expert, vous voyagerez confortablement \u00e0 travers certains des paysages et sites culturels les plus embl\u00e9matiques d&#8217;\u00c9cosse.<\/p>\n","protected":false},"featured_media":182325,"comment_status":"open","ping_status":"closed","template":"","meta":{"_acf_changed":false},"product_brand":[],"product_cat":[5504,5505,3741,3826,3545],"product_tag":[],"class_list":{"0":"post-182315","1":"product","2":"type-product","3":"status-publish","4":"has-post-thumbnail","6":"product_cat-all-private-tours-activities-fr-37","7":"product_cat-private-sightseeing-tours-fr-45","8":"product_cat-ecosse-fr","9":"product_cat-edinburgh-fr","10":"product_cat-royaume-uni-fr","12":"first","13":"instock","14":"shipping-taxable","15":"purchasable","16":"product-type-simple"},"acf":[],"yoast_head":"<!-- This site is optimized with the Yoast SEO Premium plugin v25.3.1 (Yoast SEO v25.3.1) - https:\/\/yoast.com\/wordpress\/plugins\/seo\/ -->\n<title>Visite priv\u00e9e d&#039;une journ\u00e9e \u00e0 Stirling et St Andrews<\/title>\n<meta name=\"description\" content=\"Profitez de cetteVisite priv\u00e9e d&#039;une journ\u00e9e \u00e0 Stirling et St Andrews enti\u00e8rement personnalis\u00e9e et profitez de leurs monuments et sites les plus importants aux c\u00f4t\u00e9s d&#039;un guide priv\u00e9.\" \/>\n<meta name=\"robots\" content=\"index, follow, max-snippet:-1, max-image-preview:large, max-video-preview:-1\" \/>\n<link rel=\"canonical\" href=\"https:\/\/tourtravelandmore.com\/fr\/tours\/ecosse-fr\/edinburgh-fr\/visite-privee-dune-journee-a-glasgow-au-depart-dedimbourg-copy\/\" \/>\n<meta property=\"og:locale\" content=\"fr_FR\" \/>\n<meta property=\"og:type\" content=\"article\" \/>\n<meta property=\"og:title\" content=\"Visite priv\u00e9e d&#039;une journ\u00e9e \u00e0 Stirling et St Andrews\" \/>\n<meta property=\"og:description\" content=\"Profitez de cetteVisite priv\u00e9e d&#039;une journ\u00e9e \u00e0 Stirling et St Andrews enti\u00e8rement personnalis\u00e9e et profitez de leurs monuments et sites les plus importants aux c\u00f4t\u00e9s d&#039;un guide priv\u00e9.\" \/>\n<meta property=\"og:url\" content=\"https:\/\/tourtravelandmore.com\/fr\/tours\/ecosse-fr\/edinburgh-fr\/visite-privee-dune-journee-a-glasgow-au-depart-dedimbourg-copy\/\" \/>\n<meta property=\"og:site_name\" content=\"Tour Travel And More\" \/>\n<meta property=\"article:publisher\" content=\"https:\/\/www.facebook.com\/tourtravelandmore\/\" \/>\n<meta property=\"article:modified_time\" content=\"2025-04-11T18:50:44+00:00\" \/>\n<meta property=\"og:image\" content=\"https:\/\/tourtravelandmore.com\/wp-content\/uploads\/2025\/04\/pexels-clement-proust-363898785-29969336.jpg\" \/>\n\t<meta property=\"og:image:width\" content=\"1280\" \/>\n\t<meta property=\"og:image:height\" content=\"720\" \/>\n\t<meta property=\"og:image:type\" content=\"image\/jpeg\" \/>\n<meta name=\"twitter:card\" content=\"summary_large_image\" \/>\n<meta name=\"twitter:site\" content=\"@TourTravel_More\" \/>\n<meta name=\"twitter:label1\" content=\"Dur\u00e9e de lecture estim\u00e9e\" \/>\n\t<meta name=\"twitter:data1\" content=\"2 minutes\" \/>\n<script type=\"application\/ld+json\" class=\"yoast-schema-graph\">{\"@context\":\"https:\/\/schema.org\",\"@graph\":[{\"@type\":\"WebPage\",\"@id\":\"https:\/\/tourtravelandmore.com\/fr\/tours\/ecosse-fr\/edinburgh-fr\/visite-privee-dune-journee-a-glasgow-au-depart-dedimbourg-copy\/\",\"url\":\"https:\/\/tourtravelandmore.com\/fr\/tours\/ecosse-fr\/edinburgh-fr\/visite-privee-dune-journee-a-glasgow-au-depart-dedimbourg-copy\/\",\"name\":\"Visite priv\u00e9e d'une journ\u00e9e \u00e0 Stirling et St Andrews\",\"isPartOf\":{\"@id\":\"https:\/\/tourtravelandmore.com\/fr\/#website\"},\"primaryImageOfPage\":{\"@id\":\"https:\/\/tourtravelandmore.com\/fr\/tours\/ecosse-fr\/edinburgh-fr\/visite-privee-dune-journee-a-glasgow-au-depart-dedimbourg-copy\/#primaryimage\"},\"image\":{\"@id\":\"https:\/\/tourtravelandmore.com\/fr\/tours\/ecosse-fr\/edinburgh-fr\/visite-privee-dune-journee-a-glasgow-au-depart-dedimbourg-copy\/#primaryimage\"},\"thumbnailUrl\":\"https:\/\/tourtravelandmore.com\/wp-content\/uploads\/2025\/04\/pexels-clement-proust-363898785-29969336.jpg\",\"datePublished\":\"2025-04-11T16:59:03+00:00\",\"dateModified\":\"2025-04-11T18:50:44+00:00\",\"description\":\"Profitez de cetteVisite priv\u00e9e d'une journ\u00e9e \u00e0 Stirling et St Andrews enti\u00e8rement personnalis\u00e9e et profitez de leurs monuments et sites les plus importants aux c\u00f4t\u00e9s d'un guide priv\u00e9.\",\"breadcrumb\":{\"@id\":\"https:\/\/tourtravelandmore.com\/fr\/tours\/ecosse-fr\/edinburgh-fr\/visite-privee-dune-journee-a-glasgow-au-depart-dedimbourg-copy\/#breadcrumb\"},\"inLanguage\":\"fr-FR\",\"potentialAction\":[{\"@type\":\"ReadAction\",\"target\":[\"https:\/\/tourtravelandmore.com\/fr\/tours\/ecosse-fr\/edinburgh-fr\/visite-privee-dune-journee-a-glasgow-au-depart-dedimbourg-copy\/\"]}]},{\"@type\":\"ImageObject\",\"inLanguage\":\"fr-FR\",\"@id\":\"https:\/\/tourtravelandmore.com\/fr\/tours\/ecosse-fr\/edinburgh-fr\/visite-privee-dune-journee-a-glasgow-au-depart-dedimbourg-copy\/#primaryimage\",\"url\":\"https:\/\/tourtravelandmore.com\/wp-content\/uploads\/2025\/04\/pexels-clement-proust-363898785-29969336.jpg\",\"contentUrl\":\"https:\/\/tourtravelandmore.com\/wp-content\/uploads\/2025\/04\/pexels-clement-proust-363898785-29969336.jpg\",\"width\":1280,\"height\":720},{\"@type\":\"BreadcrumbList\",\"@id\":\"https:\/\/tourtravelandmore.com\/fr\/tours\/ecosse-fr\/edinburgh-fr\/visite-privee-dune-journee-a-glasgow-au-depart-dedimbourg-copy\/#breadcrumb\",\"itemListElement\":[{\"@type\":\"ListItem\",\"position\":1,\"name\":\"Home\",\"item\":\"https:\/\/tourtravelandmore.com\/fr\/\"},{\"@type\":\"ListItem\",\"position\":2,\"name\":\"Tours\",\"item\":\"https:\/\/tourtravelandmore.com\/fr\/tours\/\"},{\"@type\":\"ListItem\",\"position\":3,\"name\":\"Visite priv\u00e9e d&#8217;une journ\u00e9e \u00e0 Stirling et St Andrews\"}]},{\"@type\":\"WebSite\",\"@id\":\"https:\/\/tourtravelandmore.com\/fr\/#website\",\"url\":\"https:\/\/tourtravelandmore.com\/fr\/\",\"name\":\"Tour Travel And More\",\"description\":\"Private sightseeing tours and luxury transfers in Spain\",\"publisher\":{\"@id\":\"https:\/\/tourtravelandmore.com\/fr\/#organization\"},\"potentialAction\":[{\"@type\":\"SearchAction\",\"target\":{\"@type\":\"EntryPoint\",\"urlTemplate\":\"https:\/\/tourtravelandmore.com\/fr\/?s={search_term_string}\"},\"query-input\":{\"@type\":\"PropertyValueSpecification\",\"valueRequired\":true,\"valueName\":\"search_term_string\"}}],\"inLanguage\":\"fr-FR\"},{\"@type\":\"Organization\",\"@id\":\"https:\/\/tourtravelandmore.com\/fr\/#organization\",\"name\":\"Tour Travel And More\",\"url\":\"https:\/\/tourtravelandmore.com\/fr\/\",\"logo\":{\"@type\":\"ImageObject\",\"inLanguage\":\"fr-FR\",\"@id\":\"https:\/\/tourtravelandmore.com\/fr\/#\/schema\/logo\/image\/\",\"url\":\"https:\/\/tourtravelandmore.com\/wp-content\/uploads\/2022\/12\/cropped-logo-cabecera-new.png\",\"contentUrl\":\"https:\/\/tourtravelandmore.com\/wp-content\/uploads\/2022\/12\/cropped-logo-cabecera-new.png\",\"width\":430,\"height\":61,\"caption\":\"Tour Travel And More\"},\"image\":{\"@id\":\"https:\/\/tourtravelandmore.com\/fr\/#\/schema\/logo\/image\/\"},\"sameAs\":[\"https:\/\/www.facebook.com\/tourtravelandmore\/\",\"https:\/\/x.com\/TourTravel_More\"]}]}<\/script>\n<!-- \/ Yoast SEO Premium plugin. -->","yoast_head_json":{"title":"Visite priv\u00e9e d'une journ\u00e9e \u00e0 Stirling et St Andrews","description":"Profitez de cetteVisite priv\u00e9e d'une journ\u00e9e \u00e0 Stirling et St Andrews enti\u00e8rement personnalis\u00e9e et profitez de leurs monuments et sites les plus importants aux c\u00f4t\u00e9s d'un guide priv\u00e9.","robots":{"index":"index","follow":"follow","max-snippet":"max-snippet:-1","max-image-preview":"max-image-preview:large","max-video-preview":"max-video-preview:-1"},"canonical":"https:\/\/tourtravelandmore.com\/fr\/tours\/ecosse-fr\/edinburgh-fr\/visite-privee-dune-journee-a-glasgow-au-depart-dedimbourg-copy\/","og_locale":"fr_FR","og_type":"article","og_title":"Visite priv\u00e9e d'une journ\u00e9e \u00e0 Stirling et St Andrews","og_description":"Profitez de cetteVisite priv\u00e9e d'une journ\u00e9e \u00e0 Stirling et St Andrews enti\u00e8rement personnalis\u00e9e et profitez de leurs monuments et sites les plus importants aux c\u00f4t\u00e9s d'un guide priv\u00e9.","og_url":"https:\/\/tourtravelandmore.com\/fr\/tours\/ecosse-fr\/edinburgh-fr\/visite-privee-dune-journee-a-glasgow-au-depart-dedimbourg-copy\/","og_site_name":"Tour Travel And More","article_publisher":"https:\/\/www.facebook.com\/tourtravelandmore\/","article_modified_time":"2025-04-11T18:50:44+00:00","og_image":[{"width":1280,"height":720,"url":"https:\/\/tourtravelandmore.com\/wp-content\/uploads\/2025\/04\/pexels-clement-proust-363898785-29969336.jpg","type":"image\/jpeg"}],"twitter_card":"summary_large_image","twitter_site":"@TourTravel_More","twitter_misc":{"Dur\u00e9e de lecture estim\u00e9e":"2 minutes"},"schema":{"@context":"https:\/\/schema.org","@graph":[{"@type":"WebPage","@id":"https:\/\/tourtravelandmore.com\/fr\/tours\/ecosse-fr\/edinburgh-fr\/visite-privee-dune-journee-a-glasgow-au-depart-dedimbourg-copy\/","url":"https:\/\/tourtravelandmore.com\/fr\/tours\/ecosse-fr\/edinburgh-fr\/visite-privee-dune-journee-a-glasgow-au-depart-dedimbourg-copy\/","name":"Visite priv\u00e9e d'une journ\u00e9e \u00e0 Stirling et St Andrews","isPartOf":{"@id":"https:\/\/tourtravelandmore.com\/fr\/#website"},"primaryImageOfPage":{"@id":"https:\/\/tourtravelandmore.com\/fr\/tours\/ecosse-fr\/edinburgh-fr\/visite-privee-dune-journee-a-glasgow-au-depart-dedimbourg-copy\/#primaryimage"},"image":{"@id":"https:\/\/tourtravelandmore.com\/fr\/tours\/ecosse-fr\/edinburgh-fr\/visite-privee-dune-journee-a-glasgow-au-depart-dedimbourg-copy\/#primaryimage"},"thumbnailUrl":"https:\/\/tourtravelandmore.com\/wp-content\/uploads\/2025\/04\/pexels-clement-proust-363898785-29969336.jpg","datePublished":"2025-04-11T16:59:03+00:00","dateModified":"2025-04-11T18:50:44+00:00","description":"Profitez de cetteVisite priv\u00e9e d'une journ\u00e9e \u00e0 Stirling et St Andrews enti\u00e8rement personnalis\u00e9e et profitez de leurs monuments et sites les plus importants aux c\u00f4t\u00e9s d'un guide priv\u00e9.","breadcrumb":{"@id":"https:\/\/tourtravelandmore.com\/fr\/tours\/ecosse-fr\/edinburgh-fr\/visite-privee-dune-journee-a-glasgow-au-depart-dedimbourg-copy\/#breadcrumb"},"inLanguage":"fr-FR","potentialAction":[{"@type":"ReadAction","target":["https:\/\/tourtravelandmore.com\/fr\/tours\/ecosse-fr\/edinburgh-fr\/visite-privee-dune-journee-a-glasgow-au-depart-dedimbourg-copy\/"]}]},{"@type":"ImageObject","inLanguage":"fr-FR","@id":"https:\/\/tourtravelandmore.com\/fr\/tours\/ecosse-fr\/edinburgh-fr\/visite-privee-dune-journee-a-glasgow-au-depart-dedimbourg-copy\/#primaryimage","url":"https:\/\/tourtravelandmore.com\/wp-content\/uploads\/2025\/04\/pexels-clement-proust-363898785-29969336.jpg","contentUrl":"https:\/\/tourtravelandmore.com\/wp-content\/uploads\/2025\/04\/pexels-clement-proust-363898785-29969336.jpg","width":1280,"height":720},{"@type":"BreadcrumbList","@id":"https:\/\/tourtravelandmore.com\/fr\/tours\/ecosse-fr\/edinburgh-fr\/visite-privee-dune-journee-a-glasgow-au-depart-dedimbourg-copy\/#breadcrumb","itemListElement":[{"@type":"ListItem","position":1,"name":"Home","item":"https:\/\/tourtravelandmore.com\/fr\/"},{"@type":"ListItem","position":2,"name":"Tours","item":"https:\/\/tourtravelandmore.com\/fr\/tours\/"},{"@type":"ListItem","position":3,"name":"Visite priv\u00e9e d&#8217;une journ\u00e9e \u00e0 Stirling et St Andrews"}]},{"@type":"WebSite","@id":"https:\/\/tourtravelandmore.com\/fr\/#website","url":"https:\/\/tourtravelandmore.com\/fr\/","name":"Tour Travel And More","description":"Private sightseeing tours and luxury transfers in Spain","publisher":{"@id":"https:\/\/tourtravelandmore.com\/fr\/#organization"},"potentialAction":[{"@type":"SearchAction","target":{"@type":"EntryPoint","urlTemplate":"https:\/\/tourtravelandmore.com\/fr\/?s={search_term_string}"},"query-input":{"@type":"PropertyValueSpecification","valueRequired":true,"valueName":"search_term_string"}}],"inLanguage":"fr-FR"},{"@type":"Organization","@id":"https:\/\/tourtravelandmore.com\/fr\/#organization","name":"Tour Travel And More","url":"https:\/\/tourtravelandmore.com\/fr\/","logo":{"@type":"ImageObject","inLanguage":"fr-FR","@id":"https:\/\/tourtravelandmore.com\/fr\/#\/schema\/logo\/image\/","url":"https:\/\/tourtravelandmore.com\/wp-content\/uploads\/2022\/12\/cropped-logo-cabecera-new.png","contentUrl":"https:\/\/tourtravelandmore.com\/wp-content\/uploads\/2022\/12\/cropped-logo-cabecera-new.png","width":430,"height":61,"caption":"Tour Travel And More"},"image":{"@id":"https:\/\/tourtravelandmore.com\/fr\/#\/schema\/logo\/image\/"},"sameAs":["https:\/\/www.facebook.com\/tourtravelandmore\/","https:\/\/x.com\/TourTravel_More"]}]}},"_links":{"self":[{"href":"https:\/\/tourtravelandmore.com\/fr\/wp-json\/wp\/v2\/product\/182315","targetHints":{"allow":["GET"]}}],"collection":[{"href":"https:\/\/tourtravelandmore.com\/fr\/wp-json\/wp\/v2\/product"}],"about":[{"href":"https:\/\/tourtravelandmore.com\/fr\/wp-json\/wp\/v2\/types\/product"}],"replies":[{"embeddable":true,"href":"https:\/\/tourtravelandmore.com\/fr\/wp-json\/wp\/v2\/comments?post=182315"}],"wp:featuredmedia":[{"embeddable":true,"href":"https:\/\/tourtravelandmore.com\/fr\/wp-json\/wp\/v2\/media\/182325"}],"wp:attachment":[{"href":"https:\/\/tourtravelandmore.com\/fr\/wp-json\/wp\/v2\/media?parent=182315"}],"wp:term":[{"taxonomy":"product_brand","embeddable":true,"href":"https:\/\/tourtravelandmore.com\/fr\/wp-json\/wp\/v2\/product_brand?post=182315"},{"taxonomy":"product_cat","embeddable":true,"href":"https:\/\/tourtravelandmore.com\/fr\/wp-json\/wp\/v2\/product_cat?post=182315"},{"taxonomy":"product_tag","embeddable":true,"href":"https:\/\/tourtravelandmore.com\/fr\/wp-json\/wp\/v2\/product_tag?post=182315"}],"curies":[{"name":"wp","href":"https:\/\/api.w.org\/{rel}","templated":true}]}}