{"id":182280,"date":"2025-04-11T18:34:20","date_gmt":"2025-04-11T16:34:26","guid":{"rendered":"https:\/\/tourtravelandmore.com\/?post_type=product&#038;p=182280"},"modified":"2025-04-11T18:55:52","modified_gmt":"2025-04-11T16:55:52","slug":"visite-privee-doutlander-au-depart-dedimbourg-copy","status":"publish","type":"product","link":"https:\/\/tourtravelandmore.com\/fr\/tours\/ecosse-fr\/edinburgh-fr\/visite-privee-doutlander-au-depart-dedimbourg-copy\/","title":{"rendered":"Visite priv\u00e9e d&#8217;une journ\u00e9e \u00e0 Glasgow au d\u00e9part d&#8217;\u00c9dimbourg"},"content":{"rendered":"<h2><b>Visite priv\u00e9e d&#8217;une journ\u00e9e \u00e0 Glasgow au d\u00e9part d&#8217;\u00c9dimbourg Description<\/b><\/h2>\n<p>D\u00e9couvrez la sc\u00e8ne culturelle dynamique et le riche patrimoine industriel de <b>Glasgow<\/b> gr\u00e2ce \u00e0 notre visite priv\u00e9e exclusive d&#8217;une journ\u00e9e au d\u00e9part d&#8217;\u00c9dimbourg. Profitez d&#8217;un voyage confortable de 8 heures avec votre chauffeur priv\u00e9, qui vous offrira une exp\u00e9rience fluide et relaxante du d\u00e9but \u00e0 la fin. \u00c0 votre arriv\u00e9e \u00e0 Glasgow, rencontrez votre guide local expert pour une fascinante visite \u00e0 pied ou panoramique de 4 heures, en anglais, con\u00e7ue pour vous donner un aper\u00e7u approfondi du pass\u00e9 et du pr\u00e9sent de la ville.<\/p>\n<p>Que vous souhaitiez revivre des sc\u00e8nes cl\u00e9s ou d\u00e9couvrir la beaut\u00e9 de l&#8217;\u00c9cosse pour la premi\u00e8re fois, cette visite promet une journ\u00e9e inoubliable, empreinte de l\u00e9gendes, de romantisme et d&#8217;histoire.<\/p>\n<p>Cette exp\u00e9rience personnalis\u00e9e vous permet d&#8217;explorer Glasgow \u00e0 votre rythme, avec la possibilit\u00e9 d&#8217;adapter l&#8217;itin\u00e9raire \u00e0 vos int\u00e9r\u00eats. De sa grande architecture victorienne \u00e0 ses centres d&#8217;art contemporain et ses monuments historiques, cette visite priv\u00e9e est la parfaite introduction \u00e0 la plus grande ville d&#8217;\u00c9cosse.<\/p>\n<h2>Visite priv\u00e9e d&#8217;une journ\u00e9e \u00e0 Glasgow au d\u00e9part d&#8217;\u00c9dimbourg | Points d&#8217;int\u00e9r\u00eat et monuments<\/h2>\n<p>Apr\u00e8s une prise en charge confortable et facile, commen\u00e7ons cette visite priv\u00e9e d&#8217;\u00c9dimbourg. C&#8217;est une exp\u00e9rience parfaite pour d\u00e9couvrir le meilleur de la ville.<\/p>\n<p>Nous vous emm\u00e8nerons sur les sites les plus embl\u00e9matiques de la ville. Cela comprendra :<\/p>\n<ul>\n<li><b>Transfert priv\u00e9 depuis \u00c9dimbourg<\/b> : Voyagez confortablement et avec style avec votre chauffeur priv\u00e9, en profitant de la route panoramique entre les deux principales villes d&#8217;\u00c9cosse.<\/li>\n<li>Guide local<b> expert \u00e0 Glasgow (4 heures)<\/b> : D\u00e9couvrez les histoires qui se cachent derri\u00e8re les monuments embl\u00e9matiques de Glasgow avec un guide professionnel anglophone.<\/li>\n<li><b>George Square et City Chambers<\/b> : Commencez votre visite guid\u00e9e au c\u0153ur de Glasgow, entour\u00e9 d&#8217;une architecture \u00e9poustouflante du XIXe si\u00e8cle.<\/li>\n<li><b>Cath\u00e9drale et n\u00e9cropole de Glasgow (visite ext\u00e9rieure)<\/b> : Visitez cette magnifique cath\u00e9drale m\u00e9di\u00e9vale et explorez le cimeti\u00e8re de l&#8217;\u00e9poque victorienne avec une vue panoramique sur la ville.<\/li>\n<li><b>Merchant City<\/b> : Promenez-vous dans l&#8217;un des quartiers les plus branch\u00e9s de Glasgow, regorgeant de boutiques, de caf\u00e9s et d&#8217;un riche patrimoine architectural.<\/li>\n<li><b>Itin\u00e9raire flexible<\/b> : Personnalisez l&#8217;exp\u00e9rience en fonction de vos int\u00e9r\u00eats, que vous pr\u00e9f\u00e9riez l&#8217;histoire, l&#8217;art, le shopping ou l&#8217;architecture.<\/li>\n<\/ul>\n<p>Cette visite est id\u00e9ale pour les voyageurs \u00e0 la recherche d&#8217;une excursion d&#8217;une journ\u00e9e confortable et approfondie, avec une attention personnalis\u00e9e et une expertise locale. Retournez \u00e0 \u00c9dimbourg en fin d&#8217;apr\u00e8s-midi, avec des souvenirs inoubliables de l&#8217;\u00e9nergie, de l&#8217;histoire et du charme de Glasgow.<\/p>\n<p><a href=\"https:\/\/tourtravelandmore.com\/fr\/city\/ecosse-fr\/edinburgh-en\/\">Jetez un \u0153il \u00e0 toutes nos visites priv\u00e9es \u00e0 \u00c9dimbourg, ne les manquez pas !<\/a><\/p>\n","protected":false},"excerpt":{"rendered":"<p>D\u00e9couvrez la sc\u00e8ne culturelle dynamique et le riche patrimoine industriel de <b>Glasgow<\/b> gr\u00e2ce \u00e0 notre visite priv\u00e9e exclusive d&#8217;une journ\u00e9e au d\u00e9part d&#8217;\u00c9dimbourg. Profitez d&#8217;un voyage confortable de 8 heures avec votre chauffeur priv\u00e9, qui vous offrira une exp\u00e9rience fluide et relaxante du d\u00e9but \u00e0 la fin. \u00c0 votre arriv\u00e9e \u00e0 Glasgow, rencontrez votre guide local expert pour une fascinante visite \u00e0 pied ou panoramique de 4 heures, en anglais, con\u00e7ue pour vous donner un aper\u00e7u approfondi du pass\u00e9 et du pr\u00e9sent de la ville.<\/p>\n","protected":false},"featured_media":182290,"comment_status":"open","ping_status":"closed","template":"","meta":{"_acf_changed":false},"product_brand":[],"product_cat":[5504,5505,3741,3826,3545],"product_tag":[],"class_list":{"0":"post-182280","1":"product","2":"type-product","3":"status-publish","4":"has-post-thumbnail","6":"product_cat-all-private-tours-activities-fr-37","7":"product_cat-private-sightseeing-tours-fr-45","8":"product_cat-ecosse-fr","9":"product_cat-edinburgh-fr","10":"product_cat-royaume-uni-fr","12":"first","13":"instock","14":"shipping-taxable","15":"purchasable","16":"product-type-simple"},"acf":[],"yoast_head":"<!-- This site is optimized with the Yoast SEO Premium plugin v25.3.1 (Yoast SEO v25.3.1) - https:\/\/yoast.com\/wordpress\/plugins\/seo\/ -->\n<title>Visite priv\u00e9e d&#039;une journ\u00e9e \u00e0 Glasgow au d\u00e9part d&#039;\u00c9dimbourg<\/title>\n<meta name=\"description\" content=\"Profitez de cette Visite priv\u00e9e d&#039;une journ\u00e9e \u00e0 Glasgow au d\u00e9part d&#039;\u00c9dimbourg enti\u00e8rement personnalis\u00e9e et profitez de leurs monuments et sites les plus importants aux c\u00f4t\u00e9s d&#039;un guide priv\u00e9.\" \/>\n<meta name=\"robots\" content=\"index, follow, max-snippet:-1, max-image-preview:large, max-video-preview:-1\" \/>\n<link rel=\"canonical\" href=\"https:\/\/tourtravelandmore.com\/fr\/tours\/ecosse-fr\/edinburgh-fr\/visite-privee-doutlander-au-depart-dedimbourg-copy\/\" \/>\n<meta property=\"og:locale\" content=\"fr_FR\" \/>\n<meta property=\"og:type\" content=\"article\" \/>\n<meta property=\"og:title\" content=\"Visite priv\u00e9e d&#039;une journ\u00e9e \u00e0 Glasgow au d\u00e9part d&#039;\u00c9dimbourg\" \/>\n<meta property=\"og:description\" content=\"Profitez de cette Visite priv\u00e9e d&#039;une journ\u00e9e \u00e0 Glasgow au d\u00e9part d&#039;\u00c9dimbourg enti\u00e8rement personnalis\u00e9e et profitez de leurs monuments et sites les plus importants aux c\u00f4t\u00e9s d&#039;un guide priv\u00e9.\" \/>\n<meta property=\"og:url\" content=\"https:\/\/tourtravelandmore.com\/fr\/tours\/ecosse-fr\/edinburgh-fr\/visite-privee-doutlander-au-depart-dedimbourg-copy\/\" \/>\n<meta property=\"og:site_name\" content=\"Tour Travel And More\" \/>\n<meta property=\"article:publisher\" content=\"https:\/\/www.facebook.com\/tourtravelandmore\/\" \/>\n<meta property=\"article:modified_time\" content=\"2025-04-11T16:55:52+00:00\" \/>\n<meta property=\"og:image\" content=\"https:\/\/tourtravelandmore.com\/wp-content\/uploads\/2025\/04\/pexels-urlapovaanna-3061345-1.jpg\" \/>\n\t<meta property=\"og:image:width\" content=\"1280\" \/>\n\t<meta property=\"og:image:height\" content=\"853\" \/>\n\t<meta property=\"og:image:type\" content=\"image\/jpeg\" \/>\n<meta name=\"twitter:card\" content=\"summary_large_image\" \/>\n<meta name=\"twitter:site\" content=\"@TourTravel_More\" \/>\n<meta name=\"twitter:label1\" content=\"Dur\u00e9e de lecture estim\u00e9e\" \/>\n\t<meta name=\"twitter:data1\" content=\"2 minutes\" \/>\n<script type=\"application\/ld+json\" class=\"yoast-schema-graph\">{\"@context\":\"https:\/\/schema.org\",\"@graph\":[{\"@type\":\"WebPage\",\"@id\":\"https:\/\/tourtravelandmore.com\/fr\/tours\/ecosse-fr\/edinburgh-fr\/visite-privee-doutlander-au-depart-dedimbourg-copy\/\",\"url\":\"https:\/\/tourtravelandmore.com\/fr\/tours\/ecosse-fr\/edinburgh-fr\/visite-privee-doutlander-au-depart-dedimbourg-copy\/\",\"name\":\"Visite priv\u00e9e d'une journ\u00e9e \u00e0 Glasgow au d\u00e9part d'\u00c9dimbourg\",\"isPartOf\":{\"@id\":\"https:\/\/tourtravelandmore.com\/fr\/#website\"},\"primaryImageOfPage\":{\"@id\":\"https:\/\/tourtravelandmore.com\/fr\/tours\/ecosse-fr\/edinburgh-fr\/visite-privee-doutlander-au-depart-dedimbourg-copy\/#primaryimage\"},\"image\":{\"@id\":\"https:\/\/tourtravelandmore.com\/fr\/tours\/ecosse-fr\/edinburgh-fr\/visite-privee-doutlander-au-depart-dedimbourg-copy\/#primaryimage\"},\"thumbnailUrl\":\"https:\/\/tourtravelandmore.com\/wp-content\/uploads\/2025\/04\/pexels-urlapovaanna-3061345-1.jpg\",\"datePublished\":\"2025-04-11T16:34:26+00:00\",\"dateModified\":\"2025-04-11T16:55:52+00:00\",\"description\":\"Profitez de cette Visite priv\u00e9e d'une journ\u00e9e \u00e0 Glasgow au d\u00e9part d'\u00c9dimbourg enti\u00e8rement personnalis\u00e9e et profitez de leurs monuments et sites les plus importants aux c\u00f4t\u00e9s d'un guide priv\u00e9.\",\"breadcrumb\":{\"@id\":\"https:\/\/tourtravelandmore.com\/fr\/tours\/ecosse-fr\/edinburgh-fr\/visite-privee-doutlander-au-depart-dedimbourg-copy\/#breadcrumb\"},\"inLanguage\":\"fr-FR\",\"potentialAction\":[{\"@type\":\"ReadAction\",\"target\":[\"https:\/\/tourtravelandmore.com\/fr\/tours\/ecosse-fr\/edinburgh-fr\/visite-privee-doutlander-au-depart-dedimbourg-copy\/\"]}]},{\"@type\":\"ImageObject\",\"inLanguage\":\"fr-FR\",\"@id\":\"https:\/\/tourtravelandmore.com\/fr\/tours\/ecosse-fr\/edinburgh-fr\/visite-privee-doutlander-au-depart-dedimbourg-copy\/#primaryimage\",\"url\":\"https:\/\/tourtravelandmore.com\/wp-content\/uploads\/2025\/04\/pexels-urlapovaanna-3061345-1.jpg\",\"contentUrl\":\"https:\/\/tourtravelandmore.com\/wp-content\/uploads\/2025\/04\/pexels-urlapovaanna-3061345-1.jpg\",\"width\":1280,\"height\":853},{\"@type\":\"BreadcrumbList\",\"@id\":\"https:\/\/tourtravelandmore.com\/fr\/tours\/ecosse-fr\/edinburgh-fr\/visite-privee-doutlander-au-depart-dedimbourg-copy\/#breadcrumb\",\"itemListElement\":[{\"@type\":\"ListItem\",\"position\":1,\"name\":\"Home\",\"item\":\"https:\/\/tourtravelandmore.com\/fr\/\"},{\"@type\":\"ListItem\",\"position\":2,\"name\":\"Tours\",\"item\":\"https:\/\/tourtravelandmore.com\/fr\/tours\/\"},{\"@type\":\"ListItem\",\"position\":3,\"name\":\"Visite priv\u00e9e d&#8217;une journ\u00e9e \u00e0 Glasgow au d\u00e9part d&#8217;\u00c9dimbourg\"}]},{\"@type\":\"WebSite\",\"@id\":\"https:\/\/tourtravelandmore.com\/fr\/#website\",\"url\":\"https:\/\/tourtravelandmore.com\/fr\/\",\"name\":\"Tour Travel And More\",\"description\":\"Private sightseeing tours and luxury transfers in Spain\",\"publisher\":{\"@id\":\"https:\/\/tourtravelandmore.com\/fr\/#organization\"},\"potentialAction\":[{\"@type\":\"SearchAction\",\"target\":{\"@type\":\"EntryPoint\",\"urlTemplate\":\"https:\/\/tourtravelandmore.com\/fr\/?s={search_term_string}\"},\"query-input\":{\"@type\":\"PropertyValueSpecification\",\"valueRequired\":true,\"valueName\":\"search_term_string\"}}],\"inLanguage\":\"fr-FR\"},{\"@type\":\"Organization\",\"@id\":\"https:\/\/tourtravelandmore.com\/fr\/#organization\",\"name\":\"Tour Travel And More\",\"url\":\"https:\/\/tourtravelandmore.com\/fr\/\",\"logo\":{\"@type\":\"ImageObject\",\"inLanguage\":\"fr-FR\",\"@id\":\"https:\/\/tourtravelandmore.com\/fr\/#\/schema\/logo\/image\/\",\"url\":\"https:\/\/tourtravelandmore.com\/wp-content\/uploads\/2022\/12\/cropped-logo-cabecera-new.png\",\"contentUrl\":\"https:\/\/tourtravelandmore.com\/wp-content\/uploads\/2022\/12\/cropped-logo-cabecera-new.png\",\"width\":430,\"height\":61,\"caption\":\"Tour Travel And More\"},\"image\":{\"@id\":\"https:\/\/tourtravelandmore.com\/fr\/#\/schema\/logo\/image\/\"},\"sameAs\":[\"https:\/\/www.facebook.com\/tourtravelandmore\/\",\"https:\/\/x.com\/TourTravel_More\"]}]}<\/script>\n<!-- \/ Yoast SEO Premium plugin. -->","yoast_head_json":{"title":"Visite priv\u00e9e d'une journ\u00e9e \u00e0 Glasgow au d\u00e9part d'\u00c9dimbourg","description":"Profitez de cette Visite priv\u00e9e d'une journ\u00e9e \u00e0 Glasgow au d\u00e9part d'\u00c9dimbourg enti\u00e8rement personnalis\u00e9e et profitez de leurs monuments et sites les plus importants aux c\u00f4t\u00e9s d'un guide priv\u00e9.","robots":{"index":"index","follow":"follow","max-snippet":"max-snippet:-1","max-image-preview":"max-image-preview:large","max-video-preview":"max-video-preview:-1"},"canonical":"https:\/\/tourtravelandmore.com\/fr\/tours\/ecosse-fr\/edinburgh-fr\/visite-privee-doutlander-au-depart-dedimbourg-copy\/","og_locale":"fr_FR","og_type":"article","og_title":"Visite priv\u00e9e d'une journ\u00e9e \u00e0 Glasgow au d\u00e9part d'\u00c9dimbourg","og_description":"Profitez de cette Visite priv\u00e9e d'une journ\u00e9e \u00e0 Glasgow au d\u00e9part d'\u00c9dimbourg enti\u00e8rement personnalis\u00e9e et profitez de leurs monuments et sites les plus importants aux c\u00f4t\u00e9s d'un guide priv\u00e9.","og_url":"https:\/\/tourtravelandmore.com\/fr\/tours\/ecosse-fr\/edinburgh-fr\/visite-privee-doutlander-au-depart-dedimbourg-copy\/","og_site_name":"Tour Travel And More","article_publisher":"https:\/\/www.facebook.com\/tourtravelandmore\/","article_modified_time":"2025-04-11T16:55:52+00:00","og_image":[{"width":1280,"height":853,"url":"https:\/\/tourtravelandmore.com\/wp-content\/uploads\/2025\/04\/pexels-urlapovaanna-3061345-1.jpg","type":"image\/jpeg"}],"twitter_card":"summary_large_image","twitter_site":"@TourTravel_More","twitter_misc":{"Dur\u00e9e de lecture estim\u00e9e":"2 minutes"},"schema":{"@context":"https:\/\/schema.org","@graph":[{"@type":"WebPage","@id":"https:\/\/tourtravelandmore.com\/fr\/tours\/ecosse-fr\/edinburgh-fr\/visite-privee-doutlander-au-depart-dedimbourg-copy\/","url":"https:\/\/tourtravelandmore.com\/fr\/tours\/ecosse-fr\/edinburgh-fr\/visite-privee-doutlander-au-depart-dedimbourg-copy\/","name":"Visite priv\u00e9e d'une journ\u00e9e \u00e0 Glasgow au d\u00e9part d'\u00c9dimbourg","isPartOf":{"@id":"https:\/\/tourtravelandmore.com\/fr\/#website"},"primaryImageOfPage":{"@id":"https:\/\/tourtravelandmore.com\/fr\/tours\/ecosse-fr\/edinburgh-fr\/visite-privee-doutlander-au-depart-dedimbourg-copy\/#primaryimage"},"image":{"@id":"https:\/\/tourtravelandmore.com\/fr\/tours\/ecosse-fr\/edinburgh-fr\/visite-privee-doutlander-au-depart-dedimbourg-copy\/#primaryimage"},"thumbnailUrl":"https:\/\/tourtravelandmore.com\/wp-content\/uploads\/2025\/04\/pexels-urlapovaanna-3061345-1.jpg","datePublished":"2025-04-11T16:34:26+00:00","dateModified":"2025-04-11T16:55:52+00:00","description":"Profitez de cette Visite priv\u00e9e d'une journ\u00e9e \u00e0 Glasgow au d\u00e9part d'\u00c9dimbourg enti\u00e8rement personnalis\u00e9e et profitez de leurs monuments et sites les plus importants aux c\u00f4t\u00e9s d'un guide priv\u00e9.","breadcrumb":{"@id":"https:\/\/tourtravelandmore.com\/fr\/tours\/ecosse-fr\/edinburgh-fr\/visite-privee-doutlander-au-depart-dedimbourg-copy\/#breadcrumb"},"inLanguage":"fr-FR","potentialAction":[{"@type":"ReadAction","target":["https:\/\/tourtravelandmore.com\/fr\/tours\/ecosse-fr\/edinburgh-fr\/visite-privee-doutlander-au-depart-dedimbourg-copy\/"]}]},{"@type":"ImageObject","inLanguage":"fr-FR","@id":"https:\/\/tourtravelandmore.com\/fr\/tours\/ecosse-fr\/edinburgh-fr\/visite-privee-doutlander-au-depart-dedimbourg-copy\/#primaryimage","url":"https:\/\/tourtravelandmore.com\/wp-content\/uploads\/2025\/04\/pexels-urlapovaanna-3061345-1.jpg","contentUrl":"https:\/\/tourtravelandmore.com\/wp-content\/uploads\/2025\/04\/pexels-urlapovaanna-3061345-1.jpg","width":1280,"height":853},{"@type":"BreadcrumbList","@id":"https:\/\/tourtravelandmore.com\/fr\/tours\/ecosse-fr\/edinburgh-fr\/visite-privee-doutlander-au-depart-dedimbourg-copy\/#breadcrumb","itemListElement":[{"@type":"ListItem","position":1,"name":"Home","item":"https:\/\/tourtravelandmore.com\/fr\/"},{"@type":"ListItem","position":2,"name":"Tours","item":"https:\/\/tourtravelandmore.com\/fr\/tours\/"},{"@type":"ListItem","position":3,"name":"Visite priv\u00e9e d&#8217;une journ\u00e9e \u00e0 Glasgow au d\u00e9part d&#8217;\u00c9dimbourg"}]},{"@type":"WebSite","@id":"https:\/\/tourtravelandmore.com\/fr\/#website","url":"https:\/\/tourtravelandmore.com\/fr\/","name":"Tour Travel And More","description":"Private sightseeing tours and luxury transfers in Spain","publisher":{"@id":"https:\/\/tourtravelandmore.com\/fr\/#organization"},"potentialAction":[{"@type":"SearchAction","target":{"@type":"EntryPoint","urlTemplate":"https:\/\/tourtravelandmore.com\/fr\/?s={search_term_string}"},"query-input":{"@type":"PropertyValueSpecification","valueRequired":true,"valueName":"search_term_string"}}],"inLanguage":"fr-FR"},{"@type":"Organization","@id":"https:\/\/tourtravelandmore.com\/fr\/#organization","name":"Tour Travel And More","url":"https:\/\/tourtravelandmore.com\/fr\/","logo":{"@type":"ImageObject","inLanguage":"fr-FR","@id":"https:\/\/tourtravelandmore.com\/fr\/#\/schema\/logo\/image\/","url":"https:\/\/tourtravelandmore.com\/wp-content\/uploads\/2022\/12\/cropped-logo-cabecera-new.png","contentUrl":"https:\/\/tourtravelandmore.com\/wp-content\/uploads\/2022\/12\/cropped-logo-cabecera-new.png","width":430,"height":61,"caption":"Tour Travel And More"},"image":{"@id":"https:\/\/tourtravelandmore.com\/fr\/#\/schema\/logo\/image\/"},"sameAs":["https:\/\/www.facebook.com\/tourtravelandmore\/","https:\/\/x.com\/TourTravel_More"]}]}},"_links":{"self":[{"href":"https:\/\/tourtravelandmore.com\/fr\/wp-json\/wp\/v2\/product\/182280","targetHints":{"allow":["GET"]}}],"collection":[{"href":"https:\/\/tourtravelandmore.com\/fr\/wp-json\/wp\/v2\/product"}],"about":[{"href":"https:\/\/tourtravelandmore.com\/fr\/wp-json\/wp\/v2\/types\/product"}],"replies":[{"embeddable":true,"href":"https:\/\/tourtravelandmore.com\/fr\/wp-json\/wp\/v2\/comments?post=182280"}],"wp:featuredmedia":[{"embeddable":true,"href":"https:\/\/tourtravelandmore.com\/fr\/wp-json\/wp\/v2\/media\/182290"}],"wp:attachment":[{"href":"https:\/\/tourtravelandmore.com\/fr\/wp-json\/wp\/v2\/media?parent=182280"}],"wp:term":[{"taxonomy":"product_brand","embeddable":true,"href":"https:\/\/tourtravelandmore.com\/fr\/wp-json\/wp\/v2\/product_brand?post=182280"},{"taxonomy":"product_cat","embeddable":true,"href":"https:\/\/tourtravelandmore.com\/fr\/wp-json\/wp\/v2\/product_cat?post=182280"},{"taxonomy":"product_tag","embeddable":true,"href":"https:\/\/tourtravelandmore.com\/fr\/wp-json\/wp\/v2\/product_tag?post=182280"}],"curies":[{"name":"wp","href":"https:\/\/api.w.org\/{rel}","templated":true}]}}