{"id":182253,"date":"2025-04-11T17:07:30","date_gmt":"2025-04-11T15:07:34","guid":{"rendered":"https:\/\/tourtravelandmore.com\/?post_type=product&#038;p=182253"},"modified":"2025-04-11T18:27:43","modified_gmt":"2025-04-11T16:27:43","slug":"visite-privee-dedimbourg-copy","status":"publish","type":"product","link":"https:\/\/tourtravelandmore.com\/fr\/tours\/ecosse-fr\/edinburgh-fr\/visite-privee-dedimbourg-copy\/","title":{"rendered":"Visite priv\u00e9e d&#8217;Outlander au d\u00e9part d&#8217;\u00c9dimbourg"},"content":{"rendered":"<h2><b><strong>Visite priv\u00e9e d&#8217;Outlander au d\u00e9part d&#8217;\u00c9dimbourg Description<\/strong><\/b><\/h2>\n<p>Entrez dans le monde d&#8217;<i>Outlander<\/i> lors de cette visite priv\u00e9e exclusive de 10 heures au d\u00e9part d&#8217;\u00c9dimbourg. Con\u00e7u pour les fans de la s\u00e9rie et les passionn\u00e9s d&#8217;histoire \u00e9cossaise, ce voyage immersif vous emm\u00e8ne \u00e0 travers les paysages \u00e9poustouflants et les sites historiques qui ont inspir\u00e9 le monde de Claire et Jamie Fraser.<\/p>\n<p>Avec un chauffeur-guide priv\u00e9 parlant couramment l&#8217;anglais, profitez d&#8217;une exp\u00e9rience enrichissante et sans faille en visitant les lieux de tournage embl\u00e9matiques qui donnent vie \u00e0 la s\u00e9rie tant appr\u00e9ci\u00e9e. Voyagez confortablement et \u00e0 votre rythme, avec des commentaires personnalis\u00e9s et du temps pour explorer chaque site. Des ch\u00e2teaux anciens aux charmants villages, ce circuit allie la magie du cin\u00e9ma au v\u00e9ritable patrimoine \u00e9cossais.<\/p>\n<p>Que vous reviviez des sc\u00e8nes cl\u00e9s ou que vous d\u00e9couvriez la beaut\u00e9 de l&#8217;\u00c9cosse pour la premi\u00e8re fois, ce circuit vous promet une journ\u00e9e inoubliable, impr\u00e9gn\u00e9e de l\u00e9gendes, de romantisme et d&#8217;histoire.<\/p>\n<h2>Visite priv\u00e9e d&#8217;\u00c9dimbourg | Points d&#8217;int\u00e9r\u00eat et monuments<\/h2>\n<p>Apr\u00e8s une prise en charge confortable et facile, commen\u00e7ons cette visite priv\u00e9e d&#8217;\u00c9dimbourg. C&#8217;est une exp\u00e9rience parfaite pour d\u00e9couvrir le meilleur de la ville.<\/p>\n<p>Nous vous emm\u00e8nerons sur les sites les plus embl\u00e9matiques de la ville. Cela comprendra :<\/p>\n<ul>\n<li><b>Explorez Culross<\/b> &#8211; Promenez-vous dans les rues du vrai Cranesmuir et sentez-vous transport\u00e9 au XVIIIe si\u00e8cle.<\/li>\n<li><b>D\u00e9couvrez le palais de Linlithgow<\/b> &#8211; Admirez les ruines qui ont servi de prison de Wentworth.<\/li>\n<li><b>Village de Falkland<\/b> \u2013 Promenez-vous dans le d\u00e9cor d&#8217;Inverness des ann\u00e9es 1940.<\/li>\n<li><b>Ch\u00e2teau de Midhope (visite ext\u00e9rieure)<\/b> \u2013 Prenez des photos de l&#8217;embl\u00e9matique Lallybroch, la maison familiale de Jamie Fraser.<\/li>\n<li><b>Ch\u00e2teau de Blackness (visite ext\u00e9rieure)<\/b> \u2013 Explorez la formidable forteresse utilis\u00e9e comme Fort William.<\/li>\n<li><b>Chauffeur-guide priv\u00e9 en anglais<\/b> \u2013 Obtenez des informations d\u00e9taill\u00e9es et des anecdotes sur les coulisses de la ville gr\u00e2ce \u00e0 votre guide exp\u00e9riment\u00e9.<\/li>\n<li><b>Itin\u00e9raire flexible<\/b> &#8211; Adaptez le rythme et les arr\u00eats \u00e0 vos int\u00e9r\u00eats et pr\u00e9f\u00e9rences.<\/li>\n<li><b>V\u00e9hicule de luxe pour le d\u00e9part et le retour<\/b> &#8211; Commencez et terminez votre journ\u00e9e avec un transport priv\u00e9 depuis votre h\u00e9bergement \u00e0 \u00c9dimbourg.<\/li>\n<\/ul>\n<p>Profitez du meilleur de la ville avec notre chauffeur et notre guide touristique. Nous vous ram\u00e8nerons \u00e0 votre h\u00f4tel ou \u00e0 l&#8217;endroit de votre choix et vous d\u00e9poserons confortablement.<\/p>\n<p><a href=\"https:\/\/tourtravelandmore.com\/fr\/city\/ecosse-fr\/edinburgh-en\/\">Jetez un \u0153il \u00e0 toutes nos visites priv\u00e9es \u00e0 \u00c9dimbourg, ne les manquez pas !<\/a><\/p>\n","protected":false},"excerpt":{"rendered":"<p>Entrez dans le monde d&#8217;<i>Outlander<\/i> lors de cette visite priv\u00e9e exclusive de 10 heures au d\u00e9part d&#8217;\u00c9dimbourg. Con\u00e7u pour les fans de la s\u00e9rie et les passionn\u00e9s d&#8217;histoire \u00e9cossaise, ce voyage immersif vous emm\u00e8ne \u00e0 travers les paysages \u00e9poustouflants et les sites historiques qui ont inspir\u00e9 le monde de Claire et Jamie Fraser.<\/p>\n","protected":false},"featured_media":182264,"comment_status":"open","ping_status":"closed","template":"","meta":{"_acf_changed":false},"product_brand":[],"product_cat":[5504,5505,3741,3826,3545],"product_tag":[],"class_list":{"0":"post-182253","1":"product","2":"type-product","3":"status-publish","4":"has-post-thumbnail","6":"product_cat-all-private-tours-activities-fr-37","7":"product_cat-private-sightseeing-tours-fr-45","8":"product_cat-ecosse-fr","9":"product_cat-edinburgh-fr","10":"product_cat-royaume-uni-fr","12":"first","13":"instock","14":"shipping-taxable","15":"purchasable","16":"product-type-simple"},"acf":[],"yoast_head":"<!-- This site is optimized with the Yoast SEO Premium plugin v25.3.1 (Yoast SEO v25.3.1) - https:\/\/yoast.com\/wordpress\/plugins\/seo\/ -->\n<title>Visite priv\u00e9e d&#039;Outlander au d\u00e9part d&#039;\u00c9dimbourg<\/title>\n<meta name=\"description\" content=\"Profitez de cette Visite priv\u00e9e d&#039;Outlander au d\u00e9part d&#039;\u00c9dimbourg enti\u00e8rement personnalis\u00e9e et profitez de leurs monuments et sites les plus importants aux c\u00f4t\u00e9s d&#039;un guide priv\u00e9.\" \/>\n<meta name=\"robots\" content=\"index, follow, max-snippet:-1, max-image-preview:large, max-video-preview:-1\" \/>\n<link rel=\"canonical\" href=\"https:\/\/tourtravelandmore.com\/fr\/tours\/ecosse-fr\/edinburgh-fr\/visite-privee-dedimbourg-copy\/\" \/>\n<meta property=\"og:locale\" content=\"fr_FR\" \/>\n<meta property=\"og:type\" content=\"article\" \/>\n<meta property=\"og:title\" content=\"Visite priv\u00e9e d&#039;Outlander au d\u00e9part d&#039;\u00c9dimbourg\" \/>\n<meta property=\"og:description\" content=\"Profitez de cette Visite priv\u00e9e d&#039;Outlander au d\u00e9part d&#039;\u00c9dimbourg enti\u00e8rement personnalis\u00e9e et profitez de leurs monuments et sites les plus importants aux c\u00f4t\u00e9s d&#039;un guide priv\u00e9.\" \/>\n<meta property=\"og:url\" content=\"https:\/\/tourtravelandmore.com\/fr\/tours\/ecosse-fr\/edinburgh-fr\/visite-privee-dedimbourg-copy\/\" \/>\n<meta property=\"og:site_name\" content=\"Tour Travel And More\" \/>\n<meta property=\"article:publisher\" content=\"https:\/\/www.facebook.com\/tourtravelandmore\/\" \/>\n<meta property=\"article:modified_time\" content=\"2025-04-11T16:27:43+00:00\" \/>\n<meta property=\"og:image\" content=\"https:\/\/tourtravelandmore.com\/wp-content\/uploads\/2025\/04\/Ruta-escenarios-Outlander-Edimburgo-15002-1.jpg\" \/>\n\t<meta property=\"og:image:width\" content=\"1500\" \/>\n\t<meta property=\"og:image:height\" content=\"1000\" \/>\n\t<meta property=\"og:image:type\" content=\"image\/jpeg\" \/>\n<meta name=\"twitter:card\" content=\"summary_large_image\" \/>\n<meta name=\"twitter:site\" content=\"@TourTravel_More\" \/>\n<meta name=\"twitter:label1\" content=\"Dur\u00e9e de lecture estim\u00e9e\" \/>\n\t<meta name=\"twitter:data1\" content=\"2 minutes\" \/>\n<script type=\"application\/ld+json\" class=\"yoast-schema-graph\">{\"@context\":\"https:\/\/schema.org\",\"@graph\":[{\"@type\":\"WebPage\",\"@id\":\"https:\/\/tourtravelandmore.com\/fr\/tours\/ecosse-fr\/edinburgh-fr\/visite-privee-dedimbourg-copy\/\",\"url\":\"https:\/\/tourtravelandmore.com\/fr\/tours\/ecosse-fr\/edinburgh-fr\/visite-privee-dedimbourg-copy\/\",\"name\":\"Visite priv\u00e9e d'Outlander au d\u00e9part d'\u00c9dimbourg\",\"isPartOf\":{\"@id\":\"https:\/\/tourtravelandmore.com\/fr\/#website\"},\"primaryImageOfPage\":{\"@id\":\"https:\/\/tourtravelandmore.com\/fr\/tours\/ecosse-fr\/edinburgh-fr\/visite-privee-dedimbourg-copy\/#primaryimage\"},\"image\":{\"@id\":\"https:\/\/tourtravelandmore.com\/fr\/tours\/ecosse-fr\/edinburgh-fr\/visite-privee-dedimbourg-copy\/#primaryimage\"},\"thumbnailUrl\":\"https:\/\/tourtravelandmore.com\/wp-content\/uploads\/2025\/04\/Ruta-escenarios-Outlander-Edimburgo-15002-1.jpg\",\"datePublished\":\"2025-04-11T15:07:34+00:00\",\"dateModified\":\"2025-04-11T16:27:43+00:00\",\"description\":\"Profitez de cette Visite priv\u00e9e d'Outlander au d\u00e9part d'\u00c9dimbourg enti\u00e8rement personnalis\u00e9e et profitez de leurs monuments et sites les plus importants aux c\u00f4t\u00e9s d'un guide priv\u00e9.\",\"breadcrumb\":{\"@id\":\"https:\/\/tourtravelandmore.com\/fr\/tours\/ecosse-fr\/edinburgh-fr\/visite-privee-dedimbourg-copy\/#breadcrumb\"},\"inLanguage\":\"fr-FR\",\"potentialAction\":[{\"@type\":\"ReadAction\",\"target\":[\"https:\/\/tourtravelandmore.com\/fr\/tours\/ecosse-fr\/edinburgh-fr\/visite-privee-dedimbourg-copy\/\"]}]},{\"@type\":\"ImageObject\",\"inLanguage\":\"fr-FR\",\"@id\":\"https:\/\/tourtravelandmore.com\/fr\/tours\/ecosse-fr\/edinburgh-fr\/visite-privee-dedimbourg-copy\/#primaryimage\",\"url\":\"https:\/\/tourtravelandmore.com\/wp-content\/uploads\/2025\/04\/Ruta-escenarios-Outlander-Edimburgo-15002-1.jpg\",\"contentUrl\":\"https:\/\/tourtravelandmore.com\/wp-content\/uploads\/2025\/04\/Ruta-escenarios-Outlander-Edimburgo-15002-1.jpg\",\"width\":1500,\"height\":1000},{\"@type\":\"BreadcrumbList\",\"@id\":\"https:\/\/tourtravelandmore.com\/fr\/tours\/ecosse-fr\/edinburgh-fr\/visite-privee-dedimbourg-copy\/#breadcrumb\",\"itemListElement\":[{\"@type\":\"ListItem\",\"position\":1,\"name\":\"Home\",\"item\":\"https:\/\/tourtravelandmore.com\/fr\/\"},{\"@type\":\"ListItem\",\"position\":2,\"name\":\"Tours\",\"item\":\"https:\/\/tourtravelandmore.com\/fr\/tours\/\"},{\"@type\":\"ListItem\",\"position\":3,\"name\":\"Visite priv\u00e9e d&#8217;Outlander au d\u00e9part d&#8217;\u00c9dimbourg\"}]},{\"@type\":\"WebSite\",\"@id\":\"https:\/\/tourtravelandmore.com\/fr\/#website\",\"url\":\"https:\/\/tourtravelandmore.com\/fr\/\",\"name\":\"Tour Travel And More\",\"description\":\"Private sightseeing tours and luxury transfers in Spain\",\"publisher\":{\"@id\":\"https:\/\/tourtravelandmore.com\/fr\/#organization\"},\"potentialAction\":[{\"@type\":\"SearchAction\",\"target\":{\"@type\":\"EntryPoint\",\"urlTemplate\":\"https:\/\/tourtravelandmore.com\/fr\/?s={search_term_string}\"},\"query-input\":{\"@type\":\"PropertyValueSpecification\",\"valueRequired\":true,\"valueName\":\"search_term_string\"}}],\"inLanguage\":\"fr-FR\"},{\"@type\":\"Organization\",\"@id\":\"https:\/\/tourtravelandmore.com\/fr\/#organization\",\"name\":\"Tour Travel And More\",\"url\":\"https:\/\/tourtravelandmore.com\/fr\/\",\"logo\":{\"@type\":\"ImageObject\",\"inLanguage\":\"fr-FR\",\"@id\":\"https:\/\/tourtravelandmore.com\/fr\/#\/schema\/logo\/image\/\",\"url\":\"https:\/\/tourtravelandmore.com\/wp-content\/uploads\/2022\/12\/cropped-logo-cabecera-new.png\",\"contentUrl\":\"https:\/\/tourtravelandmore.com\/wp-content\/uploads\/2022\/12\/cropped-logo-cabecera-new.png\",\"width\":430,\"height\":61,\"caption\":\"Tour Travel And More\"},\"image\":{\"@id\":\"https:\/\/tourtravelandmore.com\/fr\/#\/schema\/logo\/image\/\"},\"sameAs\":[\"https:\/\/www.facebook.com\/tourtravelandmore\/\",\"https:\/\/x.com\/TourTravel_More\"]}]}<\/script>\n<!-- \/ Yoast SEO Premium plugin. -->","yoast_head_json":{"title":"Visite priv\u00e9e d'Outlander au d\u00e9part d'\u00c9dimbourg","description":"Profitez de cette Visite priv\u00e9e d'Outlander au d\u00e9part d'\u00c9dimbourg enti\u00e8rement personnalis\u00e9e et profitez de leurs monuments et sites les plus importants aux c\u00f4t\u00e9s d'un guide priv\u00e9.","robots":{"index":"index","follow":"follow","max-snippet":"max-snippet:-1","max-image-preview":"max-image-preview:large","max-video-preview":"max-video-preview:-1"},"canonical":"https:\/\/tourtravelandmore.com\/fr\/tours\/ecosse-fr\/edinburgh-fr\/visite-privee-dedimbourg-copy\/","og_locale":"fr_FR","og_type":"article","og_title":"Visite priv\u00e9e d'Outlander au d\u00e9part d'\u00c9dimbourg","og_description":"Profitez de cette Visite priv\u00e9e d'Outlander au d\u00e9part d'\u00c9dimbourg enti\u00e8rement personnalis\u00e9e et profitez de leurs monuments et sites les plus importants aux c\u00f4t\u00e9s d'un guide priv\u00e9.","og_url":"https:\/\/tourtravelandmore.com\/fr\/tours\/ecosse-fr\/edinburgh-fr\/visite-privee-dedimbourg-copy\/","og_site_name":"Tour Travel And More","article_publisher":"https:\/\/www.facebook.com\/tourtravelandmore\/","article_modified_time":"2025-04-11T16:27:43+00:00","og_image":[{"width":1500,"height":1000,"url":"https:\/\/tourtravelandmore.com\/wp-content\/uploads\/2025\/04\/Ruta-escenarios-Outlander-Edimburgo-15002-1.jpg","type":"image\/jpeg"}],"twitter_card":"summary_large_image","twitter_site":"@TourTravel_More","twitter_misc":{"Dur\u00e9e de lecture estim\u00e9e":"2 minutes"},"schema":{"@context":"https:\/\/schema.org","@graph":[{"@type":"WebPage","@id":"https:\/\/tourtravelandmore.com\/fr\/tours\/ecosse-fr\/edinburgh-fr\/visite-privee-dedimbourg-copy\/","url":"https:\/\/tourtravelandmore.com\/fr\/tours\/ecosse-fr\/edinburgh-fr\/visite-privee-dedimbourg-copy\/","name":"Visite priv\u00e9e d'Outlander au d\u00e9part d'\u00c9dimbourg","isPartOf":{"@id":"https:\/\/tourtravelandmore.com\/fr\/#website"},"primaryImageOfPage":{"@id":"https:\/\/tourtravelandmore.com\/fr\/tours\/ecosse-fr\/edinburgh-fr\/visite-privee-dedimbourg-copy\/#primaryimage"},"image":{"@id":"https:\/\/tourtravelandmore.com\/fr\/tours\/ecosse-fr\/edinburgh-fr\/visite-privee-dedimbourg-copy\/#primaryimage"},"thumbnailUrl":"https:\/\/tourtravelandmore.com\/wp-content\/uploads\/2025\/04\/Ruta-escenarios-Outlander-Edimburgo-15002-1.jpg","datePublished":"2025-04-11T15:07:34+00:00","dateModified":"2025-04-11T16:27:43+00:00","description":"Profitez de cette Visite priv\u00e9e d'Outlander au d\u00e9part d'\u00c9dimbourg enti\u00e8rement personnalis\u00e9e et profitez de leurs monuments et sites les plus importants aux c\u00f4t\u00e9s d'un guide priv\u00e9.","breadcrumb":{"@id":"https:\/\/tourtravelandmore.com\/fr\/tours\/ecosse-fr\/edinburgh-fr\/visite-privee-dedimbourg-copy\/#breadcrumb"},"inLanguage":"fr-FR","potentialAction":[{"@type":"ReadAction","target":["https:\/\/tourtravelandmore.com\/fr\/tours\/ecosse-fr\/edinburgh-fr\/visite-privee-dedimbourg-copy\/"]}]},{"@type":"ImageObject","inLanguage":"fr-FR","@id":"https:\/\/tourtravelandmore.com\/fr\/tours\/ecosse-fr\/edinburgh-fr\/visite-privee-dedimbourg-copy\/#primaryimage","url":"https:\/\/tourtravelandmore.com\/wp-content\/uploads\/2025\/04\/Ruta-escenarios-Outlander-Edimburgo-15002-1.jpg","contentUrl":"https:\/\/tourtravelandmore.com\/wp-content\/uploads\/2025\/04\/Ruta-escenarios-Outlander-Edimburgo-15002-1.jpg","width":1500,"height":1000},{"@type":"BreadcrumbList","@id":"https:\/\/tourtravelandmore.com\/fr\/tours\/ecosse-fr\/edinburgh-fr\/visite-privee-dedimbourg-copy\/#breadcrumb","itemListElement":[{"@type":"ListItem","position":1,"name":"Home","item":"https:\/\/tourtravelandmore.com\/fr\/"},{"@type":"ListItem","position":2,"name":"Tours","item":"https:\/\/tourtravelandmore.com\/fr\/tours\/"},{"@type":"ListItem","position":3,"name":"Visite priv\u00e9e d&#8217;Outlander au d\u00e9part d&#8217;\u00c9dimbourg"}]},{"@type":"WebSite","@id":"https:\/\/tourtravelandmore.com\/fr\/#website","url":"https:\/\/tourtravelandmore.com\/fr\/","name":"Tour Travel And More","description":"Private sightseeing tours and luxury transfers in Spain","publisher":{"@id":"https:\/\/tourtravelandmore.com\/fr\/#organization"},"potentialAction":[{"@type":"SearchAction","target":{"@type":"EntryPoint","urlTemplate":"https:\/\/tourtravelandmore.com\/fr\/?s={search_term_string}"},"query-input":{"@type":"PropertyValueSpecification","valueRequired":true,"valueName":"search_term_string"}}],"inLanguage":"fr-FR"},{"@type":"Organization","@id":"https:\/\/tourtravelandmore.com\/fr\/#organization","name":"Tour Travel And More","url":"https:\/\/tourtravelandmore.com\/fr\/","logo":{"@type":"ImageObject","inLanguage":"fr-FR","@id":"https:\/\/tourtravelandmore.com\/fr\/#\/schema\/logo\/image\/","url":"https:\/\/tourtravelandmore.com\/wp-content\/uploads\/2022\/12\/cropped-logo-cabecera-new.png","contentUrl":"https:\/\/tourtravelandmore.com\/wp-content\/uploads\/2022\/12\/cropped-logo-cabecera-new.png","width":430,"height":61,"caption":"Tour Travel And More"},"image":{"@id":"https:\/\/tourtravelandmore.com\/fr\/#\/schema\/logo\/image\/"},"sameAs":["https:\/\/www.facebook.com\/tourtravelandmore\/","https:\/\/x.com\/TourTravel_More"]}]}},"_links":{"self":[{"href":"https:\/\/tourtravelandmore.com\/fr\/wp-json\/wp\/v2\/product\/182253","targetHints":{"allow":["GET"]}}],"collection":[{"href":"https:\/\/tourtravelandmore.com\/fr\/wp-json\/wp\/v2\/product"}],"about":[{"href":"https:\/\/tourtravelandmore.com\/fr\/wp-json\/wp\/v2\/types\/product"}],"replies":[{"embeddable":true,"href":"https:\/\/tourtravelandmore.com\/fr\/wp-json\/wp\/v2\/comments?post=182253"}],"wp:featuredmedia":[{"embeddable":true,"href":"https:\/\/tourtravelandmore.com\/fr\/wp-json\/wp\/v2\/media\/182264"}],"wp:attachment":[{"href":"https:\/\/tourtravelandmore.com\/fr\/wp-json\/wp\/v2\/media?parent=182253"}],"wp:term":[{"taxonomy":"product_brand","embeddable":true,"href":"https:\/\/tourtravelandmore.com\/fr\/wp-json\/wp\/v2\/product_brand?post=182253"},{"taxonomy":"product_cat","embeddable":true,"href":"https:\/\/tourtravelandmore.com\/fr\/wp-json\/wp\/v2\/product_cat?post=182253"},{"taxonomy":"product_tag","embeddable":true,"href":"https:\/\/tourtravelandmore.com\/fr\/wp-json\/wp\/v2\/product_tag?post=182253"}],"curies":[{"name":"wp","href":"https:\/\/api.w.org\/{rel}","templated":true}]}}