{"id":182209,"date":"2025-04-09T17:44:32","date_gmt":"2025-04-09T16:20:48","guid":{"rendered":"https:\/\/tourtravelandmore.com\/tours\/uncategorized\/visite-privee-du-loch-ness-des-highlands-ecossais-et-dinverness\/"},"modified":"2025-04-22T16:53:02","modified_gmt":"2025-04-22T14:53:02","slug":"visite-privee-du-loch-ness-des-highlands-ecossais-et-dinverness","status":"publish","type":"product","link":"https:\/\/tourtravelandmore.com\/fr\/tours\/ecosse-fr\/edinburgh-fr\/visite-privee-du-loch-ness-des-highlands-ecossais-et-dinverness\/","title":{"rendered":"Visite priv\u00e9e du Loch Ness, des Highlands \u00e9cossais et d&#8217;Inverness"},"content":{"rendered":"<h2><b><strong>Visite priv\u00e9e du Loch Ness, des Highlands \u00e9cossais et d&#8217;Inverness Description<\/strong><\/b><\/h2>\n<p>D\u00e9couvrez la beaut\u00e9 l\u00e9gendaire et le myst\u00e8re de l&#8217;\u00c9cosse lors de cette inoubliable visite priv\u00e9e de 12 heures au d\u00e9part d&#8217;\u00c9dimbourg. Con\u00e7u pour les voyageurs \u00e0 la recherche d&#8217;une exp\u00e9rience personnalis\u00e9e, ce voyage vous emm\u00e8ne au c\u0153ur des Highlands \u00e9cossais, \u00e0 travers des paysages spectaculaires, des villages charmants et des si\u00e8cles d&#8217;histoire riche.<\/p>\n<p>Profitez de cette occasion pour d\u00e9couvrir l&#8217;histoire et la culture de cette ville merveilleuse gr\u00e2ce \u00e0 cette visite priv\u00e9e. Cette visite peut \u00e9galement se faire \u00e0 pied avec votre guide officiel. Jetez un \u0153il \u00e0 notre visite <a href=\"https:\/\/tourtravelandmore.com\/tours\/croatia-en\/zagreb-en\/private-walking-tour-of-zagreb\/\">priv\u00e9e \u00e0 pied de Zagreb<\/a>.<\/p>\n<h2><b><strong>Visite priv\u00e9e du Loch Ness, des Highlands \u00e9cossais et d&#8217;Inverness | Points d&#8217;int\u00e9r\u00eat et monuments<\/strong><\/b><\/h2>\n<p>Voyagez confortablement avec votre chauffeur\/guide priv\u00e9 dans un v\u00e9hicule de luxe en vous rendant \u00e0 l&#8217;embl\u00e9matique <b>lac Ness<\/b>, o\u00f9 les r\u00e9cits de l&#8217;insaisissable \u00ab Nessie \u00bb captivent l&#8217;imagination depuis des g\u00e9n\u00e9rations.<\/p>\n<p>Votre aventure se poursuit \u00e0 travers les <b>Highlands<\/b>, o\u00f9 vous d\u00e9couvrirez certains des paysages naturels les plus \u00e9poustouflants d&#8217;\u00c9cosse. En chemin, vous ferez des haltes dans des villages, des vallons et des vall\u00e9es pittoresques qui vous donneront un aper\u00e7u de la vie traditionnelle des Highlands.<\/p>\n<p>Enfin, vous atteindrez <b>Inverness<\/b>, la charmante capitale des Highlands. Vous aurez du temps libre pour fl\u00e2ner le long de la rivi\u00e8re Ness, admirer le ch\u00e2teau d&#8217;Inverness de l&#8217;ext\u00e9rieur et d\u00e9couvrir les boutiques et caf\u00e9s locaux avant de retourner \u00e0 \u00c9dimbourg.<\/p>\n<p>Id\u00e9ale pour les couples, les familles ou les petits groupes, cette visite priv\u00e9e vous offre la possibilit\u00e9 d&#8217;adapter la journ\u00e9e \u00e0 vos centres d&#8217;int\u00e9r\u00eat, le tout avec les conseils avis\u00e9s d&#8217;un guide anglophone exp\u00e9riment\u00e9.<\/p>\n<ul>\n<li>V\u00e9hicule de luxe priv\u00e9 avec chauffeur\/guide anglophone<\/li>\n<li>Visite du <b>ch\u00e2teau d&#8217;Urquhart<\/b>, qui surplombe le Loch Ness<\/li>\n<li>Croisi\u00e8re en bateau sur le <b>Loch Ness<\/b> en option (billets non inclus)<\/li>\n<li>Trajet panoramique \u00e0 travers les spectaculaires <b>Highlands \u00e9cossais<\/b><\/li>\n<li>Arr\u00eat dans des villages et des vall\u00e9es traditionnels des Highlands<\/li>\n<li>Explorez <b>la ville d&#8217;Inverness<\/b>, capitale des Highlands<\/li>\n<li>Plusieurs arr\u00eats photos aux principaux sites naturels<\/li>\n<li>Dur\u00e9e totale : 12 heures &#8211; enti\u00e8rement priv\u00e9 et personnalisable<\/li>\n<\/ul>\n<p>Enfin, votre chauffeur priv\u00e9 et votre guide touristique officiel vous ram\u00e8neront \u00e0 votre h\u00f4tel ou \u00e0 l&#8217;endroit de votre choix \u00e0 \u00c9dimbourg.<\/p>\n","protected":false},"excerpt":{"rendered":"<p>D\u00e9couvrez la beaut\u00e9 l\u00e9gendaire et le myst\u00e8re de l&#8217;\u00c9cosse lors de cette inoubliable visite priv\u00e9e de 12 heures au d\u00e9part d&#8217;\u00c9dimbourg. Con\u00e7u pour les voyageurs \u00e0 la recherche d&#8217;une exp\u00e9rience personnalis\u00e9e, ce voyage vous emm\u00e8ne au c\u0153ur des Highlands \u00e9cossais, \u00e0 travers des paysages spectaculaires, des villages charmants et des si\u00e8cles d&#8217;histoire riche.<\/p>\n","protected":false},"featured_media":182200,"comment_status":"open","ping_status":"closed","template":"","meta":{"_acf_changed":false},"product_brand":[],"product_cat":[5504,5505,3741,3826],"product_tag":[],"class_list":{"0":"post-182209","1":"product","2":"type-product","3":"status-publish","4":"has-post-thumbnail","6":"product_cat-all-private-tours-activities-fr-37","7":"product_cat-private-sightseeing-tours-fr-45","8":"product_cat-ecosse-fr","9":"product_cat-edinburgh-fr","11":"first","12":"instock","13":"shipping-taxable","14":"purchasable","15":"product-type-simple"},"acf":[],"yoast_head":"<!-- This site is optimized with the Yoast SEO Premium plugin v25.3.1 (Yoast SEO v25.3.1) - https:\/\/yoast.com\/wordpress\/plugins\/seo\/ -->\n<title>\u27a1\ufe0f Visite priv\u00e9e du Loch Ness, des Highlands \u00e9cossais et d&#039;Inverness<\/title>\n<meta name=\"description\" content=\"Profitez de cette visite priv\u00e9e du Loch Ness, des Highlands \u00e9cossais et d&#039;Inverness confortablement install\u00e9 dans votre v\u00e9hicule de luxe priv\u00e9 avec votre chauffeur\/guide \u2705\" \/>\n<meta name=\"robots\" content=\"index, follow, max-snippet:-1, max-image-preview:large, max-video-preview:-1\" \/>\n<link rel=\"canonical\" href=\"https:\/\/tourtravelandmore.com\/fr\/tours\/ecosse-fr\/edinburgh-fr\/visite-privee-du-loch-ness-des-highlands-ecossais-et-dinverness\/\" \/>\n<meta property=\"og:locale\" content=\"fr_FR\" \/>\n<meta property=\"og:type\" content=\"article\" \/>\n<meta property=\"og:title\" content=\"Visite priv\u00e9e du Loch Ness, des Highlands \u00e9cossais et d&#039;Inverness\" \/>\n<meta property=\"og:description\" content=\"Profitez de cette visite priv\u00e9e du Loch Ness, des Highlands \u00e9cossais et d&#039;Inverness confortablement install\u00e9 dans votre v\u00e9hicule de luxe priv\u00e9 avec votre chauffeur\/guide \u2705\" \/>\n<meta property=\"og:url\" content=\"https:\/\/tourtravelandmore.com\/fr\/tours\/ecosse-fr\/edinburgh-fr\/visite-privee-du-loch-ness-des-highlands-ecossais-et-dinverness\/\" \/>\n<meta property=\"og:site_name\" content=\"Tour Travel And More\" \/>\n<meta property=\"article:publisher\" content=\"https:\/\/www.facebook.com\/tourtravelandmore\/\" \/>\n<meta property=\"article:modified_time\" content=\"2025-04-22T14:53:02+00:00\" \/>\n<meta property=\"og:image\" content=\"https:\/\/tourtravelandmore.com\/wp-content\/uploads\/2025\/04\/lake-5018609_1280.jpg\" \/>\n\t<meta property=\"og:image:width\" content=\"1280\" \/>\n\t<meta property=\"og:image:height\" content=\"853\" \/>\n\t<meta property=\"og:image:type\" content=\"image\/jpeg\" \/>\n<meta name=\"twitter:card\" content=\"summary_large_image\" \/>\n<meta name=\"twitter:site\" content=\"@TourTravel_More\" \/>\n<meta name=\"twitter:label1\" content=\"Dur\u00e9e de lecture estim\u00e9e\" \/>\n\t<meta name=\"twitter:data1\" content=\"2 minutes\" \/>\n<script type=\"application\/ld+json\" class=\"yoast-schema-graph\">{\"@context\":\"https:\/\/schema.org\",\"@graph\":[{\"@type\":\"WebPage\",\"@id\":\"https:\/\/tourtravelandmore.com\/fr\/tours\/ecosse-fr\/edinburgh-fr\/visite-privee-du-loch-ness-des-highlands-ecossais-et-dinverness\/\",\"url\":\"https:\/\/tourtravelandmore.com\/fr\/tours\/ecosse-fr\/edinburgh-fr\/visite-privee-du-loch-ness-des-highlands-ecossais-et-dinverness\/\",\"name\":\"\u27a1\ufe0f Visite priv\u00e9e du Loch Ness, des Highlands \u00e9cossais et d'Inverness\",\"isPartOf\":{\"@id\":\"https:\/\/tourtravelandmore.com\/fr\/#website\"},\"primaryImageOfPage\":{\"@id\":\"https:\/\/tourtravelandmore.com\/fr\/tours\/ecosse-fr\/edinburgh-fr\/visite-privee-du-loch-ness-des-highlands-ecossais-et-dinverness\/#primaryimage\"},\"image\":{\"@id\":\"https:\/\/tourtravelandmore.com\/fr\/tours\/ecosse-fr\/edinburgh-fr\/visite-privee-du-loch-ness-des-highlands-ecossais-et-dinverness\/#primaryimage\"},\"thumbnailUrl\":\"https:\/\/tourtravelandmore.com\/wp-content\/uploads\/2025\/04\/lake-5018609_1280.jpg\",\"datePublished\":\"2025-04-09T16:20:48+00:00\",\"dateModified\":\"2025-04-22T14:53:02+00:00\",\"description\":\"Profitez de cette visite priv\u00e9e du Loch Ness, des Highlands \u00e9cossais et d'Inverness confortablement install\u00e9 dans votre v\u00e9hicule de luxe priv\u00e9 avec votre chauffeur\/guide \u2705\",\"breadcrumb\":{\"@id\":\"https:\/\/tourtravelandmore.com\/fr\/tours\/ecosse-fr\/edinburgh-fr\/visite-privee-du-loch-ness-des-highlands-ecossais-et-dinverness\/#breadcrumb\"},\"inLanguage\":\"fr-FR\",\"potentialAction\":[{\"@type\":\"ReadAction\",\"target\":[\"https:\/\/tourtravelandmore.com\/fr\/tours\/ecosse-fr\/edinburgh-fr\/visite-privee-du-loch-ness-des-highlands-ecossais-et-dinverness\/\"]}]},{\"@type\":\"ImageObject\",\"inLanguage\":\"fr-FR\",\"@id\":\"https:\/\/tourtravelandmore.com\/fr\/tours\/ecosse-fr\/edinburgh-fr\/visite-privee-du-loch-ness-des-highlands-ecossais-et-dinverness\/#primaryimage\",\"url\":\"https:\/\/tourtravelandmore.com\/wp-content\/uploads\/2025\/04\/lake-5018609_1280.jpg\",\"contentUrl\":\"https:\/\/tourtravelandmore.com\/wp-content\/uploads\/2025\/04\/lake-5018609_1280.jpg\",\"width\":1280,\"height\":853},{\"@type\":\"BreadcrumbList\",\"@id\":\"https:\/\/tourtravelandmore.com\/fr\/tours\/ecosse-fr\/edinburgh-fr\/visite-privee-du-loch-ness-des-highlands-ecossais-et-dinverness\/#breadcrumb\",\"itemListElement\":[{\"@type\":\"ListItem\",\"position\":1,\"name\":\"Home\",\"item\":\"https:\/\/tourtravelandmore.com\/fr\/\"},{\"@type\":\"ListItem\",\"position\":2,\"name\":\"Tours\",\"item\":\"https:\/\/tourtravelandmore.com\/fr\/tours\/\"},{\"@type\":\"ListItem\",\"position\":3,\"name\":\"Visite priv\u00e9e du Loch Ness, des Highlands \u00e9cossais et d&#8217;Inverness\"}]},{\"@type\":\"WebSite\",\"@id\":\"https:\/\/tourtravelandmore.com\/fr\/#website\",\"url\":\"https:\/\/tourtravelandmore.com\/fr\/\",\"name\":\"Tour Travel And More\",\"description\":\"Private sightseeing tours and luxury transfers in Spain\",\"publisher\":{\"@id\":\"https:\/\/tourtravelandmore.com\/fr\/#organization\"},\"potentialAction\":[{\"@type\":\"SearchAction\",\"target\":{\"@type\":\"EntryPoint\",\"urlTemplate\":\"https:\/\/tourtravelandmore.com\/fr\/?s={search_term_string}\"},\"query-input\":{\"@type\":\"PropertyValueSpecification\",\"valueRequired\":true,\"valueName\":\"search_term_string\"}}],\"inLanguage\":\"fr-FR\"},{\"@type\":\"Organization\",\"@id\":\"https:\/\/tourtravelandmore.com\/fr\/#organization\",\"name\":\"Tour Travel And More\",\"url\":\"https:\/\/tourtravelandmore.com\/fr\/\",\"logo\":{\"@type\":\"ImageObject\",\"inLanguage\":\"fr-FR\",\"@id\":\"https:\/\/tourtravelandmore.com\/fr\/#\/schema\/logo\/image\/\",\"url\":\"https:\/\/tourtravelandmore.com\/wp-content\/uploads\/2022\/12\/cropped-logo-cabecera-new.png\",\"contentUrl\":\"https:\/\/tourtravelandmore.com\/wp-content\/uploads\/2022\/12\/cropped-logo-cabecera-new.png\",\"width\":430,\"height\":61,\"caption\":\"Tour Travel And More\"},\"image\":{\"@id\":\"https:\/\/tourtravelandmore.com\/fr\/#\/schema\/logo\/image\/\"},\"sameAs\":[\"https:\/\/www.facebook.com\/tourtravelandmore\/\",\"https:\/\/x.com\/TourTravel_More\"]}]}<\/script>\n<!-- \/ Yoast SEO Premium plugin. -->","yoast_head_json":{"title":"\u27a1\ufe0f Visite priv\u00e9e du Loch Ness, des Highlands \u00e9cossais et d'Inverness","description":"Profitez de cette visite priv\u00e9e du Loch Ness, des Highlands \u00e9cossais et d'Inverness confortablement install\u00e9 dans votre v\u00e9hicule de luxe priv\u00e9 avec votre chauffeur\/guide \u2705","robots":{"index":"index","follow":"follow","max-snippet":"max-snippet:-1","max-image-preview":"max-image-preview:large","max-video-preview":"max-video-preview:-1"},"canonical":"https:\/\/tourtravelandmore.com\/fr\/tours\/ecosse-fr\/edinburgh-fr\/visite-privee-du-loch-ness-des-highlands-ecossais-et-dinverness\/","og_locale":"fr_FR","og_type":"article","og_title":"Visite priv\u00e9e du Loch Ness, des Highlands \u00e9cossais et d'Inverness","og_description":"Profitez de cette visite priv\u00e9e du Loch Ness, des Highlands \u00e9cossais et d'Inverness confortablement install\u00e9 dans votre v\u00e9hicule de luxe priv\u00e9 avec votre chauffeur\/guide \u2705","og_url":"https:\/\/tourtravelandmore.com\/fr\/tours\/ecosse-fr\/edinburgh-fr\/visite-privee-du-loch-ness-des-highlands-ecossais-et-dinverness\/","og_site_name":"Tour Travel And More","article_publisher":"https:\/\/www.facebook.com\/tourtravelandmore\/","article_modified_time":"2025-04-22T14:53:02+00:00","og_image":[{"width":1280,"height":853,"url":"https:\/\/tourtravelandmore.com\/wp-content\/uploads\/2025\/04\/lake-5018609_1280.jpg","type":"image\/jpeg"}],"twitter_card":"summary_large_image","twitter_site":"@TourTravel_More","twitter_misc":{"Dur\u00e9e de lecture estim\u00e9e":"2 minutes"},"schema":{"@context":"https:\/\/schema.org","@graph":[{"@type":"WebPage","@id":"https:\/\/tourtravelandmore.com\/fr\/tours\/ecosse-fr\/edinburgh-fr\/visite-privee-du-loch-ness-des-highlands-ecossais-et-dinverness\/","url":"https:\/\/tourtravelandmore.com\/fr\/tours\/ecosse-fr\/edinburgh-fr\/visite-privee-du-loch-ness-des-highlands-ecossais-et-dinverness\/","name":"\u27a1\ufe0f Visite priv\u00e9e du Loch Ness, des Highlands \u00e9cossais et d'Inverness","isPartOf":{"@id":"https:\/\/tourtravelandmore.com\/fr\/#website"},"primaryImageOfPage":{"@id":"https:\/\/tourtravelandmore.com\/fr\/tours\/ecosse-fr\/edinburgh-fr\/visite-privee-du-loch-ness-des-highlands-ecossais-et-dinverness\/#primaryimage"},"image":{"@id":"https:\/\/tourtravelandmore.com\/fr\/tours\/ecosse-fr\/edinburgh-fr\/visite-privee-du-loch-ness-des-highlands-ecossais-et-dinverness\/#primaryimage"},"thumbnailUrl":"https:\/\/tourtravelandmore.com\/wp-content\/uploads\/2025\/04\/lake-5018609_1280.jpg","datePublished":"2025-04-09T16:20:48+00:00","dateModified":"2025-04-22T14:53:02+00:00","description":"Profitez de cette visite priv\u00e9e du Loch Ness, des Highlands \u00e9cossais et d'Inverness confortablement install\u00e9 dans votre v\u00e9hicule de luxe priv\u00e9 avec votre chauffeur\/guide \u2705","breadcrumb":{"@id":"https:\/\/tourtravelandmore.com\/fr\/tours\/ecosse-fr\/edinburgh-fr\/visite-privee-du-loch-ness-des-highlands-ecossais-et-dinverness\/#breadcrumb"},"inLanguage":"fr-FR","potentialAction":[{"@type":"ReadAction","target":["https:\/\/tourtravelandmore.com\/fr\/tours\/ecosse-fr\/edinburgh-fr\/visite-privee-du-loch-ness-des-highlands-ecossais-et-dinverness\/"]}]},{"@type":"ImageObject","inLanguage":"fr-FR","@id":"https:\/\/tourtravelandmore.com\/fr\/tours\/ecosse-fr\/edinburgh-fr\/visite-privee-du-loch-ness-des-highlands-ecossais-et-dinverness\/#primaryimage","url":"https:\/\/tourtravelandmore.com\/wp-content\/uploads\/2025\/04\/lake-5018609_1280.jpg","contentUrl":"https:\/\/tourtravelandmore.com\/wp-content\/uploads\/2025\/04\/lake-5018609_1280.jpg","width":1280,"height":853},{"@type":"BreadcrumbList","@id":"https:\/\/tourtravelandmore.com\/fr\/tours\/ecosse-fr\/edinburgh-fr\/visite-privee-du-loch-ness-des-highlands-ecossais-et-dinverness\/#breadcrumb","itemListElement":[{"@type":"ListItem","position":1,"name":"Home","item":"https:\/\/tourtravelandmore.com\/fr\/"},{"@type":"ListItem","position":2,"name":"Tours","item":"https:\/\/tourtravelandmore.com\/fr\/tours\/"},{"@type":"ListItem","position":3,"name":"Visite priv\u00e9e du Loch Ness, des Highlands \u00e9cossais et d&#8217;Inverness"}]},{"@type":"WebSite","@id":"https:\/\/tourtravelandmore.com\/fr\/#website","url":"https:\/\/tourtravelandmore.com\/fr\/","name":"Tour Travel And More","description":"Private sightseeing tours and luxury transfers in Spain","publisher":{"@id":"https:\/\/tourtravelandmore.com\/fr\/#organization"},"potentialAction":[{"@type":"SearchAction","target":{"@type":"EntryPoint","urlTemplate":"https:\/\/tourtravelandmore.com\/fr\/?s={search_term_string}"},"query-input":{"@type":"PropertyValueSpecification","valueRequired":true,"valueName":"search_term_string"}}],"inLanguage":"fr-FR"},{"@type":"Organization","@id":"https:\/\/tourtravelandmore.com\/fr\/#organization","name":"Tour Travel And More","url":"https:\/\/tourtravelandmore.com\/fr\/","logo":{"@type":"ImageObject","inLanguage":"fr-FR","@id":"https:\/\/tourtravelandmore.com\/fr\/#\/schema\/logo\/image\/","url":"https:\/\/tourtravelandmore.com\/wp-content\/uploads\/2022\/12\/cropped-logo-cabecera-new.png","contentUrl":"https:\/\/tourtravelandmore.com\/wp-content\/uploads\/2022\/12\/cropped-logo-cabecera-new.png","width":430,"height":61,"caption":"Tour Travel And More"},"image":{"@id":"https:\/\/tourtravelandmore.com\/fr\/#\/schema\/logo\/image\/"},"sameAs":["https:\/\/www.facebook.com\/tourtravelandmore\/","https:\/\/x.com\/TourTravel_More"]}]}},"_links":{"self":[{"href":"https:\/\/tourtravelandmore.com\/fr\/wp-json\/wp\/v2\/product\/182209","targetHints":{"allow":["GET"]}}],"collection":[{"href":"https:\/\/tourtravelandmore.com\/fr\/wp-json\/wp\/v2\/product"}],"about":[{"href":"https:\/\/tourtravelandmore.com\/fr\/wp-json\/wp\/v2\/types\/product"}],"replies":[{"embeddable":true,"href":"https:\/\/tourtravelandmore.com\/fr\/wp-json\/wp\/v2\/comments?post=182209"}],"wp:featuredmedia":[{"embeddable":true,"href":"https:\/\/tourtravelandmore.com\/fr\/wp-json\/wp\/v2\/media\/182200"}],"wp:attachment":[{"href":"https:\/\/tourtravelandmore.com\/fr\/wp-json\/wp\/v2\/media?parent=182209"}],"wp:term":[{"taxonomy":"product_brand","embeddable":true,"href":"https:\/\/tourtravelandmore.com\/fr\/wp-json\/wp\/v2\/product_brand?post=182209"},{"taxonomy":"product_cat","embeddable":true,"href":"https:\/\/tourtravelandmore.com\/fr\/wp-json\/wp\/v2\/product_cat?post=182209"},{"taxonomy":"product_tag","embeddable":true,"href":"https:\/\/tourtravelandmore.com\/fr\/wp-json\/wp\/v2\/product_tag?post=182209"}],"curies":[{"name":"wp","href":"https:\/\/api.w.org\/{rel}","templated":true}]}}