{"id":182104,"date":"2025-03-31T21:40:29","date_gmt":"2025-03-31T19:40:34","guid":{"rendered":"https:\/\/tourtravelandmore.com\/?post_type=product&#038;p=182104"},"modified":"2025-04-01T16:46:02","modified_gmt":"2025-04-01T14:46:02","slug":"visite-privee-de-la-ville-de-zagreb-copy-copy","status":"publish","type":"product","link":"https:\/\/tourtravelandmore.com\/fr\/tours\/croacia-fr-fr\/zagreb-fr\/visite-privee-de-la-ville-de-zagreb-copy-copy\/","title":{"rendered":"Visite priv\u00e9e du ch\u00e2teau de Trako\u0161\u0107an et de Vara\u017edin au d\u00e9part de Zagreb"},"content":{"rendered":"<h2><b><strong>Visite priv\u00e9e du ch\u00e2teau de Trako\u0161\u0107an et de Vara\u017edin au d\u00e9part de Zagreb Description<\/strong><\/b><\/h2>\n<p>D\u00e9couvrez la riche histoire et les paysages \u00e0 couper le souffle du nord de la Croatie gr\u00e2ce \u00e0 notre visite <b>priv\u00e9e du ch\u00e2teau de Trako\u0161\u0107an et de Vara\u017edin au d\u00e9part de Zagreb<\/b>. Cette exp\u00e9rience exclusive combine architecture m\u00e9di\u00e9vale, \u00e9l\u00e9gance baroque et paysages naturels \u00e9poustouflants, le tout dans le confort d&#8217;un v\u00e9hicule priv\u00e9 avec un guide expert.<\/p>\n<p>Profitez de cette occasion pour d\u00e9couvrir l&#8217;histoire et la culture de cette ville merveilleuse gr\u00e2ce \u00e0 cette visite priv\u00e9e de Zagreb. Cette visite peut \u00e9galement se faire \u00e0 pied avec votre guide officiel. Jetez un \u0153il \u00e0 notre <a href=\"https:\/\/tourtravelandmore.com\/tours\/croatia-en\/zagreb-en\/private-walking-tour-of-zagreb\/\">visite priv\u00e9e \u00e0 pied de Zagreb<\/a>.<\/p>\n<h2><b><strong>Visite priv\u00e9e du ch\u00e2teau de Trako\u0161\u0107an et de Vara\u017edin au d\u00e9part de Zagreb | Points d&#8217;int\u00e9r\u00eat et monuments<\/strong><\/b><\/h2>\n<p>Votre voyage commence par une route panoramique \u00e0 travers la campagne croate pittoresque, menant au <b>ch\u00e2teau de Trako\u0161\u0107an<\/b>, l&#8217;un des plus beaux et des mieux conserv\u00e9s de Croatie. Perch\u00e9e sur une colline et entour\u00e9e d&#8217;un lac tranquille et d&#8217;une for\u00eat luxuriante, cette forteresse du XIIIe si\u00e8cle offre un aper\u00e7u fascinant de la vie de la noblesse croate. Explorez ses salles richement d\u00e9cor\u00e9es, ses objets historiques et ses vues \u00e0 couper le souffle avant de poursuivre vers votre prochaine destination.<\/p>\n<p>Ensuite, visitez <b>Vara\u017edin<\/b>, l&#8217;ancienne capitale de la Croatie et l&#8217;une des plus charmantes villes baroques du pays. Promenez-vous dans son centre historique bien pr\u00e9serv\u00e9, en admirant ses \u00e9l\u00e9gants palais, ses \u00e9glises orn\u00e9es et ses places anim\u00e9es. Votre guide vous fera d\u00e9couvrir des sites tels que le <b>ch\u00e2teau de Vara\u017edin<\/b>, la cath\u00e9drale de l&#8217;Assomption et le c\u00e9l\u00e8bre ancien h\u00f4tel de ville. Profitez de l&#8217;atmosph\u00e8re anim\u00e9e de la ville, d\u00e9couvrez les traditions locales ou d\u00e9tendez-vous dans l&#8217;un de ses caf\u00e9s chaleureux.<\/p>\n<p>Avec un transport priv\u00e9 <b>confortable, un guide expert pendant quatre heures et l&#8217;entr\u00e9e au ch\u00e2teau de Trako\u0161\u0107an incluse<\/b>, cette visite offre un m\u00e9lange parfait d&#8217;histoire, de culture et de beaut\u00e9 des paysages.<\/p>\n<ul>\n<li><b>Excursion priv\u00e9e d&#8217;une journ\u00e9e<\/b> (8 heures) au d\u00e9part de Zagreb avec un service personnalis\u00e9<\/li>\n<li><b>Visitez le ch\u00e2teau de Trako\u0161\u0107an<\/b>, l&#8217;un des ch\u00e2teaux les plus pittoresques de Croatie (entr\u00e9e incluse)<\/li>\n<li><b>Explorez Vara\u017edin<\/b>, connue pour son architecture baroque \u00e9poustouflante et son histoire passionnante<\/li>\n<li><b><strong>Profitez d&#8217;une visite guid\u00e9e (4 heures) avec un expert local comp\u00e9tent<\/strong><\/b><\/li>\n<li><b>Voyagez confortablement dans un v\u00e9hicule<\/b> priv\u00e9 avec prise en charge et retour \u00e0 votre h\u00f4tel<\/li>\n<\/ul>\n<p>Enfin, votre chauffeur priv\u00e9 et votre guide touristique officiel vous ram\u00e8neront \u00e0 votre h\u00f4tel ou \u00e0 l&#8217;endroit de votre choix \u00e0 Zagreb.<\/p>\n","protected":false},"excerpt":{"rendered":"<p>D\u00e9couvrez la riche histoire et les paysages \u00e0 couper le souffle du nord de la Croatie gr\u00e2ce \u00e0 notre visite <b>priv\u00e9e du ch\u00e2teau de Trako\u0161\u0107an et de Vara\u017edin au d\u00e9part de Zagreb<\/b>. Cette exp\u00e9rience exclusive combine architecture m\u00e9di\u00e9vale, \u00e9l\u00e9gance baroque et paysages naturels \u00e9poustouflants, le tout dans le confort d&#8217;un v\u00e9hicule priv\u00e9 avec un guide expert.<\/p>\n","protected":false},"featured_media":182115,"comment_status":"open","ping_status":"closed","template":"","meta":{"_acf_changed":false},"product_brand":[],"product_cat":[5501,5502,3752],"product_tag":[],"class_list":{"0":"post-182104","1":"product","2":"type-product","3":"status-publish","4":"has-post-thumbnail","6":"product_cat-all-private-tours-and-activites","7":"product_cat-private-day-tours","8":"product_cat-zagreb-fr","10":"first","11":"instock","12":"shipping-taxable","13":"purchasable","14":"product-type-simple"},"acf":[],"yoast_head":"<!-- This site is optimized with the Yoast SEO Premium plugin v25.3.1 (Yoast SEO v25.3.1) - https:\/\/yoast.com\/wordpress\/plugins\/seo\/ -->\n<title>Visite priv\u00e9e du ch\u00e2teau de Trako\u0161\u0107an et de Vara\u017edin au d\u00e9part de Zagreb avec guide local et chauffeur priv\u00e9<\/title>\n<meta name=\"description\" content=\"Profitez de cette visite priv\u00e9e de la ville de Zagreb confortablement dans votre v\u00e9hicule de luxe priv\u00e9. Admirez tous les lieux et monuments les plus embl\u00e9matiques de cette ville unique.\" \/>\n<meta name=\"robots\" content=\"index, follow, max-snippet:-1, max-image-preview:large, max-video-preview:-1\" \/>\n<link rel=\"canonical\" href=\"https:\/\/tourtravelandmore.com\/fr\/tours\/croacia-fr-fr\/zagreb-fr\/visite-privee-de-la-ville-de-zagreb-copy-copy\/\" \/>\n<meta property=\"og:locale\" content=\"fr_FR\" \/>\n<meta property=\"og:type\" content=\"article\" \/>\n<meta property=\"og:title\" content=\"Visite priv\u00e9e du ch\u00e2teau de Trako\u0161\u0107an et de Vara\u017edin au d\u00e9part de Zagreb\" \/>\n<meta property=\"og:description\" content=\"Profitez de cette visite priv\u00e9e de la ville de Zagreb confortablement dans votre v\u00e9hicule de luxe priv\u00e9. Admirez tous les lieux et monuments les plus embl\u00e9matiques de cette ville unique.\" \/>\n<meta property=\"og:url\" content=\"https:\/\/tourtravelandmore.com\/fr\/tours\/croacia-fr-fr\/zagreb-fr\/visite-privee-de-la-ville-de-zagreb-copy-copy\/\" \/>\n<meta property=\"og:site_name\" content=\"Tour Travel And More\" \/>\n<meta property=\"article:publisher\" content=\"https:\/\/www.facebook.com\/tourtravelandmore\/\" \/>\n<meta property=\"article:modified_time\" content=\"2025-04-01T14:46:02+00:00\" \/>\n<meta property=\"og:image\" content=\"https:\/\/tourtravelandmore.com\/wp-content\/uploads\/2025\/03\/pexels-janeth-portezo-druzinec-2150618011-31359856.jpg\" \/>\n\t<meta property=\"og:image:width\" content=\"1280\" \/>\n\t<meta property=\"og:image:height\" content=\"960\" \/>\n\t<meta property=\"og:image:type\" content=\"image\/jpeg\" \/>\n<meta name=\"twitter:card\" content=\"summary_large_image\" \/>\n<meta name=\"twitter:site\" content=\"@TourTravel_More\" \/>\n<meta name=\"twitter:label1\" content=\"Dur\u00e9e de lecture estim\u00e9e\" \/>\n\t<meta name=\"twitter:data1\" content=\"2 minutes\" \/>\n<script type=\"application\/ld+json\" class=\"yoast-schema-graph\">{\"@context\":\"https:\/\/schema.org\",\"@graph\":[{\"@type\":\"WebPage\",\"@id\":\"https:\/\/tourtravelandmore.com\/fr\/tours\/croacia-fr-fr\/zagreb-fr\/visite-privee-de-la-ville-de-zagreb-copy-copy\/\",\"url\":\"https:\/\/tourtravelandmore.com\/fr\/tours\/croacia-fr-fr\/zagreb-fr\/visite-privee-de-la-ville-de-zagreb-copy-copy\/\",\"name\":\"Visite priv\u00e9e du ch\u00e2teau de Trako\u0161\u0107an et de Vara\u017edin au d\u00e9part de Zagreb avec guide local et chauffeur priv\u00e9\",\"isPartOf\":{\"@id\":\"https:\/\/tourtravelandmore.com\/fr\/#website\"},\"primaryImageOfPage\":{\"@id\":\"https:\/\/tourtravelandmore.com\/fr\/tours\/croacia-fr-fr\/zagreb-fr\/visite-privee-de-la-ville-de-zagreb-copy-copy\/#primaryimage\"},\"image\":{\"@id\":\"https:\/\/tourtravelandmore.com\/fr\/tours\/croacia-fr-fr\/zagreb-fr\/visite-privee-de-la-ville-de-zagreb-copy-copy\/#primaryimage\"},\"thumbnailUrl\":\"https:\/\/tourtravelandmore.com\/wp-content\/uploads\/2025\/03\/pexels-janeth-portezo-druzinec-2150618011-31359856.jpg\",\"datePublished\":\"2025-03-31T19:40:34+00:00\",\"dateModified\":\"2025-04-01T14:46:02+00:00\",\"description\":\"Profitez de cette visite priv\u00e9e de la ville de Zagreb confortablement dans votre v\u00e9hicule de luxe priv\u00e9. Admirez tous les lieux et monuments les plus embl\u00e9matiques de cette ville unique.\",\"breadcrumb\":{\"@id\":\"https:\/\/tourtravelandmore.com\/fr\/tours\/croacia-fr-fr\/zagreb-fr\/visite-privee-de-la-ville-de-zagreb-copy-copy\/#breadcrumb\"},\"inLanguage\":\"fr-FR\",\"potentialAction\":[{\"@type\":\"ReadAction\",\"target\":[\"https:\/\/tourtravelandmore.com\/fr\/tours\/croacia-fr-fr\/zagreb-fr\/visite-privee-de-la-ville-de-zagreb-copy-copy\/\"]}]},{\"@type\":\"ImageObject\",\"inLanguage\":\"fr-FR\",\"@id\":\"https:\/\/tourtravelandmore.com\/fr\/tours\/croacia-fr-fr\/zagreb-fr\/visite-privee-de-la-ville-de-zagreb-copy-copy\/#primaryimage\",\"url\":\"https:\/\/tourtravelandmore.com\/wp-content\/uploads\/2025\/03\/pexels-janeth-portezo-druzinec-2150618011-31359856.jpg\",\"contentUrl\":\"https:\/\/tourtravelandmore.com\/wp-content\/uploads\/2025\/03\/pexels-janeth-portezo-druzinec-2150618011-31359856.jpg\",\"width\":1280,\"height\":960},{\"@type\":\"BreadcrumbList\",\"@id\":\"https:\/\/tourtravelandmore.com\/fr\/tours\/croacia-fr-fr\/zagreb-fr\/visite-privee-de-la-ville-de-zagreb-copy-copy\/#breadcrumb\",\"itemListElement\":[{\"@type\":\"ListItem\",\"position\":1,\"name\":\"Home\",\"item\":\"https:\/\/tourtravelandmore.com\/fr\/\"},{\"@type\":\"ListItem\",\"position\":2,\"name\":\"Tours\",\"item\":\"https:\/\/tourtravelandmore.com\/fr\/tours\/\"},{\"@type\":\"ListItem\",\"position\":3,\"name\":\"Visite priv\u00e9e du ch\u00e2teau de Trako\u0161\u0107an et de Vara\u017edin au d\u00e9part de Zagreb\"}]},{\"@type\":\"WebSite\",\"@id\":\"https:\/\/tourtravelandmore.com\/fr\/#website\",\"url\":\"https:\/\/tourtravelandmore.com\/fr\/\",\"name\":\"Tour Travel And More\",\"description\":\"Private sightseeing tours and luxury transfers in Spain\",\"publisher\":{\"@id\":\"https:\/\/tourtravelandmore.com\/fr\/#organization\"},\"potentialAction\":[{\"@type\":\"SearchAction\",\"target\":{\"@type\":\"EntryPoint\",\"urlTemplate\":\"https:\/\/tourtravelandmore.com\/fr\/?s={search_term_string}\"},\"query-input\":{\"@type\":\"PropertyValueSpecification\",\"valueRequired\":true,\"valueName\":\"search_term_string\"}}],\"inLanguage\":\"fr-FR\"},{\"@type\":\"Organization\",\"@id\":\"https:\/\/tourtravelandmore.com\/fr\/#organization\",\"name\":\"Tour Travel And More\",\"url\":\"https:\/\/tourtravelandmore.com\/fr\/\",\"logo\":{\"@type\":\"ImageObject\",\"inLanguage\":\"fr-FR\",\"@id\":\"https:\/\/tourtravelandmore.com\/fr\/#\/schema\/logo\/image\/\",\"url\":\"https:\/\/tourtravelandmore.com\/wp-content\/uploads\/2022\/12\/cropped-logo-cabecera-new.png\",\"contentUrl\":\"https:\/\/tourtravelandmore.com\/wp-content\/uploads\/2022\/12\/cropped-logo-cabecera-new.png\",\"width\":430,\"height\":61,\"caption\":\"Tour Travel And More\"},\"image\":{\"@id\":\"https:\/\/tourtravelandmore.com\/fr\/#\/schema\/logo\/image\/\"},\"sameAs\":[\"https:\/\/www.facebook.com\/tourtravelandmore\/\",\"https:\/\/x.com\/TourTravel_More\"]}]}<\/script>\n<!-- \/ Yoast SEO Premium plugin. -->","yoast_head_json":{"title":"Visite priv\u00e9e du ch\u00e2teau de Trako\u0161\u0107an et de Vara\u017edin au d\u00e9part de Zagreb avec guide local et chauffeur priv\u00e9","description":"Profitez de cette visite priv\u00e9e de la ville de Zagreb confortablement dans votre v\u00e9hicule de luxe priv\u00e9. Admirez tous les lieux et monuments les plus embl\u00e9matiques de cette ville unique.","robots":{"index":"index","follow":"follow","max-snippet":"max-snippet:-1","max-image-preview":"max-image-preview:large","max-video-preview":"max-video-preview:-1"},"canonical":"https:\/\/tourtravelandmore.com\/fr\/tours\/croacia-fr-fr\/zagreb-fr\/visite-privee-de-la-ville-de-zagreb-copy-copy\/","og_locale":"fr_FR","og_type":"article","og_title":"Visite priv\u00e9e du ch\u00e2teau de Trako\u0161\u0107an et de Vara\u017edin au d\u00e9part de Zagreb","og_description":"Profitez de cette visite priv\u00e9e de la ville de Zagreb confortablement dans votre v\u00e9hicule de luxe priv\u00e9. Admirez tous les lieux et monuments les plus embl\u00e9matiques de cette ville unique.","og_url":"https:\/\/tourtravelandmore.com\/fr\/tours\/croacia-fr-fr\/zagreb-fr\/visite-privee-de-la-ville-de-zagreb-copy-copy\/","og_site_name":"Tour Travel And More","article_publisher":"https:\/\/www.facebook.com\/tourtravelandmore\/","article_modified_time":"2025-04-01T14:46:02+00:00","og_image":[{"width":1280,"height":960,"url":"https:\/\/tourtravelandmore.com\/wp-content\/uploads\/2025\/03\/pexels-janeth-portezo-druzinec-2150618011-31359856.jpg","type":"image\/jpeg"}],"twitter_card":"summary_large_image","twitter_site":"@TourTravel_More","twitter_misc":{"Dur\u00e9e de lecture estim\u00e9e":"2 minutes"},"schema":{"@context":"https:\/\/schema.org","@graph":[{"@type":"WebPage","@id":"https:\/\/tourtravelandmore.com\/fr\/tours\/croacia-fr-fr\/zagreb-fr\/visite-privee-de-la-ville-de-zagreb-copy-copy\/","url":"https:\/\/tourtravelandmore.com\/fr\/tours\/croacia-fr-fr\/zagreb-fr\/visite-privee-de-la-ville-de-zagreb-copy-copy\/","name":"Visite priv\u00e9e du ch\u00e2teau de Trako\u0161\u0107an et de Vara\u017edin au d\u00e9part de Zagreb avec guide local et chauffeur priv\u00e9","isPartOf":{"@id":"https:\/\/tourtravelandmore.com\/fr\/#website"},"primaryImageOfPage":{"@id":"https:\/\/tourtravelandmore.com\/fr\/tours\/croacia-fr-fr\/zagreb-fr\/visite-privee-de-la-ville-de-zagreb-copy-copy\/#primaryimage"},"image":{"@id":"https:\/\/tourtravelandmore.com\/fr\/tours\/croacia-fr-fr\/zagreb-fr\/visite-privee-de-la-ville-de-zagreb-copy-copy\/#primaryimage"},"thumbnailUrl":"https:\/\/tourtravelandmore.com\/wp-content\/uploads\/2025\/03\/pexels-janeth-portezo-druzinec-2150618011-31359856.jpg","datePublished":"2025-03-31T19:40:34+00:00","dateModified":"2025-04-01T14:46:02+00:00","description":"Profitez de cette visite priv\u00e9e de la ville de Zagreb confortablement dans votre v\u00e9hicule de luxe priv\u00e9. Admirez tous les lieux et monuments les plus embl\u00e9matiques de cette ville unique.","breadcrumb":{"@id":"https:\/\/tourtravelandmore.com\/fr\/tours\/croacia-fr-fr\/zagreb-fr\/visite-privee-de-la-ville-de-zagreb-copy-copy\/#breadcrumb"},"inLanguage":"fr-FR","potentialAction":[{"@type":"ReadAction","target":["https:\/\/tourtravelandmore.com\/fr\/tours\/croacia-fr-fr\/zagreb-fr\/visite-privee-de-la-ville-de-zagreb-copy-copy\/"]}]},{"@type":"ImageObject","inLanguage":"fr-FR","@id":"https:\/\/tourtravelandmore.com\/fr\/tours\/croacia-fr-fr\/zagreb-fr\/visite-privee-de-la-ville-de-zagreb-copy-copy\/#primaryimage","url":"https:\/\/tourtravelandmore.com\/wp-content\/uploads\/2025\/03\/pexels-janeth-portezo-druzinec-2150618011-31359856.jpg","contentUrl":"https:\/\/tourtravelandmore.com\/wp-content\/uploads\/2025\/03\/pexels-janeth-portezo-druzinec-2150618011-31359856.jpg","width":1280,"height":960},{"@type":"BreadcrumbList","@id":"https:\/\/tourtravelandmore.com\/fr\/tours\/croacia-fr-fr\/zagreb-fr\/visite-privee-de-la-ville-de-zagreb-copy-copy\/#breadcrumb","itemListElement":[{"@type":"ListItem","position":1,"name":"Home","item":"https:\/\/tourtravelandmore.com\/fr\/"},{"@type":"ListItem","position":2,"name":"Tours","item":"https:\/\/tourtravelandmore.com\/fr\/tours\/"},{"@type":"ListItem","position":3,"name":"Visite priv\u00e9e du ch\u00e2teau de Trako\u0161\u0107an et de Vara\u017edin au d\u00e9part de Zagreb"}]},{"@type":"WebSite","@id":"https:\/\/tourtravelandmore.com\/fr\/#website","url":"https:\/\/tourtravelandmore.com\/fr\/","name":"Tour Travel And More","description":"Private sightseeing tours and luxury transfers in Spain","publisher":{"@id":"https:\/\/tourtravelandmore.com\/fr\/#organization"},"potentialAction":[{"@type":"SearchAction","target":{"@type":"EntryPoint","urlTemplate":"https:\/\/tourtravelandmore.com\/fr\/?s={search_term_string}"},"query-input":{"@type":"PropertyValueSpecification","valueRequired":true,"valueName":"search_term_string"}}],"inLanguage":"fr-FR"},{"@type":"Organization","@id":"https:\/\/tourtravelandmore.com\/fr\/#organization","name":"Tour Travel And More","url":"https:\/\/tourtravelandmore.com\/fr\/","logo":{"@type":"ImageObject","inLanguage":"fr-FR","@id":"https:\/\/tourtravelandmore.com\/fr\/#\/schema\/logo\/image\/","url":"https:\/\/tourtravelandmore.com\/wp-content\/uploads\/2022\/12\/cropped-logo-cabecera-new.png","contentUrl":"https:\/\/tourtravelandmore.com\/wp-content\/uploads\/2022\/12\/cropped-logo-cabecera-new.png","width":430,"height":61,"caption":"Tour Travel And More"},"image":{"@id":"https:\/\/tourtravelandmore.com\/fr\/#\/schema\/logo\/image\/"},"sameAs":["https:\/\/www.facebook.com\/tourtravelandmore\/","https:\/\/x.com\/TourTravel_More"]}]}},"_links":{"self":[{"href":"https:\/\/tourtravelandmore.com\/fr\/wp-json\/wp\/v2\/product\/182104","targetHints":{"allow":["GET"]}}],"collection":[{"href":"https:\/\/tourtravelandmore.com\/fr\/wp-json\/wp\/v2\/product"}],"about":[{"href":"https:\/\/tourtravelandmore.com\/fr\/wp-json\/wp\/v2\/types\/product"}],"replies":[{"embeddable":true,"href":"https:\/\/tourtravelandmore.com\/fr\/wp-json\/wp\/v2\/comments?post=182104"}],"wp:featuredmedia":[{"embeddable":true,"href":"https:\/\/tourtravelandmore.com\/fr\/wp-json\/wp\/v2\/media\/182115"}],"wp:attachment":[{"href":"https:\/\/tourtravelandmore.com\/fr\/wp-json\/wp\/v2\/media?parent=182104"}],"wp:term":[{"taxonomy":"product_brand","embeddable":true,"href":"https:\/\/tourtravelandmore.com\/fr\/wp-json\/wp\/v2\/product_brand?post=182104"},{"taxonomy":"product_cat","embeddable":true,"href":"https:\/\/tourtravelandmore.com\/fr\/wp-json\/wp\/v2\/product_cat?post=182104"},{"taxonomy":"product_tag","embeddable":true,"href":"https:\/\/tourtravelandmore.com\/fr\/wp-json\/wp\/v2\/product_tag?post=182104"}],"curies":[{"name":"wp","href":"https:\/\/api.w.org\/{rel}","templated":true}]}}