{"id":182086,"date":"2025-03-31T20:46:09","date_gmt":"2025-03-31T18:46:19","guid":{"rendered":"https:\/\/tourtravelandmore.com\/?post_type=product&#038;p=182086"},"modified":"2025-04-01T22:46:19","modified_gmt":"2025-04-01T20:46:19","slug":"visite-privee-de-la-ville-de-zagreb-copy","status":"publish","type":"product","link":"https:\/\/tourtravelandmore.com\/fr\/tours\/croacia-fr-fr\/zagreb-fr\/visite-privee-de-la-ville-de-zagreb-copy\/","title":{"rendered":"Visite priv\u00e9e de Pula et Rovinj au d\u00e9part de Zagreb"},"content":{"rendered":"<h2><b><strong>Visite priv\u00e9e de Pula et Rovinj au d\u00e9part de Zagreb Description<\/strong><\/b><\/h2>\n<p>D\u00e9couvrez la beaut\u00e9 de la p\u00e9ninsule d&#8217;Istrie avec cette visite priv\u00e9e de Pula et Rovinj au d\u00e9part de Zagreb. Profitez d&#8217;un voyage confortable avec un v\u00e9hicule priv\u00e9 et un chauffeur pendant 11 heures, accompagn\u00e9 d&#8217;un guide exp\u00e9riment\u00e9 pendant quatre heures. Plongez dans la riche histoire de la r\u00e9gion et ses paysages c\u00f4tiers \u00e0 couper le souffle, avec une visite sp\u00e9ciale de l&#8217;embl\u00e9matique amphith\u00e9\u00e2tre romain de Pula.<\/p>\n<p>Profitez de cette occasion pour d\u00e9couvrir l&#8217;histoire et la culture de cette ville merveilleuse gr\u00e2ce \u00e0 cette visite priv\u00e9e de Zagreb. Cette visite peut \u00e9galement se faire \u00e0 pied avec votre guide officiel. Jetez un \u0153il \u00e0 notre <a href=\"https:\/\/tourtravelandmore.com\/tours\/croatia-en\/zagreb-en\/private-walking-tour-of-zagreb\/\">visite priv\u00e9e \u00e0 pied de Zagreb<\/a>.<\/p>\n<h2><b><strong>Visite priv\u00e9e de Pula et Rovinj au d\u00e9part de Zagreb | Points d&#8217;int\u00e9r\u00eat et monuments<\/strong><\/b><\/h2>\n<p>Votre journ\u00e9e commence par un trajet panoramique de Zagreb \u00e0 Pula, l&#8217;une des villes les plus importantes de Croatie sur le plan historique. Vous y d\u00e9couvrirez l&#8217;amphith\u00e9\u00e2tre romain, un vestige impressionnant de l&#8217;Empire romain qui a autrefois accueilli des combats de gladiateurs. Votre guide vous fera d\u00e9couvrir son histoire et le patrimoine antique de la ville.<\/p>\n<p>Ensuite, vous continuerez vers Rovinj, une ville c\u00f4ti\u00e8re pittoresque souvent appel\u00e9e la \u00ab perle de l&#8217;Istrie \u00bb. Promenez-vous dans sa charmante vieille ville, admirez ses maisons color\u00e9es de style v\u00e9nitien et profitez de la vue imprenable sur la mer Adriatique. Vous aurez du temps libre pour explorer ses rues pittoresques, vous d\u00e9tendre au bord de l&#8217;eau ou vous r\u00e9galer de la cuisine locale d&#8217;Istrie avant de retourner \u00e0 Zagreb.<\/p>\n<p>Cette visite exclusive vous garantit une exp\u00e9rience enrichissante et sans faille, parfaite pour les passionn\u00e9s d&#8217;histoire et les voyageurs qui souhaitent explorer la Croatie au-del\u00e0 de la capitale.<\/p>\n<p>Parmi les autres monuments et lieux que vous pourrez visiter :<\/p>\n<ul>\n<li><b>Visite priv\u00e9e<\/b> avec un v\u00e9hicule confortable et un chauffeur pendant 11 heures<\/li>\n<li><b>Visite guid\u00e9e (4 heures)<\/b> avec un guide local expert<\/li>\n<li><b>Entr\u00e9e \u00e0 l&#8217;amphith\u00e9\u00e2tre romain de Pula<\/b>, l&#8217;un des mieux conserv\u00e9s au monde<\/li>\n<li>Explorez <b>Pula,<\/b> une ville \u00e0 l&#8217;histoire romaine riche et \u00e0 l&#8217;architecture impressionnante<\/li>\n<li>D\u00e9couvrez <b>Rovinj,<\/b> une charmante ville c\u00f4ti\u00e8re aux influences v\u00e9nitiennes<\/li>\n<li>Profitez de votre temps libre pour profiter de l&#8217;atmosph\u00e8re anim\u00e9e de Rovinj et de sa vue sur la mer<\/li>\n<li>Exp\u00e9rience personnalis\u00e9e avec des options d&#8217;itin\u00e9raire flexibles<\/li>\n<\/ul>\n<p>Enfin, votre chauffeur priv\u00e9 et votre guide touristique officiel vous ram\u00e8neront \u00e0 votre h\u00f4tel ou \u00e0 l&#8217;endroit de votre choix \u00e0 Zagreb.<\/p>\n","protected":false},"excerpt":{"rendered":"<p>D\u00e9couvrez la beaut\u00e9 de la p\u00e9ninsule d&#8217;Istrie avec cette visite priv\u00e9e de Pula et Rovinj au d\u00e9part de Zagreb. Profitez d&#8217;un voyage confortable avec un v\u00e9hicule priv\u00e9 et un chauffeur pendant 11 heures, accompagn\u00e9 d&#8217;un guide exp\u00e9riment\u00e9 pendant quatre heures. Plongez dans la riche histoire de la r\u00e9gion et ses paysages c\u00f4tiers \u00e0 couper le souffle, avec une visite sp\u00e9ciale de l&#8217;embl\u00e9matique amphith\u00e9\u00e2tre romain de Pula.<\/p>\n","protected":false},"featured_media":182096,"comment_status":"open","ping_status":"closed","template":"","meta":{"_acf_changed":false},"product_brand":[],"product_cat":[5501,5502,3752],"product_tag":[],"class_list":{"0":"post-182086","1":"product","2":"type-product","3":"status-publish","4":"has-post-thumbnail","6":"product_cat-all-private-tours-and-activites","7":"product_cat-private-day-tours","8":"product_cat-zagreb-fr","10":"first","11":"instock","12":"shipping-taxable","13":"purchasable","14":"product-type-simple"},"acf":[],"yoast_head":"<!-- This site is optimized with the Yoast SEO Premium plugin v25.3.1 (Yoast SEO v25.3.1) - https:\/\/yoast.com\/wordpress\/plugins\/seo\/ -->\n<title>Visite priv\u00e9e de la ville de Zagreb avec guide local et chauffeur priv\u00e9<\/title>\n<meta name=\"description\" content=\"Profitez de cette visite priv\u00e9e de la ville de Zagreb confortablement dans votre v\u00e9hicule de luxe priv\u00e9. Admirez tous les lieux et monuments les plus embl\u00e9matiques de cette ville unique.\" \/>\n<meta name=\"robots\" content=\"index, follow, max-snippet:-1, max-image-preview:large, max-video-preview:-1\" \/>\n<link rel=\"canonical\" href=\"https:\/\/tourtravelandmore.com\/fr\/tours\/croacia-fr-fr\/zagreb-fr\/visite-privee-de-la-ville-de-zagreb-copy\/\" \/>\n<meta property=\"og:locale\" content=\"fr_FR\" \/>\n<meta property=\"og:type\" content=\"article\" \/>\n<meta property=\"og:title\" content=\"Visite priv\u00e9e de Pula et Rovinj au d\u00e9part de Zagreb\" \/>\n<meta property=\"og:description\" content=\"Profitez de cette visite priv\u00e9e de la ville de Zagreb confortablement dans votre v\u00e9hicule de luxe priv\u00e9. Admirez tous les lieux et monuments les plus embl\u00e9matiques de cette ville unique.\" \/>\n<meta property=\"og:url\" content=\"https:\/\/tourtravelandmore.com\/fr\/tours\/croacia-fr-fr\/zagreb-fr\/visite-privee-de-la-ville-de-zagreb-copy\/\" \/>\n<meta property=\"og:site_name\" content=\"Tour Travel And More\" \/>\n<meta property=\"article:publisher\" content=\"https:\/\/www.facebook.com\/tourtravelandmore\/\" \/>\n<meta property=\"article:modified_time\" content=\"2025-04-01T20:46:19+00:00\" \/>\n<meta property=\"og:image\" content=\"https:\/\/tourtravelandmore.com\/wp-content\/uploads\/2025\/03\/pexels-pixabay-248181-scaled.jpg\" \/>\n\t<meta property=\"og:image:width\" content=\"2560\" \/>\n\t<meta property=\"og:image:height\" content=\"1714\" \/>\n\t<meta property=\"og:image:type\" content=\"image\/jpeg\" \/>\n<meta name=\"twitter:card\" content=\"summary_large_image\" \/>\n<meta name=\"twitter:site\" content=\"@TourTravel_More\" \/>\n<meta name=\"twitter:label1\" content=\"Dur\u00e9e de lecture estim\u00e9e\" \/>\n\t<meta name=\"twitter:data1\" content=\"2 minutes\" \/>\n<script type=\"application\/ld+json\" class=\"yoast-schema-graph\">{\"@context\":\"https:\/\/schema.org\",\"@graph\":[{\"@type\":\"WebPage\",\"@id\":\"https:\/\/tourtravelandmore.com\/fr\/tours\/croacia-fr-fr\/zagreb-fr\/visite-privee-de-la-ville-de-zagreb-copy\/\",\"url\":\"https:\/\/tourtravelandmore.com\/fr\/tours\/croacia-fr-fr\/zagreb-fr\/visite-privee-de-la-ville-de-zagreb-copy\/\",\"name\":\"Visite priv\u00e9e de la ville de Zagreb avec guide local et chauffeur priv\u00e9\",\"isPartOf\":{\"@id\":\"https:\/\/tourtravelandmore.com\/fr\/#website\"},\"primaryImageOfPage\":{\"@id\":\"https:\/\/tourtravelandmore.com\/fr\/tours\/croacia-fr-fr\/zagreb-fr\/visite-privee-de-la-ville-de-zagreb-copy\/#primaryimage\"},\"image\":{\"@id\":\"https:\/\/tourtravelandmore.com\/fr\/tours\/croacia-fr-fr\/zagreb-fr\/visite-privee-de-la-ville-de-zagreb-copy\/#primaryimage\"},\"thumbnailUrl\":\"https:\/\/tourtravelandmore.com\/wp-content\/uploads\/2025\/03\/pexels-pixabay-248181-scaled.jpg\",\"datePublished\":\"2025-03-31T18:46:19+00:00\",\"dateModified\":\"2025-04-01T20:46:19+00:00\",\"description\":\"Profitez de cette visite priv\u00e9e de la ville de Zagreb confortablement dans votre v\u00e9hicule de luxe priv\u00e9. Admirez tous les lieux et monuments les plus embl\u00e9matiques de cette ville unique.\",\"breadcrumb\":{\"@id\":\"https:\/\/tourtravelandmore.com\/fr\/tours\/croacia-fr-fr\/zagreb-fr\/visite-privee-de-la-ville-de-zagreb-copy\/#breadcrumb\"},\"inLanguage\":\"fr-FR\",\"potentialAction\":[{\"@type\":\"ReadAction\",\"target\":[\"https:\/\/tourtravelandmore.com\/fr\/tours\/croacia-fr-fr\/zagreb-fr\/visite-privee-de-la-ville-de-zagreb-copy\/\"]}]},{\"@type\":\"ImageObject\",\"inLanguage\":\"fr-FR\",\"@id\":\"https:\/\/tourtravelandmore.com\/fr\/tours\/croacia-fr-fr\/zagreb-fr\/visite-privee-de-la-ville-de-zagreb-copy\/#primaryimage\",\"url\":\"https:\/\/tourtravelandmore.com\/wp-content\/uploads\/2025\/03\/pexels-pixabay-248181-scaled.jpg\",\"contentUrl\":\"https:\/\/tourtravelandmore.com\/wp-content\/uploads\/2025\/03\/pexels-pixabay-248181-scaled.jpg\",\"width\":2560,\"height\":1714},{\"@type\":\"BreadcrumbList\",\"@id\":\"https:\/\/tourtravelandmore.com\/fr\/tours\/croacia-fr-fr\/zagreb-fr\/visite-privee-de-la-ville-de-zagreb-copy\/#breadcrumb\",\"itemListElement\":[{\"@type\":\"ListItem\",\"position\":1,\"name\":\"Home\",\"item\":\"https:\/\/tourtravelandmore.com\/fr\/\"},{\"@type\":\"ListItem\",\"position\":2,\"name\":\"Tours\",\"item\":\"https:\/\/tourtravelandmore.com\/fr\/tours\/\"},{\"@type\":\"ListItem\",\"position\":3,\"name\":\"Visite priv\u00e9e de Pula et Rovinj au d\u00e9part de Zagreb\"}]},{\"@type\":\"WebSite\",\"@id\":\"https:\/\/tourtravelandmore.com\/fr\/#website\",\"url\":\"https:\/\/tourtravelandmore.com\/fr\/\",\"name\":\"Tour Travel And More\",\"description\":\"Private sightseeing tours and luxury transfers in Spain\",\"publisher\":{\"@id\":\"https:\/\/tourtravelandmore.com\/fr\/#organization\"},\"potentialAction\":[{\"@type\":\"SearchAction\",\"target\":{\"@type\":\"EntryPoint\",\"urlTemplate\":\"https:\/\/tourtravelandmore.com\/fr\/?s={search_term_string}\"},\"query-input\":{\"@type\":\"PropertyValueSpecification\",\"valueRequired\":true,\"valueName\":\"search_term_string\"}}],\"inLanguage\":\"fr-FR\"},{\"@type\":\"Organization\",\"@id\":\"https:\/\/tourtravelandmore.com\/fr\/#organization\",\"name\":\"Tour Travel And More\",\"url\":\"https:\/\/tourtravelandmore.com\/fr\/\",\"logo\":{\"@type\":\"ImageObject\",\"inLanguage\":\"fr-FR\",\"@id\":\"https:\/\/tourtravelandmore.com\/fr\/#\/schema\/logo\/image\/\",\"url\":\"https:\/\/tourtravelandmore.com\/wp-content\/uploads\/2022\/12\/cropped-logo-cabecera-new.png\",\"contentUrl\":\"https:\/\/tourtravelandmore.com\/wp-content\/uploads\/2022\/12\/cropped-logo-cabecera-new.png\",\"width\":430,\"height\":61,\"caption\":\"Tour Travel And More\"},\"image\":{\"@id\":\"https:\/\/tourtravelandmore.com\/fr\/#\/schema\/logo\/image\/\"},\"sameAs\":[\"https:\/\/www.facebook.com\/tourtravelandmore\/\",\"https:\/\/x.com\/TourTravel_More\"]}]}<\/script>\n<!-- \/ Yoast SEO Premium plugin. -->","yoast_head_json":{"title":"Visite priv\u00e9e de la ville de Zagreb avec guide local et chauffeur priv\u00e9","description":"Profitez de cette visite priv\u00e9e de la ville de Zagreb confortablement dans votre v\u00e9hicule de luxe priv\u00e9. Admirez tous les lieux et monuments les plus embl\u00e9matiques de cette ville unique.","robots":{"index":"index","follow":"follow","max-snippet":"max-snippet:-1","max-image-preview":"max-image-preview:large","max-video-preview":"max-video-preview:-1"},"canonical":"https:\/\/tourtravelandmore.com\/fr\/tours\/croacia-fr-fr\/zagreb-fr\/visite-privee-de-la-ville-de-zagreb-copy\/","og_locale":"fr_FR","og_type":"article","og_title":"Visite priv\u00e9e de Pula et Rovinj au d\u00e9part de Zagreb","og_description":"Profitez de cette visite priv\u00e9e de la ville de Zagreb confortablement dans votre v\u00e9hicule de luxe priv\u00e9. Admirez tous les lieux et monuments les plus embl\u00e9matiques de cette ville unique.","og_url":"https:\/\/tourtravelandmore.com\/fr\/tours\/croacia-fr-fr\/zagreb-fr\/visite-privee-de-la-ville-de-zagreb-copy\/","og_site_name":"Tour Travel And More","article_publisher":"https:\/\/www.facebook.com\/tourtravelandmore\/","article_modified_time":"2025-04-01T20:46:19+00:00","og_image":[{"width":2560,"height":1714,"url":"https:\/\/tourtravelandmore.com\/wp-content\/uploads\/2025\/03\/pexels-pixabay-248181-scaled.jpg","type":"image\/jpeg"}],"twitter_card":"summary_large_image","twitter_site":"@TourTravel_More","twitter_misc":{"Dur\u00e9e de lecture estim\u00e9e":"2 minutes"},"schema":{"@context":"https:\/\/schema.org","@graph":[{"@type":"WebPage","@id":"https:\/\/tourtravelandmore.com\/fr\/tours\/croacia-fr-fr\/zagreb-fr\/visite-privee-de-la-ville-de-zagreb-copy\/","url":"https:\/\/tourtravelandmore.com\/fr\/tours\/croacia-fr-fr\/zagreb-fr\/visite-privee-de-la-ville-de-zagreb-copy\/","name":"Visite priv\u00e9e de la ville de Zagreb avec guide local et chauffeur priv\u00e9","isPartOf":{"@id":"https:\/\/tourtravelandmore.com\/fr\/#website"},"primaryImageOfPage":{"@id":"https:\/\/tourtravelandmore.com\/fr\/tours\/croacia-fr-fr\/zagreb-fr\/visite-privee-de-la-ville-de-zagreb-copy\/#primaryimage"},"image":{"@id":"https:\/\/tourtravelandmore.com\/fr\/tours\/croacia-fr-fr\/zagreb-fr\/visite-privee-de-la-ville-de-zagreb-copy\/#primaryimage"},"thumbnailUrl":"https:\/\/tourtravelandmore.com\/wp-content\/uploads\/2025\/03\/pexels-pixabay-248181-scaled.jpg","datePublished":"2025-03-31T18:46:19+00:00","dateModified":"2025-04-01T20:46:19+00:00","description":"Profitez de cette visite priv\u00e9e de la ville de Zagreb confortablement dans votre v\u00e9hicule de luxe priv\u00e9. Admirez tous les lieux et monuments les plus embl\u00e9matiques de cette ville unique.","breadcrumb":{"@id":"https:\/\/tourtravelandmore.com\/fr\/tours\/croacia-fr-fr\/zagreb-fr\/visite-privee-de-la-ville-de-zagreb-copy\/#breadcrumb"},"inLanguage":"fr-FR","potentialAction":[{"@type":"ReadAction","target":["https:\/\/tourtravelandmore.com\/fr\/tours\/croacia-fr-fr\/zagreb-fr\/visite-privee-de-la-ville-de-zagreb-copy\/"]}]},{"@type":"ImageObject","inLanguage":"fr-FR","@id":"https:\/\/tourtravelandmore.com\/fr\/tours\/croacia-fr-fr\/zagreb-fr\/visite-privee-de-la-ville-de-zagreb-copy\/#primaryimage","url":"https:\/\/tourtravelandmore.com\/wp-content\/uploads\/2025\/03\/pexels-pixabay-248181-scaled.jpg","contentUrl":"https:\/\/tourtravelandmore.com\/wp-content\/uploads\/2025\/03\/pexels-pixabay-248181-scaled.jpg","width":2560,"height":1714},{"@type":"BreadcrumbList","@id":"https:\/\/tourtravelandmore.com\/fr\/tours\/croacia-fr-fr\/zagreb-fr\/visite-privee-de-la-ville-de-zagreb-copy\/#breadcrumb","itemListElement":[{"@type":"ListItem","position":1,"name":"Home","item":"https:\/\/tourtravelandmore.com\/fr\/"},{"@type":"ListItem","position":2,"name":"Tours","item":"https:\/\/tourtravelandmore.com\/fr\/tours\/"},{"@type":"ListItem","position":3,"name":"Visite priv\u00e9e de Pula et Rovinj au d\u00e9part de Zagreb"}]},{"@type":"WebSite","@id":"https:\/\/tourtravelandmore.com\/fr\/#website","url":"https:\/\/tourtravelandmore.com\/fr\/","name":"Tour Travel And More","description":"Private sightseeing tours and luxury transfers in Spain","publisher":{"@id":"https:\/\/tourtravelandmore.com\/fr\/#organization"},"potentialAction":[{"@type":"SearchAction","target":{"@type":"EntryPoint","urlTemplate":"https:\/\/tourtravelandmore.com\/fr\/?s={search_term_string}"},"query-input":{"@type":"PropertyValueSpecification","valueRequired":true,"valueName":"search_term_string"}}],"inLanguage":"fr-FR"},{"@type":"Organization","@id":"https:\/\/tourtravelandmore.com\/fr\/#organization","name":"Tour Travel And More","url":"https:\/\/tourtravelandmore.com\/fr\/","logo":{"@type":"ImageObject","inLanguage":"fr-FR","@id":"https:\/\/tourtravelandmore.com\/fr\/#\/schema\/logo\/image\/","url":"https:\/\/tourtravelandmore.com\/wp-content\/uploads\/2022\/12\/cropped-logo-cabecera-new.png","contentUrl":"https:\/\/tourtravelandmore.com\/wp-content\/uploads\/2022\/12\/cropped-logo-cabecera-new.png","width":430,"height":61,"caption":"Tour Travel And More"},"image":{"@id":"https:\/\/tourtravelandmore.com\/fr\/#\/schema\/logo\/image\/"},"sameAs":["https:\/\/www.facebook.com\/tourtravelandmore\/","https:\/\/x.com\/TourTravel_More"]}]}},"_links":{"self":[{"href":"https:\/\/tourtravelandmore.com\/fr\/wp-json\/wp\/v2\/product\/182086","targetHints":{"allow":["GET"]}}],"collection":[{"href":"https:\/\/tourtravelandmore.com\/fr\/wp-json\/wp\/v2\/product"}],"about":[{"href":"https:\/\/tourtravelandmore.com\/fr\/wp-json\/wp\/v2\/types\/product"}],"replies":[{"embeddable":true,"href":"https:\/\/tourtravelandmore.com\/fr\/wp-json\/wp\/v2\/comments?post=182086"}],"wp:featuredmedia":[{"embeddable":true,"href":"https:\/\/tourtravelandmore.com\/fr\/wp-json\/wp\/v2\/media\/182096"}],"wp:attachment":[{"href":"https:\/\/tourtravelandmore.com\/fr\/wp-json\/wp\/v2\/media?parent=182086"}],"wp:term":[{"taxonomy":"product_brand","embeddable":true,"href":"https:\/\/tourtravelandmore.com\/fr\/wp-json\/wp\/v2\/product_brand?post=182086"},{"taxonomy":"product_cat","embeddable":true,"href":"https:\/\/tourtravelandmore.com\/fr\/wp-json\/wp\/v2\/product_cat?post=182086"},{"taxonomy":"product_tag","embeddable":true,"href":"https:\/\/tourtravelandmore.com\/fr\/wp-json\/wp\/v2\/product_tag?post=182086"}],"curies":[{"name":"wp","href":"https:\/\/api.w.org\/{rel}","templated":true}]}}