{"id":181464,"date":"2025-03-20T15:48:05","date_gmt":"2025-03-20T14:48:12","guid":{"rendered":"https:\/\/tourtravelandmore.com\/?post_type=product&#038;p=181464"},"modified":"2025-03-20T16:56:00","modified_gmt":"2025-03-20T15:56:00","slug":"visite-privee-de-madrid-copy-2","status":"publish","type":"product","link":"https:\/\/tourtravelandmore.com\/fr\/tours\/espagne-fr\/madrid-fr\/tous-les-circuits-et-activites-prives\/visite-privee-de-madrid-copy-2\/","title":{"rendered":"Visite priv\u00e9e \u00e0 pied de Madrid"},"content":{"rendered":"<h2><b><strong>Visite priv\u00e9e \u00e0 pied de Madrid Description<\/strong><\/b><\/h2>\n<p>C&#8217;est la meilleure fa\u00e7on de d\u00e9couvrir et d&#8217;appr\u00e9cier une ville. Cette visite priv\u00e9e de Madrid vous fera d\u00e9couvrir les sites les plus importants de cette ville unique.<\/p>\n<p>Madrid, capitale de l&#8217;Espagne, a tant \u00e0 offrir ! La meilleure fa\u00e7on de d\u00e9couvrir tous ses secrets et ses sites uniques est de participer \u00e0 cette visite priv\u00e9e de Madrid.<\/p>\n<p>D\u00e9couvrez le c\u0153ur de Madrid avec notre <b>visite priv\u00e9e \u00e0 pied<\/b>, un voyage de 4 heures \u00e0 travers les monuments les plus embl\u00e9matiques et les joyaux cach\u00e9s de la ville. Accompagn\u00e9 d&#8217;un guide local expert, vous explorerez les rues anim\u00e9es, l&#8217;architecture \u00e9poustouflante et la riche histoire de la capitale espagnole. Cette visite est parfaite pour ceux qui cherchent \u00e0 s&#8217;immerger dans la culture, les traditions et le pass\u00e9 fascinant de Madrid \u00e0 leur propre rythme.<\/p>\n<p>D\u00e9couvrez tous les sites que Madrid a \u00e0 offrir. Contactez nos experts en voyages pour personnaliser l&#8217;exp\u00e9rience en fonction de vos besoins.<\/p>\n<h2><b><strong>Visite priv\u00e9e \u00e0 pied de Madrid | Points d&#8217;int\u00e9r\u00eat et monuments<\/strong><\/b><\/h2>\n<p>Votre visite commence sur la <b>Puerta del Sol<\/b>, la place centrale de la ville, un lieu historique et un centre d&#8217;activit\u00e9. De l\u00e0, vous vous prom\u00e8nerez dans le <b>quartier des Austrias<\/b>, qui abrite les sites les plus embl\u00e9matiques de Madrid, dont la <b>Plaza Mayor<\/b>, une impressionnante place du XVIIe si\u00e8cle qui a \u00e9t\u00e9 le th\u00e9\u00e2tre de si\u00e8cles d&#8217;\u00e9v\u00e9nements historiques. Vous continuerez jusqu&#8217;au magnifique <b>Palais royal de Madrid<\/b>, r\u00e9sidence officielle de la monarchie espagnole, o\u00f9 vous admirerez son ext\u00e9rieur magnifique et entendrez des r\u00e9cits de son pass\u00e9 royal.<\/p>\n<p>Ensuite, promenez-vous sur la charmante <b>Plaza de la Villa<\/b>, l&#8217;une des plus anciennes places de Madrid, et dirigez-vous vers la <b>cath\u00e9drale de l&#8217;Almudena<\/b>, un chef-d&#8217;\u0153uvre d&#8217;architecture m\u00ealant diff\u00e9rents styles. En vous promenant dans les rues anim\u00e9es, votre guide vous conduira au <b>march\u00e9 de San Miguel<\/b>, o\u00f9 vous pourrez go\u00fbter \u00e0 la c\u00e9l\u00e8bre gastronomie madril\u00e8ne. Enfin, visitez l&#8217;\u00e9l\u00e9gante <b>Plaza de Oriente<\/b>, entour\u00e9e de jardins magnifiquement entretenus et offrant une vue imprenable sur le Th\u00e9\u00e2tre royal.<\/p>\n<p>Tout au long de la visite, votre guide vous fera d\u00e9couvrir l&#8217;histoire, les l\u00e9gendes et les coutumes locales de Madrid, pour une exp\u00e9rience \u00e0 la fois instructive et captivante. Cette exp\u00e9rience priv\u00e9e vous garantit une attention personnalis\u00e9e et la possibilit\u00e9 d&#8217;adapter la visite \u00e0 vos centres d&#8217;int\u00e9r\u00eat.<\/p>\n<ul>\n<li><b>Puerta del Sol<\/b> &#8211; Le c\u0153ur de Madrid et le point de d\u00e9part du c\u00e9l\u00e8bre \u00ab kilom\u00e8tre z\u00e9ro \u00bb.<\/li>\n<li><b>Plaza Mayor<\/b> &#8211; L&#8217;une des places les plus c\u00e9l\u00e8bres d&#8217;Espagne, riche en histoire et en charme.<\/li>\n<li><b>Palais royal de Madrid<\/b> \u2013 Un exemple \u00e9tonnant de l&#8217;architecture baroque espagnole (visite ext\u00e9rieure).<\/li>\n<li><b>Cath\u00e9drale de l&#8217;Almudena<\/b> \u2013 Un m\u00e9lange \u00e9poustouflant de styles architecturaux.<\/li>\n<li><b>Plaza de la Villa<\/b> \u2013 Une place historique avec des b\u00e2timents m\u00e9di\u00e9vaux et un riche patrimoine.<\/li>\n<li><b>March\u00e9 de San Miguel<\/b> \u2013 Un march\u00e9 gastronomique anim\u00e9 offrant des saveurs traditionnelles espagnoles.<\/li>\n<li><b>Plaza de Oriente<\/b> \u2013 Une place pittoresque avec de beaux jardins et un environnement royal.<\/li>\n<\/ul>\n<p>Jetez un coup d&#8217;\u0153il \u00e0 notre excursion <a href=\"https:\/\/tourtravelandmore.com\/tours\/spain\/madrid-en\/private-tour-toledo-from-madrid\/\">priv\u00e9e d&#8217;une journ\u00e9e \u00e0 Tol\u00e8de au d\u00e9part de Madrid<\/a>, qui est l&#8217;une de nos meilleures ventes.<\/p>\n","protected":false},"excerpt":{"rendered":"<p>Visite priv\u00e9e de Madrid. Profitez de leurs monuments et sites les plus importants. Exp\u00e9rience avec un guide officiel priv\u00e9 et un v\u00e9hicule priv\u00e9 avec chauffeur. Meilleur moyen de conna\u00eetre la capitale de l&#8217;Espagne et la ville de Madrid.<\/p>\n","protected":false},"featured_media":181474,"comment_status":"open","ping_status":"closed","template":"","meta":{"_acf_changed":false},"product_brand":[],"product_cat":[5357,5356,3543,4028],"product_tag":[],"class_list":{"0":"post-181464","1":"product","2":"type-product","3":"status-publish","4":"has-post-thumbnail","6":"product_cat-best-sellers-fr-2","7":"product_cat-private-sightseeing-tours-fr-38","8":"product_cat-madrid-fr","9":"product_cat-tous-les-circuits-et-activites-prives","11":"first","12":"instock","13":"shipping-taxable","14":"purchasable","15":"product-type-simple"},"acf":[],"yoast_head":"<!-- This site is optimized with the Yoast SEO Premium plugin v25.3.1 (Yoast SEO v25.3.1) - https:\/\/yoast.com\/wordpress\/plugins\/seo\/ -->\n<title>Visite priv\u00e9e \u00e0 pied de Madrid - Tour Travel and More<\/title>\n<meta name=\"description\" content=\"Visite priv\u00e9e \u00e0 pied de Madrid. Profitez de leurs monuments et sites les plus importants. Exp\u00e9rience avec un guide officiel priv\u00e9 et un v\u00e9hicule priv\u00e9 avec chauffeur.\" \/>\n<meta name=\"robots\" content=\"index, follow, max-snippet:-1, max-image-preview:large, max-video-preview:-1\" \/>\n<link rel=\"canonical\" href=\"https:\/\/tourtravelandmore.com\/fr\/tours\/espagne-fr\/madrid-fr\/tous-les-circuits-et-activites-prives\/visite-privee-de-madrid-copy-2\/\" \/>\n<meta property=\"og:locale\" content=\"fr_FR\" \/>\n<meta property=\"og:type\" content=\"article\" \/>\n<meta property=\"og:title\" content=\"Visite priv\u00e9e \u00e0 pied de Madrid\" \/>\n<meta property=\"og:description\" content=\"Visite priv\u00e9e \u00e0 pied de Madrid. Profitez de leurs monuments et sites les plus importants. Exp\u00e9rience avec un guide officiel priv\u00e9 et un v\u00e9hicule priv\u00e9 avec chauffeur.\" \/>\n<meta property=\"og:url\" content=\"https:\/\/tourtravelandmore.com\/fr\/tours\/espagne-fr\/madrid-fr\/tous-les-circuits-et-activites-prives\/visite-privee-de-madrid-copy-2\/\" \/>\n<meta property=\"og:site_name\" content=\"Tour Travel And More\" \/>\n<meta property=\"article:publisher\" content=\"https:\/\/www.facebook.com\/tourtravelandmore\/\" \/>\n<meta property=\"article:modified_time\" content=\"2025-03-20T15:56:00+00:00\" \/>\n<meta property=\"og:image\" content=\"https:\/\/tourtravelandmore.com\/wp-content\/uploads\/2025\/03\/pexels-photo-3763907.jpg\" \/>\n\t<meta property=\"og:image:width\" content=\"1056\" \/>\n\t<meta property=\"og:image:height\" content=\"750\" \/>\n\t<meta property=\"og:image:type\" content=\"image\/jpeg\" \/>\n<meta name=\"twitter:card\" content=\"summary_large_image\" \/>\n<meta name=\"twitter:site\" content=\"@TourTravel_More\" \/>\n<meta name=\"twitter:label1\" content=\"Dur\u00e9e de lecture estim\u00e9e\" \/>\n\t<meta name=\"twitter:data1\" content=\"3 minutes\" \/>\n<script type=\"application\/ld+json\" class=\"yoast-schema-graph\">{\"@context\":\"https:\/\/schema.org\",\"@graph\":[{\"@type\":\"WebPage\",\"@id\":\"https:\/\/tourtravelandmore.com\/fr\/tours\/espagne-fr\/madrid-fr\/tous-les-circuits-et-activites-prives\/visite-privee-de-madrid-copy-2\/\",\"url\":\"https:\/\/tourtravelandmore.com\/fr\/tours\/espagne-fr\/madrid-fr\/tous-les-circuits-et-activites-prives\/visite-privee-de-madrid-copy-2\/\",\"name\":\"Visite priv\u00e9e \u00e0 pied de Madrid - Tour Travel and More\",\"isPartOf\":{\"@id\":\"https:\/\/tourtravelandmore.com\/fr\/#website\"},\"primaryImageOfPage\":{\"@id\":\"https:\/\/tourtravelandmore.com\/fr\/tours\/espagne-fr\/madrid-fr\/tous-les-circuits-et-activites-prives\/visite-privee-de-madrid-copy-2\/#primaryimage\"},\"image\":{\"@id\":\"https:\/\/tourtravelandmore.com\/fr\/tours\/espagne-fr\/madrid-fr\/tous-les-circuits-et-activites-prives\/visite-privee-de-madrid-copy-2\/#primaryimage\"},\"thumbnailUrl\":\"https:\/\/tourtravelandmore.com\/wp-content\/uploads\/2025\/03\/pexels-photo-3763907.jpg\",\"datePublished\":\"2025-03-20T14:48:12+00:00\",\"dateModified\":\"2025-03-20T15:56:00+00:00\",\"description\":\"Visite priv\u00e9e \u00e0 pied de Madrid. Profitez de leurs monuments et sites les plus importants. Exp\u00e9rience avec un guide officiel priv\u00e9 et un v\u00e9hicule priv\u00e9 avec chauffeur.\",\"breadcrumb\":{\"@id\":\"https:\/\/tourtravelandmore.com\/fr\/tours\/espagne-fr\/madrid-fr\/tous-les-circuits-et-activites-prives\/visite-privee-de-madrid-copy-2\/#breadcrumb\"},\"inLanguage\":\"fr-FR\",\"potentialAction\":[{\"@type\":\"ReadAction\",\"target\":[\"https:\/\/tourtravelandmore.com\/fr\/tours\/espagne-fr\/madrid-fr\/tous-les-circuits-et-activites-prives\/visite-privee-de-madrid-copy-2\/\"]}]},{\"@type\":\"ImageObject\",\"inLanguage\":\"fr-FR\",\"@id\":\"https:\/\/tourtravelandmore.com\/fr\/tours\/espagne-fr\/madrid-fr\/tous-les-circuits-et-activites-prives\/visite-privee-de-madrid-copy-2\/#primaryimage\",\"url\":\"https:\/\/tourtravelandmore.com\/wp-content\/uploads\/2025\/03\/pexels-photo-3763907.jpg\",\"contentUrl\":\"https:\/\/tourtravelandmore.com\/wp-content\/uploads\/2025\/03\/pexels-photo-3763907.jpg\",\"width\":1056,\"height\":750},{\"@type\":\"BreadcrumbList\",\"@id\":\"https:\/\/tourtravelandmore.com\/fr\/tours\/espagne-fr\/madrid-fr\/tous-les-circuits-et-activites-prives\/visite-privee-de-madrid-copy-2\/#breadcrumb\",\"itemListElement\":[{\"@type\":\"ListItem\",\"position\":1,\"name\":\"Home\",\"item\":\"https:\/\/tourtravelandmore.com\/fr\/\"},{\"@type\":\"ListItem\",\"position\":2,\"name\":\"Tours\",\"item\":\"https:\/\/tourtravelandmore.com\/fr\/tours\/\"},{\"@type\":\"ListItem\",\"position\":3,\"name\":\"Visite priv\u00e9e \u00e0 pied de Madrid\"}]},{\"@type\":\"WebSite\",\"@id\":\"https:\/\/tourtravelandmore.com\/fr\/#website\",\"url\":\"https:\/\/tourtravelandmore.com\/fr\/\",\"name\":\"Tour Travel And More\",\"description\":\"Private sightseeing tours and luxury transfers in Spain\",\"publisher\":{\"@id\":\"https:\/\/tourtravelandmore.com\/fr\/#organization\"},\"potentialAction\":[{\"@type\":\"SearchAction\",\"target\":{\"@type\":\"EntryPoint\",\"urlTemplate\":\"https:\/\/tourtravelandmore.com\/fr\/?s={search_term_string}\"},\"query-input\":{\"@type\":\"PropertyValueSpecification\",\"valueRequired\":true,\"valueName\":\"search_term_string\"}}],\"inLanguage\":\"fr-FR\"},{\"@type\":\"Organization\",\"@id\":\"https:\/\/tourtravelandmore.com\/fr\/#organization\",\"name\":\"Tour Travel And More\",\"url\":\"https:\/\/tourtravelandmore.com\/fr\/\",\"logo\":{\"@type\":\"ImageObject\",\"inLanguage\":\"fr-FR\",\"@id\":\"https:\/\/tourtravelandmore.com\/fr\/#\/schema\/logo\/image\/\",\"url\":\"https:\/\/tourtravelandmore.com\/wp-content\/uploads\/2022\/12\/cropped-logo-cabecera-new.png\",\"contentUrl\":\"https:\/\/tourtravelandmore.com\/wp-content\/uploads\/2022\/12\/cropped-logo-cabecera-new.png\",\"width\":430,\"height\":61,\"caption\":\"Tour Travel And More\"},\"image\":{\"@id\":\"https:\/\/tourtravelandmore.com\/fr\/#\/schema\/logo\/image\/\"},\"sameAs\":[\"https:\/\/www.facebook.com\/tourtravelandmore\/\",\"https:\/\/x.com\/TourTravel_More\"]}]}<\/script>\n<!-- \/ Yoast SEO Premium plugin. -->","yoast_head_json":{"title":"Visite priv\u00e9e \u00e0 pied de Madrid - Tour Travel and More","description":"Visite priv\u00e9e \u00e0 pied de Madrid. Profitez de leurs monuments et sites les plus importants. Exp\u00e9rience avec un guide officiel priv\u00e9 et un v\u00e9hicule priv\u00e9 avec chauffeur.","robots":{"index":"index","follow":"follow","max-snippet":"max-snippet:-1","max-image-preview":"max-image-preview:large","max-video-preview":"max-video-preview:-1"},"canonical":"https:\/\/tourtravelandmore.com\/fr\/tours\/espagne-fr\/madrid-fr\/tous-les-circuits-et-activites-prives\/visite-privee-de-madrid-copy-2\/","og_locale":"fr_FR","og_type":"article","og_title":"Visite priv\u00e9e \u00e0 pied de Madrid","og_description":"Visite priv\u00e9e \u00e0 pied de Madrid. Profitez de leurs monuments et sites les plus importants. Exp\u00e9rience avec un guide officiel priv\u00e9 et un v\u00e9hicule priv\u00e9 avec chauffeur.","og_url":"https:\/\/tourtravelandmore.com\/fr\/tours\/espagne-fr\/madrid-fr\/tous-les-circuits-et-activites-prives\/visite-privee-de-madrid-copy-2\/","og_site_name":"Tour Travel And More","article_publisher":"https:\/\/www.facebook.com\/tourtravelandmore\/","article_modified_time":"2025-03-20T15:56:00+00:00","og_image":[{"width":1056,"height":750,"url":"https:\/\/tourtravelandmore.com\/wp-content\/uploads\/2025\/03\/pexels-photo-3763907.jpg","type":"image\/jpeg"}],"twitter_card":"summary_large_image","twitter_site":"@TourTravel_More","twitter_misc":{"Dur\u00e9e de lecture estim\u00e9e":"3 minutes"},"schema":{"@context":"https:\/\/schema.org","@graph":[{"@type":"WebPage","@id":"https:\/\/tourtravelandmore.com\/fr\/tours\/espagne-fr\/madrid-fr\/tous-les-circuits-et-activites-prives\/visite-privee-de-madrid-copy-2\/","url":"https:\/\/tourtravelandmore.com\/fr\/tours\/espagne-fr\/madrid-fr\/tous-les-circuits-et-activites-prives\/visite-privee-de-madrid-copy-2\/","name":"Visite priv\u00e9e \u00e0 pied de Madrid - Tour Travel and More","isPartOf":{"@id":"https:\/\/tourtravelandmore.com\/fr\/#website"},"primaryImageOfPage":{"@id":"https:\/\/tourtravelandmore.com\/fr\/tours\/espagne-fr\/madrid-fr\/tous-les-circuits-et-activites-prives\/visite-privee-de-madrid-copy-2\/#primaryimage"},"image":{"@id":"https:\/\/tourtravelandmore.com\/fr\/tours\/espagne-fr\/madrid-fr\/tous-les-circuits-et-activites-prives\/visite-privee-de-madrid-copy-2\/#primaryimage"},"thumbnailUrl":"https:\/\/tourtravelandmore.com\/wp-content\/uploads\/2025\/03\/pexels-photo-3763907.jpg","datePublished":"2025-03-20T14:48:12+00:00","dateModified":"2025-03-20T15:56:00+00:00","description":"Visite priv\u00e9e \u00e0 pied de Madrid. Profitez de leurs monuments et sites les plus importants. Exp\u00e9rience avec un guide officiel priv\u00e9 et un v\u00e9hicule priv\u00e9 avec chauffeur.","breadcrumb":{"@id":"https:\/\/tourtravelandmore.com\/fr\/tours\/espagne-fr\/madrid-fr\/tous-les-circuits-et-activites-prives\/visite-privee-de-madrid-copy-2\/#breadcrumb"},"inLanguage":"fr-FR","potentialAction":[{"@type":"ReadAction","target":["https:\/\/tourtravelandmore.com\/fr\/tours\/espagne-fr\/madrid-fr\/tous-les-circuits-et-activites-prives\/visite-privee-de-madrid-copy-2\/"]}]},{"@type":"ImageObject","inLanguage":"fr-FR","@id":"https:\/\/tourtravelandmore.com\/fr\/tours\/espagne-fr\/madrid-fr\/tous-les-circuits-et-activites-prives\/visite-privee-de-madrid-copy-2\/#primaryimage","url":"https:\/\/tourtravelandmore.com\/wp-content\/uploads\/2025\/03\/pexels-photo-3763907.jpg","contentUrl":"https:\/\/tourtravelandmore.com\/wp-content\/uploads\/2025\/03\/pexels-photo-3763907.jpg","width":1056,"height":750},{"@type":"BreadcrumbList","@id":"https:\/\/tourtravelandmore.com\/fr\/tours\/espagne-fr\/madrid-fr\/tous-les-circuits-et-activites-prives\/visite-privee-de-madrid-copy-2\/#breadcrumb","itemListElement":[{"@type":"ListItem","position":1,"name":"Home","item":"https:\/\/tourtravelandmore.com\/fr\/"},{"@type":"ListItem","position":2,"name":"Tours","item":"https:\/\/tourtravelandmore.com\/fr\/tours\/"},{"@type":"ListItem","position":3,"name":"Visite priv\u00e9e \u00e0 pied de Madrid"}]},{"@type":"WebSite","@id":"https:\/\/tourtravelandmore.com\/fr\/#website","url":"https:\/\/tourtravelandmore.com\/fr\/","name":"Tour Travel And More","description":"Private sightseeing tours and luxury transfers in Spain","publisher":{"@id":"https:\/\/tourtravelandmore.com\/fr\/#organization"},"potentialAction":[{"@type":"SearchAction","target":{"@type":"EntryPoint","urlTemplate":"https:\/\/tourtravelandmore.com\/fr\/?s={search_term_string}"},"query-input":{"@type":"PropertyValueSpecification","valueRequired":true,"valueName":"search_term_string"}}],"inLanguage":"fr-FR"},{"@type":"Organization","@id":"https:\/\/tourtravelandmore.com\/fr\/#organization","name":"Tour Travel And More","url":"https:\/\/tourtravelandmore.com\/fr\/","logo":{"@type":"ImageObject","inLanguage":"fr-FR","@id":"https:\/\/tourtravelandmore.com\/fr\/#\/schema\/logo\/image\/","url":"https:\/\/tourtravelandmore.com\/wp-content\/uploads\/2022\/12\/cropped-logo-cabecera-new.png","contentUrl":"https:\/\/tourtravelandmore.com\/wp-content\/uploads\/2022\/12\/cropped-logo-cabecera-new.png","width":430,"height":61,"caption":"Tour Travel And More"},"image":{"@id":"https:\/\/tourtravelandmore.com\/fr\/#\/schema\/logo\/image\/"},"sameAs":["https:\/\/www.facebook.com\/tourtravelandmore\/","https:\/\/x.com\/TourTravel_More"]}]}},"_links":{"self":[{"href":"https:\/\/tourtravelandmore.com\/fr\/wp-json\/wp\/v2\/product\/181464","targetHints":{"allow":["GET"]}}],"collection":[{"href":"https:\/\/tourtravelandmore.com\/fr\/wp-json\/wp\/v2\/product"}],"about":[{"href":"https:\/\/tourtravelandmore.com\/fr\/wp-json\/wp\/v2\/types\/product"}],"replies":[{"embeddable":true,"href":"https:\/\/tourtravelandmore.com\/fr\/wp-json\/wp\/v2\/comments?post=181464"}],"wp:featuredmedia":[{"embeddable":true,"href":"https:\/\/tourtravelandmore.com\/fr\/wp-json\/wp\/v2\/media\/181474"}],"wp:attachment":[{"href":"https:\/\/tourtravelandmore.com\/fr\/wp-json\/wp\/v2\/media?parent=181464"}],"wp:term":[{"taxonomy":"product_brand","embeddable":true,"href":"https:\/\/tourtravelandmore.com\/fr\/wp-json\/wp\/v2\/product_brand?post=181464"},{"taxonomy":"product_cat","embeddable":true,"href":"https:\/\/tourtravelandmore.com\/fr\/wp-json\/wp\/v2\/product_cat?post=181464"},{"taxonomy":"product_tag","embeddable":true,"href":"https:\/\/tourtravelandmore.com\/fr\/wp-json\/wp\/v2\/product_tag?post=181464"}],"curies":[{"name":"wp","href":"https:\/\/api.w.org\/{rel}","templated":true}]}}