{"id":180914,"date":"2025-02-26T20:24:01","date_gmt":"2025-02-26T19:24:04","guid":{"rendered":"https:\/\/tourtravelandmore.com\/?post_type=product&#038;p=180914"},"modified":"2025-02-26T20:34:55","modified_gmt":"2025-02-26T19:34:55","slug":"visite-privee-de-pompei-et-dherculanum-au-depart-damalfi-copy","status":"publish","type":"product","link":"https:\/\/tourtravelandmore.com\/fr\/tours\/italie-fr\/salerno-fr\/visite-privee-de-pompei-et-dherculanum-au-depart-damalfi-copy\/","title":{"rendered":"Visite priv\u00e9e de Pomp\u00e9i et d&#8217;Herculanum au d\u00e9part d&#8217;Salerno"},"content":{"rendered":"<h2><b>Visite priv\u00e9e de Pomp\u00e9i et d&#8217;Herculanum au d\u00e9part d&#8217;Salerno description<\/b><\/h2>\n<p>Embarquez pour un voyage fascinant dans le temps avec notre visite priv\u00e9e de Pomp\u00e9i et d&#8217;Herculanum au d\u00e9part d&#8217;Salerno. Cette exp\u00e9rience immersive de 8 heures vous transportera vers deux des sites arch\u00e9ologiques les plus embl\u00e9matiques d&#8217;Italie, vous permettant de plonger au c\u0153ur de leur histoire et de leurs myst\u00e8res.<\/p>\n<p>Pomp\u00e9i et Herculanum, toutes deux tragiquement d\u00e9truites par l&#8217;\u00e9ruption catastrophique du V\u00e9suve en 79 apr\u00e8s J.-C., offrent un aper\u00e7u unique de la vie romaine antique. Votre aventure commence lorsque notre guide expert, avec ses 4 heures de connaissances approfondies, vous accompagne \u00e0 travers les ruines fascinantes de Pomp\u00e9i, o\u00f9 les rues, les maisons et les espaces publics bien pr\u00e9serv\u00e9s d\u00e9voilent l&#8217;existence quotidienne de cette ville antique.<\/p>\n<p>Herculanum, une autre victime du V\u00e9suve, attend votre exploration. Avec son emplacement exceptionnel en bord de mer, ce site plus petit mais tout aussi captivant permet de d\u00e9couvrir la vie des anciens Romains. Parcourez des maisons bien conserv\u00e9es, admirez des mosa\u00efques complexes et contemplez les ruines de temples et de thermes.<\/p>\n<p>Pendant votre visite de 6 heures, vous serez accompagn\u00e9 d&#8217;un chauffeur d\u00e9vou\u00e9 pour un maximum de confort et de commodit\u00e9. De plus, les billets d&#8217;entr\u00e9e pour Pomp\u00e9i et Herculanum sont inclus, ce qui vous garantit une exp\u00e9rience enrichissante et sans faille.<\/p>\n<p>En vous promenant dans ces merveilles arch\u00e9ologiques, imaginez les rues anim\u00e9es, les gens qui vivaient ici et la fin soudaine et tragique qu&#8217;ils ont connue. Notre guide expert brossera un tableau vivant de leur vie, faisant de ce voyage une exp\u00e9rience \u00e9ducative et \u00e9mouvante.<\/p>\n<h2><b>Visite priv\u00e9e de Pomp\u00e9i et d&#8217;Herculanum au d\u00e9part d&#8217;Salerno points d&#8217;int\u00e9r\u00eat<\/b><\/h2>\n<p>D\u00e9couvrez les sites et les histoires captivants de Pomp\u00e9i et d&#8217;Herculanum :<\/p>\n<h3>Pomp\u00e9i : les ruines d&#8217;une ville perdue<\/h3>\n<p>Pomp\u00e9i, autrefois une ville romaine florissante, a \u00e9t\u00e9 ensevelie sous des couches de cendres et de pierre ponce par l&#8217;\u00e9ruption du V\u00e9suve. Explorez ses ruines remarquablement pr\u00e9serv\u00e9es, notamment le Forum, les thermes et la c\u00e9l\u00e8bre Maison du Faune. Ces tr\u00e9sors arch\u00e9ologiques offrent un aper\u00e7u fascinant de la vie quotidienne, de l&#8217;architecture et de l&#8217;art de la Pomp\u00e9i antique.<\/p>\n<h3>Herculanum : un joyau en bord de mer<\/h3>\n<p>Herculanum, nich\u00e9e le long de la baie de Naples, offre une perspective unique sur la vie romaine. \u00c9merveillez-vous devant la villa des Papyrus, magnifiquement pr\u00e9serv\u00e9e, la maison de l&#8217;Atrium Mosa\u00efque et l&#8217;ancien littoral. La proximit\u00e9 de la ville avec la mer permet de se faire une id\u00e9e des activit\u00e9s maritimes et du commerce \u00e0 l&#8217;\u00e9poque romaine, ce qui en fait un joyau c\u00f4tier d&#8217;importance historique.<\/p>\n<h3>Temples et th\u00e9\u00e2tres<\/h3>\n<p>Pomp\u00e9i et Herculanum poss\u00e8dent toutes deux d&#8217;impressionnants temples et th\u00e9\u00e2tres, qui offrent un aper\u00e7u des aspects religieux et culturels de la soci\u00e9t\u00e9 romaine. Admirez la grandeur du Temple de Jupiter \u00e0 Pomp\u00e9i, o\u00f9 se d\u00e9roulaient les c\u00e9r\u00e9monies religieuses. \u00c0 Herculanum, explorez les Thermes Suburbains, qui t\u00e9moignent de l&#8217;importance des bains publics dans la culture romaine. Ces merveilles architecturales illustrent le d\u00e9vouement des Romains \u00e0 la fois au divin et \u00e0 la vie en communaut\u00e9.<\/p>\n<h3>R\u00e9sidences antiques<\/h3>\n<p>Explorez les anciennes demeures de Pomp\u00e9i et d&#8217;Herculanum, des grandes villas aux modestes habitations. Orn\u00e9es de fresques exquises et de mosa\u00efques complexes, ces r\u00e9sidences offrent un aper\u00e7u de l&#8217;esth\u00e9tique et de la vie quotidienne des Pomp\u00e9iens et des Herculanais. D\u00e9couvrez l&#8217;art et le savoir-faire qui ornaient ces maisons, refl\u00e9tant le go\u00fbt et le statut social de leurs occupants.<\/p>\n<h3>Des histoires tragiques d\u00e9voil\u00e9es<\/h3>\n<p>Votre guide vous fera partager les histoires tragiques des personnes qui ont p\u00e9ri lors de l&#8217;\u00e9ruption, dont les restes ont \u00e9t\u00e9 immortalis\u00e9s \u00e0 jamais dans des moulages en pl\u00e2tre. Ces rappels poignants du pass\u00e9 offrent une sombre r\u00e9flexion sur le co\u00fbt humain de la fureur du V\u00e9suve. Chaque moulage repr\u00e9sente une vie brutalement interrompue par l&#8217;\u00e9v\u00e9nement cataclysmique, faisant de cette partie de la visite un hommage \u00e9mouvant aux personnes qui ont autrefois prosp\u00e9r\u00e9 dans ces villes antiques.<\/p>\n<p>Ne manquez pas l&#8217;occasion d&#8217;explorer Pomp\u00e9i et Herculanum lors de notre visite priv\u00e9e au d\u00e9part d&#8217;Salerno. Visitez notre site Web Tour Travel and More pour d\u00e9couvrir d&#8217;autres visites exclusives \u00e0 Salerno et au-del\u00e0. R\u00e9servez <a href=\"https:\/\/tourtravelandmore.com\/fr\/city\/italie-fr\/naplespompei-fr\/\">votre aventure historique d\u00e8s aujourd&#8217;hui et d\u00e9couvrez les merveilles de la Rome antique de vos propres yeux !<\/a><\/p>\n","protected":false},"excerpt":{"rendered":"<p>Embarquez pour un voyage fascinant dans le temps avec notre visite priv\u00e9e de Pomp\u00e9i et d&#8217;Herculanum au d\u00e9part d&#8217;Salerno. Cette exp\u00e9rience immersive de 8 heures vous transportera vers deux des sites arch\u00e9ologiques les plus embl\u00e9matiques d&#8217;Italie, vous permettant de plonger au c\u0153ur de leur histoire et de leurs myst\u00e8res.<\/p>\n","protected":false},"featured_media":172248,"comment_status":"open","ping_status":"closed","template":"","meta":{"_acf_changed":false},"product_brand":[],"product_cat":[5488,5482],"product_tag":[],"class_list":{"0":"post-180914","1":"product","2":"type-product","3":"status-publish","4":"has-post-thumbnail","6":"product_cat-all-private-tours-fr-7","7":"product_cat-salerno-fr","9":"first","10":"instock","11":"shipping-taxable","12":"purchasable","13":"product-type-simple"},"acf":[],"yoast_head":"<!-- This site is optimized with the Yoast SEO Premium plugin v25.3.1 (Yoast SEO v25.3.1) - https:\/\/yoast.com\/wordpress\/plugins\/seo\/ -->\n<title>\u27a1\ufe0f D\u00e9couvrez Pomp\u00e9i et Herculanum lors d&#039;une visite priv\u00e9e au d\u00e9part de Salerno.<\/title>\n<meta name=\"description\" content=\"D\u00e9couvrez les ruines antiques de Pomp\u00e9i et d&#039;Herculanum lors d&#039;une visite priv\u00e9e \u00e0 Salerno Tour Travel and More. Des exp\u00e9riences inoubliables vous attendent ! \u2705\" \/>\n<meta name=\"robots\" content=\"index, follow, max-snippet:-1, max-image-preview:large, max-video-preview:-1\" \/>\n<link rel=\"canonical\" href=\"https:\/\/tourtravelandmore.com\/fr\/tours\/italie-fr\/salerno-fr\/visite-privee-de-pompei-et-dherculanum-au-depart-damalfi-copy\/\" \/>\n<meta property=\"og:locale\" content=\"fr_FR\" \/>\n<meta property=\"og:type\" content=\"article\" \/>\n<meta property=\"og:title\" content=\"Visite priv\u00e9e de Pomp\u00e9i et d&#039;Herculanum au d\u00e9part d&#039;Salerno\" \/>\n<meta property=\"og:description\" content=\"D\u00e9couvrez les ruines antiques de Pomp\u00e9i et d&#039;Herculanum lors d&#039;une visite priv\u00e9e \u00e0 Salerno Tour Travel and More. Des exp\u00e9riences inoubliables vous attendent ! \u2705\" \/>\n<meta property=\"og:url\" content=\"https:\/\/tourtravelandmore.com\/fr\/tours\/italie-fr\/salerno-fr\/visite-privee-de-pompei-et-dherculanum-au-depart-damalfi-copy\/\" \/>\n<meta property=\"og:site_name\" content=\"Tour Travel And More\" \/>\n<meta property=\"article:publisher\" content=\"https:\/\/www.facebook.com\/tourtravelandmore\/\" \/>\n<meta property=\"article:modified_time\" content=\"2025-02-26T19:34:55+00:00\" \/>\n<meta property=\"og:image\" content=\"https:\/\/tourtravelandmore.com\/wp-content\/uploads\/2024\/02\/image4.jpg\" \/>\n\t<meta property=\"og:image:width\" content=\"950\" \/>\n\t<meta property=\"og:image:height\" content=\"750\" \/>\n\t<meta property=\"og:image:type\" content=\"image\/jpeg\" \/>\n<meta name=\"twitter:card\" content=\"summary_large_image\" \/>\n<meta name=\"twitter:site\" content=\"@TourTravel_More\" \/>\n<meta name=\"twitter:label1\" content=\"Dur\u00e9e de lecture estim\u00e9e\" \/>\n\t<meta name=\"twitter:data1\" content=\"4 minutes\" \/>\n<script type=\"application\/ld+json\" class=\"yoast-schema-graph\">{\"@context\":\"https:\/\/schema.org\",\"@graph\":[{\"@type\":\"WebPage\",\"@id\":\"https:\/\/tourtravelandmore.com\/fr\/tours\/italie-fr\/salerno-fr\/visite-privee-de-pompei-et-dherculanum-au-depart-damalfi-copy\/\",\"url\":\"https:\/\/tourtravelandmore.com\/fr\/tours\/italie-fr\/salerno-fr\/visite-privee-de-pompei-et-dherculanum-au-depart-damalfi-copy\/\",\"name\":\"\u27a1\ufe0f D\u00e9couvrez Pomp\u00e9i et Herculanum lors d'une visite priv\u00e9e au d\u00e9part de Salerno.\",\"isPartOf\":{\"@id\":\"https:\/\/tourtravelandmore.com\/fr\/#website\"},\"primaryImageOfPage\":{\"@id\":\"https:\/\/tourtravelandmore.com\/fr\/tours\/italie-fr\/salerno-fr\/visite-privee-de-pompei-et-dherculanum-au-depart-damalfi-copy\/#primaryimage\"},\"image\":{\"@id\":\"https:\/\/tourtravelandmore.com\/fr\/tours\/italie-fr\/salerno-fr\/visite-privee-de-pompei-et-dherculanum-au-depart-damalfi-copy\/#primaryimage\"},\"thumbnailUrl\":\"https:\/\/tourtravelandmore.com\/wp-content\/uploads\/2024\/02\/image4.jpg\",\"datePublished\":\"2025-02-26T19:24:04+00:00\",\"dateModified\":\"2025-02-26T19:34:55+00:00\",\"description\":\"D\u00e9couvrez les ruines antiques de Pomp\u00e9i et d'Herculanum lors d'une visite priv\u00e9e \u00e0 Salerno Tour Travel and More. Des exp\u00e9riences inoubliables vous attendent ! \u2705\",\"breadcrumb\":{\"@id\":\"https:\/\/tourtravelandmore.com\/fr\/tours\/italie-fr\/salerno-fr\/visite-privee-de-pompei-et-dherculanum-au-depart-damalfi-copy\/#breadcrumb\"},\"inLanguage\":\"fr-FR\",\"potentialAction\":[{\"@type\":\"ReadAction\",\"target\":[\"https:\/\/tourtravelandmore.com\/fr\/tours\/italie-fr\/salerno-fr\/visite-privee-de-pompei-et-dherculanum-au-depart-damalfi-copy\/\"]}]},{\"@type\":\"ImageObject\",\"inLanguage\":\"fr-FR\",\"@id\":\"https:\/\/tourtravelandmore.com\/fr\/tours\/italie-fr\/salerno-fr\/visite-privee-de-pompei-et-dherculanum-au-depart-damalfi-copy\/#primaryimage\",\"url\":\"https:\/\/tourtravelandmore.com\/wp-content\/uploads\/2024\/02\/image4.jpg\",\"contentUrl\":\"https:\/\/tourtravelandmore.com\/wp-content\/uploads\/2024\/02\/image4.jpg\",\"width\":950,\"height\":750},{\"@type\":\"BreadcrumbList\",\"@id\":\"https:\/\/tourtravelandmore.com\/fr\/tours\/italie-fr\/salerno-fr\/visite-privee-de-pompei-et-dherculanum-au-depart-damalfi-copy\/#breadcrumb\",\"itemListElement\":[{\"@type\":\"ListItem\",\"position\":1,\"name\":\"Home\",\"item\":\"https:\/\/tourtravelandmore.com\/fr\/\"},{\"@type\":\"ListItem\",\"position\":2,\"name\":\"Tours\",\"item\":\"https:\/\/tourtravelandmore.com\/fr\/tours\/\"},{\"@type\":\"ListItem\",\"position\":3,\"name\":\"Visite priv\u00e9e de Pomp\u00e9i et d&#8217;Herculanum au d\u00e9part d&#8217;Salerno\"}]},{\"@type\":\"WebSite\",\"@id\":\"https:\/\/tourtravelandmore.com\/fr\/#website\",\"url\":\"https:\/\/tourtravelandmore.com\/fr\/\",\"name\":\"Tour Travel And More\",\"description\":\"Private sightseeing tours and luxury transfers in Spain\",\"publisher\":{\"@id\":\"https:\/\/tourtravelandmore.com\/fr\/#organization\"},\"potentialAction\":[{\"@type\":\"SearchAction\",\"target\":{\"@type\":\"EntryPoint\",\"urlTemplate\":\"https:\/\/tourtravelandmore.com\/fr\/?s={search_term_string}\"},\"query-input\":{\"@type\":\"PropertyValueSpecification\",\"valueRequired\":true,\"valueName\":\"search_term_string\"}}],\"inLanguage\":\"fr-FR\"},{\"@type\":\"Organization\",\"@id\":\"https:\/\/tourtravelandmore.com\/fr\/#organization\",\"name\":\"Tour Travel And More\",\"url\":\"https:\/\/tourtravelandmore.com\/fr\/\",\"logo\":{\"@type\":\"ImageObject\",\"inLanguage\":\"fr-FR\",\"@id\":\"https:\/\/tourtravelandmore.com\/fr\/#\/schema\/logo\/image\/\",\"url\":\"https:\/\/tourtravelandmore.com\/wp-content\/uploads\/2022\/12\/cropped-logo-cabecera-new.png\",\"contentUrl\":\"https:\/\/tourtravelandmore.com\/wp-content\/uploads\/2022\/12\/cropped-logo-cabecera-new.png\",\"width\":430,\"height\":61,\"caption\":\"Tour Travel And More\"},\"image\":{\"@id\":\"https:\/\/tourtravelandmore.com\/fr\/#\/schema\/logo\/image\/\"},\"sameAs\":[\"https:\/\/www.facebook.com\/tourtravelandmore\/\",\"https:\/\/x.com\/TourTravel_More\"]}]}<\/script>\n<!-- \/ Yoast SEO Premium plugin. -->","yoast_head_json":{"title":"\u27a1\ufe0f D\u00e9couvrez Pomp\u00e9i et Herculanum lors d'une visite priv\u00e9e au d\u00e9part de Salerno.","description":"D\u00e9couvrez les ruines antiques de Pomp\u00e9i et d'Herculanum lors d'une visite priv\u00e9e \u00e0 Salerno Tour Travel and More. Des exp\u00e9riences inoubliables vous attendent ! \u2705","robots":{"index":"index","follow":"follow","max-snippet":"max-snippet:-1","max-image-preview":"max-image-preview:large","max-video-preview":"max-video-preview:-1"},"canonical":"https:\/\/tourtravelandmore.com\/fr\/tours\/italie-fr\/salerno-fr\/visite-privee-de-pompei-et-dherculanum-au-depart-damalfi-copy\/","og_locale":"fr_FR","og_type":"article","og_title":"Visite priv\u00e9e de Pomp\u00e9i et d'Herculanum au d\u00e9part d'Salerno","og_description":"D\u00e9couvrez les ruines antiques de Pomp\u00e9i et d'Herculanum lors d'une visite priv\u00e9e \u00e0 Salerno Tour Travel and More. Des exp\u00e9riences inoubliables vous attendent ! \u2705","og_url":"https:\/\/tourtravelandmore.com\/fr\/tours\/italie-fr\/salerno-fr\/visite-privee-de-pompei-et-dherculanum-au-depart-damalfi-copy\/","og_site_name":"Tour Travel And More","article_publisher":"https:\/\/www.facebook.com\/tourtravelandmore\/","article_modified_time":"2025-02-26T19:34:55+00:00","og_image":[{"width":950,"height":750,"url":"https:\/\/tourtravelandmore.com\/wp-content\/uploads\/2024\/02\/image4.jpg","type":"image\/jpeg"}],"twitter_card":"summary_large_image","twitter_site":"@TourTravel_More","twitter_misc":{"Dur\u00e9e de lecture estim\u00e9e":"4 minutes"},"schema":{"@context":"https:\/\/schema.org","@graph":[{"@type":"WebPage","@id":"https:\/\/tourtravelandmore.com\/fr\/tours\/italie-fr\/salerno-fr\/visite-privee-de-pompei-et-dherculanum-au-depart-damalfi-copy\/","url":"https:\/\/tourtravelandmore.com\/fr\/tours\/italie-fr\/salerno-fr\/visite-privee-de-pompei-et-dherculanum-au-depart-damalfi-copy\/","name":"\u27a1\ufe0f D\u00e9couvrez Pomp\u00e9i et Herculanum lors d'une visite priv\u00e9e au d\u00e9part de Salerno.","isPartOf":{"@id":"https:\/\/tourtravelandmore.com\/fr\/#website"},"primaryImageOfPage":{"@id":"https:\/\/tourtravelandmore.com\/fr\/tours\/italie-fr\/salerno-fr\/visite-privee-de-pompei-et-dherculanum-au-depart-damalfi-copy\/#primaryimage"},"image":{"@id":"https:\/\/tourtravelandmore.com\/fr\/tours\/italie-fr\/salerno-fr\/visite-privee-de-pompei-et-dherculanum-au-depart-damalfi-copy\/#primaryimage"},"thumbnailUrl":"https:\/\/tourtravelandmore.com\/wp-content\/uploads\/2024\/02\/image4.jpg","datePublished":"2025-02-26T19:24:04+00:00","dateModified":"2025-02-26T19:34:55+00:00","description":"D\u00e9couvrez les ruines antiques de Pomp\u00e9i et d'Herculanum lors d'une visite priv\u00e9e \u00e0 Salerno Tour Travel and More. Des exp\u00e9riences inoubliables vous attendent ! \u2705","breadcrumb":{"@id":"https:\/\/tourtravelandmore.com\/fr\/tours\/italie-fr\/salerno-fr\/visite-privee-de-pompei-et-dherculanum-au-depart-damalfi-copy\/#breadcrumb"},"inLanguage":"fr-FR","potentialAction":[{"@type":"ReadAction","target":["https:\/\/tourtravelandmore.com\/fr\/tours\/italie-fr\/salerno-fr\/visite-privee-de-pompei-et-dherculanum-au-depart-damalfi-copy\/"]}]},{"@type":"ImageObject","inLanguage":"fr-FR","@id":"https:\/\/tourtravelandmore.com\/fr\/tours\/italie-fr\/salerno-fr\/visite-privee-de-pompei-et-dherculanum-au-depart-damalfi-copy\/#primaryimage","url":"https:\/\/tourtravelandmore.com\/wp-content\/uploads\/2024\/02\/image4.jpg","contentUrl":"https:\/\/tourtravelandmore.com\/wp-content\/uploads\/2024\/02\/image4.jpg","width":950,"height":750},{"@type":"BreadcrumbList","@id":"https:\/\/tourtravelandmore.com\/fr\/tours\/italie-fr\/salerno-fr\/visite-privee-de-pompei-et-dherculanum-au-depart-damalfi-copy\/#breadcrumb","itemListElement":[{"@type":"ListItem","position":1,"name":"Home","item":"https:\/\/tourtravelandmore.com\/fr\/"},{"@type":"ListItem","position":2,"name":"Tours","item":"https:\/\/tourtravelandmore.com\/fr\/tours\/"},{"@type":"ListItem","position":3,"name":"Visite priv\u00e9e de Pomp\u00e9i et d&#8217;Herculanum au d\u00e9part d&#8217;Salerno"}]},{"@type":"WebSite","@id":"https:\/\/tourtravelandmore.com\/fr\/#website","url":"https:\/\/tourtravelandmore.com\/fr\/","name":"Tour Travel And More","description":"Private sightseeing tours and luxury transfers in Spain","publisher":{"@id":"https:\/\/tourtravelandmore.com\/fr\/#organization"},"potentialAction":[{"@type":"SearchAction","target":{"@type":"EntryPoint","urlTemplate":"https:\/\/tourtravelandmore.com\/fr\/?s={search_term_string}"},"query-input":{"@type":"PropertyValueSpecification","valueRequired":true,"valueName":"search_term_string"}}],"inLanguage":"fr-FR"},{"@type":"Organization","@id":"https:\/\/tourtravelandmore.com\/fr\/#organization","name":"Tour Travel And More","url":"https:\/\/tourtravelandmore.com\/fr\/","logo":{"@type":"ImageObject","inLanguage":"fr-FR","@id":"https:\/\/tourtravelandmore.com\/fr\/#\/schema\/logo\/image\/","url":"https:\/\/tourtravelandmore.com\/wp-content\/uploads\/2022\/12\/cropped-logo-cabecera-new.png","contentUrl":"https:\/\/tourtravelandmore.com\/wp-content\/uploads\/2022\/12\/cropped-logo-cabecera-new.png","width":430,"height":61,"caption":"Tour Travel And More"},"image":{"@id":"https:\/\/tourtravelandmore.com\/fr\/#\/schema\/logo\/image\/"},"sameAs":["https:\/\/www.facebook.com\/tourtravelandmore\/","https:\/\/x.com\/TourTravel_More"]}]}},"_links":{"self":[{"href":"https:\/\/tourtravelandmore.com\/fr\/wp-json\/wp\/v2\/product\/180914","targetHints":{"allow":["GET"]}}],"collection":[{"href":"https:\/\/tourtravelandmore.com\/fr\/wp-json\/wp\/v2\/product"}],"about":[{"href":"https:\/\/tourtravelandmore.com\/fr\/wp-json\/wp\/v2\/types\/product"}],"replies":[{"embeddable":true,"href":"https:\/\/tourtravelandmore.com\/fr\/wp-json\/wp\/v2\/comments?post=180914"}],"wp:featuredmedia":[{"embeddable":true,"href":"https:\/\/tourtravelandmore.com\/fr\/wp-json\/wp\/v2\/media\/172248"}],"wp:attachment":[{"href":"https:\/\/tourtravelandmore.com\/fr\/wp-json\/wp\/v2\/media?parent=180914"}],"wp:term":[{"taxonomy":"product_brand","embeddable":true,"href":"https:\/\/tourtravelandmore.com\/fr\/wp-json\/wp\/v2\/product_brand?post=180914"},{"taxonomy":"product_cat","embeddable":true,"href":"https:\/\/tourtravelandmore.com\/fr\/wp-json\/wp\/v2\/product_cat?post=180914"},{"taxonomy":"product_tag","embeddable":true,"href":"https:\/\/tourtravelandmore.com\/fr\/wp-json\/wp\/v2\/product_tag?post=180914"}],"curies":[{"name":"wp","href":"https:\/\/api.w.org\/{rel}","templated":true}]}}