{"id":180899,"date":"2025-02-26T20:23:51","date_gmt":"2025-02-26T19:23:56","guid":{"rendered":"https:\/\/tourtravelandmore.com\/?post_type=product&#038;p=180899"},"modified":"2025-02-26T20:39:48","modified_gmt":"2025-02-26T19:39:48","slug":"excursion-dune-journee-sur-la-cote-amalfitaine-au-depart-damalfi-copy","status":"publish","type":"product","link":"https:\/\/tourtravelandmore.com\/fr\/tours\/italie-fr\/salerno-fr\/excursion-dune-journee-sur-la-cote-amalfitaine-au-depart-damalfi-copy\/","title":{"rendered":"Excursion d&#8217;une journ\u00e9e sur la c\u00f4te amalfitaine au d\u00e9part d&#8217;Salerno"},"content":{"rendered":"<h2><b>Excursion d&#8217;une journ\u00e9e sur la c\u00f4te amalfitaine au d\u00e9part d&#8217;Salerno Description :<\/b><\/h2>\n<p>D\u00e9couvrez la beaut\u00e9 incomparable de la c\u00f4te amalfitaine lors de cette excursion priv\u00e9e exclusive d&#8217;une journ\u00e9e au d\u00e9part d&#8217;Salerno, votre porte d&#8217;entr\u00e9e vers les merveilles de ce site class\u00e9 au patrimoine mondial de l&#8217;UNESCO. Cette excursion vous offre le confort et le luxe de voyager dans un v\u00e9hicule priv\u00e9, conduit par un chauffeur expert qui conna\u00eet tous les itin\u00e9raires pittoresques et les joyaux cach\u00e9s le long de la c\u00f4te.<\/p>\n<p>Naples, la capitale r\u00e9gionale anim\u00e9e de la Campanie et elle-m\u00eame class\u00e9e au patrimoine mondial de l&#8217;UNESCO, ouvre la voie \u00e0 votre voyage sur la c\u00f4te amalfitaine. La c\u00f4te, c\u00e9l\u00e8bre pour son \u00e9blouissant \u00e9ventail de couleurs, ses citronniers parfum\u00e9s et ses villages pittoresques, comprend 13 villes uniques, chacune avec son caract\u00e8re et son charme distincts.<\/p>\n<p>En vous embarquant pour ce circuit, pr\u00e9parez-vous \u00e0 \u00eatre captiv\u00e9 par les vues panoramiques les plus \u00e9poustouflantes de la c\u00f4te amalfitaine, ses plages immacul\u00e9es et ses villages pittoresques. Que vous soyez \u00e0 la recherche d&#8217;une escapade romantique, d&#8217;une exploration culturelle ou simplement de vous pr\u00e9lasser dans la beaut\u00e9 de l&#8217;une des c\u00f4tes les plus c\u00e9l\u00e8bres d&#8217;Italie, ce circuit est parfait pour vous.<\/p>\n<p>Nous vous offrons la possibilit\u00e9 d&#8217;inclure un guide touristique priv\u00e9 officiel pour toute la dur\u00e9e de la visite. Nos guides sont des experts multilingues d\u00e9sireux de partager leurs vastes connaissances et de s&#8217;assurer que votre exp\u00e9rience soit \u00e0 la fois instructive et int\u00e9ressante.<\/p>\n<p>La prise en charge et le retour peuvent \u00eatre organis\u00e9s depuis votre h\u00f4tel \u00e0 Amalfi, le port de croisi\u00e8re ou m\u00eame l&#8217;a\u00e9roport, en fonction de vos besoins et de votre emploi du temps. Laissez-nous nous occuper des d\u00e9tails pendant que vous vous d\u00e9tendez et profitez des paysages \u00e0 couper le souffle de la c\u00f4te amalfitaine.<\/p>\n<h2><b>Excursion d&#8217;une journ\u00e9e sur la c\u00f4te amalfitaine au d\u00e9part d&#8217;Salerno| Points d&#8217;int\u00e9r\u00eat et sites d&#8217;int\u00e9r\u00eat :<\/b><\/h2>\n<p>Votre journ\u00e9e commence par une prise en charge personnelle par votre chauffeur priv\u00e9 et, si vous le souhaitez, par votre guide touristique officiel, \u00e0 l&#8217;endroit de votre choix \u00e0 Naples.<\/p>\n<ul>\n<li><b>Positano :<\/b> Le premier arr\u00eat est Positano, un magnifique village \u00e0 flanc de falaise connu pour son architecture dynamique et ses rues pittoresques. Ici, vous pouvez emprunter le c\u00e9l\u00e8bre Sentier des Dieux, qui offre une vue incroyable sur le littoral.<\/li>\n<li><b>Amalfi : <\/b>Visitez ensuite Amalfi, le c\u0153ur de la c\u00f4te. Explorez ses sites historiques, dont la magnifique cath\u00e9drale d&#8217;Amalfi, et profitez de l&#8217;atmosph\u00e8re anim\u00e9e de cette charmante ville.<\/li>\n<li><b>Ravello :<\/b> Terminez votre visite \u00e0 Ravello, une ville exclusive et sereine perch\u00e9e sur une colline. Ravello est r\u00e9put\u00e9e pour ses jardins, ses vues \u00e0 couper le souffle et ses \u00e9v\u00e9nements culturels, ce qui en fait une destination incontournable sur la c\u00f4te.<\/li>\n<\/ul>\n<p>\u00c0 la fin de votre excursion, votre chauffeur vous ram\u00e8nera confortablement \u00e0 Naples. Cette excursion d&#8217;une journ\u00e9e vous laisse suffisamment de temps pour d\u00e9jeuner dans un restaurant de bord de mer et go\u00fbter aux sp\u00e9cialit\u00e9s culinaires de la r\u00e9gion.<\/p>\n<p><a href=\"https:\/\/tourtravelandmore.com\/fr\/city\/italie-fr\/naplespompei-fr\/\">Pr\u00eat \u00e0 d\u00e9couvrir les splendeurs de la c\u00f4te amalfitaine ?<\/a> R\u00e9servez d\u00e8s aujourd&#8217;hui votre excursion d&#8217;une journ\u00e9e au d\u00e9part de Naples et plongez dans la beaut\u00e9 \u00e0 couper le souffle et la riche histoire de ce littoral l\u00e9gendaire. Des rues pittoresques de Positano aux merveilles historiques d&#8217;Amalfi en passant par l&#8217;\u00e9l\u00e9gance sereine de Ravello, votre voyage s&#8217;annonce aussi inoubliable qu&#8217;enchanteur.<\/p>\n<h3>Option 1 : Chauffeur anglophone uniquement<\/h3>\n<p>Pour ceux qui pr\u00e9f\u00e8rent explorer de mani\u00e8re plus ind\u00e9pendante, choisissez notre service de chauffeur anglophone. Cette option vous offre la possibilit\u00e9 de d\u00e9couvrir la c\u00f4te amalfitaine \u00e0 votre rythme, avec la commodit\u00e9 d&#8217;un chauffeur exp\u00e9riment\u00e9 qui peut vous sugg\u00e9rer les meilleurs endroits et itin\u00e9raires, enrichissant ainsi votre exp\u00e9rience de ses connaissances locales.<\/p>\n<h3>Option 2 : V\u00e9hicule avec chauffeur et guide pendant 8 heures<\/h3>\n<p>Optez pour une exp\u00e9rience compl\u00e8te avec notre v\u00e9hicule, notre chauffeur et notre guide priv\u00e9 pour la visite compl\u00e8te de 8 heures. Cette option offre un voyage enrichi, o\u00f9 votre guide vous plongera dans l&#8217;histoire, la culture et les anecdotes cach\u00e9es de la c\u00f4te amalfitaine, donnant vie \u00e0 chaque site gr\u00e2ce \u00e0 des r\u00e9cits fascinants.<\/p>\n","protected":false},"excerpt":{"rendered":"<p>D\u00e9couvrez la beaut\u00e9 incomparable de la c\u00f4te amalfitaine lors de cette excursion priv\u00e9e exclusive d&#8217;une journ\u00e9e au d\u00e9part d&#8217;Salerno, votre porte d&#8217;entr\u00e9e vers les merveilles de ce site class\u00e9 au patrimoine mondial de l&#8217;UNESCO. Cette excursion vous offre le confort et le luxe de voyager dans un v\u00e9hicule priv\u00e9, conduit par un chauffeur expert qui conna\u00eet tous les itin\u00e9raires pittoresques et les joyaux cach\u00e9s le long de la c\u00f4te.<\/p>\n","protected":false},"featured_media":94721,"comment_status":"open","ping_status":"closed","template":"","meta":{"_acf_changed":false},"product_brand":[],"product_cat":[5488,5482],"product_tag":[],"class_list":{"0":"post-180899","1":"product","2":"type-product","3":"status-publish","4":"has-post-thumbnail","6":"product_cat-all-private-tours-fr-7","7":"product_cat-salerno-fr","9":"first","10":"instock","11":"shipping-taxable","12":"purchasable","13":"product-type-simple"},"acf":[],"yoast_head":"<!-- This site is optimized with the Yoast SEO Premium plugin v25.3.1 (Yoast SEO v25.3.1) - https:\/\/yoast.com\/wordpress\/plugins\/seo\/ -->\n<title>\u27a1\ufe0f Excursion d&#039;une journ\u00e9e sur la c\u00f4te amalfitaine au d\u00e9part d&#039;Salerno<\/title>\n<meta name=\"description\" content=\"Embarquez pour une luxueuse excursion priv\u00e9e d&#039;une journ\u00e9e sur la c\u00f4te amalfitaine au d\u00e9part de Amalfi. D\u00e9couvrez Positano, Amalfi et Ravello avec la possibilit\u00e9 d&#039;avoir un guide personnel \u2705\" \/>\n<meta name=\"robots\" content=\"index, follow, max-snippet:-1, max-image-preview:large, max-video-preview:-1\" \/>\n<link rel=\"canonical\" href=\"https:\/\/tourtravelandmore.com\/fr\/tours\/italie-fr\/salerno-fr\/excursion-dune-journee-sur-la-cote-amalfitaine-au-depart-damalfi-copy\/\" \/>\n<meta property=\"og:locale\" content=\"fr_FR\" \/>\n<meta property=\"og:type\" content=\"article\" \/>\n<meta property=\"og:title\" content=\"Excursion d&#039;une journ\u00e9e sur la c\u00f4te amalfitaine au d\u00e9part d&#039;Salerno\" \/>\n<meta property=\"og:description\" content=\"Embarquez pour une luxueuse excursion priv\u00e9e d&#039;une journ\u00e9e sur la c\u00f4te amalfitaine au d\u00e9part de Amalfi. D\u00e9couvrez Positano, Amalfi et Ravello avec la possibilit\u00e9 d&#039;avoir un guide personnel \u2705\" \/>\n<meta property=\"og:url\" content=\"https:\/\/tourtravelandmore.com\/fr\/tours\/italie-fr\/salerno-fr\/excursion-dune-journee-sur-la-cote-amalfitaine-au-depart-damalfi-copy\/\" \/>\n<meta property=\"og:site_name\" content=\"Tour Travel And More\" \/>\n<meta property=\"article:publisher\" content=\"https:\/\/www.facebook.com\/tourtravelandmore\/\" \/>\n<meta property=\"article:modified_time\" content=\"2025-02-26T19:39:48+00:00\" \/>\n<meta property=\"og:image\" content=\"https:\/\/tourtravelandmore.com\/wp-content\/uploads\/2018\/02\/ravello-amalfi.jpg\" \/>\n\t<meta property=\"og:image:width\" content=\"2000\" \/>\n\t<meta property=\"og:image:height\" content=\"1200\" \/>\n\t<meta property=\"og:image:type\" content=\"image\/jpeg\" \/>\n<meta name=\"twitter:card\" content=\"summary_large_image\" \/>\n<meta name=\"twitter:site\" content=\"@TourTravel_More\" \/>\n<meta name=\"twitter:label1\" content=\"Dur\u00e9e de lecture estim\u00e9e\" \/>\n\t<meta name=\"twitter:data1\" content=\"4 minutes\" \/>\n<script type=\"application\/ld+json\" class=\"yoast-schema-graph\">{\"@context\":\"https:\/\/schema.org\",\"@graph\":[{\"@type\":\"WebPage\",\"@id\":\"https:\/\/tourtravelandmore.com\/fr\/tours\/italie-fr\/salerno-fr\/excursion-dune-journee-sur-la-cote-amalfitaine-au-depart-damalfi-copy\/\",\"url\":\"https:\/\/tourtravelandmore.com\/fr\/tours\/italie-fr\/salerno-fr\/excursion-dune-journee-sur-la-cote-amalfitaine-au-depart-damalfi-copy\/\",\"name\":\"\u27a1\ufe0f Excursion d'une journ\u00e9e sur la c\u00f4te amalfitaine au d\u00e9part d'Salerno\",\"isPartOf\":{\"@id\":\"https:\/\/tourtravelandmore.com\/fr\/#website\"},\"primaryImageOfPage\":{\"@id\":\"https:\/\/tourtravelandmore.com\/fr\/tours\/italie-fr\/salerno-fr\/excursion-dune-journee-sur-la-cote-amalfitaine-au-depart-damalfi-copy\/#primaryimage\"},\"image\":{\"@id\":\"https:\/\/tourtravelandmore.com\/fr\/tours\/italie-fr\/salerno-fr\/excursion-dune-journee-sur-la-cote-amalfitaine-au-depart-damalfi-copy\/#primaryimage\"},\"thumbnailUrl\":\"https:\/\/tourtravelandmore.com\/wp-content\/uploads\/2018\/02\/ravello-amalfi.jpg\",\"datePublished\":\"2025-02-26T19:23:56+00:00\",\"dateModified\":\"2025-02-26T19:39:48+00:00\",\"description\":\"Embarquez pour une luxueuse excursion priv\u00e9e d'une journ\u00e9e sur la c\u00f4te amalfitaine au d\u00e9part de Amalfi. D\u00e9couvrez Positano, Amalfi et Ravello avec la possibilit\u00e9 d'avoir un guide personnel \u2705\",\"breadcrumb\":{\"@id\":\"https:\/\/tourtravelandmore.com\/fr\/tours\/italie-fr\/salerno-fr\/excursion-dune-journee-sur-la-cote-amalfitaine-au-depart-damalfi-copy\/#breadcrumb\"},\"inLanguage\":\"fr-FR\",\"potentialAction\":[{\"@type\":\"ReadAction\",\"target\":[\"https:\/\/tourtravelandmore.com\/fr\/tours\/italie-fr\/salerno-fr\/excursion-dune-journee-sur-la-cote-amalfitaine-au-depart-damalfi-copy\/\"]}]},{\"@type\":\"ImageObject\",\"inLanguage\":\"fr-FR\",\"@id\":\"https:\/\/tourtravelandmore.com\/fr\/tours\/italie-fr\/salerno-fr\/excursion-dune-journee-sur-la-cote-amalfitaine-au-depart-damalfi-copy\/#primaryimage\",\"url\":\"https:\/\/tourtravelandmore.com\/wp-content\/uploads\/2018\/02\/ravello-amalfi.jpg\",\"contentUrl\":\"https:\/\/tourtravelandmore.com\/wp-content\/uploads\/2018\/02\/ravello-amalfi.jpg\",\"width\":2000,\"height\":1200},{\"@type\":\"BreadcrumbList\",\"@id\":\"https:\/\/tourtravelandmore.com\/fr\/tours\/italie-fr\/salerno-fr\/excursion-dune-journee-sur-la-cote-amalfitaine-au-depart-damalfi-copy\/#breadcrumb\",\"itemListElement\":[{\"@type\":\"ListItem\",\"position\":1,\"name\":\"Home\",\"item\":\"https:\/\/tourtravelandmore.com\/fr\/\"},{\"@type\":\"ListItem\",\"position\":2,\"name\":\"Tours\",\"item\":\"https:\/\/tourtravelandmore.com\/fr\/tours\/\"},{\"@type\":\"ListItem\",\"position\":3,\"name\":\"Excursion d&#8217;une journ\u00e9e sur la c\u00f4te amalfitaine au d\u00e9part d&#8217;Salerno\"}]},{\"@type\":\"WebSite\",\"@id\":\"https:\/\/tourtravelandmore.com\/fr\/#website\",\"url\":\"https:\/\/tourtravelandmore.com\/fr\/\",\"name\":\"Tour Travel And More\",\"description\":\"Private sightseeing tours and luxury transfers in Spain\",\"publisher\":{\"@id\":\"https:\/\/tourtravelandmore.com\/fr\/#organization\"},\"potentialAction\":[{\"@type\":\"SearchAction\",\"target\":{\"@type\":\"EntryPoint\",\"urlTemplate\":\"https:\/\/tourtravelandmore.com\/fr\/?s={search_term_string}\"},\"query-input\":{\"@type\":\"PropertyValueSpecification\",\"valueRequired\":true,\"valueName\":\"search_term_string\"}}],\"inLanguage\":\"fr-FR\"},{\"@type\":\"Organization\",\"@id\":\"https:\/\/tourtravelandmore.com\/fr\/#organization\",\"name\":\"Tour Travel And More\",\"url\":\"https:\/\/tourtravelandmore.com\/fr\/\",\"logo\":{\"@type\":\"ImageObject\",\"inLanguage\":\"fr-FR\",\"@id\":\"https:\/\/tourtravelandmore.com\/fr\/#\/schema\/logo\/image\/\",\"url\":\"https:\/\/tourtravelandmore.com\/wp-content\/uploads\/2022\/12\/cropped-logo-cabecera-new.png\",\"contentUrl\":\"https:\/\/tourtravelandmore.com\/wp-content\/uploads\/2022\/12\/cropped-logo-cabecera-new.png\",\"width\":430,\"height\":61,\"caption\":\"Tour Travel And More\"},\"image\":{\"@id\":\"https:\/\/tourtravelandmore.com\/fr\/#\/schema\/logo\/image\/\"},\"sameAs\":[\"https:\/\/www.facebook.com\/tourtravelandmore\/\",\"https:\/\/x.com\/TourTravel_More\"]}]}<\/script>\n<!-- \/ Yoast SEO Premium plugin. -->","yoast_head_json":{"title":"\u27a1\ufe0f Excursion d'une journ\u00e9e sur la c\u00f4te amalfitaine au d\u00e9part d'Salerno","description":"Embarquez pour une luxueuse excursion priv\u00e9e d'une journ\u00e9e sur la c\u00f4te amalfitaine au d\u00e9part de Amalfi. D\u00e9couvrez Positano, Amalfi et Ravello avec la possibilit\u00e9 d'avoir un guide personnel \u2705","robots":{"index":"index","follow":"follow","max-snippet":"max-snippet:-1","max-image-preview":"max-image-preview:large","max-video-preview":"max-video-preview:-1"},"canonical":"https:\/\/tourtravelandmore.com\/fr\/tours\/italie-fr\/salerno-fr\/excursion-dune-journee-sur-la-cote-amalfitaine-au-depart-damalfi-copy\/","og_locale":"fr_FR","og_type":"article","og_title":"Excursion d'une journ\u00e9e sur la c\u00f4te amalfitaine au d\u00e9part d'Salerno","og_description":"Embarquez pour une luxueuse excursion priv\u00e9e d'une journ\u00e9e sur la c\u00f4te amalfitaine au d\u00e9part de Amalfi. D\u00e9couvrez Positano, Amalfi et Ravello avec la possibilit\u00e9 d'avoir un guide personnel \u2705","og_url":"https:\/\/tourtravelandmore.com\/fr\/tours\/italie-fr\/salerno-fr\/excursion-dune-journee-sur-la-cote-amalfitaine-au-depart-damalfi-copy\/","og_site_name":"Tour Travel And More","article_publisher":"https:\/\/www.facebook.com\/tourtravelandmore\/","article_modified_time":"2025-02-26T19:39:48+00:00","og_image":[{"width":2000,"height":1200,"url":"https:\/\/tourtravelandmore.com\/wp-content\/uploads\/2018\/02\/ravello-amalfi.jpg","type":"image\/jpeg"}],"twitter_card":"summary_large_image","twitter_site":"@TourTravel_More","twitter_misc":{"Dur\u00e9e de lecture estim\u00e9e":"4 minutes"},"schema":{"@context":"https:\/\/schema.org","@graph":[{"@type":"WebPage","@id":"https:\/\/tourtravelandmore.com\/fr\/tours\/italie-fr\/salerno-fr\/excursion-dune-journee-sur-la-cote-amalfitaine-au-depart-damalfi-copy\/","url":"https:\/\/tourtravelandmore.com\/fr\/tours\/italie-fr\/salerno-fr\/excursion-dune-journee-sur-la-cote-amalfitaine-au-depart-damalfi-copy\/","name":"\u27a1\ufe0f Excursion d'une journ\u00e9e sur la c\u00f4te amalfitaine au d\u00e9part d'Salerno","isPartOf":{"@id":"https:\/\/tourtravelandmore.com\/fr\/#website"},"primaryImageOfPage":{"@id":"https:\/\/tourtravelandmore.com\/fr\/tours\/italie-fr\/salerno-fr\/excursion-dune-journee-sur-la-cote-amalfitaine-au-depart-damalfi-copy\/#primaryimage"},"image":{"@id":"https:\/\/tourtravelandmore.com\/fr\/tours\/italie-fr\/salerno-fr\/excursion-dune-journee-sur-la-cote-amalfitaine-au-depart-damalfi-copy\/#primaryimage"},"thumbnailUrl":"https:\/\/tourtravelandmore.com\/wp-content\/uploads\/2018\/02\/ravello-amalfi.jpg","datePublished":"2025-02-26T19:23:56+00:00","dateModified":"2025-02-26T19:39:48+00:00","description":"Embarquez pour une luxueuse excursion priv\u00e9e d'une journ\u00e9e sur la c\u00f4te amalfitaine au d\u00e9part de Amalfi. D\u00e9couvrez Positano, Amalfi et Ravello avec la possibilit\u00e9 d'avoir un guide personnel \u2705","breadcrumb":{"@id":"https:\/\/tourtravelandmore.com\/fr\/tours\/italie-fr\/salerno-fr\/excursion-dune-journee-sur-la-cote-amalfitaine-au-depart-damalfi-copy\/#breadcrumb"},"inLanguage":"fr-FR","potentialAction":[{"@type":"ReadAction","target":["https:\/\/tourtravelandmore.com\/fr\/tours\/italie-fr\/salerno-fr\/excursion-dune-journee-sur-la-cote-amalfitaine-au-depart-damalfi-copy\/"]}]},{"@type":"ImageObject","inLanguage":"fr-FR","@id":"https:\/\/tourtravelandmore.com\/fr\/tours\/italie-fr\/salerno-fr\/excursion-dune-journee-sur-la-cote-amalfitaine-au-depart-damalfi-copy\/#primaryimage","url":"https:\/\/tourtravelandmore.com\/wp-content\/uploads\/2018\/02\/ravello-amalfi.jpg","contentUrl":"https:\/\/tourtravelandmore.com\/wp-content\/uploads\/2018\/02\/ravello-amalfi.jpg","width":2000,"height":1200},{"@type":"BreadcrumbList","@id":"https:\/\/tourtravelandmore.com\/fr\/tours\/italie-fr\/salerno-fr\/excursion-dune-journee-sur-la-cote-amalfitaine-au-depart-damalfi-copy\/#breadcrumb","itemListElement":[{"@type":"ListItem","position":1,"name":"Home","item":"https:\/\/tourtravelandmore.com\/fr\/"},{"@type":"ListItem","position":2,"name":"Tours","item":"https:\/\/tourtravelandmore.com\/fr\/tours\/"},{"@type":"ListItem","position":3,"name":"Excursion d&#8217;une journ\u00e9e sur la c\u00f4te amalfitaine au d\u00e9part d&#8217;Salerno"}]},{"@type":"WebSite","@id":"https:\/\/tourtravelandmore.com\/fr\/#website","url":"https:\/\/tourtravelandmore.com\/fr\/","name":"Tour Travel And More","description":"Private sightseeing tours and luxury transfers in Spain","publisher":{"@id":"https:\/\/tourtravelandmore.com\/fr\/#organization"},"potentialAction":[{"@type":"SearchAction","target":{"@type":"EntryPoint","urlTemplate":"https:\/\/tourtravelandmore.com\/fr\/?s={search_term_string}"},"query-input":{"@type":"PropertyValueSpecification","valueRequired":true,"valueName":"search_term_string"}}],"inLanguage":"fr-FR"},{"@type":"Organization","@id":"https:\/\/tourtravelandmore.com\/fr\/#organization","name":"Tour Travel And More","url":"https:\/\/tourtravelandmore.com\/fr\/","logo":{"@type":"ImageObject","inLanguage":"fr-FR","@id":"https:\/\/tourtravelandmore.com\/fr\/#\/schema\/logo\/image\/","url":"https:\/\/tourtravelandmore.com\/wp-content\/uploads\/2022\/12\/cropped-logo-cabecera-new.png","contentUrl":"https:\/\/tourtravelandmore.com\/wp-content\/uploads\/2022\/12\/cropped-logo-cabecera-new.png","width":430,"height":61,"caption":"Tour Travel And More"},"image":{"@id":"https:\/\/tourtravelandmore.com\/fr\/#\/schema\/logo\/image\/"},"sameAs":["https:\/\/www.facebook.com\/tourtravelandmore\/","https:\/\/x.com\/TourTravel_More"]}]}},"_links":{"self":[{"href":"https:\/\/tourtravelandmore.com\/fr\/wp-json\/wp\/v2\/product\/180899","targetHints":{"allow":["GET"]}}],"collection":[{"href":"https:\/\/tourtravelandmore.com\/fr\/wp-json\/wp\/v2\/product"}],"about":[{"href":"https:\/\/tourtravelandmore.com\/fr\/wp-json\/wp\/v2\/types\/product"}],"replies":[{"embeddable":true,"href":"https:\/\/tourtravelandmore.com\/fr\/wp-json\/wp\/v2\/comments?post=180899"}],"wp:featuredmedia":[{"embeddable":true,"href":"https:\/\/tourtravelandmore.com\/fr\/wp-json\/wp\/v2\/media\/94721"}],"wp:attachment":[{"href":"https:\/\/tourtravelandmore.com\/fr\/wp-json\/wp\/v2\/media?parent=180899"}],"wp:term":[{"taxonomy":"product_brand","embeddable":true,"href":"https:\/\/tourtravelandmore.com\/fr\/wp-json\/wp\/v2\/product_brand?post=180899"},{"taxonomy":"product_cat","embeddable":true,"href":"https:\/\/tourtravelandmore.com\/fr\/wp-json\/wp\/v2\/product_cat?post=180899"},{"taxonomy":"product_tag","embeddable":true,"href":"https:\/\/tourtravelandmore.com\/fr\/wp-json\/wp\/v2\/product_tag?post=180899"}],"curies":[{"name":"wp","href":"https:\/\/api.w.org\/{rel}","templated":true}]}}