{"id":180875,"date":"2025-02-26T18:40:02","date_gmt":"2025-02-26T17:40:06","guid":{"rendered":"https:\/\/tourtravelandmore.com\/?post_type=product&#038;p=180875"},"modified":"2025-02-26T20:19:27","modified_gmt":"2025-02-26T19:19:27","slug":"visite-privee-de-pompei-au-depart-damalfi-copy","status":"publish","type":"product","link":"https:\/\/tourtravelandmore.com\/fr\/tours\/italie-fr\/salerno-fr\/visite-privee-de-pompei-au-depart-damalfi-copy\/","title":{"rendered":"Visite priv\u00e9e de Pomp\u00e9i au d\u00e9part d&#8217;Sorrento"},"content":{"rendered":"<h2><b>Visite priv\u00e9e de Pomp\u00e9i au d\u00e9part d&#8217;Sorrento Description :<\/b><\/h2>\n<p>Embarquez pour un voyage dans le temps avec notre visite priv\u00e9e de Pomp\u00e9i au d\u00e9part Sorrento, un voyage con\u00e7u pour ceux qui ch\u00e9rissent l&#8217;histoire et les merveilles des civilisations anciennes. En quittant Sorrento, confortablement install\u00e9 dans un v\u00e9hicule priv\u00e9 de luxe, vous ne parcourrez pas seulement quelques kilom\u00e8tres, mais vous remonterez \u00e9galement des si\u00e8cles en arri\u00e8re, \u00e0 un moment charni\u00e8re de l&#8217;histoire.<\/p>\n<p>En 79 apr\u00e8s J.-C., le V\u00e9suve, le c\u00e9l\u00e8bre volcan situ\u00e9 pr\u00e8s de Naples, entra en \u00e9ruption, provoquant une catastrophe qui ensevelit la ville de Pomp\u00e9i sous une couche de cendres. Cette catastrophe naturelle, qui a mis fin \u00e0 la vie \u00e0 Pomp\u00e9i, l&#8217;a paradoxalement aussi pr\u00e9serv\u00e9e dans le temps. Red\u00e9couverte en 1748, Pomp\u00e9i offre un aper\u00e7u fig\u00e9 de la vie quotidienne d&#8217;une ancienne ville romaine, avec des rues, des b\u00e2timents et des artefacts remarquablement intacts.<\/p>\n<p>Cette visite priv\u00e9e exclusive vous invite \u00e0 d\u00e9couvrir les myst\u00e8res et les merveilles de Pomp\u00e9i, un site qui raconte \u00e0 la fois une histoire de d\u00e9vastation et de pr\u00e9servation. Vous vous prom\u00e8nerez dans les rues antiques, vous vous tiendrez l\u00e0 o\u00f9 les Romains se rassemblaient autrefois et vous verrez les vestiges d&#8217;une ville \u00e0 la fois d\u00e9truite et pr\u00e9serv\u00e9e par la fureur de la nature.<\/p>\n<p>Nous sommes fiers de cr\u00e9er des exp\u00e9riences enti\u00e8rement personnalis\u00e9es. Notre visite peut \u00eatre adapt\u00e9e \u00e0 vos centres d&#8217;int\u00e9r\u00eat, que vous souhaitiez vous plonger dans l&#8217;art, l&#8217;architecture ou la vie quotidienne des anciens habitants de Pomp\u00e9i. Si vous avez des demandes ou des int\u00e9r\u00eats sp\u00e9cifiques, faites-le nous savoir et nous personnaliserons votre aventure \u00e0 Pomp\u00e9i en cons\u00e9quence.<\/p>\n<p>Notre itin\u00e9raire sugg\u00e9r\u00e9 est une exp\u00e9rience immersive de quatre heures, mais nous sommes flexibles pour ajuster la dur\u00e9e \u00e0 vos pr\u00e9f\u00e9rences. Du moment o\u00f9 votre chauffeur priv\u00e9 vient vous chercher jusqu&#8217;\u00e0 votre retour confortable \u00e0 Sorrento, chaque d\u00e9tail de votre voyage est m\u00e9ticuleusement planifi\u00e9 pour votre plus grand plaisir et votre plus grande commodit\u00e9.<\/p>\n<h2><b>Visite priv\u00e9e de Pomp\u00e9i au d\u00e9part Sorrento| Points d&#8217;int\u00e9r\u00eat et sites d&#8217;int\u00e9r\u00eat :<\/b><\/h2>\n<p>Votre voyage personnel \u00e0 Pomp\u00e9i commence par une prise en charge pratique \u00e0 votre h\u00f4tel, appartement ou port de croisi\u00e8re \u00e0 Sorrento. \u00c0 Pomp\u00e9i, vous rencontrerez votre guide officiel \u00e0 Porta Marina Superiore pour une visite guid\u00e9e approfondie de 2 heures et demie du site arch\u00e9ologique, avec les frais d&#8217;entr\u00e9e inclus.<\/p>\n<h3><b>Explorez les sites remarquables de cette ville antique :<\/b><\/h3>\n<ul>\n<li><b>Amphith\u00e9\u00e2tre romain :<\/b> D\u00e9couvrez l&#8217;un des plus anciens amphith\u00e9\u00e2tres romains encore debout, t\u00e9moignage de la grandeur de l&#8217;architecture et des divertissements romains.<\/li>\n<li><b>Le Sanctuaire de Pomp\u00e9i : <\/b>D\u00e9couvrez le c\u0153ur spirituel de la ville, o\u00f9 les anciens Romains v\u00e9n\u00e9raient et cherchaient les conseils divins.<\/li>\n<li><b>Le Forum :<\/b> Promenez-vous sur la place principale de Pomp\u00e9i, un centre commercial et politique anim\u00e9 \u00e0 son apog\u00e9e.<\/li>\n<li><b>Moulages en pl\u00e2tre des victimes : <\/b>Admirez les moulages poignants des victimes de l&#8217;\u00e9ruption du V\u00e9suve, un rappel \u00e9mouvant de la trag\u00e9die humaine qui s&#8217;est d\u00e9roul\u00e9e ici.<\/li>\n<li><b>Antiquarium : <\/b>Explorez ce mus\u00e9e qui pr\u00e9sente des objets et donne un aper\u00e7u de la vie quotidienne des habitants de Pomp\u00e9i.<\/li>\n<li><b>Thermes Stabiennes<\/b> : Admirez les vestiges de ces anciens thermes romains, qui t\u00e9moignent du mode de vie sophistiqu\u00e9 et des pratiques d&#8217;hygi\u00e8ne de l&#8217;\u00e9poque.<\/li>\n<li><b>Maison de M\u00e9nandre :<\/b> Visitez cette luxueuse r\u00e9sidence, connue pour ses fresques complexes et ses d\u00e9corations artistiques.<\/li>\n<li><b>Th\u00e9\u00e2tres :<\/b> Entrez dans le monde th\u00e9\u00e2tral des Romains dans les th\u00e9\u00e2tres bien conserv\u00e9s de Pomp\u00e9i.<\/li>\n<li><b>Via dell&#8217;Abbondanza : <\/b>Promenez-vous dans la rue principale de Pomp\u00e9i, la Via dell&#8217;Abbondanza, bord\u00e9e de boutiques et de maisons qui brossent un tableau vivant de la vie quotidienne dans l&#8217;Antiquit\u00e9. Cette rue anim\u00e9e offre un aper\u00e7u unique de la vie commerciale et sociale des anciens habitants de la ville.<\/li>\n<li><b>Lupanar : <\/b>Explorez le c\u00e9l\u00e8bre bordel de Pomp\u00e9i, connu sous le nom de Lupanar, qui offre un aper\u00e7u fascinant des aspects plus priv\u00e9s de la vie romaine. Les fresques bien conserv\u00e9es et la structure elle-m\u00eame offrent un regard franc sur la soci\u00e9t\u00e9 romaine antique.<\/li>\n<li><b>Villa des Myst\u00e8res :<\/b> D\u00e9couvrez cette villa de banlieue bien pr\u00e9serv\u00e9e, c\u00e9l\u00e8bre pour ses fresques \u00e9poustouflantes repr\u00e9sentant les rites myst\u00e9rieux de Dionysos, juste \u00e0 l&#8217;ext\u00e9rieur de la ville principale. Ce site remarquable offre un aper\u00e7u rare et intrigant des pratiques et croyances religieuses romaines.<\/li>\n<\/ul>\n<p>Apr\u00e8s avoir absorb\u00e9 la riche histoire et culture de Pomp\u00e9i, votre chauffeur priv\u00e9 vous raccompagnera \u00e0 Sorrento, concluant une visite qui non seulement vous \u00e9clairera, mais vous \u00e9mouvra \u00e9galement profond\u00e9ment.<\/p>\n<p>Embarquez pour un voyage dans le temps et d\u00e9couvrez les secrets d&#8217;un monde ancien avec notre visite priv\u00e9e de Pomp\u00e9i au d\u00e9part Sorrento. Ne manquez pas l&#8217;occasion de remonter le temps et d&#8217;admirer les merveilles d&#8217;une \u00e9poque r\u00e9volue, mais pr\u00e9serv\u00e9e. Avec nos guides experts,<a href=\"https:\/\/tourtravelandmore.com\/fr\/city\/italie-fr\/naplespompei-fr\/\"> vous plongerez au c\u0153ur de Pomp\u00e9i,<\/a> en explorant ses rues historiques, ses b\u00e2timents majestueux et ses artefacts \u00e9mouvants.<\/p>\n<p><em>Remarque : le guide vous attend \u00e0 la Porta Marina superiore (Pomp\u00e9i).<\/em><\/p>\n","protected":false},"excerpt":{"rendered":"<p>Embarquez pour un voyage dans le temps avec notre visite priv\u00e9e de Pomp\u00e9i au d\u00e9part Sorrento, un voyage con\u00e7u pour ceux qui ch\u00e9rissent l&#8217;histoire et les merveilles des civilisations anciennes. En quittant Sorrento, confortablement install\u00e9 dans un v\u00e9hicule priv\u00e9 de luxe, vous ne parcourrez pas seulement quelques kilom\u00e8tres, mais vous remonterez \u00e9galement des si\u00e8cles en arri\u00e8re, \u00e0 un moment charni\u00e8re de l&#8217;histoire.<\/p>\n","protected":false},"featured_media":94662,"comment_status":"open","ping_status":"closed","template":"","meta":{"_acf_changed":false},"product_brand":[],"product_cat":[5488,5482],"product_tag":[],"class_list":{"0":"post-180875","1":"product","2":"type-product","3":"status-publish","4":"has-post-thumbnail","6":"product_cat-all-private-tours-fr-7","7":"product_cat-salerno-fr","9":"first","10":"instock","11":"shipping-taxable","12":"purchasable","13":"product-type-simple"},"acf":[],"yoast_head":"<!-- This site is optimized with the Yoast SEO Premium plugin v25.3.1 (Yoast SEO v25.3.1) - https:\/\/yoast.com\/wordpress\/plugins\/seo\/ -->\n<title>Visite priv\u00e9e de Pomp\u00e9i au d\u00e9part Sorrento<\/title>\n<meta name=\"description\" content=\"D\u00e9couvrez les secrets cach\u00e9s de Pomp\u00e9i lors d&#039;une visite priv\u00e9e au d\u00e9part de Naples. D\u00e9couvrez l&#039;amphith\u00e9\u00e2tre, le forum et les artefacts pr\u00e9serv\u00e9s. Faites l&#039;exp\u00e9rience de l&#039;histoire qui prend vie.\" \/>\n<meta name=\"robots\" content=\"index, follow, max-snippet:-1, max-image-preview:large, max-video-preview:-1\" \/>\n<link rel=\"canonical\" href=\"https:\/\/tourtravelandmore.com\/fr\/tours\/italie-fr\/salerno-fr\/visite-privee-de-pompei-au-depart-damalfi-copy\/\" \/>\n<meta property=\"og:locale\" content=\"fr_FR\" \/>\n<meta property=\"og:type\" content=\"article\" \/>\n<meta property=\"og:title\" content=\"Visite priv\u00e9e de Pomp\u00e9i au d\u00e9part d&#039;Sorrento\" \/>\n<meta property=\"og:description\" content=\"D\u00e9couvrez les secrets cach\u00e9s de Pomp\u00e9i lors d&#039;une visite priv\u00e9e au d\u00e9part de Naples. D\u00e9couvrez l&#039;amphith\u00e9\u00e2tre, le forum et les artefacts pr\u00e9serv\u00e9s. Faites l&#039;exp\u00e9rience de l&#039;histoire qui prend vie.\" \/>\n<meta property=\"og:url\" content=\"https:\/\/tourtravelandmore.com\/fr\/tours\/italie-fr\/salerno-fr\/visite-privee-de-pompei-au-depart-damalfi-copy\/\" \/>\n<meta property=\"og:site_name\" content=\"Tour Travel And More\" \/>\n<meta property=\"article:publisher\" content=\"https:\/\/www.facebook.com\/tourtravelandmore\/\" \/>\n<meta property=\"article:modified_time\" content=\"2025-02-26T19:19:27+00:00\" \/>\n<meta property=\"og:image\" content=\"https:\/\/tourtravelandmore.com\/wp-content\/uploads\/2017\/01\/pompeii-and-vesuvius.jpg\" \/>\n\t<meta property=\"og:image:width\" content=\"900\" \/>\n\t<meta property=\"og:image:height\" content=\"598\" \/>\n\t<meta property=\"og:image:type\" content=\"image\/jpeg\" \/>\n<meta name=\"twitter:card\" content=\"summary_large_image\" \/>\n<meta name=\"twitter:site\" content=\"@TourTravel_More\" \/>\n<meta name=\"twitter:label1\" content=\"Dur\u00e9e de lecture estim\u00e9e\" \/>\n\t<meta name=\"twitter:data1\" content=\"4 minutes\" \/>\n<script type=\"application\/ld+json\" class=\"yoast-schema-graph\">{\"@context\":\"https:\/\/schema.org\",\"@graph\":[{\"@type\":\"WebPage\",\"@id\":\"https:\/\/tourtravelandmore.com\/fr\/tours\/italie-fr\/salerno-fr\/visite-privee-de-pompei-au-depart-damalfi-copy\/\",\"url\":\"https:\/\/tourtravelandmore.com\/fr\/tours\/italie-fr\/salerno-fr\/visite-privee-de-pompei-au-depart-damalfi-copy\/\",\"name\":\"Visite priv\u00e9e de Pomp\u00e9i au d\u00e9part Sorrento\",\"isPartOf\":{\"@id\":\"https:\/\/tourtravelandmore.com\/fr\/#website\"},\"primaryImageOfPage\":{\"@id\":\"https:\/\/tourtravelandmore.com\/fr\/tours\/italie-fr\/salerno-fr\/visite-privee-de-pompei-au-depart-damalfi-copy\/#primaryimage\"},\"image\":{\"@id\":\"https:\/\/tourtravelandmore.com\/fr\/tours\/italie-fr\/salerno-fr\/visite-privee-de-pompei-au-depart-damalfi-copy\/#primaryimage\"},\"thumbnailUrl\":\"https:\/\/tourtravelandmore.com\/wp-content\/uploads\/2017\/01\/pompeii-and-vesuvius.jpg\",\"datePublished\":\"2025-02-26T17:40:06+00:00\",\"dateModified\":\"2025-02-26T19:19:27+00:00\",\"description\":\"D\u00e9couvrez les secrets cach\u00e9s de Pomp\u00e9i lors d'une visite priv\u00e9e au d\u00e9part de Naples. D\u00e9couvrez l'amphith\u00e9\u00e2tre, le forum et les artefacts pr\u00e9serv\u00e9s. Faites l'exp\u00e9rience de l'histoire qui prend vie.\",\"breadcrumb\":{\"@id\":\"https:\/\/tourtravelandmore.com\/fr\/tours\/italie-fr\/salerno-fr\/visite-privee-de-pompei-au-depart-damalfi-copy\/#breadcrumb\"},\"inLanguage\":\"fr-FR\",\"potentialAction\":[{\"@type\":\"ReadAction\",\"target\":[\"https:\/\/tourtravelandmore.com\/fr\/tours\/italie-fr\/salerno-fr\/visite-privee-de-pompei-au-depart-damalfi-copy\/\"]}]},{\"@type\":\"ImageObject\",\"inLanguage\":\"fr-FR\",\"@id\":\"https:\/\/tourtravelandmore.com\/fr\/tours\/italie-fr\/salerno-fr\/visite-privee-de-pompei-au-depart-damalfi-copy\/#primaryimage\",\"url\":\"https:\/\/tourtravelandmore.com\/wp-content\/uploads\/2017\/01\/pompeii-and-vesuvius.jpg\",\"contentUrl\":\"https:\/\/tourtravelandmore.com\/wp-content\/uploads\/2017\/01\/pompeii-and-vesuvius.jpg\",\"width\":900,\"height\":598},{\"@type\":\"BreadcrumbList\",\"@id\":\"https:\/\/tourtravelandmore.com\/fr\/tours\/italie-fr\/salerno-fr\/visite-privee-de-pompei-au-depart-damalfi-copy\/#breadcrumb\",\"itemListElement\":[{\"@type\":\"ListItem\",\"position\":1,\"name\":\"Home\",\"item\":\"https:\/\/tourtravelandmore.com\/fr\/\"},{\"@type\":\"ListItem\",\"position\":2,\"name\":\"Tours\",\"item\":\"https:\/\/tourtravelandmore.com\/fr\/tours\/\"},{\"@type\":\"ListItem\",\"position\":3,\"name\":\"Visite priv\u00e9e de Pomp\u00e9i au d\u00e9part d&#8217;Sorrento\"}]},{\"@type\":\"WebSite\",\"@id\":\"https:\/\/tourtravelandmore.com\/fr\/#website\",\"url\":\"https:\/\/tourtravelandmore.com\/fr\/\",\"name\":\"Tour Travel And More\",\"description\":\"Private sightseeing tours and luxury transfers in Spain\",\"publisher\":{\"@id\":\"https:\/\/tourtravelandmore.com\/fr\/#organization\"},\"potentialAction\":[{\"@type\":\"SearchAction\",\"target\":{\"@type\":\"EntryPoint\",\"urlTemplate\":\"https:\/\/tourtravelandmore.com\/fr\/?s={search_term_string}\"},\"query-input\":{\"@type\":\"PropertyValueSpecification\",\"valueRequired\":true,\"valueName\":\"search_term_string\"}}],\"inLanguage\":\"fr-FR\"},{\"@type\":\"Organization\",\"@id\":\"https:\/\/tourtravelandmore.com\/fr\/#organization\",\"name\":\"Tour Travel And More\",\"url\":\"https:\/\/tourtravelandmore.com\/fr\/\",\"logo\":{\"@type\":\"ImageObject\",\"inLanguage\":\"fr-FR\",\"@id\":\"https:\/\/tourtravelandmore.com\/fr\/#\/schema\/logo\/image\/\",\"url\":\"https:\/\/tourtravelandmore.com\/wp-content\/uploads\/2022\/12\/cropped-logo-cabecera-new.png\",\"contentUrl\":\"https:\/\/tourtravelandmore.com\/wp-content\/uploads\/2022\/12\/cropped-logo-cabecera-new.png\",\"width\":430,\"height\":61,\"caption\":\"Tour Travel And More\"},\"image\":{\"@id\":\"https:\/\/tourtravelandmore.com\/fr\/#\/schema\/logo\/image\/\"},\"sameAs\":[\"https:\/\/www.facebook.com\/tourtravelandmore\/\",\"https:\/\/x.com\/TourTravel_More\"]}]}<\/script>\n<!-- \/ Yoast SEO Premium plugin. -->","yoast_head_json":{"title":"Visite priv\u00e9e de Pomp\u00e9i au d\u00e9part Sorrento","description":"D\u00e9couvrez les secrets cach\u00e9s de Pomp\u00e9i lors d'une visite priv\u00e9e au d\u00e9part de Naples. D\u00e9couvrez l'amphith\u00e9\u00e2tre, le forum et les artefacts pr\u00e9serv\u00e9s. Faites l'exp\u00e9rience de l'histoire qui prend vie.","robots":{"index":"index","follow":"follow","max-snippet":"max-snippet:-1","max-image-preview":"max-image-preview:large","max-video-preview":"max-video-preview:-1"},"canonical":"https:\/\/tourtravelandmore.com\/fr\/tours\/italie-fr\/salerno-fr\/visite-privee-de-pompei-au-depart-damalfi-copy\/","og_locale":"fr_FR","og_type":"article","og_title":"Visite priv\u00e9e de Pomp\u00e9i au d\u00e9part d'Sorrento","og_description":"D\u00e9couvrez les secrets cach\u00e9s de Pomp\u00e9i lors d'une visite priv\u00e9e au d\u00e9part de Naples. D\u00e9couvrez l'amphith\u00e9\u00e2tre, le forum et les artefacts pr\u00e9serv\u00e9s. Faites l'exp\u00e9rience de l'histoire qui prend vie.","og_url":"https:\/\/tourtravelandmore.com\/fr\/tours\/italie-fr\/salerno-fr\/visite-privee-de-pompei-au-depart-damalfi-copy\/","og_site_name":"Tour Travel And More","article_publisher":"https:\/\/www.facebook.com\/tourtravelandmore\/","article_modified_time":"2025-02-26T19:19:27+00:00","og_image":[{"width":900,"height":598,"url":"https:\/\/tourtravelandmore.com\/wp-content\/uploads\/2017\/01\/pompeii-and-vesuvius.jpg","type":"image\/jpeg"}],"twitter_card":"summary_large_image","twitter_site":"@TourTravel_More","twitter_misc":{"Dur\u00e9e de lecture estim\u00e9e":"4 minutes"},"schema":{"@context":"https:\/\/schema.org","@graph":[{"@type":"WebPage","@id":"https:\/\/tourtravelandmore.com\/fr\/tours\/italie-fr\/salerno-fr\/visite-privee-de-pompei-au-depart-damalfi-copy\/","url":"https:\/\/tourtravelandmore.com\/fr\/tours\/italie-fr\/salerno-fr\/visite-privee-de-pompei-au-depart-damalfi-copy\/","name":"Visite priv\u00e9e de Pomp\u00e9i au d\u00e9part Sorrento","isPartOf":{"@id":"https:\/\/tourtravelandmore.com\/fr\/#website"},"primaryImageOfPage":{"@id":"https:\/\/tourtravelandmore.com\/fr\/tours\/italie-fr\/salerno-fr\/visite-privee-de-pompei-au-depart-damalfi-copy\/#primaryimage"},"image":{"@id":"https:\/\/tourtravelandmore.com\/fr\/tours\/italie-fr\/salerno-fr\/visite-privee-de-pompei-au-depart-damalfi-copy\/#primaryimage"},"thumbnailUrl":"https:\/\/tourtravelandmore.com\/wp-content\/uploads\/2017\/01\/pompeii-and-vesuvius.jpg","datePublished":"2025-02-26T17:40:06+00:00","dateModified":"2025-02-26T19:19:27+00:00","description":"D\u00e9couvrez les secrets cach\u00e9s de Pomp\u00e9i lors d'une visite priv\u00e9e au d\u00e9part de Naples. D\u00e9couvrez l'amphith\u00e9\u00e2tre, le forum et les artefacts pr\u00e9serv\u00e9s. Faites l'exp\u00e9rience de l'histoire qui prend vie.","breadcrumb":{"@id":"https:\/\/tourtravelandmore.com\/fr\/tours\/italie-fr\/salerno-fr\/visite-privee-de-pompei-au-depart-damalfi-copy\/#breadcrumb"},"inLanguage":"fr-FR","potentialAction":[{"@type":"ReadAction","target":["https:\/\/tourtravelandmore.com\/fr\/tours\/italie-fr\/salerno-fr\/visite-privee-de-pompei-au-depart-damalfi-copy\/"]}]},{"@type":"ImageObject","inLanguage":"fr-FR","@id":"https:\/\/tourtravelandmore.com\/fr\/tours\/italie-fr\/salerno-fr\/visite-privee-de-pompei-au-depart-damalfi-copy\/#primaryimage","url":"https:\/\/tourtravelandmore.com\/wp-content\/uploads\/2017\/01\/pompeii-and-vesuvius.jpg","contentUrl":"https:\/\/tourtravelandmore.com\/wp-content\/uploads\/2017\/01\/pompeii-and-vesuvius.jpg","width":900,"height":598},{"@type":"BreadcrumbList","@id":"https:\/\/tourtravelandmore.com\/fr\/tours\/italie-fr\/salerno-fr\/visite-privee-de-pompei-au-depart-damalfi-copy\/#breadcrumb","itemListElement":[{"@type":"ListItem","position":1,"name":"Home","item":"https:\/\/tourtravelandmore.com\/fr\/"},{"@type":"ListItem","position":2,"name":"Tours","item":"https:\/\/tourtravelandmore.com\/fr\/tours\/"},{"@type":"ListItem","position":3,"name":"Visite priv\u00e9e de Pomp\u00e9i au d\u00e9part d&#8217;Sorrento"}]},{"@type":"WebSite","@id":"https:\/\/tourtravelandmore.com\/fr\/#website","url":"https:\/\/tourtravelandmore.com\/fr\/","name":"Tour Travel And More","description":"Private sightseeing tours and luxury transfers in Spain","publisher":{"@id":"https:\/\/tourtravelandmore.com\/fr\/#organization"},"potentialAction":[{"@type":"SearchAction","target":{"@type":"EntryPoint","urlTemplate":"https:\/\/tourtravelandmore.com\/fr\/?s={search_term_string}"},"query-input":{"@type":"PropertyValueSpecification","valueRequired":true,"valueName":"search_term_string"}}],"inLanguage":"fr-FR"},{"@type":"Organization","@id":"https:\/\/tourtravelandmore.com\/fr\/#organization","name":"Tour Travel And More","url":"https:\/\/tourtravelandmore.com\/fr\/","logo":{"@type":"ImageObject","inLanguage":"fr-FR","@id":"https:\/\/tourtravelandmore.com\/fr\/#\/schema\/logo\/image\/","url":"https:\/\/tourtravelandmore.com\/wp-content\/uploads\/2022\/12\/cropped-logo-cabecera-new.png","contentUrl":"https:\/\/tourtravelandmore.com\/wp-content\/uploads\/2022\/12\/cropped-logo-cabecera-new.png","width":430,"height":61,"caption":"Tour Travel And More"},"image":{"@id":"https:\/\/tourtravelandmore.com\/fr\/#\/schema\/logo\/image\/"},"sameAs":["https:\/\/www.facebook.com\/tourtravelandmore\/","https:\/\/x.com\/TourTravel_More"]}]}},"_links":{"self":[{"href":"https:\/\/tourtravelandmore.com\/fr\/wp-json\/wp\/v2\/product\/180875","targetHints":{"allow":["GET"]}}],"collection":[{"href":"https:\/\/tourtravelandmore.com\/fr\/wp-json\/wp\/v2\/product"}],"about":[{"href":"https:\/\/tourtravelandmore.com\/fr\/wp-json\/wp\/v2\/types\/product"}],"replies":[{"embeddable":true,"href":"https:\/\/tourtravelandmore.com\/fr\/wp-json\/wp\/v2\/comments?post=180875"}],"wp:featuredmedia":[{"embeddable":true,"href":"https:\/\/tourtravelandmore.com\/fr\/wp-json\/wp\/v2\/media\/94662"}],"wp:attachment":[{"href":"https:\/\/tourtravelandmore.com\/fr\/wp-json\/wp\/v2\/media?parent=180875"}],"wp:term":[{"taxonomy":"product_brand","embeddable":true,"href":"https:\/\/tourtravelandmore.com\/fr\/wp-json\/wp\/v2\/product_brand?post=180875"},{"taxonomy":"product_cat","embeddable":true,"href":"https:\/\/tourtravelandmore.com\/fr\/wp-json\/wp\/v2\/product_cat?post=180875"},{"taxonomy":"product_tag","embeddable":true,"href":"https:\/\/tourtravelandmore.com\/fr\/wp-json\/wp\/v2\/product_tag?post=180875"}],"curies":[{"name":"wp","href":"https:\/\/api.w.org\/{rel}","templated":true}]}}