{"id":180860,"date":"2025-02-26T18:03:56","date_gmt":"2025-02-26T17:04:01","guid":{"rendered":"https:\/\/tourtravelandmore.com\/?post_type=product&#038;p=180860"},"modified":"2025-02-26T18:34:07","modified_gmt":"2025-02-26T17:34:07","slug":"transfert-prive-de-laeroport-gare-de-naples-a-salerno","status":"publish","type":"product","link":"https:\/\/tourtravelandmore.com\/fr\/tours\/italie-fr\/salerno-fr\/transfert-prive-de-laeroport-gare-de-naples-a-salerno\/","title":{"rendered":"Transfert priv\u00e9 de l&#8217;a\u00e9roport\/gare de Naples \u00e0 Salerno"},"content":{"rendered":"<h2><b>Transfert priv\u00e9 de l&#8217;a\u00e9roport ou de la gare de Naples \u00e0 Salerno Description :<\/b><\/h2>\n<p><span style=\"font-weight: 400;\">Embarquez pour un voyage fluide et luxueux avec notre service de transfert priv\u00e9 de l&#8217;a\u00e9roport ou de la gare de Naples directement au c\u0153ur de Amalfi. Notre service est con\u00e7u pour fournir le plus grand confort et la plus grande commodit\u00e9, assurant une transition sans stress de votre point d&#8217;arriv\u00e9e \u00e0 la ville pittoresque de Amalfi. \u00c0 votre arriv\u00e9e, vous serez accueilli par notre chauffeur professionnel et courtois, qui vous attendra avec un panneau personnalis\u00e9, pr\u00eat \u00e0 vous aider avec vos bagages. Alors que vous vous installez dans notre v\u00e9hicule de luxe, pr\u00e9parez-vous \u00e0 un trajet d&#8217;une heure, doux et pittoresque, o\u00f9 vous pourrez vous d\u00e9tendre et appr\u00e9cier les magnifiques paysages du sud de l&#8217;Italie.<\/span><\/p>\n<p><span style=\"font-weight: 400;\">D\u00e9couvrez la tranquillit\u00e9 d&#8217;esprit que procure le fait de savoir que votre transport est pris en charge par des professionnels. Notre flotte de v\u00e9hicules est m\u00e9ticuleusement entretenue et dot\u00e9e d&#8217;\u00e9quipements modernes pour que votre voyage soit aussi agr\u00e9able que confortable. Que vous voyagiez seul, en couple ou en groupe, notre service r\u00e9pond \u00e0 vos besoins sp\u00e9cifiques, en proposant une gamme de v\u00e9hicules adapt\u00e9s aux diff\u00e9rentes tailles de groupe et aux pr\u00e9f\u00e9rences.<\/span><\/p>\n<h2><b>Points forts du transfert priv\u00e9 de l&#8217;a\u00e9roport\/la gare de Naples \u00e0 Salerno:<\/b><\/h2>\n<ul>\n<li style=\"font-weight: 400;\" aria-level=\"1\"><b>Arriv\u00e9e sans effort :<\/b><span style=\"font-weight: 400;\"> Profitez de la commodit\u00e9 d&#8217;un transfert sans stress directement depuis l&#8217;a\u00e9roport ou la gare de Naples. Notre service \u00e9limine les complexit\u00e9s des transports publics, vous permettant de vous d\u00e9tendre d\u00e8s l&#8217;atterrissage ou le d\u00e9barquement.<\/span><\/li>\n<li style=\"font-weight: 400;\" aria-level=\"1\"><b>Service professionnel :<\/b><span style=\"font-weight: 400;\"> Nos chauffeurs exp\u00e9riment\u00e9s et sympathiques accordent la priorit\u00e9 \u00e0 votre confort et \u00e0 votre s\u00e9curit\u00e9. Ils connaissent bien la r\u00e9gion et vous donnent des conseils pour am\u00e9liorer votre s\u00e9jour \u00e0 Salerno.<\/span><\/li>\n<li style=\"font-weight: 400;\" aria-level=\"1\"><b>Confort de luxe : <\/b><span style=\"font-weight: 400;\">Voyagez dans le luxe. Notre flotte de v\u00e9hicules haut de gamme est \u00e9quip\u00e9e des derniers \u00e9quipements, garantissant un voyage confortable et \u00e9l\u00e9gant jusqu&#8217;\u00e0 votre destination.<\/span><\/li>\n<li style=\"font-weight: 400;\" aria-level=\"1\"><b>Horaires flexibles :<\/b><span style=\"font-weight: 400;\"> Nous adaptons nos services \u00e0 votre emploi du temps. Que vous arriviez tard le soir ou t\u00f4t le matin, notre service de transfert est disponible pour r\u00e9pondre \u00e0 vos besoins.<\/span><\/li>\n<li style=\"font-weight: 400;\" aria-level=\"1\"><b>Connaissances locales :<\/b><span style=\"font-weight: 400;\"> Nos chauffeurs, qui sont des locaux, peuvent offrir des suggestions et des informations pr\u00e9cieuses sur Salernoet ses environs, am\u00e9liorant ainsi votre exp\u00e9rience de voyage.<\/span><\/li>\n<li style=\"font-weight: 400;\" aria-level=\"1\"><b>Adapt\u00e9 \u00e0 vos besoins :<\/b><span style=\"font-weight: 400;\"> Que vous ayez besoin d&#8217;un si\u00e8ge pour enfant, d&#8217;espace suppl\u00e9mentaire pour vos bagages ou de toute autre exigence particuli\u00e8re, notre service est flexible et s&#8217;adapte \u00e0 vos besoins sp\u00e9cifiques pour une exp\u00e9rience plus personnalis\u00e9e.<\/span><\/li>\n<\/ul>\n<p><span style=\"font-weight: 400;\">Opter pour notre service de transfert priv\u00e9 de l&#8217;a\u00e9roport ou de la gare de Naples \u00e0 Salerno n&#8217;est pas seulement une question de commodit\u00e9 ; c&#8217;est le choix d&#8217;une exp\u00e9rience de voyage sup\u00e9rieure et sur mesure. Notre service garantit que votre arriv\u00e9e \u00e0 Salerno ne sera pas seulement sans stress, mais aussi un avant-go\u00fbt de la d\u00e9tente et de la beaut\u00e9 qui vous attendent dans cette ville pittoresque. Nous vous proposons un voyage \u00e9l\u00e9gant et confortable, avec une assistance professionnelle, vous permettant de vous d\u00e9tendre et d&#8217;absorber la beaut\u00e9 des paysages du sud de l&#8217;Italie. <\/span><a href=\"https:\/\/tourtravelandmore.com\/fr\/city\/italie-fr\/sorrento-fr\/\"><span style=\"font-weight: 400;\">R\u00e9servez d\u00e8s maintenant pour un service qui incarne le luxe, <\/span><\/a><span style=\"font-weight: 400;\">l&#8217;attention aux d\u00e9tails et l&#8217;engagement d&#8217;un service client\u00e8le exceptionnel, ouvrant la voie \u00e0 un s\u00e9jour inoubliable \u00e0 Salerno.<\/span><\/p>\n","protected":false},"excerpt":{"rendered":"<p><span style=\"font-weight: 400;\">Commencez votre escapade \u00e0 Salerno avec \u00e9l\u00e9gance et facilit\u00e9. Notre transfert priv\u00e9 depuis Naples offre un voyage luxueux, confortable et direct jusqu&#8217;au c\u0153ur de Salerno, garantissant un d\u00e9part parfait pour vos vacances.<\/span><\/p>\n","protected":false},"featured_media":94526,"comment_status":"open","ping_status":"closed","template":"","meta":{"_acf_changed":false},"product_brand":[],"product_cat":[5488,5482],"product_tag":[],"class_list":{"0":"post-180860","1":"product","2":"type-product","3":"status-publish","4":"has-post-thumbnail","6":"product_cat-all-private-tours-fr-7","7":"product_cat-salerno-fr","9":"first","10":"instock","11":"shipping-taxable","12":"purchasable","13":"product-type-simple"},"acf":[],"yoast_head":"<!-- This site is optimized with the Yoast SEO Premium plugin v25.3.1 (Yoast SEO v25.3.1) - https:\/\/yoast.com\/wordpress\/plugins\/seo\/ -->\n<title>\u27a1\ufe0f Transfert priv\u00e9 de l&#039;a\u00e9roport\/gare de Naples \u00e0 Salerno | Tour Travel &amp; More<\/title>\n<meta name=\"description\" content=\"R\u00e9servez maintenant un transfert priv\u00e9 de Naples \u00e0 votre station \u00e0 Salerno, oubliez le trafic et d\u00e9tendez-vous, nous nous occupons du reste \u2705\" \/>\n<meta name=\"robots\" content=\"index, follow, max-snippet:-1, max-image-preview:large, max-video-preview:-1\" \/>\n<link rel=\"canonical\" href=\"https:\/\/tourtravelandmore.com\/fr\/tours\/italie-fr\/salerno-fr\/transfert-prive-de-laeroport-gare-de-naples-a-salerno\/\" \/>\n<meta property=\"og:locale\" content=\"fr_FR\" \/>\n<meta property=\"og:type\" content=\"article\" \/>\n<meta property=\"og:title\" content=\"Transfert priv\u00e9 de l&#039;a\u00e9roport\/gare de Naples \u00e0 Salerno\" \/>\n<meta property=\"og:description\" content=\"R\u00e9servez maintenant un transfert priv\u00e9 de Naples \u00e0 votre station \u00e0 Salerno, oubliez le trafic et d\u00e9tendez-vous, nous nous occupons du reste \u2705\" \/>\n<meta property=\"og:url\" content=\"https:\/\/tourtravelandmore.com\/fr\/tours\/italie-fr\/salerno-fr\/transfert-prive-de-laeroport-gare-de-naples-a-salerno\/\" \/>\n<meta property=\"og:site_name\" content=\"Tour Travel And More\" \/>\n<meta property=\"article:publisher\" content=\"https:\/\/www.facebook.com\/tourtravelandmore\/\" \/>\n<meta property=\"article:modified_time\" content=\"2025-02-26T17:34:07+00:00\" \/>\n<meta property=\"og:image\" content=\"https:\/\/tourtravelandmore.com\/wp-content\/uploads\/2016\/03\/cars.jpg\" \/>\n\t<meta property=\"og:image:width\" content=\"400\" \/>\n\t<meta property=\"og:image:height\" content=\"257\" \/>\n\t<meta property=\"og:image:type\" content=\"image\/jpeg\" \/>\n<meta name=\"twitter:card\" content=\"summary_large_image\" \/>\n<meta name=\"twitter:site\" content=\"@TourTravel_More\" \/>\n<meta name=\"twitter:label1\" content=\"Dur\u00e9e de lecture estim\u00e9e\" \/>\n\t<meta name=\"twitter:data1\" content=\"3 minutes\" \/>\n<script type=\"application\/ld+json\" class=\"yoast-schema-graph\">{\"@context\":\"https:\/\/schema.org\",\"@graph\":[{\"@type\":\"WebPage\",\"@id\":\"https:\/\/tourtravelandmore.com\/fr\/tours\/italie-fr\/salerno-fr\/transfert-prive-de-laeroport-gare-de-naples-a-salerno\/\",\"url\":\"https:\/\/tourtravelandmore.com\/fr\/tours\/italie-fr\/salerno-fr\/transfert-prive-de-laeroport-gare-de-naples-a-salerno\/\",\"name\":\"\u27a1\ufe0f Transfert priv\u00e9 de l'a\u00e9roport\/gare de Naples \u00e0 Salerno | Tour Travel & More\",\"isPartOf\":{\"@id\":\"https:\/\/tourtravelandmore.com\/fr\/#website\"},\"primaryImageOfPage\":{\"@id\":\"https:\/\/tourtravelandmore.com\/fr\/tours\/italie-fr\/salerno-fr\/transfert-prive-de-laeroport-gare-de-naples-a-salerno\/#primaryimage\"},\"image\":{\"@id\":\"https:\/\/tourtravelandmore.com\/fr\/tours\/italie-fr\/salerno-fr\/transfert-prive-de-laeroport-gare-de-naples-a-salerno\/#primaryimage\"},\"thumbnailUrl\":\"https:\/\/tourtravelandmore.com\/wp-content\/uploads\/2016\/03\/cars.jpg\",\"datePublished\":\"2025-02-26T17:04:01+00:00\",\"dateModified\":\"2025-02-26T17:34:07+00:00\",\"description\":\"R\u00e9servez maintenant un transfert priv\u00e9 de Naples \u00e0 votre station \u00e0 Salerno, oubliez le trafic et d\u00e9tendez-vous, nous nous occupons du reste \u2705\",\"breadcrumb\":{\"@id\":\"https:\/\/tourtravelandmore.com\/fr\/tours\/italie-fr\/salerno-fr\/transfert-prive-de-laeroport-gare-de-naples-a-salerno\/#breadcrumb\"},\"inLanguage\":\"fr-FR\",\"potentialAction\":[{\"@type\":\"ReadAction\",\"target\":[\"https:\/\/tourtravelandmore.com\/fr\/tours\/italie-fr\/salerno-fr\/transfert-prive-de-laeroport-gare-de-naples-a-salerno\/\"]}]},{\"@type\":\"ImageObject\",\"inLanguage\":\"fr-FR\",\"@id\":\"https:\/\/tourtravelandmore.com\/fr\/tours\/italie-fr\/salerno-fr\/transfert-prive-de-laeroport-gare-de-naples-a-salerno\/#primaryimage\",\"url\":\"https:\/\/tourtravelandmore.com\/wp-content\/uploads\/2016\/03\/cars.jpg\",\"contentUrl\":\"https:\/\/tourtravelandmore.com\/wp-content\/uploads\/2016\/03\/cars.jpg\",\"width\":400,\"height\":257},{\"@type\":\"BreadcrumbList\",\"@id\":\"https:\/\/tourtravelandmore.com\/fr\/tours\/italie-fr\/salerno-fr\/transfert-prive-de-laeroport-gare-de-naples-a-salerno\/#breadcrumb\",\"itemListElement\":[{\"@type\":\"ListItem\",\"position\":1,\"name\":\"Home\",\"item\":\"https:\/\/tourtravelandmore.com\/fr\/\"},{\"@type\":\"ListItem\",\"position\":2,\"name\":\"Tours\",\"item\":\"https:\/\/tourtravelandmore.com\/fr\/tours\/\"},{\"@type\":\"ListItem\",\"position\":3,\"name\":\"Transfert priv\u00e9 de l&#8217;a\u00e9roport\/gare de Naples \u00e0 Salerno\"}]},{\"@type\":\"WebSite\",\"@id\":\"https:\/\/tourtravelandmore.com\/fr\/#website\",\"url\":\"https:\/\/tourtravelandmore.com\/fr\/\",\"name\":\"Tour Travel And More\",\"description\":\"Private sightseeing tours and luxury transfers in Spain\",\"publisher\":{\"@id\":\"https:\/\/tourtravelandmore.com\/fr\/#organization\"},\"potentialAction\":[{\"@type\":\"SearchAction\",\"target\":{\"@type\":\"EntryPoint\",\"urlTemplate\":\"https:\/\/tourtravelandmore.com\/fr\/?s={search_term_string}\"},\"query-input\":{\"@type\":\"PropertyValueSpecification\",\"valueRequired\":true,\"valueName\":\"search_term_string\"}}],\"inLanguage\":\"fr-FR\"},{\"@type\":\"Organization\",\"@id\":\"https:\/\/tourtravelandmore.com\/fr\/#organization\",\"name\":\"Tour Travel And More\",\"url\":\"https:\/\/tourtravelandmore.com\/fr\/\",\"logo\":{\"@type\":\"ImageObject\",\"inLanguage\":\"fr-FR\",\"@id\":\"https:\/\/tourtravelandmore.com\/fr\/#\/schema\/logo\/image\/\",\"url\":\"https:\/\/tourtravelandmore.com\/wp-content\/uploads\/2022\/12\/cropped-logo-cabecera-new.png\",\"contentUrl\":\"https:\/\/tourtravelandmore.com\/wp-content\/uploads\/2022\/12\/cropped-logo-cabecera-new.png\",\"width\":430,\"height\":61,\"caption\":\"Tour Travel And More\"},\"image\":{\"@id\":\"https:\/\/tourtravelandmore.com\/fr\/#\/schema\/logo\/image\/\"},\"sameAs\":[\"https:\/\/www.facebook.com\/tourtravelandmore\/\",\"https:\/\/x.com\/TourTravel_More\"]}]}<\/script>\n<!-- \/ Yoast SEO Premium plugin. -->","yoast_head_json":{"title":"\u27a1\ufe0f Transfert priv\u00e9 de l'a\u00e9roport\/gare de Naples \u00e0 Salerno | Tour Travel & More","description":"R\u00e9servez maintenant un transfert priv\u00e9 de Naples \u00e0 votre station \u00e0 Salerno, oubliez le trafic et d\u00e9tendez-vous, nous nous occupons du reste \u2705","robots":{"index":"index","follow":"follow","max-snippet":"max-snippet:-1","max-image-preview":"max-image-preview:large","max-video-preview":"max-video-preview:-1"},"canonical":"https:\/\/tourtravelandmore.com\/fr\/tours\/italie-fr\/salerno-fr\/transfert-prive-de-laeroport-gare-de-naples-a-salerno\/","og_locale":"fr_FR","og_type":"article","og_title":"Transfert priv\u00e9 de l'a\u00e9roport\/gare de Naples \u00e0 Salerno","og_description":"R\u00e9servez maintenant un transfert priv\u00e9 de Naples \u00e0 votre station \u00e0 Salerno, oubliez le trafic et d\u00e9tendez-vous, nous nous occupons du reste \u2705","og_url":"https:\/\/tourtravelandmore.com\/fr\/tours\/italie-fr\/salerno-fr\/transfert-prive-de-laeroport-gare-de-naples-a-salerno\/","og_site_name":"Tour Travel And More","article_publisher":"https:\/\/www.facebook.com\/tourtravelandmore\/","article_modified_time":"2025-02-26T17:34:07+00:00","og_image":[{"width":400,"height":257,"url":"https:\/\/tourtravelandmore.com\/wp-content\/uploads\/2016\/03\/cars.jpg","type":"image\/jpeg"}],"twitter_card":"summary_large_image","twitter_site":"@TourTravel_More","twitter_misc":{"Dur\u00e9e de lecture estim\u00e9e":"3 minutes"},"schema":{"@context":"https:\/\/schema.org","@graph":[{"@type":"WebPage","@id":"https:\/\/tourtravelandmore.com\/fr\/tours\/italie-fr\/salerno-fr\/transfert-prive-de-laeroport-gare-de-naples-a-salerno\/","url":"https:\/\/tourtravelandmore.com\/fr\/tours\/italie-fr\/salerno-fr\/transfert-prive-de-laeroport-gare-de-naples-a-salerno\/","name":"\u27a1\ufe0f Transfert priv\u00e9 de l'a\u00e9roport\/gare de Naples \u00e0 Salerno | Tour Travel & More","isPartOf":{"@id":"https:\/\/tourtravelandmore.com\/fr\/#website"},"primaryImageOfPage":{"@id":"https:\/\/tourtravelandmore.com\/fr\/tours\/italie-fr\/salerno-fr\/transfert-prive-de-laeroport-gare-de-naples-a-salerno\/#primaryimage"},"image":{"@id":"https:\/\/tourtravelandmore.com\/fr\/tours\/italie-fr\/salerno-fr\/transfert-prive-de-laeroport-gare-de-naples-a-salerno\/#primaryimage"},"thumbnailUrl":"https:\/\/tourtravelandmore.com\/wp-content\/uploads\/2016\/03\/cars.jpg","datePublished":"2025-02-26T17:04:01+00:00","dateModified":"2025-02-26T17:34:07+00:00","description":"R\u00e9servez maintenant un transfert priv\u00e9 de Naples \u00e0 votre station \u00e0 Salerno, oubliez le trafic et d\u00e9tendez-vous, nous nous occupons du reste \u2705","breadcrumb":{"@id":"https:\/\/tourtravelandmore.com\/fr\/tours\/italie-fr\/salerno-fr\/transfert-prive-de-laeroport-gare-de-naples-a-salerno\/#breadcrumb"},"inLanguage":"fr-FR","potentialAction":[{"@type":"ReadAction","target":["https:\/\/tourtravelandmore.com\/fr\/tours\/italie-fr\/salerno-fr\/transfert-prive-de-laeroport-gare-de-naples-a-salerno\/"]}]},{"@type":"ImageObject","inLanguage":"fr-FR","@id":"https:\/\/tourtravelandmore.com\/fr\/tours\/italie-fr\/salerno-fr\/transfert-prive-de-laeroport-gare-de-naples-a-salerno\/#primaryimage","url":"https:\/\/tourtravelandmore.com\/wp-content\/uploads\/2016\/03\/cars.jpg","contentUrl":"https:\/\/tourtravelandmore.com\/wp-content\/uploads\/2016\/03\/cars.jpg","width":400,"height":257},{"@type":"BreadcrumbList","@id":"https:\/\/tourtravelandmore.com\/fr\/tours\/italie-fr\/salerno-fr\/transfert-prive-de-laeroport-gare-de-naples-a-salerno\/#breadcrumb","itemListElement":[{"@type":"ListItem","position":1,"name":"Home","item":"https:\/\/tourtravelandmore.com\/fr\/"},{"@type":"ListItem","position":2,"name":"Tours","item":"https:\/\/tourtravelandmore.com\/fr\/tours\/"},{"@type":"ListItem","position":3,"name":"Transfert priv\u00e9 de l&#8217;a\u00e9roport\/gare de Naples \u00e0 Salerno"}]},{"@type":"WebSite","@id":"https:\/\/tourtravelandmore.com\/fr\/#website","url":"https:\/\/tourtravelandmore.com\/fr\/","name":"Tour Travel And More","description":"Private sightseeing tours and luxury transfers in Spain","publisher":{"@id":"https:\/\/tourtravelandmore.com\/fr\/#organization"},"potentialAction":[{"@type":"SearchAction","target":{"@type":"EntryPoint","urlTemplate":"https:\/\/tourtravelandmore.com\/fr\/?s={search_term_string}"},"query-input":{"@type":"PropertyValueSpecification","valueRequired":true,"valueName":"search_term_string"}}],"inLanguage":"fr-FR"},{"@type":"Organization","@id":"https:\/\/tourtravelandmore.com\/fr\/#organization","name":"Tour Travel And More","url":"https:\/\/tourtravelandmore.com\/fr\/","logo":{"@type":"ImageObject","inLanguage":"fr-FR","@id":"https:\/\/tourtravelandmore.com\/fr\/#\/schema\/logo\/image\/","url":"https:\/\/tourtravelandmore.com\/wp-content\/uploads\/2022\/12\/cropped-logo-cabecera-new.png","contentUrl":"https:\/\/tourtravelandmore.com\/wp-content\/uploads\/2022\/12\/cropped-logo-cabecera-new.png","width":430,"height":61,"caption":"Tour Travel And More"},"image":{"@id":"https:\/\/tourtravelandmore.com\/fr\/#\/schema\/logo\/image\/"},"sameAs":["https:\/\/www.facebook.com\/tourtravelandmore\/","https:\/\/x.com\/TourTravel_More"]}]}},"_links":{"self":[{"href":"https:\/\/tourtravelandmore.com\/fr\/wp-json\/wp\/v2\/product\/180860","targetHints":{"allow":["GET"]}}],"collection":[{"href":"https:\/\/tourtravelandmore.com\/fr\/wp-json\/wp\/v2\/product"}],"about":[{"href":"https:\/\/tourtravelandmore.com\/fr\/wp-json\/wp\/v2\/types\/product"}],"replies":[{"embeddable":true,"href":"https:\/\/tourtravelandmore.com\/fr\/wp-json\/wp\/v2\/comments?post=180860"}],"wp:featuredmedia":[{"embeddable":true,"href":"https:\/\/tourtravelandmore.com\/fr\/wp-json\/wp\/v2\/media\/94526"}],"wp:attachment":[{"href":"https:\/\/tourtravelandmore.com\/fr\/wp-json\/wp\/v2\/media?parent=180860"}],"wp:term":[{"taxonomy":"product_brand","embeddable":true,"href":"https:\/\/tourtravelandmore.com\/fr\/wp-json\/wp\/v2\/product_brand?post=180860"},{"taxonomy":"product_cat","embeddable":true,"href":"https:\/\/tourtravelandmore.com\/fr\/wp-json\/wp\/v2\/product_cat?post=180860"},{"taxonomy":"product_tag","embeddable":true,"href":"https:\/\/tourtravelandmore.com\/fr\/wp-json\/wp\/v2\/product_tag?post=180860"}],"curies":[{"name":"wp","href":"https:\/\/api.w.org\/{rel}","templated":true}]}}