{"id":180771,"date":"2025-02-24T17:31:46","date_gmt":"2025-02-24T16:31:49","guid":{"rendered":"https:\/\/tourtravelandmore.com\/?post_type=product&#038;p=180771"},"modified":"2025-02-24T18:04:05","modified_gmt":"2025-02-24T17:04:05","slug":"visite-privee-de-naples-depuis-amalfi-copy","status":"publish","type":"product","link":"https:\/\/tourtravelandmore.com\/fr\/tours\/italie-fr\/salerno-fr\/visite-privee-de-naples-depuis-amalfi-copy\/","title":{"rendered":"Visite priv\u00e9e de Naples depuis Salerne"},"content":{"rendered":"<h2><b>Description de la visite priv\u00e9e de Naples au d\u00e9part de Salerne :<\/b><\/h2>\n<p>Embarquez pour une visite priv\u00e9e personnalisable d&#8217;une journ\u00e9e compl\u00e8te de Salerne \u00e0 la ville historique de Naples. Votre voyage commence par une route panoramique le long de la c\u00f4te de Salerne, menant au c\u0153ur de Naples, o\u00f9 la culture et l&#8217;histoire prennent vie. Explorez les sites les plus embl\u00e9matiques de la ville, dont la Piazza del Plebiscito, le Palais royal et l&#8217;Op\u00e9ra San Carlo. D\u00e9couvrez les merveilles de la chapelle Sansevero, qui abrite l&#8217;\u00e9nigmatique Christ voil\u00e9. D\u00e9couvrez la richesse de la vie napolitaine, ses rues anim\u00e9es et ses d\u00e9lices culinaires. Avec votre guide personnel et votre moyen de transport de luxe, plongez au c\u0153ur de l&#8217;importance culturelle et historique de Naples, en fonction de vos int\u00e9r\u00eats.<\/p>\n<p>Cette visite priv\u00e9e vous offre une rencontre intime avec l&#8217;histoire complexe de Naples, de ses racines anciennes \u00e0 son attrait moderne. Aventurez-vous sous terre pour explorer les merveilles souterraines de Naples, r\u00e9v\u00e9lant un monde cach\u00e9 sous les rues de la ville. La Galleria Borbonica et les Catacombes de San Gennaro offrent un aper\u00e7u unique du pass\u00e9, tandis que le mus\u00e9e de la Cappella Sansevero pr\u00e9sente des chefs-d&#8217;\u0153uvre artistiques, dont le magnifique Christ Voil\u00e9. Promenez-vous dans la Via San Gregorio Armeno, c\u00e9l\u00e8bre pour ses boutiques d&#8217;artisanat, et impr\u00e9gnez-vous de l&#8217;atmosph\u00e8re anim\u00e9e du Lungomare Caracciolo. Admirez la grandeur architecturale de Spaccanapoli, du Castel dell&#8217;Ovo, du Th\u00e9\u00e2tre San Carlo et du Castel Sant&#8217;Elmo, chacun de ces sites faisant \u00e9cho \u00e0 des histoires d&#8217;une \u00e9poque r\u00e9volue. Cette visite est un m\u00e9lange d&#8217;exploration culturelle, de d\u00e9couverte historique et de splendeur visuelle, cr\u00e9ant une exp\u00e9rience inoubliable du charme et de la complexit\u00e9 de Naples.<\/p>\n<h2><b>Les points forts de la visite priv\u00e9e de Naples au d\u00e9part de Salerne :<\/b><\/h2>\n<ul>\n<li><b>Naples souterraine :<\/b> Plongez dans les profondeurs des rues anim\u00e9es pour d\u00e9couvrir le monde souterrain de Naples, un royaume o\u00f9 l&#8217;histoire r\u00e9sonne dans des tunnels et des cavernes cach\u00e9s.<\/li>\n<li><b>Galleria Borbonica : <\/b>Explorez ce passage souterrain intrigant, t\u00e9moignage du pass\u00e9 complexe de Naples, qui offre une perspective unique sur l&#8217;histoire de la ville.<\/li>\n<li><b>Mus\u00e9e de la Chapelle Sansevero : <\/b>Laissez-vous envo\u00fbter par le g\u00e9nie artistique qui s&#8217;y d\u00e9ploie, en particulier le Christ voil\u00e9, un chef-d&#8217;\u0153uvre de sculpture suscitant une profonde \u00e9motion et admiration.<\/li>\n<li><b>Via San Gregorio Armeno<\/b> : Promenez-vous dans cette rue artisanale embl\u00e9matique, anim\u00e9e par l&#8217;artisanat traditionnel et l&#8217;esprit de la culture napolitaine.<\/li>\n<li><b>Castel dell&#8217;Ovo :<\/b> Explorez ce ch\u00e2teau l\u00e9gendaire en bord de mer, impr\u00e9gn\u00e9 de mythes et offrant une vue panoramique sur la baie de Naples.<\/li>\n<li><b>Th\u00e9\u00e2tre San Carlo : <\/b>\u00e9merveillez-vous devant la grandeur de l&#8217;un des op\u00e9ras les plus anciens et les plus prestigieux d&#8217;Europe, reflet du riche h\u00e9ritage artistique de Naples.<\/li>\n<li><b>Castel Sant&#8217;Elmo : <\/b>montez jusqu&#8217;\u00e0 cette forteresse strat\u00e9gique pour admirer des vues panoramiques \u00e0 couper le souffle sur Naples, un point de vue unique en son genre dans la ville.<\/li>\n<\/ul>\n<p>Embarquez pour un voyage de d\u00e9couverte avec notre visite priv\u00e9e de Naples au d\u00e9part de Salerne. D&#8217;une dur\u00e9e de 8 heures avec un chauffeur et une exploration guid\u00e9e de 5 heures, cette visite est un m\u00e9lange id\u00e9al de confort et de perspicacit\u00e9. Plongez au c\u0153ur de Naples, d\u00e9couvrez ses joyaux historiques, ses merveilles artistiques et ses rues anim\u00e9es. De la mystique de Naples souterraine \u00e0 la grandeur du th\u00e9\u00e2tre San Carlo, chaque moment promet d&#8217;\u00eatre captivant. \u00c0 la fin de la journ\u00e9e, vous retournerez \u00e0 Salerne enrichi de souvenirs et d&#8217;une appr\u00e9ciation plus profonde du patrimoine unique de Naples. Ne manquez pas cette chance de d\u00e9couvrir Naples dans toute sa splendeur. <a href=\"https:\/\/tourtravelandmore.com\/fr\/city\/italie-fr\/sorrento-fr\/\">Contactez-nous pour r\u00e9server votre visite et cr\u00e9er des souvenirs inoubliables dans l&#8217;une des villes les plus fascinantes d&#8217;Italie.<\/a><\/p>\n","protected":false},"excerpt":{"rendered":"<p>Embarquez pour une visite priv\u00e9e personnalisable d&#8217;une journ\u00e9e compl\u00e8te d&#8217;Amalfi \u00e0 la ville historique de Naples. Votre voyage commence par une route panoramique le long de la c\u00f4te amalfitaine, menant au c\u0153ur de Naples, o\u00f9 la culture et l&#8217;histoire prennent vie. Explorez les sites les plus embl\u00e9matiques de la ville, dont la Piazza del Plebiscito, le Palais royal et l&#8217;Op\u00e9ra San Carlo. D\u00e9couvrez les merveilles de la chapelle Sansevero, qui abrite l&#8217;\u00e9nigmatique Christ voil\u00e9. D\u00e9couvrez la richesse de la vie napolitaine, ses rues anim\u00e9es et ses d\u00e9lices culinaires. Avec votre guide personnel et un moyen de transport de luxe, plongez au c\u0153ur de l&#8217;importance culturelle et historique de Naples, en fonction de vos int\u00e9r\u00eats.<\/p>\n","protected":false},"featured_media":130328,"comment_status":"open","ping_status":"closed","template":"","meta":{"_acf_changed":false},"product_brand":[],"product_cat":[5488,5482],"product_tag":[],"class_list":{"0":"post-180771","1":"product","2":"type-product","3":"status-publish","4":"has-post-thumbnail","6":"product_cat-all-private-tours-fr-7","7":"product_cat-salerno-fr","9":"first","10":"instock","11":"shipping-taxable","12":"purchasable","13":"product-type-simple"},"acf":[],"yoast_head":"<!-- This site is optimized with the Yoast SEO Premium plugin v25.3.1 (Yoast SEO v25.3.1) - https:\/\/yoast.com\/wordpress\/plugins\/seo\/ -->\n<title>\u27a1\ufe0f Visite priv\u00e9e de Naples depuis Salerne | Tour Travel &amp; More<\/title>\n<meta name=\"description\" content=\"D\u00e9couvrez Naples si vous s\u00e9journez \u00e0 Salerne avec notre visite priv\u00e9e de 6 heures avec guide expert inclus \u00e0 Naples \u2705\" \/>\n<meta name=\"robots\" content=\"index, follow, max-snippet:-1, max-image-preview:large, max-video-preview:-1\" \/>\n<link rel=\"canonical\" href=\"https:\/\/tourtravelandmore.com\/fr\/tours\/italie-fr\/salerno-fr\/visite-privee-de-naples-depuis-amalfi-copy\/\" \/>\n<meta property=\"og:locale\" content=\"fr_FR\" \/>\n<meta property=\"og:type\" content=\"article\" \/>\n<meta property=\"og:title\" content=\"Visite priv\u00e9e de Naples depuis Salerne\" \/>\n<meta property=\"og:description\" content=\"D\u00e9couvrez Naples si vous s\u00e9journez \u00e0 Salerne avec notre visite priv\u00e9e de 6 heures avec guide expert inclus \u00e0 Naples \u2705\" \/>\n<meta property=\"og:url\" content=\"https:\/\/tourtravelandmore.com\/fr\/tours\/italie-fr\/salerno-fr\/visite-privee-de-naples-depuis-amalfi-copy\/\" \/>\n<meta property=\"og:site_name\" content=\"Tour Travel And More\" \/>\n<meta property=\"article:publisher\" content=\"https:\/\/www.facebook.com\/tourtravelandmore\/\" \/>\n<meta property=\"article:modified_time\" content=\"2025-02-24T17:04:05+00:00\" \/>\n<meta property=\"og:image\" content=\"https:\/\/tourtravelandmore.com\/wp-content\/uploads\/2022\/06\/image3-14.jpg\" \/>\n\t<meta property=\"og:image:width\" content=\"900\" \/>\n\t<meta property=\"og:image:height\" content=\"700\" \/>\n\t<meta property=\"og:image:type\" content=\"image\/jpeg\" \/>\n<meta name=\"twitter:card\" content=\"summary_large_image\" \/>\n<meta name=\"twitter:site\" content=\"@TourTravel_More\" \/>\n<meta name=\"twitter:label1\" content=\"Dur\u00e9e de lecture estim\u00e9e\" \/>\n\t<meta name=\"twitter:data1\" content=\"4 minutes\" \/>\n<script type=\"application\/ld+json\" class=\"yoast-schema-graph\">{\"@context\":\"https:\/\/schema.org\",\"@graph\":[{\"@type\":\"WebPage\",\"@id\":\"https:\/\/tourtravelandmore.com\/fr\/tours\/italie-fr\/salerno-fr\/visite-privee-de-naples-depuis-amalfi-copy\/\",\"url\":\"https:\/\/tourtravelandmore.com\/fr\/tours\/italie-fr\/salerno-fr\/visite-privee-de-naples-depuis-amalfi-copy\/\",\"name\":\"\u27a1\ufe0f Visite priv\u00e9e de Naples depuis Salerne | Tour Travel & More\",\"isPartOf\":{\"@id\":\"https:\/\/tourtravelandmore.com\/fr\/#website\"},\"primaryImageOfPage\":{\"@id\":\"https:\/\/tourtravelandmore.com\/fr\/tours\/italie-fr\/salerno-fr\/visite-privee-de-naples-depuis-amalfi-copy\/#primaryimage\"},\"image\":{\"@id\":\"https:\/\/tourtravelandmore.com\/fr\/tours\/italie-fr\/salerno-fr\/visite-privee-de-naples-depuis-amalfi-copy\/#primaryimage\"},\"thumbnailUrl\":\"https:\/\/tourtravelandmore.com\/wp-content\/uploads\/2022\/06\/image3-14.jpg\",\"datePublished\":\"2025-02-24T16:31:49+00:00\",\"dateModified\":\"2025-02-24T17:04:05+00:00\",\"description\":\"D\u00e9couvrez Naples si vous s\u00e9journez \u00e0 Salerne avec notre visite priv\u00e9e de 6 heures avec guide expert inclus \u00e0 Naples \u2705\",\"breadcrumb\":{\"@id\":\"https:\/\/tourtravelandmore.com\/fr\/tours\/italie-fr\/salerno-fr\/visite-privee-de-naples-depuis-amalfi-copy\/#breadcrumb\"},\"inLanguage\":\"fr-FR\",\"potentialAction\":[{\"@type\":\"ReadAction\",\"target\":[\"https:\/\/tourtravelandmore.com\/fr\/tours\/italie-fr\/salerno-fr\/visite-privee-de-naples-depuis-amalfi-copy\/\"]}]},{\"@type\":\"ImageObject\",\"inLanguage\":\"fr-FR\",\"@id\":\"https:\/\/tourtravelandmore.com\/fr\/tours\/italie-fr\/salerno-fr\/visite-privee-de-naples-depuis-amalfi-copy\/#primaryimage\",\"url\":\"https:\/\/tourtravelandmore.com\/wp-content\/uploads\/2022\/06\/image3-14.jpg\",\"contentUrl\":\"https:\/\/tourtravelandmore.com\/wp-content\/uploads\/2022\/06\/image3-14.jpg\",\"width\":900,\"height\":700},{\"@type\":\"BreadcrumbList\",\"@id\":\"https:\/\/tourtravelandmore.com\/fr\/tours\/italie-fr\/salerno-fr\/visite-privee-de-naples-depuis-amalfi-copy\/#breadcrumb\",\"itemListElement\":[{\"@type\":\"ListItem\",\"position\":1,\"name\":\"Home\",\"item\":\"https:\/\/tourtravelandmore.com\/fr\/\"},{\"@type\":\"ListItem\",\"position\":2,\"name\":\"Tours\",\"item\":\"https:\/\/tourtravelandmore.com\/fr\/tours\/\"},{\"@type\":\"ListItem\",\"position\":3,\"name\":\"Visite priv\u00e9e de Naples depuis Salerne\"}]},{\"@type\":\"WebSite\",\"@id\":\"https:\/\/tourtravelandmore.com\/fr\/#website\",\"url\":\"https:\/\/tourtravelandmore.com\/fr\/\",\"name\":\"Tour Travel And More\",\"description\":\"Private sightseeing tours and luxury transfers in Spain\",\"publisher\":{\"@id\":\"https:\/\/tourtravelandmore.com\/fr\/#organization\"},\"potentialAction\":[{\"@type\":\"SearchAction\",\"target\":{\"@type\":\"EntryPoint\",\"urlTemplate\":\"https:\/\/tourtravelandmore.com\/fr\/?s={search_term_string}\"},\"query-input\":{\"@type\":\"PropertyValueSpecification\",\"valueRequired\":true,\"valueName\":\"search_term_string\"}}],\"inLanguage\":\"fr-FR\"},{\"@type\":\"Organization\",\"@id\":\"https:\/\/tourtravelandmore.com\/fr\/#organization\",\"name\":\"Tour Travel And More\",\"url\":\"https:\/\/tourtravelandmore.com\/fr\/\",\"logo\":{\"@type\":\"ImageObject\",\"inLanguage\":\"fr-FR\",\"@id\":\"https:\/\/tourtravelandmore.com\/fr\/#\/schema\/logo\/image\/\",\"url\":\"https:\/\/tourtravelandmore.com\/wp-content\/uploads\/2022\/12\/cropped-logo-cabecera-new.png\",\"contentUrl\":\"https:\/\/tourtravelandmore.com\/wp-content\/uploads\/2022\/12\/cropped-logo-cabecera-new.png\",\"width\":430,\"height\":61,\"caption\":\"Tour Travel And More\"},\"image\":{\"@id\":\"https:\/\/tourtravelandmore.com\/fr\/#\/schema\/logo\/image\/\"},\"sameAs\":[\"https:\/\/www.facebook.com\/tourtravelandmore\/\",\"https:\/\/x.com\/TourTravel_More\"]}]}<\/script>\n<!-- \/ Yoast SEO Premium plugin. -->","yoast_head_json":{"title":"\u27a1\ufe0f Visite priv\u00e9e de Naples depuis Salerne | Tour Travel & More","description":"D\u00e9couvrez Naples si vous s\u00e9journez \u00e0 Salerne avec notre visite priv\u00e9e de 6 heures avec guide expert inclus \u00e0 Naples \u2705","robots":{"index":"index","follow":"follow","max-snippet":"max-snippet:-1","max-image-preview":"max-image-preview:large","max-video-preview":"max-video-preview:-1"},"canonical":"https:\/\/tourtravelandmore.com\/fr\/tours\/italie-fr\/salerno-fr\/visite-privee-de-naples-depuis-amalfi-copy\/","og_locale":"fr_FR","og_type":"article","og_title":"Visite priv\u00e9e de Naples depuis Salerne","og_description":"D\u00e9couvrez Naples si vous s\u00e9journez \u00e0 Salerne avec notre visite priv\u00e9e de 6 heures avec guide expert inclus \u00e0 Naples \u2705","og_url":"https:\/\/tourtravelandmore.com\/fr\/tours\/italie-fr\/salerno-fr\/visite-privee-de-naples-depuis-amalfi-copy\/","og_site_name":"Tour Travel And More","article_publisher":"https:\/\/www.facebook.com\/tourtravelandmore\/","article_modified_time":"2025-02-24T17:04:05+00:00","og_image":[{"width":900,"height":700,"url":"https:\/\/tourtravelandmore.com\/wp-content\/uploads\/2022\/06\/image3-14.jpg","type":"image\/jpeg"}],"twitter_card":"summary_large_image","twitter_site":"@TourTravel_More","twitter_misc":{"Dur\u00e9e de lecture estim\u00e9e":"4 minutes"},"schema":{"@context":"https:\/\/schema.org","@graph":[{"@type":"WebPage","@id":"https:\/\/tourtravelandmore.com\/fr\/tours\/italie-fr\/salerno-fr\/visite-privee-de-naples-depuis-amalfi-copy\/","url":"https:\/\/tourtravelandmore.com\/fr\/tours\/italie-fr\/salerno-fr\/visite-privee-de-naples-depuis-amalfi-copy\/","name":"\u27a1\ufe0f Visite priv\u00e9e de Naples depuis Salerne | Tour Travel & More","isPartOf":{"@id":"https:\/\/tourtravelandmore.com\/fr\/#website"},"primaryImageOfPage":{"@id":"https:\/\/tourtravelandmore.com\/fr\/tours\/italie-fr\/salerno-fr\/visite-privee-de-naples-depuis-amalfi-copy\/#primaryimage"},"image":{"@id":"https:\/\/tourtravelandmore.com\/fr\/tours\/italie-fr\/salerno-fr\/visite-privee-de-naples-depuis-amalfi-copy\/#primaryimage"},"thumbnailUrl":"https:\/\/tourtravelandmore.com\/wp-content\/uploads\/2022\/06\/image3-14.jpg","datePublished":"2025-02-24T16:31:49+00:00","dateModified":"2025-02-24T17:04:05+00:00","description":"D\u00e9couvrez Naples si vous s\u00e9journez \u00e0 Salerne avec notre visite priv\u00e9e de 6 heures avec guide expert inclus \u00e0 Naples \u2705","breadcrumb":{"@id":"https:\/\/tourtravelandmore.com\/fr\/tours\/italie-fr\/salerno-fr\/visite-privee-de-naples-depuis-amalfi-copy\/#breadcrumb"},"inLanguage":"fr-FR","potentialAction":[{"@type":"ReadAction","target":["https:\/\/tourtravelandmore.com\/fr\/tours\/italie-fr\/salerno-fr\/visite-privee-de-naples-depuis-amalfi-copy\/"]}]},{"@type":"ImageObject","inLanguage":"fr-FR","@id":"https:\/\/tourtravelandmore.com\/fr\/tours\/italie-fr\/salerno-fr\/visite-privee-de-naples-depuis-amalfi-copy\/#primaryimage","url":"https:\/\/tourtravelandmore.com\/wp-content\/uploads\/2022\/06\/image3-14.jpg","contentUrl":"https:\/\/tourtravelandmore.com\/wp-content\/uploads\/2022\/06\/image3-14.jpg","width":900,"height":700},{"@type":"BreadcrumbList","@id":"https:\/\/tourtravelandmore.com\/fr\/tours\/italie-fr\/salerno-fr\/visite-privee-de-naples-depuis-amalfi-copy\/#breadcrumb","itemListElement":[{"@type":"ListItem","position":1,"name":"Home","item":"https:\/\/tourtravelandmore.com\/fr\/"},{"@type":"ListItem","position":2,"name":"Tours","item":"https:\/\/tourtravelandmore.com\/fr\/tours\/"},{"@type":"ListItem","position":3,"name":"Visite priv\u00e9e de Naples depuis Salerne"}]},{"@type":"WebSite","@id":"https:\/\/tourtravelandmore.com\/fr\/#website","url":"https:\/\/tourtravelandmore.com\/fr\/","name":"Tour Travel And More","description":"Private sightseeing tours and luxury transfers in Spain","publisher":{"@id":"https:\/\/tourtravelandmore.com\/fr\/#organization"},"potentialAction":[{"@type":"SearchAction","target":{"@type":"EntryPoint","urlTemplate":"https:\/\/tourtravelandmore.com\/fr\/?s={search_term_string}"},"query-input":{"@type":"PropertyValueSpecification","valueRequired":true,"valueName":"search_term_string"}}],"inLanguage":"fr-FR"},{"@type":"Organization","@id":"https:\/\/tourtravelandmore.com\/fr\/#organization","name":"Tour Travel And More","url":"https:\/\/tourtravelandmore.com\/fr\/","logo":{"@type":"ImageObject","inLanguage":"fr-FR","@id":"https:\/\/tourtravelandmore.com\/fr\/#\/schema\/logo\/image\/","url":"https:\/\/tourtravelandmore.com\/wp-content\/uploads\/2022\/12\/cropped-logo-cabecera-new.png","contentUrl":"https:\/\/tourtravelandmore.com\/wp-content\/uploads\/2022\/12\/cropped-logo-cabecera-new.png","width":430,"height":61,"caption":"Tour Travel And More"},"image":{"@id":"https:\/\/tourtravelandmore.com\/fr\/#\/schema\/logo\/image\/"},"sameAs":["https:\/\/www.facebook.com\/tourtravelandmore\/","https:\/\/x.com\/TourTravel_More"]}]}},"_links":{"self":[{"href":"https:\/\/tourtravelandmore.com\/fr\/wp-json\/wp\/v2\/product\/180771","targetHints":{"allow":["GET"]}}],"collection":[{"href":"https:\/\/tourtravelandmore.com\/fr\/wp-json\/wp\/v2\/product"}],"about":[{"href":"https:\/\/tourtravelandmore.com\/fr\/wp-json\/wp\/v2\/types\/product"}],"replies":[{"embeddable":true,"href":"https:\/\/tourtravelandmore.com\/fr\/wp-json\/wp\/v2\/comments?post=180771"}],"wp:featuredmedia":[{"embeddable":true,"href":"https:\/\/tourtravelandmore.com\/fr\/wp-json\/wp\/v2\/media\/130328"}],"wp:attachment":[{"href":"https:\/\/tourtravelandmore.com\/fr\/wp-json\/wp\/v2\/media?parent=180771"}],"wp:term":[{"taxonomy":"product_brand","embeddable":true,"href":"https:\/\/tourtravelandmore.com\/fr\/wp-json\/wp\/v2\/product_brand?post=180771"},{"taxonomy":"product_cat","embeddable":true,"href":"https:\/\/tourtravelandmore.com\/fr\/wp-json\/wp\/v2\/product_cat?post=180771"},{"taxonomy":"product_tag","embeddable":true,"href":"https:\/\/tourtravelandmore.com\/fr\/wp-json\/wp\/v2\/product_tag?post=180771"}],"curies":[{"name":"wp","href":"https:\/\/api.w.org\/{rel}","templated":true}]}}