{"id":180743,"date":"2025-02-24T16:38:19","date_gmt":"2025-02-24T15:38:21","guid":{"rendered":"https:\/\/tourtravelandmore.com\/?post_type=product&#038;p=180743"},"modified":"2025-02-24T16:53:41","modified_gmt":"2025-02-24T15:53:41","slug":"visite-privee-de-pompei-et-du-vesuve-depuis-amalfi-copie","status":"publish","type":"product","link":"https:\/\/tourtravelandmore.com\/fr\/tours\/italie-fr\/salerno-fr\/visite-privee-de-pompei-et-du-vesuve-depuis-amalfi-copie\/","title":{"rendered":"Visite priv\u00e9e de Pomp\u00e9i et du V\u00e9suve depuis Salerne"},"content":{"rendered":"<h2><b>Description de la visite priv\u00e9e de Pomp\u00e9i et du V\u00e9suve au d\u00e9part de Salerne<\/b><\/h2>\n<p>D\u00e9couvrez le charme de l&#8217;Antiquit\u00e9 et la puissance de la nature lors de cette visite priv\u00e9e exclusive de 8 heures \u00e0 Pomp\u00e9i et au V\u00e9suve au d\u00e9part de Salerne. La visite offre un m\u00e9lange unique d&#8217;exploration historique et de merveilles naturelles. Vous serez confortablement transport\u00e9 de Salerne dans un v\u00e9hicule priv\u00e9, accompagn\u00e9 d&#8217;un guide expert. Le voyage commence par l&#8217;ancienne ville de Pomp\u00e9i, o\u00f9 vous remonterez le temps en vous promenant dans des rues fig\u00e9es dans l&#8217;histoire.<\/p>\n<p>Soyez t\u00e9moin de l&#8217;\u00e9tonnante pr\u00e9servation de la vie romaine sous les cendres du V\u00e9suve. Votre guide vous fournira des r\u00e9cits instructifs sur le pass\u00e9 de la ville, son architecture et le jour fatidique de l&#8217;\u00e9ruption. Ensuite, la visite monte au sommet du V\u00e9suve. Pendant que vous marchez sur le chemin qui m\u00e8ne au crat\u00e8re, le guide vous fera part de ses connaissances sur la g\u00e9ologie du volcan et son impact sur la r\u00e9gion. La vue panoramique depuis le sommet est incomparable, offrant une vue sur la baie de Naples et la campagne environnante.<\/p>\n<p>Lors de cette visite priv\u00e9e unique de Pomp\u00e9i et du V\u00e9suve au d\u00e9part de Salerne, plongez dans un tableau vivant de l&#8217;histoire et de la nature. Les ruines de Pomp\u00e9i offrent un aper\u00e7u d&#8217;une beaut\u00e9 envo\u00fbtante de la vie romaine antique, o\u00f9 chaque pierre et chaque artefact racontent une histoire.<\/p>\n<p>Un guide local vous accompagnera pendant 2 heures et demie de visite guid\u00e9e \u00e0 Pomp\u00e9i. Vous continuerez ensuite votre voyage jusqu&#8217;au V\u00e9suve o\u00f9 vous profiterez d&#8217;une visite de groupe avec un guide fourni par le site (les guides externes ne sont pas autoris\u00e9s).<\/p>\n<h2><b>Les points forts de la visite priv\u00e9e de Pomp\u00e9i et du V\u00e9suve au d\u00e9part de Salerne<\/b><\/h2>\n<ul>\n<li><b>Site arch\u00e9ologique de Pomp\u00e9i :<\/b> Plongez dans l&#8217;histoire extraordinaire des ruines de Pomp\u00e9i. En parcourant les anciennes rues, votre guide vous racontera les derniers jours de la ville, en mettant en lumi\u00e8re les maisons, les march\u00e9s et les espaces publics fig\u00e9s \u00e0 jamais dans le temps par les cendres volcaniques. D\u00e9couvrez des fresques, des mosa\u00efques et des objets qui brossent un tableau vivant de la vie romaine.<\/li>\n<li><b>Le V\u00e9suve :<\/b> Vivez l&#8217;exp\u00e9rience grisante de l&#8217;ascension du volcan responsable du destin de Pomp\u00e9i. La randonn\u00e9e jusqu&#8217;au crat\u00e8re du V\u00e9suve n&#8217;est pas seulement un voyage physique, mais un voyage \u00e0 travers le temps g\u00e9ologique. Du sommet, la vue panoramique est incomparable, offrant une perspective \u00e9poustouflante sur la baie de Naples et le paysage environnant.<\/li>\n<li><b>Temples et basiliques antiques :<\/b> explorez les vestiges des \u00e9difices religieux de Pomp\u00e9i. Ces structures, des grands temples aux basiliques intimes, r\u00e9v\u00e8lent les pratiques et les croyances religieuses des anciens Romains. Votre guide vous expliquera leur importance et le r\u00f4le qu&#8217;ils ont jou\u00e9 dans la soci\u00e9t\u00e9 de Pomp\u00e9i.<\/li>\n<li><b>Forum de Pomp\u00e9i : <\/b>visitez le c\u0153ur anim\u00e9 de Pomp\u00e9i : le Forum. Autrefois un centre dynamique de commerce, de politique et de rassemblements sociaux, cette zone t\u00e9moigne aujourd&#8217;hui du statut autrefois important de la ville. Promenez-vous dans ce centre historique et imaginez la vie quotidienne de ses anciens habitants.<\/li>\n<li><b>Thermes :<\/b> Les thermes romains sont une vitrine de l&#8217;ing\u00e9nierie et de la culture sociale anciennes. D\u00e9couvrez le syst\u00e8me sophistiqu\u00e9 de chauffage et apprenez-en davantage sur les coutumes romaines en mati\u00e8re de bain et de d\u00e9tente. Ces thermes offrent un aper\u00e7u fascinant du style de vie luxueux des Romains.<\/li>\n<\/ul>\n<p>Embarquez pour un voyage de d\u00e9couverte et d&#8217;aventure avec notre visite priv\u00e9e de Pomp\u00e9i et du V\u00e9suve au d\u00e9part de Salerne. Cette visite de 8 heures offre une exploration in\u00e9gal\u00e9e de l&#8217;histoire et de la nature. Promenez-vous dans les ruines pr\u00e9serv\u00e9es de Pomp\u00e9i, \u00e9merveillez-vous devant la vue panoramique depuis le crat\u00e8re du V\u00e9suve et plongez dans les temples et basiliques antiques fascinants. Accompagn\u00e9 de notre guide expert, vous serez transport\u00e9 dans le temps et d\u00e9couvrirez la vie des Romains. Cette visite promet non seulement des vues imprenables, mais aussi un lien profond avec le pass\u00e9. Ne manquez pas cette chance de d\u00e9couvrir les vestiges impressionnants de l&#8217;histoire et la beaut\u00e9 des paysages embl\u00e9matiques de l&#8217;Italie. <a href=\"https:\/\/tourtravelandmore.com\/fr\/city\/italie-fr\/sorrento-fr\/\">Contactez-nous d\u00e8s aujourd&#8217;hui pour r\u00e9server votre visite priv\u00e9e et cr\u00e9er des souvenirs inoubliables.<\/a><\/p>\n","protected":false},"excerpt":{"rendered":"<p>D\u00e9couvrez le charme de l&#8217;Antiquit\u00e9 et la puissance de la nature lors de cette visite priv\u00e9e exclusive de 8 heures \u00e0 Pomp\u00e9i et au V\u00e9suve au d\u00e9part de Salerne. La visite offre un m\u00e9lange unique d&#8217;exploration historique et de merveilles naturelles. Vous serez confortablement transport\u00e9 de Salerne dans un v\u00e9hicule priv\u00e9, accompagn\u00e9 d&#8217;un guide expert. Le voyage commence par l&#8217;ancienne ville de Pomp\u00e9i, o\u00f9 vous remonterez le temps en vous promenant dans des rues fig\u00e9es dans l&#8217;histoire.<\/p>\n","protected":false},"featured_media":129234,"comment_status":"open","ping_status":"closed","template":"","meta":{"_acf_changed":false},"product_brand":[],"product_cat":[5488,5482,3549],"product_tag":[],"class_list":{"0":"post-180743","1":"product","2":"type-product","3":"status-publish","4":"has-post-thumbnail","6":"product_cat-all-private-tours-fr-7","7":"product_cat-salerno-fr","8":"product_cat-italie-fr","10":"first","11":"instock","12":"shipping-taxable","13":"purchasable","14":"product-type-simple"},"acf":[],"yoast_head":"<!-- This site is optimized with the Yoast SEO Premium plugin v25.3.1 (Yoast SEO v25.3.1) - https:\/\/yoast.com\/wordpress\/plugins\/seo\/ -->\n<title>\u27a1\ufe0f Visite priv\u00e9e de Pomp\u00e9i et du V\u00e9suve depuis Salerne | Tour Travel &amp; More<\/title>\n<meta name=\"description\" content=\"R\u00e9servez une visite priv\u00e9e de Pomp\u00e9i et du V\u00e9suve depuis Salerne. C&#039;est la visite priv\u00e9e parfaite pour une famille ou un petit groupe de personnes \u2705\" \/>\n<meta name=\"robots\" content=\"index, follow, max-snippet:-1, max-image-preview:large, max-video-preview:-1\" \/>\n<link rel=\"canonical\" href=\"https:\/\/tourtravelandmore.com\/fr\/tours\/italie-fr\/salerno-fr\/visite-privee-de-pompei-et-du-vesuve-depuis-amalfi-copie\/\" \/>\n<meta property=\"og:locale\" content=\"fr_FR\" \/>\n<meta property=\"og:type\" content=\"article\" \/>\n<meta property=\"og:title\" content=\"Visite priv\u00e9e de Pomp\u00e9i et du V\u00e9suve depuis Salerne\" \/>\n<meta property=\"og:description\" content=\"R\u00e9servez une visite priv\u00e9e de Pomp\u00e9i et du V\u00e9suve depuis Salerne. C&#039;est la visite priv\u00e9e parfaite pour une famille ou un petit groupe de personnes \u2705\" \/>\n<meta property=\"og:url\" content=\"https:\/\/tourtravelandmore.com\/fr\/tours\/italie-fr\/salerno-fr\/visite-privee-de-pompei-et-du-vesuve-depuis-amalfi-copie\/\" \/>\n<meta property=\"og:site_name\" content=\"Tour Travel And More\" \/>\n<meta property=\"article:publisher\" content=\"https:\/\/www.facebook.com\/tourtravelandmore\/\" \/>\n<meta property=\"article:modified_time\" content=\"2025-02-24T15:53:41+00:00\" \/>\n<meta property=\"og:image\" content=\"https:\/\/tourtravelandmore.com\/wp-content\/uploads\/2022\/06\/image4-8.jpg\" \/>\n\t<meta property=\"og:image:width\" content=\"900\" \/>\n\t<meta property=\"og:image:height\" content=\"700\" \/>\n\t<meta property=\"og:image:type\" content=\"image\/jpeg\" \/>\n<meta name=\"twitter:card\" content=\"summary_large_image\" \/>\n<meta name=\"twitter:site\" content=\"@TourTravel_More\" \/>\n<meta name=\"twitter:label1\" content=\"Dur\u00e9e de lecture estim\u00e9e\" \/>\n\t<meta name=\"twitter:data1\" content=\"4 minutes\" \/>\n<script type=\"application\/ld+json\" class=\"yoast-schema-graph\">{\"@context\":\"https:\/\/schema.org\",\"@graph\":[{\"@type\":\"WebPage\",\"@id\":\"https:\/\/tourtravelandmore.com\/fr\/tours\/italie-fr\/salerno-fr\/visite-privee-de-pompei-et-du-vesuve-depuis-amalfi-copie\/\",\"url\":\"https:\/\/tourtravelandmore.com\/fr\/tours\/italie-fr\/salerno-fr\/visite-privee-de-pompei-et-du-vesuve-depuis-amalfi-copie\/\",\"name\":\"\u27a1\ufe0f Visite priv\u00e9e de Pomp\u00e9i et du V\u00e9suve depuis Salerne | Tour Travel & More\",\"isPartOf\":{\"@id\":\"https:\/\/tourtravelandmore.com\/fr\/#website\"},\"primaryImageOfPage\":{\"@id\":\"https:\/\/tourtravelandmore.com\/fr\/tours\/italie-fr\/salerno-fr\/visite-privee-de-pompei-et-du-vesuve-depuis-amalfi-copie\/#primaryimage\"},\"image\":{\"@id\":\"https:\/\/tourtravelandmore.com\/fr\/tours\/italie-fr\/salerno-fr\/visite-privee-de-pompei-et-du-vesuve-depuis-amalfi-copie\/#primaryimage\"},\"thumbnailUrl\":\"https:\/\/tourtravelandmore.com\/wp-content\/uploads\/2022\/06\/image4-8.jpg\",\"datePublished\":\"2025-02-24T15:38:21+00:00\",\"dateModified\":\"2025-02-24T15:53:41+00:00\",\"description\":\"R\u00e9servez une visite priv\u00e9e de Pomp\u00e9i et du V\u00e9suve depuis Salerne. C'est la visite priv\u00e9e parfaite pour une famille ou un petit groupe de personnes \u2705\",\"breadcrumb\":{\"@id\":\"https:\/\/tourtravelandmore.com\/fr\/tours\/italie-fr\/salerno-fr\/visite-privee-de-pompei-et-du-vesuve-depuis-amalfi-copie\/#breadcrumb\"},\"inLanguage\":\"fr-FR\",\"potentialAction\":[{\"@type\":\"ReadAction\",\"target\":[\"https:\/\/tourtravelandmore.com\/fr\/tours\/italie-fr\/salerno-fr\/visite-privee-de-pompei-et-du-vesuve-depuis-amalfi-copie\/\"]}]},{\"@type\":\"ImageObject\",\"inLanguage\":\"fr-FR\",\"@id\":\"https:\/\/tourtravelandmore.com\/fr\/tours\/italie-fr\/salerno-fr\/visite-privee-de-pompei-et-du-vesuve-depuis-amalfi-copie\/#primaryimage\",\"url\":\"https:\/\/tourtravelandmore.com\/wp-content\/uploads\/2022\/06\/image4-8.jpg\",\"contentUrl\":\"https:\/\/tourtravelandmore.com\/wp-content\/uploads\/2022\/06\/image4-8.jpg\",\"width\":900,\"height\":700},{\"@type\":\"BreadcrumbList\",\"@id\":\"https:\/\/tourtravelandmore.com\/fr\/tours\/italie-fr\/salerno-fr\/visite-privee-de-pompei-et-du-vesuve-depuis-amalfi-copie\/#breadcrumb\",\"itemListElement\":[{\"@type\":\"ListItem\",\"position\":1,\"name\":\"Home\",\"item\":\"https:\/\/tourtravelandmore.com\/fr\/\"},{\"@type\":\"ListItem\",\"position\":2,\"name\":\"Tours\",\"item\":\"https:\/\/tourtravelandmore.com\/fr\/tours\/\"},{\"@type\":\"ListItem\",\"position\":3,\"name\":\"Visite priv\u00e9e de Pomp\u00e9i et du V\u00e9suve depuis Salerne\"}]},{\"@type\":\"WebSite\",\"@id\":\"https:\/\/tourtravelandmore.com\/fr\/#website\",\"url\":\"https:\/\/tourtravelandmore.com\/fr\/\",\"name\":\"Tour Travel And More\",\"description\":\"Private sightseeing tours and luxury transfers in Spain\",\"publisher\":{\"@id\":\"https:\/\/tourtravelandmore.com\/fr\/#organization\"},\"potentialAction\":[{\"@type\":\"SearchAction\",\"target\":{\"@type\":\"EntryPoint\",\"urlTemplate\":\"https:\/\/tourtravelandmore.com\/fr\/?s={search_term_string}\"},\"query-input\":{\"@type\":\"PropertyValueSpecification\",\"valueRequired\":true,\"valueName\":\"search_term_string\"}}],\"inLanguage\":\"fr-FR\"},{\"@type\":\"Organization\",\"@id\":\"https:\/\/tourtravelandmore.com\/fr\/#organization\",\"name\":\"Tour Travel And More\",\"url\":\"https:\/\/tourtravelandmore.com\/fr\/\",\"logo\":{\"@type\":\"ImageObject\",\"inLanguage\":\"fr-FR\",\"@id\":\"https:\/\/tourtravelandmore.com\/fr\/#\/schema\/logo\/image\/\",\"url\":\"https:\/\/tourtravelandmore.com\/wp-content\/uploads\/2022\/12\/cropped-logo-cabecera-new.png\",\"contentUrl\":\"https:\/\/tourtravelandmore.com\/wp-content\/uploads\/2022\/12\/cropped-logo-cabecera-new.png\",\"width\":430,\"height\":61,\"caption\":\"Tour Travel And More\"},\"image\":{\"@id\":\"https:\/\/tourtravelandmore.com\/fr\/#\/schema\/logo\/image\/\"},\"sameAs\":[\"https:\/\/www.facebook.com\/tourtravelandmore\/\",\"https:\/\/x.com\/TourTravel_More\"]}]}<\/script>\n<!-- \/ Yoast SEO Premium plugin. -->","yoast_head_json":{"title":"\u27a1\ufe0f Visite priv\u00e9e de Pomp\u00e9i et du V\u00e9suve depuis Salerne | Tour Travel & More","description":"R\u00e9servez une visite priv\u00e9e de Pomp\u00e9i et du V\u00e9suve depuis Salerne. C'est la visite priv\u00e9e parfaite pour une famille ou un petit groupe de personnes \u2705","robots":{"index":"index","follow":"follow","max-snippet":"max-snippet:-1","max-image-preview":"max-image-preview:large","max-video-preview":"max-video-preview:-1"},"canonical":"https:\/\/tourtravelandmore.com\/fr\/tours\/italie-fr\/salerno-fr\/visite-privee-de-pompei-et-du-vesuve-depuis-amalfi-copie\/","og_locale":"fr_FR","og_type":"article","og_title":"Visite priv\u00e9e de Pomp\u00e9i et du V\u00e9suve depuis Salerne","og_description":"R\u00e9servez une visite priv\u00e9e de Pomp\u00e9i et du V\u00e9suve depuis Salerne. C'est la visite priv\u00e9e parfaite pour une famille ou un petit groupe de personnes \u2705","og_url":"https:\/\/tourtravelandmore.com\/fr\/tours\/italie-fr\/salerno-fr\/visite-privee-de-pompei-et-du-vesuve-depuis-amalfi-copie\/","og_site_name":"Tour Travel And More","article_publisher":"https:\/\/www.facebook.com\/tourtravelandmore\/","article_modified_time":"2025-02-24T15:53:41+00:00","og_image":[{"width":900,"height":700,"url":"https:\/\/tourtravelandmore.com\/wp-content\/uploads\/2022\/06\/image4-8.jpg","type":"image\/jpeg"}],"twitter_card":"summary_large_image","twitter_site":"@TourTravel_More","twitter_misc":{"Dur\u00e9e de lecture estim\u00e9e":"4 minutes"},"schema":{"@context":"https:\/\/schema.org","@graph":[{"@type":"WebPage","@id":"https:\/\/tourtravelandmore.com\/fr\/tours\/italie-fr\/salerno-fr\/visite-privee-de-pompei-et-du-vesuve-depuis-amalfi-copie\/","url":"https:\/\/tourtravelandmore.com\/fr\/tours\/italie-fr\/salerno-fr\/visite-privee-de-pompei-et-du-vesuve-depuis-amalfi-copie\/","name":"\u27a1\ufe0f Visite priv\u00e9e de Pomp\u00e9i et du V\u00e9suve depuis Salerne | Tour Travel & More","isPartOf":{"@id":"https:\/\/tourtravelandmore.com\/fr\/#website"},"primaryImageOfPage":{"@id":"https:\/\/tourtravelandmore.com\/fr\/tours\/italie-fr\/salerno-fr\/visite-privee-de-pompei-et-du-vesuve-depuis-amalfi-copie\/#primaryimage"},"image":{"@id":"https:\/\/tourtravelandmore.com\/fr\/tours\/italie-fr\/salerno-fr\/visite-privee-de-pompei-et-du-vesuve-depuis-amalfi-copie\/#primaryimage"},"thumbnailUrl":"https:\/\/tourtravelandmore.com\/wp-content\/uploads\/2022\/06\/image4-8.jpg","datePublished":"2025-02-24T15:38:21+00:00","dateModified":"2025-02-24T15:53:41+00:00","description":"R\u00e9servez une visite priv\u00e9e de Pomp\u00e9i et du V\u00e9suve depuis Salerne. C'est la visite priv\u00e9e parfaite pour une famille ou un petit groupe de personnes \u2705","breadcrumb":{"@id":"https:\/\/tourtravelandmore.com\/fr\/tours\/italie-fr\/salerno-fr\/visite-privee-de-pompei-et-du-vesuve-depuis-amalfi-copie\/#breadcrumb"},"inLanguage":"fr-FR","potentialAction":[{"@type":"ReadAction","target":["https:\/\/tourtravelandmore.com\/fr\/tours\/italie-fr\/salerno-fr\/visite-privee-de-pompei-et-du-vesuve-depuis-amalfi-copie\/"]}]},{"@type":"ImageObject","inLanguage":"fr-FR","@id":"https:\/\/tourtravelandmore.com\/fr\/tours\/italie-fr\/salerno-fr\/visite-privee-de-pompei-et-du-vesuve-depuis-amalfi-copie\/#primaryimage","url":"https:\/\/tourtravelandmore.com\/wp-content\/uploads\/2022\/06\/image4-8.jpg","contentUrl":"https:\/\/tourtravelandmore.com\/wp-content\/uploads\/2022\/06\/image4-8.jpg","width":900,"height":700},{"@type":"BreadcrumbList","@id":"https:\/\/tourtravelandmore.com\/fr\/tours\/italie-fr\/salerno-fr\/visite-privee-de-pompei-et-du-vesuve-depuis-amalfi-copie\/#breadcrumb","itemListElement":[{"@type":"ListItem","position":1,"name":"Home","item":"https:\/\/tourtravelandmore.com\/fr\/"},{"@type":"ListItem","position":2,"name":"Tours","item":"https:\/\/tourtravelandmore.com\/fr\/tours\/"},{"@type":"ListItem","position":3,"name":"Visite priv\u00e9e de Pomp\u00e9i et du V\u00e9suve depuis Salerne"}]},{"@type":"WebSite","@id":"https:\/\/tourtravelandmore.com\/fr\/#website","url":"https:\/\/tourtravelandmore.com\/fr\/","name":"Tour Travel And More","description":"Private sightseeing tours and luxury transfers in Spain","publisher":{"@id":"https:\/\/tourtravelandmore.com\/fr\/#organization"},"potentialAction":[{"@type":"SearchAction","target":{"@type":"EntryPoint","urlTemplate":"https:\/\/tourtravelandmore.com\/fr\/?s={search_term_string}"},"query-input":{"@type":"PropertyValueSpecification","valueRequired":true,"valueName":"search_term_string"}}],"inLanguage":"fr-FR"},{"@type":"Organization","@id":"https:\/\/tourtravelandmore.com\/fr\/#organization","name":"Tour Travel And More","url":"https:\/\/tourtravelandmore.com\/fr\/","logo":{"@type":"ImageObject","inLanguage":"fr-FR","@id":"https:\/\/tourtravelandmore.com\/fr\/#\/schema\/logo\/image\/","url":"https:\/\/tourtravelandmore.com\/wp-content\/uploads\/2022\/12\/cropped-logo-cabecera-new.png","contentUrl":"https:\/\/tourtravelandmore.com\/wp-content\/uploads\/2022\/12\/cropped-logo-cabecera-new.png","width":430,"height":61,"caption":"Tour Travel And More"},"image":{"@id":"https:\/\/tourtravelandmore.com\/fr\/#\/schema\/logo\/image\/"},"sameAs":["https:\/\/www.facebook.com\/tourtravelandmore\/","https:\/\/x.com\/TourTravel_More"]}]}},"_links":{"self":[{"href":"https:\/\/tourtravelandmore.com\/fr\/wp-json\/wp\/v2\/product\/180743","targetHints":{"allow":["GET"]}}],"collection":[{"href":"https:\/\/tourtravelandmore.com\/fr\/wp-json\/wp\/v2\/product"}],"about":[{"href":"https:\/\/tourtravelandmore.com\/fr\/wp-json\/wp\/v2\/types\/product"}],"replies":[{"embeddable":true,"href":"https:\/\/tourtravelandmore.com\/fr\/wp-json\/wp\/v2\/comments?post=180743"}],"wp:featuredmedia":[{"embeddable":true,"href":"https:\/\/tourtravelandmore.com\/fr\/wp-json\/wp\/v2\/media\/129234"}],"wp:attachment":[{"href":"https:\/\/tourtravelandmore.com\/fr\/wp-json\/wp\/v2\/media?parent=180743"}],"wp:term":[{"taxonomy":"product_brand","embeddable":true,"href":"https:\/\/tourtravelandmore.com\/fr\/wp-json\/wp\/v2\/product_brand?post=180743"},{"taxonomy":"product_cat","embeddable":true,"href":"https:\/\/tourtravelandmore.com\/fr\/wp-json\/wp\/v2\/product_cat?post=180743"},{"taxonomy":"product_tag","embeddable":true,"href":"https:\/\/tourtravelandmore.com\/fr\/wp-json\/wp\/v2\/product_tag?post=180743"}],"curies":[{"name":"wp","href":"https:\/\/api.w.org\/{rel}","templated":true}]}}