{"id":179625,"date":"2025-02-14T19:12:30","date_gmt":"2025-02-14T18:12:34","guid":{"rendered":"https:\/\/tourtravelandmore.com\/?post_type=product&#038;p=179625"},"modified":"2025-02-14T19:24:15","modified_gmt":"2025-02-14T18:24:15","slug":"visite-privee-a-pied-de-zadar-avec-transfert-depuis-et-vers-le-port-de-croisiere-copy","status":"publish","type":"product","link":"https:\/\/tourtravelandmore.com\/fr\/tours\/croacia-fr-fr\/zadar-fr\/visite-privee-a-pied-de-zadar-avec-transfert-depuis-et-vers-le-port-de-croisiere-copy\/","title":{"rendered":"Visite priv\u00e9e de Zadar et Nin"},"content":{"rendered":"<h2><b><strong>Visite priv\u00e9e de Zadar et Nin Description<\/strong><\/b><\/h2>\n<p>D\u00e9couvrez la riche histoire et la beaut\u00e9 \u00e9poustouflante de la c\u00f4te croate gr\u00e2ce \u00e0 notre visite priv\u00e9e exclusive de Zadar et Nin. Pendant plus de 4 heures et demie, voyagez confortablement dans un v\u00e9hicule priv\u00e9 avec votre guide expert, qui vous fera d\u00e9couvrir l&#8217;histoire passionnante, la culture unique et les paysages \u00e0 couper le souffle de ces charmantes villes dalmates.<\/p>\n<p>D\u00e9couvrez le meilleur de Zadar et de Nin avec la visite priv\u00e9e de Tour Travel &amp; More, o\u00f9 l&#8217;histoire, la culture et la beaut\u00e9 naturelle se rejoignent pour cr\u00e9er une aventure inoubliable.<\/p>\n<p>Si vous souhaitez visiter le parc national des lacs de Plitvice ou un autre site de Zadar, consultez notre <a href=\"https:\/\/tourtravelandmore.com\/fr\/city\/croacia-fr-fr\/zadar-en\/zadar-activities-en#shop\/\">liste de visites priv\u00e9es<\/a>.<\/p>\n<h2><b><strong>Visite priv\u00e9e de Zadar et de Nin | Points d&#8217;int\u00e9r\u00eat et sites touristiques<\/strong><\/b><\/h2>\n<p>Commencez votre voyage \u00e0 Zadar, une ville r\u00e9put\u00e9e pour ses ruines romaines et v\u00e9nitiennes, ses places anim\u00e9es et les sons enchanteurs de l&#8217;orgue marin. Promenez-vous dans les rues \u00e9troites de la vieille ville, o\u00f9 l&#8217;histoire ancienne rencontre l&#8217;innovation moderne. \u00c9merveillez-vous devant le Forum romain, l&#8217;\u00e9glise Saint-Donat et l&#8217;installation captivante Salut au soleil. Votre guide vous fera d\u00e9couvrir le pass\u00e9 et le pr\u00e9sent de Zadar, vous offrant une compr\u00e9hension approfondie de son importance.<\/p>\n<p>Ensuite, aventurez-vous dans l&#8217;ancienne ville de Nin, c\u00e9l\u00e8bre pour sa production de sel, ses superbes plages de sable et son riche patrimoine. Promenez-vous dans la charmante vieille ville, qui abrite la plus petite cath\u00e9drale du monde, l&#8217;\u00e9glise de la Sainte-Croix, et les vestiges du temple romain. L&#8217;importance historique de Nin en tant que premi\u00e8re ville royale de Croatie sera mise en avant par votre guide, rendant votre visite vraiment inoubliable.<\/p>\n<ul>\n<li><b>V\u00e9hicule priv\u00e9 et guide expert pendant 4 heures<\/b> et demie pour une exp\u00e9rience confortable et personnalis\u00e9e.<\/li>\n<li><b>Explorez la vieille ville de Zadar<\/b>, y compris le Forum romain, l&#8217;\u00e9glise Saint-Donat et l&#8217;orgue marin unique.<\/li>\n<li><b>Visitez Nin<\/b>, la premi\u00e8re ville royale de Croatie, et d\u00e9couvrez la plus petite cath\u00e9drale du monde.<\/li>\n<li><b>Profitez de superbes vues c\u00f4ti\u00e8res<\/b> et d\u00e9couvrez la riche histoire et culture de la r\u00e9gion.<\/li>\n<li><b>Itin\u00e9raire flexible<\/b> adapt\u00e9 \u00e0 vos int\u00e9r\u00eats avec de nombreuses possibilit\u00e9s de photos et d&#8217;exploration.<\/li>\n<\/ul>\n<p>Cette visite est parfaite pour ceux qui souhaitent explorer les points forts de Zadar et de Nin avec le confort et la flexibilit\u00e9 d&#8217;une visite priv\u00e9e, garantissant une exp\u00e9rience personnalis\u00e9e et enrichissante.<\/p>\n<p>Apr\u00e8s votre visite priv\u00e9e des cascades de Krka au d\u00e9part de Zadar, votre chauffeur vous ram\u00e8nera \u00e0 votre h\u00f4tel, au port de croisi\u00e8re ou \u00e0 l&#8217;endroit de votre choix \u00e0 Zadar.<\/p>\n","protected":false},"excerpt":{"rendered":"<p>D\u00e9couvrez la riche histoire et la beaut\u00e9 \u00e9poustouflante de la c\u00f4te croate gr\u00e2ce \u00e0 notre visite priv\u00e9e exclusive de Zadar et Nin. Pendant plus de 4 heures et demie, voyagez confortablement dans un v\u00e9hicule priv\u00e9 avec votre guide expert, qui vous fera d\u00e9couvrir l&#8217;histoire passionnante, la culture unique et les paysages \u00e0 couper le souffle de ces charmantes villes dalmates.<\/p>\n","protected":false},"featured_media":179635,"comment_status":"open","ping_status":"closed","template":"","meta":{"_acf_changed":false},"product_brand":[],"product_cat":[5461,5462,3781],"product_tag":[],"class_list":{"0":"post-179625","1":"product","2":"type-product","3":"status-publish","4":"has-post-thumbnail","6":"product_cat-all-private-tours-and-activities-fr-12","7":"product_cat-croisieres","8":"product_cat-zadar-fr","10":"first","11":"instock","12":"shipping-taxable","13":"purchasable","14":"product-type-simple"},"acf":[],"yoast_head":"<!-- This site is optimized with the Yoast SEO Premium plugin v25.3.1 (Yoast SEO v25.3.1) - https:\/\/yoast.com\/wordpress\/plugins\/seo\/ -->\n<title>Visite priv\u00e9e de Zadar et Nin<\/title>\n<meta name=\"description\" content=\"Visitez l&#039;un des plus beaux parcs nationaux d&#039;Europe avec notre visite priv\u00e9e du parc national des cascades de Krka au d\u00e9part de Zadar avec un expert local.\" \/>\n<meta name=\"robots\" content=\"index, follow, max-snippet:-1, max-image-preview:large, max-video-preview:-1\" \/>\n<link rel=\"canonical\" href=\"https:\/\/tourtravelandmore.com\/fr\/tours\/croacia-fr-fr\/zadar-fr\/visite-privee-a-pied-de-zadar-avec-transfert-depuis-et-vers-le-port-de-croisiere-copy\/\" \/>\n<meta property=\"og:locale\" content=\"fr_FR\" \/>\n<meta property=\"og:type\" content=\"article\" \/>\n<meta property=\"og:title\" content=\"Visite priv\u00e9e de Zadar et Nin\" \/>\n<meta property=\"og:description\" content=\"Visitez l&#039;un des plus beaux parcs nationaux d&#039;Europe avec notre visite priv\u00e9e du parc national des cascades de Krka au d\u00e9part de Zadar avec un expert local.\" \/>\n<meta property=\"og:url\" content=\"https:\/\/tourtravelandmore.com\/fr\/tours\/croacia-fr-fr\/zadar-fr\/visite-privee-a-pied-de-zadar-avec-transfert-depuis-et-vers-le-port-de-croisiere-copy\/\" \/>\n<meta property=\"og:site_name\" content=\"Tour Travel And More\" \/>\n<meta property=\"article:publisher\" content=\"https:\/\/www.facebook.com\/tourtravelandmore\/\" \/>\n<meta property=\"article:modified_time\" content=\"2025-02-14T18:24:15+00:00\" \/>\n<meta property=\"og:image\" content=\"https:\/\/tourtravelandmore.com\/wp-content\/uploads\/2025\/02\/pexels-milivigerova-15843349.jpg\" \/>\n\t<meta property=\"og:image:width\" content=\"1280\" \/>\n\t<meta property=\"og:image:height\" content=\"859\" \/>\n\t<meta property=\"og:image:type\" content=\"image\/jpeg\" \/>\n<meta name=\"twitter:card\" content=\"summary_large_image\" \/>\n<meta name=\"twitter:site\" content=\"@TourTravel_More\" \/>\n<meta name=\"twitter:label1\" content=\"Dur\u00e9e de lecture estim\u00e9e\" \/>\n\t<meta name=\"twitter:data1\" content=\"2 minutes\" \/>\n<script type=\"application\/ld+json\" class=\"yoast-schema-graph\">{\"@context\":\"https:\/\/schema.org\",\"@graph\":[{\"@type\":\"WebPage\",\"@id\":\"https:\/\/tourtravelandmore.com\/fr\/tours\/croacia-fr-fr\/zadar-fr\/visite-privee-a-pied-de-zadar-avec-transfert-depuis-et-vers-le-port-de-croisiere-copy\/\",\"url\":\"https:\/\/tourtravelandmore.com\/fr\/tours\/croacia-fr-fr\/zadar-fr\/visite-privee-a-pied-de-zadar-avec-transfert-depuis-et-vers-le-port-de-croisiere-copy\/\",\"name\":\"Visite priv\u00e9e de Zadar et Nin\",\"isPartOf\":{\"@id\":\"https:\/\/tourtravelandmore.com\/fr\/#website\"},\"primaryImageOfPage\":{\"@id\":\"https:\/\/tourtravelandmore.com\/fr\/tours\/croacia-fr-fr\/zadar-fr\/visite-privee-a-pied-de-zadar-avec-transfert-depuis-et-vers-le-port-de-croisiere-copy\/#primaryimage\"},\"image\":{\"@id\":\"https:\/\/tourtravelandmore.com\/fr\/tours\/croacia-fr-fr\/zadar-fr\/visite-privee-a-pied-de-zadar-avec-transfert-depuis-et-vers-le-port-de-croisiere-copy\/#primaryimage\"},\"thumbnailUrl\":\"https:\/\/tourtravelandmore.com\/wp-content\/uploads\/2025\/02\/pexels-milivigerova-15843349.jpg\",\"datePublished\":\"2025-02-14T18:12:34+00:00\",\"dateModified\":\"2025-02-14T18:24:15+00:00\",\"description\":\"Visitez l'un des plus beaux parcs nationaux d'Europe avec notre visite priv\u00e9e du parc national des cascades de Krka au d\u00e9part de Zadar avec un expert local.\",\"breadcrumb\":{\"@id\":\"https:\/\/tourtravelandmore.com\/fr\/tours\/croacia-fr-fr\/zadar-fr\/visite-privee-a-pied-de-zadar-avec-transfert-depuis-et-vers-le-port-de-croisiere-copy\/#breadcrumb\"},\"inLanguage\":\"fr-FR\",\"potentialAction\":[{\"@type\":\"ReadAction\",\"target\":[\"https:\/\/tourtravelandmore.com\/fr\/tours\/croacia-fr-fr\/zadar-fr\/visite-privee-a-pied-de-zadar-avec-transfert-depuis-et-vers-le-port-de-croisiere-copy\/\"]}]},{\"@type\":\"ImageObject\",\"inLanguage\":\"fr-FR\",\"@id\":\"https:\/\/tourtravelandmore.com\/fr\/tours\/croacia-fr-fr\/zadar-fr\/visite-privee-a-pied-de-zadar-avec-transfert-depuis-et-vers-le-port-de-croisiere-copy\/#primaryimage\",\"url\":\"https:\/\/tourtravelandmore.com\/wp-content\/uploads\/2025\/02\/pexels-milivigerova-15843349.jpg\",\"contentUrl\":\"https:\/\/tourtravelandmore.com\/wp-content\/uploads\/2025\/02\/pexels-milivigerova-15843349.jpg\",\"width\":1280,\"height\":859},{\"@type\":\"BreadcrumbList\",\"@id\":\"https:\/\/tourtravelandmore.com\/fr\/tours\/croacia-fr-fr\/zadar-fr\/visite-privee-a-pied-de-zadar-avec-transfert-depuis-et-vers-le-port-de-croisiere-copy\/#breadcrumb\",\"itemListElement\":[{\"@type\":\"ListItem\",\"position\":1,\"name\":\"Home\",\"item\":\"https:\/\/tourtravelandmore.com\/fr\/\"},{\"@type\":\"ListItem\",\"position\":2,\"name\":\"Tours\",\"item\":\"https:\/\/tourtravelandmore.com\/fr\/tours\/\"},{\"@type\":\"ListItem\",\"position\":3,\"name\":\"Visite priv\u00e9e de Zadar et Nin\"}]},{\"@type\":\"WebSite\",\"@id\":\"https:\/\/tourtravelandmore.com\/fr\/#website\",\"url\":\"https:\/\/tourtravelandmore.com\/fr\/\",\"name\":\"Tour Travel And More\",\"description\":\"Private sightseeing tours and luxury transfers in Spain\",\"publisher\":{\"@id\":\"https:\/\/tourtravelandmore.com\/fr\/#organization\"},\"potentialAction\":[{\"@type\":\"SearchAction\",\"target\":{\"@type\":\"EntryPoint\",\"urlTemplate\":\"https:\/\/tourtravelandmore.com\/fr\/?s={search_term_string}\"},\"query-input\":{\"@type\":\"PropertyValueSpecification\",\"valueRequired\":true,\"valueName\":\"search_term_string\"}}],\"inLanguage\":\"fr-FR\"},{\"@type\":\"Organization\",\"@id\":\"https:\/\/tourtravelandmore.com\/fr\/#organization\",\"name\":\"Tour Travel And More\",\"url\":\"https:\/\/tourtravelandmore.com\/fr\/\",\"logo\":{\"@type\":\"ImageObject\",\"inLanguage\":\"fr-FR\",\"@id\":\"https:\/\/tourtravelandmore.com\/fr\/#\/schema\/logo\/image\/\",\"url\":\"https:\/\/tourtravelandmore.com\/wp-content\/uploads\/2022\/12\/cropped-logo-cabecera-new.png\",\"contentUrl\":\"https:\/\/tourtravelandmore.com\/wp-content\/uploads\/2022\/12\/cropped-logo-cabecera-new.png\",\"width\":430,\"height\":61,\"caption\":\"Tour Travel And More\"},\"image\":{\"@id\":\"https:\/\/tourtravelandmore.com\/fr\/#\/schema\/logo\/image\/\"},\"sameAs\":[\"https:\/\/www.facebook.com\/tourtravelandmore\/\",\"https:\/\/x.com\/TourTravel_More\"]}]}<\/script>\n<!-- \/ Yoast SEO Premium plugin. -->","yoast_head_json":{"title":"Visite priv\u00e9e de Zadar et Nin","description":"Visitez l'un des plus beaux parcs nationaux d'Europe avec notre visite priv\u00e9e du parc national des cascades de Krka au d\u00e9part de Zadar avec un expert local.","robots":{"index":"index","follow":"follow","max-snippet":"max-snippet:-1","max-image-preview":"max-image-preview:large","max-video-preview":"max-video-preview:-1"},"canonical":"https:\/\/tourtravelandmore.com\/fr\/tours\/croacia-fr-fr\/zadar-fr\/visite-privee-a-pied-de-zadar-avec-transfert-depuis-et-vers-le-port-de-croisiere-copy\/","og_locale":"fr_FR","og_type":"article","og_title":"Visite priv\u00e9e de Zadar et Nin","og_description":"Visitez l'un des plus beaux parcs nationaux d'Europe avec notre visite priv\u00e9e du parc national des cascades de Krka au d\u00e9part de Zadar avec un expert local.","og_url":"https:\/\/tourtravelandmore.com\/fr\/tours\/croacia-fr-fr\/zadar-fr\/visite-privee-a-pied-de-zadar-avec-transfert-depuis-et-vers-le-port-de-croisiere-copy\/","og_site_name":"Tour Travel And More","article_publisher":"https:\/\/www.facebook.com\/tourtravelandmore\/","article_modified_time":"2025-02-14T18:24:15+00:00","og_image":[{"width":1280,"height":859,"url":"https:\/\/tourtravelandmore.com\/wp-content\/uploads\/2025\/02\/pexels-milivigerova-15843349.jpg","type":"image\/jpeg"}],"twitter_card":"summary_large_image","twitter_site":"@TourTravel_More","twitter_misc":{"Dur\u00e9e de lecture estim\u00e9e":"2 minutes"},"schema":{"@context":"https:\/\/schema.org","@graph":[{"@type":"WebPage","@id":"https:\/\/tourtravelandmore.com\/fr\/tours\/croacia-fr-fr\/zadar-fr\/visite-privee-a-pied-de-zadar-avec-transfert-depuis-et-vers-le-port-de-croisiere-copy\/","url":"https:\/\/tourtravelandmore.com\/fr\/tours\/croacia-fr-fr\/zadar-fr\/visite-privee-a-pied-de-zadar-avec-transfert-depuis-et-vers-le-port-de-croisiere-copy\/","name":"Visite priv\u00e9e de Zadar et Nin","isPartOf":{"@id":"https:\/\/tourtravelandmore.com\/fr\/#website"},"primaryImageOfPage":{"@id":"https:\/\/tourtravelandmore.com\/fr\/tours\/croacia-fr-fr\/zadar-fr\/visite-privee-a-pied-de-zadar-avec-transfert-depuis-et-vers-le-port-de-croisiere-copy\/#primaryimage"},"image":{"@id":"https:\/\/tourtravelandmore.com\/fr\/tours\/croacia-fr-fr\/zadar-fr\/visite-privee-a-pied-de-zadar-avec-transfert-depuis-et-vers-le-port-de-croisiere-copy\/#primaryimage"},"thumbnailUrl":"https:\/\/tourtravelandmore.com\/wp-content\/uploads\/2025\/02\/pexels-milivigerova-15843349.jpg","datePublished":"2025-02-14T18:12:34+00:00","dateModified":"2025-02-14T18:24:15+00:00","description":"Visitez l'un des plus beaux parcs nationaux d'Europe avec notre visite priv\u00e9e du parc national des cascades de Krka au d\u00e9part de Zadar avec un expert local.","breadcrumb":{"@id":"https:\/\/tourtravelandmore.com\/fr\/tours\/croacia-fr-fr\/zadar-fr\/visite-privee-a-pied-de-zadar-avec-transfert-depuis-et-vers-le-port-de-croisiere-copy\/#breadcrumb"},"inLanguage":"fr-FR","potentialAction":[{"@type":"ReadAction","target":["https:\/\/tourtravelandmore.com\/fr\/tours\/croacia-fr-fr\/zadar-fr\/visite-privee-a-pied-de-zadar-avec-transfert-depuis-et-vers-le-port-de-croisiere-copy\/"]}]},{"@type":"ImageObject","inLanguage":"fr-FR","@id":"https:\/\/tourtravelandmore.com\/fr\/tours\/croacia-fr-fr\/zadar-fr\/visite-privee-a-pied-de-zadar-avec-transfert-depuis-et-vers-le-port-de-croisiere-copy\/#primaryimage","url":"https:\/\/tourtravelandmore.com\/wp-content\/uploads\/2025\/02\/pexels-milivigerova-15843349.jpg","contentUrl":"https:\/\/tourtravelandmore.com\/wp-content\/uploads\/2025\/02\/pexels-milivigerova-15843349.jpg","width":1280,"height":859},{"@type":"BreadcrumbList","@id":"https:\/\/tourtravelandmore.com\/fr\/tours\/croacia-fr-fr\/zadar-fr\/visite-privee-a-pied-de-zadar-avec-transfert-depuis-et-vers-le-port-de-croisiere-copy\/#breadcrumb","itemListElement":[{"@type":"ListItem","position":1,"name":"Home","item":"https:\/\/tourtravelandmore.com\/fr\/"},{"@type":"ListItem","position":2,"name":"Tours","item":"https:\/\/tourtravelandmore.com\/fr\/tours\/"},{"@type":"ListItem","position":3,"name":"Visite priv\u00e9e de Zadar et Nin"}]},{"@type":"WebSite","@id":"https:\/\/tourtravelandmore.com\/fr\/#website","url":"https:\/\/tourtravelandmore.com\/fr\/","name":"Tour Travel And More","description":"Private sightseeing tours and luxury transfers in Spain","publisher":{"@id":"https:\/\/tourtravelandmore.com\/fr\/#organization"},"potentialAction":[{"@type":"SearchAction","target":{"@type":"EntryPoint","urlTemplate":"https:\/\/tourtravelandmore.com\/fr\/?s={search_term_string}"},"query-input":{"@type":"PropertyValueSpecification","valueRequired":true,"valueName":"search_term_string"}}],"inLanguage":"fr-FR"},{"@type":"Organization","@id":"https:\/\/tourtravelandmore.com\/fr\/#organization","name":"Tour Travel And More","url":"https:\/\/tourtravelandmore.com\/fr\/","logo":{"@type":"ImageObject","inLanguage":"fr-FR","@id":"https:\/\/tourtravelandmore.com\/fr\/#\/schema\/logo\/image\/","url":"https:\/\/tourtravelandmore.com\/wp-content\/uploads\/2022\/12\/cropped-logo-cabecera-new.png","contentUrl":"https:\/\/tourtravelandmore.com\/wp-content\/uploads\/2022\/12\/cropped-logo-cabecera-new.png","width":430,"height":61,"caption":"Tour Travel And More"},"image":{"@id":"https:\/\/tourtravelandmore.com\/fr\/#\/schema\/logo\/image\/"},"sameAs":["https:\/\/www.facebook.com\/tourtravelandmore\/","https:\/\/x.com\/TourTravel_More"]}]}},"_links":{"self":[{"href":"https:\/\/tourtravelandmore.com\/fr\/wp-json\/wp\/v2\/product\/179625","targetHints":{"allow":["GET"]}}],"collection":[{"href":"https:\/\/tourtravelandmore.com\/fr\/wp-json\/wp\/v2\/product"}],"about":[{"href":"https:\/\/tourtravelandmore.com\/fr\/wp-json\/wp\/v2\/types\/product"}],"replies":[{"embeddable":true,"href":"https:\/\/tourtravelandmore.com\/fr\/wp-json\/wp\/v2\/comments?post=179625"}],"wp:featuredmedia":[{"embeddable":true,"href":"https:\/\/tourtravelandmore.com\/fr\/wp-json\/wp\/v2\/media\/179635"}],"wp:attachment":[{"href":"https:\/\/tourtravelandmore.com\/fr\/wp-json\/wp\/v2\/media?parent=179625"}],"wp:term":[{"taxonomy":"product_brand","embeddable":true,"href":"https:\/\/tourtravelandmore.com\/fr\/wp-json\/wp\/v2\/product_brand?post=179625"},{"taxonomy":"product_cat","embeddable":true,"href":"https:\/\/tourtravelandmore.com\/fr\/wp-json\/wp\/v2\/product_cat?post=179625"},{"taxonomy":"product_tag","embeddable":true,"href":"https:\/\/tourtravelandmore.com\/fr\/wp-json\/wp\/v2\/product_tag?post=179625"}],"curies":[{"name":"wp","href":"https:\/\/api.w.org\/{rel}","templated":true}]}}