{"id":179581,"date":"2025-02-14T18:49:47","date_gmt":"2025-02-14T17:49:52","guid":{"rendered":"https:\/\/tourtravelandmore.com\/?post_type=product&#038;p=179581"},"modified":"2025-02-14T19:11:23","modified_gmt":"2025-02-14T18:11:23","slug":"excursion-privee-au-parc-national-des-cascades-de-krka-copy","status":"publish","type":"product","link":"https:\/\/tourtravelandmore.com\/fr\/tours\/croacia-fr-fr\/zadar-fr\/excursion-privee-au-parc-national-des-cascades-de-krka-copy\/","title":{"rendered":"Visite priv\u00e9e \u00e0 pied de Zadar avec transfert depuis et vers le port de croisi\u00e8re"},"content":{"rendered":"<h2><b><strong>Visite priv\u00e9e \u00e0 pied de Zadar Description<\/strong><\/b><\/h2>\n<p>D\u00e9couvrez la ville enchanteresse de Zadar gr\u00e2ce \u00e0 notre visite priv\u00e9e \u00e0 pied, con\u00e7ue pour les croisi\u00e9ristes \u00e0 la recherche d&#8217;une exp\u00e9rience enrichissante et sans faille. Cette visite de 3 heures comprend une exploration guid\u00e9e de 2 heures des sites historiques et culturels de Zadar, ainsi que des transferts aller-retour confortables depuis le port de croisi\u00e8re.<\/p>\n<p>\u00c0 votre arriv\u00e9e, votre guide local professionnel vous accueillera et vous guidera \u00e0 travers les charmantes rues de la vieille ville de Zadar. Plongez dans l&#8217;histoire fascinante de la ville, qui remonte \u00e0 l&#8217;\u00e9poque romaine, en vous promenant parmi les ruines antiques, les \u00e9glises m\u00e9di\u00e9vales et l&#8217;architecture v\u00e9nitienne. \u00c9merveillez-vous devant le Forum romain, l&#8217;\u00e9glise Saint-Donat et les impressionnantes murailles de la ville qui ont r\u00e9sist\u00e9 \u00e0 l&#8217;\u00e9preuve du temps.<\/p>\n<p>Si vous souhaitez visiter le parc national des lacs de Plitvice ou un autre site de Zadar, consultez notre <a href=\"https:\/\/tourtravelandmore.com\/fr\/city\/croacia-fr-fr\/zadar-en\/zadar-activities-en#shop\/\">liste de visites priv\u00e9es<\/a>.<\/p>\n<h2><b><strong>Visite priv\u00e9e \u00e0 pied de Zadar | Points d&#8217;int\u00e9r\u00eat et monuments<\/strong><\/b><\/h2>\n<p>D\u00e9couvrez les attractions uniques de Zadar, telles que l&#8217;orgue marin, une installation sonore architecturale qui utilise les vagues de la mer pour cr\u00e9er une musique envo\u00fbtante, et le Salut au soleil, une installation lumineuse \u00e0 \u00e9nergie solaire qui offre un spectacle visuel captivant, surtout au coucher du soleil.<\/p>\n<p>Tout au long de la visite, votre guide vous fera d\u00e9couvrir le riche patrimoine et la culture dynamique de Zadar, pour un voyage inoubliable \u00e0 travers l&#8217;une des villes les plus charmantes de Croatie. Apr\u00e8s la visite, profitez d&#8217;un transfert confortable vers le port de croisi\u00e8re, pour une excursion m\u00e9morable et sans stress.<\/p>\n<ul>\n<li><b>Dur\u00e9e :<\/b> 3 heures (visite guid\u00e9e \u00e0 pied de 2 heures + temps de transfert)<\/li>\n<li><b>Inclus :<\/b> Guide priv\u00e9 pendant 2 heures, transfert aller-retour depuis et vers le port de croisi\u00e8re<\/li>\n<li><b>Explorez la vieille ville de Zadar<\/b> avec ses ruines romaines, son architecture m\u00e9di\u00e9vale et ses charmantes rues<\/li>\n<li><b>D\u00e9couvrez l&#8217;orgue marin<\/b> et ses sons enchanteurs cr\u00e9\u00e9s par les vagues<\/li>\n<li><b>Admirez le Salut au soleil<\/b>, une installation lumineuse unique aliment\u00e9e par l&#8217;\u00e9nergie solaire<\/li>\n<li><b>Commentaires perspicaces<\/b> sur l&#8217;histoire, la culture et les joyaux cach\u00e9s de Zadar par votre guide expert<\/li>\n<li><b>Un service de transfert pratique et confortable<\/b> vous garantissant un retour \u00e0 temps \u00e0 votre bateau de croisi\u00e8re<\/li>\n<\/ul>\n<p>Apr\u00e8s votre visite priv\u00e9e des chutes de Krka au d\u00e9part de Zadar, votre chauffeur vous ram\u00e8nera \u00e0 votre h\u00f4tel, au port de croisi\u00e8re ou \u00e0 l&#8217;endroit de votre choix \u00e0 Zadar.<\/p>\n","protected":false},"excerpt":{"rendered":"<p>D\u00e9couvrez la ville enchanteresse de Zadar gr\u00e2ce \u00e0 notre visite priv\u00e9e \u00e0 pied, con\u00e7ue pour les croisi\u00e9ristes \u00e0 la recherche d&#8217;une exp\u00e9rience enrichissante et sans faille. Cette visite de 3 heures comprend une exploration guid\u00e9e de 2 heures des sites historiques et culturels de Zadar, ainsi que des transferts aller-retour confortables depuis le port de croisi\u00e8re.<\/p>\n","protected":false},"featured_media":179591,"comment_status":"open","ping_status":"closed","template":"","meta":{"_acf_changed":false},"product_brand":[],"product_cat":[5461,5462,3781],"product_tag":[],"class_list":{"0":"post-179581","1":"product","2":"type-product","3":"status-publish","4":"has-post-thumbnail","6":"product_cat-all-private-tours-and-activities-fr-12","7":"product_cat-croisieres","8":"product_cat-zadar-fr","10":"first","11":"instock","12":"shipping-taxable","13":"purchasable","14":"product-type-simple"},"acf":[],"yoast_head":"<!-- This site is optimized with the Yoast SEO Premium plugin v25.3.1 (Yoast SEO v25.3.1) - https:\/\/yoast.com\/wordpress\/plugins\/seo\/ -->\n<title>Visite priv\u00e9e \u00e0 pied de Zadar avec transfert depuis et vers le port de croisi\u00e8re<\/title>\n<meta name=\"description\" content=\"Visitez l&#039;un des plus beaux parcs nationaux d&#039;Europe avec notre visite priv\u00e9e du parc national des cascades de Krka au d\u00e9part de Zadar avec un expert local.\" \/>\n<meta name=\"robots\" content=\"index, follow, max-snippet:-1, max-image-preview:large, max-video-preview:-1\" \/>\n<link rel=\"canonical\" href=\"https:\/\/tourtravelandmore.com\/fr\/tours\/croacia-fr-fr\/zadar-fr\/excursion-privee-au-parc-national-des-cascades-de-krka-copy\/\" \/>\n<meta property=\"og:locale\" content=\"fr_FR\" \/>\n<meta property=\"og:type\" content=\"article\" \/>\n<meta property=\"og:title\" content=\"Visite priv\u00e9e \u00e0 pied de Zadar avec transfert depuis et vers le port de croisi\u00e8re\" \/>\n<meta property=\"og:description\" content=\"Visitez l&#039;un des plus beaux parcs nationaux d&#039;Europe avec notre visite priv\u00e9e du parc national des cascades de Krka au d\u00e9part de Zadar avec un expert local.\" \/>\n<meta property=\"og:url\" content=\"https:\/\/tourtravelandmore.com\/fr\/tours\/croacia-fr-fr\/zadar-fr\/excursion-privee-au-parc-national-des-cascades-de-krka-copy\/\" \/>\n<meta property=\"og:site_name\" content=\"Tour Travel And More\" \/>\n<meta property=\"article:publisher\" content=\"https:\/\/www.facebook.com\/tourtravelandmore\/\" \/>\n<meta property=\"article:modified_time\" content=\"2025-02-14T18:11:23+00:00\" \/>\n<meta property=\"og:image\" content=\"https:\/\/tourtravelandmore.com\/wp-content\/uploads\/2025\/02\/zadar-waterfront-min.jpg\" \/>\n\t<meta property=\"og:image:width\" content=\"1023\" \/>\n\t<meta property=\"og:image:height\" content=\"575\" \/>\n\t<meta property=\"og:image:type\" content=\"image\/jpeg\" \/>\n<meta name=\"twitter:card\" content=\"summary_large_image\" \/>\n<meta name=\"twitter:site\" content=\"@TourTravel_More\" \/>\n<meta name=\"twitter:label1\" content=\"Dur\u00e9e de lecture estim\u00e9e\" \/>\n\t<meta name=\"twitter:data1\" content=\"2 minutes\" \/>\n<script type=\"application\/ld+json\" class=\"yoast-schema-graph\">{\"@context\":\"https:\/\/schema.org\",\"@graph\":[{\"@type\":\"WebPage\",\"@id\":\"https:\/\/tourtravelandmore.com\/fr\/tours\/croacia-fr-fr\/zadar-fr\/excursion-privee-au-parc-national-des-cascades-de-krka-copy\/\",\"url\":\"https:\/\/tourtravelandmore.com\/fr\/tours\/croacia-fr-fr\/zadar-fr\/excursion-privee-au-parc-national-des-cascades-de-krka-copy\/\",\"name\":\"Visite priv\u00e9e \u00e0 pied de Zadar avec transfert depuis et vers le port de croisi\u00e8re\",\"isPartOf\":{\"@id\":\"https:\/\/tourtravelandmore.com\/fr\/#website\"},\"primaryImageOfPage\":{\"@id\":\"https:\/\/tourtravelandmore.com\/fr\/tours\/croacia-fr-fr\/zadar-fr\/excursion-privee-au-parc-national-des-cascades-de-krka-copy\/#primaryimage\"},\"image\":{\"@id\":\"https:\/\/tourtravelandmore.com\/fr\/tours\/croacia-fr-fr\/zadar-fr\/excursion-privee-au-parc-national-des-cascades-de-krka-copy\/#primaryimage\"},\"thumbnailUrl\":\"https:\/\/tourtravelandmore.com\/wp-content\/uploads\/2025\/02\/zadar-waterfront-min.jpg\",\"datePublished\":\"2025-02-14T17:49:52+00:00\",\"dateModified\":\"2025-02-14T18:11:23+00:00\",\"description\":\"Visitez l'un des plus beaux parcs nationaux d'Europe avec notre visite priv\u00e9e du parc national des cascades de Krka au d\u00e9part de Zadar avec un expert local.\",\"breadcrumb\":{\"@id\":\"https:\/\/tourtravelandmore.com\/fr\/tours\/croacia-fr-fr\/zadar-fr\/excursion-privee-au-parc-national-des-cascades-de-krka-copy\/#breadcrumb\"},\"inLanguage\":\"fr-FR\",\"potentialAction\":[{\"@type\":\"ReadAction\",\"target\":[\"https:\/\/tourtravelandmore.com\/fr\/tours\/croacia-fr-fr\/zadar-fr\/excursion-privee-au-parc-national-des-cascades-de-krka-copy\/\"]}]},{\"@type\":\"ImageObject\",\"inLanguage\":\"fr-FR\",\"@id\":\"https:\/\/tourtravelandmore.com\/fr\/tours\/croacia-fr-fr\/zadar-fr\/excursion-privee-au-parc-national-des-cascades-de-krka-copy\/#primaryimage\",\"url\":\"https:\/\/tourtravelandmore.com\/wp-content\/uploads\/2025\/02\/zadar-waterfront-min.jpg\",\"contentUrl\":\"https:\/\/tourtravelandmore.com\/wp-content\/uploads\/2025\/02\/zadar-waterfront-min.jpg\",\"width\":1023,\"height\":575},{\"@type\":\"BreadcrumbList\",\"@id\":\"https:\/\/tourtravelandmore.com\/fr\/tours\/croacia-fr-fr\/zadar-fr\/excursion-privee-au-parc-national-des-cascades-de-krka-copy\/#breadcrumb\",\"itemListElement\":[{\"@type\":\"ListItem\",\"position\":1,\"name\":\"Home\",\"item\":\"https:\/\/tourtravelandmore.com\/fr\/\"},{\"@type\":\"ListItem\",\"position\":2,\"name\":\"Tours\",\"item\":\"https:\/\/tourtravelandmore.com\/fr\/tours\/\"},{\"@type\":\"ListItem\",\"position\":3,\"name\":\"Visite priv\u00e9e \u00e0 pied de Zadar avec transfert depuis et vers le port de croisi\u00e8re\"}]},{\"@type\":\"WebSite\",\"@id\":\"https:\/\/tourtravelandmore.com\/fr\/#website\",\"url\":\"https:\/\/tourtravelandmore.com\/fr\/\",\"name\":\"Tour Travel And More\",\"description\":\"Private sightseeing tours and luxury transfers in Spain\",\"publisher\":{\"@id\":\"https:\/\/tourtravelandmore.com\/fr\/#organization\"},\"potentialAction\":[{\"@type\":\"SearchAction\",\"target\":{\"@type\":\"EntryPoint\",\"urlTemplate\":\"https:\/\/tourtravelandmore.com\/fr\/?s={search_term_string}\"},\"query-input\":{\"@type\":\"PropertyValueSpecification\",\"valueRequired\":true,\"valueName\":\"search_term_string\"}}],\"inLanguage\":\"fr-FR\"},{\"@type\":\"Organization\",\"@id\":\"https:\/\/tourtravelandmore.com\/fr\/#organization\",\"name\":\"Tour Travel And More\",\"url\":\"https:\/\/tourtravelandmore.com\/fr\/\",\"logo\":{\"@type\":\"ImageObject\",\"inLanguage\":\"fr-FR\",\"@id\":\"https:\/\/tourtravelandmore.com\/fr\/#\/schema\/logo\/image\/\",\"url\":\"https:\/\/tourtravelandmore.com\/wp-content\/uploads\/2022\/12\/cropped-logo-cabecera-new.png\",\"contentUrl\":\"https:\/\/tourtravelandmore.com\/wp-content\/uploads\/2022\/12\/cropped-logo-cabecera-new.png\",\"width\":430,\"height\":61,\"caption\":\"Tour Travel And More\"},\"image\":{\"@id\":\"https:\/\/tourtravelandmore.com\/fr\/#\/schema\/logo\/image\/\"},\"sameAs\":[\"https:\/\/www.facebook.com\/tourtravelandmore\/\",\"https:\/\/x.com\/TourTravel_More\"]}]}<\/script>\n<!-- \/ Yoast SEO Premium plugin. -->","yoast_head_json":{"title":"Visite priv\u00e9e \u00e0 pied de Zadar avec transfert depuis et vers le port de croisi\u00e8re","description":"Visitez l'un des plus beaux parcs nationaux d'Europe avec notre visite priv\u00e9e du parc national des cascades de Krka au d\u00e9part de Zadar avec un expert local.","robots":{"index":"index","follow":"follow","max-snippet":"max-snippet:-1","max-image-preview":"max-image-preview:large","max-video-preview":"max-video-preview:-1"},"canonical":"https:\/\/tourtravelandmore.com\/fr\/tours\/croacia-fr-fr\/zadar-fr\/excursion-privee-au-parc-national-des-cascades-de-krka-copy\/","og_locale":"fr_FR","og_type":"article","og_title":"Visite priv\u00e9e \u00e0 pied de Zadar avec transfert depuis et vers le port de croisi\u00e8re","og_description":"Visitez l'un des plus beaux parcs nationaux d'Europe avec notre visite priv\u00e9e du parc national des cascades de Krka au d\u00e9part de Zadar avec un expert local.","og_url":"https:\/\/tourtravelandmore.com\/fr\/tours\/croacia-fr-fr\/zadar-fr\/excursion-privee-au-parc-national-des-cascades-de-krka-copy\/","og_site_name":"Tour Travel And More","article_publisher":"https:\/\/www.facebook.com\/tourtravelandmore\/","article_modified_time":"2025-02-14T18:11:23+00:00","og_image":[{"width":1023,"height":575,"url":"https:\/\/tourtravelandmore.com\/wp-content\/uploads\/2025\/02\/zadar-waterfront-min.jpg","type":"image\/jpeg"}],"twitter_card":"summary_large_image","twitter_site":"@TourTravel_More","twitter_misc":{"Dur\u00e9e de lecture estim\u00e9e":"2 minutes"},"schema":{"@context":"https:\/\/schema.org","@graph":[{"@type":"WebPage","@id":"https:\/\/tourtravelandmore.com\/fr\/tours\/croacia-fr-fr\/zadar-fr\/excursion-privee-au-parc-national-des-cascades-de-krka-copy\/","url":"https:\/\/tourtravelandmore.com\/fr\/tours\/croacia-fr-fr\/zadar-fr\/excursion-privee-au-parc-national-des-cascades-de-krka-copy\/","name":"Visite priv\u00e9e \u00e0 pied de Zadar avec transfert depuis et vers le port de croisi\u00e8re","isPartOf":{"@id":"https:\/\/tourtravelandmore.com\/fr\/#website"},"primaryImageOfPage":{"@id":"https:\/\/tourtravelandmore.com\/fr\/tours\/croacia-fr-fr\/zadar-fr\/excursion-privee-au-parc-national-des-cascades-de-krka-copy\/#primaryimage"},"image":{"@id":"https:\/\/tourtravelandmore.com\/fr\/tours\/croacia-fr-fr\/zadar-fr\/excursion-privee-au-parc-national-des-cascades-de-krka-copy\/#primaryimage"},"thumbnailUrl":"https:\/\/tourtravelandmore.com\/wp-content\/uploads\/2025\/02\/zadar-waterfront-min.jpg","datePublished":"2025-02-14T17:49:52+00:00","dateModified":"2025-02-14T18:11:23+00:00","description":"Visitez l'un des plus beaux parcs nationaux d'Europe avec notre visite priv\u00e9e du parc national des cascades de Krka au d\u00e9part de Zadar avec un expert local.","breadcrumb":{"@id":"https:\/\/tourtravelandmore.com\/fr\/tours\/croacia-fr-fr\/zadar-fr\/excursion-privee-au-parc-national-des-cascades-de-krka-copy\/#breadcrumb"},"inLanguage":"fr-FR","potentialAction":[{"@type":"ReadAction","target":["https:\/\/tourtravelandmore.com\/fr\/tours\/croacia-fr-fr\/zadar-fr\/excursion-privee-au-parc-national-des-cascades-de-krka-copy\/"]}]},{"@type":"ImageObject","inLanguage":"fr-FR","@id":"https:\/\/tourtravelandmore.com\/fr\/tours\/croacia-fr-fr\/zadar-fr\/excursion-privee-au-parc-national-des-cascades-de-krka-copy\/#primaryimage","url":"https:\/\/tourtravelandmore.com\/wp-content\/uploads\/2025\/02\/zadar-waterfront-min.jpg","contentUrl":"https:\/\/tourtravelandmore.com\/wp-content\/uploads\/2025\/02\/zadar-waterfront-min.jpg","width":1023,"height":575},{"@type":"BreadcrumbList","@id":"https:\/\/tourtravelandmore.com\/fr\/tours\/croacia-fr-fr\/zadar-fr\/excursion-privee-au-parc-national-des-cascades-de-krka-copy\/#breadcrumb","itemListElement":[{"@type":"ListItem","position":1,"name":"Home","item":"https:\/\/tourtravelandmore.com\/fr\/"},{"@type":"ListItem","position":2,"name":"Tours","item":"https:\/\/tourtravelandmore.com\/fr\/tours\/"},{"@type":"ListItem","position":3,"name":"Visite priv\u00e9e \u00e0 pied de Zadar avec transfert depuis et vers le port de croisi\u00e8re"}]},{"@type":"WebSite","@id":"https:\/\/tourtravelandmore.com\/fr\/#website","url":"https:\/\/tourtravelandmore.com\/fr\/","name":"Tour Travel And More","description":"Private sightseeing tours and luxury transfers in Spain","publisher":{"@id":"https:\/\/tourtravelandmore.com\/fr\/#organization"},"potentialAction":[{"@type":"SearchAction","target":{"@type":"EntryPoint","urlTemplate":"https:\/\/tourtravelandmore.com\/fr\/?s={search_term_string}"},"query-input":{"@type":"PropertyValueSpecification","valueRequired":true,"valueName":"search_term_string"}}],"inLanguage":"fr-FR"},{"@type":"Organization","@id":"https:\/\/tourtravelandmore.com\/fr\/#organization","name":"Tour Travel And More","url":"https:\/\/tourtravelandmore.com\/fr\/","logo":{"@type":"ImageObject","inLanguage":"fr-FR","@id":"https:\/\/tourtravelandmore.com\/fr\/#\/schema\/logo\/image\/","url":"https:\/\/tourtravelandmore.com\/wp-content\/uploads\/2022\/12\/cropped-logo-cabecera-new.png","contentUrl":"https:\/\/tourtravelandmore.com\/wp-content\/uploads\/2022\/12\/cropped-logo-cabecera-new.png","width":430,"height":61,"caption":"Tour Travel And More"},"image":{"@id":"https:\/\/tourtravelandmore.com\/fr\/#\/schema\/logo\/image\/"},"sameAs":["https:\/\/www.facebook.com\/tourtravelandmore\/","https:\/\/x.com\/TourTravel_More"]}]}},"_links":{"self":[{"href":"https:\/\/tourtravelandmore.com\/fr\/wp-json\/wp\/v2\/product\/179581","targetHints":{"allow":["GET"]}}],"collection":[{"href":"https:\/\/tourtravelandmore.com\/fr\/wp-json\/wp\/v2\/product"}],"about":[{"href":"https:\/\/tourtravelandmore.com\/fr\/wp-json\/wp\/v2\/types\/product"}],"replies":[{"embeddable":true,"href":"https:\/\/tourtravelandmore.com\/fr\/wp-json\/wp\/v2\/comments?post=179581"}],"wp:featuredmedia":[{"embeddable":true,"href":"https:\/\/tourtravelandmore.com\/fr\/wp-json\/wp\/v2\/media\/179591"}],"wp:attachment":[{"href":"https:\/\/tourtravelandmore.com\/fr\/wp-json\/wp\/v2\/media?parent=179581"}],"wp:term":[{"taxonomy":"product_brand","embeddable":true,"href":"https:\/\/tourtravelandmore.com\/fr\/wp-json\/wp\/v2\/product_brand?post=179581"},{"taxonomy":"product_cat","embeddable":true,"href":"https:\/\/tourtravelandmore.com\/fr\/wp-json\/wp\/v2\/product_cat?post=179581"},{"taxonomy":"product_tag","embeddable":true,"href":"https:\/\/tourtravelandmore.com\/fr\/wp-json\/wp\/v2\/product_tag?post=179581"}],"curies":[{"name":"wp","href":"https:\/\/api.w.org\/{rel}","templated":true}]}}