{"id":179495,"date":"2025-01-27T19:26:41","date_gmt":"2025-01-27T18:26:48","guid":{"rendered":"https:\/\/tourtravelandmore.com\/?post_type=product&#038;p=179495"},"modified":"2025-01-27T20:01:02","modified_gmt":"2025-01-27T19:01:02","slug":"visite-privee-de-washington-copy","status":"publish","type":"product","link":"https:\/\/tourtravelandmore.com\/fr\/tours\/etats-unis-fr\/washington-fr\/visite-privee-de-washington-copy\/","title":{"rendered":"Visite priv\u00e9e d&#8217;Alexandria et de Mount Vernon"},"content":{"rendered":"<h2><b><strong>Visite priv\u00e9e d&#8217;Alexandria et de Mount Vernon Description<\/strong><\/b><\/h2>\n<p>D\u00e9couvrez la riche histoire de la Virginie lors de cette <b><strong>visite priv\u00e9e<\/strong><\/b> de 4 heures \u00e0 <b><strong>Alexandria<\/strong><\/b> et <b><strong>Mount Vernon,<\/strong><\/b> id\u00e9ale pour ceux qui souhaitent explorer deux sites embl\u00e9matiques en un seul voyage. Voyagez dans le confort avec un v\u00e9hicule priv\u00e9 et un chauffeur-guide ou un guide et un chauffeur s\u00e9par\u00e9s, pour une exp\u00e9rience personnalis\u00e9e et engageante.<\/p>\n<p>La prise en charge peut \u00eatre organis\u00e9e depuis votre h\u00f4tel ou le lieu de votre choix \u00e0 Washington. Vous profiterez de cette visite priv\u00e9e \u00e0 bord d&#8217;un <b><strong>v\u00e9hicule priv\u00e9 de luxe<\/strong><\/b>.<\/p>\n<p>Nous pouvons \u00e9galement vous proposer une <a href=\"https:\/\/tourtravelandmore.com\/tours\/u-s-a\/washington-en\/washington-activities-en\/private-walking-tour-of-washingston-dc\/\">visite priv\u00e9e \u00e0 pied de Washington<\/a> avec un guide local, jetez un coup d&#8217;\u0153il !<\/p>\n<h2><b><strong>Points d&#8217;int\u00e9r\u00eat et monuments<\/strong><\/b><\/h2>\n<p>Tout d&#8217;abord, nous organiserons une prise en charge priv\u00e9e depuis votre h\u00f4tel \u00e0 Washington. L&#8217;heure de d\u00e9but de la visite sera d\u00e9termin\u00e9e par vous car il s&#8217;agit d&#8217;une exp\u00e9rience priv\u00e9e.<\/p>\n<p>Commencez votre aventure \u00e0 <b><strong>Old Town Alexandria,<\/strong><\/b> un charmant quartier historique aux rues pav\u00e9es, \u00e0 l&#8217;architecture coloniale et \u00e0 la richesse de l&#8217;histoire <b><strong>am\u00e9ricaine<\/strong><\/b>. Profitez d&#8217;une promenade guid\u00e9e \u00e0 travers ses sites embl\u00e9matiques, notamment l&#8217;<b><strong>\u00e9glise Christ Church<\/strong><\/b> et la maison de <b><strong>George Washington,<\/strong><\/b> r\u00e9sidence de la ville.<\/p>\n<p>Continuez jusqu&#8217;\u00e0 <b><strong>Mount Vernon,<\/strong><\/b> le domaine magnifiquement pr\u00e9serv\u00e9 de George Washington. Avec l&#8217;entr\u00e9e incluse, vous explorerez le manoir, les jardins et le mus\u00e9e, pour mieux comprendre la vie et l&#8217;h\u00e9ritage du premier pr\u00e9sident des \u00c9tats-Unis.<\/p>\n<p>Cette visite exclusive combine d\u00e9couverte culturelle, aper\u00e7u historique et beaut\u00e9 des paysages, ce qui en fait un choix id\u00e9al pour les voyageurs de tous \u00e2ges.<\/p>\n<ul>\n<li><b><strong>La vieille ville d&#8217;Alexandria :<\/strong><\/b> Promenez-vous dans les rues pav\u00e9es et admirez les monuments de l&#8217;\u00e9poque coloniale comme l&#8217;\u00e9glise Christ Church et les maisons historiques.<\/li>\n<li><b><strong>Mount Vernon Estate :<\/strong><\/b> Explorez le manoir, les jardins et le mus\u00e9e gr\u00e2ce aux billets d&#8217;entr\u00e9e inclus.<\/li>\n<li><b><strong>Itin\u00e9raire flexible :<\/strong><\/b> Adaptez l&#8217;excursion \u00e0 vos centres d&#8217;int\u00e9r\u00eat et profitez d&#8217;une exp\u00e9rience personnalis\u00e9e.<\/li>\n<li><b><strong>Prise en charge et retour pratiques :<\/strong><\/b> D\u00e9tendez-vous gr\u00e2ce au service porte-\u00e0-porte depuis votre h\u00f4tel ou l&#8217;endroit de votre choix \u00e0 Washington, D.C.<\/li>\n<\/ul>\n<p>L&#8217;itin\u00e9raire de la visite d\u00e9pendra de vos int\u00e9r\u00eats et de la dur\u00e9e totale choisie pour la visite.<\/p>\n<p>Enfin, \u00e0 la fin de la visite guid\u00e9e, vous serez ramen\u00e9 \u00e0 votre h\u00f4tel ou au lieu de votre choix \u00e0 Washington.<\/p>\n","protected":false},"excerpt":{"rendered":"<p>D\u00e9couvrez la riche histoire de la Virginie lors de cette <b><strong>visite priv\u00e9e<\/strong><\/b> de 4 heures \u00e0 <b><strong>Alexandria<\/strong><\/b> et <b><strong>Mount Vernon,<\/strong><\/b> id\u00e9ale pour ceux qui souhaitent explorer deux sites embl\u00e9matiques en un seul voyage. Voyagez dans le confort avec un v\u00e9hicule priv\u00e9 et un chauffeur-guide ou un guide et un chauffeur s\u00e9par\u00e9s, pour une exp\u00e9rience personnalis\u00e9e et engageante.<\/p>\n","protected":false},"featured_media":179505,"comment_status":"open","ping_status":"closed","template":"","meta":{"_acf_changed":false},"product_brand":[],"product_cat":[5458,5460,3547,3805],"product_tag":[],"class_list":{"0":"post-179495","1":"product","2":"type-product","3":"status-publish","4":"has-post-thumbnail","6":"product_cat-all-private-tours-activities-fr-36","7":"product_cat-private-sightseeing-tours-fr-44","8":"product_cat-etats-unis-fr","9":"product_cat-washington-fr","11":"first","12":"instock","13":"shipping-taxable","14":"purchasable","15":"product-type-simple"},"acf":[],"yoast_head":"<!-- This site is optimized with the Yoast SEO Premium plugin v25.3.1 (Yoast SEO v25.3.1) - https:\/\/yoast.com\/wordpress\/plugins\/seo\/ -->\n<title>Visite priv\u00e9e d&#039;Alexandria et de Mount Vernon | TT&amp;M<\/title>\n<meta name=\"description\" content=\"Visite priv\u00e9e pour explorer l&#039;\u00e9tonnante ville de Washington, ses monuments historiques et m\u00e9moriaux, ses mus\u00e9es embl\u00e9matiques et bien plus encore.\" \/>\n<meta name=\"robots\" content=\"index, follow, max-snippet:-1, max-image-preview:large, max-video-preview:-1\" \/>\n<link rel=\"canonical\" href=\"https:\/\/tourtravelandmore.com\/fr\/tours\/etats-unis-fr\/washington-fr\/visite-privee-de-washington-copy\/\" \/>\n<meta property=\"og:locale\" content=\"fr_FR\" \/>\n<meta property=\"og:type\" content=\"article\" \/>\n<meta property=\"og:title\" content=\"Visite priv\u00e9e d&#039;Alexandria et de Mount Vernon\" \/>\n<meta property=\"og:description\" content=\"Visite priv\u00e9e pour explorer l&#039;\u00e9tonnante ville de Washington, ses monuments historiques et m\u00e9moriaux, ses mus\u00e9es embl\u00e9matiques et bien plus encore.\" \/>\n<meta property=\"og:url\" content=\"https:\/\/tourtravelandmore.com\/fr\/tours\/etats-unis-fr\/washington-fr\/visite-privee-de-washington-copy\/\" \/>\n<meta property=\"og:site_name\" content=\"Tour Travel And More\" \/>\n<meta property=\"article:publisher\" content=\"https:\/\/www.facebook.com\/tourtravelandmore\/\" \/>\n<meta property=\"article:modified_time\" content=\"2025-01-27T19:01:02+00:00\" \/>\n<meta property=\"og:image\" content=\"https:\/\/tourtravelandmore.com\/wp-content\/uploads\/2025\/01\/1bc80bef-d0b2-4a3c-aafe-91759186f128.jpeg\" \/>\n\t<meta property=\"og:image:width\" content=\"1200\" \/>\n\t<meta property=\"og:image:height\" content=\"840\" \/>\n\t<meta property=\"og:image:type\" content=\"image\/jpeg\" \/>\n<meta name=\"twitter:card\" content=\"summary_large_image\" \/>\n<meta name=\"twitter:site\" content=\"@TourTravel_More\" \/>\n<meta name=\"twitter:label1\" content=\"Dur\u00e9e de lecture estim\u00e9e\" \/>\n\t<meta name=\"twitter:data1\" content=\"2 minutes\" \/>\n<script type=\"application\/ld+json\" class=\"yoast-schema-graph\">{\"@context\":\"https:\/\/schema.org\",\"@graph\":[{\"@type\":\"WebPage\",\"@id\":\"https:\/\/tourtravelandmore.com\/fr\/tours\/etats-unis-fr\/washington-fr\/visite-privee-de-washington-copy\/\",\"url\":\"https:\/\/tourtravelandmore.com\/fr\/tours\/etats-unis-fr\/washington-fr\/visite-privee-de-washington-copy\/\",\"name\":\"Visite priv\u00e9e d'Alexandria et de Mount Vernon | TT&M\",\"isPartOf\":{\"@id\":\"https:\/\/tourtravelandmore.com\/fr\/#website\"},\"primaryImageOfPage\":{\"@id\":\"https:\/\/tourtravelandmore.com\/fr\/tours\/etats-unis-fr\/washington-fr\/visite-privee-de-washington-copy\/#primaryimage\"},\"image\":{\"@id\":\"https:\/\/tourtravelandmore.com\/fr\/tours\/etats-unis-fr\/washington-fr\/visite-privee-de-washington-copy\/#primaryimage\"},\"thumbnailUrl\":\"https:\/\/tourtravelandmore.com\/wp-content\/uploads\/2025\/01\/1bc80bef-d0b2-4a3c-aafe-91759186f128.jpeg\",\"datePublished\":\"2025-01-27T18:26:48+00:00\",\"dateModified\":\"2025-01-27T19:01:02+00:00\",\"description\":\"Visite priv\u00e9e pour explorer l'\u00e9tonnante ville de Washington, ses monuments historiques et m\u00e9moriaux, ses mus\u00e9es embl\u00e9matiques et bien plus encore.\",\"breadcrumb\":{\"@id\":\"https:\/\/tourtravelandmore.com\/fr\/tours\/etats-unis-fr\/washington-fr\/visite-privee-de-washington-copy\/#breadcrumb\"},\"inLanguage\":\"fr-FR\",\"potentialAction\":[{\"@type\":\"ReadAction\",\"target\":[\"https:\/\/tourtravelandmore.com\/fr\/tours\/etats-unis-fr\/washington-fr\/visite-privee-de-washington-copy\/\"]}]},{\"@type\":\"ImageObject\",\"inLanguage\":\"fr-FR\",\"@id\":\"https:\/\/tourtravelandmore.com\/fr\/tours\/etats-unis-fr\/washington-fr\/visite-privee-de-washington-copy\/#primaryimage\",\"url\":\"https:\/\/tourtravelandmore.com\/wp-content\/uploads\/2025\/01\/1bc80bef-d0b2-4a3c-aafe-91759186f128.jpeg\",\"contentUrl\":\"https:\/\/tourtravelandmore.com\/wp-content\/uploads\/2025\/01\/1bc80bef-d0b2-4a3c-aafe-91759186f128.jpeg\",\"width\":1200,\"height\":840},{\"@type\":\"BreadcrumbList\",\"@id\":\"https:\/\/tourtravelandmore.com\/fr\/tours\/etats-unis-fr\/washington-fr\/visite-privee-de-washington-copy\/#breadcrumb\",\"itemListElement\":[{\"@type\":\"ListItem\",\"position\":1,\"name\":\"Home\",\"item\":\"https:\/\/tourtravelandmore.com\/fr\/\"},{\"@type\":\"ListItem\",\"position\":2,\"name\":\"Tours\",\"item\":\"https:\/\/tourtravelandmore.com\/fr\/tours\/\"},{\"@type\":\"ListItem\",\"position\":3,\"name\":\"Visite priv\u00e9e d&#8217;Alexandria et de Mount Vernon\"}]},{\"@type\":\"WebSite\",\"@id\":\"https:\/\/tourtravelandmore.com\/fr\/#website\",\"url\":\"https:\/\/tourtravelandmore.com\/fr\/\",\"name\":\"Tour Travel And More\",\"description\":\"Private sightseeing tours and luxury transfers in Spain\",\"publisher\":{\"@id\":\"https:\/\/tourtravelandmore.com\/fr\/#organization\"},\"potentialAction\":[{\"@type\":\"SearchAction\",\"target\":{\"@type\":\"EntryPoint\",\"urlTemplate\":\"https:\/\/tourtravelandmore.com\/fr\/?s={search_term_string}\"},\"query-input\":{\"@type\":\"PropertyValueSpecification\",\"valueRequired\":true,\"valueName\":\"search_term_string\"}}],\"inLanguage\":\"fr-FR\"},{\"@type\":\"Organization\",\"@id\":\"https:\/\/tourtravelandmore.com\/fr\/#organization\",\"name\":\"Tour Travel And More\",\"url\":\"https:\/\/tourtravelandmore.com\/fr\/\",\"logo\":{\"@type\":\"ImageObject\",\"inLanguage\":\"fr-FR\",\"@id\":\"https:\/\/tourtravelandmore.com\/fr\/#\/schema\/logo\/image\/\",\"url\":\"https:\/\/tourtravelandmore.com\/wp-content\/uploads\/2022\/12\/cropped-logo-cabecera-new.png\",\"contentUrl\":\"https:\/\/tourtravelandmore.com\/wp-content\/uploads\/2022\/12\/cropped-logo-cabecera-new.png\",\"width\":430,\"height\":61,\"caption\":\"Tour Travel And More\"},\"image\":{\"@id\":\"https:\/\/tourtravelandmore.com\/fr\/#\/schema\/logo\/image\/\"},\"sameAs\":[\"https:\/\/www.facebook.com\/tourtravelandmore\/\",\"https:\/\/x.com\/TourTravel_More\"]}]}<\/script>\n<!-- \/ Yoast SEO Premium plugin. -->","yoast_head_json":{"title":"Visite priv\u00e9e d'Alexandria et de Mount Vernon | TT&M","description":"Visite priv\u00e9e pour explorer l'\u00e9tonnante ville de Washington, ses monuments historiques et m\u00e9moriaux, ses mus\u00e9es embl\u00e9matiques et bien plus encore.","robots":{"index":"index","follow":"follow","max-snippet":"max-snippet:-1","max-image-preview":"max-image-preview:large","max-video-preview":"max-video-preview:-1"},"canonical":"https:\/\/tourtravelandmore.com\/fr\/tours\/etats-unis-fr\/washington-fr\/visite-privee-de-washington-copy\/","og_locale":"fr_FR","og_type":"article","og_title":"Visite priv\u00e9e d'Alexandria et de Mount Vernon","og_description":"Visite priv\u00e9e pour explorer l'\u00e9tonnante ville de Washington, ses monuments historiques et m\u00e9moriaux, ses mus\u00e9es embl\u00e9matiques et bien plus encore.","og_url":"https:\/\/tourtravelandmore.com\/fr\/tours\/etats-unis-fr\/washington-fr\/visite-privee-de-washington-copy\/","og_site_name":"Tour Travel And More","article_publisher":"https:\/\/www.facebook.com\/tourtravelandmore\/","article_modified_time":"2025-01-27T19:01:02+00:00","og_image":[{"width":1200,"height":840,"url":"https:\/\/tourtravelandmore.com\/wp-content\/uploads\/2025\/01\/1bc80bef-d0b2-4a3c-aafe-91759186f128.jpeg","type":"image\/jpeg"}],"twitter_card":"summary_large_image","twitter_site":"@TourTravel_More","twitter_misc":{"Dur\u00e9e de lecture estim\u00e9e":"2 minutes"},"schema":{"@context":"https:\/\/schema.org","@graph":[{"@type":"WebPage","@id":"https:\/\/tourtravelandmore.com\/fr\/tours\/etats-unis-fr\/washington-fr\/visite-privee-de-washington-copy\/","url":"https:\/\/tourtravelandmore.com\/fr\/tours\/etats-unis-fr\/washington-fr\/visite-privee-de-washington-copy\/","name":"Visite priv\u00e9e d'Alexandria et de Mount Vernon | TT&M","isPartOf":{"@id":"https:\/\/tourtravelandmore.com\/fr\/#website"},"primaryImageOfPage":{"@id":"https:\/\/tourtravelandmore.com\/fr\/tours\/etats-unis-fr\/washington-fr\/visite-privee-de-washington-copy\/#primaryimage"},"image":{"@id":"https:\/\/tourtravelandmore.com\/fr\/tours\/etats-unis-fr\/washington-fr\/visite-privee-de-washington-copy\/#primaryimage"},"thumbnailUrl":"https:\/\/tourtravelandmore.com\/wp-content\/uploads\/2025\/01\/1bc80bef-d0b2-4a3c-aafe-91759186f128.jpeg","datePublished":"2025-01-27T18:26:48+00:00","dateModified":"2025-01-27T19:01:02+00:00","description":"Visite priv\u00e9e pour explorer l'\u00e9tonnante ville de Washington, ses monuments historiques et m\u00e9moriaux, ses mus\u00e9es embl\u00e9matiques et bien plus encore.","breadcrumb":{"@id":"https:\/\/tourtravelandmore.com\/fr\/tours\/etats-unis-fr\/washington-fr\/visite-privee-de-washington-copy\/#breadcrumb"},"inLanguage":"fr-FR","potentialAction":[{"@type":"ReadAction","target":["https:\/\/tourtravelandmore.com\/fr\/tours\/etats-unis-fr\/washington-fr\/visite-privee-de-washington-copy\/"]}]},{"@type":"ImageObject","inLanguage":"fr-FR","@id":"https:\/\/tourtravelandmore.com\/fr\/tours\/etats-unis-fr\/washington-fr\/visite-privee-de-washington-copy\/#primaryimage","url":"https:\/\/tourtravelandmore.com\/wp-content\/uploads\/2025\/01\/1bc80bef-d0b2-4a3c-aafe-91759186f128.jpeg","contentUrl":"https:\/\/tourtravelandmore.com\/wp-content\/uploads\/2025\/01\/1bc80bef-d0b2-4a3c-aafe-91759186f128.jpeg","width":1200,"height":840},{"@type":"BreadcrumbList","@id":"https:\/\/tourtravelandmore.com\/fr\/tours\/etats-unis-fr\/washington-fr\/visite-privee-de-washington-copy\/#breadcrumb","itemListElement":[{"@type":"ListItem","position":1,"name":"Home","item":"https:\/\/tourtravelandmore.com\/fr\/"},{"@type":"ListItem","position":2,"name":"Tours","item":"https:\/\/tourtravelandmore.com\/fr\/tours\/"},{"@type":"ListItem","position":3,"name":"Visite priv\u00e9e d&#8217;Alexandria et de Mount Vernon"}]},{"@type":"WebSite","@id":"https:\/\/tourtravelandmore.com\/fr\/#website","url":"https:\/\/tourtravelandmore.com\/fr\/","name":"Tour Travel And More","description":"Private sightseeing tours and luxury transfers in Spain","publisher":{"@id":"https:\/\/tourtravelandmore.com\/fr\/#organization"},"potentialAction":[{"@type":"SearchAction","target":{"@type":"EntryPoint","urlTemplate":"https:\/\/tourtravelandmore.com\/fr\/?s={search_term_string}"},"query-input":{"@type":"PropertyValueSpecification","valueRequired":true,"valueName":"search_term_string"}}],"inLanguage":"fr-FR"},{"@type":"Organization","@id":"https:\/\/tourtravelandmore.com\/fr\/#organization","name":"Tour Travel And More","url":"https:\/\/tourtravelandmore.com\/fr\/","logo":{"@type":"ImageObject","inLanguage":"fr-FR","@id":"https:\/\/tourtravelandmore.com\/fr\/#\/schema\/logo\/image\/","url":"https:\/\/tourtravelandmore.com\/wp-content\/uploads\/2022\/12\/cropped-logo-cabecera-new.png","contentUrl":"https:\/\/tourtravelandmore.com\/wp-content\/uploads\/2022\/12\/cropped-logo-cabecera-new.png","width":430,"height":61,"caption":"Tour Travel And More"},"image":{"@id":"https:\/\/tourtravelandmore.com\/fr\/#\/schema\/logo\/image\/"},"sameAs":["https:\/\/www.facebook.com\/tourtravelandmore\/","https:\/\/x.com\/TourTravel_More"]}]}},"_links":{"self":[{"href":"https:\/\/tourtravelandmore.com\/fr\/wp-json\/wp\/v2\/product\/179495","targetHints":{"allow":["GET"]}}],"collection":[{"href":"https:\/\/tourtravelandmore.com\/fr\/wp-json\/wp\/v2\/product"}],"about":[{"href":"https:\/\/tourtravelandmore.com\/fr\/wp-json\/wp\/v2\/types\/product"}],"replies":[{"embeddable":true,"href":"https:\/\/tourtravelandmore.com\/fr\/wp-json\/wp\/v2\/comments?post=179495"}],"wp:featuredmedia":[{"embeddable":true,"href":"https:\/\/tourtravelandmore.com\/fr\/wp-json\/wp\/v2\/media\/179505"}],"wp:attachment":[{"href":"https:\/\/tourtravelandmore.com\/fr\/wp-json\/wp\/v2\/media?parent=179495"}],"wp:term":[{"taxonomy":"product_brand","embeddable":true,"href":"https:\/\/tourtravelandmore.com\/fr\/wp-json\/wp\/v2\/product_brand?post=179495"},{"taxonomy":"product_cat","embeddable":true,"href":"https:\/\/tourtravelandmore.com\/fr\/wp-json\/wp\/v2\/product_cat?post=179495"},{"taxonomy":"product_tag","embeddable":true,"href":"https:\/\/tourtravelandmore.com\/fr\/wp-json\/wp\/v2\/product_tag?post=179495"}],"curies":[{"name":"wp","href":"https:\/\/api.w.org\/{rel}","templated":true}]}}