{"id":179429,"date":"2025-01-20T16:49:57","date_gmt":"2025-01-20T15:50:00","guid":{"rendered":"https:\/\/tourtravelandmore.com\/?post_type=product&#038;p=179429"},"modified":"2025-01-20T17:31:21","modified_gmt":"2025-01-20T16:31:21","slug":"transferts-prives-a-split-de-vers-le-port-de-croisiere-copy","status":"publish","type":"product","link":"https:\/\/tourtravelandmore.com\/fr\/tours\/croacia-fr-fr\/split-fr\/transferts-prives-a-split-de-vers-le-port-de-croisiere-copy\/","title":{"rendered":"Transfert priv\u00e9 depuis\/vers Dubrovnik vers\/depuis Split"},"content":{"rendered":"<h2><strong>Transfert priv\u00e9 depuis\/vers Dubrovnik vers\/depuis Split Description<\/strong><\/h2>\n<p>Faites l&#8217;exp\u00e9rience d&#8217;un voyage fluide et confortable gr\u00e2ce \u00e0 notre service de transfert priv\u00e9 entre Dubrovnik et Split. Con\u00e7u pour la commodit\u00e9 et le luxe, ce service comprend un chauffeur professionnel et un v\u00e9hicule priv\u00e9 exclusivement pour votre groupe. Que vous voyagiez pour explorer le charme historique de Dubrovnik ou la ville c\u00f4ti\u00e8re anim\u00e9e de Split, notre transfert vous garantit une exp\u00e9rience sans stress.<\/p>\n<p>Nous proposons <strong>tous les types de transferts,<\/strong> comme par exemple les transferts vers les <a href=\"http:\/\/www.split-airport.hr\/index.php?lang=hr\">a\u00e9roports<\/a>, les ports, les gares routi\u00e8res ou les transferts vers toute autre ville ou lieu proche.<\/p>\n<p>Une fois que vous aurez atteint votre arr\u00eat, notre personnel vous attendra avec un panneau au terminal d&#8217;arriv\u00e9e. Pendant votre arriv\u00e9e \u00e0 votre destination finale, vous pourrez \u00e9galement profiter d&#8217;un paysage panoramique de la ville.<\/p>\n<p>Si vous arrivez au port de croisi\u00e8re de Split, nous pouvons organiser un transfert priv\u00e9 vers Split, ou nous avons aussi l&#8217;option d&#8217;un <a href=\"https:\/\/tourtravelandmore.com\/tours\/croatia-en\/split\/private-tour-of-trogir-and-split\/\">tour priv\u00e9 vers Trogir et Split depuis le port de croisi\u00e8re.<\/a><\/p>\n<h2><strong>Transfert priv\u00e9 de\/\u00e0 Dubrovnik \u00e0\/de Split | Points d&#8217;int\u00e9r\u00eat et sites touristiques<\/strong><\/h2>\n<p>Profitez de la route pittoresque le long de la c\u00f4te dalmate, avec des vues pittoresques de la mer Adriatique, des villages charmants et des paysages luxuriants. Votre chauffeur exp\u00e9riment\u00e9 assurera un transfert s\u00fbr et ponctuel, rendant votre voyage entre ces villes croates embl\u00e9matiques aussi agr\u00e9able que votre destination.<\/p>\n<p>Ce transfert priv\u00e9 est id\u00e9al pour les familles, les couples ou les groupes \u00e0 la recherche d&#8217;une exp\u00e9rience de voyage personnalis\u00e9e et sans tracas. Laissez-nous nous occuper de la logistique pendant que vous vous d\u00e9tendez et profitez du voyage.<\/p>\n<ul>\n<li><strong>V\u00e9hicule priv\u00e9 :<\/strong> Voyagez dans le confort avec un v\u00e9hicule exclusif pour votre groupe.<\/li>\n<li><strong>Chauffeur professionnel :<\/strong> Un chauffeur fiable et exp\u00e9riment\u00e9 pour un voyage en toute s\u00e9curit\u00e9.<\/li>\n<li><strong>Route panoramique :<\/strong> Appr\u00e9ciez les vues \u00e9poustouflantes de la c\u00f4te adriatique tout au long du trajet.<\/li>\n<li><strong>Prise en charge et restitution flexibles :<\/strong> service porte-\u00e0-porte pratique adapt\u00e9 \u00e0 votre emploi du temps.<\/li>\n<li><strong>Voyage sans stress :<\/strong> \u00c9vitez les tracas des transports publics ou des transferts partag\u00e9s.<\/li>\n<\/ul>\n<p>R\u00e9servez votre transfert priv\u00e9 d\u00e8s aujourd&#8217;hui et profitez d&#8217;une exp\u00e9rience de voyage haut de gamme entre Dubrovnik et Split !<\/p>\n","protected":false},"excerpt":{"rendered":"<p>Profitez de cette occasion pour profiter de ce moyen confortable pour vous rendre \u00e0 votre destination finale \u00e0 Split. Vous disposerez de votre propre v\u00e9hicule de luxe priv\u00e9 avec chauffeur pour vous conduire rapidement et confortablement \u00e0 l&#8217;emplacement de votre choix. La prise en charge peut se faire \u00e0 l&#8217;h\u00f4tel, \u00e0 l&#8217;a\u00e9roport, au port de croisi\u00e8re ou au lieu de votre choix \u00e0 Split ou \u00e0 proximit\u00e9 de la ville.<\/p>\n","protected":false},"featured_media":93967,"comment_status":"open","ping_status":"closed","template":"","meta":{"_acf_changed":false},"product_brand":[],"product_cat":[5457,3785],"product_tag":[],"class_list":{"0":"post-179429","1":"product","2":"type-product","3":"status-publish","4":"has-post-thumbnail","6":"product_cat-private-transfers-fr-20","7":"product_cat-split-fr","9":"first","10":"instock","11":"shipping-taxable","12":"purchasable","13":"product-type-simple"},"acf":[],"yoast_head":"<!-- This site is optimized with the Yoast SEO Premium plugin v25.3.1 (Yoast SEO v25.3.1) - https:\/\/yoast.com\/wordpress\/plugins\/seo\/ -->\n<title>Transferts priv\u00e9s de Split: transfert a\u00e9roport, h\u00f4tel, port de croisi\u00e8re ou gare routi\u00e8re<\/title>\n<meta name=\"description\" content=\"Moyen confortable d&#039;arriver \u00e0 votre destination finale \u00e0 Split. V\u00e9hicule de luxe priv\u00e9 avec chauffeur pour vous amener rapidement et confortablement \u00e0 votre emplacement.\" \/>\n<meta name=\"robots\" content=\"index, follow, max-snippet:-1, max-image-preview:large, max-video-preview:-1\" \/>\n<link rel=\"canonical\" href=\"https:\/\/tourtravelandmore.com\/fr\/tours\/croacia-fr-fr\/split-fr\/transferts-prives-a-split-de-vers-le-port-de-croisiere-copy\/\" \/>\n<meta property=\"og:locale\" content=\"fr_FR\" \/>\n<meta property=\"og:type\" content=\"article\" \/>\n<meta property=\"og:title\" content=\"Transfert priv\u00e9 depuis\/vers Dubrovnik vers\/depuis Split\" \/>\n<meta property=\"og:description\" content=\"Moyen confortable d&#039;arriver \u00e0 votre destination finale \u00e0 Split. V\u00e9hicule de luxe priv\u00e9 avec chauffeur pour vous amener rapidement et confortablement \u00e0 votre emplacement.\" \/>\n<meta property=\"og:url\" content=\"https:\/\/tourtravelandmore.com\/fr\/tours\/croacia-fr-fr\/split-fr\/transferts-prives-a-split-de-vers-le-port-de-croisiere-copy\/\" \/>\n<meta property=\"og:site_name\" content=\"Tour Travel And More\" \/>\n<meta property=\"article:publisher\" content=\"https:\/\/www.facebook.com\/tourtravelandmore\/\" \/>\n<meta property=\"article:modified_time\" content=\"2025-01-20T16:31:21+00:00\" \/>\n<meta property=\"og:image\" content=\"https:\/\/tourtravelandmore.com\/wp-content\/uploads\/2016\/10\/madrid-private-transfer.png\" \/>\n\t<meta property=\"og:image:width\" content=\"640\" \/>\n\t<meta property=\"og:image:height\" content=\"425\" \/>\n\t<meta property=\"og:image:type\" content=\"image\/png\" \/>\n<meta name=\"twitter:card\" content=\"summary_large_image\" \/>\n<meta name=\"twitter:site\" content=\"@TourTravel_More\" \/>\n<meta name=\"twitter:label1\" content=\"Dur\u00e9e de lecture estim\u00e9e\" \/>\n\t<meta name=\"twitter:data1\" content=\"2 minutes\" \/>\n<script type=\"application\/ld+json\" class=\"yoast-schema-graph\">{\"@context\":\"https:\/\/schema.org\",\"@graph\":[{\"@type\":\"WebPage\",\"@id\":\"https:\/\/tourtravelandmore.com\/fr\/tours\/croacia-fr-fr\/split-fr\/transferts-prives-a-split-de-vers-le-port-de-croisiere-copy\/\",\"url\":\"https:\/\/tourtravelandmore.com\/fr\/tours\/croacia-fr-fr\/split-fr\/transferts-prives-a-split-de-vers-le-port-de-croisiere-copy\/\",\"name\":\"Transferts priv\u00e9s de Split: transfert a\u00e9roport, h\u00f4tel, port de croisi\u00e8re ou gare routi\u00e8re\",\"isPartOf\":{\"@id\":\"https:\/\/tourtravelandmore.com\/fr\/#website\"},\"primaryImageOfPage\":{\"@id\":\"https:\/\/tourtravelandmore.com\/fr\/tours\/croacia-fr-fr\/split-fr\/transferts-prives-a-split-de-vers-le-port-de-croisiere-copy\/#primaryimage\"},\"image\":{\"@id\":\"https:\/\/tourtravelandmore.com\/fr\/tours\/croacia-fr-fr\/split-fr\/transferts-prives-a-split-de-vers-le-port-de-croisiere-copy\/#primaryimage\"},\"thumbnailUrl\":\"https:\/\/tourtravelandmore.com\/wp-content\/uploads\/2016\/10\/madrid-private-transfer.png\",\"datePublished\":\"2025-01-20T15:50:00+00:00\",\"dateModified\":\"2025-01-20T16:31:21+00:00\",\"description\":\"Moyen confortable d'arriver \u00e0 votre destination finale \u00e0 Split. V\u00e9hicule de luxe priv\u00e9 avec chauffeur pour vous amener rapidement et confortablement \u00e0 votre emplacement.\",\"breadcrumb\":{\"@id\":\"https:\/\/tourtravelandmore.com\/fr\/tours\/croacia-fr-fr\/split-fr\/transferts-prives-a-split-de-vers-le-port-de-croisiere-copy\/#breadcrumb\"},\"inLanguage\":\"fr-FR\",\"potentialAction\":[{\"@type\":\"ReadAction\",\"target\":[\"https:\/\/tourtravelandmore.com\/fr\/tours\/croacia-fr-fr\/split-fr\/transferts-prives-a-split-de-vers-le-port-de-croisiere-copy\/\"]}]},{\"@type\":\"ImageObject\",\"inLanguage\":\"fr-FR\",\"@id\":\"https:\/\/tourtravelandmore.com\/fr\/tours\/croacia-fr-fr\/split-fr\/transferts-prives-a-split-de-vers-le-port-de-croisiere-copy\/#primaryimage\",\"url\":\"https:\/\/tourtravelandmore.com\/wp-content\/uploads\/2016\/10\/madrid-private-transfer.png\",\"contentUrl\":\"https:\/\/tourtravelandmore.com\/wp-content\/uploads\/2016\/10\/madrid-private-transfer.png\",\"width\":640,\"height\":425,\"caption\":\"Private Transfer\"},{\"@type\":\"BreadcrumbList\",\"@id\":\"https:\/\/tourtravelandmore.com\/fr\/tours\/croacia-fr-fr\/split-fr\/transferts-prives-a-split-de-vers-le-port-de-croisiere-copy\/#breadcrumb\",\"itemListElement\":[{\"@type\":\"ListItem\",\"position\":1,\"name\":\"Home\",\"item\":\"https:\/\/tourtravelandmore.com\/fr\/\"},{\"@type\":\"ListItem\",\"position\":2,\"name\":\"Tours\",\"item\":\"https:\/\/tourtravelandmore.com\/fr\/tours\/\"},{\"@type\":\"ListItem\",\"position\":3,\"name\":\"Transfert priv\u00e9 depuis\/vers Dubrovnik vers\/depuis Split\"}]},{\"@type\":\"WebSite\",\"@id\":\"https:\/\/tourtravelandmore.com\/fr\/#website\",\"url\":\"https:\/\/tourtravelandmore.com\/fr\/\",\"name\":\"Tour Travel And More\",\"description\":\"Private sightseeing tours and luxury transfers in Spain\",\"publisher\":{\"@id\":\"https:\/\/tourtravelandmore.com\/fr\/#organization\"},\"potentialAction\":[{\"@type\":\"SearchAction\",\"target\":{\"@type\":\"EntryPoint\",\"urlTemplate\":\"https:\/\/tourtravelandmore.com\/fr\/?s={search_term_string}\"},\"query-input\":{\"@type\":\"PropertyValueSpecification\",\"valueRequired\":true,\"valueName\":\"search_term_string\"}}],\"inLanguage\":\"fr-FR\"},{\"@type\":\"Organization\",\"@id\":\"https:\/\/tourtravelandmore.com\/fr\/#organization\",\"name\":\"Tour Travel And More\",\"url\":\"https:\/\/tourtravelandmore.com\/fr\/\",\"logo\":{\"@type\":\"ImageObject\",\"inLanguage\":\"fr-FR\",\"@id\":\"https:\/\/tourtravelandmore.com\/fr\/#\/schema\/logo\/image\/\",\"url\":\"https:\/\/tourtravelandmore.com\/wp-content\/uploads\/2022\/12\/cropped-logo-cabecera-new.png\",\"contentUrl\":\"https:\/\/tourtravelandmore.com\/wp-content\/uploads\/2022\/12\/cropped-logo-cabecera-new.png\",\"width\":430,\"height\":61,\"caption\":\"Tour Travel And More\"},\"image\":{\"@id\":\"https:\/\/tourtravelandmore.com\/fr\/#\/schema\/logo\/image\/\"},\"sameAs\":[\"https:\/\/www.facebook.com\/tourtravelandmore\/\",\"https:\/\/x.com\/TourTravel_More\"]}]}<\/script>\n<!-- \/ Yoast SEO Premium plugin. -->","yoast_head_json":{"title":"Transferts priv\u00e9s de Split: transfert a\u00e9roport, h\u00f4tel, port de croisi\u00e8re ou gare routi\u00e8re","description":"Moyen confortable d'arriver \u00e0 votre destination finale \u00e0 Split. V\u00e9hicule de luxe priv\u00e9 avec chauffeur pour vous amener rapidement et confortablement \u00e0 votre emplacement.","robots":{"index":"index","follow":"follow","max-snippet":"max-snippet:-1","max-image-preview":"max-image-preview:large","max-video-preview":"max-video-preview:-1"},"canonical":"https:\/\/tourtravelandmore.com\/fr\/tours\/croacia-fr-fr\/split-fr\/transferts-prives-a-split-de-vers-le-port-de-croisiere-copy\/","og_locale":"fr_FR","og_type":"article","og_title":"Transfert priv\u00e9 depuis\/vers Dubrovnik vers\/depuis Split","og_description":"Moyen confortable d'arriver \u00e0 votre destination finale \u00e0 Split. V\u00e9hicule de luxe priv\u00e9 avec chauffeur pour vous amener rapidement et confortablement \u00e0 votre emplacement.","og_url":"https:\/\/tourtravelandmore.com\/fr\/tours\/croacia-fr-fr\/split-fr\/transferts-prives-a-split-de-vers-le-port-de-croisiere-copy\/","og_site_name":"Tour Travel And More","article_publisher":"https:\/\/www.facebook.com\/tourtravelandmore\/","article_modified_time":"2025-01-20T16:31:21+00:00","og_image":[{"width":640,"height":425,"url":"https:\/\/tourtravelandmore.com\/wp-content\/uploads\/2016\/10\/madrid-private-transfer.png","type":"image\/png"}],"twitter_card":"summary_large_image","twitter_site":"@TourTravel_More","twitter_misc":{"Dur\u00e9e de lecture estim\u00e9e":"2 minutes"},"schema":{"@context":"https:\/\/schema.org","@graph":[{"@type":"WebPage","@id":"https:\/\/tourtravelandmore.com\/fr\/tours\/croacia-fr-fr\/split-fr\/transferts-prives-a-split-de-vers-le-port-de-croisiere-copy\/","url":"https:\/\/tourtravelandmore.com\/fr\/tours\/croacia-fr-fr\/split-fr\/transferts-prives-a-split-de-vers-le-port-de-croisiere-copy\/","name":"Transferts priv\u00e9s de Split: transfert a\u00e9roport, h\u00f4tel, port de croisi\u00e8re ou gare routi\u00e8re","isPartOf":{"@id":"https:\/\/tourtravelandmore.com\/fr\/#website"},"primaryImageOfPage":{"@id":"https:\/\/tourtravelandmore.com\/fr\/tours\/croacia-fr-fr\/split-fr\/transferts-prives-a-split-de-vers-le-port-de-croisiere-copy\/#primaryimage"},"image":{"@id":"https:\/\/tourtravelandmore.com\/fr\/tours\/croacia-fr-fr\/split-fr\/transferts-prives-a-split-de-vers-le-port-de-croisiere-copy\/#primaryimage"},"thumbnailUrl":"https:\/\/tourtravelandmore.com\/wp-content\/uploads\/2016\/10\/madrid-private-transfer.png","datePublished":"2025-01-20T15:50:00+00:00","dateModified":"2025-01-20T16:31:21+00:00","description":"Moyen confortable d'arriver \u00e0 votre destination finale \u00e0 Split. V\u00e9hicule de luxe priv\u00e9 avec chauffeur pour vous amener rapidement et confortablement \u00e0 votre emplacement.","breadcrumb":{"@id":"https:\/\/tourtravelandmore.com\/fr\/tours\/croacia-fr-fr\/split-fr\/transferts-prives-a-split-de-vers-le-port-de-croisiere-copy\/#breadcrumb"},"inLanguage":"fr-FR","potentialAction":[{"@type":"ReadAction","target":["https:\/\/tourtravelandmore.com\/fr\/tours\/croacia-fr-fr\/split-fr\/transferts-prives-a-split-de-vers-le-port-de-croisiere-copy\/"]}]},{"@type":"ImageObject","inLanguage":"fr-FR","@id":"https:\/\/tourtravelandmore.com\/fr\/tours\/croacia-fr-fr\/split-fr\/transferts-prives-a-split-de-vers-le-port-de-croisiere-copy\/#primaryimage","url":"https:\/\/tourtravelandmore.com\/wp-content\/uploads\/2016\/10\/madrid-private-transfer.png","contentUrl":"https:\/\/tourtravelandmore.com\/wp-content\/uploads\/2016\/10\/madrid-private-transfer.png","width":640,"height":425,"caption":"Private Transfer"},{"@type":"BreadcrumbList","@id":"https:\/\/tourtravelandmore.com\/fr\/tours\/croacia-fr-fr\/split-fr\/transferts-prives-a-split-de-vers-le-port-de-croisiere-copy\/#breadcrumb","itemListElement":[{"@type":"ListItem","position":1,"name":"Home","item":"https:\/\/tourtravelandmore.com\/fr\/"},{"@type":"ListItem","position":2,"name":"Tours","item":"https:\/\/tourtravelandmore.com\/fr\/tours\/"},{"@type":"ListItem","position":3,"name":"Transfert priv\u00e9 depuis\/vers Dubrovnik vers\/depuis Split"}]},{"@type":"WebSite","@id":"https:\/\/tourtravelandmore.com\/fr\/#website","url":"https:\/\/tourtravelandmore.com\/fr\/","name":"Tour Travel And More","description":"Private sightseeing tours and luxury transfers in Spain","publisher":{"@id":"https:\/\/tourtravelandmore.com\/fr\/#organization"},"potentialAction":[{"@type":"SearchAction","target":{"@type":"EntryPoint","urlTemplate":"https:\/\/tourtravelandmore.com\/fr\/?s={search_term_string}"},"query-input":{"@type":"PropertyValueSpecification","valueRequired":true,"valueName":"search_term_string"}}],"inLanguage":"fr-FR"},{"@type":"Organization","@id":"https:\/\/tourtravelandmore.com\/fr\/#organization","name":"Tour Travel And More","url":"https:\/\/tourtravelandmore.com\/fr\/","logo":{"@type":"ImageObject","inLanguage":"fr-FR","@id":"https:\/\/tourtravelandmore.com\/fr\/#\/schema\/logo\/image\/","url":"https:\/\/tourtravelandmore.com\/wp-content\/uploads\/2022\/12\/cropped-logo-cabecera-new.png","contentUrl":"https:\/\/tourtravelandmore.com\/wp-content\/uploads\/2022\/12\/cropped-logo-cabecera-new.png","width":430,"height":61,"caption":"Tour Travel And More"},"image":{"@id":"https:\/\/tourtravelandmore.com\/fr\/#\/schema\/logo\/image\/"},"sameAs":["https:\/\/www.facebook.com\/tourtravelandmore\/","https:\/\/x.com\/TourTravel_More"]}]}},"_links":{"self":[{"href":"https:\/\/tourtravelandmore.com\/fr\/wp-json\/wp\/v2\/product\/179429","targetHints":{"allow":["GET"]}}],"collection":[{"href":"https:\/\/tourtravelandmore.com\/fr\/wp-json\/wp\/v2\/product"}],"about":[{"href":"https:\/\/tourtravelandmore.com\/fr\/wp-json\/wp\/v2\/types\/product"}],"replies":[{"embeddable":true,"href":"https:\/\/tourtravelandmore.com\/fr\/wp-json\/wp\/v2\/comments?post=179429"}],"wp:featuredmedia":[{"embeddable":true,"href":"https:\/\/tourtravelandmore.com\/fr\/wp-json\/wp\/v2\/media\/93967"}],"wp:attachment":[{"href":"https:\/\/tourtravelandmore.com\/fr\/wp-json\/wp\/v2\/media?parent=179429"}],"wp:term":[{"taxonomy":"product_brand","embeddable":true,"href":"https:\/\/tourtravelandmore.com\/fr\/wp-json\/wp\/v2\/product_brand?post=179429"},{"taxonomy":"product_cat","embeddable":true,"href":"https:\/\/tourtravelandmore.com\/fr\/wp-json\/wp\/v2\/product_cat?post=179429"},{"taxonomy":"product_tag","embeddable":true,"href":"https:\/\/tourtravelandmore.com\/fr\/wp-json\/wp\/v2\/product_tag?post=179429"}],"curies":[{"name":"wp","href":"https:\/\/api.w.org\/{rel}","templated":true}]}}