{"id":179376,"date":"2025-01-20T16:03:20","date_gmt":"2025-01-20T15:03:27","guid":{"rendered":"https:\/\/tourtravelandmore.com\/?post_type=product&#038;p=179376"},"modified":"2025-01-20T16:34:55","modified_gmt":"2025-01-20T15:34:55","slug":"visite-privee-de-trogir-et-split-copy","status":"publish","type":"product","link":"https:\/\/tourtravelandmore.com\/fr\/tours\/croacia-fr-fr\/split-fr\/visite-privee-de-trogir-et-split-copy\/","title":{"rendered":"Visite priv\u00e9e de Trogir et Klis"},"content":{"rendered":"<h2><b><strong>Visite priv\u00e9e de Trogir et Klis Description<\/strong><\/b><\/h2>\n<p>D\u00e9couvrez deux des sites historiques les plus enchanteurs de Croatie lors de cette visite priv\u00e9e de 4 heures au d\u00e9part de Split. Profitez du confort d&#8217;un v\u00e9hicule priv\u00e9 et de l&#8217;expertise d&#8217;un guide professionnel pour explorer la ville de Trogir, class\u00e9e \u00e0 l&#8217;UNESCO, et la spectaculaire forteresse de Klis.<\/p>\n<p>Cette visite priv\u00e9e de Trogir et de Klis vous permettra de visiter les vieilles villes et d&#8217;admirer leur architecture unique.<\/p>\n<p>Votre <b><strong>chauffeur priv\u00e9<\/strong><\/b> et votre guide officiel seront \u00e0 votre enti\u00e8re disposition pendant toute la dur\u00e9e de l&#8217;excursion. Voici un exemple de circuit de 4 heures, mais comme il s&#8217;agit d&#8217;une exp\u00e9rience priv\u00e9e, vous pourrez personnaliser n&#8217;importe quelle partie du voyage.<\/p>\n<p>Embarquez pour ce voyage captivant \u00e0 la d\u00e9couverte de l&#8217;histoire et de la beaut\u00e9 de Trogir et de Klis, et profitez au maximum de votre temps \u00e0 Split gr\u00e2ce \u00e0 une exp\u00e9rience de 4 heures parfaitement adapt\u00e9e.<\/p>\n<h2><b><strong>Visite priv\u00e9e de Trogir et Klis| Points d&#8217;int\u00e9r\u00eat et sites touristiques<\/strong><\/b><\/h2>\n<p>Votre voyage commence par un court trajet en voiture jusqu&#8217;\u00e0 Trogir, une charmante ville m\u00e9di\u00e9vale nich\u00e9e sur une petite \u00eele. Promenez-vous dans ses rues \u00e9troites et admirez son \u00e9tonnante architecture romane, Renaissance et baroque. L&#8217;impressionnante cath\u00e9drale Saint-Laurent et la forteresse de Kamerlengo figurent parmi les points forts de la ville. Avec votre guide, d\u00e9couvrez l&#8217;histoire et l&#8217;importance culturelle de ce joyau bien pr\u00e9serv\u00e9.<\/p>\n<p>Continuez ensuite vers la forteresse de Klis, une forteresse imposante perch\u00e9e au sommet d&#8217;une colline. Connue pour son importance strat\u00e9gique tout au long de l&#8217;histoire et sa r\u00e9cente c\u00e9l\u00e9brit\u00e9 en tant que lieu de tournage de <em>Game of Thrones<\/em>, la forteresse offre des vues panoramiques \u00e0 couper le souffle sur le paysage environnant. D\u00e9couvrez son r\u00f4le dans la d\u00e9fense de la r\u00e9gion et plongez-vous dans les histoires fascinantes de son pass\u00e9.<\/p>\n<ul>\n<li><b><strong>Visite priv\u00e9e avec un guide professionnel :<\/strong><\/b> Profitez d&#8217;une attention personnalis\u00e9e et d&#8217;un aper\u00e7u sur mesure de l&#8217;histoire et de la culture de la r\u00e9gion.<\/li>\n<li><b><strong>Trogir :<\/strong><\/b> Explorez les rues pittoresques de ce site class\u00e9 au patrimoine mondial de l&#8217;UNESCO, connu pour son charme m\u00e9di\u00e9val et sa beaut\u00e9 architecturale.<\/li>\n<li><b><strong>Forteresse de Klis :<\/strong><\/b> Visitez cette forteresse embl\u00e9matique situ\u00e9e au sommet d&#8217;une colline, c\u00e9l\u00e8bre pour son importance historique et ses vues imprenables.<\/li>\n<li><b><strong>Transport confortable :<\/strong><\/b> Voyagez dans un v\u00e9hicule priv\u00e9, pour une exp\u00e9rience pratique et sans stress.<\/li>\n<li><b><strong>Droits d&#8217;entr\u00e9e inclus :<\/strong><\/b> Acc\u00e9dez \u00e0 la forteresse de Klis sans frais suppl\u00e9mentaires.<\/li>\n<\/ul>\n<p>Cette excursion priv\u00e9e comprend le transport aller-retour depuis Split, les services d&#8217;un guide professionnel et les billets d&#8217;entr\u00e9e \u00e0 la forteresse de Klis, garantissant une exp\u00e9rience transparente et enrichissante.<\/p>\n<p>Enfin, votre chauffeur priv\u00e9 et votre guide officiel vous ram\u00e8neront \u00e0 votre point de d\u00e9part \u00e0 Split.<\/p>\n<p>Si vous ne souhaitez qu&#8217;une courte visite de Split, veuillez jeter un coup d&#8217;\u0153il \u00e0 <a href=\"https:\/\/tourtravelandmore.com\/tours\/croatia-en\/split\/private-walking-tour-of-split\/\">notre visite priv\u00e9e \u00e0 pied de Split<\/a>.<\/p>\n","protected":false},"excerpt":{"rendered":"<p>D\u00e9couvrez deux des sites historiques les plus enchanteurs de Croatie lors de cette visite priv\u00e9e de 4 heures au d\u00e9part de Split. Profitez du confort d&#8217;un v\u00e9hicule priv\u00e9 et de l&#8217;expertise d&#8217;un guide professionnel pour explorer la ville de Trogir, class\u00e9e \u00e0 l&#8217;UNESCO, et la spectaculaire forteresse de Klis.<\/p>\n","protected":false},"featured_media":179386,"comment_status":"open","ping_status":"closed","template":"","meta":{"_acf_changed":false},"product_brand":[],"product_cat":[5454,5456,5455,3785],"product_tag":[],"class_list":{"0":"post-179376","1":"product","2":"type-product","3":"status-publish","4":"has-post-thumbnail","6":"product_cat-all-private-tours-and-activities-fr-11","7":"product_cat-private-shore-excursions-fr-15","8":"product_cat-private-sightseeing-tours-fr-43","9":"product_cat-split-fr","11":"first","12":"instock","13":"shipping-taxable","14":"purchasable","15":"product-type-simple"},"acf":[],"yoast_head":"<!-- This site is optimized with the Yoast SEO Premium plugin v25.3.1 (Yoast SEO v25.3.1) - https:\/\/yoast.com\/wordpress\/plugins\/seo\/ -->\n<title>Visite priv\u00e9e de Trogir et Klis | Tour Travel and More<\/title>\n<meta name=\"description\" content=\"Profitez de cette visite priv\u00e9e d&#039;une demi-journ\u00e9e de Trogir et de Klis confortablement dans votre v\u00e9hicule de luxe priv\u00e9. Visitez la vieille ville de Split et une ville insulaire de l&#039;UNESCO.\" \/>\n<meta name=\"robots\" content=\"index, follow, max-snippet:-1, max-image-preview:large, max-video-preview:-1\" \/>\n<link rel=\"canonical\" href=\"https:\/\/tourtravelandmore.com\/fr\/tours\/croacia-fr-fr\/split-fr\/visite-privee-de-trogir-et-split-copy\/\" \/>\n<meta property=\"og:locale\" content=\"fr_FR\" \/>\n<meta property=\"og:type\" content=\"article\" \/>\n<meta property=\"og:title\" content=\"Visite priv\u00e9e de Trogir et Klis\" \/>\n<meta property=\"og:description\" content=\"Profitez de cette visite priv\u00e9e d&#039;une demi-journ\u00e9e de Trogir et de Klis confortablement dans votre v\u00e9hicule de luxe priv\u00e9. Visitez la vieille ville de Split et une ville insulaire de l&#039;UNESCO.\" \/>\n<meta property=\"og:url\" content=\"https:\/\/tourtravelandmore.com\/fr\/tours\/croacia-fr-fr\/split-fr\/visite-privee-de-trogir-et-split-copy\/\" \/>\n<meta property=\"og:site_name\" content=\"Tour Travel And More\" \/>\n<meta property=\"article:publisher\" content=\"https:\/\/www.facebook.com\/tourtravelandmore\/\" \/>\n<meta property=\"article:modified_time\" content=\"2025-01-20T15:34:55+00:00\" \/>\n<meta property=\"og:image\" content=\"https:\/\/tourtravelandmore.com\/wp-content\/uploads\/2025\/01\/pexels-sergei-20412630.jpg\" \/>\n\t<meta property=\"og:image:width\" content=\"1280\" \/>\n\t<meta property=\"og:image:height\" content=\"960\" \/>\n\t<meta property=\"og:image:type\" content=\"image\/jpeg\" \/>\n<meta name=\"twitter:card\" content=\"summary_large_image\" \/>\n<meta name=\"twitter:site\" content=\"@TourTravel_More\" \/>\n<meta name=\"twitter:label1\" content=\"Dur\u00e9e de lecture estim\u00e9e\" \/>\n\t<meta name=\"twitter:data1\" content=\"3 minutes\" \/>\n<script type=\"application\/ld+json\" class=\"yoast-schema-graph\">{\"@context\":\"https:\/\/schema.org\",\"@graph\":[{\"@type\":\"WebPage\",\"@id\":\"https:\/\/tourtravelandmore.com\/fr\/tours\/croacia-fr-fr\/split-fr\/visite-privee-de-trogir-et-split-copy\/\",\"url\":\"https:\/\/tourtravelandmore.com\/fr\/tours\/croacia-fr-fr\/split-fr\/visite-privee-de-trogir-et-split-copy\/\",\"name\":\"Visite priv\u00e9e de Trogir et Klis | Tour Travel and More\",\"isPartOf\":{\"@id\":\"https:\/\/tourtravelandmore.com\/fr\/#website\"},\"primaryImageOfPage\":{\"@id\":\"https:\/\/tourtravelandmore.com\/fr\/tours\/croacia-fr-fr\/split-fr\/visite-privee-de-trogir-et-split-copy\/#primaryimage\"},\"image\":{\"@id\":\"https:\/\/tourtravelandmore.com\/fr\/tours\/croacia-fr-fr\/split-fr\/visite-privee-de-trogir-et-split-copy\/#primaryimage\"},\"thumbnailUrl\":\"https:\/\/tourtravelandmore.com\/wp-content\/uploads\/2025\/01\/pexels-sergei-20412630.jpg\",\"datePublished\":\"2025-01-20T15:03:27+00:00\",\"dateModified\":\"2025-01-20T15:34:55+00:00\",\"description\":\"Profitez de cette visite priv\u00e9e d'une demi-journ\u00e9e de Trogir et de Klis confortablement dans votre v\u00e9hicule de luxe priv\u00e9. Visitez la vieille ville de Split et une ville insulaire de l'UNESCO.\",\"breadcrumb\":{\"@id\":\"https:\/\/tourtravelandmore.com\/fr\/tours\/croacia-fr-fr\/split-fr\/visite-privee-de-trogir-et-split-copy\/#breadcrumb\"},\"inLanguage\":\"fr-FR\",\"potentialAction\":[{\"@type\":\"ReadAction\",\"target\":[\"https:\/\/tourtravelandmore.com\/fr\/tours\/croacia-fr-fr\/split-fr\/visite-privee-de-trogir-et-split-copy\/\"]}]},{\"@type\":\"ImageObject\",\"inLanguage\":\"fr-FR\",\"@id\":\"https:\/\/tourtravelandmore.com\/fr\/tours\/croacia-fr-fr\/split-fr\/visite-privee-de-trogir-et-split-copy\/#primaryimage\",\"url\":\"https:\/\/tourtravelandmore.com\/wp-content\/uploads\/2025\/01\/pexels-sergei-20412630.jpg\",\"contentUrl\":\"https:\/\/tourtravelandmore.com\/wp-content\/uploads\/2025\/01\/pexels-sergei-20412630.jpg\",\"width\":1280,\"height\":960},{\"@type\":\"BreadcrumbList\",\"@id\":\"https:\/\/tourtravelandmore.com\/fr\/tours\/croacia-fr-fr\/split-fr\/visite-privee-de-trogir-et-split-copy\/#breadcrumb\",\"itemListElement\":[{\"@type\":\"ListItem\",\"position\":1,\"name\":\"Home\",\"item\":\"https:\/\/tourtravelandmore.com\/fr\/\"},{\"@type\":\"ListItem\",\"position\":2,\"name\":\"Tours\",\"item\":\"https:\/\/tourtravelandmore.com\/fr\/tours\/\"},{\"@type\":\"ListItem\",\"position\":3,\"name\":\"Visite priv\u00e9e de Trogir et Klis\"}]},{\"@type\":\"WebSite\",\"@id\":\"https:\/\/tourtravelandmore.com\/fr\/#website\",\"url\":\"https:\/\/tourtravelandmore.com\/fr\/\",\"name\":\"Tour Travel And More\",\"description\":\"Private sightseeing tours and luxury transfers in Spain\",\"publisher\":{\"@id\":\"https:\/\/tourtravelandmore.com\/fr\/#organization\"},\"potentialAction\":[{\"@type\":\"SearchAction\",\"target\":{\"@type\":\"EntryPoint\",\"urlTemplate\":\"https:\/\/tourtravelandmore.com\/fr\/?s={search_term_string}\"},\"query-input\":{\"@type\":\"PropertyValueSpecification\",\"valueRequired\":true,\"valueName\":\"search_term_string\"}}],\"inLanguage\":\"fr-FR\"},{\"@type\":\"Organization\",\"@id\":\"https:\/\/tourtravelandmore.com\/fr\/#organization\",\"name\":\"Tour Travel And More\",\"url\":\"https:\/\/tourtravelandmore.com\/fr\/\",\"logo\":{\"@type\":\"ImageObject\",\"inLanguage\":\"fr-FR\",\"@id\":\"https:\/\/tourtravelandmore.com\/fr\/#\/schema\/logo\/image\/\",\"url\":\"https:\/\/tourtravelandmore.com\/wp-content\/uploads\/2022\/12\/cropped-logo-cabecera-new.png\",\"contentUrl\":\"https:\/\/tourtravelandmore.com\/wp-content\/uploads\/2022\/12\/cropped-logo-cabecera-new.png\",\"width\":430,\"height\":61,\"caption\":\"Tour Travel And More\"},\"image\":{\"@id\":\"https:\/\/tourtravelandmore.com\/fr\/#\/schema\/logo\/image\/\"},\"sameAs\":[\"https:\/\/www.facebook.com\/tourtravelandmore\/\",\"https:\/\/x.com\/TourTravel_More\"]}]}<\/script>\n<!-- \/ Yoast SEO Premium plugin. -->","yoast_head_json":{"title":"Visite priv\u00e9e de Trogir et Klis | Tour Travel and More","description":"Profitez de cette visite priv\u00e9e d'une demi-journ\u00e9e de Trogir et de Klis confortablement dans votre v\u00e9hicule de luxe priv\u00e9. Visitez la vieille ville de Split et une ville insulaire de l'UNESCO.","robots":{"index":"index","follow":"follow","max-snippet":"max-snippet:-1","max-image-preview":"max-image-preview:large","max-video-preview":"max-video-preview:-1"},"canonical":"https:\/\/tourtravelandmore.com\/fr\/tours\/croacia-fr-fr\/split-fr\/visite-privee-de-trogir-et-split-copy\/","og_locale":"fr_FR","og_type":"article","og_title":"Visite priv\u00e9e de Trogir et Klis","og_description":"Profitez de cette visite priv\u00e9e d'une demi-journ\u00e9e de Trogir et de Klis confortablement dans votre v\u00e9hicule de luxe priv\u00e9. Visitez la vieille ville de Split et une ville insulaire de l'UNESCO.","og_url":"https:\/\/tourtravelandmore.com\/fr\/tours\/croacia-fr-fr\/split-fr\/visite-privee-de-trogir-et-split-copy\/","og_site_name":"Tour Travel And More","article_publisher":"https:\/\/www.facebook.com\/tourtravelandmore\/","article_modified_time":"2025-01-20T15:34:55+00:00","og_image":[{"width":1280,"height":960,"url":"https:\/\/tourtravelandmore.com\/wp-content\/uploads\/2025\/01\/pexels-sergei-20412630.jpg","type":"image\/jpeg"}],"twitter_card":"summary_large_image","twitter_site":"@TourTravel_More","twitter_misc":{"Dur\u00e9e de lecture estim\u00e9e":"3 minutes"},"schema":{"@context":"https:\/\/schema.org","@graph":[{"@type":"WebPage","@id":"https:\/\/tourtravelandmore.com\/fr\/tours\/croacia-fr-fr\/split-fr\/visite-privee-de-trogir-et-split-copy\/","url":"https:\/\/tourtravelandmore.com\/fr\/tours\/croacia-fr-fr\/split-fr\/visite-privee-de-trogir-et-split-copy\/","name":"Visite priv\u00e9e de Trogir et Klis | Tour Travel and More","isPartOf":{"@id":"https:\/\/tourtravelandmore.com\/fr\/#website"},"primaryImageOfPage":{"@id":"https:\/\/tourtravelandmore.com\/fr\/tours\/croacia-fr-fr\/split-fr\/visite-privee-de-trogir-et-split-copy\/#primaryimage"},"image":{"@id":"https:\/\/tourtravelandmore.com\/fr\/tours\/croacia-fr-fr\/split-fr\/visite-privee-de-trogir-et-split-copy\/#primaryimage"},"thumbnailUrl":"https:\/\/tourtravelandmore.com\/wp-content\/uploads\/2025\/01\/pexels-sergei-20412630.jpg","datePublished":"2025-01-20T15:03:27+00:00","dateModified":"2025-01-20T15:34:55+00:00","description":"Profitez de cette visite priv\u00e9e d'une demi-journ\u00e9e de Trogir et de Klis confortablement dans votre v\u00e9hicule de luxe priv\u00e9. Visitez la vieille ville de Split et une ville insulaire de l'UNESCO.","breadcrumb":{"@id":"https:\/\/tourtravelandmore.com\/fr\/tours\/croacia-fr-fr\/split-fr\/visite-privee-de-trogir-et-split-copy\/#breadcrumb"},"inLanguage":"fr-FR","potentialAction":[{"@type":"ReadAction","target":["https:\/\/tourtravelandmore.com\/fr\/tours\/croacia-fr-fr\/split-fr\/visite-privee-de-trogir-et-split-copy\/"]}]},{"@type":"ImageObject","inLanguage":"fr-FR","@id":"https:\/\/tourtravelandmore.com\/fr\/tours\/croacia-fr-fr\/split-fr\/visite-privee-de-trogir-et-split-copy\/#primaryimage","url":"https:\/\/tourtravelandmore.com\/wp-content\/uploads\/2025\/01\/pexels-sergei-20412630.jpg","contentUrl":"https:\/\/tourtravelandmore.com\/wp-content\/uploads\/2025\/01\/pexels-sergei-20412630.jpg","width":1280,"height":960},{"@type":"BreadcrumbList","@id":"https:\/\/tourtravelandmore.com\/fr\/tours\/croacia-fr-fr\/split-fr\/visite-privee-de-trogir-et-split-copy\/#breadcrumb","itemListElement":[{"@type":"ListItem","position":1,"name":"Home","item":"https:\/\/tourtravelandmore.com\/fr\/"},{"@type":"ListItem","position":2,"name":"Tours","item":"https:\/\/tourtravelandmore.com\/fr\/tours\/"},{"@type":"ListItem","position":3,"name":"Visite priv\u00e9e de Trogir et Klis"}]},{"@type":"WebSite","@id":"https:\/\/tourtravelandmore.com\/fr\/#website","url":"https:\/\/tourtravelandmore.com\/fr\/","name":"Tour Travel And More","description":"Private sightseeing tours and luxury transfers in Spain","publisher":{"@id":"https:\/\/tourtravelandmore.com\/fr\/#organization"},"potentialAction":[{"@type":"SearchAction","target":{"@type":"EntryPoint","urlTemplate":"https:\/\/tourtravelandmore.com\/fr\/?s={search_term_string}"},"query-input":{"@type":"PropertyValueSpecification","valueRequired":true,"valueName":"search_term_string"}}],"inLanguage":"fr-FR"},{"@type":"Organization","@id":"https:\/\/tourtravelandmore.com\/fr\/#organization","name":"Tour Travel And More","url":"https:\/\/tourtravelandmore.com\/fr\/","logo":{"@type":"ImageObject","inLanguage":"fr-FR","@id":"https:\/\/tourtravelandmore.com\/fr\/#\/schema\/logo\/image\/","url":"https:\/\/tourtravelandmore.com\/wp-content\/uploads\/2022\/12\/cropped-logo-cabecera-new.png","contentUrl":"https:\/\/tourtravelandmore.com\/wp-content\/uploads\/2022\/12\/cropped-logo-cabecera-new.png","width":430,"height":61,"caption":"Tour Travel And More"},"image":{"@id":"https:\/\/tourtravelandmore.com\/fr\/#\/schema\/logo\/image\/"},"sameAs":["https:\/\/www.facebook.com\/tourtravelandmore\/","https:\/\/x.com\/TourTravel_More"]}]}},"_links":{"self":[{"href":"https:\/\/tourtravelandmore.com\/fr\/wp-json\/wp\/v2\/product\/179376","targetHints":{"allow":["GET"]}}],"collection":[{"href":"https:\/\/tourtravelandmore.com\/fr\/wp-json\/wp\/v2\/product"}],"about":[{"href":"https:\/\/tourtravelandmore.com\/fr\/wp-json\/wp\/v2\/types\/product"}],"replies":[{"embeddable":true,"href":"https:\/\/tourtravelandmore.com\/fr\/wp-json\/wp\/v2\/comments?post=179376"}],"wp:featuredmedia":[{"embeddable":true,"href":"https:\/\/tourtravelandmore.com\/fr\/wp-json\/wp\/v2\/media\/179386"}],"wp:attachment":[{"href":"https:\/\/tourtravelandmore.com\/fr\/wp-json\/wp\/v2\/media?parent=179376"}],"wp:term":[{"taxonomy":"product_brand","embeddable":true,"href":"https:\/\/tourtravelandmore.com\/fr\/wp-json\/wp\/v2\/product_brand?post=179376"},{"taxonomy":"product_cat","embeddable":true,"href":"https:\/\/tourtravelandmore.com\/fr\/wp-json\/wp\/v2\/product_cat?post=179376"},{"taxonomy":"product_tag","embeddable":true,"href":"https:\/\/tourtravelandmore.com\/fr\/wp-json\/wp\/v2\/product_tag?post=179376"}],"curies":[{"name":"wp","href":"https:\/\/api.w.org\/{rel}","templated":true}]}}