{"id":179199,"date":"2024-12-20T19:59:03","date_gmt":"2024-12-20T18:59:10","guid":{"rendered":"https:\/\/tourtravelandmore.com\/?post_type=product&#038;p=179199"},"modified":"2025-05-06T21:06:11","modified_gmt":"2025-05-06T19:06:11","slug":"transferts-prives-de-dubrovnik-depuis-vers-nimporte-quel-endroit-copy-copy","status":"publish","type":"product","link":"https:\/\/tourtravelandmore.com\/fr\/tours\/croacia-fr-fr\/dubrovnik-fr\/transferts-prives-de-dubrovnik-depuis-vers-nimporte-quel-endroit-copy-copy\/","title":{"rendered":"Transferts priv\u00e9s \u00e0 Dubrovnik &#8211; de\/vers Kotor"},"content":{"rendered":"<h2><b><strong>Transferts priv\u00e9s \u00e0 Dubrovnik &#8211; de\/vers Kotor Description<\/strong><\/b><\/h2>\n<p>Profitez d&#8217;une exp\u00e9rience relaxante dans l&#8217;un de nos <b><strong>v\u00e9hicules priv\u00e9s de luxe <\/strong><\/b>avec nos<b><strong> transferts priv\u00e9s \u00e0 Dubrovnik<\/strong><\/b>. Nous vous offrons le moyen le plus rapide et le plus facile d&#8217;atteindre votre destination finale.<\/p>\n<p>Nous proposons <b><strong>tous les types de transferts,<\/strong><\/b> comme par exemple les transferts vers les <a href=\"https:\/\/www.airport-dubrovnik.hr\/\">a\u00e9roports<\/a>, les ports de croisi\u00e8re, les gares ou les transferts vers toute autre ville ou lieu proche.<\/p>\n<p>Profitez d&#8217;un transfert transparent, confortable et priv\u00e9 entre Dubrovnik et Kotor avec Tour Travel &amp; More. Que vous partiez de la ville historique de Dubrovnik ou que vous reveniez de la ville pittoresque de Kotor, notre service vous garantit un voyage en douceur et sans stress.<\/p>\n<p>Si vous arrivez au port de croisi\u00e8re de Dubrovnik, nous pouvons organiser un transfert priv\u00e9 vers Dubrovnik, ou nous avons aussi l&#8217;option d&#8217;une <a href=\"https:\/\/tourtravelandmore.com\/tours\/croatia-en\/dubrovnik-en-croacia-en-croacia-es-croacia-fr-fr\/private-walking-tour-of-the-old-town\/\">visite priv\u00e9e de Dubrovnik depuis le port de croisi\u00e8re<\/a>.<\/p>\n<h2><b><strong>Transferts priv\u00e9s \u00e0 Dubrovnik &#8211; de\/vers Kotor<\/strong><\/b><\/h2>\n<h2><b><strong>| Points d&#8217;int\u00e9r\u00eat et monuments<\/strong><\/b><\/h2>\n<p>Notre chauffeur exp\u00e9riment\u00e9 viendra vous chercher directement \u00e0 l&#8217;endroit de votre choix, qu&#8217;il s&#8217;agisse d&#8217;un h\u00f4tel, d&#8217;un port de croisi\u00e8re ou d&#8217;un a\u00e9roport, dans un v\u00e9hicule priv\u00e9 haut de gamme. Pendant le transfert, vous b\u00e9n\u00e9ficierez de vues panoramiques sur la magnifique c\u00f4te adriatique, et vous aurez l&#8217;occasion de vous d\u00e9tendre et de profiter de la beaut\u00e9 de la r\u00e9gion.<\/p>\n<p>Notre transfert priv\u00e9 offre la flexibilit\u00e9 n\u00e9cessaire pour s&#8217;adapter \u00e0 votre emploi du temps et \u00e0 vos besoins de voyage, vous permettant ainsi de profiter d&#8217;un voyage sp\u00e9cialement con\u00e7u pour vous. Laissez-nous nous occuper de la logistique pendant que vous vous d\u00e9tendez et profitez du voyage.<\/p>\n<ul>\n<li><b><strong>Transfert direct<\/strong><\/b>: Voyagez sans effort entre Dubrovnik et Split dans un v\u00e9hicule priv\u00e9.<\/li>\n<li><b><strong>Chauffeur professionnel<\/strong><\/b>: Profitez d&#8217;un trajet fluide et s\u00fbr avec un chauffeur anglophone comp\u00e9tent.<\/li>\n<li><b><strong>Confort et style<\/strong><\/b>: V\u00e9hicules modernes \u00e9quip\u00e9s pour votre confort et adapt\u00e9s \u00e0 toutes les tailles de groupe.<\/li>\n<li><b><strong>Route panoramique<\/strong><\/b>: Admirez la c\u00f4te dalmate \u00e0 couper le souffle pendant votre voyage.<\/li>\n<\/ul>\n<p>Si vous avez besoin d&#8217;un si\u00e8ge b\u00e9b\u00e9 ou d&#8217;un si\u00e8ge enfant, veuillez nous contacter avant votre vol ou votre croisi\u00e8re afin de l&#8217;organiser correctement.<\/p>\n","protected":false},"excerpt":{"rendered":"<p>Profitez de cette occasion pour profiter de ce moyen confortable pour vous rendre \u00e0 votre destination finale \u00e0 Dubrovnik. Vous disposerez de votre propre v\u00e9hicule de luxe priv\u00e9 avec chauffeur pour vous conduire rapidement et confortablement \u00e0 l&#8217;emplacement de votre choix. La prise en charge peut se faire \u00e0 l&#8217;h\u00f4tel, \u00e0 l&#8217;a\u00e9roport, au port de croisi\u00e8re ou au lieu de votre choix \u00e0 Dubrovnik ou \u00e0 proximit\u00e9 de la ville.<\/p>\n","protected":false},"featured_media":95809,"comment_status":"open","ping_status":"closed","template":"","meta":{"_acf_changed":false},"product_brand":[],"product_cat":[5451,3782],"product_tag":[],"class_list":{"0":"post-179199","1":"product","2":"type-product","3":"status-publish","4":"has-post-thumbnail","6":"product_cat-all-private-tours-activities-fr-35","7":"product_cat-dubrovnik-fr","9":"first","10":"instock","11":"shipping-taxable","12":"purchasable","13":"product-type-simple"},"acf":[],"yoast_head":"<!-- This site is optimized with the Yoast SEO Premium plugin v25.3.1 (Yoast SEO v25.3.1) - https:\/\/yoast.com\/wordpress\/plugins\/seo\/ -->\n<title>Transferts priv\u00e9s de Dubrovnik - Transfert a\u00e9roport, h\u00f4tel ou port de croisi\u00e8re<\/title>\n<meta name=\"description\" content=\"Moyen confortable d&#039;arriver \u00e0 votre destination finale \u00e0 Dubrovnik. V\u00e9hicule de luxe priv\u00e9 avec chauffeur pour vous amener rapidement et confortablement \u00e0 votre emplacement.\" \/>\n<meta name=\"robots\" content=\"index, follow, max-snippet:-1, max-image-preview:large, max-video-preview:-1\" \/>\n<link rel=\"canonical\" href=\"https:\/\/tourtravelandmore.com\/fr\/tours\/croacia-fr-fr\/dubrovnik-fr\/transferts-prives-de-dubrovnik-depuis-vers-nimporte-quel-endroit-copy-copy\/\" \/>\n<meta property=\"og:locale\" content=\"fr_FR\" \/>\n<meta property=\"og:type\" content=\"article\" \/>\n<meta property=\"og:title\" content=\"Transferts priv\u00e9s \u00e0 Dubrovnik - de\/vers Kotor\" \/>\n<meta property=\"og:description\" content=\"Moyen confortable d&#039;arriver \u00e0 votre destination finale \u00e0 Dubrovnik. V\u00e9hicule de luxe priv\u00e9 avec chauffeur pour vous amener rapidement et confortablement \u00e0 votre emplacement.\" \/>\n<meta property=\"og:url\" content=\"https:\/\/tourtravelandmore.com\/fr\/tours\/croacia-fr-fr\/dubrovnik-fr\/transferts-prives-de-dubrovnik-depuis-vers-nimporte-quel-endroit-copy-copy\/\" \/>\n<meta property=\"og:site_name\" content=\"Tour Travel And More\" \/>\n<meta property=\"article:publisher\" content=\"https:\/\/www.facebook.com\/tourtravelandmore\/\" \/>\n<meta property=\"article:modified_time\" content=\"2025-05-06T19:06:11+00:00\" \/>\n<meta property=\"og:image\" content=\"https:\/\/tourtravelandmore.com\/wp-content\/uploads\/2016\/11\/TrasladoAlicante-1.png\" \/>\n\t<meta property=\"og:image:width\" content=\"640\" \/>\n\t<meta property=\"og:image:height\" content=\"425\" \/>\n\t<meta property=\"og:image:type\" content=\"image\/png\" \/>\n<meta name=\"twitter:card\" content=\"summary_large_image\" \/>\n<meta name=\"twitter:site\" content=\"@TourTravel_More\" \/>\n<meta name=\"twitter:label1\" content=\"Dur\u00e9e de lecture estim\u00e9e\" \/>\n\t<meta name=\"twitter:data1\" content=\"2 minutes\" \/>\n<script type=\"application\/ld+json\" class=\"yoast-schema-graph\">{\"@context\":\"https:\/\/schema.org\",\"@graph\":[{\"@type\":\"WebPage\",\"@id\":\"https:\/\/tourtravelandmore.com\/fr\/tours\/croacia-fr-fr\/dubrovnik-fr\/transferts-prives-de-dubrovnik-depuis-vers-nimporte-quel-endroit-copy-copy\/\",\"url\":\"https:\/\/tourtravelandmore.com\/fr\/tours\/croacia-fr-fr\/dubrovnik-fr\/transferts-prives-de-dubrovnik-depuis-vers-nimporte-quel-endroit-copy-copy\/\",\"name\":\"Transferts priv\u00e9s de Dubrovnik - Transfert a\u00e9roport, h\u00f4tel ou port de croisi\u00e8re\",\"isPartOf\":{\"@id\":\"https:\/\/tourtravelandmore.com\/fr\/#website\"},\"primaryImageOfPage\":{\"@id\":\"https:\/\/tourtravelandmore.com\/fr\/tours\/croacia-fr-fr\/dubrovnik-fr\/transferts-prives-de-dubrovnik-depuis-vers-nimporte-quel-endroit-copy-copy\/#primaryimage\"},\"image\":{\"@id\":\"https:\/\/tourtravelandmore.com\/fr\/tours\/croacia-fr-fr\/dubrovnik-fr\/transferts-prives-de-dubrovnik-depuis-vers-nimporte-quel-endroit-copy-copy\/#primaryimage\"},\"thumbnailUrl\":\"https:\/\/tourtravelandmore.com\/wp-content\/uploads\/2016\/11\/TrasladoAlicante-1.png\",\"datePublished\":\"2024-12-20T18:59:10+00:00\",\"dateModified\":\"2025-05-06T19:06:11+00:00\",\"description\":\"Moyen confortable d'arriver \u00e0 votre destination finale \u00e0 Dubrovnik. V\u00e9hicule de luxe priv\u00e9 avec chauffeur pour vous amener rapidement et confortablement \u00e0 votre emplacement.\",\"breadcrumb\":{\"@id\":\"https:\/\/tourtravelandmore.com\/fr\/tours\/croacia-fr-fr\/dubrovnik-fr\/transferts-prives-de-dubrovnik-depuis-vers-nimporte-quel-endroit-copy-copy\/#breadcrumb\"},\"inLanguage\":\"fr-FR\",\"potentialAction\":[{\"@type\":\"ReadAction\",\"target\":[\"https:\/\/tourtravelandmore.com\/fr\/tours\/croacia-fr-fr\/dubrovnik-fr\/transferts-prives-de-dubrovnik-depuis-vers-nimporte-quel-endroit-copy-copy\/\"]}]},{\"@type\":\"ImageObject\",\"inLanguage\":\"fr-FR\",\"@id\":\"https:\/\/tourtravelandmore.com\/fr\/tours\/croacia-fr-fr\/dubrovnik-fr\/transferts-prives-de-dubrovnik-depuis-vers-nimporte-quel-endroit-copy-copy\/#primaryimage\",\"url\":\"https:\/\/tourtravelandmore.com\/wp-content\/uploads\/2016\/11\/TrasladoAlicante-1.png\",\"contentUrl\":\"https:\/\/tourtravelandmore.com\/wp-content\/uploads\/2016\/11\/TrasladoAlicante-1.png\",\"width\":640,\"height\":425},{\"@type\":\"BreadcrumbList\",\"@id\":\"https:\/\/tourtravelandmore.com\/fr\/tours\/croacia-fr-fr\/dubrovnik-fr\/transferts-prives-de-dubrovnik-depuis-vers-nimporte-quel-endroit-copy-copy\/#breadcrumb\",\"itemListElement\":[{\"@type\":\"ListItem\",\"position\":1,\"name\":\"Home\",\"item\":\"https:\/\/tourtravelandmore.com\/fr\/\"},{\"@type\":\"ListItem\",\"position\":2,\"name\":\"Tours\",\"item\":\"https:\/\/tourtravelandmore.com\/fr\/tours\/\"},{\"@type\":\"ListItem\",\"position\":3,\"name\":\"Transferts priv\u00e9s \u00e0 Dubrovnik &#8211; de\/vers Kotor\"}]},{\"@type\":\"WebSite\",\"@id\":\"https:\/\/tourtravelandmore.com\/fr\/#website\",\"url\":\"https:\/\/tourtravelandmore.com\/fr\/\",\"name\":\"Tour Travel And More\",\"description\":\"Private sightseeing tours and luxury transfers in Spain\",\"publisher\":{\"@id\":\"https:\/\/tourtravelandmore.com\/fr\/#organization\"},\"potentialAction\":[{\"@type\":\"SearchAction\",\"target\":{\"@type\":\"EntryPoint\",\"urlTemplate\":\"https:\/\/tourtravelandmore.com\/fr\/?s={search_term_string}\"},\"query-input\":{\"@type\":\"PropertyValueSpecification\",\"valueRequired\":true,\"valueName\":\"search_term_string\"}}],\"inLanguage\":\"fr-FR\"},{\"@type\":\"Organization\",\"@id\":\"https:\/\/tourtravelandmore.com\/fr\/#organization\",\"name\":\"Tour Travel And More\",\"url\":\"https:\/\/tourtravelandmore.com\/fr\/\",\"logo\":{\"@type\":\"ImageObject\",\"inLanguage\":\"fr-FR\",\"@id\":\"https:\/\/tourtravelandmore.com\/fr\/#\/schema\/logo\/image\/\",\"url\":\"https:\/\/tourtravelandmore.com\/wp-content\/uploads\/2022\/12\/cropped-logo-cabecera-new.png\",\"contentUrl\":\"https:\/\/tourtravelandmore.com\/wp-content\/uploads\/2022\/12\/cropped-logo-cabecera-new.png\",\"width\":430,\"height\":61,\"caption\":\"Tour Travel And More\"},\"image\":{\"@id\":\"https:\/\/tourtravelandmore.com\/fr\/#\/schema\/logo\/image\/\"},\"sameAs\":[\"https:\/\/www.facebook.com\/tourtravelandmore\/\",\"https:\/\/x.com\/TourTravel_More\"]}]}<\/script>\n<!-- \/ Yoast SEO Premium plugin. -->","yoast_head_json":{"title":"Transferts priv\u00e9s de Dubrovnik - Transfert a\u00e9roport, h\u00f4tel ou port de croisi\u00e8re","description":"Moyen confortable d'arriver \u00e0 votre destination finale \u00e0 Dubrovnik. V\u00e9hicule de luxe priv\u00e9 avec chauffeur pour vous amener rapidement et confortablement \u00e0 votre emplacement.","robots":{"index":"index","follow":"follow","max-snippet":"max-snippet:-1","max-image-preview":"max-image-preview:large","max-video-preview":"max-video-preview:-1"},"canonical":"https:\/\/tourtravelandmore.com\/fr\/tours\/croacia-fr-fr\/dubrovnik-fr\/transferts-prives-de-dubrovnik-depuis-vers-nimporte-quel-endroit-copy-copy\/","og_locale":"fr_FR","og_type":"article","og_title":"Transferts priv\u00e9s \u00e0 Dubrovnik - de\/vers Kotor","og_description":"Moyen confortable d'arriver \u00e0 votre destination finale \u00e0 Dubrovnik. V\u00e9hicule de luxe priv\u00e9 avec chauffeur pour vous amener rapidement et confortablement \u00e0 votre emplacement.","og_url":"https:\/\/tourtravelandmore.com\/fr\/tours\/croacia-fr-fr\/dubrovnik-fr\/transferts-prives-de-dubrovnik-depuis-vers-nimporte-quel-endroit-copy-copy\/","og_site_name":"Tour Travel And More","article_publisher":"https:\/\/www.facebook.com\/tourtravelandmore\/","article_modified_time":"2025-05-06T19:06:11+00:00","og_image":[{"width":640,"height":425,"url":"https:\/\/tourtravelandmore.com\/wp-content\/uploads\/2016\/11\/TrasladoAlicante-1.png","type":"image\/png"}],"twitter_card":"summary_large_image","twitter_site":"@TourTravel_More","twitter_misc":{"Dur\u00e9e de lecture estim\u00e9e":"2 minutes"},"schema":{"@context":"https:\/\/schema.org","@graph":[{"@type":"WebPage","@id":"https:\/\/tourtravelandmore.com\/fr\/tours\/croacia-fr-fr\/dubrovnik-fr\/transferts-prives-de-dubrovnik-depuis-vers-nimporte-quel-endroit-copy-copy\/","url":"https:\/\/tourtravelandmore.com\/fr\/tours\/croacia-fr-fr\/dubrovnik-fr\/transferts-prives-de-dubrovnik-depuis-vers-nimporte-quel-endroit-copy-copy\/","name":"Transferts priv\u00e9s de Dubrovnik - Transfert a\u00e9roport, h\u00f4tel ou port de croisi\u00e8re","isPartOf":{"@id":"https:\/\/tourtravelandmore.com\/fr\/#website"},"primaryImageOfPage":{"@id":"https:\/\/tourtravelandmore.com\/fr\/tours\/croacia-fr-fr\/dubrovnik-fr\/transferts-prives-de-dubrovnik-depuis-vers-nimporte-quel-endroit-copy-copy\/#primaryimage"},"image":{"@id":"https:\/\/tourtravelandmore.com\/fr\/tours\/croacia-fr-fr\/dubrovnik-fr\/transferts-prives-de-dubrovnik-depuis-vers-nimporte-quel-endroit-copy-copy\/#primaryimage"},"thumbnailUrl":"https:\/\/tourtravelandmore.com\/wp-content\/uploads\/2016\/11\/TrasladoAlicante-1.png","datePublished":"2024-12-20T18:59:10+00:00","dateModified":"2025-05-06T19:06:11+00:00","description":"Moyen confortable d'arriver \u00e0 votre destination finale \u00e0 Dubrovnik. V\u00e9hicule de luxe priv\u00e9 avec chauffeur pour vous amener rapidement et confortablement \u00e0 votre emplacement.","breadcrumb":{"@id":"https:\/\/tourtravelandmore.com\/fr\/tours\/croacia-fr-fr\/dubrovnik-fr\/transferts-prives-de-dubrovnik-depuis-vers-nimporte-quel-endroit-copy-copy\/#breadcrumb"},"inLanguage":"fr-FR","potentialAction":[{"@type":"ReadAction","target":["https:\/\/tourtravelandmore.com\/fr\/tours\/croacia-fr-fr\/dubrovnik-fr\/transferts-prives-de-dubrovnik-depuis-vers-nimporte-quel-endroit-copy-copy\/"]}]},{"@type":"ImageObject","inLanguage":"fr-FR","@id":"https:\/\/tourtravelandmore.com\/fr\/tours\/croacia-fr-fr\/dubrovnik-fr\/transferts-prives-de-dubrovnik-depuis-vers-nimporte-quel-endroit-copy-copy\/#primaryimage","url":"https:\/\/tourtravelandmore.com\/wp-content\/uploads\/2016\/11\/TrasladoAlicante-1.png","contentUrl":"https:\/\/tourtravelandmore.com\/wp-content\/uploads\/2016\/11\/TrasladoAlicante-1.png","width":640,"height":425},{"@type":"BreadcrumbList","@id":"https:\/\/tourtravelandmore.com\/fr\/tours\/croacia-fr-fr\/dubrovnik-fr\/transferts-prives-de-dubrovnik-depuis-vers-nimporte-quel-endroit-copy-copy\/#breadcrumb","itemListElement":[{"@type":"ListItem","position":1,"name":"Home","item":"https:\/\/tourtravelandmore.com\/fr\/"},{"@type":"ListItem","position":2,"name":"Tours","item":"https:\/\/tourtravelandmore.com\/fr\/tours\/"},{"@type":"ListItem","position":3,"name":"Transferts priv\u00e9s \u00e0 Dubrovnik &#8211; de\/vers Kotor"}]},{"@type":"WebSite","@id":"https:\/\/tourtravelandmore.com\/fr\/#website","url":"https:\/\/tourtravelandmore.com\/fr\/","name":"Tour Travel And More","description":"Private sightseeing tours and luxury transfers in Spain","publisher":{"@id":"https:\/\/tourtravelandmore.com\/fr\/#organization"},"potentialAction":[{"@type":"SearchAction","target":{"@type":"EntryPoint","urlTemplate":"https:\/\/tourtravelandmore.com\/fr\/?s={search_term_string}"},"query-input":{"@type":"PropertyValueSpecification","valueRequired":true,"valueName":"search_term_string"}}],"inLanguage":"fr-FR"},{"@type":"Organization","@id":"https:\/\/tourtravelandmore.com\/fr\/#organization","name":"Tour Travel And More","url":"https:\/\/tourtravelandmore.com\/fr\/","logo":{"@type":"ImageObject","inLanguage":"fr-FR","@id":"https:\/\/tourtravelandmore.com\/fr\/#\/schema\/logo\/image\/","url":"https:\/\/tourtravelandmore.com\/wp-content\/uploads\/2022\/12\/cropped-logo-cabecera-new.png","contentUrl":"https:\/\/tourtravelandmore.com\/wp-content\/uploads\/2022\/12\/cropped-logo-cabecera-new.png","width":430,"height":61,"caption":"Tour Travel And More"},"image":{"@id":"https:\/\/tourtravelandmore.com\/fr\/#\/schema\/logo\/image\/"},"sameAs":["https:\/\/www.facebook.com\/tourtravelandmore\/","https:\/\/x.com\/TourTravel_More"]}]}},"_links":{"self":[{"href":"https:\/\/tourtravelandmore.com\/fr\/wp-json\/wp\/v2\/product\/179199","targetHints":{"allow":["GET"]}}],"collection":[{"href":"https:\/\/tourtravelandmore.com\/fr\/wp-json\/wp\/v2\/product"}],"about":[{"href":"https:\/\/tourtravelandmore.com\/fr\/wp-json\/wp\/v2\/types\/product"}],"replies":[{"embeddable":true,"href":"https:\/\/tourtravelandmore.com\/fr\/wp-json\/wp\/v2\/comments?post=179199"}],"wp:featuredmedia":[{"embeddable":true,"href":"https:\/\/tourtravelandmore.com\/fr\/wp-json\/wp\/v2\/media\/95809"}],"wp:attachment":[{"href":"https:\/\/tourtravelandmore.com\/fr\/wp-json\/wp\/v2\/media?parent=179199"}],"wp:term":[{"taxonomy":"product_brand","embeddable":true,"href":"https:\/\/tourtravelandmore.com\/fr\/wp-json\/wp\/v2\/product_brand?post=179199"},{"taxonomy":"product_cat","embeddable":true,"href":"https:\/\/tourtravelandmore.com\/fr\/wp-json\/wp\/v2\/product_cat?post=179199"},{"taxonomy":"product_tag","embeddable":true,"href":"https:\/\/tourtravelandmore.com\/fr\/wp-json\/wp\/v2\/product_tag?post=179199"}],"curies":[{"name":"wp","href":"https:\/\/api.w.org\/{rel}","templated":true}]}}