{"id":179148,"date":"2024-12-18T17:10:09","date_gmt":"2024-12-18T16:10:22","guid":{"rendered":"https:\/\/tourtravelandmore.com\/?post_type=product&#038;p=179148"},"modified":"2024-12-18T18:56:30","modified_gmt":"2024-12-18T17:56:30","slug":"visite-privee-a-pied-de-la-vieille-ville-de-dubrovnik-copy","status":"publish","type":"product","link":"https:\/\/tourtravelandmore.com\/fr\/tours\/croacia-fr-fr\/dubrovnik-fr\/visite-privee-a-pied-de-la-vieille-ville-de-dubrovnik-copy\/","title":{"rendered":"Excursion d&#8217;une demi-journ\u00e9e \u00e0 Cavtat, Srdj Hill et Dubrovnik au d\u00e9part de Dubrovnik"},"content":{"rendered":"<h2><b><strong>Excursion d&#8217;une demi-journ\u00e9e \u00e0 Cavtat, Srdj Hill et Dubrovnik au d\u00e9part de Dubrovnik Description<\/strong><\/b><\/h2>\n<p>Explorez les points forts de la r\u00e9gion de Dubrovnik gr\u00e2ce \u00e0 cette excursion priv\u00e9e d&#8217;une demi-journ\u00e9e, parfaitement adapt\u00e9e aux passagers d&#8217;une croisi\u00e8re. Commen\u00e7ant par une prise en charge pratique au port de croisi\u00e8re de Dubrovnik, cette visite de 4,5 heures offre un voyage sans faille \u00e0 travers les tr\u00e9sors naturels et culturels de la r\u00e9gion. Voyagez dans le confort avec un chauffeur professionnel et un guide local bien inform\u00e9 qui enrichira votre exp\u00e9rience avec des id\u00e9es et des histoires fascinantes.<\/p>\n<p>Cette visite est totalement priv\u00e9e et personnalis\u00e9e. Si vous le souhaitez, nous pouvons ajouter plus d&#8217;heures \u00e0 l&#8217;excursion. Si votre h\u00f4tel n&#8217;est pas situ\u00e9 au centre, nous pouvons \u00e9galement organiser un transfert priv\u00e9 avec chauffeur pour vous. Il vous suffit de nous contacter.<\/p>\n<p>Nous avons de nombreuses options de <a href=\"https:\/\/tourtravelandmore.com\/fr\/city\/croacia-fr-fr\/dubrovnik-en\/\">visites priv\u00e9es \u00e0 Dubrovnik et au d\u00e9part de Dubrovnik<\/a>, jetez-y un coup d&#8217;\u0153il !<\/p>\n<h2><b><strong>Excursion d&#8217;une demi-journ\u00e9e \u00e0 Cavtat, Srdj Hill et Dubrovnik au d\u00e9part de Dubrovnik | Points d&#8217;int\u00e9r\u00eat et sites touristiques<\/strong><\/b><\/h2>\n<p>L&#8217;aventure commence dans la pittoresque ville c\u00f4ti\u00e8re de Cavtat, un joyau de l&#8217;Adriatique connu pour sa beaut\u00e9 sereine et son charme historique. Promenez-vous le long de sa promenade idyllique, visitez les boutiques pittoresques ou profitez simplement de la vue imprenable sur la baie. Votre guide vous pr\u00e9sentera la riche histoire de la ville, notamment ses liens avec les Grecs et les Romains.<\/p>\n<p>Depuis Cavtat, l&#8217;excursion se poursuit jusqu&#8217;\u00e0 l&#8217;embl\u00e9matique colline de Srdj, qui offre des vues panoramiques sur Dubrovnik, la mer Adriatique et les \u00eeles voisines. Ce point d&#8217;observation est id\u00e9al pour prendre des photos inoubliables et appr\u00e9cier la beaut\u00e9 m\u00e9di\u00e9vale de la ville d&#8217;en haut. Votre guide vous expliquera l&#8217;importance de ce lieu, notamment son r\u00f4le pendant la guerre d&#8217;ind\u00e9pendance croate.<\/p>\n<ul>\n<li><b><strong>Prise en charge et retour au port de croisi\u00e8re<\/strong><\/b>: profitez d&#8217;une exp\u00e9rience sans tracas gr\u00e2ce \u00e0 des transferts en douceur.<\/li>\n<li><b><strong>Le charme c\u00f4tier de Cavtat<\/strong><\/b>: D\u00e9couvrez la beaut\u00e9 tranquille de Cavtat, avec son port pittoresque et sa riche histoire.<\/li>\n<li><b><strong>Vues panoramiques de la colline de Srdj<\/strong><\/b>: Admirez les vues \u00e0 couper le souffle de Dubrovnik et de la c\u00f4te adriatique.<\/li>\n<li><b><strong>Visite guid\u00e9e de la vieille ville de Dubrovnik<\/strong><\/b>: Explorez les monuments embl\u00e9matiques et les rues anim\u00e9es de ce site class\u00e9 au patrimoine mondial de l&#8217;UNESCO.<\/li>\n<li><b><strong>Chauffeur et guide professionnels<\/strong><\/b>: B\u00e9n\u00e9ficiez des services d&#8217;un guide local comp\u00e9tent et d&#8217;un chauffeur exp\u00e9riment\u00e9 pour 4,5 heures de service personnalis\u00e9.<\/li>\n<\/ul>\n<p>L&#8217;excursion se termine par une visite de la vieille ville de Dubrovnik, site class\u00e9 au patrimoine mondial de l&#8217;UNESCO et r\u00e9put\u00e9 pour ses remparts m\u00e9di\u00e9vaux bien pr\u00e9serv\u00e9s et son histoire passionnante. Promenez-vous dans les rues pav\u00e9es, admirez les merveilles architecturales comme le palais du recteur et l&#8217;\u00e9glise Saint-Blaise, et impr\u00e9gnez-vous de l&#8217;atmosph\u00e8re anim\u00e9e de ce tr\u00e9sor historique. Que vous choisissiez d&#8217;explorer les ruelles cach\u00e9es ou de savourer un caf\u00e9 dans un \u00e9tablissement local, la magie de Dubrovnik vous captivera.<\/p>\n<p>\u00c0 la fin de la visite, vous serez confortablement ramen\u00e9 au port de croisi\u00e8re de Dubrovnik, pour une excursion enrichissante et sans stress.<\/p>\n","protected":false},"excerpt":{"rendered":"<p>Explorez les points forts de la r\u00e9gion de Dubrovnik gr\u00e2ce \u00e0 cette excursion priv\u00e9e d&#8217;une demi-journ\u00e9e, parfaitement adapt\u00e9e aux passagers d&#8217;une croisi\u00e8re. Commen\u00e7ant par une prise en charge pratique au port de croisi\u00e8re de Dubrovnik, cette visite de 4,5 heures offre un voyage sans faille \u00e0 travers les tr\u00e9sors naturels et culturels de la r\u00e9gion. Voyagez dans le confort avec un chauffeur professionnel et un guide local bien inform\u00e9 qui enrichira votre exp\u00e9rience avec des id\u00e9es et des histoires fascinantes.<\/p>\n","protected":false},"featured_media":179158,"comment_status":"open","ping_status":"closed","template":"","meta":{"_acf_changed":false},"product_brand":[],"product_cat":[5451,5450,3782],"product_tag":[],"class_list":{"0":"post-179148","1":"product","2":"type-product","3":"status-publish","4":"has-post-thumbnail","6":"product_cat-all-private-tours-activities-fr-35","7":"product_cat-private-walking-tours-fr-22","8":"product_cat-dubrovnik-fr","10":"first","11":"instock","12":"shipping-taxable","13":"purchasable","14":"product-type-simple"},"acf":[],"yoast_head":"<!-- This site is optimized with the Yoast SEO Premium plugin v25.3.1 (Yoast SEO v25.3.1) - https:\/\/yoast.com\/wordpress\/plugins\/seo\/ -->\n<title>Excursion d&#039;une demi-journ\u00e9e \u00e0 Cavtat, Srdj Hill et Dubrovnik au d\u00e9part de Dubrovnik<\/title>\n<meta name=\"description\" content=\"Visite priv\u00e9e pour explorer la ville anim\u00e9e de Dubrovnik. Admirez ses monuments embl\u00e9matiques, ses parcs historiques, ses mus\u00e9es embl\u00e9matiques avec votre guide officiel.\" \/>\n<meta name=\"robots\" content=\"index, follow, max-snippet:-1, max-image-preview:large, max-video-preview:-1\" \/>\n<link rel=\"canonical\" href=\"https:\/\/tourtravelandmore.com\/fr\/tours\/croacia-fr-fr\/dubrovnik-fr\/visite-privee-a-pied-de-la-vieille-ville-de-dubrovnik-copy\/\" \/>\n<meta property=\"og:locale\" content=\"fr_FR\" \/>\n<meta property=\"og:type\" content=\"article\" \/>\n<meta property=\"og:title\" content=\"Excursion d&#039;une demi-journ\u00e9e \u00e0 Cavtat, Srdj Hill et Dubrovnik au d\u00e9part de Dubrovnik\" \/>\n<meta property=\"og:description\" content=\"Visite priv\u00e9e pour explorer la ville anim\u00e9e de Dubrovnik. Admirez ses monuments embl\u00e9matiques, ses parcs historiques, ses mus\u00e9es embl\u00e9matiques avec votre guide officiel.\" \/>\n<meta property=\"og:url\" content=\"https:\/\/tourtravelandmore.com\/fr\/tours\/croacia-fr-fr\/dubrovnik-fr\/visite-privee-a-pied-de-la-vieille-ville-de-dubrovnik-copy\/\" \/>\n<meta property=\"og:site_name\" content=\"Tour Travel And More\" \/>\n<meta property=\"article:publisher\" content=\"https:\/\/www.facebook.com\/tourtravelandmore\/\" \/>\n<meta property=\"article:modified_time\" content=\"2024-12-18T17:56:30+00:00\" \/>\n<meta property=\"og:image\" content=\"https:\/\/tourtravelandmore.com\/wp-content\/uploads\/2024\/12\/cavtat-995082_1280.jpg\" \/>\n\t<meta property=\"og:image:width\" content=\"1280\" \/>\n\t<meta property=\"og:image:height\" content=\"852\" \/>\n\t<meta property=\"og:image:type\" content=\"image\/jpeg\" \/>\n<meta name=\"twitter:card\" content=\"summary_large_image\" \/>\n<meta name=\"twitter:site\" content=\"@TourTravel_More\" \/>\n<meta name=\"twitter:label1\" content=\"Dur\u00e9e de lecture estim\u00e9e\" \/>\n\t<meta name=\"twitter:data1\" content=\"3 minutes\" \/>\n<script type=\"application\/ld+json\" class=\"yoast-schema-graph\">{\"@context\":\"https:\/\/schema.org\",\"@graph\":[{\"@type\":\"WebPage\",\"@id\":\"https:\/\/tourtravelandmore.com\/fr\/tours\/croacia-fr-fr\/dubrovnik-fr\/visite-privee-a-pied-de-la-vieille-ville-de-dubrovnik-copy\/\",\"url\":\"https:\/\/tourtravelandmore.com\/fr\/tours\/croacia-fr-fr\/dubrovnik-fr\/visite-privee-a-pied-de-la-vieille-ville-de-dubrovnik-copy\/\",\"name\":\"Excursion d'une demi-journ\u00e9e \u00e0 Cavtat, Srdj Hill et Dubrovnik au d\u00e9part de Dubrovnik\",\"isPartOf\":{\"@id\":\"https:\/\/tourtravelandmore.com\/fr\/#website\"},\"primaryImageOfPage\":{\"@id\":\"https:\/\/tourtravelandmore.com\/fr\/tours\/croacia-fr-fr\/dubrovnik-fr\/visite-privee-a-pied-de-la-vieille-ville-de-dubrovnik-copy\/#primaryimage\"},\"image\":{\"@id\":\"https:\/\/tourtravelandmore.com\/fr\/tours\/croacia-fr-fr\/dubrovnik-fr\/visite-privee-a-pied-de-la-vieille-ville-de-dubrovnik-copy\/#primaryimage\"},\"thumbnailUrl\":\"https:\/\/tourtravelandmore.com\/wp-content\/uploads\/2024\/12\/cavtat-995082_1280.jpg\",\"datePublished\":\"2024-12-18T16:10:22+00:00\",\"dateModified\":\"2024-12-18T17:56:30+00:00\",\"description\":\"Visite priv\u00e9e pour explorer la ville anim\u00e9e de Dubrovnik. Admirez ses monuments embl\u00e9matiques, ses parcs historiques, ses mus\u00e9es embl\u00e9matiques avec votre guide officiel.\",\"breadcrumb\":{\"@id\":\"https:\/\/tourtravelandmore.com\/fr\/tours\/croacia-fr-fr\/dubrovnik-fr\/visite-privee-a-pied-de-la-vieille-ville-de-dubrovnik-copy\/#breadcrumb\"},\"inLanguage\":\"fr-FR\",\"potentialAction\":[{\"@type\":\"ReadAction\",\"target\":[\"https:\/\/tourtravelandmore.com\/fr\/tours\/croacia-fr-fr\/dubrovnik-fr\/visite-privee-a-pied-de-la-vieille-ville-de-dubrovnik-copy\/\"]}]},{\"@type\":\"ImageObject\",\"inLanguage\":\"fr-FR\",\"@id\":\"https:\/\/tourtravelandmore.com\/fr\/tours\/croacia-fr-fr\/dubrovnik-fr\/visite-privee-a-pied-de-la-vieille-ville-de-dubrovnik-copy\/#primaryimage\",\"url\":\"https:\/\/tourtravelandmore.com\/wp-content\/uploads\/2024\/12\/cavtat-995082_1280.jpg\",\"contentUrl\":\"https:\/\/tourtravelandmore.com\/wp-content\/uploads\/2024\/12\/cavtat-995082_1280.jpg\",\"width\":1280,\"height\":852},{\"@type\":\"BreadcrumbList\",\"@id\":\"https:\/\/tourtravelandmore.com\/fr\/tours\/croacia-fr-fr\/dubrovnik-fr\/visite-privee-a-pied-de-la-vieille-ville-de-dubrovnik-copy\/#breadcrumb\",\"itemListElement\":[{\"@type\":\"ListItem\",\"position\":1,\"name\":\"Home\",\"item\":\"https:\/\/tourtravelandmore.com\/fr\/\"},{\"@type\":\"ListItem\",\"position\":2,\"name\":\"Tours\",\"item\":\"https:\/\/tourtravelandmore.com\/fr\/tours\/\"},{\"@type\":\"ListItem\",\"position\":3,\"name\":\"Excursion d&#8217;une demi-journ\u00e9e \u00e0 Cavtat, Srdj Hill et Dubrovnik au d\u00e9part de Dubrovnik\"}]},{\"@type\":\"WebSite\",\"@id\":\"https:\/\/tourtravelandmore.com\/fr\/#website\",\"url\":\"https:\/\/tourtravelandmore.com\/fr\/\",\"name\":\"Tour Travel And More\",\"description\":\"Private sightseeing tours and luxury transfers in Spain\",\"publisher\":{\"@id\":\"https:\/\/tourtravelandmore.com\/fr\/#organization\"},\"potentialAction\":[{\"@type\":\"SearchAction\",\"target\":{\"@type\":\"EntryPoint\",\"urlTemplate\":\"https:\/\/tourtravelandmore.com\/fr\/?s={search_term_string}\"},\"query-input\":{\"@type\":\"PropertyValueSpecification\",\"valueRequired\":true,\"valueName\":\"search_term_string\"}}],\"inLanguage\":\"fr-FR\"},{\"@type\":\"Organization\",\"@id\":\"https:\/\/tourtravelandmore.com\/fr\/#organization\",\"name\":\"Tour Travel And More\",\"url\":\"https:\/\/tourtravelandmore.com\/fr\/\",\"logo\":{\"@type\":\"ImageObject\",\"inLanguage\":\"fr-FR\",\"@id\":\"https:\/\/tourtravelandmore.com\/fr\/#\/schema\/logo\/image\/\",\"url\":\"https:\/\/tourtravelandmore.com\/wp-content\/uploads\/2022\/12\/cropped-logo-cabecera-new.png\",\"contentUrl\":\"https:\/\/tourtravelandmore.com\/wp-content\/uploads\/2022\/12\/cropped-logo-cabecera-new.png\",\"width\":430,\"height\":61,\"caption\":\"Tour Travel And More\"},\"image\":{\"@id\":\"https:\/\/tourtravelandmore.com\/fr\/#\/schema\/logo\/image\/\"},\"sameAs\":[\"https:\/\/www.facebook.com\/tourtravelandmore\/\",\"https:\/\/x.com\/TourTravel_More\"]}]}<\/script>\n<!-- \/ Yoast SEO Premium plugin. -->","yoast_head_json":{"title":"Excursion d'une demi-journ\u00e9e \u00e0 Cavtat, Srdj Hill et Dubrovnik au d\u00e9part de Dubrovnik","description":"Visite priv\u00e9e pour explorer la ville anim\u00e9e de Dubrovnik. Admirez ses monuments embl\u00e9matiques, ses parcs historiques, ses mus\u00e9es embl\u00e9matiques avec votre guide officiel.","robots":{"index":"index","follow":"follow","max-snippet":"max-snippet:-1","max-image-preview":"max-image-preview:large","max-video-preview":"max-video-preview:-1"},"canonical":"https:\/\/tourtravelandmore.com\/fr\/tours\/croacia-fr-fr\/dubrovnik-fr\/visite-privee-a-pied-de-la-vieille-ville-de-dubrovnik-copy\/","og_locale":"fr_FR","og_type":"article","og_title":"Excursion d'une demi-journ\u00e9e \u00e0 Cavtat, Srdj Hill et Dubrovnik au d\u00e9part de Dubrovnik","og_description":"Visite priv\u00e9e pour explorer la ville anim\u00e9e de Dubrovnik. Admirez ses monuments embl\u00e9matiques, ses parcs historiques, ses mus\u00e9es embl\u00e9matiques avec votre guide officiel.","og_url":"https:\/\/tourtravelandmore.com\/fr\/tours\/croacia-fr-fr\/dubrovnik-fr\/visite-privee-a-pied-de-la-vieille-ville-de-dubrovnik-copy\/","og_site_name":"Tour Travel And More","article_publisher":"https:\/\/www.facebook.com\/tourtravelandmore\/","article_modified_time":"2024-12-18T17:56:30+00:00","og_image":[{"width":1280,"height":852,"url":"https:\/\/tourtravelandmore.com\/wp-content\/uploads\/2024\/12\/cavtat-995082_1280.jpg","type":"image\/jpeg"}],"twitter_card":"summary_large_image","twitter_site":"@TourTravel_More","twitter_misc":{"Dur\u00e9e de lecture estim\u00e9e":"3 minutes"},"schema":{"@context":"https:\/\/schema.org","@graph":[{"@type":"WebPage","@id":"https:\/\/tourtravelandmore.com\/fr\/tours\/croacia-fr-fr\/dubrovnik-fr\/visite-privee-a-pied-de-la-vieille-ville-de-dubrovnik-copy\/","url":"https:\/\/tourtravelandmore.com\/fr\/tours\/croacia-fr-fr\/dubrovnik-fr\/visite-privee-a-pied-de-la-vieille-ville-de-dubrovnik-copy\/","name":"Excursion d'une demi-journ\u00e9e \u00e0 Cavtat, Srdj Hill et Dubrovnik au d\u00e9part de Dubrovnik","isPartOf":{"@id":"https:\/\/tourtravelandmore.com\/fr\/#website"},"primaryImageOfPage":{"@id":"https:\/\/tourtravelandmore.com\/fr\/tours\/croacia-fr-fr\/dubrovnik-fr\/visite-privee-a-pied-de-la-vieille-ville-de-dubrovnik-copy\/#primaryimage"},"image":{"@id":"https:\/\/tourtravelandmore.com\/fr\/tours\/croacia-fr-fr\/dubrovnik-fr\/visite-privee-a-pied-de-la-vieille-ville-de-dubrovnik-copy\/#primaryimage"},"thumbnailUrl":"https:\/\/tourtravelandmore.com\/wp-content\/uploads\/2024\/12\/cavtat-995082_1280.jpg","datePublished":"2024-12-18T16:10:22+00:00","dateModified":"2024-12-18T17:56:30+00:00","description":"Visite priv\u00e9e pour explorer la ville anim\u00e9e de Dubrovnik. Admirez ses monuments embl\u00e9matiques, ses parcs historiques, ses mus\u00e9es embl\u00e9matiques avec votre guide officiel.","breadcrumb":{"@id":"https:\/\/tourtravelandmore.com\/fr\/tours\/croacia-fr-fr\/dubrovnik-fr\/visite-privee-a-pied-de-la-vieille-ville-de-dubrovnik-copy\/#breadcrumb"},"inLanguage":"fr-FR","potentialAction":[{"@type":"ReadAction","target":["https:\/\/tourtravelandmore.com\/fr\/tours\/croacia-fr-fr\/dubrovnik-fr\/visite-privee-a-pied-de-la-vieille-ville-de-dubrovnik-copy\/"]}]},{"@type":"ImageObject","inLanguage":"fr-FR","@id":"https:\/\/tourtravelandmore.com\/fr\/tours\/croacia-fr-fr\/dubrovnik-fr\/visite-privee-a-pied-de-la-vieille-ville-de-dubrovnik-copy\/#primaryimage","url":"https:\/\/tourtravelandmore.com\/wp-content\/uploads\/2024\/12\/cavtat-995082_1280.jpg","contentUrl":"https:\/\/tourtravelandmore.com\/wp-content\/uploads\/2024\/12\/cavtat-995082_1280.jpg","width":1280,"height":852},{"@type":"BreadcrumbList","@id":"https:\/\/tourtravelandmore.com\/fr\/tours\/croacia-fr-fr\/dubrovnik-fr\/visite-privee-a-pied-de-la-vieille-ville-de-dubrovnik-copy\/#breadcrumb","itemListElement":[{"@type":"ListItem","position":1,"name":"Home","item":"https:\/\/tourtravelandmore.com\/fr\/"},{"@type":"ListItem","position":2,"name":"Tours","item":"https:\/\/tourtravelandmore.com\/fr\/tours\/"},{"@type":"ListItem","position":3,"name":"Excursion d&#8217;une demi-journ\u00e9e \u00e0 Cavtat, Srdj Hill et Dubrovnik au d\u00e9part de Dubrovnik"}]},{"@type":"WebSite","@id":"https:\/\/tourtravelandmore.com\/fr\/#website","url":"https:\/\/tourtravelandmore.com\/fr\/","name":"Tour Travel And More","description":"Private sightseeing tours and luxury transfers in Spain","publisher":{"@id":"https:\/\/tourtravelandmore.com\/fr\/#organization"},"potentialAction":[{"@type":"SearchAction","target":{"@type":"EntryPoint","urlTemplate":"https:\/\/tourtravelandmore.com\/fr\/?s={search_term_string}"},"query-input":{"@type":"PropertyValueSpecification","valueRequired":true,"valueName":"search_term_string"}}],"inLanguage":"fr-FR"},{"@type":"Organization","@id":"https:\/\/tourtravelandmore.com\/fr\/#organization","name":"Tour Travel And More","url":"https:\/\/tourtravelandmore.com\/fr\/","logo":{"@type":"ImageObject","inLanguage":"fr-FR","@id":"https:\/\/tourtravelandmore.com\/fr\/#\/schema\/logo\/image\/","url":"https:\/\/tourtravelandmore.com\/wp-content\/uploads\/2022\/12\/cropped-logo-cabecera-new.png","contentUrl":"https:\/\/tourtravelandmore.com\/wp-content\/uploads\/2022\/12\/cropped-logo-cabecera-new.png","width":430,"height":61,"caption":"Tour Travel And More"},"image":{"@id":"https:\/\/tourtravelandmore.com\/fr\/#\/schema\/logo\/image\/"},"sameAs":["https:\/\/www.facebook.com\/tourtravelandmore\/","https:\/\/x.com\/TourTravel_More"]}]}},"_links":{"self":[{"href":"https:\/\/tourtravelandmore.com\/fr\/wp-json\/wp\/v2\/product\/179148","targetHints":{"allow":["GET"]}}],"collection":[{"href":"https:\/\/tourtravelandmore.com\/fr\/wp-json\/wp\/v2\/product"}],"about":[{"href":"https:\/\/tourtravelandmore.com\/fr\/wp-json\/wp\/v2\/types\/product"}],"replies":[{"embeddable":true,"href":"https:\/\/tourtravelandmore.com\/fr\/wp-json\/wp\/v2\/comments?post=179148"}],"wp:featuredmedia":[{"embeddable":true,"href":"https:\/\/tourtravelandmore.com\/fr\/wp-json\/wp\/v2\/media\/179158"}],"wp:attachment":[{"href":"https:\/\/tourtravelandmore.com\/fr\/wp-json\/wp\/v2\/media?parent=179148"}],"wp:term":[{"taxonomy":"product_brand","embeddable":true,"href":"https:\/\/tourtravelandmore.com\/fr\/wp-json\/wp\/v2\/product_brand?post=179148"},{"taxonomy":"product_cat","embeddable":true,"href":"https:\/\/tourtravelandmore.com\/fr\/wp-json\/wp\/v2\/product_cat?post=179148"},{"taxonomy":"product_tag","embeddable":true,"href":"https:\/\/tourtravelandmore.com\/fr\/wp-json\/wp\/v2\/product_tag?post=179148"}],"curies":[{"name":"wp","href":"https:\/\/api.w.org\/{rel}","templated":true}]}}