{"id":179034,"date":"2024-12-06T16:10:09","date_gmt":"2024-12-06T15:10:22","guid":{"rendered":"https:\/\/tourtravelandmore.com\/?post_type=product&#038;p=179034"},"modified":"2024-12-06T23:16:31","modified_gmt":"2024-12-06T22:16:31","slug":"visite-privee-a-ourense-et-ribadavia-depuis-saint-jacques-de-compostelle-copy-2","status":"publish","type":"product","link":"https:\/\/tourtravelandmore.com\/fr\/tours\/espagne-fr\/santiagodecompsotela-fr\/visite-privee-a-ourense-et-ribadavia-depuis-saint-jacques-de-compostelle-copy-2\/","title":{"rendered":"Excursion priv\u00e9e d&#8217;une journ\u00e9e \u00e0 Pontevedra et Vigo au d\u00e9part de Saint-Jacques-de-Compostelle"},"content":{"rendered":"<h2><b><strong>Excursion priv\u00e9e d&#8217;une journ\u00e9e \u00e0 Pontevedra et Vigo au d\u00e9part de Saint-Jacques-de-Compostelle<\/strong> Description<\/b><\/h2>\n<p>Explorez le charme de la Galice lors d&#8217;une excursion priv\u00e9e d&#8217;une journ\u00e9e au d\u00e9part de Saint-Jacques-de-Compostelle vers les villes captivantes de Pontevedra et Vigo. Votre guide priv\u00e9 et votre chauffeur vous accompagneront tout au long de ce voyage de 9 heures, vous assurant une exp\u00e9rience personnalis\u00e9e et enrichissante.<\/p>\n<p>Ce circuit est id\u00e9al pour ceux qui souhaitent d\u00e9couvrir le riche patrimoine culturel et historique de la Galice tout en profitant d&#8217;une exp\u00e9rience enti\u00e8rement priv\u00e9e.<\/p>\n<h2><b><strong>Excursion priv\u00e9e d&#8217;une journ\u00e9e \u00e0 Pontevedra et Vigo depuis Saint-Jacques-de-Compostelle<\/strong> Points d&#8217;int\u00e9r\u00eat<\/b><\/h2>\n<p>Commencez votre journ\u00e9e \u00e0 Pontevedra, une ville r\u00e9put\u00e9e pour sa vieille ville pi\u00e9tonne, sa riche histoire et son atmosph\u00e8re anim\u00e9e. Promenez-vous dans les rues pav\u00e9es et d\u00e9couvrez des monuments comme l&#8217;\u00e9glise de la Peregrina et la Praza da Ferrer\u00eda. D\u00e9couvrez l&#8217;histoire maritime de Pontevedra et impr\u00e9gnez-vous de sa charmante culture locale.<\/p>\n<p>Continuez vers Vigo, la plus grande ville de Galice, c\u00e9l\u00e8bre pour son industrie de la p\u00eache florissante et ses vues c\u00f4ti\u00e8res \u00e9poustouflantes. Visitez le quartier anim\u00e9 d&#8217;O Berb\u00e9s, admirez les vues panoramiques depuis le Monte do Castro et explorez la zone portuaire anim\u00e9e. Si le temps le permet, vous pourrez \u00e9galement jeter un coup d&#8217;\u0153il au c\u00f4t\u00e9 moderne de Vigo, avec ses boutiques et son architecture contemporaine.<\/p>\n<p>Cette visite offre un m\u00e9lange parfait d&#8217;histoire, de culture et de beaut\u00e9 des paysages, vous permettant de d\u00e9couvrir les points forts des deux villes les plus fascinantes de Galice, le tout dans le confort d&#8217;un v\u00e9hicule priv\u00e9.<\/p>\n<ul>\n<li><b><strong>Visite priv\u00e9e<\/strong><\/b>: Exp\u00e9rience exclusive avec un guide et un v\u00e9hicule \u00e0 votre disposition pendant 9 heures.<\/li>\n<li><b><strong>Pontevedra<\/strong><\/b>: Promenez-vous dans la vieille ville historique et visitez des sites embl\u00e9matiques comme l&#8217;\u00e9glise de la Peregrina et la Praza da Ferrer\u00eda.<\/li>\n<li><b><strong>Vigo<\/strong><\/b>: Explorez le port anim\u00e9, profitez des vues panoramiques depuis le Monte do Castro et impr\u00e9gnez-vous de l&#8217;atmosph\u00e8re vibrante de O Berb\u00e9s.<\/li>\n<li><b><strong>Confort et commodit\u00e9<\/strong><\/b>: D\u00e9tendez-vous gr\u00e2ce au transport aller-retour depuis Saint-Jacques-de-Compostelle dans un v\u00e9hicule priv\u00e9.<\/li>\n<li><b><strong>Itin\u00e9raire personnalis\u00e9<\/strong><\/b>: Adaptez l&#8217;exp\u00e9rience \u00e0 vos pr\u00e9f\u00e9rences gr\u00e2ce \u00e0 l&#8217;expertise de votre guide priv\u00e9.<\/li>\n<\/ul>\n<p>Si vous souhaitez explorer Saint-Jacques-de-Compostelle et en apprendre davantage sur sa riche histoire et sa culture, consultez la liste des <a href=\"https:\/\/tourtravelandmore.com\/fr\/city\/espagne-fr\/santiagodecompsotela-fr\/\">visites priv\u00e9es propos\u00e9es par Tour Travel and More !<\/a><\/p>\n","protected":false},"excerpt":{"rendered":"<p>Explorez le charme de la Galice lors d&#8217;une excursion priv\u00e9e d&#8217;une journ\u00e9e au d\u00e9part de Saint-Jacques-de-Compostelle vers les villes captivantes de Pontevedra et Vigo. Votre guide priv\u00e9 et votre chauffeur vous accompagneront tout au long de ce voyage de 9 heures, vous assurant une exp\u00e9rience personnalis\u00e9e et enrichissante.<\/p>\n","protected":false},"featured_media":179047,"comment_status":"open","ping_status":"closed","template":"","meta":{"_acf_changed":false},"product_brand":[],"product_cat":[4438,5126,5125,3589],"product_tag":[],"class_list":{"0":"post-179034","1":"product","2":"type-product","3":"status-publish","4":"has-post-thumbnail","6":"product_cat-all-private-tours-activities-fr-21","7":"product_cat-private-sightseeing-tours-fr-31","8":"product_cat-private-walking-tours-fr-13","9":"product_cat-santiagodecompsotela-fr","11":"first","12":"instock","13":"shipping-taxable","14":"purchasable","15":"product-type-simple"},"acf":[],"yoast_head":"<!-- This site is optimized with the Yoast SEO Premium plugin v25.3.1 (Yoast SEO v25.3.1) - https:\/\/yoast.com\/wordpress\/plugins\/seo\/ -->\n<title>\u27a1\ufe0f Excursion priv\u00e9e d&#039;une journ\u00e9e \u00e0 Pontevedra et Vigo au d\u00e9part de Saint-Jacques-de-Compostelle<\/title>\n<meta name=\"description\" content=\"Excursion priv\u00e9e d&#039;une journ\u00e9e \u00e0 Pontevedra et Vigo au d\u00e9part de Saint-Jacques-de-Compostelle. Monuments et sites les plus importants. Profitez de cette occasion pour vous rendre en ville! \u2705\" \/>\n<meta name=\"robots\" content=\"index, follow, max-snippet:-1, max-image-preview:large, max-video-preview:-1\" \/>\n<link rel=\"canonical\" href=\"https:\/\/tourtravelandmore.com\/fr\/tours\/espagne-fr\/santiagodecompsotela-fr\/visite-privee-a-ourense-et-ribadavia-depuis-saint-jacques-de-compostelle-copy-2\/\" \/>\n<meta property=\"og:locale\" content=\"fr_FR\" \/>\n<meta property=\"og:type\" content=\"article\" \/>\n<meta property=\"og:title\" content=\"Excursion priv\u00e9e d&#039;une journ\u00e9e \u00e0 Pontevedra et Vigo au d\u00e9part de Saint-Jacques-de-Compostelle\" \/>\n<meta property=\"og:description\" content=\"Excursion priv\u00e9e d&#039;une journ\u00e9e \u00e0 Pontevedra et Vigo au d\u00e9part de Saint-Jacques-de-Compostelle. Monuments et sites les plus importants. Profitez de cette occasion pour vous rendre en ville! \u2705\" \/>\n<meta property=\"og:url\" content=\"https:\/\/tourtravelandmore.com\/fr\/tours\/espagne-fr\/santiagodecompsotela-fr\/visite-privee-a-ourense-et-ribadavia-depuis-saint-jacques-de-compostelle-copy-2\/\" \/>\n<meta property=\"og:site_name\" content=\"Tour Travel And More\" \/>\n<meta property=\"article:publisher\" content=\"https:\/\/www.facebook.com\/tourtravelandmore\/\" \/>\n<meta property=\"article:modified_time\" content=\"2024-12-06T22:16:31+00:00\" \/>\n<meta property=\"og:image\" content=\"https:\/\/tourtravelandmore.com\/wp-content\/uploads\/2024\/12\/pexels-maceiras-2582445.jpg\" \/>\n\t<meta property=\"og:image:width\" content=\"1279\" \/>\n\t<meta property=\"og:image:height\" content=\"853\" \/>\n\t<meta property=\"og:image:type\" content=\"image\/jpeg\" \/>\n<meta name=\"twitter:card\" content=\"summary_large_image\" \/>\n<meta name=\"twitter:site\" content=\"@TourTravel_More\" \/>\n<meta name=\"twitter:label1\" content=\"Dur\u00e9e de lecture estim\u00e9e\" \/>\n\t<meta name=\"twitter:data1\" content=\"2 minutes\" \/>\n<script type=\"application\/ld+json\" class=\"yoast-schema-graph\">{\"@context\":\"https:\/\/schema.org\",\"@graph\":[{\"@type\":\"WebPage\",\"@id\":\"https:\/\/tourtravelandmore.com\/fr\/tours\/espagne-fr\/santiagodecompsotela-fr\/visite-privee-a-ourense-et-ribadavia-depuis-saint-jacques-de-compostelle-copy-2\/\",\"url\":\"https:\/\/tourtravelandmore.com\/fr\/tours\/espagne-fr\/santiagodecompsotela-fr\/visite-privee-a-ourense-et-ribadavia-depuis-saint-jacques-de-compostelle-copy-2\/\",\"name\":\"\u27a1\ufe0f Excursion priv\u00e9e d'une journ\u00e9e \u00e0 Pontevedra et Vigo au d\u00e9part de Saint-Jacques-de-Compostelle\",\"isPartOf\":{\"@id\":\"https:\/\/tourtravelandmore.com\/fr\/#website\"},\"primaryImageOfPage\":{\"@id\":\"https:\/\/tourtravelandmore.com\/fr\/tours\/espagne-fr\/santiagodecompsotela-fr\/visite-privee-a-ourense-et-ribadavia-depuis-saint-jacques-de-compostelle-copy-2\/#primaryimage\"},\"image\":{\"@id\":\"https:\/\/tourtravelandmore.com\/fr\/tours\/espagne-fr\/santiagodecompsotela-fr\/visite-privee-a-ourense-et-ribadavia-depuis-saint-jacques-de-compostelle-copy-2\/#primaryimage\"},\"thumbnailUrl\":\"https:\/\/tourtravelandmore.com\/wp-content\/uploads\/2024\/12\/pexels-maceiras-2582445.jpg\",\"datePublished\":\"2024-12-06T15:10:22+00:00\",\"dateModified\":\"2024-12-06T22:16:31+00:00\",\"description\":\"Excursion priv\u00e9e d'une journ\u00e9e \u00e0 Pontevedra et Vigo au d\u00e9part de Saint-Jacques-de-Compostelle. Monuments et sites les plus importants. Profitez de cette occasion pour vous rendre en ville! \u2705\",\"breadcrumb\":{\"@id\":\"https:\/\/tourtravelandmore.com\/fr\/tours\/espagne-fr\/santiagodecompsotela-fr\/visite-privee-a-ourense-et-ribadavia-depuis-saint-jacques-de-compostelle-copy-2\/#breadcrumb\"},\"inLanguage\":\"fr-FR\",\"potentialAction\":[{\"@type\":\"ReadAction\",\"target\":[\"https:\/\/tourtravelandmore.com\/fr\/tours\/espagne-fr\/santiagodecompsotela-fr\/visite-privee-a-ourense-et-ribadavia-depuis-saint-jacques-de-compostelle-copy-2\/\"]}]},{\"@type\":\"ImageObject\",\"inLanguage\":\"fr-FR\",\"@id\":\"https:\/\/tourtravelandmore.com\/fr\/tours\/espagne-fr\/santiagodecompsotela-fr\/visite-privee-a-ourense-et-ribadavia-depuis-saint-jacques-de-compostelle-copy-2\/#primaryimage\",\"url\":\"https:\/\/tourtravelandmore.com\/wp-content\/uploads\/2024\/12\/pexels-maceiras-2582445.jpg\",\"contentUrl\":\"https:\/\/tourtravelandmore.com\/wp-content\/uploads\/2024\/12\/pexels-maceiras-2582445.jpg\",\"width\":1279,\"height\":853},{\"@type\":\"BreadcrumbList\",\"@id\":\"https:\/\/tourtravelandmore.com\/fr\/tours\/espagne-fr\/santiagodecompsotela-fr\/visite-privee-a-ourense-et-ribadavia-depuis-saint-jacques-de-compostelle-copy-2\/#breadcrumb\",\"itemListElement\":[{\"@type\":\"ListItem\",\"position\":1,\"name\":\"Home\",\"item\":\"https:\/\/tourtravelandmore.com\/fr\/\"},{\"@type\":\"ListItem\",\"position\":2,\"name\":\"Tours\",\"item\":\"https:\/\/tourtravelandmore.com\/fr\/tours\/\"},{\"@type\":\"ListItem\",\"position\":3,\"name\":\"Excursion priv\u00e9e d&#8217;une journ\u00e9e \u00e0 Pontevedra et Vigo au d\u00e9part de Saint-Jacques-de-Compostelle\"}]},{\"@type\":\"WebSite\",\"@id\":\"https:\/\/tourtravelandmore.com\/fr\/#website\",\"url\":\"https:\/\/tourtravelandmore.com\/fr\/\",\"name\":\"Tour Travel And More\",\"description\":\"Private sightseeing tours and luxury transfers in Spain\",\"publisher\":{\"@id\":\"https:\/\/tourtravelandmore.com\/fr\/#organization\"},\"potentialAction\":[{\"@type\":\"SearchAction\",\"target\":{\"@type\":\"EntryPoint\",\"urlTemplate\":\"https:\/\/tourtravelandmore.com\/fr\/?s={search_term_string}\"},\"query-input\":{\"@type\":\"PropertyValueSpecification\",\"valueRequired\":true,\"valueName\":\"search_term_string\"}}],\"inLanguage\":\"fr-FR\"},{\"@type\":\"Organization\",\"@id\":\"https:\/\/tourtravelandmore.com\/fr\/#organization\",\"name\":\"Tour Travel And More\",\"url\":\"https:\/\/tourtravelandmore.com\/fr\/\",\"logo\":{\"@type\":\"ImageObject\",\"inLanguage\":\"fr-FR\",\"@id\":\"https:\/\/tourtravelandmore.com\/fr\/#\/schema\/logo\/image\/\",\"url\":\"https:\/\/tourtravelandmore.com\/wp-content\/uploads\/2022\/12\/cropped-logo-cabecera-new.png\",\"contentUrl\":\"https:\/\/tourtravelandmore.com\/wp-content\/uploads\/2022\/12\/cropped-logo-cabecera-new.png\",\"width\":430,\"height\":61,\"caption\":\"Tour Travel And More\"},\"image\":{\"@id\":\"https:\/\/tourtravelandmore.com\/fr\/#\/schema\/logo\/image\/\"},\"sameAs\":[\"https:\/\/www.facebook.com\/tourtravelandmore\/\",\"https:\/\/x.com\/TourTravel_More\"]}]}<\/script>\n<!-- \/ Yoast SEO Premium plugin. -->","yoast_head_json":{"title":"\u27a1\ufe0f Excursion priv\u00e9e d'une journ\u00e9e \u00e0 Pontevedra et Vigo au d\u00e9part de Saint-Jacques-de-Compostelle","description":"Excursion priv\u00e9e d'une journ\u00e9e \u00e0 Pontevedra et Vigo au d\u00e9part de Saint-Jacques-de-Compostelle. Monuments et sites les plus importants. Profitez de cette occasion pour vous rendre en ville! \u2705","robots":{"index":"index","follow":"follow","max-snippet":"max-snippet:-1","max-image-preview":"max-image-preview:large","max-video-preview":"max-video-preview:-1"},"canonical":"https:\/\/tourtravelandmore.com\/fr\/tours\/espagne-fr\/santiagodecompsotela-fr\/visite-privee-a-ourense-et-ribadavia-depuis-saint-jacques-de-compostelle-copy-2\/","og_locale":"fr_FR","og_type":"article","og_title":"Excursion priv\u00e9e d'une journ\u00e9e \u00e0 Pontevedra et Vigo au d\u00e9part de Saint-Jacques-de-Compostelle","og_description":"Excursion priv\u00e9e d'une journ\u00e9e \u00e0 Pontevedra et Vigo au d\u00e9part de Saint-Jacques-de-Compostelle. Monuments et sites les plus importants. Profitez de cette occasion pour vous rendre en ville! \u2705","og_url":"https:\/\/tourtravelandmore.com\/fr\/tours\/espagne-fr\/santiagodecompsotela-fr\/visite-privee-a-ourense-et-ribadavia-depuis-saint-jacques-de-compostelle-copy-2\/","og_site_name":"Tour Travel And More","article_publisher":"https:\/\/www.facebook.com\/tourtravelandmore\/","article_modified_time":"2024-12-06T22:16:31+00:00","og_image":[{"width":1279,"height":853,"url":"https:\/\/tourtravelandmore.com\/wp-content\/uploads\/2024\/12\/pexels-maceiras-2582445.jpg","type":"image\/jpeg"}],"twitter_card":"summary_large_image","twitter_site":"@TourTravel_More","twitter_misc":{"Dur\u00e9e de lecture estim\u00e9e":"2 minutes"},"schema":{"@context":"https:\/\/schema.org","@graph":[{"@type":"WebPage","@id":"https:\/\/tourtravelandmore.com\/fr\/tours\/espagne-fr\/santiagodecompsotela-fr\/visite-privee-a-ourense-et-ribadavia-depuis-saint-jacques-de-compostelle-copy-2\/","url":"https:\/\/tourtravelandmore.com\/fr\/tours\/espagne-fr\/santiagodecompsotela-fr\/visite-privee-a-ourense-et-ribadavia-depuis-saint-jacques-de-compostelle-copy-2\/","name":"\u27a1\ufe0f Excursion priv\u00e9e d'une journ\u00e9e \u00e0 Pontevedra et Vigo au d\u00e9part de Saint-Jacques-de-Compostelle","isPartOf":{"@id":"https:\/\/tourtravelandmore.com\/fr\/#website"},"primaryImageOfPage":{"@id":"https:\/\/tourtravelandmore.com\/fr\/tours\/espagne-fr\/santiagodecompsotela-fr\/visite-privee-a-ourense-et-ribadavia-depuis-saint-jacques-de-compostelle-copy-2\/#primaryimage"},"image":{"@id":"https:\/\/tourtravelandmore.com\/fr\/tours\/espagne-fr\/santiagodecompsotela-fr\/visite-privee-a-ourense-et-ribadavia-depuis-saint-jacques-de-compostelle-copy-2\/#primaryimage"},"thumbnailUrl":"https:\/\/tourtravelandmore.com\/wp-content\/uploads\/2024\/12\/pexels-maceiras-2582445.jpg","datePublished":"2024-12-06T15:10:22+00:00","dateModified":"2024-12-06T22:16:31+00:00","description":"Excursion priv\u00e9e d'une journ\u00e9e \u00e0 Pontevedra et Vigo au d\u00e9part de Saint-Jacques-de-Compostelle. Monuments et sites les plus importants. Profitez de cette occasion pour vous rendre en ville! \u2705","breadcrumb":{"@id":"https:\/\/tourtravelandmore.com\/fr\/tours\/espagne-fr\/santiagodecompsotela-fr\/visite-privee-a-ourense-et-ribadavia-depuis-saint-jacques-de-compostelle-copy-2\/#breadcrumb"},"inLanguage":"fr-FR","potentialAction":[{"@type":"ReadAction","target":["https:\/\/tourtravelandmore.com\/fr\/tours\/espagne-fr\/santiagodecompsotela-fr\/visite-privee-a-ourense-et-ribadavia-depuis-saint-jacques-de-compostelle-copy-2\/"]}]},{"@type":"ImageObject","inLanguage":"fr-FR","@id":"https:\/\/tourtravelandmore.com\/fr\/tours\/espagne-fr\/santiagodecompsotela-fr\/visite-privee-a-ourense-et-ribadavia-depuis-saint-jacques-de-compostelle-copy-2\/#primaryimage","url":"https:\/\/tourtravelandmore.com\/wp-content\/uploads\/2024\/12\/pexels-maceiras-2582445.jpg","contentUrl":"https:\/\/tourtravelandmore.com\/wp-content\/uploads\/2024\/12\/pexels-maceiras-2582445.jpg","width":1279,"height":853},{"@type":"BreadcrumbList","@id":"https:\/\/tourtravelandmore.com\/fr\/tours\/espagne-fr\/santiagodecompsotela-fr\/visite-privee-a-ourense-et-ribadavia-depuis-saint-jacques-de-compostelle-copy-2\/#breadcrumb","itemListElement":[{"@type":"ListItem","position":1,"name":"Home","item":"https:\/\/tourtravelandmore.com\/fr\/"},{"@type":"ListItem","position":2,"name":"Tours","item":"https:\/\/tourtravelandmore.com\/fr\/tours\/"},{"@type":"ListItem","position":3,"name":"Excursion priv\u00e9e d&#8217;une journ\u00e9e \u00e0 Pontevedra et Vigo au d\u00e9part de Saint-Jacques-de-Compostelle"}]},{"@type":"WebSite","@id":"https:\/\/tourtravelandmore.com\/fr\/#website","url":"https:\/\/tourtravelandmore.com\/fr\/","name":"Tour Travel And More","description":"Private sightseeing tours and luxury transfers in Spain","publisher":{"@id":"https:\/\/tourtravelandmore.com\/fr\/#organization"},"potentialAction":[{"@type":"SearchAction","target":{"@type":"EntryPoint","urlTemplate":"https:\/\/tourtravelandmore.com\/fr\/?s={search_term_string}"},"query-input":{"@type":"PropertyValueSpecification","valueRequired":true,"valueName":"search_term_string"}}],"inLanguage":"fr-FR"},{"@type":"Organization","@id":"https:\/\/tourtravelandmore.com\/fr\/#organization","name":"Tour Travel And More","url":"https:\/\/tourtravelandmore.com\/fr\/","logo":{"@type":"ImageObject","inLanguage":"fr-FR","@id":"https:\/\/tourtravelandmore.com\/fr\/#\/schema\/logo\/image\/","url":"https:\/\/tourtravelandmore.com\/wp-content\/uploads\/2022\/12\/cropped-logo-cabecera-new.png","contentUrl":"https:\/\/tourtravelandmore.com\/wp-content\/uploads\/2022\/12\/cropped-logo-cabecera-new.png","width":430,"height":61,"caption":"Tour Travel And More"},"image":{"@id":"https:\/\/tourtravelandmore.com\/fr\/#\/schema\/logo\/image\/"},"sameAs":["https:\/\/www.facebook.com\/tourtravelandmore\/","https:\/\/x.com\/TourTravel_More"]}]}},"_links":{"self":[{"href":"https:\/\/tourtravelandmore.com\/fr\/wp-json\/wp\/v2\/product\/179034","targetHints":{"allow":["GET"]}}],"collection":[{"href":"https:\/\/tourtravelandmore.com\/fr\/wp-json\/wp\/v2\/product"}],"about":[{"href":"https:\/\/tourtravelandmore.com\/fr\/wp-json\/wp\/v2\/types\/product"}],"replies":[{"embeddable":true,"href":"https:\/\/tourtravelandmore.com\/fr\/wp-json\/wp\/v2\/comments?post=179034"}],"wp:featuredmedia":[{"embeddable":true,"href":"https:\/\/tourtravelandmore.com\/fr\/wp-json\/wp\/v2\/media\/179047"}],"wp:attachment":[{"href":"https:\/\/tourtravelandmore.com\/fr\/wp-json\/wp\/v2\/media?parent=179034"}],"wp:term":[{"taxonomy":"product_brand","embeddable":true,"href":"https:\/\/tourtravelandmore.com\/fr\/wp-json\/wp\/v2\/product_brand?post=179034"},{"taxonomy":"product_cat","embeddable":true,"href":"https:\/\/tourtravelandmore.com\/fr\/wp-json\/wp\/v2\/product_cat?post=179034"},{"taxonomy":"product_tag","embeddable":true,"href":"https:\/\/tourtravelandmore.com\/fr\/wp-json\/wp\/v2\/product_tag?post=179034"}],"curies":[{"name":"wp","href":"https:\/\/api.w.org\/{rel}","templated":true}]}}