{"id":178959,"date":"2024-12-03T21:34:14","date_gmt":"2024-12-03T20:34:20","guid":{"rendered":"https:\/\/tourtravelandmore.com\/?post_type=product&#038;p=178959"},"modified":"2024-12-03T21:52:55","modified_gmt":"2024-12-03T20:52:55","slug":"visite-privee-des-rias-altas-et-de-la-sierra-de-capelada-depuis-saint-jacques-de-compostelle-copy","status":"publish","type":"product","link":"https:\/\/tourtravelandmore.com\/fr\/tours\/espagne-fr\/santiagodecompsotela-fr\/visite-privee-des-rias-altas-et-de-la-sierra-de-capelada-depuis-saint-jacques-de-compostelle-copy\/","title":{"rendered":"Visite priv\u00e9e de La Corogne et de la p\u00e9ninsule de Mari\u00f1as"},"content":{"rendered":"<h2><b><strong>Description | Visite priv\u00e9e de La Corogne et de la p\u00e9ninsule de Mari\u00f1as<\/strong><\/b><\/h2>\n<p>D\u00e9couvrez le charme de la Galice gr\u00e2ce \u00e0 cette visite priv\u00e9e exclusive de La Corogne et de la pittoresque p\u00e9ninsule de Mari\u00f1as. Parfait pour ceux qui recherchent un m\u00e9lange de beaut\u00e9 c\u00f4ti\u00e8re, d&#8217;histoire riche et de culture locale, ce circuit commence \u00e0 La Corogne.<\/p>\n<p>Vous d\u00e9couvrirez son patrimoine maritime et sa vie urbaine anim\u00e9e. Fl\u00e2nez le long de la promenade embl\u00e9matique pour admirer la Tour d&#8217;Hercule, class\u00e9e au patrimoine mondial de l&#8217;UNESCO, et d\u00e9couvrez ses fascinantes origines romaines. Promenez-vous dans la vieille ville, o\u00f9 les rues pav\u00e9es vous m\u00e8neront \u00e0 des places anim\u00e9es et \u00e0 des joyaux cach\u00e9s.<\/p>\n<h2><b><strong>Visite priv\u00e9e de La Corogne et des points d&#8217;int\u00e9r\u00eat de la p\u00e9ninsule de Mari\u00f1as<\/strong><\/b><\/h2>\n<p>Nous nous aventurerons ensuite dans la sereine p\u00e9ninsule de Mari\u00f1as, une r\u00e9gion c\u00e9l\u00e8bre pour ses paysages luxuriants et ses villages de p\u00eacheurs pittoresques. Profitez des vues panoramiques sur l&#8217;oc\u00e9an Atlantique en traversant les routes c\u00f4ti\u00e8res. En chemin, nous visiterons des sites tels que la superbe plage de Santa Cristina ou des villages pittoresques comme Sada, c\u00e9l\u00e8bre pour son architecture galicienne traditionnelle. Ce voyage immersif offre un \u00e9quilibre parfait entre l&#8217;exploration urbaine et la tranquillit\u00e9 naturelle, le tout guid\u00e9 par un expert qui adaptera l&#8217;exp\u00e9rience \u00e0 vos int\u00e9r\u00eats.<\/p>\n<ul>\n<li><b><strong>Le charme historique de La Corogne<\/strong><\/b>: Visitez la Tour d&#8217;Hercule, fl\u00e2nez le long de la promenade pittoresque de la ville et explorez l&#8217;atmosph\u00e8re de la vieille ville.<\/li>\n<li><b><strong>P\u00e9ninsule de Mari\u00f1as<\/strong><\/b>: Laissez-vous s\u00e9duire par la beaut\u00e9 naturelle de ce havre c\u00f4tier, avec ses plages, ses falaises et ses charmants villages comme Sada.<\/li>\n<li><b><strong>Exp\u00e9rience sur mesure<\/strong><\/b>: Votre guide bien inform\u00e9 adaptera le circuit pour vous garantir une aventure inoubliable et personnalis\u00e9e.<\/li>\n<li><b><strong>Commodit\u00e9 et confort<\/strong><\/b>: Voyagez avec style dans un v\u00e9hicule priv\u00e9 et profitez d&#8217;une exploration sans faille avec votre guide d\u00e9vou\u00e9.<\/li>\n<\/ul>\n<p>Cette visite de 8 heures est id\u00e9ale pour les passionn\u00e9s d&#8217;histoire, les amoureux de la nature et ceux qui recherchent une perspective unique de la Galice. Laissez-nous vous montrer le meilleur de La Corogne et de la p\u00e9ninsule de Mari\u00f1as au cours de ce voyage inoubliable.<\/p>\n<p>Notre \u00e9quipe de sp\u00e9cialistes du voyage est toujours disponible pour vous aider \u00e0 concevoir un circuit qui corresponde \u00e0 vos pr\u00e9f\u00e9rences et \u00e0 vos int\u00e9r\u00eats. Gr\u00e2ce \u00e0 nos services de visites priv\u00e9es, vous pouvez profiter d&#8217;une exp\u00e9rience de voyage confortable et flexible avec l&#8217;attention personnalis\u00e9e que vous m\u00e9ritez. Ne manquez pas l&#8217;occasion d&#8217;explorer la riche histoire et la culture de Lugo avec les meilleurs sp\u00e9cialistes du secteur. Contactez-nous d\u00e8s aujourd&#8217;hui pour commencer \u00e0 planifier votre voyage de r\u00eave.<\/p>\n","protected":false},"excerpt":{"rendered":"<p>D\u00e9couvrez le charme de la Galice gr\u00e2ce \u00e0 cette visite priv\u00e9e exclusive de La Corogne et de la pittoresque p\u00e9ninsule de Mari\u00f1as. Parfait pour ceux qui recherchent un m\u00e9lange de beaut\u00e9 c\u00f4ti\u00e8re, d&#8217;histoire riche et de culture locale, ce circuit commence \u00e0 La Corogne.<\/p>\n","protected":false},"featured_media":178969,"comment_status":"open","ping_status":"closed","template":"","meta":{"_acf_changed":false},"product_brand":[],"product_cat":[4438,4437,5126,3589],"product_tag":[],"class_list":{"0":"post-178959","1":"product","2":"type-product","3":"status-publish","4":"has-post-thumbnail","6":"product_cat-all-private-tours-activities-fr-21","7":"product_cat-private-shore-excursions-fr-8","8":"product_cat-private-sightseeing-tours-fr-31","9":"product_cat-santiagodecompsotela-fr","11":"first","12":"instock","13":"shipping-taxable","14":"purchasable","15":"product-type-simple"},"acf":[],"yoast_head":"<!-- This site is optimized with the Yoast SEO Premium plugin v25.3.1 (Yoast SEO v25.3.1) - https:\/\/yoast.com\/wordpress\/plugins\/seo\/ -->\n<title>\u27a1\ufe0f Visite priv\u00e9e de La Corogne et de la p\u00e9ninsule de Mari\u00f1as<\/title>\n<meta name=\"description\" content=\"D\u00e9couvrez le charme de Lugo lors d&#039;une visite priv\u00e9e au d\u00e9part de Saint-Jacques-de-Compostelle. Visitez les sites les plus embl\u00e9matiques de Lugo avec un guide professionnel et un transport confortable. Contactez Tour Travel and More d\u00e8s aujourd&#039;hui.\" \/>\n<meta name=\"robots\" content=\"index, follow, max-snippet:-1, max-image-preview:large, max-video-preview:-1\" \/>\n<link rel=\"canonical\" href=\"https:\/\/tourtravelandmore.com\/fr\/tours\/espagne-fr\/santiagodecompsotela-fr\/visite-privee-des-rias-altas-et-de-la-sierra-de-capelada-depuis-saint-jacques-de-compostelle-copy\/\" \/>\n<meta property=\"og:locale\" content=\"fr_FR\" \/>\n<meta property=\"og:type\" content=\"article\" \/>\n<meta property=\"og:title\" content=\"Visite priv\u00e9e de La Corogne et de la p\u00e9ninsule de Mari\u00f1as\" \/>\n<meta property=\"og:description\" content=\"D\u00e9couvrez le charme de Lugo lors d&#039;une visite priv\u00e9e au d\u00e9part de Saint-Jacques-de-Compostelle. Visitez les sites les plus embl\u00e9matiques de Lugo avec un guide professionnel et un transport confortable. Contactez Tour Travel and More d\u00e8s aujourd&#039;hui.\" \/>\n<meta property=\"og:url\" content=\"https:\/\/tourtravelandmore.com\/fr\/tours\/espagne-fr\/santiagodecompsotela-fr\/visite-privee-des-rias-altas-et-de-la-sierra-de-capelada-depuis-saint-jacques-de-compostelle-copy\/\" \/>\n<meta property=\"og:site_name\" content=\"Tour Travel And More\" \/>\n<meta property=\"article:publisher\" content=\"https:\/\/www.facebook.com\/tourtravelandmore\/\" \/>\n<meta property=\"article:modified_time\" content=\"2024-12-03T20:52:55+00:00\" \/>\n<meta property=\"og:image\" content=\"https:\/\/tourtravelandmore.com\/wp-content\/uploads\/2024\/12\/coruna-253711_1280.jpg\" \/>\n\t<meta property=\"og:image:width\" content=\"1280\" \/>\n\t<meta property=\"og:image:height\" content=\"853\" \/>\n\t<meta property=\"og:image:type\" content=\"image\/jpeg\" \/>\n<meta name=\"twitter:card\" content=\"summary_large_image\" \/>\n<meta name=\"twitter:site\" content=\"@TourTravel_More\" \/>\n<meta name=\"twitter:label1\" content=\"Dur\u00e9e de lecture estim\u00e9e\" \/>\n\t<meta name=\"twitter:data1\" content=\"2 minutes\" \/>\n<script type=\"application\/ld+json\" class=\"yoast-schema-graph\">{\"@context\":\"https:\/\/schema.org\",\"@graph\":[{\"@type\":\"WebPage\",\"@id\":\"https:\/\/tourtravelandmore.com\/fr\/tours\/espagne-fr\/santiagodecompsotela-fr\/visite-privee-des-rias-altas-et-de-la-sierra-de-capelada-depuis-saint-jacques-de-compostelle-copy\/\",\"url\":\"https:\/\/tourtravelandmore.com\/fr\/tours\/espagne-fr\/santiagodecompsotela-fr\/visite-privee-des-rias-altas-et-de-la-sierra-de-capelada-depuis-saint-jacques-de-compostelle-copy\/\",\"name\":\"\u27a1\ufe0f Visite priv\u00e9e de La Corogne et de la p\u00e9ninsule de Mari\u00f1as\",\"isPartOf\":{\"@id\":\"https:\/\/tourtravelandmore.com\/fr\/#website\"},\"primaryImageOfPage\":{\"@id\":\"https:\/\/tourtravelandmore.com\/fr\/tours\/espagne-fr\/santiagodecompsotela-fr\/visite-privee-des-rias-altas-et-de-la-sierra-de-capelada-depuis-saint-jacques-de-compostelle-copy\/#primaryimage\"},\"image\":{\"@id\":\"https:\/\/tourtravelandmore.com\/fr\/tours\/espagne-fr\/santiagodecompsotela-fr\/visite-privee-des-rias-altas-et-de-la-sierra-de-capelada-depuis-saint-jacques-de-compostelle-copy\/#primaryimage\"},\"thumbnailUrl\":\"https:\/\/tourtravelandmore.com\/wp-content\/uploads\/2024\/12\/coruna-253711_1280.jpg\",\"datePublished\":\"2024-12-03T20:34:20+00:00\",\"dateModified\":\"2024-12-03T20:52:55+00:00\",\"description\":\"D\u00e9couvrez le charme de Lugo lors d'une visite priv\u00e9e au d\u00e9part de Saint-Jacques-de-Compostelle. Visitez les sites les plus embl\u00e9matiques de Lugo avec un guide professionnel et un transport confortable. Contactez Tour Travel and More d\u00e8s aujourd'hui.\",\"breadcrumb\":{\"@id\":\"https:\/\/tourtravelandmore.com\/fr\/tours\/espagne-fr\/santiagodecompsotela-fr\/visite-privee-des-rias-altas-et-de-la-sierra-de-capelada-depuis-saint-jacques-de-compostelle-copy\/#breadcrumb\"},\"inLanguage\":\"fr-FR\",\"potentialAction\":[{\"@type\":\"ReadAction\",\"target\":[\"https:\/\/tourtravelandmore.com\/fr\/tours\/espagne-fr\/santiagodecompsotela-fr\/visite-privee-des-rias-altas-et-de-la-sierra-de-capelada-depuis-saint-jacques-de-compostelle-copy\/\"]}]},{\"@type\":\"ImageObject\",\"inLanguage\":\"fr-FR\",\"@id\":\"https:\/\/tourtravelandmore.com\/fr\/tours\/espagne-fr\/santiagodecompsotela-fr\/visite-privee-des-rias-altas-et-de-la-sierra-de-capelada-depuis-saint-jacques-de-compostelle-copy\/#primaryimage\",\"url\":\"https:\/\/tourtravelandmore.com\/wp-content\/uploads\/2024\/12\/coruna-253711_1280.jpg\",\"contentUrl\":\"https:\/\/tourtravelandmore.com\/wp-content\/uploads\/2024\/12\/coruna-253711_1280.jpg\",\"width\":1280,\"height\":853},{\"@type\":\"BreadcrumbList\",\"@id\":\"https:\/\/tourtravelandmore.com\/fr\/tours\/espagne-fr\/santiagodecompsotela-fr\/visite-privee-des-rias-altas-et-de-la-sierra-de-capelada-depuis-saint-jacques-de-compostelle-copy\/#breadcrumb\",\"itemListElement\":[{\"@type\":\"ListItem\",\"position\":1,\"name\":\"Home\",\"item\":\"https:\/\/tourtravelandmore.com\/fr\/\"},{\"@type\":\"ListItem\",\"position\":2,\"name\":\"Tours\",\"item\":\"https:\/\/tourtravelandmore.com\/fr\/tours\/\"},{\"@type\":\"ListItem\",\"position\":3,\"name\":\"Visite priv\u00e9e de La Corogne et de la p\u00e9ninsule de Mari\u00f1as\"}]},{\"@type\":\"WebSite\",\"@id\":\"https:\/\/tourtravelandmore.com\/fr\/#website\",\"url\":\"https:\/\/tourtravelandmore.com\/fr\/\",\"name\":\"Tour Travel And More\",\"description\":\"Private sightseeing tours and luxury transfers in Spain\",\"publisher\":{\"@id\":\"https:\/\/tourtravelandmore.com\/fr\/#organization\"},\"potentialAction\":[{\"@type\":\"SearchAction\",\"target\":{\"@type\":\"EntryPoint\",\"urlTemplate\":\"https:\/\/tourtravelandmore.com\/fr\/?s={search_term_string}\"},\"query-input\":{\"@type\":\"PropertyValueSpecification\",\"valueRequired\":true,\"valueName\":\"search_term_string\"}}],\"inLanguage\":\"fr-FR\"},{\"@type\":\"Organization\",\"@id\":\"https:\/\/tourtravelandmore.com\/fr\/#organization\",\"name\":\"Tour Travel And More\",\"url\":\"https:\/\/tourtravelandmore.com\/fr\/\",\"logo\":{\"@type\":\"ImageObject\",\"inLanguage\":\"fr-FR\",\"@id\":\"https:\/\/tourtravelandmore.com\/fr\/#\/schema\/logo\/image\/\",\"url\":\"https:\/\/tourtravelandmore.com\/wp-content\/uploads\/2022\/12\/cropped-logo-cabecera-new.png\",\"contentUrl\":\"https:\/\/tourtravelandmore.com\/wp-content\/uploads\/2022\/12\/cropped-logo-cabecera-new.png\",\"width\":430,\"height\":61,\"caption\":\"Tour Travel And More\"},\"image\":{\"@id\":\"https:\/\/tourtravelandmore.com\/fr\/#\/schema\/logo\/image\/\"},\"sameAs\":[\"https:\/\/www.facebook.com\/tourtravelandmore\/\",\"https:\/\/x.com\/TourTravel_More\"]}]}<\/script>\n<!-- \/ Yoast SEO Premium plugin. -->","yoast_head_json":{"title":"\u27a1\ufe0f Visite priv\u00e9e de La Corogne et de la p\u00e9ninsule de Mari\u00f1as","description":"D\u00e9couvrez le charme de Lugo lors d'une visite priv\u00e9e au d\u00e9part de Saint-Jacques-de-Compostelle. Visitez les sites les plus embl\u00e9matiques de Lugo avec un guide professionnel et un transport confortable. Contactez Tour Travel and More d\u00e8s aujourd'hui.","robots":{"index":"index","follow":"follow","max-snippet":"max-snippet:-1","max-image-preview":"max-image-preview:large","max-video-preview":"max-video-preview:-1"},"canonical":"https:\/\/tourtravelandmore.com\/fr\/tours\/espagne-fr\/santiagodecompsotela-fr\/visite-privee-des-rias-altas-et-de-la-sierra-de-capelada-depuis-saint-jacques-de-compostelle-copy\/","og_locale":"fr_FR","og_type":"article","og_title":"Visite priv\u00e9e de La Corogne et de la p\u00e9ninsule de Mari\u00f1as","og_description":"D\u00e9couvrez le charme de Lugo lors d'une visite priv\u00e9e au d\u00e9part de Saint-Jacques-de-Compostelle. Visitez les sites les plus embl\u00e9matiques de Lugo avec un guide professionnel et un transport confortable. Contactez Tour Travel and More d\u00e8s aujourd'hui.","og_url":"https:\/\/tourtravelandmore.com\/fr\/tours\/espagne-fr\/santiagodecompsotela-fr\/visite-privee-des-rias-altas-et-de-la-sierra-de-capelada-depuis-saint-jacques-de-compostelle-copy\/","og_site_name":"Tour Travel And More","article_publisher":"https:\/\/www.facebook.com\/tourtravelandmore\/","article_modified_time":"2024-12-03T20:52:55+00:00","og_image":[{"width":1280,"height":853,"url":"https:\/\/tourtravelandmore.com\/wp-content\/uploads\/2024\/12\/coruna-253711_1280.jpg","type":"image\/jpeg"}],"twitter_card":"summary_large_image","twitter_site":"@TourTravel_More","twitter_misc":{"Dur\u00e9e de lecture estim\u00e9e":"2 minutes"},"schema":{"@context":"https:\/\/schema.org","@graph":[{"@type":"WebPage","@id":"https:\/\/tourtravelandmore.com\/fr\/tours\/espagne-fr\/santiagodecompsotela-fr\/visite-privee-des-rias-altas-et-de-la-sierra-de-capelada-depuis-saint-jacques-de-compostelle-copy\/","url":"https:\/\/tourtravelandmore.com\/fr\/tours\/espagne-fr\/santiagodecompsotela-fr\/visite-privee-des-rias-altas-et-de-la-sierra-de-capelada-depuis-saint-jacques-de-compostelle-copy\/","name":"\u27a1\ufe0f Visite priv\u00e9e de La Corogne et de la p\u00e9ninsule de Mari\u00f1as","isPartOf":{"@id":"https:\/\/tourtravelandmore.com\/fr\/#website"},"primaryImageOfPage":{"@id":"https:\/\/tourtravelandmore.com\/fr\/tours\/espagne-fr\/santiagodecompsotela-fr\/visite-privee-des-rias-altas-et-de-la-sierra-de-capelada-depuis-saint-jacques-de-compostelle-copy\/#primaryimage"},"image":{"@id":"https:\/\/tourtravelandmore.com\/fr\/tours\/espagne-fr\/santiagodecompsotela-fr\/visite-privee-des-rias-altas-et-de-la-sierra-de-capelada-depuis-saint-jacques-de-compostelle-copy\/#primaryimage"},"thumbnailUrl":"https:\/\/tourtravelandmore.com\/wp-content\/uploads\/2024\/12\/coruna-253711_1280.jpg","datePublished":"2024-12-03T20:34:20+00:00","dateModified":"2024-12-03T20:52:55+00:00","description":"D\u00e9couvrez le charme de Lugo lors d'une visite priv\u00e9e au d\u00e9part de Saint-Jacques-de-Compostelle. Visitez les sites les plus embl\u00e9matiques de Lugo avec un guide professionnel et un transport confortable. Contactez Tour Travel and More d\u00e8s aujourd'hui.","breadcrumb":{"@id":"https:\/\/tourtravelandmore.com\/fr\/tours\/espagne-fr\/santiagodecompsotela-fr\/visite-privee-des-rias-altas-et-de-la-sierra-de-capelada-depuis-saint-jacques-de-compostelle-copy\/#breadcrumb"},"inLanguage":"fr-FR","potentialAction":[{"@type":"ReadAction","target":["https:\/\/tourtravelandmore.com\/fr\/tours\/espagne-fr\/santiagodecompsotela-fr\/visite-privee-des-rias-altas-et-de-la-sierra-de-capelada-depuis-saint-jacques-de-compostelle-copy\/"]}]},{"@type":"ImageObject","inLanguage":"fr-FR","@id":"https:\/\/tourtravelandmore.com\/fr\/tours\/espagne-fr\/santiagodecompsotela-fr\/visite-privee-des-rias-altas-et-de-la-sierra-de-capelada-depuis-saint-jacques-de-compostelle-copy\/#primaryimage","url":"https:\/\/tourtravelandmore.com\/wp-content\/uploads\/2024\/12\/coruna-253711_1280.jpg","contentUrl":"https:\/\/tourtravelandmore.com\/wp-content\/uploads\/2024\/12\/coruna-253711_1280.jpg","width":1280,"height":853},{"@type":"BreadcrumbList","@id":"https:\/\/tourtravelandmore.com\/fr\/tours\/espagne-fr\/santiagodecompsotela-fr\/visite-privee-des-rias-altas-et-de-la-sierra-de-capelada-depuis-saint-jacques-de-compostelle-copy\/#breadcrumb","itemListElement":[{"@type":"ListItem","position":1,"name":"Home","item":"https:\/\/tourtravelandmore.com\/fr\/"},{"@type":"ListItem","position":2,"name":"Tours","item":"https:\/\/tourtravelandmore.com\/fr\/tours\/"},{"@type":"ListItem","position":3,"name":"Visite priv\u00e9e de La Corogne et de la p\u00e9ninsule de Mari\u00f1as"}]},{"@type":"WebSite","@id":"https:\/\/tourtravelandmore.com\/fr\/#website","url":"https:\/\/tourtravelandmore.com\/fr\/","name":"Tour Travel And More","description":"Private sightseeing tours and luxury transfers in Spain","publisher":{"@id":"https:\/\/tourtravelandmore.com\/fr\/#organization"},"potentialAction":[{"@type":"SearchAction","target":{"@type":"EntryPoint","urlTemplate":"https:\/\/tourtravelandmore.com\/fr\/?s={search_term_string}"},"query-input":{"@type":"PropertyValueSpecification","valueRequired":true,"valueName":"search_term_string"}}],"inLanguage":"fr-FR"},{"@type":"Organization","@id":"https:\/\/tourtravelandmore.com\/fr\/#organization","name":"Tour Travel And More","url":"https:\/\/tourtravelandmore.com\/fr\/","logo":{"@type":"ImageObject","inLanguage":"fr-FR","@id":"https:\/\/tourtravelandmore.com\/fr\/#\/schema\/logo\/image\/","url":"https:\/\/tourtravelandmore.com\/wp-content\/uploads\/2022\/12\/cropped-logo-cabecera-new.png","contentUrl":"https:\/\/tourtravelandmore.com\/wp-content\/uploads\/2022\/12\/cropped-logo-cabecera-new.png","width":430,"height":61,"caption":"Tour Travel And More"},"image":{"@id":"https:\/\/tourtravelandmore.com\/fr\/#\/schema\/logo\/image\/"},"sameAs":["https:\/\/www.facebook.com\/tourtravelandmore\/","https:\/\/x.com\/TourTravel_More"]}]}},"_links":{"self":[{"href":"https:\/\/tourtravelandmore.com\/fr\/wp-json\/wp\/v2\/product\/178959","targetHints":{"allow":["GET"]}}],"collection":[{"href":"https:\/\/tourtravelandmore.com\/fr\/wp-json\/wp\/v2\/product"}],"about":[{"href":"https:\/\/tourtravelandmore.com\/fr\/wp-json\/wp\/v2\/types\/product"}],"replies":[{"embeddable":true,"href":"https:\/\/tourtravelandmore.com\/fr\/wp-json\/wp\/v2\/comments?post=178959"}],"wp:featuredmedia":[{"embeddable":true,"href":"https:\/\/tourtravelandmore.com\/fr\/wp-json\/wp\/v2\/media\/178969"}],"wp:attachment":[{"href":"https:\/\/tourtravelandmore.com\/fr\/wp-json\/wp\/v2\/media?parent=178959"}],"wp:term":[{"taxonomy":"product_brand","embeddable":true,"href":"https:\/\/tourtravelandmore.com\/fr\/wp-json\/wp\/v2\/product_brand?post=178959"},{"taxonomy":"product_cat","embeddable":true,"href":"https:\/\/tourtravelandmore.com\/fr\/wp-json\/wp\/v2\/product_cat?post=178959"},{"taxonomy":"product_tag","embeddable":true,"href":"https:\/\/tourtravelandmore.com\/fr\/wp-json\/wp\/v2\/product_tag?post=178959"}],"curies":[{"name":"wp","href":"https:\/\/api.w.org\/{rel}","templated":true}]}}