{"id":178933,"date":"2024-12-03T20:15:13","date_gmt":"2024-12-03T19:15:22","guid":{"rendered":"https:\/\/tourtravelandmore.com\/?post_type=product&#038;p=178933"},"modified":"2024-12-03T21:33:58","modified_gmt":"2024-12-03T20:33:58","slug":"visite-privee-de-lugo-depuis-saint-jacques-de-compostelle-copy","status":"publish","type":"product","link":"https:\/\/tourtravelandmore.com\/fr\/tours\/espagne-fr\/santiagodecompsotela-fr\/visite-privee-de-lugo-depuis-saint-jacques-de-compostelle-copy\/","title":{"rendered":"Visite priv\u00e9e des R\u00edas Altas et de la Sierra de Capelada depuis Saint-Jacques-de-Compostelle"},"content":{"rendered":"<h2><b><strong>Description | Visite priv\u00e9e des R\u00edas Altas et de la Sierra de Capelada depuis Saint-Jacques-de-Compostelle<\/strong><\/b><\/h2>\n<p>D\u00e9couvrez la beaut\u00e9 sauvage de la Galice lors de cette excursion priv\u00e9e exclusive de 8 heures dans les R\u00edas Altas et la majestueuse Sierra de Capelada. Au d\u00e9part de Saint-Jacques-de-Compostelle, cette exp\u00e9rience vous fera d\u00e9couvrir certains des paysages les plus \u00e9poustouflants et des tr\u00e9sors cach\u00e9s du nord de l&#8217;Espagne. Avec un v\u00e9hicule priv\u00e9 et un guide \u00e0 votre disposition pendant toute la dur\u00e9e de l&#8217;excursion, vous d\u00e9couvrirez des villages c\u00f4tiers, des falaises escarp\u00e9es et des panoramas naturels sereins.<\/p>\n<p>Embarquez pour cette aventure inoubliable et d\u00e9couvrez les joyaux cach\u00e9s de la Galice avec votre guide priv\u00e9 et votre chauffeur pour une exp\u00e9rience fluide et confortable.<\/p>\n<h2><b><strong>Visite priv\u00e9e des R\u00edas Altas et de la Sierra de Capelada depuis les points d&#8217;int\u00e9r\u00eat de Saint-Jacques-de-Compostelle<\/strong><\/b><\/h2>\n<p>Votre voyage comprend une visite des embl\u00e9matiques falaises d&#8217;Herbeira, les plus hautes d&#8217;Europe continentale, o\u00f9 l&#8217;oc\u00e9an Atlantique rencontre des paysages spectaculaires. Continuez vers le charmant village de p\u00eacheurs de Cedeira, connu pour son port pittoresque et son charme galicien authentique.<\/p>\n<p>Aventurez-vous dans la Sierra de Capelada, c\u00e9l\u00e8bre pour ses chevaux sauvages et ses vues panoramiques, et visitez le Sanctuaire de San Andr\u00e9s de Teixido, impr\u00e9gn\u00e9 de l\u00e9gendes locales et offrant une retraite spirituelle sereine.<\/p>\n<p>Ce circuit allie nature, culture et histoire, ce qui vous permettra d&#8217;avoir un aper\u00e7u complet du mode de vie unique des Galiciens. Parfait pour ceux qui recherchent une exp\u00e9rience de voyage personnalis\u00e9e et enrichissante.<\/p>\n<ul>\n<li><b><strong>V\u00e9hicule et guide priv\u00e9s<\/strong><\/b> pendant 8 heures pour explorer la r\u00e9gion \u00e0 votre rythme.<\/li>\n<li>Visitez les falaises <b><strong>d&#8217;Herbeira<\/strong><\/b>, les plus hautes d&#8217;Europe continentale, avec des vues spectaculaires sur l&#8217;oc\u00e9an Atlantique.<\/li>\n<li>Explorez <b><strong>Cedeira<\/strong><\/b>, un village de p\u00eacheurs pittoresque qui illustre la vie c\u00f4ti\u00e8re galicienne.<\/li>\n<li>Traversez la <b><strong>Sierra de Capelada<\/strong><\/b>, qui abrite des chevaux sauvages et des paysages \u00e0 couper le souffle.<\/li>\n<li>D\u00e9couvrez le l\u00e9gendaire <b><strong>sanctuaire de San Andr\u00e9s de Teixido<\/strong><\/b>, une visite incontournable pour son importance culturelle et spirituelle.<\/li>\n<li>Profitez d&#8217;un <b><strong>itin\u00e9raire personnalisable<\/strong><\/b> adapt\u00e9 \u00e0 vos pr\u00e9f\u00e9rences et \u00e0 vos int\u00e9r\u00eats.<\/li>\n<\/ul>\n<p>Notre \u00e9quipe de sp\u00e9cialistes du voyage est toujours disponible pour vous aider \u00e0 concevoir un circuit qui corresponde \u00e0 vos pr\u00e9f\u00e9rences et \u00e0 vos int\u00e9r\u00eats. Gr\u00e2ce \u00e0 nos services de visites priv\u00e9es, vous pouvez profiter d&#8217;une exp\u00e9rience de voyage confortable et flexible avec l&#8217;attention personnalis\u00e9e que vous m\u00e9ritez. Ne manquez pas l&#8217;occasion d&#8217;explorer la riche histoire et la culture de Lugo avec les meilleurs sp\u00e9cialistes du secteur. Contactez-nous d\u00e8s aujourd&#8217;hui pour commencer \u00e0 planifier votre voyage de r\u00eave.<\/p>\n","protected":false},"excerpt":{"rendered":"<p>D\u00e9couvrez la beaut\u00e9 sauvage de la Galice lors de cette excursion priv\u00e9e exclusive de 8 heures dans les R\u00edas Altas et la majestueuse Sierra de Capelada. Au d\u00e9part de Saint-Jacques-de-Compostelle, cette exp\u00e9rience vous fera d\u00e9couvrir certains des paysages les plus \u00e9poustouflants et des tr\u00e9sors cach\u00e9s du nord de l&#8217;Espagne. Avec un v\u00e9hicule priv\u00e9 et un guide \u00e0 votre disposition pendant toute la dur\u00e9e de l&#8217;excursion, vous d\u00e9couvrirez des villages c\u00f4tiers, des falaises escarp\u00e9es et des panoramas naturels sereins.<\/p>\n","protected":false},"featured_media":178943,"comment_status":"open","ping_status":"closed","template":"","meta":{"_acf_changed":false},"product_brand":[],"product_cat":[4438,4437,5126,3589],"product_tag":[],"class_list":{"0":"post-178933","1":"product","2":"type-product","3":"status-publish","4":"has-post-thumbnail","6":"product_cat-all-private-tours-activities-fr-21","7":"product_cat-private-shore-excursions-fr-8","8":"product_cat-private-sightseeing-tours-fr-31","9":"product_cat-santiagodecompsotela-fr","11":"first","12":"instock","13":"shipping-taxable","14":"purchasable","15":"product-type-simple"},"acf":[],"yoast_head":"<!-- This site is optimized with the Yoast SEO Premium plugin v25.3.1 (Yoast SEO v25.3.1) - https:\/\/yoast.com\/wordpress\/plugins\/seo\/ -->\n<title>\u27a1\ufe0f Visite priv\u00e9e des R\u00edas Altas et de la Sierra de Capelada depuis Saint-Jacques-de-Compostelle<\/title>\n<meta name=\"description\" content=\"D\u00e9couvrez le charme de Lugo lors d&#039;une visite priv\u00e9e au d\u00e9part de Saint-Jacques-de-Compostelle. Visitez les sites les plus embl\u00e9matiques de Lugo avec un guide professionnel et un transport confortable. Contactez Tour Travel and More d\u00e8s aujourd&#039;hui.\" \/>\n<meta name=\"robots\" content=\"index, follow, max-snippet:-1, max-image-preview:large, max-video-preview:-1\" \/>\n<link rel=\"canonical\" href=\"https:\/\/tourtravelandmore.com\/fr\/tours\/espagne-fr\/santiagodecompsotela-fr\/visite-privee-de-lugo-depuis-saint-jacques-de-compostelle-copy\/\" \/>\n<meta property=\"og:locale\" content=\"fr_FR\" \/>\n<meta property=\"og:type\" content=\"article\" \/>\n<meta property=\"og:title\" content=\"Visite priv\u00e9e des R\u00edas Altas et de la Sierra de Capelada depuis Saint-Jacques-de-Compostelle\" \/>\n<meta property=\"og:description\" content=\"D\u00e9couvrez le charme de Lugo lors d&#039;une visite priv\u00e9e au d\u00e9part de Saint-Jacques-de-Compostelle. Visitez les sites les plus embl\u00e9matiques de Lugo avec un guide professionnel et un transport confortable. Contactez Tour Travel and More d\u00e8s aujourd&#039;hui.\" \/>\n<meta property=\"og:url\" content=\"https:\/\/tourtravelandmore.com\/fr\/tours\/espagne-fr\/santiagodecompsotela-fr\/visite-privee-de-lugo-depuis-saint-jacques-de-compostelle-copy\/\" \/>\n<meta property=\"og:site_name\" content=\"Tour Travel And More\" \/>\n<meta property=\"article:publisher\" content=\"https:\/\/www.facebook.com\/tourtravelandmore\/\" \/>\n<meta property=\"article:modified_time\" content=\"2024-12-03T20:33:58+00:00\" \/>\n<meta property=\"og:image\" content=\"https:\/\/tourtravelandmore.com\/wp-content\/uploads\/2024\/12\/8566046_orig.jpg\" \/>\n\t<meta property=\"og:image:width\" content=\"1024\" \/>\n\t<meta property=\"og:image:height\" content=\"685\" \/>\n\t<meta property=\"og:image:type\" content=\"image\/jpeg\" \/>\n<meta name=\"twitter:card\" content=\"summary_large_image\" \/>\n<meta name=\"twitter:site\" content=\"@TourTravel_More\" \/>\n<meta name=\"twitter:label1\" content=\"Dur\u00e9e de lecture estim\u00e9e\" \/>\n\t<meta name=\"twitter:data1\" content=\"2 minutes\" \/>\n<script type=\"application\/ld+json\" class=\"yoast-schema-graph\">{\"@context\":\"https:\/\/schema.org\",\"@graph\":[{\"@type\":\"WebPage\",\"@id\":\"https:\/\/tourtravelandmore.com\/fr\/tours\/espagne-fr\/santiagodecompsotela-fr\/visite-privee-de-lugo-depuis-saint-jacques-de-compostelle-copy\/\",\"url\":\"https:\/\/tourtravelandmore.com\/fr\/tours\/espagne-fr\/santiagodecompsotela-fr\/visite-privee-de-lugo-depuis-saint-jacques-de-compostelle-copy\/\",\"name\":\"\u27a1\ufe0f Visite priv\u00e9e des R\u00edas Altas et de la Sierra de Capelada depuis Saint-Jacques-de-Compostelle\",\"isPartOf\":{\"@id\":\"https:\/\/tourtravelandmore.com\/fr\/#website\"},\"primaryImageOfPage\":{\"@id\":\"https:\/\/tourtravelandmore.com\/fr\/tours\/espagne-fr\/santiagodecompsotela-fr\/visite-privee-de-lugo-depuis-saint-jacques-de-compostelle-copy\/#primaryimage\"},\"image\":{\"@id\":\"https:\/\/tourtravelandmore.com\/fr\/tours\/espagne-fr\/santiagodecompsotela-fr\/visite-privee-de-lugo-depuis-saint-jacques-de-compostelle-copy\/#primaryimage\"},\"thumbnailUrl\":\"https:\/\/tourtravelandmore.com\/wp-content\/uploads\/2024\/12\/8566046_orig.jpg\",\"datePublished\":\"2024-12-03T19:15:22+00:00\",\"dateModified\":\"2024-12-03T20:33:58+00:00\",\"description\":\"D\u00e9couvrez le charme de Lugo lors d'une visite priv\u00e9e au d\u00e9part de Saint-Jacques-de-Compostelle. Visitez les sites les plus embl\u00e9matiques de Lugo avec un guide professionnel et un transport confortable. Contactez Tour Travel and More d\u00e8s aujourd'hui.\",\"breadcrumb\":{\"@id\":\"https:\/\/tourtravelandmore.com\/fr\/tours\/espagne-fr\/santiagodecompsotela-fr\/visite-privee-de-lugo-depuis-saint-jacques-de-compostelle-copy\/#breadcrumb\"},\"inLanguage\":\"fr-FR\",\"potentialAction\":[{\"@type\":\"ReadAction\",\"target\":[\"https:\/\/tourtravelandmore.com\/fr\/tours\/espagne-fr\/santiagodecompsotela-fr\/visite-privee-de-lugo-depuis-saint-jacques-de-compostelle-copy\/\"]}]},{\"@type\":\"ImageObject\",\"inLanguage\":\"fr-FR\",\"@id\":\"https:\/\/tourtravelandmore.com\/fr\/tours\/espagne-fr\/santiagodecompsotela-fr\/visite-privee-de-lugo-depuis-saint-jacques-de-compostelle-copy\/#primaryimage\",\"url\":\"https:\/\/tourtravelandmore.com\/wp-content\/uploads\/2024\/12\/8566046_orig.jpg\",\"contentUrl\":\"https:\/\/tourtravelandmore.com\/wp-content\/uploads\/2024\/12\/8566046_orig.jpg\",\"width\":1024,\"height\":685},{\"@type\":\"BreadcrumbList\",\"@id\":\"https:\/\/tourtravelandmore.com\/fr\/tours\/espagne-fr\/santiagodecompsotela-fr\/visite-privee-de-lugo-depuis-saint-jacques-de-compostelle-copy\/#breadcrumb\",\"itemListElement\":[{\"@type\":\"ListItem\",\"position\":1,\"name\":\"Home\",\"item\":\"https:\/\/tourtravelandmore.com\/fr\/\"},{\"@type\":\"ListItem\",\"position\":2,\"name\":\"Tours\",\"item\":\"https:\/\/tourtravelandmore.com\/fr\/tours\/\"},{\"@type\":\"ListItem\",\"position\":3,\"name\":\"Visite priv\u00e9e des R\u00edas Altas et de la Sierra de Capelada depuis Saint-Jacques-de-Compostelle\"}]},{\"@type\":\"WebSite\",\"@id\":\"https:\/\/tourtravelandmore.com\/fr\/#website\",\"url\":\"https:\/\/tourtravelandmore.com\/fr\/\",\"name\":\"Tour Travel And More\",\"description\":\"Private sightseeing tours and luxury transfers in Spain\",\"publisher\":{\"@id\":\"https:\/\/tourtravelandmore.com\/fr\/#organization\"},\"potentialAction\":[{\"@type\":\"SearchAction\",\"target\":{\"@type\":\"EntryPoint\",\"urlTemplate\":\"https:\/\/tourtravelandmore.com\/fr\/?s={search_term_string}\"},\"query-input\":{\"@type\":\"PropertyValueSpecification\",\"valueRequired\":true,\"valueName\":\"search_term_string\"}}],\"inLanguage\":\"fr-FR\"},{\"@type\":\"Organization\",\"@id\":\"https:\/\/tourtravelandmore.com\/fr\/#organization\",\"name\":\"Tour Travel And More\",\"url\":\"https:\/\/tourtravelandmore.com\/fr\/\",\"logo\":{\"@type\":\"ImageObject\",\"inLanguage\":\"fr-FR\",\"@id\":\"https:\/\/tourtravelandmore.com\/fr\/#\/schema\/logo\/image\/\",\"url\":\"https:\/\/tourtravelandmore.com\/wp-content\/uploads\/2022\/12\/cropped-logo-cabecera-new.png\",\"contentUrl\":\"https:\/\/tourtravelandmore.com\/wp-content\/uploads\/2022\/12\/cropped-logo-cabecera-new.png\",\"width\":430,\"height\":61,\"caption\":\"Tour Travel And More\"},\"image\":{\"@id\":\"https:\/\/tourtravelandmore.com\/fr\/#\/schema\/logo\/image\/\"},\"sameAs\":[\"https:\/\/www.facebook.com\/tourtravelandmore\/\",\"https:\/\/x.com\/TourTravel_More\"]}]}<\/script>\n<!-- \/ Yoast SEO Premium plugin. -->","yoast_head_json":{"title":"\u27a1\ufe0f Visite priv\u00e9e des R\u00edas Altas et de la Sierra de Capelada depuis Saint-Jacques-de-Compostelle","description":"D\u00e9couvrez le charme de Lugo lors d'une visite priv\u00e9e au d\u00e9part de Saint-Jacques-de-Compostelle. Visitez les sites les plus embl\u00e9matiques de Lugo avec un guide professionnel et un transport confortable. Contactez Tour Travel and More d\u00e8s aujourd'hui.","robots":{"index":"index","follow":"follow","max-snippet":"max-snippet:-1","max-image-preview":"max-image-preview:large","max-video-preview":"max-video-preview:-1"},"canonical":"https:\/\/tourtravelandmore.com\/fr\/tours\/espagne-fr\/santiagodecompsotela-fr\/visite-privee-de-lugo-depuis-saint-jacques-de-compostelle-copy\/","og_locale":"fr_FR","og_type":"article","og_title":"Visite priv\u00e9e des R\u00edas Altas et de la Sierra de Capelada depuis Saint-Jacques-de-Compostelle","og_description":"D\u00e9couvrez le charme de Lugo lors d'une visite priv\u00e9e au d\u00e9part de Saint-Jacques-de-Compostelle. Visitez les sites les plus embl\u00e9matiques de Lugo avec un guide professionnel et un transport confortable. Contactez Tour Travel and More d\u00e8s aujourd'hui.","og_url":"https:\/\/tourtravelandmore.com\/fr\/tours\/espagne-fr\/santiagodecompsotela-fr\/visite-privee-de-lugo-depuis-saint-jacques-de-compostelle-copy\/","og_site_name":"Tour Travel And More","article_publisher":"https:\/\/www.facebook.com\/tourtravelandmore\/","article_modified_time":"2024-12-03T20:33:58+00:00","og_image":[{"width":1024,"height":685,"url":"https:\/\/tourtravelandmore.com\/wp-content\/uploads\/2024\/12\/8566046_orig.jpg","type":"image\/jpeg"}],"twitter_card":"summary_large_image","twitter_site":"@TourTravel_More","twitter_misc":{"Dur\u00e9e de lecture estim\u00e9e":"2 minutes"},"schema":{"@context":"https:\/\/schema.org","@graph":[{"@type":"WebPage","@id":"https:\/\/tourtravelandmore.com\/fr\/tours\/espagne-fr\/santiagodecompsotela-fr\/visite-privee-de-lugo-depuis-saint-jacques-de-compostelle-copy\/","url":"https:\/\/tourtravelandmore.com\/fr\/tours\/espagne-fr\/santiagodecompsotela-fr\/visite-privee-de-lugo-depuis-saint-jacques-de-compostelle-copy\/","name":"\u27a1\ufe0f Visite priv\u00e9e des R\u00edas Altas et de la Sierra de Capelada depuis Saint-Jacques-de-Compostelle","isPartOf":{"@id":"https:\/\/tourtravelandmore.com\/fr\/#website"},"primaryImageOfPage":{"@id":"https:\/\/tourtravelandmore.com\/fr\/tours\/espagne-fr\/santiagodecompsotela-fr\/visite-privee-de-lugo-depuis-saint-jacques-de-compostelle-copy\/#primaryimage"},"image":{"@id":"https:\/\/tourtravelandmore.com\/fr\/tours\/espagne-fr\/santiagodecompsotela-fr\/visite-privee-de-lugo-depuis-saint-jacques-de-compostelle-copy\/#primaryimage"},"thumbnailUrl":"https:\/\/tourtravelandmore.com\/wp-content\/uploads\/2024\/12\/8566046_orig.jpg","datePublished":"2024-12-03T19:15:22+00:00","dateModified":"2024-12-03T20:33:58+00:00","description":"D\u00e9couvrez le charme de Lugo lors d'une visite priv\u00e9e au d\u00e9part de Saint-Jacques-de-Compostelle. Visitez les sites les plus embl\u00e9matiques de Lugo avec un guide professionnel et un transport confortable. Contactez Tour Travel and More d\u00e8s aujourd'hui.","breadcrumb":{"@id":"https:\/\/tourtravelandmore.com\/fr\/tours\/espagne-fr\/santiagodecompsotela-fr\/visite-privee-de-lugo-depuis-saint-jacques-de-compostelle-copy\/#breadcrumb"},"inLanguage":"fr-FR","potentialAction":[{"@type":"ReadAction","target":["https:\/\/tourtravelandmore.com\/fr\/tours\/espagne-fr\/santiagodecompsotela-fr\/visite-privee-de-lugo-depuis-saint-jacques-de-compostelle-copy\/"]}]},{"@type":"ImageObject","inLanguage":"fr-FR","@id":"https:\/\/tourtravelandmore.com\/fr\/tours\/espagne-fr\/santiagodecompsotela-fr\/visite-privee-de-lugo-depuis-saint-jacques-de-compostelle-copy\/#primaryimage","url":"https:\/\/tourtravelandmore.com\/wp-content\/uploads\/2024\/12\/8566046_orig.jpg","contentUrl":"https:\/\/tourtravelandmore.com\/wp-content\/uploads\/2024\/12\/8566046_orig.jpg","width":1024,"height":685},{"@type":"BreadcrumbList","@id":"https:\/\/tourtravelandmore.com\/fr\/tours\/espagne-fr\/santiagodecompsotela-fr\/visite-privee-de-lugo-depuis-saint-jacques-de-compostelle-copy\/#breadcrumb","itemListElement":[{"@type":"ListItem","position":1,"name":"Home","item":"https:\/\/tourtravelandmore.com\/fr\/"},{"@type":"ListItem","position":2,"name":"Tours","item":"https:\/\/tourtravelandmore.com\/fr\/tours\/"},{"@type":"ListItem","position":3,"name":"Visite priv\u00e9e des R\u00edas Altas et de la Sierra de Capelada depuis Saint-Jacques-de-Compostelle"}]},{"@type":"WebSite","@id":"https:\/\/tourtravelandmore.com\/fr\/#website","url":"https:\/\/tourtravelandmore.com\/fr\/","name":"Tour Travel And More","description":"Private sightseeing tours and luxury transfers in Spain","publisher":{"@id":"https:\/\/tourtravelandmore.com\/fr\/#organization"},"potentialAction":[{"@type":"SearchAction","target":{"@type":"EntryPoint","urlTemplate":"https:\/\/tourtravelandmore.com\/fr\/?s={search_term_string}"},"query-input":{"@type":"PropertyValueSpecification","valueRequired":true,"valueName":"search_term_string"}}],"inLanguage":"fr-FR"},{"@type":"Organization","@id":"https:\/\/tourtravelandmore.com\/fr\/#organization","name":"Tour Travel And More","url":"https:\/\/tourtravelandmore.com\/fr\/","logo":{"@type":"ImageObject","inLanguage":"fr-FR","@id":"https:\/\/tourtravelandmore.com\/fr\/#\/schema\/logo\/image\/","url":"https:\/\/tourtravelandmore.com\/wp-content\/uploads\/2022\/12\/cropped-logo-cabecera-new.png","contentUrl":"https:\/\/tourtravelandmore.com\/wp-content\/uploads\/2022\/12\/cropped-logo-cabecera-new.png","width":430,"height":61,"caption":"Tour Travel And More"},"image":{"@id":"https:\/\/tourtravelandmore.com\/fr\/#\/schema\/logo\/image\/"},"sameAs":["https:\/\/www.facebook.com\/tourtravelandmore\/","https:\/\/x.com\/TourTravel_More"]}]}},"_links":{"self":[{"href":"https:\/\/tourtravelandmore.com\/fr\/wp-json\/wp\/v2\/product\/178933","targetHints":{"allow":["GET"]}}],"collection":[{"href":"https:\/\/tourtravelandmore.com\/fr\/wp-json\/wp\/v2\/product"}],"about":[{"href":"https:\/\/tourtravelandmore.com\/fr\/wp-json\/wp\/v2\/types\/product"}],"replies":[{"embeddable":true,"href":"https:\/\/tourtravelandmore.com\/fr\/wp-json\/wp\/v2\/comments?post=178933"}],"wp:featuredmedia":[{"embeddable":true,"href":"https:\/\/tourtravelandmore.com\/fr\/wp-json\/wp\/v2\/media\/178943"}],"wp:attachment":[{"href":"https:\/\/tourtravelandmore.com\/fr\/wp-json\/wp\/v2\/media?parent=178933"}],"wp:term":[{"taxonomy":"product_brand","embeddable":true,"href":"https:\/\/tourtravelandmore.com\/fr\/wp-json\/wp\/v2\/product_brand?post=178933"},{"taxonomy":"product_cat","embeddable":true,"href":"https:\/\/tourtravelandmore.com\/fr\/wp-json\/wp\/v2\/product_cat?post=178933"},{"taxonomy":"product_tag","embeddable":true,"href":"https:\/\/tourtravelandmore.com\/fr\/wp-json\/wp\/v2\/product_tag?post=178933"}],"curies":[{"name":"wp","href":"https:\/\/api.w.org\/{rel}","templated":true}]}}