{"id":178906,"date":"2024-12-03T15:08:19","date_gmt":"2024-12-03T14:08:24","guid":{"rendered":"https:\/\/tourtravelandmore.com\/?post_type=product&#038;p=178906"},"modified":"2024-12-03T15:44:33","modified_gmt":"2024-12-03T14:44:33","slug":"visite-privee-a-pied-de-saint-jacques-de-compostelle-copy-2","status":"publish","type":"product","link":"https:\/\/tourtravelandmore.com\/fr\/tours\/espagne-fr\/santiagodecompsotela-fr\/visite-privee-a-pied-de-saint-jacques-de-compostelle-copy-2\/","title":{"rendered":"Visite priv\u00e9e \u00e0 pied : Cath\u00e9drale et mus\u00e9e de Saint-Jacques-de-Compostelle"},"content":{"rendered":"<h2>Visite priv\u00e9e \u00e0 pied : Cath\u00e9drale et mus\u00e9e de Saint-Jacques-de-Compostelle<b> Description<\/b><\/h2>\n<p>D\u00e9couvrez le c\u0153ur historique et spirituel de Saint-Jacques-de-Compostelle gr\u00e2ce \u00e0 notre visite priv\u00e9e exclusive de deux heures. Votre guide local expert vous plongera dans l&#8217;histoire fascinante, l&#8217;art et les l\u00e9gendes qui entourent l&#8217;embl\u00e9matique cath\u00e9drale de Saint-Jacques et son mus\u00e9e attenant.<\/p>\n<p>Cette visite priv\u00e9e \u00e0 pied vous permet de vous immerger totalement dans la beaut\u00e9 et le charme de Saint-Jacques-de-Compostelle, et vous offre une exp\u00e9rience unique et personnelle des sites et des sons de la ville. Vous serez en mesure de voir les sites c\u00e9l\u00e8bres de la ville et les joyaux cach\u00e9s qui sont souvent manqu\u00e9s par les grands groupes de touristes, ce qui fait de cette visite le choix id\u00e9al pour les voyageurs qui veulent tirer le meilleur parti de leur temps dans la ville.<\/p>\n<p>Cette visite comprend un guide professionnel et les billets d&#8217;entr\u00e9e \u00e0 la cath\u00e9drale et au mus\u00e9e. R\u00e9servez d\u00e8s maintenant pour un voyage inoubliable dans l&#8217;histoire et l&#8217;art de Saint-Jacques-de-Compostelle.<\/p>\n<h2><b>Points d&#8217;int\u00e9r\u00eat<\/b><\/h2>\n<p>Commencez votre voyage sur la place de l&#8217;Obradoiro, le magnifique parvis de la cath\u00e9drale, o\u00f9 votre guide vous pr\u00e9sentera l&#8217;importance de ce site class\u00e9 au patrimoine mondial de l&#8217;UNESCO. Entrez dans la cath\u00e9drale pour vous \u00e9merveiller de son int\u00e9rieur impressionnant, du complexe P\u00f3rtico da Gloria au Botafumeiro, l&#8217;un des plus grands encensoirs du monde.<\/p>\n<p>Ensuite, plongez dans les tr\u00e9sors du mus\u00e9e de la cath\u00e9drale. Vous y d\u00e9couvrirez une riche collection d&#8217;objets, dont des manuscrits anciens, des reliques religieuses et des \u0153uvres d&#8217;art \u00e9tonnantes qui refl\u00e8tent des si\u00e8cles de d\u00e9votion et de p\u00e8lerinage.<\/p>\n<p>Parfaite pour les passionn\u00e9s d&#8217;histoire et de culture, cette visite permet de mieux comprendre l&#8217;importance durable du Camino de Santiago et le r\u00f4le sacr\u00e9 de la cath\u00e9drale dans son h\u00e9ritage.<\/p>\n<ul>\n<li><b><strong>Guide local expert :<\/strong><\/b> Profitez d&#8217;une exp\u00e9rience personnalis\u00e9e et engageante avec un guide bien inform\u00e9.<\/li>\n<li><b><strong>Entr\u00e9e \u00e0 la cath\u00e9drale de Santiago :<\/strong><\/b> D\u00e9couvrez l&#8217;architecture \u00e9tonnante, les reliques sacr\u00e9es et l&#8217;importance historique de ce lieu embl\u00e9matique.<\/li>\n<li><b><strong>Visite du mus\u00e9e de la cath\u00e9drale :<\/strong><\/b> Explorez une vaste collection d&#8217;artefacts, de tr\u00e9sors religieux et d&#8217;expositions historiques.<\/li>\n<li><b><strong>Adapt\u00e9 \u00e0 vos int\u00e9r\u00eats :<\/strong><\/b> La visite priv\u00e9e garantit une exp\u00e9rience personnalis\u00e9e adapt\u00e9e \u00e0 vos pr\u00e9f\u00e9rences.<\/li>\n<li><b><strong>Dur\u00e9e :<\/strong><\/b> 2 heures d&#8217;immersion au c\u0153ur du riche patrimoine culturel et spirituel de Santiago.<\/li>\n<\/ul>\n<p>Si vous souhaitez d\u00e9couvrir Saint-Jacques-de-Compostelle et en apprendre davantage sur sa riche histoire et sa culture, consultez la liste des <a href=\"https:\/\/tourtravelandmore.com\/fr\/city\/espagne-fr\/santiagodecompsotela-fr\/\">visites priv\u00e9es propos\u00e9es par Tour Travel and More !<\/a><\/p>\n","protected":false},"excerpt":{"rendered":"<p>D\u00e9couvrez le c\u0153ur historique et spirituel de Saint-Jacques-de-Compostelle gr\u00e2ce \u00e0 notre visite priv\u00e9e exclusive de deux heures. Votre guide local expert vous plongera dans l&#8217;histoire fascinante, l&#8217;art et les l\u00e9gendes qui entourent l&#8217;embl\u00e9matique cath\u00e9drale de Saint-Jacques et son mus\u00e9e attenant.<\/p>\n","protected":false},"featured_media":178917,"comment_status":"open","ping_status":"closed","template":"","meta":{"_acf_changed":false},"product_brand":[],"product_cat":[4438,5126,5125,3589],"product_tag":[],"class_list":{"0":"post-178906","1":"product","2":"type-product","3":"status-publish","4":"has-post-thumbnail","6":"product_cat-all-private-tours-activities-fr-21","7":"product_cat-private-sightseeing-tours-fr-31","8":"product_cat-private-walking-tours-fr-13","9":"product_cat-santiagodecompsotela-fr","11":"first","12":"instock","13":"shipping-taxable","14":"purchasable","15":"product-type-simple"},"acf":[],"yoast_head":"<!-- This site is optimized with the Yoast SEO Premium plugin v25.3.1 (Yoast SEO v25.3.1) - https:\/\/yoast.com\/wordpress\/plugins\/seo\/ -->\n<title>\u27a1\ufe0f Visite priv\u00e9e \u00e0 pied de Saint-Jacques-de-Compostelle - Guide touristique officiel priv\u00e9<\/title>\n<meta name=\"description\" content=\"Visite priv\u00e9e de SantiaPrivate Santiago de Compostela Walking Tour. Monuments et sites les plus importants. Profitez de cette occasion pour vous rendre en ville! \u2705\" \/>\n<meta name=\"robots\" content=\"index, follow, max-snippet:-1, max-image-preview:large, max-video-preview:-1\" \/>\n<link rel=\"canonical\" href=\"https:\/\/tourtravelandmore.com\/fr\/tours\/espagne-fr\/santiagodecompsotela-fr\/visite-privee-a-pied-de-saint-jacques-de-compostelle-copy-2\/\" \/>\n<meta property=\"og:locale\" content=\"fr_FR\" \/>\n<meta property=\"og:type\" content=\"article\" \/>\n<meta property=\"og:title\" content=\"Visite priv\u00e9e \u00e0 pied : Cath\u00e9drale et mus\u00e9e de Saint-Jacques-de-Compostelle\" \/>\n<meta property=\"og:description\" content=\"Visite priv\u00e9e de SantiaPrivate Santiago de Compostela Walking Tour. Monuments et sites les plus importants. Profitez de cette occasion pour vous rendre en ville! \u2705\" \/>\n<meta property=\"og:url\" content=\"https:\/\/tourtravelandmore.com\/fr\/tours\/espagne-fr\/santiagodecompsotela-fr\/visite-privee-a-pied-de-saint-jacques-de-compostelle-copy-2\/\" \/>\n<meta property=\"og:site_name\" content=\"Tour Travel And More\" \/>\n<meta property=\"article:publisher\" content=\"https:\/\/www.facebook.com\/tourtravelandmore\/\" \/>\n<meta property=\"article:modified_time\" content=\"2024-12-03T14:44:33+00:00\" \/>\n<meta property=\"og:image\" content=\"https:\/\/tourtravelandmore.com\/wp-content\/uploads\/2024\/12\/pexels-jokassis-11690260-2.jpg\" \/>\n\t<meta property=\"og:image:width\" content=\"1280\" \/>\n\t<meta property=\"og:image:height\" content=\"853\" \/>\n\t<meta property=\"og:image:type\" content=\"image\/jpeg\" \/>\n<meta name=\"twitter:card\" content=\"summary_large_image\" \/>\n<meta name=\"twitter:site\" content=\"@TourTravel_More\" \/>\n<meta name=\"twitter:label1\" content=\"Dur\u00e9e de lecture estim\u00e9e\" \/>\n\t<meta name=\"twitter:data1\" content=\"2 minutes\" \/>\n<script type=\"application\/ld+json\" class=\"yoast-schema-graph\">{\"@context\":\"https:\/\/schema.org\",\"@graph\":[{\"@type\":\"WebPage\",\"@id\":\"https:\/\/tourtravelandmore.com\/fr\/tours\/espagne-fr\/santiagodecompsotela-fr\/visite-privee-a-pied-de-saint-jacques-de-compostelle-copy-2\/\",\"url\":\"https:\/\/tourtravelandmore.com\/fr\/tours\/espagne-fr\/santiagodecompsotela-fr\/visite-privee-a-pied-de-saint-jacques-de-compostelle-copy-2\/\",\"name\":\"\u27a1\ufe0f Visite priv\u00e9e \u00e0 pied de Saint-Jacques-de-Compostelle - Guide touristique officiel priv\u00e9\",\"isPartOf\":{\"@id\":\"https:\/\/tourtravelandmore.com\/fr\/#website\"},\"primaryImageOfPage\":{\"@id\":\"https:\/\/tourtravelandmore.com\/fr\/tours\/espagne-fr\/santiagodecompsotela-fr\/visite-privee-a-pied-de-saint-jacques-de-compostelle-copy-2\/#primaryimage\"},\"image\":{\"@id\":\"https:\/\/tourtravelandmore.com\/fr\/tours\/espagne-fr\/santiagodecompsotela-fr\/visite-privee-a-pied-de-saint-jacques-de-compostelle-copy-2\/#primaryimage\"},\"thumbnailUrl\":\"https:\/\/tourtravelandmore.com\/wp-content\/uploads\/2024\/12\/pexels-jokassis-11690260-2.jpg\",\"datePublished\":\"2024-12-03T14:08:24+00:00\",\"dateModified\":\"2024-12-03T14:44:33+00:00\",\"description\":\"Visite priv\u00e9e de SantiaPrivate Santiago de Compostela Walking Tour. Monuments et sites les plus importants. Profitez de cette occasion pour vous rendre en ville! \u2705\",\"breadcrumb\":{\"@id\":\"https:\/\/tourtravelandmore.com\/fr\/tours\/espagne-fr\/santiagodecompsotela-fr\/visite-privee-a-pied-de-saint-jacques-de-compostelle-copy-2\/#breadcrumb\"},\"inLanguage\":\"fr-FR\",\"potentialAction\":[{\"@type\":\"ReadAction\",\"target\":[\"https:\/\/tourtravelandmore.com\/fr\/tours\/espagne-fr\/santiagodecompsotela-fr\/visite-privee-a-pied-de-saint-jacques-de-compostelle-copy-2\/\"]}]},{\"@type\":\"ImageObject\",\"inLanguage\":\"fr-FR\",\"@id\":\"https:\/\/tourtravelandmore.com\/fr\/tours\/espagne-fr\/santiagodecompsotela-fr\/visite-privee-a-pied-de-saint-jacques-de-compostelle-copy-2\/#primaryimage\",\"url\":\"https:\/\/tourtravelandmore.com\/wp-content\/uploads\/2024\/12\/pexels-jokassis-11690260-2.jpg\",\"contentUrl\":\"https:\/\/tourtravelandmore.com\/wp-content\/uploads\/2024\/12\/pexels-jokassis-11690260-2.jpg\",\"width\":1280,\"height\":853},{\"@type\":\"BreadcrumbList\",\"@id\":\"https:\/\/tourtravelandmore.com\/fr\/tours\/espagne-fr\/santiagodecompsotela-fr\/visite-privee-a-pied-de-saint-jacques-de-compostelle-copy-2\/#breadcrumb\",\"itemListElement\":[{\"@type\":\"ListItem\",\"position\":1,\"name\":\"Home\",\"item\":\"https:\/\/tourtravelandmore.com\/fr\/\"},{\"@type\":\"ListItem\",\"position\":2,\"name\":\"Tours\",\"item\":\"https:\/\/tourtravelandmore.com\/fr\/tours\/\"},{\"@type\":\"ListItem\",\"position\":3,\"name\":\"Visite priv\u00e9e \u00e0 pied : Cath\u00e9drale et mus\u00e9e de Saint-Jacques-de-Compostelle\"}]},{\"@type\":\"WebSite\",\"@id\":\"https:\/\/tourtravelandmore.com\/fr\/#website\",\"url\":\"https:\/\/tourtravelandmore.com\/fr\/\",\"name\":\"Tour Travel And More\",\"description\":\"Private sightseeing tours and luxury transfers in Spain\",\"publisher\":{\"@id\":\"https:\/\/tourtravelandmore.com\/fr\/#organization\"},\"potentialAction\":[{\"@type\":\"SearchAction\",\"target\":{\"@type\":\"EntryPoint\",\"urlTemplate\":\"https:\/\/tourtravelandmore.com\/fr\/?s={search_term_string}\"},\"query-input\":{\"@type\":\"PropertyValueSpecification\",\"valueRequired\":true,\"valueName\":\"search_term_string\"}}],\"inLanguage\":\"fr-FR\"},{\"@type\":\"Organization\",\"@id\":\"https:\/\/tourtravelandmore.com\/fr\/#organization\",\"name\":\"Tour Travel And More\",\"url\":\"https:\/\/tourtravelandmore.com\/fr\/\",\"logo\":{\"@type\":\"ImageObject\",\"inLanguage\":\"fr-FR\",\"@id\":\"https:\/\/tourtravelandmore.com\/fr\/#\/schema\/logo\/image\/\",\"url\":\"https:\/\/tourtravelandmore.com\/wp-content\/uploads\/2022\/12\/cropped-logo-cabecera-new.png\",\"contentUrl\":\"https:\/\/tourtravelandmore.com\/wp-content\/uploads\/2022\/12\/cropped-logo-cabecera-new.png\",\"width\":430,\"height\":61,\"caption\":\"Tour Travel And More\"},\"image\":{\"@id\":\"https:\/\/tourtravelandmore.com\/fr\/#\/schema\/logo\/image\/\"},\"sameAs\":[\"https:\/\/www.facebook.com\/tourtravelandmore\/\",\"https:\/\/x.com\/TourTravel_More\"]}]}<\/script>\n<!-- \/ Yoast SEO Premium plugin. -->","yoast_head_json":{"title":"\u27a1\ufe0f Visite priv\u00e9e \u00e0 pied de Saint-Jacques-de-Compostelle - Guide touristique officiel priv\u00e9","description":"Visite priv\u00e9e de SantiaPrivate Santiago de Compostela Walking Tour. Monuments et sites les plus importants. Profitez de cette occasion pour vous rendre en ville! \u2705","robots":{"index":"index","follow":"follow","max-snippet":"max-snippet:-1","max-image-preview":"max-image-preview:large","max-video-preview":"max-video-preview:-1"},"canonical":"https:\/\/tourtravelandmore.com\/fr\/tours\/espagne-fr\/santiagodecompsotela-fr\/visite-privee-a-pied-de-saint-jacques-de-compostelle-copy-2\/","og_locale":"fr_FR","og_type":"article","og_title":"Visite priv\u00e9e \u00e0 pied : Cath\u00e9drale et mus\u00e9e de Saint-Jacques-de-Compostelle","og_description":"Visite priv\u00e9e de SantiaPrivate Santiago de Compostela Walking Tour. Monuments et sites les plus importants. Profitez de cette occasion pour vous rendre en ville! \u2705","og_url":"https:\/\/tourtravelandmore.com\/fr\/tours\/espagne-fr\/santiagodecompsotela-fr\/visite-privee-a-pied-de-saint-jacques-de-compostelle-copy-2\/","og_site_name":"Tour Travel And More","article_publisher":"https:\/\/www.facebook.com\/tourtravelandmore\/","article_modified_time":"2024-12-03T14:44:33+00:00","og_image":[{"width":1280,"height":853,"url":"https:\/\/tourtravelandmore.com\/wp-content\/uploads\/2024\/12\/pexels-jokassis-11690260-2.jpg","type":"image\/jpeg"}],"twitter_card":"summary_large_image","twitter_site":"@TourTravel_More","twitter_misc":{"Dur\u00e9e de lecture estim\u00e9e":"2 minutes"},"schema":{"@context":"https:\/\/schema.org","@graph":[{"@type":"WebPage","@id":"https:\/\/tourtravelandmore.com\/fr\/tours\/espagne-fr\/santiagodecompsotela-fr\/visite-privee-a-pied-de-saint-jacques-de-compostelle-copy-2\/","url":"https:\/\/tourtravelandmore.com\/fr\/tours\/espagne-fr\/santiagodecompsotela-fr\/visite-privee-a-pied-de-saint-jacques-de-compostelle-copy-2\/","name":"\u27a1\ufe0f Visite priv\u00e9e \u00e0 pied de Saint-Jacques-de-Compostelle - Guide touristique officiel priv\u00e9","isPartOf":{"@id":"https:\/\/tourtravelandmore.com\/fr\/#website"},"primaryImageOfPage":{"@id":"https:\/\/tourtravelandmore.com\/fr\/tours\/espagne-fr\/santiagodecompsotela-fr\/visite-privee-a-pied-de-saint-jacques-de-compostelle-copy-2\/#primaryimage"},"image":{"@id":"https:\/\/tourtravelandmore.com\/fr\/tours\/espagne-fr\/santiagodecompsotela-fr\/visite-privee-a-pied-de-saint-jacques-de-compostelle-copy-2\/#primaryimage"},"thumbnailUrl":"https:\/\/tourtravelandmore.com\/wp-content\/uploads\/2024\/12\/pexels-jokassis-11690260-2.jpg","datePublished":"2024-12-03T14:08:24+00:00","dateModified":"2024-12-03T14:44:33+00:00","description":"Visite priv\u00e9e de SantiaPrivate Santiago de Compostela Walking Tour. Monuments et sites les plus importants. Profitez de cette occasion pour vous rendre en ville! \u2705","breadcrumb":{"@id":"https:\/\/tourtravelandmore.com\/fr\/tours\/espagne-fr\/santiagodecompsotela-fr\/visite-privee-a-pied-de-saint-jacques-de-compostelle-copy-2\/#breadcrumb"},"inLanguage":"fr-FR","potentialAction":[{"@type":"ReadAction","target":["https:\/\/tourtravelandmore.com\/fr\/tours\/espagne-fr\/santiagodecompsotela-fr\/visite-privee-a-pied-de-saint-jacques-de-compostelle-copy-2\/"]}]},{"@type":"ImageObject","inLanguage":"fr-FR","@id":"https:\/\/tourtravelandmore.com\/fr\/tours\/espagne-fr\/santiagodecompsotela-fr\/visite-privee-a-pied-de-saint-jacques-de-compostelle-copy-2\/#primaryimage","url":"https:\/\/tourtravelandmore.com\/wp-content\/uploads\/2024\/12\/pexels-jokassis-11690260-2.jpg","contentUrl":"https:\/\/tourtravelandmore.com\/wp-content\/uploads\/2024\/12\/pexels-jokassis-11690260-2.jpg","width":1280,"height":853},{"@type":"BreadcrumbList","@id":"https:\/\/tourtravelandmore.com\/fr\/tours\/espagne-fr\/santiagodecompsotela-fr\/visite-privee-a-pied-de-saint-jacques-de-compostelle-copy-2\/#breadcrumb","itemListElement":[{"@type":"ListItem","position":1,"name":"Home","item":"https:\/\/tourtravelandmore.com\/fr\/"},{"@type":"ListItem","position":2,"name":"Tours","item":"https:\/\/tourtravelandmore.com\/fr\/tours\/"},{"@type":"ListItem","position":3,"name":"Visite priv\u00e9e \u00e0 pied : Cath\u00e9drale et mus\u00e9e de Saint-Jacques-de-Compostelle"}]},{"@type":"WebSite","@id":"https:\/\/tourtravelandmore.com\/fr\/#website","url":"https:\/\/tourtravelandmore.com\/fr\/","name":"Tour Travel And More","description":"Private sightseeing tours and luxury transfers in Spain","publisher":{"@id":"https:\/\/tourtravelandmore.com\/fr\/#organization"},"potentialAction":[{"@type":"SearchAction","target":{"@type":"EntryPoint","urlTemplate":"https:\/\/tourtravelandmore.com\/fr\/?s={search_term_string}"},"query-input":{"@type":"PropertyValueSpecification","valueRequired":true,"valueName":"search_term_string"}}],"inLanguage":"fr-FR"},{"@type":"Organization","@id":"https:\/\/tourtravelandmore.com\/fr\/#organization","name":"Tour Travel And More","url":"https:\/\/tourtravelandmore.com\/fr\/","logo":{"@type":"ImageObject","inLanguage":"fr-FR","@id":"https:\/\/tourtravelandmore.com\/fr\/#\/schema\/logo\/image\/","url":"https:\/\/tourtravelandmore.com\/wp-content\/uploads\/2022\/12\/cropped-logo-cabecera-new.png","contentUrl":"https:\/\/tourtravelandmore.com\/wp-content\/uploads\/2022\/12\/cropped-logo-cabecera-new.png","width":430,"height":61,"caption":"Tour Travel And More"},"image":{"@id":"https:\/\/tourtravelandmore.com\/fr\/#\/schema\/logo\/image\/"},"sameAs":["https:\/\/www.facebook.com\/tourtravelandmore\/","https:\/\/x.com\/TourTravel_More"]}]}},"_links":{"self":[{"href":"https:\/\/tourtravelandmore.com\/fr\/wp-json\/wp\/v2\/product\/178906","targetHints":{"allow":["GET"]}}],"collection":[{"href":"https:\/\/tourtravelandmore.com\/fr\/wp-json\/wp\/v2\/product"}],"about":[{"href":"https:\/\/tourtravelandmore.com\/fr\/wp-json\/wp\/v2\/types\/product"}],"replies":[{"embeddable":true,"href":"https:\/\/tourtravelandmore.com\/fr\/wp-json\/wp\/v2\/comments?post=178906"}],"wp:featuredmedia":[{"embeddable":true,"href":"https:\/\/tourtravelandmore.com\/fr\/wp-json\/wp\/v2\/media\/178917"}],"wp:attachment":[{"href":"https:\/\/tourtravelandmore.com\/fr\/wp-json\/wp\/v2\/media?parent=178906"}],"wp:term":[{"taxonomy":"product_brand","embeddable":true,"href":"https:\/\/tourtravelandmore.com\/fr\/wp-json\/wp\/v2\/product_brand?post=178906"},{"taxonomy":"product_cat","embeddable":true,"href":"https:\/\/tourtravelandmore.com\/fr\/wp-json\/wp\/v2\/product_cat?post=178906"},{"taxonomy":"product_tag","embeddable":true,"href":"https:\/\/tourtravelandmore.com\/fr\/wp-json\/wp\/v2\/product_tag?post=178906"}],"curies":[{"name":"wp","href":"https:\/\/api.w.org\/{rel}","templated":true}]}}