{"id":178832,"date":"2024-11-27T17:28:30","date_gmt":"2024-11-27T16:28:34","guid":{"rendered":"https:\/\/tourtravelandmore.com\/?post_type=product&#038;p=178832"},"modified":"2025-08-08T16:18:25","modified_gmt":"2025-08-08T14:18:25","slug":"visite-privee-des-rias-baixas-vigo-depuis-saint-jacques-de-compostelle-copy","status":"publish","type":"product","link":"https:\/\/tourtravelandmore.com\/fr\/tours\/espagne-fr\/santiagodecompsotela-fr\/visite-privee-des-rias-baixas-vigo-depuis-saint-jacques-de-compostelle-copy\/","title":{"rendered":"Visite priv\u00e9e des R\u00edas Baixas : R\u00eda de Arousa et la p\u00e9ninsule de Saln\u00e9s"},"content":{"rendered":"<h2><b>Visite priv\u00e9e des R\u00edas Baixas : R\u00eda de Arousa et la p\u00e9ninsule de Saln\u00e9s | Description<\/b><\/h2>\n<p>Cette visite priv\u00e9e des R\u00edas Baixas : R\u00eda de Arousa et la p\u00e9ninsule de Saln\u00e9s vous plongera au c\u0153ur de la richesse naturelle et culturelle de la Galice. Accompagn\u00e9 de votre guide priv\u00e9, vous explorerez des villages de p\u00eacheurs, des vignobles et des estuaires \u00e0 couper le souffle dans l&#8217;une des r\u00e9gions les plus pittoresques de la r\u00e9gion.<\/p>\n<p>Commencez votre journ\u00e9e par une route panoramique le long de la R\u00eda de Arousa, le plus grand estuaire de Galice et un centre vital pour la production de moules et de fruits de mer. Dans des villes comme <a href=\"https:\/\/www.turismo.gal\/que-visitar\/destacados\/vilanova-de-arousa?langId=en_US\">Vilanova de Arousa<\/a> ou Vilagarc\u00eda de Arousa, vous d\u00e9couvrirez les traditions maritimes et le rythme de vie tranquille de la r\u00e9gion. Ensuite, aventurez-vous dans l&#8217;arri\u00e8re-pays de la p\u00e9ninsule de Saln\u00e9s, connue pour ses collines ondulantes, ses vignobles d&#8217;<i>albari\u00f1o<\/i> et ses paysages verdoyants.<\/p>\n<p>Vous aurez \u00e9galement la possibilit\u00e9 de visiter des lieux tels que <a href=\"https:\/\/turismo.cambados.gal\/\">Cambados <\/a>ou Meis, selon vos centres d&#8217;int\u00e9r\u00eat. La r\u00e9gion est id\u00e9ale pour ceux qui souhaitent allier nature, histoire et gastronomie en une seule exp\u00e9rience. Comme toujours, l&#8217;itin\u00e9raire est enti\u00e8rement personnalisable.<\/p>\n<h2><b>Points d&#8217;int\u00e9r\u00eat<\/b><\/h2>\n<p>Profitez d&#8217;une journ\u00e9e priv\u00e9e pour d\u00e9couvrir la beaut\u00e9 des estuaires et la r\u00e9gion viticole de Galice.<\/p>\n<p><b>R\u00eda de Arousa :<\/b> explorez des villes c\u00f4ti\u00e8res aux profondes racines maritimes.<\/p>\n<p><b>P\u00e9ninsule de Saln\u00e9s :<\/b> d\u00e9couvrez des collines verdoyantes et des vignobles d&#8217;albari\u00f1o.<\/p>\n<p><b>D\u00e9gustations de fruits de mer et de vin :<\/b> d\u00e9gustations facultatives dans des bodegas traditionnelles ou des marisquer\u00edas.<\/p>\n<p><b>Itin\u00e9raire flexible :<\/b> votre guide adaptera la journ\u00e9e \u00e0 votre rythme et \u00e0 vos pr\u00e9f\u00e9rences.<\/p>\n<p>Cette <b>visite priv\u00e9e des R\u00edas Baixas : R\u00eda de Arousa et la p\u00e9ninsule de Saln\u00e9s<\/b> est id\u00e9ale pour les voyageurs en qu\u00eate d&#8217;authenticit\u00e9, de confort et d&#8217;une connexion profonde avec le charme c\u00f4tier de la Galice.<\/p>\n<p>Si vous souhaitez explorer Saint-Jacques-de-Compostelle et en savoir plus sur sa riche histoire et sa culture, consultez la liste des <a href=\"https:\/\/tourtravelandmore.com\/fr\/city\/espagne-fr\/santiagodecompsotela-fr\/\">visites priv\u00e9es propos\u00e9es par Tour Travel and More !<\/a><\/p>\n","protected":false},"excerpt":{"rendered":"<p>Cette visite priv\u00e9e des R\u00edas Baixas : R\u00eda de Arousa et la p\u00e9ninsule de Saln\u00e9s vous plongera au c\u0153ur de la richesse naturelle et culturelle de la Galice. Accompagn\u00e9 de votre guide priv\u00e9, vous explorerez des villages de p\u00eacheurs, des vignobles et des estuaires \u00e0 couper le souffle dans l&#8217;une des r\u00e9gions les plus pittoresques de la r\u00e9gion.<\/p>\n","protected":false},"featured_media":178842,"comment_status":"open","ping_status":"closed","template":"","meta":{"_acf_changed":false},"product_brand":[],"product_cat":[4438,5126,5125,3589],"product_tag":[],"class_list":{"0":"post-178832","1":"product","2":"type-product","3":"status-publish","4":"has-post-thumbnail","6":"product_cat-all-private-tours-activities-fr-21","7":"product_cat-private-sightseeing-tours-fr-31","8":"product_cat-private-walking-tours-fr-13","9":"product_cat-santiagodecompsotela-fr","11":"first","12":"instock","13":"shipping-taxable","14":"purchasable","15":"product-type-simple"},"acf":[],"yoast_head":"<!-- This site is optimized with the Yoast SEO Premium plugin v25.3.1 (Yoast SEO v25.3.1) - https:\/\/yoast.com\/wordpress\/plugins\/seo\/ -->\n<title>\u27a1\ufe0f Visite priv\u00e9e des R\u00edas Baixas : R\u00eda de Arousa et p\u00e9ninsule de Saln\u00e9s depuis Saint-Jacques-de-Compostelle<\/title>\n<meta name=\"description\" content=\"Visite priv\u00e9e des R\u00edas Baixas : Vigo depuis Saint-Jacques-de-Compostelle. Monuments et sites les plus importants. Profitez de cette occasion pour vous rendre en ville! \u2705\" \/>\n<meta name=\"robots\" content=\"index, follow, max-snippet:-1, max-image-preview:large, max-video-preview:-1\" \/>\n<link rel=\"canonical\" href=\"https:\/\/tourtravelandmore.com\/fr\/tours\/espagne-fr\/santiagodecompsotela-fr\/visite-privee-des-rias-baixas-vigo-depuis-saint-jacques-de-compostelle-copy\/\" \/>\n<meta property=\"og:locale\" content=\"fr_FR\" \/>\n<meta property=\"og:type\" content=\"article\" \/>\n<meta property=\"og:title\" content=\"Visite priv\u00e9e des R\u00edas Baixas : R\u00eda de Arousa et la p\u00e9ninsule de Saln\u00e9s\" \/>\n<meta property=\"og:description\" content=\"Visite priv\u00e9e des R\u00edas Baixas : Vigo depuis Saint-Jacques-de-Compostelle. Monuments et sites les plus importants. Profitez de cette occasion pour vous rendre en ville! \u2705\" \/>\n<meta property=\"og:url\" content=\"https:\/\/tourtravelandmore.com\/fr\/tours\/espagne-fr\/santiagodecompsotela-fr\/visite-privee-des-rias-baixas-vigo-depuis-saint-jacques-de-compostelle-copy\/\" \/>\n<meta property=\"og:site_name\" content=\"Tour Travel And More\" \/>\n<meta property=\"article:publisher\" content=\"https:\/\/www.facebook.com\/tourtravelandmore\/\" \/>\n<meta property=\"article:modified_time\" content=\"2025-08-08T14:18:25+00:00\" \/>\n<meta property=\"og:image\" content=\"https:\/\/tourtravelandmore.com\/wp-content\/uploads\/2024\/11\/lighthouse-968938_1280.jpg\" \/>\n\t<meta property=\"og:image:width\" content=\"1280\" \/>\n\t<meta property=\"og:image:height\" content=\"853\" \/>\n\t<meta property=\"og:image:type\" content=\"image\/jpeg\" \/>\n<meta name=\"twitter:card\" content=\"summary_large_image\" \/>\n<meta name=\"twitter:site\" content=\"@TourTravel_More\" \/>\n<meta name=\"twitter:label1\" content=\"Dur\u00e9e de lecture estim\u00e9e\" \/>\n\t<meta name=\"twitter:data1\" content=\"2 minutes\" \/>\n<script type=\"application\/ld+json\" class=\"yoast-schema-graph\">{\"@context\":\"https:\/\/schema.org\",\"@graph\":[{\"@type\":\"WebPage\",\"@id\":\"https:\/\/tourtravelandmore.com\/fr\/tours\/espagne-fr\/santiagodecompsotela-fr\/visite-privee-des-rias-baixas-vigo-depuis-saint-jacques-de-compostelle-copy\/\",\"url\":\"https:\/\/tourtravelandmore.com\/fr\/tours\/espagne-fr\/santiagodecompsotela-fr\/visite-privee-des-rias-baixas-vigo-depuis-saint-jacques-de-compostelle-copy\/\",\"name\":\"\u27a1\ufe0f Visite priv\u00e9e des R\u00edas Baixas : R\u00eda de Arousa et p\u00e9ninsule de Saln\u00e9s depuis Saint-Jacques-de-Compostelle\",\"isPartOf\":{\"@id\":\"https:\/\/tourtravelandmore.com\/fr\/#website\"},\"primaryImageOfPage\":{\"@id\":\"https:\/\/tourtravelandmore.com\/fr\/tours\/espagne-fr\/santiagodecompsotela-fr\/visite-privee-des-rias-baixas-vigo-depuis-saint-jacques-de-compostelle-copy\/#primaryimage\"},\"image\":{\"@id\":\"https:\/\/tourtravelandmore.com\/fr\/tours\/espagne-fr\/santiagodecompsotela-fr\/visite-privee-des-rias-baixas-vigo-depuis-saint-jacques-de-compostelle-copy\/#primaryimage\"},\"thumbnailUrl\":\"https:\/\/tourtravelandmore.com\/wp-content\/uploads\/2024\/11\/lighthouse-968938_1280.jpg\",\"datePublished\":\"2024-11-27T16:28:34+00:00\",\"dateModified\":\"2025-08-08T14:18:25+00:00\",\"description\":\"Visite priv\u00e9e des R\u00edas Baixas : Vigo depuis Saint-Jacques-de-Compostelle. Monuments et sites les plus importants. Profitez de cette occasion pour vous rendre en ville! \u2705\",\"breadcrumb\":{\"@id\":\"https:\/\/tourtravelandmore.com\/fr\/tours\/espagne-fr\/santiagodecompsotela-fr\/visite-privee-des-rias-baixas-vigo-depuis-saint-jacques-de-compostelle-copy\/#breadcrumb\"},\"inLanguage\":\"fr-FR\",\"potentialAction\":[{\"@type\":\"ReadAction\",\"target\":[\"https:\/\/tourtravelandmore.com\/fr\/tours\/espagne-fr\/santiagodecompsotela-fr\/visite-privee-des-rias-baixas-vigo-depuis-saint-jacques-de-compostelle-copy\/\"]}]},{\"@type\":\"ImageObject\",\"inLanguage\":\"fr-FR\",\"@id\":\"https:\/\/tourtravelandmore.com\/fr\/tours\/espagne-fr\/santiagodecompsotela-fr\/visite-privee-des-rias-baixas-vigo-depuis-saint-jacques-de-compostelle-copy\/#primaryimage\",\"url\":\"https:\/\/tourtravelandmore.com\/wp-content\/uploads\/2024\/11\/lighthouse-968938_1280.jpg\",\"contentUrl\":\"https:\/\/tourtravelandmore.com\/wp-content\/uploads\/2024\/11\/lighthouse-968938_1280.jpg\",\"width\":1280,\"height\":853},{\"@type\":\"BreadcrumbList\",\"@id\":\"https:\/\/tourtravelandmore.com\/fr\/tours\/espagne-fr\/santiagodecompsotela-fr\/visite-privee-des-rias-baixas-vigo-depuis-saint-jacques-de-compostelle-copy\/#breadcrumb\",\"itemListElement\":[{\"@type\":\"ListItem\",\"position\":1,\"name\":\"Home\",\"item\":\"https:\/\/tourtravelandmore.com\/fr\/\"},{\"@type\":\"ListItem\",\"position\":2,\"name\":\"Tours\",\"item\":\"https:\/\/tourtravelandmore.com\/fr\/tours\/\"},{\"@type\":\"ListItem\",\"position\":3,\"name\":\"Visite priv\u00e9e des R\u00edas Baixas : R\u00eda de Arousa et la p\u00e9ninsule de Saln\u00e9s\"}]},{\"@type\":\"WebSite\",\"@id\":\"https:\/\/tourtravelandmore.com\/fr\/#website\",\"url\":\"https:\/\/tourtravelandmore.com\/fr\/\",\"name\":\"Tour Travel And More\",\"description\":\"Private sightseeing tours and luxury transfers in Spain\",\"publisher\":{\"@id\":\"https:\/\/tourtravelandmore.com\/fr\/#organization\"},\"potentialAction\":[{\"@type\":\"SearchAction\",\"target\":{\"@type\":\"EntryPoint\",\"urlTemplate\":\"https:\/\/tourtravelandmore.com\/fr\/?s={search_term_string}\"},\"query-input\":{\"@type\":\"PropertyValueSpecification\",\"valueRequired\":true,\"valueName\":\"search_term_string\"}}],\"inLanguage\":\"fr-FR\"},{\"@type\":\"Organization\",\"@id\":\"https:\/\/tourtravelandmore.com\/fr\/#organization\",\"name\":\"Tour Travel And More\",\"url\":\"https:\/\/tourtravelandmore.com\/fr\/\",\"logo\":{\"@type\":\"ImageObject\",\"inLanguage\":\"fr-FR\",\"@id\":\"https:\/\/tourtravelandmore.com\/fr\/#\/schema\/logo\/image\/\",\"url\":\"https:\/\/tourtravelandmore.com\/wp-content\/uploads\/2022\/12\/cropped-logo-cabecera-new.png\",\"contentUrl\":\"https:\/\/tourtravelandmore.com\/wp-content\/uploads\/2022\/12\/cropped-logo-cabecera-new.png\",\"width\":430,\"height\":61,\"caption\":\"Tour Travel And More\"},\"image\":{\"@id\":\"https:\/\/tourtravelandmore.com\/fr\/#\/schema\/logo\/image\/\"},\"sameAs\":[\"https:\/\/www.facebook.com\/tourtravelandmore\/\",\"https:\/\/x.com\/TourTravel_More\"]}]}<\/script>\n<!-- \/ Yoast SEO Premium plugin. -->","yoast_head_json":{"title":"\u27a1\ufe0f Visite priv\u00e9e des R\u00edas Baixas : R\u00eda de Arousa et p\u00e9ninsule de Saln\u00e9s depuis Saint-Jacques-de-Compostelle","description":"Visite priv\u00e9e des R\u00edas Baixas : Vigo depuis Saint-Jacques-de-Compostelle. Monuments et sites les plus importants. Profitez de cette occasion pour vous rendre en ville! \u2705","robots":{"index":"index","follow":"follow","max-snippet":"max-snippet:-1","max-image-preview":"max-image-preview:large","max-video-preview":"max-video-preview:-1"},"canonical":"https:\/\/tourtravelandmore.com\/fr\/tours\/espagne-fr\/santiagodecompsotela-fr\/visite-privee-des-rias-baixas-vigo-depuis-saint-jacques-de-compostelle-copy\/","og_locale":"fr_FR","og_type":"article","og_title":"Visite priv\u00e9e des R\u00edas Baixas : R\u00eda de Arousa et la p\u00e9ninsule de Saln\u00e9s","og_description":"Visite priv\u00e9e des R\u00edas Baixas : Vigo depuis Saint-Jacques-de-Compostelle. Monuments et sites les plus importants. Profitez de cette occasion pour vous rendre en ville! \u2705","og_url":"https:\/\/tourtravelandmore.com\/fr\/tours\/espagne-fr\/santiagodecompsotela-fr\/visite-privee-des-rias-baixas-vigo-depuis-saint-jacques-de-compostelle-copy\/","og_site_name":"Tour Travel And More","article_publisher":"https:\/\/www.facebook.com\/tourtravelandmore\/","article_modified_time":"2025-08-08T14:18:25+00:00","og_image":[{"width":1280,"height":853,"url":"https:\/\/tourtravelandmore.com\/wp-content\/uploads\/2024\/11\/lighthouse-968938_1280.jpg","type":"image\/jpeg"}],"twitter_card":"summary_large_image","twitter_site":"@TourTravel_More","twitter_misc":{"Dur\u00e9e de lecture estim\u00e9e":"2 minutes"},"schema":{"@context":"https:\/\/schema.org","@graph":[{"@type":"WebPage","@id":"https:\/\/tourtravelandmore.com\/fr\/tours\/espagne-fr\/santiagodecompsotela-fr\/visite-privee-des-rias-baixas-vigo-depuis-saint-jacques-de-compostelle-copy\/","url":"https:\/\/tourtravelandmore.com\/fr\/tours\/espagne-fr\/santiagodecompsotela-fr\/visite-privee-des-rias-baixas-vigo-depuis-saint-jacques-de-compostelle-copy\/","name":"\u27a1\ufe0f Visite priv\u00e9e des R\u00edas Baixas : R\u00eda de Arousa et p\u00e9ninsule de Saln\u00e9s depuis Saint-Jacques-de-Compostelle","isPartOf":{"@id":"https:\/\/tourtravelandmore.com\/fr\/#website"},"primaryImageOfPage":{"@id":"https:\/\/tourtravelandmore.com\/fr\/tours\/espagne-fr\/santiagodecompsotela-fr\/visite-privee-des-rias-baixas-vigo-depuis-saint-jacques-de-compostelle-copy\/#primaryimage"},"image":{"@id":"https:\/\/tourtravelandmore.com\/fr\/tours\/espagne-fr\/santiagodecompsotela-fr\/visite-privee-des-rias-baixas-vigo-depuis-saint-jacques-de-compostelle-copy\/#primaryimage"},"thumbnailUrl":"https:\/\/tourtravelandmore.com\/wp-content\/uploads\/2024\/11\/lighthouse-968938_1280.jpg","datePublished":"2024-11-27T16:28:34+00:00","dateModified":"2025-08-08T14:18:25+00:00","description":"Visite priv\u00e9e des R\u00edas Baixas : Vigo depuis Saint-Jacques-de-Compostelle. Monuments et sites les plus importants. Profitez de cette occasion pour vous rendre en ville! \u2705","breadcrumb":{"@id":"https:\/\/tourtravelandmore.com\/fr\/tours\/espagne-fr\/santiagodecompsotela-fr\/visite-privee-des-rias-baixas-vigo-depuis-saint-jacques-de-compostelle-copy\/#breadcrumb"},"inLanguage":"fr-FR","potentialAction":[{"@type":"ReadAction","target":["https:\/\/tourtravelandmore.com\/fr\/tours\/espagne-fr\/santiagodecompsotela-fr\/visite-privee-des-rias-baixas-vigo-depuis-saint-jacques-de-compostelle-copy\/"]}]},{"@type":"ImageObject","inLanguage":"fr-FR","@id":"https:\/\/tourtravelandmore.com\/fr\/tours\/espagne-fr\/santiagodecompsotela-fr\/visite-privee-des-rias-baixas-vigo-depuis-saint-jacques-de-compostelle-copy\/#primaryimage","url":"https:\/\/tourtravelandmore.com\/wp-content\/uploads\/2024\/11\/lighthouse-968938_1280.jpg","contentUrl":"https:\/\/tourtravelandmore.com\/wp-content\/uploads\/2024\/11\/lighthouse-968938_1280.jpg","width":1280,"height":853},{"@type":"BreadcrumbList","@id":"https:\/\/tourtravelandmore.com\/fr\/tours\/espagne-fr\/santiagodecompsotela-fr\/visite-privee-des-rias-baixas-vigo-depuis-saint-jacques-de-compostelle-copy\/#breadcrumb","itemListElement":[{"@type":"ListItem","position":1,"name":"Home","item":"https:\/\/tourtravelandmore.com\/fr\/"},{"@type":"ListItem","position":2,"name":"Tours","item":"https:\/\/tourtravelandmore.com\/fr\/tours\/"},{"@type":"ListItem","position":3,"name":"Visite priv\u00e9e des R\u00edas Baixas : R\u00eda de Arousa et la p\u00e9ninsule de Saln\u00e9s"}]},{"@type":"WebSite","@id":"https:\/\/tourtravelandmore.com\/fr\/#website","url":"https:\/\/tourtravelandmore.com\/fr\/","name":"Tour Travel And More","description":"Private sightseeing tours and luxury transfers in Spain","publisher":{"@id":"https:\/\/tourtravelandmore.com\/fr\/#organization"},"potentialAction":[{"@type":"SearchAction","target":{"@type":"EntryPoint","urlTemplate":"https:\/\/tourtravelandmore.com\/fr\/?s={search_term_string}"},"query-input":{"@type":"PropertyValueSpecification","valueRequired":true,"valueName":"search_term_string"}}],"inLanguage":"fr-FR"},{"@type":"Organization","@id":"https:\/\/tourtravelandmore.com\/fr\/#organization","name":"Tour Travel And More","url":"https:\/\/tourtravelandmore.com\/fr\/","logo":{"@type":"ImageObject","inLanguage":"fr-FR","@id":"https:\/\/tourtravelandmore.com\/fr\/#\/schema\/logo\/image\/","url":"https:\/\/tourtravelandmore.com\/wp-content\/uploads\/2022\/12\/cropped-logo-cabecera-new.png","contentUrl":"https:\/\/tourtravelandmore.com\/wp-content\/uploads\/2022\/12\/cropped-logo-cabecera-new.png","width":430,"height":61,"caption":"Tour Travel And More"},"image":{"@id":"https:\/\/tourtravelandmore.com\/fr\/#\/schema\/logo\/image\/"},"sameAs":["https:\/\/www.facebook.com\/tourtravelandmore\/","https:\/\/x.com\/TourTravel_More"]}]}},"_links":{"self":[{"href":"https:\/\/tourtravelandmore.com\/fr\/wp-json\/wp\/v2\/product\/178832","targetHints":{"allow":["GET"]}}],"collection":[{"href":"https:\/\/tourtravelandmore.com\/fr\/wp-json\/wp\/v2\/product"}],"about":[{"href":"https:\/\/tourtravelandmore.com\/fr\/wp-json\/wp\/v2\/types\/product"}],"replies":[{"embeddable":true,"href":"https:\/\/tourtravelandmore.com\/fr\/wp-json\/wp\/v2\/comments?post=178832"}],"wp:featuredmedia":[{"embeddable":true,"href":"https:\/\/tourtravelandmore.com\/fr\/wp-json\/wp\/v2\/media\/178842"}],"wp:attachment":[{"href":"https:\/\/tourtravelandmore.com\/fr\/wp-json\/wp\/v2\/media?parent=178832"}],"wp:term":[{"taxonomy":"product_brand","embeddable":true,"href":"https:\/\/tourtravelandmore.com\/fr\/wp-json\/wp\/v2\/product_brand?post=178832"},{"taxonomy":"product_cat","embeddable":true,"href":"https:\/\/tourtravelandmore.com\/fr\/wp-json\/wp\/v2\/product_cat?post=178832"},{"taxonomy":"product_tag","embeddable":true,"href":"https:\/\/tourtravelandmore.com\/fr\/wp-json\/wp\/v2\/product_tag?post=178832"}],"curies":[{"name":"wp","href":"https:\/\/api.w.org\/{rel}","templated":true}]}}