{"id":178791,"date":"2024-11-27T16:31:57","date_gmt":"2024-11-27T15:32:00","guid":{"rendered":"https:\/\/tourtravelandmore.com\/?post_type=product&#038;p=178791"},"modified":"2025-08-08T16:03:20","modified_gmt":"2025-08-08T14:03:20","slug":"visite-privee-a-ourense-et-ribadavia-depuis-saint-jacques-de-compostelle-copy","status":"publish","type":"product","link":"https:\/\/tourtravelandmore.com\/fr\/tours\/espagne-fr\/santiagodecompsotela-fr\/visite-privee-a-ourense-et-ribadavia-depuis-saint-jacques-de-compostelle-copy\/","title":{"rendered":"Visite priv\u00e9e des R\u00edas Baixas : Vigo et son estuaire"},"content":{"rendered":"<h2><b>Visite priv\u00e9e des R\u00edas Baixas : Vigo et son estuaire | Description<\/b><\/h2>\n<p>Cette visite priv\u00e9e des R\u00edas Baixas : Vigo et son estuaire vous propose une immersion totale dans l&#8217;\u00e2me maritime de la Galice. D\u00e9couvrez des villages de p\u00eacheurs, des paysages pittoresques et les traditions uniques qui caract\u00e9risent cette r\u00e9gion embl\u00e9matique de l&#8217;Espagne.<\/p>\n<p>Votre journ\u00e9e commence par un transfert priv\u00e9 confortable le long de la c\u00f4te atlantique. Vous visiterez la ville de <a href=\"https:\/\/www.turismodevigo.org\/en\">Vigo<\/a>, r\u00e9put\u00e9e pour son port anim\u00e9 et sa culture des fruits de mer. Explorez le quartier historique du <i>Casco Vello<\/i>, promenez-vous le long du front de mer et d\u00e9couvrez les liens qui unissent la ville \u00e0 la mer. De l\u00e0, votre guide vous emm\u00e8nera le long de la R\u00eda de Vigo, o\u00f9 vous pourrez admirer les fermes mytilicoles flottantes et profiter d&#8217;une vue panoramique sur les \u00eeles C\u00edes.<\/p>\n<p>Plus \u00e0 l&#8217;int\u00e9rieur des terres, vous d\u00e9couvrirez de charmants villages c\u00f4tiers comme Redondela ou Moa\u00f1a, selon vos int\u00e9r\u00eats. Que vous soyez attir\u00e9 par l&#8217;histoire, la gastronomie locale ou les points de vue panoramiques, cette visite flexible permet \u00e0 votre guide d&#8217;adapter l&#8217;itin\u00e9raire \u00e0 vos pr\u00e9f\u00e9rences.<\/p>\n<h2><b>Points d&#8217;int\u00e9r\u00eat<\/b><\/h2>\n<p>D\u00e9couvrez une journ\u00e9e compl\u00e8te de culture, de nature et de saveurs dans l&#8217;une des r\u00edas les plus embl\u00e9matiques de Galice.<\/p>\n<p><b>Ville de Vigo :<\/b> visitez la plus grande ville de Galice, c\u00e9l\u00e8bre pour son port et sa vieille ville anim\u00e9e.<\/p>\n<p><b>R\u00eda de Vigo :<\/b> profitez de vues \u00e0 couper le souffle et d\u00e9couvrez l&#8217;\u00e9levage des moules.<\/p>\n<p><b>Villages c\u00f4tiers :<\/b> explorez la vie authentique de la Galice dans des villages baln\u00e9aires.<\/p>\n<p><b>Cuisine locale :<\/b> d\u00e9gustation de fruits de mer en option ou arr\u00eat dans une taverne traditionnelle.<\/p>\n<p><b>Itin\u00e9raire sur mesure :<\/b> votre guide adapte le rythme et les centres d&#8217;int\u00e9r\u00eat de la journ\u00e9e.<\/p>\n<p>Terminez la journ\u00e9e avec une nouvelle appr\u00e9ciation de la beaut\u00e9 et du caract\u00e8re de la Galice. Alliant charme urbain et tranquillit\u00e9 c\u00f4ti\u00e8re, cette <b>visite priv\u00e9e des R\u00edas Baixas : Vigo et son estuaire<\/b> est le moyen id\u00e9al pour d\u00e9couvrir la r\u00e9gion en tout confort et en profondeur.<\/p>\n<p>Si vous souhaitez explorer Saint-Jacques-de-Compostelle et en savoir plus sur sa riche histoire et sa culture, consultez la liste des <a href=\"https:\/\/tourtravelandmore.com\/fr\/city\/espagne-fr\/santiagodecompsotela-fr\/\">visites priv\u00e9es propos\u00e9es par Tour Travel and More !<\/a><\/p>\n","protected":false},"excerpt":{"rendered":"<p>D\u00e9couvrez la beaut\u00e9 \u00e9poustouflante et la richesse culturelle des R\u00edas Baixas de Galice lors de cette excursion priv\u00e9e de 8 heures au d\u00e9part de Saint-Jacques-de-Compostelle. Votre voyage commence par une prise en charge confortable dans un v\u00e9hicule priv\u00e9, accompagn\u00e9 d&#8217;un guide expert qui vous fera partager l&#8217;histoire fascinante, les traditions et le charme unique de cette r\u00e9gion c\u00f4ti\u00e8re.<\/p>\n","protected":false},"featured_media":178804,"comment_status":"open","ping_status":"closed","template":"","meta":{"_acf_changed":false},"product_brand":[],"product_cat":[4438,5126,5125,3589],"product_tag":[],"class_list":{"0":"post-178791","1":"product","2":"type-product","3":"status-publish","4":"has-post-thumbnail","6":"product_cat-all-private-tours-activities-fr-21","7":"product_cat-private-sightseeing-tours-fr-31","8":"product_cat-private-walking-tours-fr-13","9":"product_cat-santiagodecompsotela-fr","11":"first","12":"instock","13":"shipping-taxable","14":"purchasable","15":"product-type-simple"},"acf":[],"yoast_head":"<!-- This site is optimized with the Yoast SEO Premium plugin v25.3.1 (Yoast SEO v25.3.1) - https:\/\/yoast.com\/wordpress\/plugins\/seo\/ -->\n<title>\u27a1\ufe0f Visite priv\u00e9e des R\u00edas Baixas : Vigo depuis Saint-Jacques-de-Compostelle<\/title>\n<meta name=\"description\" content=\"Visite priv\u00e9e des R\u00edas Baixas : Vigo depuis Saint-Jacques-de-Compostelle. Monuments et sites les plus importants. Profitez de cette occasion pour vous rendre en ville! \u2705\" \/>\n<meta name=\"robots\" content=\"index, follow, max-snippet:-1, max-image-preview:large, max-video-preview:-1\" \/>\n<link rel=\"canonical\" href=\"https:\/\/tourtravelandmore.com\/fr\/tours\/espagne-fr\/santiagodecompsotela-fr\/visite-privee-a-ourense-et-ribadavia-depuis-saint-jacques-de-compostelle-copy\/\" \/>\n<meta property=\"og:locale\" content=\"fr_FR\" \/>\n<meta property=\"og:type\" content=\"article\" \/>\n<meta property=\"og:title\" content=\"Visite priv\u00e9e des R\u00edas Baixas : Vigo et son estuaire\" \/>\n<meta property=\"og:description\" content=\"Visite priv\u00e9e des R\u00edas Baixas : Vigo depuis Saint-Jacques-de-Compostelle. Monuments et sites les plus importants. Profitez de cette occasion pour vous rendre en ville! \u2705\" \/>\n<meta property=\"og:url\" content=\"https:\/\/tourtravelandmore.com\/fr\/tours\/espagne-fr\/santiagodecompsotela-fr\/visite-privee-a-ourense-et-ribadavia-depuis-saint-jacques-de-compostelle-copy\/\" \/>\n<meta property=\"og:site_name\" content=\"Tour Travel And More\" \/>\n<meta property=\"article:publisher\" content=\"https:\/\/www.facebook.com\/tourtravelandmore\/\" \/>\n<meta property=\"article:modified_time\" content=\"2025-08-08T14:03:20+00:00\" \/>\n<meta property=\"og:image\" content=\"https:\/\/tourtravelandmore.com\/wp-content\/uploads\/2024\/11\/ria-5384806_1280.jpg\" \/>\n\t<meta property=\"og:image:width\" content=\"1280\" \/>\n\t<meta property=\"og:image:height\" content=\"853\" \/>\n\t<meta property=\"og:image:type\" content=\"image\/jpeg\" \/>\n<meta name=\"twitter:card\" content=\"summary_large_image\" \/>\n<meta name=\"twitter:site\" content=\"@TourTravel_More\" \/>\n<meta name=\"twitter:label1\" content=\"Dur\u00e9e de lecture estim\u00e9e\" \/>\n\t<meta name=\"twitter:data1\" content=\"2 minutes\" \/>\n<script type=\"application\/ld+json\" class=\"yoast-schema-graph\">{\"@context\":\"https:\/\/schema.org\",\"@graph\":[{\"@type\":\"WebPage\",\"@id\":\"https:\/\/tourtravelandmore.com\/fr\/tours\/espagne-fr\/santiagodecompsotela-fr\/visite-privee-a-ourense-et-ribadavia-depuis-saint-jacques-de-compostelle-copy\/\",\"url\":\"https:\/\/tourtravelandmore.com\/fr\/tours\/espagne-fr\/santiagodecompsotela-fr\/visite-privee-a-ourense-et-ribadavia-depuis-saint-jacques-de-compostelle-copy\/\",\"name\":\"\u27a1\ufe0f Visite priv\u00e9e des R\u00edas Baixas : Vigo depuis Saint-Jacques-de-Compostelle\",\"isPartOf\":{\"@id\":\"https:\/\/tourtravelandmore.com\/fr\/#website\"},\"primaryImageOfPage\":{\"@id\":\"https:\/\/tourtravelandmore.com\/fr\/tours\/espagne-fr\/santiagodecompsotela-fr\/visite-privee-a-ourense-et-ribadavia-depuis-saint-jacques-de-compostelle-copy\/#primaryimage\"},\"image\":{\"@id\":\"https:\/\/tourtravelandmore.com\/fr\/tours\/espagne-fr\/santiagodecompsotela-fr\/visite-privee-a-ourense-et-ribadavia-depuis-saint-jacques-de-compostelle-copy\/#primaryimage\"},\"thumbnailUrl\":\"https:\/\/tourtravelandmore.com\/wp-content\/uploads\/2024\/11\/ria-5384806_1280.jpg\",\"datePublished\":\"2024-11-27T15:32:00+00:00\",\"dateModified\":\"2025-08-08T14:03:20+00:00\",\"description\":\"Visite priv\u00e9e des R\u00edas Baixas : Vigo depuis Saint-Jacques-de-Compostelle. Monuments et sites les plus importants. Profitez de cette occasion pour vous rendre en ville! \u2705\",\"breadcrumb\":{\"@id\":\"https:\/\/tourtravelandmore.com\/fr\/tours\/espagne-fr\/santiagodecompsotela-fr\/visite-privee-a-ourense-et-ribadavia-depuis-saint-jacques-de-compostelle-copy\/#breadcrumb\"},\"inLanguage\":\"fr-FR\",\"potentialAction\":[{\"@type\":\"ReadAction\",\"target\":[\"https:\/\/tourtravelandmore.com\/fr\/tours\/espagne-fr\/santiagodecompsotela-fr\/visite-privee-a-ourense-et-ribadavia-depuis-saint-jacques-de-compostelle-copy\/\"]}]},{\"@type\":\"ImageObject\",\"inLanguage\":\"fr-FR\",\"@id\":\"https:\/\/tourtravelandmore.com\/fr\/tours\/espagne-fr\/santiagodecompsotela-fr\/visite-privee-a-ourense-et-ribadavia-depuis-saint-jacques-de-compostelle-copy\/#primaryimage\",\"url\":\"https:\/\/tourtravelandmore.com\/wp-content\/uploads\/2024\/11\/ria-5384806_1280.jpg\",\"contentUrl\":\"https:\/\/tourtravelandmore.com\/wp-content\/uploads\/2024\/11\/ria-5384806_1280.jpg\",\"width\":1280,\"height\":853},{\"@type\":\"BreadcrumbList\",\"@id\":\"https:\/\/tourtravelandmore.com\/fr\/tours\/espagne-fr\/santiagodecompsotela-fr\/visite-privee-a-ourense-et-ribadavia-depuis-saint-jacques-de-compostelle-copy\/#breadcrumb\",\"itemListElement\":[{\"@type\":\"ListItem\",\"position\":1,\"name\":\"Home\",\"item\":\"https:\/\/tourtravelandmore.com\/fr\/\"},{\"@type\":\"ListItem\",\"position\":2,\"name\":\"Tours\",\"item\":\"https:\/\/tourtravelandmore.com\/fr\/tours\/\"},{\"@type\":\"ListItem\",\"position\":3,\"name\":\"Visite priv\u00e9e des R\u00edas Baixas : Vigo et son estuaire\"}]},{\"@type\":\"WebSite\",\"@id\":\"https:\/\/tourtravelandmore.com\/fr\/#website\",\"url\":\"https:\/\/tourtravelandmore.com\/fr\/\",\"name\":\"Tour Travel And More\",\"description\":\"Private sightseeing tours and luxury transfers in Spain\",\"publisher\":{\"@id\":\"https:\/\/tourtravelandmore.com\/fr\/#organization\"},\"potentialAction\":[{\"@type\":\"SearchAction\",\"target\":{\"@type\":\"EntryPoint\",\"urlTemplate\":\"https:\/\/tourtravelandmore.com\/fr\/?s={search_term_string}\"},\"query-input\":{\"@type\":\"PropertyValueSpecification\",\"valueRequired\":true,\"valueName\":\"search_term_string\"}}],\"inLanguage\":\"fr-FR\"},{\"@type\":\"Organization\",\"@id\":\"https:\/\/tourtravelandmore.com\/fr\/#organization\",\"name\":\"Tour Travel And More\",\"url\":\"https:\/\/tourtravelandmore.com\/fr\/\",\"logo\":{\"@type\":\"ImageObject\",\"inLanguage\":\"fr-FR\",\"@id\":\"https:\/\/tourtravelandmore.com\/fr\/#\/schema\/logo\/image\/\",\"url\":\"https:\/\/tourtravelandmore.com\/wp-content\/uploads\/2022\/12\/cropped-logo-cabecera-new.png\",\"contentUrl\":\"https:\/\/tourtravelandmore.com\/wp-content\/uploads\/2022\/12\/cropped-logo-cabecera-new.png\",\"width\":430,\"height\":61,\"caption\":\"Tour Travel And More\"},\"image\":{\"@id\":\"https:\/\/tourtravelandmore.com\/fr\/#\/schema\/logo\/image\/\"},\"sameAs\":[\"https:\/\/www.facebook.com\/tourtravelandmore\/\",\"https:\/\/x.com\/TourTravel_More\"]}]}<\/script>\n<!-- \/ Yoast SEO Premium plugin. -->","yoast_head_json":{"title":"\u27a1\ufe0f Visite priv\u00e9e des R\u00edas Baixas : Vigo depuis Saint-Jacques-de-Compostelle","description":"Visite priv\u00e9e des R\u00edas Baixas : Vigo depuis Saint-Jacques-de-Compostelle. Monuments et sites les plus importants. Profitez de cette occasion pour vous rendre en ville! \u2705","robots":{"index":"index","follow":"follow","max-snippet":"max-snippet:-1","max-image-preview":"max-image-preview:large","max-video-preview":"max-video-preview:-1"},"canonical":"https:\/\/tourtravelandmore.com\/fr\/tours\/espagne-fr\/santiagodecompsotela-fr\/visite-privee-a-ourense-et-ribadavia-depuis-saint-jacques-de-compostelle-copy\/","og_locale":"fr_FR","og_type":"article","og_title":"Visite priv\u00e9e des R\u00edas Baixas : Vigo et son estuaire","og_description":"Visite priv\u00e9e des R\u00edas Baixas : Vigo depuis Saint-Jacques-de-Compostelle. Monuments et sites les plus importants. Profitez de cette occasion pour vous rendre en ville! \u2705","og_url":"https:\/\/tourtravelandmore.com\/fr\/tours\/espagne-fr\/santiagodecompsotela-fr\/visite-privee-a-ourense-et-ribadavia-depuis-saint-jacques-de-compostelle-copy\/","og_site_name":"Tour Travel And More","article_publisher":"https:\/\/www.facebook.com\/tourtravelandmore\/","article_modified_time":"2025-08-08T14:03:20+00:00","og_image":[{"width":1280,"height":853,"url":"https:\/\/tourtravelandmore.com\/wp-content\/uploads\/2024\/11\/ria-5384806_1280.jpg","type":"image\/jpeg"}],"twitter_card":"summary_large_image","twitter_site":"@TourTravel_More","twitter_misc":{"Dur\u00e9e de lecture estim\u00e9e":"2 minutes"},"schema":{"@context":"https:\/\/schema.org","@graph":[{"@type":"WebPage","@id":"https:\/\/tourtravelandmore.com\/fr\/tours\/espagne-fr\/santiagodecompsotela-fr\/visite-privee-a-ourense-et-ribadavia-depuis-saint-jacques-de-compostelle-copy\/","url":"https:\/\/tourtravelandmore.com\/fr\/tours\/espagne-fr\/santiagodecompsotela-fr\/visite-privee-a-ourense-et-ribadavia-depuis-saint-jacques-de-compostelle-copy\/","name":"\u27a1\ufe0f Visite priv\u00e9e des R\u00edas Baixas : Vigo depuis Saint-Jacques-de-Compostelle","isPartOf":{"@id":"https:\/\/tourtravelandmore.com\/fr\/#website"},"primaryImageOfPage":{"@id":"https:\/\/tourtravelandmore.com\/fr\/tours\/espagne-fr\/santiagodecompsotela-fr\/visite-privee-a-ourense-et-ribadavia-depuis-saint-jacques-de-compostelle-copy\/#primaryimage"},"image":{"@id":"https:\/\/tourtravelandmore.com\/fr\/tours\/espagne-fr\/santiagodecompsotela-fr\/visite-privee-a-ourense-et-ribadavia-depuis-saint-jacques-de-compostelle-copy\/#primaryimage"},"thumbnailUrl":"https:\/\/tourtravelandmore.com\/wp-content\/uploads\/2024\/11\/ria-5384806_1280.jpg","datePublished":"2024-11-27T15:32:00+00:00","dateModified":"2025-08-08T14:03:20+00:00","description":"Visite priv\u00e9e des R\u00edas Baixas : Vigo depuis Saint-Jacques-de-Compostelle. Monuments et sites les plus importants. Profitez de cette occasion pour vous rendre en ville! \u2705","breadcrumb":{"@id":"https:\/\/tourtravelandmore.com\/fr\/tours\/espagne-fr\/santiagodecompsotela-fr\/visite-privee-a-ourense-et-ribadavia-depuis-saint-jacques-de-compostelle-copy\/#breadcrumb"},"inLanguage":"fr-FR","potentialAction":[{"@type":"ReadAction","target":["https:\/\/tourtravelandmore.com\/fr\/tours\/espagne-fr\/santiagodecompsotela-fr\/visite-privee-a-ourense-et-ribadavia-depuis-saint-jacques-de-compostelle-copy\/"]}]},{"@type":"ImageObject","inLanguage":"fr-FR","@id":"https:\/\/tourtravelandmore.com\/fr\/tours\/espagne-fr\/santiagodecompsotela-fr\/visite-privee-a-ourense-et-ribadavia-depuis-saint-jacques-de-compostelle-copy\/#primaryimage","url":"https:\/\/tourtravelandmore.com\/wp-content\/uploads\/2024\/11\/ria-5384806_1280.jpg","contentUrl":"https:\/\/tourtravelandmore.com\/wp-content\/uploads\/2024\/11\/ria-5384806_1280.jpg","width":1280,"height":853},{"@type":"BreadcrumbList","@id":"https:\/\/tourtravelandmore.com\/fr\/tours\/espagne-fr\/santiagodecompsotela-fr\/visite-privee-a-ourense-et-ribadavia-depuis-saint-jacques-de-compostelle-copy\/#breadcrumb","itemListElement":[{"@type":"ListItem","position":1,"name":"Home","item":"https:\/\/tourtravelandmore.com\/fr\/"},{"@type":"ListItem","position":2,"name":"Tours","item":"https:\/\/tourtravelandmore.com\/fr\/tours\/"},{"@type":"ListItem","position":3,"name":"Visite priv\u00e9e des R\u00edas Baixas : Vigo et son estuaire"}]},{"@type":"WebSite","@id":"https:\/\/tourtravelandmore.com\/fr\/#website","url":"https:\/\/tourtravelandmore.com\/fr\/","name":"Tour Travel And More","description":"Private sightseeing tours and luxury transfers in Spain","publisher":{"@id":"https:\/\/tourtravelandmore.com\/fr\/#organization"},"potentialAction":[{"@type":"SearchAction","target":{"@type":"EntryPoint","urlTemplate":"https:\/\/tourtravelandmore.com\/fr\/?s={search_term_string}"},"query-input":{"@type":"PropertyValueSpecification","valueRequired":true,"valueName":"search_term_string"}}],"inLanguage":"fr-FR"},{"@type":"Organization","@id":"https:\/\/tourtravelandmore.com\/fr\/#organization","name":"Tour Travel And More","url":"https:\/\/tourtravelandmore.com\/fr\/","logo":{"@type":"ImageObject","inLanguage":"fr-FR","@id":"https:\/\/tourtravelandmore.com\/fr\/#\/schema\/logo\/image\/","url":"https:\/\/tourtravelandmore.com\/wp-content\/uploads\/2022\/12\/cropped-logo-cabecera-new.png","contentUrl":"https:\/\/tourtravelandmore.com\/wp-content\/uploads\/2022\/12\/cropped-logo-cabecera-new.png","width":430,"height":61,"caption":"Tour Travel And More"},"image":{"@id":"https:\/\/tourtravelandmore.com\/fr\/#\/schema\/logo\/image\/"},"sameAs":["https:\/\/www.facebook.com\/tourtravelandmore\/","https:\/\/x.com\/TourTravel_More"]}]}},"_links":{"self":[{"href":"https:\/\/tourtravelandmore.com\/fr\/wp-json\/wp\/v2\/product\/178791","targetHints":{"allow":["GET"]}}],"collection":[{"href":"https:\/\/tourtravelandmore.com\/fr\/wp-json\/wp\/v2\/product"}],"about":[{"href":"https:\/\/tourtravelandmore.com\/fr\/wp-json\/wp\/v2\/types\/product"}],"replies":[{"embeddable":true,"href":"https:\/\/tourtravelandmore.com\/fr\/wp-json\/wp\/v2\/comments?post=178791"}],"wp:featuredmedia":[{"embeddable":true,"href":"https:\/\/tourtravelandmore.com\/fr\/wp-json\/wp\/v2\/media\/178804"}],"wp:attachment":[{"href":"https:\/\/tourtravelandmore.com\/fr\/wp-json\/wp\/v2\/media?parent=178791"}],"wp:term":[{"taxonomy":"product_brand","embeddable":true,"href":"https:\/\/tourtravelandmore.com\/fr\/wp-json\/wp\/v2\/product_brand?post=178791"},{"taxonomy":"product_cat","embeddable":true,"href":"https:\/\/tourtravelandmore.com\/fr\/wp-json\/wp\/v2\/product_cat?post=178791"},{"taxonomy":"product_tag","embeddable":true,"href":"https:\/\/tourtravelandmore.com\/fr\/wp-json\/wp\/v2\/product_tag?post=178791"}],"curies":[{"name":"wp","href":"https:\/\/api.w.org\/{rel}","templated":true}]}}