{"id":178747,"date":"2024-11-27T15:45:12","date_gmt":"2024-11-27T14:45:25","guid":{"rendered":"https:\/\/tourtravelandmore.com\/?post_type=product&#038;p=178747"},"modified":"2024-11-27T16:24:48","modified_gmt":"2024-11-27T15:24:48","slug":"visite-privee-de-la-peninsule-de-barbanza-depuis-saint-jacques-de-compostelle-copy","status":"publish","type":"product","link":"https:\/\/tourtravelandmore.com\/fr\/tours\/espagne-fr\/santiagodecompsotela-fr\/visite-privee-de-la-peninsule-de-barbanza-depuis-saint-jacques-de-compostelle-copy\/","title":{"rendered":"Visite priv\u00e9e \u00e0 Ourense et Ribadavia depuis Saint-Jacques-de-Compostelle"},"content":{"rendered":"<h2><b>Visite priv\u00e9e \u00e0 Ourense et Ribadavia depuis Saint-Jacques-de-Compostelle Description<\/b><\/h2>\n<p>D\u00e9couvrez le riche patrimoine culturel et historique de la Galice lors de cette visite priv\u00e9e de 8 heures \u00e0 Ourense et Ribadavia depuis Saint-Jacques-de-Compostelle. Voyagez dans le confort avec un v\u00e9hicule priv\u00e9 et un guide d\u00e9vou\u00e9 \u00e0 votre disposition tout au long du voyage. Cette exp\u00e9rience immersive vous emm\u00e8ne au c\u0153ur de la culture galicienne, pr\u00e9sentant ses thermes, son architecture romaine, ses rues m\u00e9di\u00e9vales et sa c\u00e9l\u00e8bre tradition vinicole.<\/p>\n<p>Cette visite priv\u00e9e vous permet de vous immerger totalement dans la beaut\u00e9 et le charme d&#8217;Ourense et de Ribadavia, et vous offre une exp\u00e9rience unique et personnelle des sites et des sons de la ville. Vous serez en mesure de voir les sites c\u00e9l\u00e8bres de la ville et les joyaux cach\u00e9s qui sont souvent manqu\u00e9s par les grands groupes de touristes, ce qui fait de cette visite le choix id\u00e9al pour les voyageurs qui veulent tirer le meilleur parti de leur temps dans la ville.<\/p>\n<h2><b>Visite priv\u00e9e d&#8217;Ourense et de Ribadavia depuis Saint-Jacques-de-Compostelle Points d&#8217;int\u00e9r\u00eat<\/b><\/h2>\n<p>Votre voyage commence \u00e0 Ourense, une ville r\u00e9put\u00e9e pour son ancien pont romain, son quartier historique et ses sources d&#8217;eau chaude naturelles. Profitez d&#8217;une visite guid\u00e9e dans ses rues charmantes, en visitant des sites tels que la cath\u00e9drale d&#8217;Ourense et les sources thermales embl\u00e9matiques d&#8217;As Burgas.<\/p>\n<p>Ensuite, dirigez-vous vers Ribadavia, la capitale historique de la r\u00e9gion viticole de Ribeiro. Promenez-vous dans le quartier juif m\u00e9di\u00e9val et d\u00e9couvrez son pass\u00e9 fascinant. Visitez une cave locale pour d\u00e9couvrir le riche patrimoine viticole qui caract\u00e9rise cette r\u00e9gion, ou impr\u00e9gnez-vous simplement des paysages pittoresques et de l&#8217;atmosph\u00e8re anim\u00e9e de cette charmante ville.<\/p>\n<ul>\n<li><b><strong>V\u00e9hicule priv\u00e9 et guide pour 8 heures<\/strong><\/b>: Profitez de la commodit\u00e9 d&#8217;une voiture priv\u00e9e et de l&#8217;expertise d&#8217;un guide d\u00e9vou\u00e9 tout au long de la visite.<\/li>\n<li><b><strong>Points forts d&#8217;Ourense<\/strong><\/b>: D\u00e9couvrez le pont romain, la cath\u00e9drale d&#8217;Ourense et les sources thermales d&#8217;As Burgas.<\/li>\n<li><b><strong>Exploration de Ribadavia<\/strong><\/b>: Promenez-vous dans le quartier juif m\u00e9di\u00e9val et d\u00e9couvrez l&#8217;importance historique de la ville.<\/li>\n<li><b><strong>Exp\u00e9rience personnalisable<\/strong><\/b>: Adaptez l&#8217;itin\u00e9raire \u00e0 vos centres d&#8217;int\u00e9r\u00eat pour une journ\u00e9e personnalis\u00e9e.<\/li>\n<li><b><strong>Aller-retour depuis Saint-Jacques-de-Compostelle<\/strong><\/b>: D\u00e9tendez-vous gr\u00e2ce \u00e0 un transport sans tracas depuis votre h\u00f4tel ou l&#8217;endroit de votre choix.<\/li>\n<\/ul>\n<p>Si vous souhaitez explorer Saint-Jacques-de-Compostelle et en savoir plus sur sa riche histoire et sa culture, consultez la liste des <a href=\"https:\/\/tourtravelandmore.com\/fr\/city\/espagne-fr\/santiagodecompsotela-fr\/\">visites priv\u00e9es propos\u00e9es par Tour Travel and More !<\/a><\/p>\n","protected":false},"excerpt":{"rendered":"<p>D\u00e9couvrez le riche patrimoine culturel et historique de la Galice lors de cette visite priv\u00e9e de 8 heures \u00e0 Ourense et Ribadavia depuis Saint-Jacques-de-Compostelle. Voyagez dans le confort avec un v\u00e9hicule priv\u00e9 et un guide d\u00e9vou\u00e9 \u00e0 votre disposition tout au long du voyage. Cette exp\u00e9rience immersive vous emm\u00e8ne au c\u0153ur de la culture galicienne, pr\u00e9sentant ses thermes, son architecture romaine, ses rues m\u00e9di\u00e9vales et sa c\u00e9l\u00e8bre tradition vinicole.<\/p>\n","protected":false},"featured_media":178757,"comment_status":"open","ping_status":"closed","template":"","meta":{"_acf_changed":false},"product_brand":[],"product_cat":[4438,5126,5125,3589],"product_tag":[],"class_list":{"0":"post-178747","1":"product","2":"type-product","3":"status-publish","4":"has-post-thumbnail","6":"product_cat-all-private-tours-activities-fr-21","7":"product_cat-private-sightseeing-tours-fr-31","8":"product_cat-private-walking-tours-fr-13","9":"product_cat-santiagodecompsotela-fr","11":"first","12":"instock","13":"shipping-taxable","14":"purchasable","15":"product-type-simple"},"acf":[],"yoast_head":"<!-- This site is optimized with the Yoast SEO Premium plugin v25.3.1 (Yoast SEO v25.3.1) - https:\/\/yoast.com\/wordpress\/plugins\/seo\/ -->\n<title>\u27a1\ufe0f Visite priv\u00e9e \u00e0 Ourense et Ribadavia depuis Saint-Jacques-de-Compostelle<\/title>\n<meta name=\"description\" content=\"Visite priv\u00e9e \u00e0 Ourense et Ribadavia depuis Saint-Jacques-de-Compostelle. Monuments et sites les plus importants. Profitez de cette occasion pour vous rendre en ville! \u2705\" \/>\n<meta name=\"robots\" content=\"index, follow, max-snippet:-1, max-image-preview:large, max-video-preview:-1\" \/>\n<link rel=\"canonical\" href=\"https:\/\/tourtravelandmore.com\/fr\/tours\/espagne-fr\/santiagodecompsotela-fr\/visite-privee-de-la-peninsule-de-barbanza-depuis-saint-jacques-de-compostelle-copy\/\" \/>\n<meta property=\"og:locale\" content=\"fr_FR\" \/>\n<meta property=\"og:type\" content=\"article\" \/>\n<meta property=\"og:title\" content=\"Visite priv\u00e9e \u00e0 Ourense et Ribadavia depuis Saint-Jacques-de-Compostelle\" \/>\n<meta property=\"og:description\" content=\"Visite priv\u00e9e \u00e0 Ourense et Ribadavia depuis Saint-Jacques-de-Compostelle. Monuments et sites les plus importants. Profitez de cette occasion pour vous rendre en ville! \u2705\" \/>\n<meta property=\"og:url\" content=\"https:\/\/tourtravelandmore.com\/fr\/tours\/espagne-fr\/santiagodecompsotela-fr\/visite-privee-de-la-peninsule-de-barbanza-depuis-saint-jacques-de-compostelle-copy\/\" \/>\n<meta property=\"og:site_name\" content=\"Tour Travel And More\" \/>\n<meta property=\"article:publisher\" content=\"https:\/\/www.facebook.com\/tourtravelandmore\/\" \/>\n<meta property=\"article:modified_time\" content=\"2024-11-27T15:24:48+00:00\" \/>\n<meta property=\"og:image\" content=\"https:\/\/tourtravelandmore.com\/wp-content\/uploads\/2024\/11\/pexels-zamarjo-2391672-10056937.jpg\" \/>\n\t<meta property=\"og:image:width\" content=\"1280\" \/>\n\t<meta property=\"og:image:height\" content=\"853\" \/>\n\t<meta property=\"og:image:type\" content=\"image\/jpeg\" \/>\n<meta name=\"twitter:card\" content=\"summary_large_image\" \/>\n<meta name=\"twitter:site\" content=\"@TourTravel_More\" \/>\n<meta name=\"twitter:label1\" content=\"Dur\u00e9e de lecture estim\u00e9e\" \/>\n\t<meta name=\"twitter:data1\" content=\"2 minutes\" \/>\n<script type=\"application\/ld+json\" class=\"yoast-schema-graph\">{\"@context\":\"https:\/\/schema.org\",\"@graph\":[{\"@type\":\"WebPage\",\"@id\":\"https:\/\/tourtravelandmore.com\/fr\/tours\/espagne-fr\/santiagodecompsotela-fr\/visite-privee-de-la-peninsule-de-barbanza-depuis-saint-jacques-de-compostelle-copy\/\",\"url\":\"https:\/\/tourtravelandmore.com\/fr\/tours\/espagne-fr\/santiagodecompsotela-fr\/visite-privee-de-la-peninsule-de-barbanza-depuis-saint-jacques-de-compostelle-copy\/\",\"name\":\"\u27a1\ufe0f Visite priv\u00e9e \u00e0 Ourense et Ribadavia depuis Saint-Jacques-de-Compostelle\",\"isPartOf\":{\"@id\":\"https:\/\/tourtravelandmore.com\/fr\/#website\"},\"primaryImageOfPage\":{\"@id\":\"https:\/\/tourtravelandmore.com\/fr\/tours\/espagne-fr\/santiagodecompsotela-fr\/visite-privee-de-la-peninsule-de-barbanza-depuis-saint-jacques-de-compostelle-copy\/#primaryimage\"},\"image\":{\"@id\":\"https:\/\/tourtravelandmore.com\/fr\/tours\/espagne-fr\/santiagodecompsotela-fr\/visite-privee-de-la-peninsule-de-barbanza-depuis-saint-jacques-de-compostelle-copy\/#primaryimage\"},\"thumbnailUrl\":\"https:\/\/tourtravelandmore.com\/wp-content\/uploads\/2024\/11\/pexels-zamarjo-2391672-10056937.jpg\",\"datePublished\":\"2024-11-27T14:45:25+00:00\",\"dateModified\":\"2024-11-27T15:24:48+00:00\",\"description\":\"Visite priv\u00e9e \u00e0 Ourense et Ribadavia depuis Saint-Jacques-de-Compostelle. Monuments et sites les plus importants. Profitez de cette occasion pour vous rendre en ville! \u2705\",\"breadcrumb\":{\"@id\":\"https:\/\/tourtravelandmore.com\/fr\/tours\/espagne-fr\/santiagodecompsotela-fr\/visite-privee-de-la-peninsule-de-barbanza-depuis-saint-jacques-de-compostelle-copy\/#breadcrumb\"},\"inLanguage\":\"fr-FR\",\"potentialAction\":[{\"@type\":\"ReadAction\",\"target\":[\"https:\/\/tourtravelandmore.com\/fr\/tours\/espagne-fr\/santiagodecompsotela-fr\/visite-privee-de-la-peninsule-de-barbanza-depuis-saint-jacques-de-compostelle-copy\/\"]}]},{\"@type\":\"ImageObject\",\"inLanguage\":\"fr-FR\",\"@id\":\"https:\/\/tourtravelandmore.com\/fr\/tours\/espagne-fr\/santiagodecompsotela-fr\/visite-privee-de-la-peninsule-de-barbanza-depuis-saint-jacques-de-compostelle-copy\/#primaryimage\",\"url\":\"https:\/\/tourtravelandmore.com\/wp-content\/uploads\/2024\/11\/pexels-zamarjo-2391672-10056937.jpg\",\"contentUrl\":\"https:\/\/tourtravelandmore.com\/wp-content\/uploads\/2024\/11\/pexels-zamarjo-2391672-10056937.jpg\",\"width\":1280,\"height\":853},{\"@type\":\"BreadcrumbList\",\"@id\":\"https:\/\/tourtravelandmore.com\/fr\/tours\/espagne-fr\/santiagodecompsotela-fr\/visite-privee-de-la-peninsule-de-barbanza-depuis-saint-jacques-de-compostelle-copy\/#breadcrumb\",\"itemListElement\":[{\"@type\":\"ListItem\",\"position\":1,\"name\":\"Home\",\"item\":\"https:\/\/tourtravelandmore.com\/fr\/\"},{\"@type\":\"ListItem\",\"position\":2,\"name\":\"Tours\",\"item\":\"https:\/\/tourtravelandmore.com\/fr\/tours\/\"},{\"@type\":\"ListItem\",\"position\":3,\"name\":\"Visite priv\u00e9e \u00e0 Ourense et Ribadavia depuis Saint-Jacques-de-Compostelle\"}]},{\"@type\":\"WebSite\",\"@id\":\"https:\/\/tourtravelandmore.com\/fr\/#website\",\"url\":\"https:\/\/tourtravelandmore.com\/fr\/\",\"name\":\"Tour Travel And More\",\"description\":\"Private sightseeing tours and luxury transfers in Spain\",\"publisher\":{\"@id\":\"https:\/\/tourtravelandmore.com\/fr\/#organization\"},\"potentialAction\":[{\"@type\":\"SearchAction\",\"target\":{\"@type\":\"EntryPoint\",\"urlTemplate\":\"https:\/\/tourtravelandmore.com\/fr\/?s={search_term_string}\"},\"query-input\":{\"@type\":\"PropertyValueSpecification\",\"valueRequired\":true,\"valueName\":\"search_term_string\"}}],\"inLanguage\":\"fr-FR\"},{\"@type\":\"Organization\",\"@id\":\"https:\/\/tourtravelandmore.com\/fr\/#organization\",\"name\":\"Tour Travel And More\",\"url\":\"https:\/\/tourtravelandmore.com\/fr\/\",\"logo\":{\"@type\":\"ImageObject\",\"inLanguage\":\"fr-FR\",\"@id\":\"https:\/\/tourtravelandmore.com\/fr\/#\/schema\/logo\/image\/\",\"url\":\"https:\/\/tourtravelandmore.com\/wp-content\/uploads\/2022\/12\/cropped-logo-cabecera-new.png\",\"contentUrl\":\"https:\/\/tourtravelandmore.com\/wp-content\/uploads\/2022\/12\/cropped-logo-cabecera-new.png\",\"width\":430,\"height\":61,\"caption\":\"Tour Travel And More\"},\"image\":{\"@id\":\"https:\/\/tourtravelandmore.com\/fr\/#\/schema\/logo\/image\/\"},\"sameAs\":[\"https:\/\/www.facebook.com\/tourtravelandmore\/\",\"https:\/\/x.com\/TourTravel_More\"]}]}<\/script>\n<!-- \/ Yoast SEO Premium plugin. -->","yoast_head_json":{"title":"\u27a1\ufe0f Visite priv\u00e9e \u00e0 Ourense et Ribadavia depuis Saint-Jacques-de-Compostelle","description":"Visite priv\u00e9e \u00e0 Ourense et Ribadavia depuis Saint-Jacques-de-Compostelle. Monuments et sites les plus importants. Profitez de cette occasion pour vous rendre en ville! \u2705","robots":{"index":"index","follow":"follow","max-snippet":"max-snippet:-1","max-image-preview":"max-image-preview:large","max-video-preview":"max-video-preview:-1"},"canonical":"https:\/\/tourtravelandmore.com\/fr\/tours\/espagne-fr\/santiagodecompsotela-fr\/visite-privee-de-la-peninsule-de-barbanza-depuis-saint-jacques-de-compostelle-copy\/","og_locale":"fr_FR","og_type":"article","og_title":"Visite priv\u00e9e \u00e0 Ourense et Ribadavia depuis Saint-Jacques-de-Compostelle","og_description":"Visite priv\u00e9e \u00e0 Ourense et Ribadavia depuis Saint-Jacques-de-Compostelle. Monuments et sites les plus importants. Profitez de cette occasion pour vous rendre en ville! \u2705","og_url":"https:\/\/tourtravelandmore.com\/fr\/tours\/espagne-fr\/santiagodecompsotela-fr\/visite-privee-de-la-peninsule-de-barbanza-depuis-saint-jacques-de-compostelle-copy\/","og_site_name":"Tour Travel And More","article_publisher":"https:\/\/www.facebook.com\/tourtravelandmore\/","article_modified_time":"2024-11-27T15:24:48+00:00","og_image":[{"width":1280,"height":853,"url":"https:\/\/tourtravelandmore.com\/wp-content\/uploads\/2024\/11\/pexels-zamarjo-2391672-10056937.jpg","type":"image\/jpeg"}],"twitter_card":"summary_large_image","twitter_site":"@TourTravel_More","twitter_misc":{"Dur\u00e9e de lecture estim\u00e9e":"2 minutes"},"schema":{"@context":"https:\/\/schema.org","@graph":[{"@type":"WebPage","@id":"https:\/\/tourtravelandmore.com\/fr\/tours\/espagne-fr\/santiagodecompsotela-fr\/visite-privee-de-la-peninsule-de-barbanza-depuis-saint-jacques-de-compostelle-copy\/","url":"https:\/\/tourtravelandmore.com\/fr\/tours\/espagne-fr\/santiagodecompsotela-fr\/visite-privee-de-la-peninsule-de-barbanza-depuis-saint-jacques-de-compostelle-copy\/","name":"\u27a1\ufe0f Visite priv\u00e9e \u00e0 Ourense et Ribadavia depuis Saint-Jacques-de-Compostelle","isPartOf":{"@id":"https:\/\/tourtravelandmore.com\/fr\/#website"},"primaryImageOfPage":{"@id":"https:\/\/tourtravelandmore.com\/fr\/tours\/espagne-fr\/santiagodecompsotela-fr\/visite-privee-de-la-peninsule-de-barbanza-depuis-saint-jacques-de-compostelle-copy\/#primaryimage"},"image":{"@id":"https:\/\/tourtravelandmore.com\/fr\/tours\/espagne-fr\/santiagodecompsotela-fr\/visite-privee-de-la-peninsule-de-barbanza-depuis-saint-jacques-de-compostelle-copy\/#primaryimage"},"thumbnailUrl":"https:\/\/tourtravelandmore.com\/wp-content\/uploads\/2024\/11\/pexels-zamarjo-2391672-10056937.jpg","datePublished":"2024-11-27T14:45:25+00:00","dateModified":"2024-11-27T15:24:48+00:00","description":"Visite priv\u00e9e \u00e0 Ourense et Ribadavia depuis Saint-Jacques-de-Compostelle. Monuments et sites les plus importants. Profitez de cette occasion pour vous rendre en ville! \u2705","breadcrumb":{"@id":"https:\/\/tourtravelandmore.com\/fr\/tours\/espagne-fr\/santiagodecompsotela-fr\/visite-privee-de-la-peninsule-de-barbanza-depuis-saint-jacques-de-compostelle-copy\/#breadcrumb"},"inLanguage":"fr-FR","potentialAction":[{"@type":"ReadAction","target":["https:\/\/tourtravelandmore.com\/fr\/tours\/espagne-fr\/santiagodecompsotela-fr\/visite-privee-de-la-peninsule-de-barbanza-depuis-saint-jacques-de-compostelle-copy\/"]}]},{"@type":"ImageObject","inLanguage":"fr-FR","@id":"https:\/\/tourtravelandmore.com\/fr\/tours\/espagne-fr\/santiagodecompsotela-fr\/visite-privee-de-la-peninsule-de-barbanza-depuis-saint-jacques-de-compostelle-copy\/#primaryimage","url":"https:\/\/tourtravelandmore.com\/wp-content\/uploads\/2024\/11\/pexels-zamarjo-2391672-10056937.jpg","contentUrl":"https:\/\/tourtravelandmore.com\/wp-content\/uploads\/2024\/11\/pexels-zamarjo-2391672-10056937.jpg","width":1280,"height":853},{"@type":"BreadcrumbList","@id":"https:\/\/tourtravelandmore.com\/fr\/tours\/espagne-fr\/santiagodecompsotela-fr\/visite-privee-de-la-peninsule-de-barbanza-depuis-saint-jacques-de-compostelle-copy\/#breadcrumb","itemListElement":[{"@type":"ListItem","position":1,"name":"Home","item":"https:\/\/tourtravelandmore.com\/fr\/"},{"@type":"ListItem","position":2,"name":"Tours","item":"https:\/\/tourtravelandmore.com\/fr\/tours\/"},{"@type":"ListItem","position":3,"name":"Visite priv\u00e9e \u00e0 Ourense et Ribadavia depuis Saint-Jacques-de-Compostelle"}]},{"@type":"WebSite","@id":"https:\/\/tourtravelandmore.com\/fr\/#website","url":"https:\/\/tourtravelandmore.com\/fr\/","name":"Tour Travel And More","description":"Private sightseeing tours and luxury transfers in Spain","publisher":{"@id":"https:\/\/tourtravelandmore.com\/fr\/#organization"},"potentialAction":[{"@type":"SearchAction","target":{"@type":"EntryPoint","urlTemplate":"https:\/\/tourtravelandmore.com\/fr\/?s={search_term_string}"},"query-input":{"@type":"PropertyValueSpecification","valueRequired":true,"valueName":"search_term_string"}}],"inLanguage":"fr-FR"},{"@type":"Organization","@id":"https:\/\/tourtravelandmore.com\/fr\/#organization","name":"Tour Travel And More","url":"https:\/\/tourtravelandmore.com\/fr\/","logo":{"@type":"ImageObject","inLanguage":"fr-FR","@id":"https:\/\/tourtravelandmore.com\/fr\/#\/schema\/logo\/image\/","url":"https:\/\/tourtravelandmore.com\/wp-content\/uploads\/2022\/12\/cropped-logo-cabecera-new.png","contentUrl":"https:\/\/tourtravelandmore.com\/wp-content\/uploads\/2022\/12\/cropped-logo-cabecera-new.png","width":430,"height":61,"caption":"Tour Travel And More"},"image":{"@id":"https:\/\/tourtravelandmore.com\/fr\/#\/schema\/logo\/image\/"},"sameAs":["https:\/\/www.facebook.com\/tourtravelandmore\/","https:\/\/x.com\/TourTravel_More"]}]}},"_links":{"self":[{"href":"https:\/\/tourtravelandmore.com\/fr\/wp-json\/wp\/v2\/product\/178747","targetHints":{"allow":["GET"]}}],"collection":[{"href":"https:\/\/tourtravelandmore.com\/fr\/wp-json\/wp\/v2\/product"}],"about":[{"href":"https:\/\/tourtravelandmore.com\/fr\/wp-json\/wp\/v2\/types\/product"}],"replies":[{"embeddable":true,"href":"https:\/\/tourtravelandmore.com\/fr\/wp-json\/wp\/v2\/comments?post=178747"}],"wp:featuredmedia":[{"embeddable":true,"href":"https:\/\/tourtravelandmore.com\/fr\/wp-json\/wp\/v2\/media\/178757"}],"wp:attachment":[{"href":"https:\/\/tourtravelandmore.com\/fr\/wp-json\/wp\/v2\/media?parent=178747"}],"wp:term":[{"taxonomy":"product_brand","embeddable":true,"href":"https:\/\/tourtravelandmore.com\/fr\/wp-json\/wp\/v2\/product_brand?post=178747"},{"taxonomy":"product_cat","embeddable":true,"href":"https:\/\/tourtravelandmore.com\/fr\/wp-json\/wp\/v2\/product_cat?post=178747"},{"taxonomy":"product_tag","embeddable":true,"href":"https:\/\/tourtravelandmore.com\/fr\/wp-json\/wp\/v2\/product_tag?post=178747"}],"curies":[{"name":"wp","href":"https:\/\/api.w.org\/{rel}","templated":true}]}}