{"id":178709,"date":"2024-11-26T18:39:57","date_gmt":"2024-11-26T17:40:11","guid":{"rendered":"https:\/\/tourtravelandmore.com\/?post_type=product&#038;p=178709"},"modified":"2024-11-27T15:38:59","modified_gmt":"2024-11-27T14:38:59","slug":"visite-privee-a-pied-de-saint-jacques-de-compostelle-copy","status":"publish","type":"product","link":"https:\/\/tourtravelandmore.com\/fr\/tours\/espagne-fr\/santiagodecompsotela-fr\/visite-privee-a-pied-de-saint-jacques-de-compostelle-copy\/","title":{"rendered":"Visite priv\u00e9e de la p\u00e9ninsule de Barbanza depuis Saint-Jacques-de-Compostelle"},"content":{"rendered":"<h2><b>Visite priv\u00e9e de la p\u00e9ninsule de Barbanza depuis Saint-Jacques-de-Compostelle Description<\/b><\/h2>\n<p>D\u00e9couvrez les joyaux cach\u00e9s de la Galice lors de cette visite priv\u00e9e exclusive de l&#8217;\u00e9tonnante p\u00e9ninsule de Barbanza. Au d\u00e9part de Saint-Jacques-de-Compostelle, profitez d&#8217;une journ\u00e9e compl\u00e8te d&#8217;exploration pour d\u00e9couvrir les paysages \u00e0 couper le souffle, les tr\u00e9sors historiques et le charme c\u00f4tier de cette r\u00e9gion m\u00e9connue. Avec un v\u00e9hicule priv\u00e9 et un guide expert \u00e0 votre disposition pendant huit heures, cette exp\u00e9rience personnalis\u00e9e vous assure confort et flexibilit\u00e9 tout au long de votre voyage.<\/p>\n<p>Cette visite priv\u00e9e vous permet de vous immerger totalement dans la beaut\u00e9 et le charme de la p\u00e9ninsule de Barbanza, et vous offre une exp\u00e9rience unique et personnelle des sites et des sons de la ville. Vous serez en mesure de voir les sites c\u00e9l\u00e8bres de la ville et les joyaux cach\u00e9s qui sont souvent manqu\u00e9s par les grands groupes de touristes, ce qui fait de cette visite le choix id\u00e9al pour les voyageurs qui veulent profiter au maximum de leur temps dans la ville.<\/p>\n<h2><b>Visite priv\u00e9e de la p\u00e9ninsule de Barbanza depuis Saint-Jacques-de-Compostelle Points d&#8217;int\u00e9r\u00eat<\/b><\/h2>\n<p>L&#8217;excursion commence par un trajet pittoresque \u00e0 travers la campagne galicienne luxuriante, qui m\u00e8ne au c\u0153ur de la p\u00e9ninsule de Barbanza. Vous visiterez des villages c\u00f4tiers pittoresques, admirerez des vues panoramiques depuis des points de vue impressionnants et vous plongerez dans la riche culture de la r\u00e9gion. Vous pourrez notamment explorer d&#8217;anciennes ruines, d\u00e9couvrir les traditions de p\u00eache de la r\u00e9gion et profiter de la beaut\u00e9 immacul\u00e9e de plages pr\u00e9serv\u00e9es.<\/p>\n<p>Parfaite pour les passionn\u00e9s d&#8217;histoire, les amoureux de la nature ou tous ceux qui cherchent \u00e0 s&#8217;\u00e9vader tranquillement, cette excursion combine les merveilles naturelles et les connaissances culturelles pour vous faire passer une journ\u00e9e inoubliable en Galice.<\/p>\n<ul>\n<li><b><strong>V\u00e9hicule et guide priv\u00e9s pendant 8 heures :<\/strong><\/b> D\u00e9tendez-vous et profitez de la commodit\u00e9 d&#8217;une voiture d\u00e9di\u00e9e et d&#8217;un guide expert.<\/li>\n<li><b><strong>Paysages pittoresques :<\/strong><\/b> Admirez les collines verdoyantes et le littoral accident\u00e9 de la p\u00e9ninsule de Barbanza.<\/li>\n<li><b><strong>Villages pittoresques :<\/strong><\/b> Promenez-vous dans de charmants villages c\u00f4tiers comme A Pobra do Carami\u00f1al et Rianxo, connus pour leur patrimoine maritime.<\/li>\n<li><b><strong>Points de vue panoramiques :<\/strong><\/b> Admirez les vues \u00e9poustouflantes depuis le Mirador de A Curota, l&#8217;un des points de vue les plus c\u00e9l\u00e8bres de Galice.<\/li>\n<li><b><strong>Arr\u00eats culturels et historiques :<\/strong><\/b> Visitez d&#8217;anciens castros (villages celtes) et d\u00e9couvrez l&#8217;histoire et les traditions de la r\u00e9gion.<\/li>\n<li><b><strong>Itin\u00e9raire flexible :<\/strong><\/b> Personnalisez votre exp\u00e9rience avec des arr\u00eats qui correspondent \u00e0 vos int\u00e9r\u00eats, des plages sereines aux march\u00e9s locaux.<\/li>\n<\/ul>\n<p>Si vous souhaitez explorer Saint-Jacques-de-Compostelle et en savoir plus sur sa riche histoire et sa culture, consultez la liste des <a href=\"https:\/\/tourtravelandmore.com\/fr\/city\/espagne-fr\/santiagodecompsotela-fr\/\">circuits priv\u00e9s propos\u00e9s par Tour Travel and More !<\/a><\/p>\n","protected":false},"excerpt":{"rendered":"<p>D\u00e9couvrez les joyaux cach\u00e9s de la Galice lors de cette visite priv\u00e9e exclusive de l&#8217;\u00e9tonnante p\u00e9ninsule de Barbanza. Au d\u00e9part de Saint-Jacques-de-Compostelle, profitez d&#8217;une journ\u00e9e compl\u00e8te d&#8217;exploration pour d\u00e9couvrir les paysages \u00e0 couper le souffle, les tr\u00e9sors historiques et le charme c\u00f4tier de cette r\u00e9gion m\u00e9connue. Avec un v\u00e9hicule priv\u00e9 et un guide expert \u00e0 votre disposition pendant huit heures, cette exp\u00e9rience personnalis\u00e9e vous assure confort et flexibilit\u00e9 tout au long de votre voyage.<\/p>\n","protected":false},"featured_media":178719,"comment_status":"open","ping_status":"closed","template":"","meta":{"_acf_changed":false},"product_brand":[],"product_cat":[4438,5126,5125,3589],"product_tag":[],"class_list":{"0":"post-178709","1":"product","2":"type-product","3":"status-publish","4":"has-post-thumbnail","6":"product_cat-all-private-tours-activities-fr-21","7":"product_cat-private-sightseeing-tours-fr-31","8":"product_cat-private-walking-tours-fr-13","9":"product_cat-santiagodecompsotela-fr","11":"first","12":"instock","13":"shipping-taxable","14":"purchasable","15":"product-type-simple"},"acf":[],"yoast_head":"<!-- This site is optimized with the Yoast SEO Premium plugin v25.3.1 (Yoast SEO v25.3.1) - https:\/\/yoast.com\/wordpress\/plugins\/seo\/ -->\n<title>\u27a1\ufe0f Visite priv\u00e9e de la p\u00e9ninsule de Barbanza depuis Saint-Jacques-de-Compostelle<\/title>\n<meta name=\"description\" content=\"Visite priv\u00e9e de SantiaPrivate Santiago de Compostela Walking Tour. Monuments et sites les plus importants. Profitez de cette occasion pour vous rendre en ville! \u2705\" \/>\n<meta name=\"robots\" content=\"index, follow, max-snippet:-1, max-image-preview:large, max-video-preview:-1\" \/>\n<link rel=\"canonical\" href=\"https:\/\/tourtravelandmore.com\/fr\/tours\/espagne-fr\/santiagodecompsotela-fr\/visite-privee-a-pied-de-saint-jacques-de-compostelle-copy\/\" \/>\n<meta property=\"og:locale\" content=\"fr_FR\" \/>\n<meta property=\"og:type\" content=\"article\" \/>\n<meta property=\"og:title\" content=\"Visite priv\u00e9e de la p\u00e9ninsule de Barbanza depuis Saint-Jacques-de-Compostelle\" \/>\n<meta property=\"og:description\" content=\"Visite priv\u00e9e de SantiaPrivate Santiago de Compostela Walking Tour. Monuments et sites les plus importants. Profitez de cette occasion pour vous rendre en ville! \u2705\" \/>\n<meta property=\"og:url\" content=\"https:\/\/tourtravelandmore.com\/fr\/tours\/espagne-fr\/santiagodecompsotela-fr\/visite-privee-a-pied-de-saint-jacques-de-compostelle-copy\/\" \/>\n<meta property=\"og:site_name\" content=\"Tour Travel And More\" \/>\n<meta property=\"article:publisher\" content=\"https:\/\/www.facebook.com\/tourtravelandmore\/\" \/>\n<meta property=\"article:modified_time\" content=\"2024-11-27T14:38:59+00:00\" \/>\n<meta property=\"og:image\" content=\"https:\/\/tourtravelandmore.com\/wp-content\/uploads\/2024\/11\/pobra.welcome-to-galicia.jpg\" \/>\n\t<meta property=\"og:image:width\" content=\"550\" \/>\n\t<meta property=\"og:image:height\" content=\"367\" \/>\n\t<meta property=\"og:image:type\" content=\"image\/jpeg\" \/>\n<meta name=\"twitter:card\" content=\"summary_large_image\" \/>\n<meta name=\"twitter:site\" content=\"@TourTravel_More\" \/>\n<meta name=\"twitter:label1\" content=\"Dur\u00e9e de lecture estim\u00e9e\" \/>\n\t<meta name=\"twitter:data1\" content=\"2 minutes\" \/>\n<script type=\"application\/ld+json\" class=\"yoast-schema-graph\">{\"@context\":\"https:\/\/schema.org\",\"@graph\":[{\"@type\":\"WebPage\",\"@id\":\"https:\/\/tourtravelandmore.com\/fr\/tours\/espagne-fr\/santiagodecompsotela-fr\/visite-privee-a-pied-de-saint-jacques-de-compostelle-copy\/\",\"url\":\"https:\/\/tourtravelandmore.com\/fr\/tours\/espagne-fr\/santiagodecompsotela-fr\/visite-privee-a-pied-de-saint-jacques-de-compostelle-copy\/\",\"name\":\"\u27a1\ufe0f Visite priv\u00e9e de la p\u00e9ninsule de Barbanza depuis Saint-Jacques-de-Compostelle\",\"isPartOf\":{\"@id\":\"https:\/\/tourtravelandmore.com\/fr\/#website\"},\"primaryImageOfPage\":{\"@id\":\"https:\/\/tourtravelandmore.com\/fr\/tours\/espagne-fr\/santiagodecompsotela-fr\/visite-privee-a-pied-de-saint-jacques-de-compostelle-copy\/#primaryimage\"},\"image\":{\"@id\":\"https:\/\/tourtravelandmore.com\/fr\/tours\/espagne-fr\/santiagodecompsotela-fr\/visite-privee-a-pied-de-saint-jacques-de-compostelle-copy\/#primaryimage\"},\"thumbnailUrl\":\"https:\/\/tourtravelandmore.com\/wp-content\/uploads\/2024\/11\/pobra.welcome-to-galicia.jpg\",\"datePublished\":\"2024-11-26T17:40:11+00:00\",\"dateModified\":\"2024-11-27T14:38:59+00:00\",\"description\":\"Visite priv\u00e9e de SantiaPrivate Santiago de Compostela Walking Tour. Monuments et sites les plus importants. Profitez de cette occasion pour vous rendre en ville! \u2705\",\"breadcrumb\":{\"@id\":\"https:\/\/tourtravelandmore.com\/fr\/tours\/espagne-fr\/santiagodecompsotela-fr\/visite-privee-a-pied-de-saint-jacques-de-compostelle-copy\/#breadcrumb\"},\"inLanguage\":\"fr-FR\",\"potentialAction\":[{\"@type\":\"ReadAction\",\"target\":[\"https:\/\/tourtravelandmore.com\/fr\/tours\/espagne-fr\/santiagodecompsotela-fr\/visite-privee-a-pied-de-saint-jacques-de-compostelle-copy\/\"]}]},{\"@type\":\"ImageObject\",\"inLanguage\":\"fr-FR\",\"@id\":\"https:\/\/tourtravelandmore.com\/fr\/tours\/espagne-fr\/santiagodecompsotela-fr\/visite-privee-a-pied-de-saint-jacques-de-compostelle-copy\/#primaryimage\",\"url\":\"https:\/\/tourtravelandmore.com\/wp-content\/uploads\/2024\/11\/pobra.welcome-to-galicia.jpg\",\"contentUrl\":\"https:\/\/tourtravelandmore.com\/wp-content\/uploads\/2024\/11\/pobra.welcome-to-galicia.jpg\",\"width\":550,\"height\":367},{\"@type\":\"BreadcrumbList\",\"@id\":\"https:\/\/tourtravelandmore.com\/fr\/tours\/espagne-fr\/santiagodecompsotela-fr\/visite-privee-a-pied-de-saint-jacques-de-compostelle-copy\/#breadcrumb\",\"itemListElement\":[{\"@type\":\"ListItem\",\"position\":1,\"name\":\"Home\",\"item\":\"https:\/\/tourtravelandmore.com\/fr\/\"},{\"@type\":\"ListItem\",\"position\":2,\"name\":\"Tours\",\"item\":\"https:\/\/tourtravelandmore.com\/fr\/tours\/\"},{\"@type\":\"ListItem\",\"position\":3,\"name\":\"Visite priv\u00e9e de la p\u00e9ninsule de Barbanza depuis Saint-Jacques-de-Compostelle\"}]},{\"@type\":\"WebSite\",\"@id\":\"https:\/\/tourtravelandmore.com\/fr\/#website\",\"url\":\"https:\/\/tourtravelandmore.com\/fr\/\",\"name\":\"Tour Travel And More\",\"description\":\"Private sightseeing tours and luxury transfers in Spain\",\"publisher\":{\"@id\":\"https:\/\/tourtravelandmore.com\/fr\/#organization\"},\"potentialAction\":[{\"@type\":\"SearchAction\",\"target\":{\"@type\":\"EntryPoint\",\"urlTemplate\":\"https:\/\/tourtravelandmore.com\/fr\/?s={search_term_string}\"},\"query-input\":{\"@type\":\"PropertyValueSpecification\",\"valueRequired\":true,\"valueName\":\"search_term_string\"}}],\"inLanguage\":\"fr-FR\"},{\"@type\":\"Organization\",\"@id\":\"https:\/\/tourtravelandmore.com\/fr\/#organization\",\"name\":\"Tour Travel And More\",\"url\":\"https:\/\/tourtravelandmore.com\/fr\/\",\"logo\":{\"@type\":\"ImageObject\",\"inLanguage\":\"fr-FR\",\"@id\":\"https:\/\/tourtravelandmore.com\/fr\/#\/schema\/logo\/image\/\",\"url\":\"https:\/\/tourtravelandmore.com\/wp-content\/uploads\/2022\/12\/cropped-logo-cabecera-new.png\",\"contentUrl\":\"https:\/\/tourtravelandmore.com\/wp-content\/uploads\/2022\/12\/cropped-logo-cabecera-new.png\",\"width\":430,\"height\":61,\"caption\":\"Tour Travel And More\"},\"image\":{\"@id\":\"https:\/\/tourtravelandmore.com\/fr\/#\/schema\/logo\/image\/\"},\"sameAs\":[\"https:\/\/www.facebook.com\/tourtravelandmore\/\",\"https:\/\/x.com\/TourTravel_More\"]}]}<\/script>\n<!-- \/ Yoast SEO Premium plugin. -->","yoast_head_json":{"title":"\u27a1\ufe0f Visite priv\u00e9e de la p\u00e9ninsule de Barbanza depuis Saint-Jacques-de-Compostelle","description":"Visite priv\u00e9e de SantiaPrivate Santiago de Compostela Walking Tour. Monuments et sites les plus importants. Profitez de cette occasion pour vous rendre en ville! \u2705","robots":{"index":"index","follow":"follow","max-snippet":"max-snippet:-1","max-image-preview":"max-image-preview:large","max-video-preview":"max-video-preview:-1"},"canonical":"https:\/\/tourtravelandmore.com\/fr\/tours\/espagne-fr\/santiagodecompsotela-fr\/visite-privee-a-pied-de-saint-jacques-de-compostelle-copy\/","og_locale":"fr_FR","og_type":"article","og_title":"Visite priv\u00e9e de la p\u00e9ninsule de Barbanza depuis Saint-Jacques-de-Compostelle","og_description":"Visite priv\u00e9e de SantiaPrivate Santiago de Compostela Walking Tour. Monuments et sites les plus importants. Profitez de cette occasion pour vous rendre en ville! \u2705","og_url":"https:\/\/tourtravelandmore.com\/fr\/tours\/espagne-fr\/santiagodecompsotela-fr\/visite-privee-a-pied-de-saint-jacques-de-compostelle-copy\/","og_site_name":"Tour Travel And More","article_publisher":"https:\/\/www.facebook.com\/tourtravelandmore\/","article_modified_time":"2024-11-27T14:38:59+00:00","og_image":[{"width":550,"height":367,"url":"https:\/\/tourtravelandmore.com\/wp-content\/uploads\/2024\/11\/pobra.welcome-to-galicia.jpg","type":"image\/jpeg"}],"twitter_card":"summary_large_image","twitter_site":"@TourTravel_More","twitter_misc":{"Dur\u00e9e de lecture estim\u00e9e":"2 minutes"},"schema":{"@context":"https:\/\/schema.org","@graph":[{"@type":"WebPage","@id":"https:\/\/tourtravelandmore.com\/fr\/tours\/espagne-fr\/santiagodecompsotela-fr\/visite-privee-a-pied-de-saint-jacques-de-compostelle-copy\/","url":"https:\/\/tourtravelandmore.com\/fr\/tours\/espagne-fr\/santiagodecompsotela-fr\/visite-privee-a-pied-de-saint-jacques-de-compostelle-copy\/","name":"\u27a1\ufe0f Visite priv\u00e9e de la p\u00e9ninsule de Barbanza depuis Saint-Jacques-de-Compostelle","isPartOf":{"@id":"https:\/\/tourtravelandmore.com\/fr\/#website"},"primaryImageOfPage":{"@id":"https:\/\/tourtravelandmore.com\/fr\/tours\/espagne-fr\/santiagodecompsotela-fr\/visite-privee-a-pied-de-saint-jacques-de-compostelle-copy\/#primaryimage"},"image":{"@id":"https:\/\/tourtravelandmore.com\/fr\/tours\/espagne-fr\/santiagodecompsotela-fr\/visite-privee-a-pied-de-saint-jacques-de-compostelle-copy\/#primaryimage"},"thumbnailUrl":"https:\/\/tourtravelandmore.com\/wp-content\/uploads\/2024\/11\/pobra.welcome-to-galicia.jpg","datePublished":"2024-11-26T17:40:11+00:00","dateModified":"2024-11-27T14:38:59+00:00","description":"Visite priv\u00e9e de SantiaPrivate Santiago de Compostela Walking Tour. Monuments et sites les plus importants. Profitez de cette occasion pour vous rendre en ville! \u2705","breadcrumb":{"@id":"https:\/\/tourtravelandmore.com\/fr\/tours\/espagne-fr\/santiagodecompsotela-fr\/visite-privee-a-pied-de-saint-jacques-de-compostelle-copy\/#breadcrumb"},"inLanguage":"fr-FR","potentialAction":[{"@type":"ReadAction","target":["https:\/\/tourtravelandmore.com\/fr\/tours\/espagne-fr\/santiagodecompsotela-fr\/visite-privee-a-pied-de-saint-jacques-de-compostelle-copy\/"]}]},{"@type":"ImageObject","inLanguage":"fr-FR","@id":"https:\/\/tourtravelandmore.com\/fr\/tours\/espagne-fr\/santiagodecompsotela-fr\/visite-privee-a-pied-de-saint-jacques-de-compostelle-copy\/#primaryimage","url":"https:\/\/tourtravelandmore.com\/wp-content\/uploads\/2024\/11\/pobra.welcome-to-galicia.jpg","contentUrl":"https:\/\/tourtravelandmore.com\/wp-content\/uploads\/2024\/11\/pobra.welcome-to-galicia.jpg","width":550,"height":367},{"@type":"BreadcrumbList","@id":"https:\/\/tourtravelandmore.com\/fr\/tours\/espagne-fr\/santiagodecompsotela-fr\/visite-privee-a-pied-de-saint-jacques-de-compostelle-copy\/#breadcrumb","itemListElement":[{"@type":"ListItem","position":1,"name":"Home","item":"https:\/\/tourtravelandmore.com\/fr\/"},{"@type":"ListItem","position":2,"name":"Tours","item":"https:\/\/tourtravelandmore.com\/fr\/tours\/"},{"@type":"ListItem","position":3,"name":"Visite priv\u00e9e de la p\u00e9ninsule de Barbanza depuis Saint-Jacques-de-Compostelle"}]},{"@type":"WebSite","@id":"https:\/\/tourtravelandmore.com\/fr\/#website","url":"https:\/\/tourtravelandmore.com\/fr\/","name":"Tour Travel And More","description":"Private sightseeing tours and luxury transfers in Spain","publisher":{"@id":"https:\/\/tourtravelandmore.com\/fr\/#organization"},"potentialAction":[{"@type":"SearchAction","target":{"@type":"EntryPoint","urlTemplate":"https:\/\/tourtravelandmore.com\/fr\/?s={search_term_string}"},"query-input":{"@type":"PropertyValueSpecification","valueRequired":true,"valueName":"search_term_string"}}],"inLanguage":"fr-FR"},{"@type":"Organization","@id":"https:\/\/tourtravelandmore.com\/fr\/#organization","name":"Tour Travel And More","url":"https:\/\/tourtravelandmore.com\/fr\/","logo":{"@type":"ImageObject","inLanguage":"fr-FR","@id":"https:\/\/tourtravelandmore.com\/fr\/#\/schema\/logo\/image\/","url":"https:\/\/tourtravelandmore.com\/wp-content\/uploads\/2022\/12\/cropped-logo-cabecera-new.png","contentUrl":"https:\/\/tourtravelandmore.com\/wp-content\/uploads\/2022\/12\/cropped-logo-cabecera-new.png","width":430,"height":61,"caption":"Tour Travel And More"},"image":{"@id":"https:\/\/tourtravelandmore.com\/fr\/#\/schema\/logo\/image\/"},"sameAs":["https:\/\/www.facebook.com\/tourtravelandmore\/","https:\/\/x.com\/TourTravel_More"]}]}},"_links":{"self":[{"href":"https:\/\/tourtravelandmore.com\/fr\/wp-json\/wp\/v2\/product\/178709","targetHints":{"allow":["GET"]}}],"collection":[{"href":"https:\/\/tourtravelandmore.com\/fr\/wp-json\/wp\/v2\/product"}],"about":[{"href":"https:\/\/tourtravelandmore.com\/fr\/wp-json\/wp\/v2\/types\/product"}],"replies":[{"embeddable":true,"href":"https:\/\/tourtravelandmore.com\/fr\/wp-json\/wp\/v2\/comments?post=178709"}],"wp:featuredmedia":[{"embeddable":true,"href":"https:\/\/tourtravelandmore.com\/fr\/wp-json\/wp\/v2\/media\/178719"}],"wp:attachment":[{"href":"https:\/\/tourtravelandmore.com\/fr\/wp-json\/wp\/v2\/media?parent=178709"}],"wp:term":[{"taxonomy":"product_brand","embeddable":true,"href":"https:\/\/tourtravelandmore.com\/fr\/wp-json\/wp\/v2\/product_brand?post=178709"},{"taxonomy":"product_cat","embeddable":true,"href":"https:\/\/tourtravelandmore.com\/fr\/wp-json\/wp\/v2\/product_cat?post=178709"},{"taxonomy":"product_tag","embeddable":true,"href":"https:\/\/tourtravelandmore.com\/fr\/wp-json\/wp\/v2\/product_tag?post=178709"}],"curies":[{"name":"wp","href":"https:\/\/api.w.org\/{rel}","templated":true}]}}