{"id":178567,"date":"2024-11-11T16:27:45","date_gmt":"2024-11-11T15:27:48","guid":{"rendered":"https:\/\/tourtravelandmore.com\/?post_type=product&#038;p=178567"},"modified":"2025-04-11T16:23:02","modified_gmt":"2025-04-11T14:23:02","slug":"visite-privee-de-sausalito-et-san-francisco-copy","status":"publish","type":"product","link":"https:\/\/tourtravelandmore.com\/fr\/tours\/etats-unis-fr\/san-francisco-fr\/visite-privee-de-sausalito-et-san-francisco-copy\/","title":{"rendered":"Visite priv\u00e9e : Les points forts de San Francisco &#8211; Alcatraz, Muir Woods et Sausalito"},"content":{"rendered":"<h2><b><strong>Visite priv\u00e9e :<\/strong><\/b> <b><strong>Les points forts de San Francisco &#8211; Alcatraz, Muir Woods et Sausalito Description<\/strong><\/b><\/h2>\n<p>D\u00e9couvrez le meilleur de San Francisco gr\u00e2ce \u00e0 une visite priv\u00e9e exclusive qui combine merveilles naturelles, sites embl\u00e9matiques et histoire captivante. En une seule journ\u00e9e, vous passerez du c\u0153ur anim\u00e9 de la ville aux for\u00eats de s\u00e9quoias tranquilles de Muir Woods, au charme c\u00f4tier de Sausalito et \u00e0 la l\u00e9gendaire \u00eele d&#8217;Alcatraz.<\/p>\n<p>Notre circuit est soigneusement con\u00e7u pour vous permettre de saisir l&#8217;essence des attractions les plus c\u00e9l\u00e8bres de San Francisco. Votre guide vous accompagnera \u00e0 Muir Woods et \u00e0 Sausalito. Vous vous rendrez ensuite \u00e0 Alcatraz et disposerez d&#8217;un peu de temps libre pour d\u00e9jeuner et vous amuser seul. Cette visite priv\u00e9e se termine au Pier 33.<\/p>\n<p>Que vous fassiez escale dans un port d&#8217;escale de votre <b>croisi\u00e8re<\/b>, que vous fassiez une <b>pause<\/b> avant votre prochaine destination ou que vous <b>passiez des vacances<\/b> en ville, nous sommes \u00e0 votre disposition pour faire de votre exp\u00e9rience un moment unique.<\/p>\n<h2><b><strong>Points d&#8217;int\u00e9r\u00eat et monuments<\/strong><\/b><\/h2>\n<p>Commencez par une escapade dans les paysages sereins du Muir Woods National Monument, qui abrite d&#8217;imposants s\u00e9quoias anciens, parmi les arbres les plus hauts du monde. Ensuite, une route pittoresque m\u00e8ne \u00e0 Sausalito, une ville c\u00f4ti\u00e8re pittoresque connue pour son flair artistique, son front de mer pittoresque et ses charmantes boutiques. Compl\u00e9tez votre journ\u00e9e avec Alcatraz, votre guide personnel partagera l&#8217;histoire unique de cette ancienne prison, c\u00e9l\u00e8bre pour avoir h\u00e9berg\u00e9 des criminels notoires et offrant des vues exceptionnelles sur la ligne d&#8217;horizon de San Francisco.<\/p>\n<p>Avec un chauffeur d\u00e9di\u00e9 pour la partie Sausalito et Muir Woods, un guide comp\u00e9tent \u00e0 vos c\u00f4t\u00e9s tout au long de la journ\u00e9e, et les billets d&#8217;entr\u00e9e \u00e0 Alcatraz inclus, cette visite priv\u00e9e de 10 heures promet une exp\u00e9rience transparente et inoubliable.<\/p>\n<p><b><strong>Voici un exemple de ce que vous verrez, parmi d&#8217;autres, au cours de cette excursion de 10 heures :<\/strong><\/b><\/p>\n<ul>\n<li><b><strong>Muir Woods National Monument<\/strong><\/b>\n<ul>\n<li>Marchez parmi les s\u00e9quoias imposants, dont certains ont plus de mille ans.<\/li>\n<li>Impr\u00e9gnez-vous de l&#8217;ambiance paisible de cette for\u00eat impressionnante.<\/li>\n<li>Votre guide vous renseignera sur l&#8217;\u00e9cosyst\u00e8me et l&#8217;histoire uniques de la r\u00e9gion.<\/li>\n<\/ul>\n<\/li>\n<li><b><strong>Sausalito<\/strong><\/b>\n<ul>\n<li>Promenez-vous dans cette charmante ville c\u00f4ti\u00e8re aux accents m\u00e9diterran\u00e9ens.<\/li>\n<li>Parcourez les galeries d&#8217;art et les boutiques locales, et profitez du front de mer pittoresque.<\/li>\n<li>Admirez les vues panoramiques de San Francisco depuis l&#8217;autre c\u00f4t\u00e9 de la baie.<\/li>\n<\/ul>\n<\/li>\n<li><b><strong>Visite de l&#8217;\u00eele d&#8217;Alcatraz<\/strong><\/b>\n<ul>\n<li>Explorez la prison historique d&#8217;Alcatraz avec les billets inclus.<\/li>\n<li>D\u00e9couvrez les histoires de ses d\u00e9tenus tristement c\u00e9l\u00e8bres et de leurs tentatives d&#8217;\u00e9vasion.<\/li>\n<li>Profitez d&#8217;une vue incomparable sur la baie de San Francisco depuis l&#8217;\u00eele.<\/li>\n<\/ul>\n<\/li>\n<\/ul>\n<p>D\u00e9couvrez les sites embl\u00e9matiques, la beaut\u00e9 naturelle et l&#8217;histoire fascinante de San Francisco gr\u00e2ce \u00e0 ce circuit guid\u00e9 par des experts qui allie luxe, confort et exp\u00e9riences uniques, con\u00e7u sp\u00e9cialement pour vous par Tour Travel &amp; More.<\/p>\n","protected":false},"excerpt":{"rendered":"<p>D\u00e9couvrez le meilleur de San Francisco gr\u00e2ce \u00e0 un circuit priv\u00e9 exclusif alliant merveilles naturelles, sites embl\u00e9matiques et histoire captivante. En une seule journ\u00e9e, vous passerez du c\u0153ur anim\u00e9 de la ville aux for\u00eats de s\u00e9quoias tranquilles de Muir Woods, au charme c\u00f4tier de Sausalito et \u00e0 la l\u00e9gendaire \u00eele d&#8217;Alcatraz.<\/p>\n","protected":false},"featured_media":178585,"comment_status":"open","ping_status":"closed","template":"","meta":{"_acf_changed":false},"product_brand":[],"product_cat":[5440,5441,3547,3548],"product_tag":[],"class_list":{"0":"post-178567","1":"product","2":"type-product","3":"status-publish","4":"has-post-thumbnail","6":"product_cat-all-private-tours-activities-fr-34","7":"product_cat-private-sightseeing-tours-fr-42","8":"product_cat-etats-unis-fr","9":"product_cat-san-francisco-fr","11":"first","12":"instock","13":"shipping-taxable","14":"purchasable","15":"product-type-simple"},"acf":[],"yoast_head":"<!-- This site is optimized with the Yoast SEO Premium plugin v25.3.1 (Yoast SEO v25.3.1) - https:\/\/yoast.com\/wordpress\/plugins\/seo\/ -->\n<title>Visite priv\u00e9e : Les points forts de San Francisco - Alcatraz, Muir Woods et Sausalito<\/title>\n<meta name=\"description\" content=\"Profitez de cette visite priv\u00e9e de San Francisco. Admirez les lieux et monuments les plus \u00e9tonnants de cette ville merveilleuse avec votre chauffeur-guide.\" \/>\n<meta name=\"robots\" content=\"index, follow, max-snippet:-1, max-image-preview:large, max-video-preview:-1\" \/>\n<link rel=\"canonical\" href=\"https:\/\/tourtravelandmore.com\/fr\/tours\/etats-unis-fr\/san-francisco-fr\/visite-privee-de-sausalito-et-san-francisco-copy\/\" \/>\n<meta property=\"og:locale\" content=\"fr_FR\" \/>\n<meta property=\"og:type\" content=\"article\" \/>\n<meta property=\"og:title\" content=\"Visite priv\u00e9e : Les points forts de San Francisco - Alcatraz, Muir Woods et Sausalito\" \/>\n<meta property=\"og:description\" content=\"Profitez de cette visite priv\u00e9e de San Francisco. Admirez les lieux et monuments les plus \u00e9tonnants de cette ville merveilleuse avec votre chauffeur-guide.\" \/>\n<meta property=\"og:url\" content=\"https:\/\/tourtravelandmore.com\/fr\/tours\/etats-unis-fr\/san-francisco-fr\/visite-privee-de-sausalito-et-san-francisco-copy\/\" \/>\n<meta property=\"og:site_name\" content=\"Tour Travel And More\" \/>\n<meta property=\"article:publisher\" content=\"https:\/\/www.facebook.com\/tourtravelandmore\/\" \/>\n<meta property=\"article:modified_time\" content=\"2025-04-11T14:23:02+00:00\" \/>\n<meta property=\"og:image\" content=\"https:\/\/tourtravelandmore.com\/wp-content\/uploads\/2024\/11\/pexels-am83-12907465.jpg\" \/>\n\t<meta property=\"og:image:width\" content=\"1279\" \/>\n\t<meta property=\"og:image:height\" content=\"854\" \/>\n\t<meta property=\"og:image:type\" content=\"image\/jpeg\" \/>\n<meta name=\"twitter:card\" content=\"summary_large_image\" \/>\n<meta name=\"twitter:site\" content=\"@TourTravel_More\" \/>\n<meta name=\"twitter:label1\" content=\"Dur\u00e9e de lecture estim\u00e9e\" \/>\n\t<meta name=\"twitter:data1\" content=\"3 minutes\" \/>\n<script type=\"application\/ld+json\" class=\"yoast-schema-graph\">{\"@context\":\"https:\/\/schema.org\",\"@graph\":[{\"@type\":\"WebPage\",\"@id\":\"https:\/\/tourtravelandmore.com\/fr\/tours\/etats-unis-fr\/san-francisco-fr\/visite-privee-de-sausalito-et-san-francisco-copy\/\",\"url\":\"https:\/\/tourtravelandmore.com\/fr\/tours\/etats-unis-fr\/san-francisco-fr\/visite-privee-de-sausalito-et-san-francisco-copy\/\",\"name\":\"Visite priv\u00e9e : Les points forts de San Francisco - Alcatraz, Muir Woods et Sausalito\",\"isPartOf\":{\"@id\":\"https:\/\/tourtravelandmore.com\/fr\/#website\"},\"primaryImageOfPage\":{\"@id\":\"https:\/\/tourtravelandmore.com\/fr\/tours\/etats-unis-fr\/san-francisco-fr\/visite-privee-de-sausalito-et-san-francisco-copy\/#primaryimage\"},\"image\":{\"@id\":\"https:\/\/tourtravelandmore.com\/fr\/tours\/etats-unis-fr\/san-francisco-fr\/visite-privee-de-sausalito-et-san-francisco-copy\/#primaryimage\"},\"thumbnailUrl\":\"https:\/\/tourtravelandmore.com\/wp-content\/uploads\/2024\/11\/pexels-am83-12907465.jpg\",\"datePublished\":\"2024-11-11T15:27:48+00:00\",\"dateModified\":\"2025-04-11T14:23:02+00:00\",\"description\":\"Profitez de cette visite priv\u00e9e de San Francisco. Admirez les lieux et monuments les plus \u00e9tonnants de cette ville merveilleuse avec votre chauffeur-guide.\",\"breadcrumb\":{\"@id\":\"https:\/\/tourtravelandmore.com\/fr\/tours\/etats-unis-fr\/san-francisco-fr\/visite-privee-de-sausalito-et-san-francisco-copy\/#breadcrumb\"},\"inLanguage\":\"fr-FR\",\"potentialAction\":[{\"@type\":\"ReadAction\",\"target\":[\"https:\/\/tourtravelandmore.com\/fr\/tours\/etats-unis-fr\/san-francisco-fr\/visite-privee-de-sausalito-et-san-francisco-copy\/\"]}]},{\"@type\":\"ImageObject\",\"inLanguage\":\"fr-FR\",\"@id\":\"https:\/\/tourtravelandmore.com\/fr\/tours\/etats-unis-fr\/san-francisco-fr\/visite-privee-de-sausalito-et-san-francisco-copy\/#primaryimage\",\"url\":\"https:\/\/tourtravelandmore.com\/wp-content\/uploads\/2024\/11\/pexels-am83-12907465.jpg\",\"contentUrl\":\"https:\/\/tourtravelandmore.com\/wp-content\/uploads\/2024\/11\/pexels-am83-12907465.jpg\",\"width\":1279,\"height\":854},{\"@type\":\"BreadcrumbList\",\"@id\":\"https:\/\/tourtravelandmore.com\/fr\/tours\/etats-unis-fr\/san-francisco-fr\/visite-privee-de-sausalito-et-san-francisco-copy\/#breadcrumb\",\"itemListElement\":[{\"@type\":\"ListItem\",\"position\":1,\"name\":\"Home\",\"item\":\"https:\/\/tourtravelandmore.com\/fr\/\"},{\"@type\":\"ListItem\",\"position\":2,\"name\":\"Tours\",\"item\":\"https:\/\/tourtravelandmore.com\/fr\/tours\/\"},{\"@type\":\"ListItem\",\"position\":3,\"name\":\"Visite priv\u00e9e : Les points forts de San Francisco &#8211; Alcatraz, Muir Woods et Sausalito\"}]},{\"@type\":\"WebSite\",\"@id\":\"https:\/\/tourtravelandmore.com\/fr\/#website\",\"url\":\"https:\/\/tourtravelandmore.com\/fr\/\",\"name\":\"Tour Travel And More\",\"description\":\"Private sightseeing tours and luxury transfers in Spain\",\"publisher\":{\"@id\":\"https:\/\/tourtravelandmore.com\/fr\/#organization\"},\"potentialAction\":[{\"@type\":\"SearchAction\",\"target\":{\"@type\":\"EntryPoint\",\"urlTemplate\":\"https:\/\/tourtravelandmore.com\/fr\/?s={search_term_string}\"},\"query-input\":{\"@type\":\"PropertyValueSpecification\",\"valueRequired\":true,\"valueName\":\"search_term_string\"}}],\"inLanguage\":\"fr-FR\"},{\"@type\":\"Organization\",\"@id\":\"https:\/\/tourtravelandmore.com\/fr\/#organization\",\"name\":\"Tour Travel And More\",\"url\":\"https:\/\/tourtravelandmore.com\/fr\/\",\"logo\":{\"@type\":\"ImageObject\",\"inLanguage\":\"fr-FR\",\"@id\":\"https:\/\/tourtravelandmore.com\/fr\/#\/schema\/logo\/image\/\",\"url\":\"https:\/\/tourtravelandmore.com\/wp-content\/uploads\/2022\/12\/cropped-logo-cabecera-new.png\",\"contentUrl\":\"https:\/\/tourtravelandmore.com\/wp-content\/uploads\/2022\/12\/cropped-logo-cabecera-new.png\",\"width\":430,\"height\":61,\"caption\":\"Tour Travel And More\"},\"image\":{\"@id\":\"https:\/\/tourtravelandmore.com\/fr\/#\/schema\/logo\/image\/\"},\"sameAs\":[\"https:\/\/www.facebook.com\/tourtravelandmore\/\",\"https:\/\/x.com\/TourTravel_More\"]}]}<\/script>\n<!-- \/ Yoast SEO Premium plugin. -->","yoast_head_json":{"title":"Visite priv\u00e9e : Les points forts de San Francisco - Alcatraz, Muir Woods et Sausalito","description":"Profitez de cette visite priv\u00e9e de San Francisco. Admirez les lieux et monuments les plus \u00e9tonnants de cette ville merveilleuse avec votre chauffeur-guide.","robots":{"index":"index","follow":"follow","max-snippet":"max-snippet:-1","max-image-preview":"max-image-preview:large","max-video-preview":"max-video-preview:-1"},"canonical":"https:\/\/tourtravelandmore.com\/fr\/tours\/etats-unis-fr\/san-francisco-fr\/visite-privee-de-sausalito-et-san-francisco-copy\/","og_locale":"fr_FR","og_type":"article","og_title":"Visite priv\u00e9e : Les points forts de San Francisco - Alcatraz, Muir Woods et Sausalito","og_description":"Profitez de cette visite priv\u00e9e de San Francisco. Admirez les lieux et monuments les plus \u00e9tonnants de cette ville merveilleuse avec votre chauffeur-guide.","og_url":"https:\/\/tourtravelandmore.com\/fr\/tours\/etats-unis-fr\/san-francisco-fr\/visite-privee-de-sausalito-et-san-francisco-copy\/","og_site_name":"Tour Travel And More","article_publisher":"https:\/\/www.facebook.com\/tourtravelandmore\/","article_modified_time":"2025-04-11T14:23:02+00:00","og_image":[{"width":1279,"height":854,"url":"https:\/\/tourtravelandmore.com\/wp-content\/uploads\/2024\/11\/pexels-am83-12907465.jpg","type":"image\/jpeg"}],"twitter_card":"summary_large_image","twitter_site":"@TourTravel_More","twitter_misc":{"Dur\u00e9e de lecture estim\u00e9e":"3 minutes"},"schema":{"@context":"https:\/\/schema.org","@graph":[{"@type":"WebPage","@id":"https:\/\/tourtravelandmore.com\/fr\/tours\/etats-unis-fr\/san-francisco-fr\/visite-privee-de-sausalito-et-san-francisco-copy\/","url":"https:\/\/tourtravelandmore.com\/fr\/tours\/etats-unis-fr\/san-francisco-fr\/visite-privee-de-sausalito-et-san-francisco-copy\/","name":"Visite priv\u00e9e : Les points forts de San Francisco - Alcatraz, Muir Woods et Sausalito","isPartOf":{"@id":"https:\/\/tourtravelandmore.com\/fr\/#website"},"primaryImageOfPage":{"@id":"https:\/\/tourtravelandmore.com\/fr\/tours\/etats-unis-fr\/san-francisco-fr\/visite-privee-de-sausalito-et-san-francisco-copy\/#primaryimage"},"image":{"@id":"https:\/\/tourtravelandmore.com\/fr\/tours\/etats-unis-fr\/san-francisco-fr\/visite-privee-de-sausalito-et-san-francisco-copy\/#primaryimage"},"thumbnailUrl":"https:\/\/tourtravelandmore.com\/wp-content\/uploads\/2024\/11\/pexels-am83-12907465.jpg","datePublished":"2024-11-11T15:27:48+00:00","dateModified":"2025-04-11T14:23:02+00:00","description":"Profitez de cette visite priv\u00e9e de San Francisco. Admirez les lieux et monuments les plus \u00e9tonnants de cette ville merveilleuse avec votre chauffeur-guide.","breadcrumb":{"@id":"https:\/\/tourtravelandmore.com\/fr\/tours\/etats-unis-fr\/san-francisco-fr\/visite-privee-de-sausalito-et-san-francisco-copy\/#breadcrumb"},"inLanguage":"fr-FR","potentialAction":[{"@type":"ReadAction","target":["https:\/\/tourtravelandmore.com\/fr\/tours\/etats-unis-fr\/san-francisco-fr\/visite-privee-de-sausalito-et-san-francisco-copy\/"]}]},{"@type":"ImageObject","inLanguage":"fr-FR","@id":"https:\/\/tourtravelandmore.com\/fr\/tours\/etats-unis-fr\/san-francisco-fr\/visite-privee-de-sausalito-et-san-francisco-copy\/#primaryimage","url":"https:\/\/tourtravelandmore.com\/wp-content\/uploads\/2024\/11\/pexels-am83-12907465.jpg","contentUrl":"https:\/\/tourtravelandmore.com\/wp-content\/uploads\/2024\/11\/pexels-am83-12907465.jpg","width":1279,"height":854},{"@type":"BreadcrumbList","@id":"https:\/\/tourtravelandmore.com\/fr\/tours\/etats-unis-fr\/san-francisco-fr\/visite-privee-de-sausalito-et-san-francisco-copy\/#breadcrumb","itemListElement":[{"@type":"ListItem","position":1,"name":"Home","item":"https:\/\/tourtravelandmore.com\/fr\/"},{"@type":"ListItem","position":2,"name":"Tours","item":"https:\/\/tourtravelandmore.com\/fr\/tours\/"},{"@type":"ListItem","position":3,"name":"Visite priv\u00e9e : Les points forts de San Francisco &#8211; Alcatraz, Muir Woods et Sausalito"}]},{"@type":"WebSite","@id":"https:\/\/tourtravelandmore.com\/fr\/#website","url":"https:\/\/tourtravelandmore.com\/fr\/","name":"Tour Travel And More","description":"Private sightseeing tours and luxury transfers in Spain","publisher":{"@id":"https:\/\/tourtravelandmore.com\/fr\/#organization"},"potentialAction":[{"@type":"SearchAction","target":{"@type":"EntryPoint","urlTemplate":"https:\/\/tourtravelandmore.com\/fr\/?s={search_term_string}"},"query-input":{"@type":"PropertyValueSpecification","valueRequired":true,"valueName":"search_term_string"}}],"inLanguage":"fr-FR"},{"@type":"Organization","@id":"https:\/\/tourtravelandmore.com\/fr\/#organization","name":"Tour Travel And More","url":"https:\/\/tourtravelandmore.com\/fr\/","logo":{"@type":"ImageObject","inLanguage":"fr-FR","@id":"https:\/\/tourtravelandmore.com\/fr\/#\/schema\/logo\/image\/","url":"https:\/\/tourtravelandmore.com\/wp-content\/uploads\/2022\/12\/cropped-logo-cabecera-new.png","contentUrl":"https:\/\/tourtravelandmore.com\/wp-content\/uploads\/2022\/12\/cropped-logo-cabecera-new.png","width":430,"height":61,"caption":"Tour Travel And More"},"image":{"@id":"https:\/\/tourtravelandmore.com\/fr\/#\/schema\/logo\/image\/"},"sameAs":["https:\/\/www.facebook.com\/tourtravelandmore\/","https:\/\/x.com\/TourTravel_More"]}]}},"_links":{"self":[{"href":"https:\/\/tourtravelandmore.com\/fr\/wp-json\/wp\/v2\/product\/178567","targetHints":{"allow":["GET"]}}],"collection":[{"href":"https:\/\/tourtravelandmore.com\/fr\/wp-json\/wp\/v2\/product"}],"about":[{"href":"https:\/\/tourtravelandmore.com\/fr\/wp-json\/wp\/v2\/types\/product"}],"replies":[{"embeddable":true,"href":"https:\/\/tourtravelandmore.com\/fr\/wp-json\/wp\/v2\/comments?post=178567"}],"wp:featuredmedia":[{"embeddable":true,"href":"https:\/\/tourtravelandmore.com\/fr\/wp-json\/wp\/v2\/media\/178585"}],"wp:attachment":[{"href":"https:\/\/tourtravelandmore.com\/fr\/wp-json\/wp\/v2\/media?parent=178567"}],"wp:term":[{"taxonomy":"product_brand","embeddable":true,"href":"https:\/\/tourtravelandmore.com\/fr\/wp-json\/wp\/v2\/product_brand?post=178567"},{"taxonomy":"product_cat","embeddable":true,"href":"https:\/\/tourtravelandmore.com\/fr\/wp-json\/wp\/v2\/product_cat?post=178567"},{"taxonomy":"product_tag","embeddable":true,"href":"https:\/\/tourtravelandmore.com\/fr\/wp-json\/wp\/v2\/product_tag?post=178567"}],"curies":[{"name":"wp","href":"https:\/\/api.w.org\/{rel}","templated":true}]}}