{"id":178541,"date":"2024-11-11T16:05:09","date_gmt":"2024-11-11T15:05:11","guid":{"rendered":"https:\/\/tourtravelandmore.com\/?post_type=product&#038;p=178541"},"modified":"2025-02-27T15:49:10","modified_gmt":"2025-02-27T14:49:10","slug":"visite-privee-de-sausalito-et-muir-woods-au-depart-de-san-francisco-copy-3","status":"publish","type":"product","link":"https:\/\/tourtravelandmore.com\/fr\/tours\/etats-unis-fr\/san-francisco-fr\/visite-privee-de-sausalito-et-muir-woods-au-depart-de-san-francisco-copy-3\/","title":{"rendered":"Visite priv\u00e9e de Sausalito et San Francisco"},"content":{"rendered":"<h2><b><strong>Visite priv\u00e9e de Sausalito et San Francisco Description<\/strong><\/b><\/h2>\n<p>D\u00e9couvrez le meilleur de la r\u00e9gion de la baie lors de cette visite priv\u00e9e de 6 heures de San Francisco et Sausalito. Commencez par une promenade en voiture \u00e0 travers les sites embl\u00e9matiques de San Francisco, en profitant des quartiers c\u00e9l\u00e8bres, des rues historiques et des vues panoramiques qui rendent la ville inoubliable.<\/p>\n<p>Visitez le Golden Gate Bridge pour une vue \u00e0 couper le souffle avant de traverser la charmante ville de Sausalito. Connue pour son magnifique front de mer, ses boutiques et ses galeries d&#8217;art, Sausalito offre une atmosph\u00e8re d\u00e9tendue et une vue imprenable sur la baie de San Francisco.<\/p>\n<p>Que vous fassiez <b>escale<\/b> lors de votre <b>croisi\u00e8re<\/b>, que vous vous <b>arr\u00eatiez<\/b> avant votre prochaine destination ou que vous <b>passiez des vacances<\/b> en ville, nous sommes \u00e0 votre disposition pour faire de votre exp\u00e9rience un moment unique.<\/p>\n<h2><b><strong>Points d&#8217;int\u00e9r\u00eat et monuments<\/strong><\/b><\/h2>\n<p>Avec votre guide personnel et un v\u00e9hicule priv\u00e9 confortable, vous aurez la libert\u00e9 d&#8217;explorer \u00e0 votre propre rythme, en d\u00e9couvrant la culture et l&#8217;histoire uniques de chaque r\u00e9gion. Id\u00e9al pour ceux qui recherchent une exp\u00e9rience personnalis\u00e9e et approfondie, ce circuit est con\u00e7u pour tirer le meilleur parti de votre journ\u00e9e gr\u00e2ce \u00e0 des conseils d&#8217;experts et \u00e0 des paysages incroyables.<\/p>\n<p><b><strong>Voici un exemple de ce que vous verrez parmi d&#8217;autres au cours de ce circuit de 8 heures :<\/strong><\/b><\/p>\n<ul>\n<li><b><strong>San Francisco Highlights<\/strong><\/b>: Explorez les sites incontournables, notamment Fisherman&#8217;s Wharf, Chinatown et North Beach.<\/li>\n<li><b><strong>Pont du Golden Gate<\/strong><\/b>: Arr\u00eatez-vous pour une photo embl\u00e9matique sur le Golden Gate Bridge, avec vue sur la baie de San Francisco et le comt\u00e9 de Marin.<\/li>\n<li><b><strong>Sausalito<\/strong><\/b>: Promenez-vous dans les rues pittoresques de Sausalito, avec du temps pour faire du shopping et d\u00e9jeuner dans un caf\u00e9 au bord de l&#8217;eau (repas non inclus).<\/li>\n<li><b><strong>Guide personnalis\u00e9<\/strong><\/b>: Votre guide priv\u00e9 adaptera la visite \u00e0 vos centres d&#8217;int\u00e9r\u00eat et vous fournira des informations locales et un contexte historique.<\/li>\n<li><b><strong>V\u00e9hicule priv\u00e9 confortable<\/strong><\/b>: Profitez de la commodit\u00e9 d&#8217;un v\u00e9hicule priv\u00e9 avec prise en charge et retour \u00e0 votre h\u00f4tel ou \u00e0 l&#8217;endroit de votre choix.<\/li>\n<\/ul>\n<p>Laissez-nous vous offrir un voyage immersif entre la ville, la nature et la charmante ville portuaire, le tout en une seule visite m\u00e9morable d&#8217;une demi-journ\u00e9e.<\/p>\n","protected":false},"excerpt":{"rendered":"<p>D\u00e9couvrez le meilleur de la r\u00e9gion de la baie lors de cette visite priv\u00e9e de 6 heures de San Francisco et Sausalito. Commencez par une promenade en voiture \u00e0 travers les sites embl\u00e9matiques de San Francisco, en profitant des quartiers c\u00e9l\u00e8bres, des rues historiques et des vues panoramiques qui rendent la ville inoubliable.<\/p>\n","protected":false},"featured_media":178551,"comment_status":"open","ping_status":"closed","template":"","meta":{"_acf_changed":false},"product_brand":[],"product_cat":[5440,5441,3547,3548],"product_tag":[],"class_list":{"0":"post-178541","1":"product","2":"type-product","3":"status-publish","4":"has-post-thumbnail","6":"product_cat-all-private-tours-activities-fr-34","7":"product_cat-private-sightseeing-tours-fr-42","8":"product_cat-etats-unis-fr","9":"product_cat-san-francisco-fr","11":"first","12":"instock","13":"shipping-taxable","14":"purchasable","15":"product-type-simple"},"acf":[],"yoast_head":"<!-- This site is optimized with the Yoast SEO Premium plugin v25.3.1 (Yoast SEO v25.3.1) - https:\/\/yoast.com\/wordpress\/plugins\/seo\/ -->\n<title>Visite priv\u00e9e de Sausalito et San Francisco<\/title>\n<meta name=\"description\" content=\"Profitez de cette visite priv\u00e9e de San Francisco. Admirez les lieux et monuments les plus \u00e9tonnants de cette ville merveilleuse avec votre chauffeur-guide.\" \/>\n<meta name=\"robots\" content=\"index, follow, max-snippet:-1, max-image-preview:large, max-video-preview:-1\" \/>\n<link rel=\"canonical\" href=\"https:\/\/tourtravelandmore.com\/fr\/tours\/etats-unis-fr\/san-francisco-fr\/visite-privee-de-sausalito-et-muir-woods-au-depart-de-san-francisco-copy-3\/\" \/>\n<meta property=\"og:locale\" content=\"fr_FR\" \/>\n<meta property=\"og:type\" content=\"article\" \/>\n<meta property=\"og:title\" content=\"Visite priv\u00e9e de Sausalito et San Francisco\" \/>\n<meta property=\"og:description\" content=\"Profitez de cette visite priv\u00e9e de San Francisco. Admirez les lieux et monuments les plus \u00e9tonnants de cette ville merveilleuse avec votre chauffeur-guide.\" \/>\n<meta property=\"og:url\" content=\"https:\/\/tourtravelandmore.com\/fr\/tours\/etats-unis-fr\/san-francisco-fr\/visite-privee-de-sausalito-et-muir-woods-au-depart-de-san-francisco-copy-3\/\" \/>\n<meta property=\"og:site_name\" content=\"Tour Travel And More\" \/>\n<meta property=\"article:publisher\" content=\"https:\/\/www.facebook.com\/tourtravelandmore\/\" \/>\n<meta property=\"article:modified_time\" content=\"2025-02-27T14:49:10+00:00\" \/>\n<meta property=\"og:image\" content=\"https:\/\/tourtravelandmore.com\/wp-content\/uploads\/2024\/11\/pexels-quintingellar-631042.jpg\" \/>\n\t<meta property=\"og:image:width\" content=\"1280\" \/>\n\t<meta property=\"og:image:height\" content=\"866\" \/>\n\t<meta property=\"og:image:type\" content=\"image\/jpeg\" \/>\n<meta name=\"twitter:card\" content=\"summary_large_image\" \/>\n<meta name=\"twitter:site\" content=\"@TourTravel_More\" \/>\n<meta name=\"twitter:label1\" content=\"Dur\u00e9e de lecture estim\u00e9e\" \/>\n\t<meta name=\"twitter:data1\" content=\"2 minutes\" \/>\n<script type=\"application\/ld+json\" class=\"yoast-schema-graph\">{\"@context\":\"https:\/\/schema.org\",\"@graph\":[{\"@type\":\"WebPage\",\"@id\":\"https:\/\/tourtravelandmore.com\/fr\/tours\/etats-unis-fr\/san-francisco-fr\/visite-privee-de-sausalito-et-muir-woods-au-depart-de-san-francisco-copy-3\/\",\"url\":\"https:\/\/tourtravelandmore.com\/fr\/tours\/etats-unis-fr\/san-francisco-fr\/visite-privee-de-sausalito-et-muir-woods-au-depart-de-san-francisco-copy-3\/\",\"name\":\"Visite priv\u00e9e de Sausalito et San Francisco\",\"isPartOf\":{\"@id\":\"https:\/\/tourtravelandmore.com\/fr\/#website\"},\"primaryImageOfPage\":{\"@id\":\"https:\/\/tourtravelandmore.com\/fr\/tours\/etats-unis-fr\/san-francisco-fr\/visite-privee-de-sausalito-et-muir-woods-au-depart-de-san-francisco-copy-3\/#primaryimage\"},\"image\":{\"@id\":\"https:\/\/tourtravelandmore.com\/fr\/tours\/etats-unis-fr\/san-francisco-fr\/visite-privee-de-sausalito-et-muir-woods-au-depart-de-san-francisco-copy-3\/#primaryimage\"},\"thumbnailUrl\":\"https:\/\/tourtravelandmore.com\/wp-content\/uploads\/2024\/11\/pexels-quintingellar-631042.jpg\",\"datePublished\":\"2024-11-11T15:05:11+00:00\",\"dateModified\":\"2025-02-27T14:49:10+00:00\",\"description\":\"Profitez de cette visite priv\u00e9e de San Francisco. Admirez les lieux et monuments les plus \u00e9tonnants de cette ville merveilleuse avec votre chauffeur-guide.\",\"breadcrumb\":{\"@id\":\"https:\/\/tourtravelandmore.com\/fr\/tours\/etats-unis-fr\/san-francisco-fr\/visite-privee-de-sausalito-et-muir-woods-au-depart-de-san-francisco-copy-3\/#breadcrumb\"},\"inLanguage\":\"fr-FR\",\"potentialAction\":[{\"@type\":\"ReadAction\",\"target\":[\"https:\/\/tourtravelandmore.com\/fr\/tours\/etats-unis-fr\/san-francisco-fr\/visite-privee-de-sausalito-et-muir-woods-au-depart-de-san-francisco-copy-3\/\"]}]},{\"@type\":\"ImageObject\",\"inLanguage\":\"fr-FR\",\"@id\":\"https:\/\/tourtravelandmore.com\/fr\/tours\/etats-unis-fr\/san-francisco-fr\/visite-privee-de-sausalito-et-muir-woods-au-depart-de-san-francisco-copy-3\/#primaryimage\",\"url\":\"https:\/\/tourtravelandmore.com\/wp-content\/uploads\/2024\/11\/pexels-quintingellar-631042.jpg\",\"contentUrl\":\"https:\/\/tourtravelandmore.com\/wp-content\/uploads\/2024\/11\/pexels-quintingellar-631042.jpg\",\"width\":1280,\"height\":866},{\"@type\":\"BreadcrumbList\",\"@id\":\"https:\/\/tourtravelandmore.com\/fr\/tours\/etats-unis-fr\/san-francisco-fr\/visite-privee-de-sausalito-et-muir-woods-au-depart-de-san-francisco-copy-3\/#breadcrumb\",\"itemListElement\":[{\"@type\":\"ListItem\",\"position\":1,\"name\":\"Home\",\"item\":\"https:\/\/tourtravelandmore.com\/fr\/\"},{\"@type\":\"ListItem\",\"position\":2,\"name\":\"Tours\",\"item\":\"https:\/\/tourtravelandmore.com\/fr\/tours\/\"},{\"@type\":\"ListItem\",\"position\":3,\"name\":\"Visite priv\u00e9e de Sausalito et San Francisco\"}]},{\"@type\":\"WebSite\",\"@id\":\"https:\/\/tourtravelandmore.com\/fr\/#website\",\"url\":\"https:\/\/tourtravelandmore.com\/fr\/\",\"name\":\"Tour Travel And More\",\"description\":\"Private sightseeing tours and luxury transfers in Spain\",\"publisher\":{\"@id\":\"https:\/\/tourtravelandmore.com\/fr\/#organization\"},\"potentialAction\":[{\"@type\":\"SearchAction\",\"target\":{\"@type\":\"EntryPoint\",\"urlTemplate\":\"https:\/\/tourtravelandmore.com\/fr\/?s={search_term_string}\"},\"query-input\":{\"@type\":\"PropertyValueSpecification\",\"valueRequired\":true,\"valueName\":\"search_term_string\"}}],\"inLanguage\":\"fr-FR\"},{\"@type\":\"Organization\",\"@id\":\"https:\/\/tourtravelandmore.com\/fr\/#organization\",\"name\":\"Tour Travel And More\",\"url\":\"https:\/\/tourtravelandmore.com\/fr\/\",\"logo\":{\"@type\":\"ImageObject\",\"inLanguage\":\"fr-FR\",\"@id\":\"https:\/\/tourtravelandmore.com\/fr\/#\/schema\/logo\/image\/\",\"url\":\"https:\/\/tourtravelandmore.com\/wp-content\/uploads\/2022\/12\/cropped-logo-cabecera-new.png\",\"contentUrl\":\"https:\/\/tourtravelandmore.com\/wp-content\/uploads\/2022\/12\/cropped-logo-cabecera-new.png\",\"width\":430,\"height\":61,\"caption\":\"Tour Travel And More\"},\"image\":{\"@id\":\"https:\/\/tourtravelandmore.com\/fr\/#\/schema\/logo\/image\/\"},\"sameAs\":[\"https:\/\/www.facebook.com\/tourtravelandmore\/\",\"https:\/\/x.com\/TourTravel_More\"]}]}<\/script>\n<!-- \/ Yoast SEO Premium plugin. -->","yoast_head_json":{"title":"Visite priv\u00e9e de Sausalito et San Francisco","description":"Profitez de cette visite priv\u00e9e de San Francisco. Admirez les lieux et monuments les plus \u00e9tonnants de cette ville merveilleuse avec votre chauffeur-guide.","robots":{"index":"index","follow":"follow","max-snippet":"max-snippet:-1","max-image-preview":"max-image-preview:large","max-video-preview":"max-video-preview:-1"},"canonical":"https:\/\/tourtravelandmore.com\/fr\/tours\/etats-unis-fr\/san-francisco-fr\/visite-privee-de-sausalito-et-muir-woods-au-depart-de-san-francisco-copy-3\/","og_locale":"fr_FR","og_type":"article","og_title":"Visite priv\u00e9e de Sausalito et San Francisco","og_description":"Profitez de cette visite priv\u00e9e de San Francisco. Admirez les lieux et monuments les plus \u00e9tonnants de cette ville merveilleuse avec votre chauffeur-guide.","og_url":"https:\/\/tourtravelandmore.com\/fr\/tours\/etats-unis-fr\/san-francisco-fr\/visite-privee-de-sausalito-et-muir-woods-au-depart-de-san-francisco-copy-3\/","og_site_name":"Tour Travel And More","article_publisher":"https:\/\/www.facebook.com\/tourtravelandmore\/","article_modified_time":"2025-02-27T14:49:10+00:00","og_image":[{"width":1280,"height":866,"url":"https:\/\/tourtravelandmore.com\/wp-content\/uploads\/2024\/11\/pexels-quintingellar-631042.jpg","type":"image\/jpeg"}],"twitter_card":"summary_large_image","twitter_site":"@TourTravel_More","twitter_misc":{"Dur\u00e9e de lecture estim\u00e9e":"2 minutes"},"schema":{"@context":"https:\/\/schema.org","@graph":[{"@type":"WebPage","@id":"https:\/\/tourtravelandmore.com\/fr\/tours\/etats-unis-fr\/san-francisco-fr\/visite-privee-de-sausalito-et-muir-woods-au-depart-de-san-francisco-copy-3\/","url":"https:\/\/tourtravelandmore.com\/fr\/tours\/etats-unis-fr\/san-francisco-fr\/visite-privee-de-sausalito-et-muir-woods-au-depart-de-san-francisco-copy-3\/","name":"Visite priv\u00e9e de Sausalito et San Francisco","isPartOf":{"@id":"https:\/\/tourtravelandmore.com\/fr\/#website"},"primaryImageOfPage":{"@id":"https:\/\/tourtravelandmore.com\/fr\/tours\/etats-unis-fr\/san-francisco-fr\/visite-privee-de-sausalito-et-muir-woods-au-depart-de-san-francisco-copy-3\/#primaryimage"},"image":{"@id":"https:\/\/tourtravelandmore.com\/fr\/tours\/etats-unis-fr\/san-francisco-fr\/visite-privee-de-sausalito-et-muir-woods-au-depart-de-san-francisco-copy-3\/#primaryimage"},"thumbnailUrl":"https:\/\/tourtravelandmore.com\/wp-content\/uploads\/2024\/11\/pexels-quintingellar-631042.jpg","datePublished":"2024-11-11T15:05:11+00:00","dateModified":"2025-02-27T14:49:10+00:00","description":"Profitez de cette visite priv\u00e9e de San Francisco. Admirez les lieux et monuments les plus \u00e9tonnants de cette ville merveilleuse avec votre chauffeur-guide.","breadcrumb":{"@id":"https:\/\/tourtravelandmore.com\/fr\/tours\/etats-unis-fr\/san-francisco-fr\/visite-privee-de-sausalito-et-muir-woods-au-depart-de-san-francisco-copy-3\/#breadcrumb"},"inLanguage":"fr-FR","potentialAction":[{"@type":"ReadAction","target":["https:\/\/tourtravelandmore.com\/fr\/tours\/etats-unis-fr\/san-francisco-fr\/visite-privee-de-sausalito-et-muir-woods-au-depart-de-san-francisco-copy-3\/"]}]},{"@type":"ImageObject","inLanguage":"fr-FR","@id":"https:\/\/tourtravelandmore.com\/fr\/tours\/etats-unis-fr\/san-francisco-fr\/visite-privee-de-sausalito-et-muir-woods-au-depart-de-san-francisco-copy-3\/#primaryimage","url":"https:\/\/tourtravelandmore.com\/wp-content\/uploads\/2024\/11\/pexels-quintingellar-631042.jpg","contentUrl":"https:\/\/tourtravelandmore.com\/wp-content\/uploads\/2024\/11\/pexels-quintingellar-631042.jpg","width":1280,"height":866},{"@type":"BreadcrumbList","@id":"https:\/\/tourtravelandmore.com\/fr\/tours\/etats-unis-fr\/san-francisco-fr\/visite-privee-de-sausalito-et-muir-woods-au-depart-de-san-francisco-copy-3\/#breadcrumb","itemListElement":[{"@type":"ListItem","position":1,"name":"Home","item":"https:\/\/tourtravelandmore.com\/fr\/"},{"@type":"ListItem","position":2,"name":"Tours","item":"https:\/\/tourtravelandmore.com\/fr\/tours\/"},{"@type":"ListItem","position":3,"name":"Visite priv\u00e9e de Sausalito et San Francisco"}]},{"@type":"WebSite","@id":"https:\/\/tourtravelandmore.com\/fr\/#website","url":"https:\/\/tourtravelandmore.com\/fr\/","name":"Tour Travel And More","description":"Private sightseeing tours and luxury transfers in Spain","publisher":{"@id":"https:\/\/tourtravelandmore.com\/fr\/#organization"},"potentialAction":[{"@type":"SearchAction","target":{"@type":"EntryPoint","urlTemplate":"https:\/\/tourtravelandmore.com\/fr\/?s={search_term_string}"},"query-input":{"@type":"PropertyValueSpecification","valueRequired":true,"valueName":"search_term_string"}}],"inLanguage":"fr-FR"},{"@type":"Organization","@id":"https:\/\/tourtravelandmore.com\/fr\/#organization","name":"Tour Travel And More","url":"https:\/\/tourtravelandmore.com\/fr\/","logo":{"@type":"ImageObject","inLanguage":"fr-FR","@id":"https:\/\/tourtravelandmore.com\/fr\/#\/schema\/logo\/image\/","url":"https:\/\/tourtravelandmore.com\/wp-content\/uploads\/2022\/12\/cropped-logo-cabecera-new.png","contentUrl":"https:\/\/tourtravelandmore.com\/wp-content\/uploads\/2022\/12\/cropped-logo-cabecera-new.png","width":430,"height":61,"caption":"Tour Travel And More"},"image":{"@id":"https:\/\/tourtravelandmore.com\/fr\/#\/schema\/logo\/image\/"},"sameAs":["https:\/\/www.facebook.com\/tourtravelandmore\/","https:\/\/x.com\/TourTravel_More"]}]}},"_links":{"self":[{"href":"https:\/\/tourtravelandmore.com\/fr\/wp-json\/wp\/v2\/product\/178541","targetHints":{"allow":["GET"]}}],"collection":[{"href":"https:\/\/tourtravelandmore.com\/fr\/wp-json\/wp\/v2\/product"}],"about":[{"href":"https:\/\/tourtravelandmore.com\/fr\/wp-json\/wp\/v2\/types\/product"}],"replies":[{"embeddable":true,"href":"https:\/\/tourtravelandmore.com\/fr\/wp-json\/wp\/v2\/comments?post=178541"}],"wp:featuredmedia":[{"embeddable":true,"href":"https:\/\/tourtravelandmore.com\/fr\/wp-json\/wp\/v2\/media\/178551"}],"wp:attachment":[{"href":"https:\/\/tourtravelandmore.com\/fr\/wp-json\/wp\/v2\/media?parent=178541"}],"wp:term":[{"taxonomy":"product_brand","embeddable":true,"href":"https:\/\/tourtravelandmore.com\/fr\/wp-json\/wp\/v2\/product_brand?post=178541"},{"taxonomy":"product_cat","embeddable":true,"href":"https:\/\/tourtravelandmore.com\/fr\/wp-json\/wp\/v2\/product_cat?post=178541"},{"taxonomy":"product_tag","embeddable":true,"href":"https:\/\/tourtravelandmore.com\/fr\/wp-json\/wp\/v2\/product_tag?post=178541"}],"curies":[{"name":"wp","href":"https:\/\/api.w.org\/{rel}","templated":true}]}}