{"id":178461,"date":"2024-11-05T14:51:12","date_gmt":"2024-11-05T13:51:19","guid":{"rendered":"https:\/\/tourtravelandmore.com\/?post_type=product&#038;p=178461"},"modified":"2024-11-05T15:21:09","modified_gmt":"2024-11-05T14:21:09","slug":"visite-privee-de-sausalito-et-muir-woods-au-depart-de-san-francisco-copy-2","status":"publish","type":"product","link":"https:\/\/tourtravelandmore.com\/fr\/tours\/etats-unis-fr\/san-francisco-fr\/visite-privee-de-sausalito-et-muir-woods-au-depart-de-san-francisco-copy-2\/","title":{"rendered":"Visite priv\u00e9e \u00e0 pied du quartier chinois et de la Petite Italie depuis San Francisco"},"content":{"rendered":"<h2><b><strong>Visite priv\u00e9e \u00e0 pied du quartier chinois et de la Petite Italie depuis San Francisco Description<\/strong><\/b><\/h2>\n<p>Embarquez pour une captivante visite \u00e0 pied priv\u00e9e de 3 heures qui vous plongera dans le c\u0153ur vibrant du quartier chinois de San Francisco et du quartier historique de Little Italy. Avec votre guide expert, d\u00e9couvrez la riche tapisserie de cultures, de saveurs et d&#8217;histoires qui font de ces quartiers l&#8217;un des plus embl\u00e9matiques de la ville. Promenez-vous dans les rues anim\u00e9es de Chinatown, o\u00f9 les boutiques d&#8217;herbes traditionnelles, les temples orn\u00e9s et les march\u00e9s color\u00e9s vous transportent dans un autre monde.<\/p>\n<p>D\u00e9couvrez l&#8217;histoire de Little Italy, avec ses charmantes boulangeries, ses caf\u00e9s historiques et ses monuments locaux qui c\u00e9l\u00e8brent l&#8217;h\u00e9ritage italien. Cette visite vous promet un voyage unique rempli d&#8217;anecdotes fascinantes, d&#8217;aper\u00e7us historiques et du caract\u00e8re irr\u00e9sistible de San Francisco.<\/p>\n<h2><b><strong>Points d&#8217;int\u00e9r\u00eat et monuments<\/strong><\/b><\/h2>\n<p>Tout d&#8217;abord, votre guide viendra vous chercher et vous rencontrera \u00e0 l&#8217;endroit de votre choix dans la ville de San Francisco. Ensuite, vous commencerez votre visite priv\u00e9e.<\/p>\n<p><b><strong>Voici un exemple de ce que vous verrez, entre autres, au cours de cette visite de 3 heures :<\/strong><\/b><\/p>\n<ul>\n<li><b><strong>Exploration guid\u00e9e du quartier chinois<\/strong><\/b>: Promenez-vous dans les rues du plus grand et du plus ancien quartier chinois en dehors de l&#8217;Asie, et explorez les all\u00e9es cach\u00e9es, les march\u00e9s locaux et les sites culturels.<\/li>\n<li><b><strong>Aper\u00e7us culturels et historiques<\/strong><\/b>: D\u00e9couvrez les histoires des premiers immigrants qui ont fa\u00e7onn\u00e9 Chinatown et Little Italy, racont\u00e9es par votre guide.<\/li>\n<li><b><strong>Le riche patrimoine de Little Italy<\/strong><\/b>: Visitez des caf\u00e9s et des boulangeries historiques et promenez-vous dans les sites c\u00e9l\u00e8bres de North Beach, o\u00f9 la culture italienne est vivante et florissante.<\/li>\n<li><b><strong>Une exp\u00e9rience locale authentique<\/strong><\/b>: D\u00e9couvrez les images, les sons et les ar\u00f4mes qui rendent ces quartiers inoubliables.<\/li>\n<li><b><strong>Visite personnalis\u00e9e<\/strong><\/b>: Votre guide d\u00e9vou\u00e9 vous garantit une exploration intime et enrichissante, adapt\u00e9e \u00e0 vos int\u00e9r\u00eats.<\/li>\n<\/ul>\n<p>Laissez-nous vous proposer un voyage immersif entre la ville, la nature et la charmante ville portuaire, le tout en une seule visite m\u00e9morable d&#8217;une demi-journ\u00e9e.<\/p>\n","protected":false},"excerpt":{"rendered":"<p>Embarquez pour une captivante visite \u00e0 pied priv\u00e9e de 3 heures qui vous plongera dans le c\u0153ur vibrant du quartier chinois de San Francisco et du quartier historique de Little Italy. Avec votre guide expert, d\u00e9couvrez la riche tapisserie de cultures, de saveurs et d&#8217;histoires qui font de ces quartiers l&#8217;un des plus embl\u00e9matiques de la ville. Promenez-vous dans les rues anim\u00e9es de Chinatown, o\u00f9 les boutiques d&#8217;herbes traditionnelles, les temples orn\u00e9s et les march\u00e9s color\u00e9s vous transportent dans un autre monde.<\/p>\n","protected":false},"featured_media":178471,"comment_status":"open","ping_status":"closed","template":"","meta":{"_acf_changed":false},"product_brand":[],"product_cat":[5440,5441,3547,3548],"product_tag":[],"class_list":{"0":"post-178461","1":"product","2":"type-product","3":"status-publish","4":"has-post-thumbnail","6":"product_cat-all-private-tours-activities-fr-34","7":"product_cat-private-sightseeing-tours-fr-42","8":"product_cat-etats-unis-fr","9":"product_cat-san-francisco-fr","11":"first","12":"instock","13":"shipping-taxable","14":"purchasable","15":"product-type-simple"},"acf":[],"yoast_head":"<!-- This site is optimized with the Yoast SEO Premium plugin v25.3.1 (Yoast SEO v25.3.1) - https:\/\/yoast.com\/wordpress\/plugins\/seo\/ -->\n<title>Visite priv\u00e9e \u00e0 pied du quartier chinois et de la Petite Italie depuis San Francisco<\/title>\n<meta name=\"description\" content=\"Profitez de cette visite priv\u00e9e de San Francisco. Admirez les lieux et monuments les plus \u00e9tonnants de cette ville merveilleuse avec votre chauffeur-guide.\" \/>\n<meta name=\"robots\" content=\"index, follow, max-snippet:-1, max-image-preview:large, max-video-preview:-1\" \/>\n<link rel=\"canonical\" href=\"https:\/\/tourtravelandmore.com\/fr\/tours\/etats-unis-fr\/san-francisco-fr\/visite-privee-de-sausalito-et-muir-woods-au-depart-de-san-francisco-copy-2\/\" \/>\n<meta property=\"og:locale\" content=\"fr_FR\" \/>\n<meta property=\"og:type\" content=\"article\" \/>\n<meta property=\"og:title\" content=\"Visite priv\u00e9e \u00e0 pied du quartier chinois et de la Petite Italie depuis San Francisco\" \/>\n<meta property=\"og:description\" content=\"Profitez de cette visite priv\u00e9e de San Francisco. Admirez les lieux et monuments les plus \u00e9tonnants de cette ville merveilleuse avec votre chauffeur-guide.\" \/>\n<meta property=\"og:url\" content=\"https:\/\/tourtravelandmore.com\/fr\/tours\/etats-unis-fr\/san-francisco-fr\/visite-privee-de-sausalito-et-muir-woods-au-depart-de-san-francisco-copy-2\/\" \/>\n<meta property=\"og:site_name\" content=\"Tour Travel And More\" \/>\n<meta property=\"article:publisher\" content=\"https:\/\/www.facebook.com\/tourtravelandmore\/\" \/>\n<meta property=\"article:modified_time\" content=\"2024-11-05T14:21:09+00:00\" \/>\n<meta property=\"og:image\" content=\"https:\/\/tourtravelandmore.com\/wp-content\/uploads\/2024\/11\/exploring-little-italy-san-francisco-1024x585-1.png\" \/>\n\t<meta property=\"og:image:width\" content=\"1024\" \/>\n\t<meta property=\"og:image:height\" content=\"585\" \/>\n\t<meta property=\"og:image:type\" content=\"image\/png\" \/>\n<meta name=\"twitter:card\" content=\"summary_large_image\" \/>\n<meta name=\"twitter:site\" content=\"@TourTravel_More\" \/>\n<meta name=\"twitter:label1\" content=\"Dur\u00e9e de lecture estim\u00e9e\" \/>\n\t<meta name=\"twitter:data1\" content=\"2 minutes\" \/>\n<script type=\"application\/ld+json\" class=\"yoast-schema-graph\">{\"@context\":\"https:\/\/schema.org\",\"@graph\":[{\"@type\":\"WebPage\",\"@id\":\"https:\/\/tourtravelandmore.com\/fr\/tours\/etats-unis-fr\/san-francisco-fr\/visite-privee-de-sausalito-et-muir-woods-au-depart-de-san-francisco-copy-2\/\",\"url\":\"https:\/\/tourtravelandmore.com\/fr\/tours\/etats-unis-fr\/san-francisco-fr\/visite-privee-de-sausalito-et-muir-woods-au-depart-de-san-francisco-copy-2\/\",\"name\":\"Visite priv\u00e9e \u00e0 pied du quartier chinois et de la Petite Italie depuis San Francisco\",\"isPartOf\":{\"@id\":\"https:\/\/tourtravelandmore.com\/fr\/#website\"},\"primaryImageOfPage\":{\"@id\":\"https:\/\/tourtravelandmore.com\/fr\/tours\/etats-unis-fr\/san-francisco-fr\/visite-privee-de-sausalito-et-muir-woods-au-depart-de-san-francisco-copy-2\/#primaryimage\"},\"image\":{\"@id\":\"https:\/\/tourtravelandmore.com\/fr\/tours\/etats-unis-fr\/san-francisco-fr\/visite-privee-de-sausalito-et-muir-woods-au-depart-de-san-francisco-copy-2\/#primaryimage\"},\"thumbnailUrl\":\"https:\/\/tourtravelandmore.com\/wp-content\/uploads\/2024\/11\/exploring-little-italy-san-francisco-1024x585-1.png\",\"datePublished\":\"2024-11-05T13:51:19+00:00\",\"dateModified\":\"2024-11-05T14:21:09+00:00\",\"description\":\"Profitez de cette visite priv\u00e9e de San Francisco. Admirez les lieux et monuments les plus \u00e9tonnants de cette ville merveilleuse avec votre chauffeur-guide.\",\"breadcrumb\":{\"@id\":\"https:\/\/tourtravelandmore.com\/fr\/tours\/etats-unis-fr\/san-francisco-fr\/visite-privee-de-sausalito-et-muir-woods-au-depart-de-san-francisco-copy-2\/#breadcrumb\"},\"inLanguage\":\"fr-FR\",\"potentialAction\":[{\"@type\":\"ReadAction\",\"target\":[\"https:\/\/tourtravelandmore.com\/fr\/tours\/etats-unis-fr\/san-francisco-fr\/visite-privee-de-sausalito-et-muir-woods-au-depart-de-san-francisco-copy-2\/\"]}]},{\"@type\":\"ImageObject\",\"inLanguage\":\"fr-FR\",\"@id\":\"https:\/\/tourtravelandmore.com\/fr\/tours\/etats-unis-fr\/san-francisco-fr\/visite-privee-de-sausalito-et-muir-woods-au-depart-de-san-francisco-copy-2\/#primaryimage\",\"url\":\"https:\/\/tourtravelandmore.com\/wp-content\/uploads\/2024\/11\/exploring-little-italy-san-francisco-1024x585-1.png\",\"contentUrl\":\"https:\/\/tourtravelandmore.com\/wp-content\/uploads\/2024\/11\/exploring-little-italy-san-francisco-1024x585-1.png\",\"width\":1024,\"height\":585},{\"@type\":\"BreadcrumbList\",\"@id\":\"https:\/\/tourtravelandmore.com\/fr\/tours\/etats-unis-fr\/san-francisco-fr\/visite-privee-de-sausalito-et-muir-woods-au-depart-de-san-francisco-copy-2\/#breadcrumb\",\"itemListElement\":[{\"@type\":\"ListItem\",\"position\":1,\"name\":\"Home\",\"item\":\"https:\/\/tourtravelandmore.com\/fr\/\"},{\"@type\":\"ListItem\",\"position\":2,\"name\":\"Tours\",\"item\":\"https:\/\/tourtravelandmore.com\/fr\/tours\/\"},{\"@type\":\"ListItem\",\"position\":3,\"name\":\"Visite priv\u00e9e \u00e0 pied du quartier chinois et de la Petite Italie depuis San Francisco\"}]},{\"@type\":\"WebSite\",\"@id\":\"https:\/\/tourtravelandmore.com\/fr\/#website\",\"url\":\"https:\/\/tourtravelandmore.com\/fr\/\",\"name\":\"Tour Travel And More\",\"description\":\"Private sightseeing tours and luxury transfers in Spain\",\"publisher\":{\"@id\":\"https:\/\/tourtravelandmore.com\/fr\/#organization\"},\"potentialAction\":[{\"@type\":\"SearchAction\",\"target\":{\"@type\":\"EntryPoint\",\"urlTemplate\":\"https:\/\/tourtravelandmore.com\/fr\/?s={search_term_string}\"},\"query-input\":{\"@type\":\"PropertyValueSpecification\",\"valueRequired\":true,\"valueName\":\"search_term_string\"}}],\"inLanguage\":\"fr-FR\"},{\"@type\":\"Organization\",\"@id\":\"https:\/\/tourtravelandmore.com\/fr\/#organization\",\"name\":\"Tour Travel And More\",\"url\":\"https:\/\/tourtravelandmore.com\/fr\/\",\"logo\":{\"@type\":\"ImageObject\",\"inLanguage\":\"fr-FR\",\"@id\":\"https:\/\/tourtravelandmore.com\/fr\/#\/schema\/logo\/image\/\",\"url\":\"https:\/\/tourtravelandmore.com\/wp-content\/uploads\/2022\/12\/cropped-logo-cabecera-new.png\",\"contentUrl\":\"https:\/\/tourtravelandmore.com\/wp-content\/uploads\/2022\/12\/cropped-logo-cabecera-new.png\",\"width\":430,\"height\":61,\"caption\":\"Tour Travel And More\"},\"image\":{\"@id\":\"https:\/\/tourtravelandmore.com\/fr\/#\/schema\/logo\/image\/\"},\"sameAs\":[\"https:\/\/www.facebook.com\/tourtravelandmore\/\",\"https:\/\/x.com\/TourTravel_More\"]}]}<\/script>\n<!-- \/ Yoast SEO Premium plugin. -->","yoast_head_json":{"title":"Visite priv\u00e9e \u00e0 pied du quartier chinois et de la Petite Italie depuis San Francisco","description":"Profitez de cette visite priv\u00e9e de San Francisco. Admirez les lieux et monuments les plus \u00e9tonnants de cette ville merveilleuse avec votre chauffeur-guide.","robots":{"index":"index","follow":"follow","max-snippet":"max-snippet:-1","max-image-preview":"max-image-preview:large","max-video-preview":"max-video-preview:-1"},"canonical":"https:\/\/tourtravelandmore.com\/fr\/tours\/etats-unis-fr\/san-francisco-fr\/visite-privee-de-sausalito-et-muir-woods-au-depart-de-san-francisco-copy-2\/","og_locale":"fr_FR","og_type":"article","og_title":"Visite priv\u00e9e \u00e0 pied du quartier chinois et de la Petite Italie depuis San Francisco","og_description":"Profitez de cette visite priv\u00e9e de San Francisco. Admirez les lieux et monuments les plus \u00e9tonnants de cette ville merveilleuse avec votre chauffeur-guide.","og_url":"https:\/\/tourtravelandmore.com\/fr\/tours\/etats-unis-fr\/san-francisco-fr\/visite-privee-de-sausalito-et-muir-woods-au-depart-de-san-francisco-copy-2\/","og_site_name":"Tour Travel And More","article_publisher":"https:\/\/www.facebook.com\/tourtravelandmore\/","article_modified_time":"2024-11-05T14:21:09+00:00","og_image":[{"width":1024,"height":585,"url":"https:\/\/tourtravelandmore.com\/wp-content\/uploads\/2024\/11\/exploring-little-italy-san-francisco-1024x585-1.png","type":"image\/png"}],"twitter_card":"summary_large_image","twitter_site":"@TourTravel_More","twitter_misc":{"Dur\u00e9e de lecture estim\u00e9e":"2 minutes"},"schema":{"@context":"https:\/\/schema.org","@graph":[{"@type":"WebPage","@id":"https:\/\/tourtravelandmore.com\/fr\/tours\/etats-unis-fr\/san-francisco-fr\/visite-privee-de-sausalito-et-muir-woods-au-depart-de-san-francisco-copy-2\/","url":"https:\/\/tourtravelandmore.com\/fr\/tours\/etats-unis-fr\/san-francisco-fr\/visite-privee-de-sausalito-et-muir-woods-au-depart-de-san-francisco-copy-2\/","name":"Visite priv\u00e9e \u00e0 pied du quartier chinois et de la Petite Italie depuis San Francisco","isPartOf":{"@id":"https:\/\/tourtravelandmore.com\/fr\/#website"},"primaryImageOfPage":{"@id":"https:\/\/tourtravelandmore.com\/fr\/tours\/etats-unis-fr\/san-francisco-fr\/visite-privee-de-sausalito-et-muir-woods-au-depart-de-san-francisco-copy-2\/#primaryimage"},"image":{"@id":"https:\/\/tourtravelandmore.com\/fr\/tours\/etats-unis-fr\/san-francisco-fr\/visite-privee-de-sausalito-et-muir-woods-au-depart-de-san-francisco-copy-2\/#primaryimage"},"thumbnailUrl":"https:\/\/tourtravelandmore.com\/wp-content\/uploads\/2024\/11\/exploring-little-italy-san-francisco-1024x585-1.png","datePublished":"2024-11-05T13:51:19+00:00","dateModified":"2024-11-05T14:21:09+00:00","description":"Profitez de cette visite priv\u00e9e de San Francisco. Admirez les lieux et monuments les plus \u00e9tonnants de cette ville merveilleuse avec votre chauffeur-guide.","breadcrumb":{"@id":"https:\/\/tourtravelandmore.com\/fr\/tours\/etats-unis-fr\/san-francisco-fr\/visite-privee-de-sausalito-et-muir-woods-au-depart-de-san-francisco-copy-2\/#breadcrumb"},"inLanguage":"fr-FR","potentialAction":[{"@type":"ReadAction","target":["https:\/\/tourtravelandmore.com\/fr\/tours\/etats-unis-fr\/san-francisco-fr\/visite-privee-de-sausalito-et-muir-woods-au-depart-de-san-francisco-copy-2\/"]}]},{"@type":"ImageObject","inLanguage":"fr-FR","@id":"https:\/\/tourtravelandmore.com\/fr\/tours\/etats-unis-fr\/san-francisco-fr\/visite-privee-de-sausalito-et-muir-woods-au-depart-de-san-francisco-copy-2\/#primaryimage","url":"https:\/\/tourtravelandmore.com\/wp-content\/uploads\/2024\/11\/exploring-little-italy-san-francisco-1024x585-1.png","contentUrl":"https:\/\/tourtravelandmore.com\/wp-content\/uploads\/2024\/11\/exploring-little-italy-san-francisco-1024x585-1.png","width":1024,"height":585},{"@type":"BreadcrumbList","@id":"https:\/\/tourtravelandmore.com\/fr\/tours\/etats-unis-fr\/san-francisco-fr\/visite-privee-de-sausalito-et-muir-woods-au-depart-de-san-francisco-copy-2\/#breadcrumb","itemListElement":[{"@type":"ListItem","position":1,"name":"Home","item":"https:\/\/tourtravelandmore.com\/fr\/"},{"@type":"ListItem","position":2,"name":"Tours","item":"https:\/\/tourtravelandmore.com\/fr\/tours\/"},{"@type":"ListItem","position":3,"name":"Visite priv\u00e9e \u00e0 pied du quartier chinois et de la Petite Italie depuis San Francisco"}]},{"@type":"WebSite","@id":"https:\/\/tourtravelandmore.com\/fr\/#website","url":"https:\/\/tourtravelandmore.com\/fr\/","name":"Tour Travel And More","description":"Private sightseeing tours and luxury transfers in Spain","publisher":{"@id":"https:\/\/tourtravelandmore.com\/fr\/#organization"},"potentialAction":[{"@type":"SearchAction","target":{"@type":"EntryPoint","urlTemplate":"https:\/\/tourtravelandmore.com\/fr\/?s={search_term_string}"},"query-input":{"@type":"PropertyValueSpecification","valueRequired":true,"valueName":"search_term_string"}}],"inLanguage":"fr-FR"},{"@type":"Organization","@id":"https:\/\/tourtravelandmore.com\/fr\/#organization","name":"Tour Travel And More","url":"https:\/\/tourtravelandmore.com\/fr\/","logo":{"@type":"ImageObject","inLanguage":"fr-FR","@id":"https:\/\/tourtravelandmore.com\/fr\/#\/schema\/logo\/image\/","url":"https:\/\/tourtravelandmore.com\/wp-content\/uploads\/2022\/12\/cropped-logo-cabecera-new.png","contentUrl":"https:\/\/tourtravelandmore.com\/wp-content\/uploads\/2022\/12\/cropped-logo-cabecera-new.png","width":430,"height":61,"caption":"Tour Travel And More"},"image":{"@id":"https:\/\/tourtravelandmore.com\/fr\/#\/schema\/logo\/image\/"},"sameAs":["https:\/\/www.facebook.com\/tourtravelandmore\/","https:\/\/x.com\/TourTravel_More"]}]}},"_links":{"self":[{"href":"https:\/\/tourtravelandmore.com\/fr\/wp-json\/wp\/v2\/product\/178461","targetHints":{"allow":["GET"]}}],"collection":[{"href":"https:\/\/tourtravelandmore.com\/fr\/wp-json\/wp\/v2\/product"}],"about":[{"href":"https:\/\/tourtravelandmore.com\/fr\/wp-json\/wp\/v2\/types\/product"}],"replies":[{"embeddable":true,"href":"https:\/\/tourtravelandmore.com\/fr\/wp-json\/wp\/v2\/comments?post=178461"}],"wp:featuredmedia":[{"embeddable":true,"href":"https:\/\/tourtravelandmore.com\/fr\/wp-json\/wp\/v2\/media\/178471"}],"wp:attachment":[{"href":"https:\/\/tourtravelandmore.com\/fr\/wp-json\/wp\/v2\/media?parent=178461"}],"wp:term":[{"taxonomy":"product_brand","embeddable":true,"href":"https:\/\/tourtravelandmore.com\/fr\/wp-json\/wp\/v2\/product_brand?post=178461"},{"taxonomy":"product_cat","embeddable":true,"href":"https:\/\/tourtravelandmore.com\/fr\/wp-json\/wp\/v2\/product_cat?post=178461"},{"taxonomy":"product_tag","embeddable":true,"href":"https:\/\/tourtravelandmore.com\/fr\/wp-json\/wp\/v2\/product_tag?post=178461"}],"curies":[{"name":"wp","href":"https:\/\/api.w.org\/{rel}","templated":true}]}}