{"id":178405,"date":"2024-11-01T17:31:50","date_gmt":"2024-11-01T16:31:54","guid":{"rendered":"https:\/\/tourtravelandmore.com\/?post_type=product&#038;p=178405"},"modified":"2024-11-01T20:02:41","modified_gmt":"2024-11-01T19:02:41","slug":"visite-privee-de-sausalito-et-muir-woods-au-depart-de-san-francisco-copy","status":"publish","type":"product","link":"https:\/\/tourtravelandmore.com\/fr\/tours\/etats-unis-fr\/san-francisco-fr\/visite-privee-de-sausalito-et-muir-woods-au-depart-de-san-francisco-copy\/","title":{"rendered":"Visite priv\u00e9e de Monterey, Carmel et 17-Mile Drive"},"content":{"rendered":"<h2><b>Visite priv\u00e9e de Monterey, Carmel et 17-Mile Drive Description<\/b><\/h2>\n<p>\u00c9chappez \u00e0 l&#8217;agitation de la ville de San Francisco pour un voyage exclusif de 10 heures \u00e0 travers l&#8217;\u00e9poustouflante c\u00f4te pacifique de la Californie. Profitez du confort d&#8217;une voiture priv\u00e9e et de l&#8217;expertise d&#8217;un chauffeur-guide qui vous fera d\u00e9couvrir certains des sites les plus beaux et les plus historiques de la c\u00f4te ouest. Cette exp\u00e9rience immersive vous emm\u00e8ne le long du l\u00e9gendaire 17-Mile Drive, o\u00f9 vous d\u00e9couvrirez de superbes panoramas sur l&#8217;oc\u00e9an, des sites embl\u00e9matiques et des plages isol\u00e9es.<\/p>\n<p>L&#8217;excursion passe par la charmante ville de Monterey, avec notamment le c\u00e9l\u00e8bre Cannery Row, et se poursuit vers le sud jusqu&#8217;\u00e0 Carmel-by-the-Sea, un village pittoresque \u00e0 l&#8217;atmosph\u00e8re de conte de f\u00e9es. Ce circuit priv\u00e9 est id\u00e9al pour ceux qui recherchent une fa\u00e7on plus personnelle et plus d\u00e9tendue d&#8217;explorer les points forts de Monterey, de Carmel et de la route panoramique 17-Mile Drive, le tout en une seule journ\u00e9e.<\/p>\n<p>Que vous fassiez <b>escale<\/b> lors de votre <b>croisi\u00e8re<\/b>, que vous soyez en transit avant votre prochaine destination ou que vous <b>passiez vos vacances<\/b> en ville, nous sommes \u00e0 votre disposition pour rendre votre exp\u00e9rience unique.<\/p>\n<h2><b><strong>Points d&#8217;int\u00e9r\u00eat et monuments<\/strong><\/b><\/h2>\n<p>Tout d&#8217;abord, votre chauffeur et votre guide viendront vous chercher et vous accueilleront \u00e0 l&#8217;endroit de votre choix dans la ville de San Francisco. Ensuite, vous commencerez votre visite priv\u00e9e.<\/p>\n<p>Vous voyagerez dans le confort et le style d&#8217;un v\u00e9hicule priv\u00e9, accompagn\u00e9 d&#8217;un chauffeur-guide comp\u00e9tent qui vous fournira des informations et une attention personnalis\u00e9e tout au long de la journ\u00e9e.<\/p>\n<p><b><strong>Voici un exemple de ce que vous verrez, parmi d&#8217;autres, au cours de cette visite de 4 heures :<\/strong><\/b><\/p>\n<ul>\n<li><b><strong>17-Mile Drive Scenic Tour<\/strong><\/b>: Conduisez le long de l&#8217;une des routes c\u00f4ti\u00e8res les plus c\u00e9l\u00e8bres au monde. Arr\u00eatez-vous \u00e0 des sites embl\u00e9matiques tels que le Lone Cypress, Spanish Bay et Pebble Beach Golf Links, et profitez des nombreuses occasions de prendre des photos tout au long du trajet.<\/li>\n<li><b><strong>Monterey et Cannery Row<\/strong><\/b>: D\u00e9couvrez l&#8217;histoire vibrante de Monterey, qui \u00e9tait autrefois une plaque tournante de l&#8217;industrie de l&#8217;emballage des sardines. Promenez-vous dans Cannery Row, rendu c\u00e9l\u00e8bre par John Steinbeck, et impr\u00e9gnez-vous de l&#8217;ambiance unique du front de mer.<\/li>\n<li><b><strong>Carmel-by-the-Sea<\/strong><\/b>: Visitez le charmant village de Carmel, r\u00e9put\u00e9 pour ses cottages de conte de f\u00e9es, ses galeries d&#8217;art et ses vues sur l&#8217;oc\u00e9an. Explorez les charmantes boutiques et profitez de l&#8217;ambiance d\u00e9contract\u00e9e de la c\u00f4te.<\/li>\n<li><b><strong>Vues sur l&#8217;oc\u00e9an Pacifique<\/strong><\/b>: Prenez des photos \u00e0 couper le souffle de la c\u00f4te pacifique, avec ses falaises spectaculaires, ses plages immacul\u00e9es et sa faune marine, lors de votre voyage vers le sud depuis San Francisco.<\/li>\n<\/ul>\n<p>Laissez-nous vous proposer un voyage immersif entre la ville, la nature et la charmante ville portuaire, le tout en une demi-journ\u00e9e m\u00e9morable.<\/p>\n","protected":false},"excerpt":{"rendered":"<p>\u00c9chappez \u00e0 l&#8217;agitation de la ville de San Francisco pour un voyage exclusif de 10 heures \u00e0 travers l&#8217;\u00e9poustouflante c\u00f4te pacifique de la Californie. Profitez du confort d&#8217;une voiture priv\u00e9e et de l&#8217;expertise d&#8217;un chauffeur-guide qui vous fera d\u00e9couvrir certains des sites les plus beaux et les plus historiques de la c\u00f4te ouest. Cette exp\u00e9rience immersive vous emm\u00e8ne le long du l\u00e9gendaire 17-Mile Drive, o\u00f9 vous d\u00e9couvrirez de superbes panoramas sur l&#8217;oc\u00e9an, des sites embl\u00e9matiques et des plages isol\u00e9es.<\/p>\n","protected":false},"featured_media":178415,"comment_status":"open","ping_status":"closed","template":"","meta":{"_acf_changed":false},"product_brand":[],"product_cat":[5440,5441,3547,3548],"product_tag":[],"class_list":{"0":"post-178405","1":"product","2":"type-product","3":"status-publish","4":"has-post-thumbnail","6":"product_cat-all-private-tours-activities-fr-34","7":"product_cat-private-sightseeing-tours-fr-42","8":"product_cat-etats-unis-fr","9":"product_cat-san-francisco-fr","11":"first","12":"instock","13":"shipping-taxable","14":"purchasable","15":"product-type-simple"},"acf":[],"yoast_head":"<!-- This site is optimized with the Yoast SEO Premium plugin v25.3.1 (Yoast SEO v25.3.1) - https:\/\/yoast.com\/wordpress\/plugins\/seo\/ -->\n<title>Visite priv\u00e9e de Monterey, Carmel et 17-Mile Drive<\/title>\n<meta name=\"description\" content=\"Profitez de cette visite priv\u00e9e de San Francisco. Admirez les lieux et monuments les plus \u00e9tonnants de cette ville merveilleuse avec votre chauffeur-guide.\" \/>\n<meta name=\"robots\" content=\"index, follow, max-snippet:-1, max-image-preview:large, max-video-preview:-1\" \/>\n<link rel=\"canonical\" href=\"https:\/\/tourtravelandmore.com\/fr\/tours\/etats-unis-fr\/san-francisco-fr\/visite-privee-de-sausalito-et-muir-woods-au-depart-de-san-francisco-copy\/\" \/>\n<meta property=\"og:locale\" content=\"fr_FR\" \/>\n<meta property=\"og:type\" content=\"article\" \/>\n<meta property=\"og:title\" content=\"Visite priv\u00e9e de Monterey, Carmel et 17-Mile Drive\" \/>\n<meta property=\"og:description\" content=\"Profitez de cette visite priv\u00e9e de San Francisco. Admirez les lieux et monuments les plus \u00e9tonnants de cette ville merveilleuse avec votre chauffeur-guide.\" \/>\n<meta property=\"og:url\" content=\"https:\/\/tourtravelandmore.com\/fr\/tours\/etats-unis-fr\/san-francisco-fr\/visite-privee-de-sausalito-et-muir-woods-au-depart-de-san-francisco-copy\/\" \/>\n<meta property=\"og:site_name\" content=\"Tour Travel And More\" \/>\n<meta property=\"article:publisher\" content=\"https:\/\/www.facebook.com\/tourtravelandmore\/\" \/>\n<meta property=\"article:modified_time\" content=\"2024-11-01T19:02:41+00:00\" \/>\n<meta property=\"og:image\" content=\"https:\/\/tourtravelandmore.com\/wp-content\/uploads\/2024\/11\/pexels-ivan-guzman-706234264-18983477.jpg\" \/>\n\t<meta property=\"og:image:width\" content=\"1279\" \/>\n\t<meta property=\"og:image:height\" content=\"853\" \/>\n\t<meta property=\"og:image:type\" content=\"image\/jpeg\" \/>\n<meta name=\"twitter:card\" content=\"summary_large_image\" \/>\n<meta name=\"twitter:site\" content=\"@TourTravel_More\" \/>\n<meta name=\"twitter:label1\" content=\"Dur\u00e9e de lecture estim\u00e9e\" \/>\n\t<meta name=\"twitter:data1\" content=\"2 minutes\" \/>\n<script type=\"application\/ld+json\" class=\"yoast-schema-graph\">{\"@context\":\"https:\/\/schema.org\",\"@graph\":[{\"@type\":\"WebPage\",\"@id\":\"https:\/\/tourtravelandmore.com\/fr\/tours\/etats-unis-fr\/san-francisco-fr\/visite-privee-de-sausalito-et-muir-woods-au-depart-de-san-francisco-copy\/\",\"url\":\"https:\/\/tourtravelandmore.com\/fr\/tours\/etats-unis-fr\/san-francisco-fr\/visite-privee-de-sausalito-et-muir-woods-au-depart-de-san-francisco-copy\/\",\"name\":\"Visite priv\u00e9e de Monterey, Carmel et 17-Mile Drive\",\"isPartOf\":{\"@id\":\"https:\/\/tourtravelandmore.com\/fr\/#website\"},\"primaryImageOfPage\":{\"@id\":\"https:\/\/tourtravelandmore.com\/fr\/tours\/etats-unis-fr\/san-francisco-fr\/visite-privee-de-sausalito-et-muir-woods-au-depart-de-san-francisco-copy\/#primaryimage\"},\"image\":{\"@id\":\"https:\/\/tourtravelandmore.com\/fr\/tours\/etats-unis-fr\/san-francisco-fr\/visite-privee-de-sausalito-et-muir-woods-au-depart-de-san-francisco-copy\/#primaryimage\"},\"thumbnailUrl\":\"https:\/\/tourtravelandmore.com\/wp-content\/uploads\/2024\/11\/pexels-ivan-guzman-706234264-18983477.jpg\",\"datePublished\":\"2024-11-01T16:31:54+00:00\",\"dateModified\":\"2024-11-01T19:02:41+00:00\",\"description\":\"Profitez de cette visite priv\u00e9e de San Francisco. Admirez les lieux et monuments les plus \u00e9tonnants de cette ville merveilleuse avec votre chauffeur-guide.\",\"breadcrumb\":{\"@id\":\"https:\/\/tourtravelandmore.com\/fr\/tours\/etats-unis-fr\/san-francisco-fr\/visite-privee-de-sausalito-et-muir-woods-au-depart-de-san-francisco-copy\/#breadcrumb\"},\"inLanguage\":\"fr-FR\",\"potentialAction\":[{\"@type\":\"ReadAction\",\"target\":[\"https:\/\/tourtravelandmore.com\/fr\/tours\/etats-unis-fr\/san-francisco-fr\/visite-privee-de-sausalito-et-muir-woods-au-depart-de-san-francisco-copy\/\"]}]},{\"@type\":\"ImageObject\",\"inLanguage\":\"fr-FR\",\"@id\":\"https:\/\/tourtravelandmore.com\/fr\/tours\/etats-unis-fr\/san-francisco-fr\/visite-privee-de-sausalito-et-muir-woods-au-depart-de-san-francisco-copy\/#primaryimage\",\"url\":\"https:\/\/tourtravelandmore.com\/wp-content\/uploads\/2024\/11\/pexels-ivan-guzman-706234264-18983477.jpg\",\"contentUrl\":\"https:\/\/tourtravelandmore.com\/wp-content\/uploads\/2024\/11\/pexels-ivan-guzman-706234264-18983477.jpg\",\"width\":1279,\"height\":853},{\"@type\":\"BreadcrumbList\",\"@id\":\"https:\/\/tourtravelandmore.com\/fr\/tours\/etats-unis-fr\/san-francisco-fr\/visite-privee-de-sausalito-et-muir-woods-au-depart-de-san-francisco-copy\/#breadcrumb\",\"itemListElement\":[{\"@type\":\"ListItem\",\"position\":1,\"name\":\"Home\",\"item\":\"https:\/\/tourtravelandmore.com\/fr\/\"},{\"@type\":\"ListItem\",\"position\":2,\"name\":\"Tours\",\"item\":\"https:\/\/tourtravelandmore.com\/fr\/tours\/\"},{\"@type\":\"ListItem\",\"position\":3,\"name\":\"Visite priv\u00e9e de Monterey, Carmel et 17-Mile Drive\"}]},{\"@type\":\"WebSite\",\"@id\":\"https:\/\/tourtravelandmore.com\/fr\/#website\",\"url\":\"https:\/\/tourtravelandmore.com\/fr\/\",\"name\":\"Tour Travel And More\",\"description\":\"Private sightseeing tours and luxury transfers in Spain\",\"publisher\":{\"@id\":\"https:\/\/tourtravelandmore.com\/fr\/#organization\"},\"potentialAction\":[{\"@type\":\"SearchAction\",\"target\":{\"@type\":\"EntryPoint\",\"urlTemplate\":\"https:\/\/tourtravelandmore.com\/fr\/?s={search_term_string}\"},\"query-input\":{\"@type\":\"PropertyValueSpecification\",\"valueRequired\":true,\"valueName\":\"search_term_string\"}}],\"inLanguage\":\"fr-FR\"},{\"@type\":\"Organization\",\"@id\":\"https:\/\/tourtravelandmore.com\/fr\/#organization\",\"name\":\"Tour Travel And More\",\"url\":\"https:\/\/tourtravelandmore.com\/fr\/\",\"logo\":{\"@type\":\"ImageObject\",\"inLanguage\":\"fr-FR\",\"@id\":\"https:\/\/tourtravelandmore.com\/fr\/#\/schema\/logo\/image\/\",\"url\":\"https:\/\/tourtravelandmore.com\/wp-content\/uploads\/2022\/12\/cropped-logo-cabecera-new.png\",\"contentUrl\":\"https:\/\/tourtravelandmore.com\/wp-content\/uploads\/2022\/12\/cropped-logo-cabecera-new.png\",\"width\":430,\"height\":61,\"caption\":\"Tour Travel And More\"},\"image\":{\"@id\":\"https:\/\/tourtravelandmore.com\/fr\/#\/schema\/logo\/image\/\"},\"sameAs\":[\"https:\/\/www.facebook.com\/tourtravelandmore\/\",\"https:\/\/x.com\/TourTravel_More\"]}]}<\/script>\n<!-- \/ Yoast SEO Premium plugin. -->","yoast_head_json":{"title":"Visite priv\u00e9e de Monterey, Carmel et 17-Mile Drive","description":"Profitez de cette visite priv\u00e9e de San Francisco. Admirez les lieux et monuments les plus \u00e9tonnants de cette ville merveilleuse avec votre chauffeur-guide.","robots":{"index":"index","follow":"follow","max-snippet":"max-snippet:-1","max-image-preview":"max-image-preview:large","max-video-preview":"max-video-preview:-1"},"canonical":"https:\/\/tourtravelandmore.com\/fr\/tours\/etats-unis-fr\/san-francisco-fr\/visite-privee-de-sausalito-et-muir-woods-au-depart-de-san-francisco-copy\/","og_locale":"fr_FR","og_type":"article","og_title":"Visite priv\u00e9e de Monterey, Carmel et 17-Mile Drive","og_description":"Profitez de cette visite priv\u00e9e de San Francisco. Admirez les lieux et monuments les plus \u00e9tonnants de cette ville merveilleuse avec votre chauffeur-guide.","og_url":"https:\/\/tourtravelandmore.com\/fr\/tours\/etats-unis-fr\/san-francisco-fr\/visite-privee-de-sausalito-et-muir-woods-au-depart-de-san-francisco-copy\/","og_site_name":"Tour Travel And More","article_publisher":"https:\/\/www.facebook.com\/tourtravelandmore\/","article_modified_time":"2024-11-01T19:02:41+00:00","og_image":[{"width":1279,"height":853,"url":"https:\/\/tourtravelandmore.com\/wp-content\/uploads\/2024\/11\/pexels-ivan-guzman-706234264-18983477.jpg","type":"image\/jpeg"}],"twitter_card":"summary_large_image","twitter_site":"@TourTravel_More","twitter_misc":{"Dur\u00e9e de lecture estim\u00e9e":"2 minutes"},"schema":{"@context":"https:\/\/schema.org","@graph":[{"@type":"WebPage","@id":"https:\/\/tourtravelandmore.com\/fr\/tours\/etats-unis-fr\/san-francisco-fr\/visite-privee-de-sausalito-et-muir-woods-au-depart-de-san-francisco-copy\/","url":"https:\/\/tourtravelandmore.com\/fr\/tours\/etats-unis-fr\/san-francisco-fr\/visite-privee-de-sausalito-et-muir-woods-au-depart-de-san-francisco-copy\/","name":"Visite priv\u00e9e de Monterey, Carmel et 17-Mile Drive","isPartOf":{"@id":"https:\/\/tourtravelandmore.com\/fr\/#website"},"primaryImageOfPage":{"@id":"https:\/\/tourtravelandmore.com\/fr\/tours\/etats-unis-fr\/san-francisco-fr\/visite-privee-de-sausalito-et-muir-woods-au-depart-de-san-francisco-copy\/#primaryimage"},"image":{"@id":"https:\/\/tourtravelandmore.com\/fr\/tours\/etats-unis-fr\/san-francisco-fr\/visite-privee-de-sausalito-et-muir-woods-au-depart-de-san-francisco-copy\/#primaryimage"},"thumbnailUrl":"https:\/\/tourtravelandmore.com\/wp-content\/uploads\/2024\/11\/pexels-ivan-guzman-706234264-18983477.jpg","datePublished":"2024-11-01T16:31:54+00:00","dateModified":"2024-11-01T19:02:41+00:00","description":"Profitez de cette visite priv\u00e9e de San Francisco. Admirez les lieux et monuments les plus \u00e9tonnants de cette ville merveilleuse avec votre chauffeur-guide.","breadcrumb":{"@id":"https:\/\/tourtravelandmore.com\/fr\/tours\/etats-unis-fr\/san-francisco-fr\/visite-privee-de-sausalito-et-muir-woods-au-depart-de-san-francisco-copy\/#breadcrumb"},"inLanguage":"fr-FR","potentialAction":[{"@type":"ReadAction","target":["https:\/\/tourtravelandmore.com\/fr\/tours\/etats-unis-fr\/san-francisco-fr\/visite-privee-de-sausalito-et-muir-woods-au-depart-de-san-francisco-copy\/"]}]},{"@type":"ImageObject","inLanguage":"fr-FR","@id":"https:\/\/tourtravelandmore.com\/fr\/tours\/etats-unis-fr\/san-francisco-fr\/visite-privee-de-sausalito-et-muir-woods-au-depart-de-san-francisco-copy\/#primaryimage","url":"https:\/\/tourtravelandmore.com\/wp-content\/uploads\/2024\/11\/pexels-ivan-guzman-706234264-18983477.jpg","contentUrl":"https:\/\/tourtravelandmore.com\/wp-content\/uploads\/2024\/11\/pexels-ivan-guzman-706234264-18983477.jpg","width":1279,"height":853},{"@type":"BreadcrumbList","@id":"https:\/\/tourtravelandmore.com\/fr\/tours\/etats-unis-fr\/san-francisco-fr\/visite-privee-de-sausalito-et-muir-woods-au-depart-de-san-francisco-copy\/#breadcrumb","itemListElement":[{"@type":"ListItem","position":1,"name":"Home","item":"https:\/\/tourtravelandmore.com\/fr\/"},{"@type":"ListItem","position":2,"name":"Tours","item":"https:\/\/tourtravelandmore.com\/fr\/tours\/"},{"@type":"ListItem","position":3,"name":"Visite priv\u00e9e de Monterey, Carmel et 17-Mile Drive"}]},{"@type":"WebSite","@id":"https:\/\/tourtravelandmore.com\/fr\/#website","url":"https:\/\/tourtravelandmore.com\/fr\/","name":"Tour Travel And More","description":"Private sightseeing tours and luxury transfers in Spain","publisher":{"@id":"https:\/\/tourtravelandmore.com\/fr\/#organization"},"potentialAction":[{"@type":"SearchAction","target":{"@type":"EntryPoint","urlTemplate":"https:\/\/tourtravelandmore.com\/fr\/?s={search_term_string}"},"query-input":{"@type":"PropertyValueSpecification","valueRequired":true,"valueName":"search_term_string"}}],"inLanguage":"fr-FR"},{"@type":"Organization","@id":"https:\/\/tourtravelandmore.com\/fr\/#organization","name":"Tour Travel And More","url":"https:\/\/tourtravelandmore.com\/fr\/","logo":{"@type":"ImageObject","inLanguage":"fr-FR","@id":"https:\/\/tourtravelandmore.com\/fr\/#\/schema\/logo\/image\/","url":"https:\/\/tourtravelandmore.com\/wp-content\/uploads\/2022\/12\/cropped-logo-cabecera-new.png","contentUrl":"https:\/\/tourtravelandmore.com\/wp-content\/uploads\/2022\/12\/cropped-logo-cabecera-new.png","width":430,"height":61,"caption":"Tour Travel And More"},"image":{"@id":"https:\/\/tourtravelandmore.com\/fr\/#\/schema\/logo\/image\/"},"sameAs":["https:\/\/www.facebook.com\/tourtravelandmore\/","https:\/\/x.com\/TourTravel_More"]}]}},"_links":{"self":[{"href":"https:\/\/tourtravelandmore.com\/fr\/wp-json\/wp\/v2\/product\/178405","targetHints":{"allow":["GET"]}}],"collection":[{"href":"https:\/\/tourtravelandmore.com\/fr\/wp-json\/wp\/v2\/product"}],"about":[{"href":"https:\/\/tourtravelandmore.com\/fr\/wp-json\/wp\/v2\/types\/product"}],"replies":[{"embeddable":true,"href":"https:\/\/tourtravelandmore.com\/fr\/wp-json\/wp\/v2\/comments?post=178405"}],"wp:featuredmedia":[{"embeddable":true,"href":"https:\/\/tourtravelandmore.com\/fr\/wp-json\/wp\/v2\/media\/178415"}],"wp:attachment":[{"href":"https:\/\/tourtravelandmore.com\/fr\/wp-json\/wp\/v2\/media?parent=178405"}],"wp:term":[{"taxonomy":"product_brand","embeddable":true,"href":"https:\/\/tourtravelandmore.com\/fr\/wp-json\/wp\/v2\/product_brand?post=178405"},{"taxonomy":"product_cat","embeddable":true,"href":"https:\/\/tourtravelandmore.com\/fr\/wp-json\/wp\/v2\/product_cat?post=178405"},{"taxonomy":"product_tag","embeddable":true,"href":"https:\/\/tourtravelandmore.com\/fr\/wp-json\/wp\/v2\/product_tag?post=178405"}],"curies":[{"name":"wp","href":"https:\/\/api.w.org\/{rel}","templated":true}]}}