{"id":178355,"date":"2020-01-14T13:03:58","date_gmt":"2020-01-14T12:03:58","guid":{"rendered":"https:\/\/tourtravelandmore.com\/tours\/non class\u00e9\/visite-privee-de-vigo-depuis-la-corogne\/"},"modified":"2020-01-14T13:03:58","modified_gmt":"2020-01-14T12:03:58","slug":"visite-privee-de-vigo-depuis-la-corogne","status":"publish","type":"product","link":"https:\/\/tourtravelandmore.com\/fr\/tours\/espagne-fr\/lacorogne-fr\/visite-privee-de-vigo-depuis-la-corogne\/","title":{"rendered":"Visite priv\u00e9e de Vigo depuis La Corogne"},"content":{"rendered":"<h2>Visite priv\u00e9e de Vigo depuis La Corogne Description<\/h2>\n<p>De nombreux voyageurs pr\u00e9f\u00e8rent s\u00e9journer \u00e0 <b><strong>La Corogne <\/strong><\/b>, d&#8217;o\u00f9 ils partent pour visiter diff\u00e9rents lieux importants de <b><strong>Galice.<\/strong><\/b> L&#8217;une des excursions les plus demand\u00e9es est la visite de la ville de <b><strong>Vigo<\/strong><\/b>. C&#8217;est pourquoi notre excursion priv\u00e9e \u00e0 Vigo depuis La Corogne est parfaite pour vous. La prise en charge peut se faire depuis le port de croisi\u00e8re en tant qu&#8217;excursion priv\u00e9e sur le rivage.<\/p>\n<p>La principale raison de conna\u00eetre ce site touristique est que nous parlons du c\u0153ur de la r\u00e9gion galicienne, \u00e0 savoir Vigo. <b><strong>Vigo<\/strong><\/b> est la ville la plus peupl\u00e9e de la r\u00e9gion. Elle poss\u00e8de l&#8217;un des ports les plus remarquables de toute l&#8217;<b><strong>Espagne<\/strong><\/b> et regorge d&#8217;histoires, de l\u00e9gendes et de fables. Son architecture peut vous couper le souffle.<\/p>\n<p>Lors de cette superbe <b><strong>excursion de 8 heures,<\/strong><\/b> nous vous emm\u00e8nerons du centre de <b><strong>La Corogne<\/strong><\/b> \u00e0 diff\u00e9rents endroits de <b><strong>Vigo.<\/strong><\/b> Vous b\u00e9n\u00e9ficierez des conseils d&#8217;un <b><strong>guide personnel<\/strong><\/b> expert qui vous fera vraiment admirer les lieux les plus embl\u00e9matiques de cette ville cosmopolite.<\/p>\n<p>Nous vous permettrons de go\u00fbter \u00e0 la cuisine la plus exquise de la r\u00e9gion. Vous aurez m\u00eame le temps de faire du shopping et tout cela \u00e0 bord d&#8217;une <b><strong>voiture de luxe priv\u00e9e.<\/strong><\/b> Tout cela est con\u00e7u pour votre confort, votre tranquillit\u00e9 et surtout pour votre plus grand plaisir.<\/p>\n<h2>Visite priv\u00e9e de Vigo depuis La Corogne &#8211; Excursion \u00e0 terre | Points d&#8217;int\u00e9r\u00eat et monuments<\/h2>\n<p>Le point de rencontre sera confortablement install\u00e9 \u00e0 l&#8217;endroit de votre choix. Nous pouvons passer et venir vous chercher directement \u00e0 votre h\u00f4tel ou \u00e0 un autre endroit de la ville de <b><strong>La Corogne<\/strong><\/b> qui vous semble plus pratique.<\/p>\n<p>De l\u00e0, nous nous dirigerons vers la majestueuse ville de <b><strong>Vigo.<\/strong><\/b> Nous nous laisserons surprendre par le contraste entre la <b><em><strong>vieille ville<\/strong><\/em><\/b> et les \u0153uvres architecturales les plus modernes.<\/p>\n<p>Le premier endroit \u00e0 visiter sera la <b><em><strong>place Puerta del Sol.<\/strong><\/em><\/b> C&#8217;est l\u00e0 que se trouvent <em>El Sireno<\/em> (l&#8217;homme-sir\u00e8ne) et <em>El Dinoseto<\/em> (le bord du dinosaure). Il s&#8217;agit de deux sculptures qui sont devenues un embl\u00e8me de la ville, d&#8217;abord parce qu&#8217;elles combinent toute une s\u00e9rie de croyances populaires argotiques de l&#8217;idiosyncrasie galicienne. La seconde est due \u00e0 la mani\u00e8re dont la modernit\u00e9. Notamment en ce qui concerne les nouvelles technologies et les r\u00e9seaux sociaux. Nous laisserons votre guide vous expliquer un peu l&#8217;histoire du c\u00e9l\u00e8bre \u00ab influenceur \u00bb <em>Dinoseto<\/em>.<\/p>\n<p>Nous nous prom\u00e8nerons ensuite dans la <b><em><strong>vieille ville.<\/strong><\/em><\/b> Nous visiterons des sites embl\u00e9matiques tels que <b><em><strong>la Place des Industries<\/strong><\/em><\/b>, la <b><em><strong>Forteresse de Castro<\/strong><\/em><\/b>, <b><em><strong>Berbes<\/strong><\/em><\/b> <b><em><strong>et le<\/strong><\/em><\/b> <b><em><strong>March\u00e9 de Pierre.<\/strong><\/em><\/b> Dans ce dernier lieu, nous go\u00fbterons des plats typiques de la ville de <b><strong>Vigo.<\/strong><\/b> Nous aurons \u00e9galement l&#8217;occasion de faire quelques achats, car voyager, c&#8217;est aussi emporter des souvenirs.<\/p>\n<p>Un autre site que nous visiterons, \u00e0 la fin de la promenade, sera le <b><em><strong>port de Vigo.<\/strong><\/em><\/b> Nous entrerons dans la <b><em><strong>gare maritime.<\/strong><\/em><\/b> Nous y prendrons plusieurs photos avec, en toile de fond, l&#8217;un des plus beaux couchers de soleil. Nous nous prom\u00e8nerons \u00e9galement dans les impressionnants jardins de l&#8217;avenue nautique.<\/p>\n<p>Enfin, nous reprendrons le chemin du retour pour terminer l\u00e0 o\u00f9 nous avons commenc\u00e9, \u00e0 l&#8217;entr\u00e9e de votre h\u00f4tel, de votre r\u00e9sidence ou de votre maison. Il s&#8217;agit de la meilleure visite priv\u00e9e de Vigo depuis La Corogne.<\/p>\n<h3>La ville : Vigo<\/h3>\n<p><b><strong>Vigo <\/strong><\/b>est une m\u00e9tropole sophistiqu\u00e9e, charg\u00e9e du meilleur du Moyen \u00c2ge et de la modernit\u00e9. Le contraste de ces deux facettes se retrouve dans ses habitants. Des gens avec de nombreuses croyances, des traditions et une culture riche, qui donnent au voyageur l&#8217;impression de voyager dans le temps.<\/p>\n<p>Parmi les points les plus importants de cette ville, il y a le fait qu&#8217;elle est la plus peupl\u00e9e de toute la <b><strong>Galice.<\/strong><\/b> C&#8217;est l&#8217;un des centres \u00e9conomiques les plus importants d&#8217;<b><strong>Espagne<\/strong><\/b>, principalement gr\u00e2ce \u00e0 son port.<\/p>\n<p>\u00c0 <b><strong>Vigo<\/strong><\/b>, vous pourrez d\u00e9guster la cuisine galicienne la plus savoureuse et la plus vari\u00e9e. Vous pourrez \u00e9galement d\u00e9guster les meilleurs vins de la ville, avant de profiter de toutes les facettes de sa vie diurne et nocturne passionnante.<\/p>\n<p><a href=\"https:\/\/tourtravelandmore.com\/fr\/city\/espagne-fr\/a-coruna-en\/\">Jetez un coup d&#8217;\u0153il \u00e0 nos circuits priv\u00e9s au d\u00e9part de la ville de La Corogne.<\/a><\/p>\n","protected":false},"excerpt":{"rendered":"<p>De nombreux voyageurs pr\u00e9f\u00e8rent s\u00e9journer \u00e0 <b><strong>La Corogne <\/strong><\/b>, d&#8217;o\u00f9 ils partent pour visiter diff\u00e9rents lieux importants de <b><strong>Galice.<\/strong><\/b> L&#8217;une des excursions les plus demand\u00e9es est la visite de la ville de <b><strong>Vigo<\/strong><\/b>. C&#8217;est pourquoi notre excursion priv\u00e9e \u00e0 Vigo depuis La Corogne est parfaite pour vous. La prise en charge peut se faire depuis le port de croisi\u00e8re en tant qu&#8217;excursion priv\u00e9e sur le rivage.<\/p>\n","protected":false},"featured_media":96994,"comment_status":"open","ping_status":"closed","template":"","meta":{"_acf_changed":false},"product_brand":[],"product_cat":[5129,5127,3541,3570],"product_tag":[],"class_list":{"0":"post-178355","1":"product","2":"type-product","3":"status-publish","4":"has-post-thumbnail","6":"product_cat-all-private-tours-activities-fr-27","7":"product_cat-private-sightseeing-tours-fr-32","8":"product_cat-espagne-fr","9":"product_cat-lacorogne-fr","11":"first","12":"instock","13":"shipping-taxable","14":"purchasable","15":"product-type-simple"},"acf":[],"yoast_head":"<!-- This site is optimized with the Yoast SEO Premium plugin v25.3.1 (Yoast SEO v25.3.1) - https:\/\/yoast.com\/wordpress\/plugins\/seo\/ -->\n<title>\u27a1\ufe0f Visite priv\u00e9e de Vigo depuis La Corogne | Tour Travel &amp; More<\/title>\n<meta name=\"description\" content=\"Visite priv\u00e9e de Vigo depuis La Corogne. Les monuments et sites les plus importants. La prise en charge au port de croisi\u00e8re est disponible pour cette visite priv\u00e9e \u2705\" \/>\n<meta name=\"robots\" content=\"index, follow, max-snippet:-1, max-image-preview:large, max-video-preview:-1\" \/>\n<link rel=\"canonical\" href=\"https:\/\/tourtravelandmore.com\/fr\/tours\/espagne-fr\/lacorogne-fr\/visite-privee-de-vigo-depuis-la-corogne\/\" \/>\n<meta property=\"og:locale\" content=\"fr_FR\" \/>\n<meta property=\"og:type\" content=\"article\" \/>\n<meta property=\"og:title\" content=\"Visite priv\u00e9e de Vigo depuis La Corogne\" \/>\n<meta property=\"og:description\" content=\"Visite priv\u00e9e de Vigo depuis La Corogne. Les monuments et sites les plus importants. La prise en charge au port de croisi\u00e8re est disponible pour cette visite priv\u00e9e \u2705\" \/>\n<meta property=\"og:url\" content=\"https:\/\/tourtravelandmore.com\/fr\/tours\/espagne-fr\/lacorogne-fr\/visite-privee-de-vigo-depuis-la-corogne\/\" \/>\n<meta property=\"og:site_name\" content=\"Tour Travel And More\" \/>\n<meta property=\"article:publisher\" content=\"https:\/\/www.facebook.com\/tourtravelandmore\/\" \/>\n<meta property=\"og:image\" content=\"https:\/\/tourtravelandmore.com\/wp-content\/uploads\/2020\/01\/Domaio_-_R\u00eda_de_Vigo.jpg\" \/>\n\t<meta property=\"og:image:width\" content=\"4000\" \/>\n\t<meta property=\"og:image:height\" content=\"3000\" \/>\n\t<meta property=\"og:image:type\" content=\"image\/jpeg\" \/>\n<meta name=\"twitter:card\" content=\"summary_large_image\" \/>\n<meta name=\"twitter:site\" content=\"@TourTravel_More\" \/>\n<meta name=\"twitter:label1\" content=\"Dur\u00e9e de lecture estim\u00e9e\" \/>\n\t<meta name=\"twitter:data1\" content=\"4 minutes\" \/>\n<script type=\"application\/ld+json\" class=\"yoast-schema-graph\">{\"@context\":\"https:\/\/schema.org\",\"@graph\":[{\"@type\":\"WebPage\",\"@id\":\"https:\/\/tourtravelandmore.com\/fr\/tours\/espagne-fr\/lacorogne-fr\/visite-privee-de-vigo-depuis-la-corogne\/\",\"url\":\"https:\/\/tourtravelandmore.com\/fr\/tours\/espagne-fr\/lacorogne-fr\/visite-privee-de-vigo-depuis-la-corogne\/\",\"name\":\"\u27a1\ufe0f Visite priv\u00e9e de Vigo depuis La Corogne | Tour Travel & More\",\"isPartOf\":{\"@id\":\"https:\/\/tourtravelandmore.com\/fr\/#website\"},\"primaryImageOfPage\":{\"@id\":\"https:\/\/tourtravelandmore.com\/fr\/tours\/espagne-fr\/lacorogne-fr\/visite-privee-de-vigo-depuis-la-corogne\/#primaryimage\"},\"image\":{\"@id\":\"https:\/\/tourtravelandmore.com\/fr\/tours\/espagne-fr\/lacorogne-fr\/visite-privee-de-vigo-depuis-la-corogne\/#primaryimage\"},\"thumbnailUrl\":\"https:\/\/tourtravelandmore.com\/wp-content\/uploads\/2020\/01\/Domaio_-_R\u00eda_de_Vigo.jpg\",\"datePublished\":\"2020-01-14T12:03:58+00:00\",\"description\":\"Visite priv\u00e9e de Vigo depuis La Corogne. Les monuments et sites les plus importants. La prise en charge au port de croisi\u00e8re est disponible pour cette visite priv\u00e9e \u2705\",\"breadcrumb\":{\"@id\":\"https:\/\/tourtravelandmore.com\/fr\/tours\/espagne-fr\/lacorogne-fr\/visite-privee-de-vigo-depuis-la-corogne\/#breadcrumb\"},\"inLanguage\":\"fr-FR\",\"potentialAction\":[{\"@type\":\"ReadAction\",\"target\":[\"https:\/\/tourtravelandmore.com\/fr\/tours\/espagne-fr\/lacorogne-fr\/visite-privee-de-vigo-depuis-la-corogne\/\"]}]},{\"@type\":\"ImageObject\",\"inLanguage\":\"fr-FR\",\"@id\":\"https:\/\/tourtravelandmore.com\/fr\/tours\/espagne-fr\/lacorogne-fr\/visite-privee-de-vigo-depuis-la-corogne\/#primaryimage\",\"url\":\"https:\/\/tourtravelandmore.com\/wp-content\/uploads\/2020\/01\/Domaio_-_R\u00eda_de_Vigo.jpg\",\"contentUrl\":\"https:\/\/tourtravelandmore.com\/wp-content\/uploads\/2020\/01\/Domaio_-_R\u00eda_de_Vigo.jpg\",\"width\":4000,\"height\":3000,\"caption\":\"Vigo, Galicia, Espa\u00f1a\"},{\"@type\":\"BreadcrumbList\",\"@id\":\"https:\/\/tourtravelandmore.com\/fr\/tours\/espagne-fr\/lacorogne-fr\/visite-privee-de-vigo-depuis-la-corogne\/#breadcrumb\",\"itemListElement\":[{\"@type\":\"ListItem\",\"position\":1,\"name\":\"Home\",\"item\":\"https:\/\/tourtravelandmore.com\/fr\/\"},{\"@type\":\"ListItem\",\"position\":2,\"name\":\"Tours\",\"item\":\"https:\/\/tourtravelandmore.com\/fr\/tours\/\"},{\"@type\":\"ListItem\",\"position\":3,\"name\":\"Visite priv\u00e9e de Vigo depuis La Corogne\"}]},{\"@type\":\"WebSite\",\"@id\":\"https:\/\/tourtravelandmore.com\/fr\/#website\",\"url\":\"https:\/\/tourtravelandmore.com\/fr\/\",\"name\":\"Tour Travel And More\",\"description\":\"Private sightseeing tours and luxury transfers in Spain\",\"publisher\":{\"@id\":\"https:\/\/tourtravelandmore.com\/fr\/#organization\"},\"potentialAction\":[{\"@type\":\"SearchAction\",\"target\":{\"@type\":\"EntryPoint\",\"urlTemplate\":\"https:\/\/tourtravelandmore.com\/fr\/?s={search_term_string}\"},\"query-input\":{\"@type\":\"PropertyValueSpecification\",\"valueRequired\":true,\"valueName\":\"search_term_string\"}}],\"inLanguage\":\"fr-FR\"},{\"@type\":\"Organization\",\"@id\":\"https:\/\/tourtravelandmore.com\/fr\/#organization\",\"name\":\"Tour Travel And More\",\"url\":\"https:\/\/tourtravelandmore.com\/fr\/\",\"logo\":{\"@type\":\"ImageObject\",\"inLanguage\":\"fr-FR\",\"@id\":\"https:\/\/tourtravelandmore.com\/fr\/#\/schema\/logo\/image\/\",\"url\":\"https:\/\/tourtravelandmore.com\/wp-content\/uploads\/2022\/12\/cropped-logo-cabecera-new.png\",\"contentUrl\":\"https:\/\/tourtravelandmore.com\/wp-content\/uploads\/2022\/12\/cropped-logo-cabecera-new.png\",\"width\":430,\"height\":61,\"caption\":\"Tour Travel And More\"},\"image\":{\"@id\":\"https:\/\/tourtravelandmore.com\/fr\/#\/schema\/logo\/image\/\"},\"sameAs\":[\"https:\/\/www.facebook.com\/tourtravelandmore\/\",\"https:\/\/x.com\/TourTravel_More\"]}]}<\/script>\n<!-- \/ Yoast SEO Premium plugin. -->","yoast_head_json":{"title":"\u27a1\ufe0f Visite priv\u00e9e de Vigo depuis La Corogne | Tour Travel & More","description":"Visite priv\u00e9e de Vigo depuis La Corogne. Les monuments et sites les plus importants. La prise en charge au port de croisi\u00e8re est disponible pour cette visite priv\u00e9e \u2705","robots":{"index":"index","follow":"follow","max-snippet":"max-snippet:-1","max-image-preview":"max-image-preview:large","max-video-preview":"max-video-preview:-1"},"canonical":"https:\/\/tourtravelandmore.com\/fr\/tours\/espagne-fr\/lacorogne-fr\/visite-privee-de-vigo-depuis-la-corogne\/","og_locale":"fr_FR","og_type":"article","og_title":"Visite priv\u00e9e de Vigo depuis La Corogne","og_description":"Visite priv\u00e9e de Vigo depuis La Corogne. Les monuments et sites les plus importants. La prise en charge au port de croisi\u00e8re est disponible pour cette visite priv\u00e9e \u2705","og_url":"https:\/\/tourtravelandmore.com\/fr\/tours\/espagne-fr\/lacorogne-fr\/visite-privee-de-vigo-depuis-la-corogne\/","og_site_name":"Tour Travel And More","article_publisher":"https:\/\/www.facebook.com\/tourtravelandmore\/","og_image":[{"width":4000,"height":3000,"url":"https:\/\/tourtravelandmore.com\/wp-content\/uploads\/2020\/01\/Domaio_-_R\u00eda_de_Vigo.jpg","type":"image\/jpeg"}],"twitter_card":"summary_large_image","twitter_site":"@TourTravel_More","twitter_misc":{"Dur\u00e9e de lecture estim\u00e9e":"4 minutes"},"schema":{"@context":"https:\/\/schema.org","@graph":[{"@type":"WebPage","@id":"https:\/\/tourtravelandmore.com\/fr\/tours\/espagne-fr\/lacorogne-fr\/visite-privee-de-vigo-depuis-la-corogne\/","url":"https:\/\/tourtravelandmore.com\/fr\/tours\/espagne-fr\/lacorogne-fr\/visite-privee-de-vigo-depuis-la-corogne\/","name":"\u27a1\ufe0f Visite priv\u00e9e de Vigo depuis La Corogne | Tour Travel & More","isPartOf":{"@id":"https:\/\/tourtravelandmore.com\/fr\/#website"},"primaryImageOfPage":{"@id":"https:\/\/tourtravelandmore.com\/fr\/tours\/espagne-fr\/lacorogne-fr\/visite-privee-de-vigo-depuis-la-corogne\/#primaryimage"},"image":{"@id":"https:\/\/tourtravelandmore.com\/fr\/tours\/espagne-fr\/lacorogne-fr\/visite-privee-de-vigo-depuis-la-corogne\/#primaryimage"},"thumbnailUrl":"https:\/\/tourtravelandmore.com\/wp-content\/uploads\/2020\/01\/Domaio_-_R\u00eda_de_Vigo.jpg","datePublished":"2020-01-14T12:03:58+00:00","description":"Visite priv\u00e9e de Vigo depuis La Corogne. Les monuments et sites les plus importants. La prise en charge au port de croisi\u00e8re est disponible pour cette visite priv\u00e9e \u2705","breadcrumb":{"@id":"https:\/\/tourtravelandmore.com\/fr\/tours\/espagne-fr\/lacorogne-fr\/visite-privee-de-vigo-depuis-la-corogne\/#breadcrumb"},"inLanguage":"fr-FR","potentialAction":[{"@type":"ReadAction","target":["https:\/\/tourtravelandmore.com\/fr\/tours\/espagne-fr\/lacorogne-fr\/visite-privee-de-vigo-depuis-la-corogne\/"]}]},{"@type":"ImageObject","inLanguage":"fr-FR","@id":"https:\/\/tourtravelandmore.com\/fr\/tours\/espagne-fr\/lacorogne-fr\/visite-privee-de-vigo-depuis-la-corogne\/#primaryimage","url":"https:\/\/tourtravelandmore.com\/wp-content\/uploads\/2020\/01\/Domaio_-_R\u00eda_de_Vigo.jpg","contentUrl":"https:\/\/tourtravelandmore.com\/wp-content\/uploads\/2020\/01\/Domaio_-_R\u00eda_de_Vigo.jpg","width":4000,"height":3000,"caption":"Vigo, Galicia, Espa\u00f1a"},{"@type":"BreadcrumbList","@id":"https:\/\/tourtravelandmore.com\/fr\/tours\/espagne-fr\/lacorogne-fr\/visite-privee-de-vigo-depuis-la-corogne\/#breadcrumb","itemListElement":[{"@type":"ListItem","position":1,"name":"Home","item":"https:\/\/tourtravelandmore.com\/fr\/"},{"@type":"ListItem","position":2,"name":"Tours","item":"https:\/\/tourtravelandmore.com\/fr\/tours\/"},{"@type":"ListItem","position":3,"name":"Visite priv\u00e9e de Vigo depuis La Corogne"}]},{"@type":"WebSite","@id":"https:\/\/tourtravelandmore.com\/fr\/#website","url":"https:\/\/tourtravelandmore.com\/fr\/","name":"Tour Travel And More","description":"Private sightseeing tours and luxury transfers in Spain","publisher":{"@id":"https:\/\/tourtravelandmore.com\/fr\/#organization"},"potentialAction":[{"@type":"SearchAction","target":{"@type":"EntryPoint","urlTemplate":"https:\/\/tourtravelandmore.com\/fr\/?s={search_term_string}"},"query-input":{"@type":"PropertyValueSpecification","valueRequired":true,"valueName":"search_term_string"}}],"inLanguage":"fr-FR"},{"@type":"Organization","@id":"https:\/\/tourtravelandmore.com\/fr\/#organization","name":"Tour Travel And More","url":"https:\/\/tourtravelandmore.com\/fr\/","logo":{"@type":"ImageObject","inLanguage":"fr-FR","@id":"https:\/\/tourtravelandmore.com\/fr\/#\/schema\/logo\/image\/","url":"https:\/\/tourtravelandmore.com\/wp-content\/uploads\/2022\/12\/cropped-logo-cabecera-new.png","contentUrl":"https:\/\/tourtravelandmore.com\/wp-content\/uploads\/2022\/12\/cropped-logo-cabecera-new.png","width":430,"height":61,"caption":"Tour Travel And More"},"image":{"@id":"https:\/\/tourtravelandmore.com\/fr\/#\/schema\/logo\/image\/"},"sameAs":["https:\/\/www.facebook.com\/tourtravelandmore\/","https:\/\/x.com\/TourTravel_More"]}]}},"_links":{"self":[{"href":"https:\/\/tourtravelandmore.com\/fr\/wp-json\/wp\/v2\/product\/178355","targetHints":{"allow":["GET"]}}],"collection":[{"href":"https:\/\/tourtravelandmore.com\/fr\/wp-json\/wp\/v2\/product"}],"about":[{"href":"https:\/\/tourtravelandmore.com\/fr\/wp-json\/wp\/v2\/types\/product"}],"replies":[{"embeddable":true,"href":"https:\/\/tourtravelandmore.com\/fr\/wp-json\/wp\/v2\/comments?post=178355"}],"wp:featuredmedia":[{"embeddable":true,"href":"https:\/\/tourtravelandmore.com\/fr\/wp-json\/wp\/v2\/media\/96994"}],"wp:attachment":[{"href":"https:\/\/tourtravelandmore.com\/fr\/wp-json\/wp\/v2\/media?parent=178355"}],"wp:term":[{"taxonomy":"product_brand","embeddable":true,"href":"https:\/\/tourtravelandmore.com\/fr\/wp-json\/wp\/v2\/product_brand?post=178355"},{"taxonomy":"product_cat","embeddable":true,"href":"https:\/\/tourtravelandmore.com\/fr\/wp-json\/wp\/v2\/product_cat?post=178355"},{"taxonomy":"product_tag","embeddable":true,"href":"https:\/\/tourtravelandmore.com\/fr\/wp-json\/wp\/v2\/product_tag?post=178355"}],"curies":[{"name":"wp","href":"https:\/\/api.w.org\/{rel}","templated":true}]}}