{"id":178294,"date":"2024-10-25T16:18:28","date_gmt":"2024-10-25T14:18:39","guid":{"rendered":"https:\/\/tourtravelandmore.com\/?post_type=product&#038;p=178294"},"modified":"2026-02-11T16:43:44","modified_gmt":"2026-02-11T15:43:44","slug":"excursion-privee-dune-journee-a-hallstatt-au-depart-de-vienne-copy","status":"publish","type":"product","link":"https:\/\/tourtravelandmore.com\/fr\/tours\/lautriche-fr\/vienna-fr\/excursion-privee-dune-journee-a-hallstatt-au-depart-de-vienne-copy\/","title":{"rendered":"Excursion priv\u00e9e \u00e0 Salzbourg et Hallstatt au d\u00e9part de Vienne"},"content":{"rendered":"<h2><b>Excursion priv\u00e9e \u00e0 Salzbourg et Hallstatt au d\u00e9part de Vienne Description<\/b><\/h2>\n<p>D\u00e9couvrez deux des destinations les plus enchanteresses <b><strong>d&#8217;Autriche<\/strong><\/b> lors d&#8217;une excursion priv\u00e9e d&#8217;une journ\u00e9e au d\u00e9part de <b><strong>Vienne,<\/strong><\/b> combinant le charme culturel de Salzbourg et la beaut\u00e9 \u00e9poustouflante de Hallstatt. Avec le confort d&#8217;un v\u00e9hicule priv\u00e9 et d&#8217;un chauffeur expert \u00e0 votre disposition pendant 12\/13 heures, cette excursion est un moyen exclusif et confortable de d\u00e9couvrir les points forts de l&#8217;Autriche en une journ\u00e9e.<\/p>\n<p>Votre voyage commence par un trajet pittoresque \u00e0 travers la campagne autrichienne, avec des vues sur les Alpes pendant que vous vous dirigez vers Salzbourg. \u00c0 votre arriv\u00e9e, profitez d&#8217;une visite guid\u00e9e de 2,5 heures avec un expert local qui vous pr\u00e9sentera les sites les plus embl\u00e9matiques de la ville, notamment la maison natale de Mozart, le palais Mirabell et l&#8217;\u00e9tonnante cath\u00e9drale de Salzbourg. Plongez dans la riche histoire et l&#8217;architecture baroque qui caract\u00e9risent ce <b><strong>site class\u00e9 au patrimoine mondial de l&#8217;UNESCO.<\/strong><\/b><\/p>\n<h2><b>Visite priv\u00e9e de Salzbourg et Hallstatt au d\u00e9part de Vienne<\/b><\/h2>\n<p>Avec la libert\u00e9 d&#8217;un circuit priv\u00e9, vous pouvez adapter l&#8217;exp\u00e9rience \u00e0 vos pr\u00e9f\u00e9rences avant de retourner \u00e0 <b><strong>Vienne<\/strong><\/b> dans le confort et le style.<\/p>\n<p>Apr\u00e8s avoir explor\u00e9 Salzbourg, poursuivez votre aventure en visitant Hallstatt, l&#8217;un des villages les plus pittoresques d&#8217;Autriche, nich\u00e9 sur les rives du lac Hallstatt. Vous aurez le temps de fl\u00e2ner dans les rues charmantes, d&#8217;admirer le paysage alpin et de visiter les c\u00e9l\u00e8bres mines de sel de Hallstatt ou le Skywalk par vos propres moyens. Bien qu&#8217;elle ne soit pas guid\u00e9e, cette partie de l&#8217;excursion permet une exploration personnelle de ce cadre magique.<\/p>\n<ul>\n<li><b><strong>Excursion priv\u00e9e d&#8217;une journ\u00e9e enti\u00e8re de Vienne \u00e0 Salzbourg et Hallstatt avec un chauffeur personnel.<\/strong><\/b><\/li>\n<li><b><strong>Profitez d&#8217;une visite guid\u00e9e de 2,5 heures \u00e0 Salzbourg, en visitant des sites cl\u00e9s tels que la maison natale de Mozart et le palais Mirabell.<\/strong><\/b><\/li>\n<li><b><strong>Temps libre pour explorer le village idyllique de Hallstatt \u00e0 votre rythme.<\/strong><\/b><\/li>\n<li><b><strong>Route panoramique \u00e0 travers les Alpes autrichiennes avec des vues \u00e0 couper le souffle.<\/strong><\/b><\/li>\n<li><b><strong>Itin\u00e9raire personnalisable avec la flexibilit\u00e9 d&#8217;un circuit priv\u00e9.<\/strong><\/b><\/li>\n<\/ul>\n<p>Et si l&#8217;attrait de l&#8217;Europe vous tient encore \u00e0 c\u0153ur, pensez \u00e0 enrichir votre voyage avec notre circuit priv\u00e9 exclusif vers Salzbourg au d\u00e9part de Vienne. <a href=\"https:\/\/tourtravelandmore.com\/fr\/city\/lautriche-fr\/vienna-fr\/\">C&#8217;est un autre chapitre qui attend d&#8217;\u00eatre explor\u00e9 dans la grande aventure europ\u00e9enne.<\/a><\/p>\n","protected":false},"excerpt":{"rendered":"<p><span style=\"font-weight: 400;\">D\u00e9couvrez Hallstatt, un tr\u00e9sor de l&#8217;UNESCO, lors d&#8217;une luxueuse excursion d&#8217;une journ\u00e9e au d\u00e9part de Vienne. Plongez dans un monde de beaut\u00e9 pittoresque, d&#8217;histoire riche et de merveilles culturelles.<\/span><\/p>\n","protected":false},"featured_media":178306,"comment_status":"open","ping_status":"closed","template":"","meta":{"_acf_changed":false},"product_brand":[],"product_cat":[3721,3708,4181,4182],"product_tag":[],"class_list":{"0":"post-178294","1":"product","2":"type-product","3":"status-publish","4":"has-post-thumbnail","6":"product_cat-hallstatt-fr","7":"product_cat-vienna-fr","8":"product_cat-toutes-les-visites-et-activites","9":"product_cat-visites-guidees-privees-fr-2","11":"first","12":"instock","13":"shipping-taxable","14":"purchasable","15":"product-type-simple"},"acf":[],"yoast_head":"<!-- This site is optimized with the Yoast SEO Premium plugin v25.3.1 (Yoast SEO v25.3.1) - https:\/\/yoast.com\/wordpress\/plugins\/seo\/ -->\n<title>Excursion priv\u00e9e d&#039;une journ\u00e9e \u00e0 Hallstatt au d\u00e9part de Vienne : Un joyau de l&#039;UNESCO vous attend !<\/title>\n<meta name=\"description\" content=\"Embarquez pour un voyage priv\u00e9 de 10 heures vers le village enchanteur de Hallstatt. Des lacs vierges aux anciennes mines de sel en passant par les mus\u00e9es historiques, percez les myst\u00e8res de ce site class\u00e9 au patrimoine mondial de l&#039;UNESCO.\" \/>\n<meta name=\"robots\" content=\"index, follow, max-snippet:-1, max-image-preview:large, max-video-preview:-1\" \/>\n<link rel=\"canonical\" href=\"https:\/\/tourtravelandmore.com\/fr\/tours\/lautriche-fr\/vienna-fr\/excursion-privee-dune-journee-a-hallstatt-au-depart-de-vienne-copy\/\" \/>\n<meta property=\"og:locale\" content=\"fr_FR\" \/>\n<meta property=\"og:type\" content=\"article\" \/>\n<meta property=\"og:title\" content=\"Excursion priv\u00e9e \u00e0 Salzbourg et Hallstatt au d\u00e9part de Vienne\" \/>\n<meta property=\"og:description\" content=\"Embarquez pour un voyage priv\u00e9 de 10 heures vers le village enchanteur de Hallstatt. Des lacs vierges aux anciennes mines de sel en passant par les mus\u00e9es historiques, percez les myst\u00e8res de ce site class\u00e9 au patrimoine mondial de l&#039;UNESCO.\" \/>\n<meta property=\"og:url\" content=\"https:\/\/tourtravelandmore.com\/fr\/tours\/lautriche-fr\/vienna-fr\/excursion-privee-dune-journee-a-hallstatt-au-depart-de-vienne-copy\/\" \/>\n<meta property=\"og:site_name\" content=\"Tour Travel And More\" \/>\n<meta property=\"article:publisher\" content=\"https:\/\/www.facebook.com\/tourtravelandmore\/\" \/>\n<meta property=\"article:modified_time\" content=\"2026-02-11T15:43:44+00:00\" \/>\n<meta property=\"og:image\" content=\"https:\/\/tourtravelandmore.com\/wp-content\/uploads\/2024\/10\/pexels-szabolcs-toth-3185492-scaled.jpg\" \/>\n\t<meta property=\"og:image:width\" content=\"2560\" \/>\n\t<meta property=\"og:image:height\" content=\"1920\" \/>\n\t<meta property=\"og:image:type\" content=\"image\/jpeg\" \/>\n<meta name=\"twitter:card\" content=\"summary_large_image\" \/>\n<meta name=\"twitter:site\" content=\"@TourTravel_More\" \/>\n<meta name=\"twitter:label1\" content=\"Dur\u00e9e de lecture estim\u00e9e\" \/>\n\t<meta name=\"twitter:data1\" content=\"2 minutes\" \/>\n<script type=\"application\/ld+json\" class=\"yoast-schema-graph\">{\"@context\":\"https:\/\/schema.org\",\"@graph\":[{\"@type\":\"WebPage\",\"@id\":\"https:\/\/tourtravelandmore.com\/fr\/tours\/lautriche-fr\/vienna-fr\/excursion-privee-dune-journee-a-hallstatt-au-depart-de-vienne-copy\/\",\"url\":\"https:\/\/tourtravelandmore.com\/fr\/tours\/lautriche-fr\/vienna-fr\/excursion-privee-dune-journee-a-hallstatt-au-depart-de-vienne-copy\/\",\"name\":\"Excursion priv\u00e9e d'une journ\u00e9e \u00e0 Hallstatt au d\u00e9part de Vienne : Un joyau de l'UNESCO vous attend !\",\"isPartOf\":{\"@id\":\"https:\/\/tourtravelandmore.com\/fr\/#website\"},\"primaryImageOfPage\":{\"@id\":\"https:\/\/tourtravelandmore.com\/fr\/tours\/lautriche-fr\/vienna-fr\/excursion-privee-dune-journee-a-hallstatt-au-depart-de-vienne-copy\/#primaryimage\"},\"image\":{\"@id\":\"https:\/\/tourtravelandmore.com\/fr\/tours\/lautriche-fr\/vienna-fr\/excursion-privee-dune-journee-a-hallstatt-au-depart-de-vienne-copy\/#primaryimage\"},\"thumbnailUrl\":\"https:\/\/tourtravelandmore.com\/wp-content\/uploads\/2024\/10\/pexels-szabolcs-toth-3185492-scaled.jpg\",\"datePublished\":\"2024-10-25T14:18:39+00:00\",\"dateModified\":\"2026-02-11T15:43:44+00:00\",\"description\":\"Embarquez pour un voyage priv\u00e9 de 10 heures vers le village enchanteur de Hallstatt. Des lacs vierges aux anciennes mines de sel en passant par les mus\u00e9es historiques, percez les myst\u00e8res de ce site class\u00e9 au patrimoine mondial de l'UNESCO.\",\"breadcrumb\":{\"@id\":\"https:\/\/tourtravelandmore.com\/fr\/tours\/lautriche-fr\/vienna-fr\/excursion-privee-dune-journee-a-hallstatt-au-depart-de-vienne-copy\/#breadcrumb\"},\"inLanguage\":\"fr-FR\",\"potentialAction\":[{\"@type\":\"ReadAction\",\"target\":[\"https:\/\/tourtravelandmore.com\/fr\/tours\/lautriche-fr\/vienna-fr\/excursion-privee-dune-journee-a-hallstatt-au-depart-de-vienne-copy\/\"]}]},{\"@type\":\"ImageObject\",\"inLanguage\":\"fr-FR\",\"@id\":\"https:\/\/tourtravelandmore.com\/fr\/tours\/lautriche-fr\/vienna-fr\/excursion-privee-dune-journee-a-hallstatt-au-depart-de-vienne-copy\/#primaryimage\",\"url\":\"https:\/\/tourtravelandmore.com\/wp-content\/uploads\/2024\/10\/pexels-szabolcs-toth-3185492-scaled.jpg\",\"contentUrl\":\"https:\/\/tourtravelandmore.com\/wp-content\/uploads\/2024\/10\/pexels-szabolcs-toth-3185492-scaled.jpg\",\"width\":2560,\"height\":1920},{\"@type\":\"BreadcrumbList\",\"@id\":\"https:\/\/tourtravelandmore.com\/fr\/tours\/lautriche-fr\/vienna-fr\/excursion-privee-dune-journee-a-hallstatt-au-depart-de-vienne-copy\/#breadcrumb\",\"itemListElement\":[{\"@type\":\"ListItem\",\"position\":1,\"name\":\"Home\",\"item\":\"https:\/\/tourtravelandmore.com\/fr\/\"},{\"@type\":\"ListItem\",\"position\":2,\"name\":\"Tours\",\"item\":\"https:\/\/tourtravelandmore.com\/fr\/tours\/\"},{\"@type\":\"ListItem\",\"position\":3,\"name\":\"Excursion priv\u00e9e \u00e0 Salzbourg et Hallstatt au d\u00e9part de Vienne\"}]},{\"@type\":\"WebSite\",\"@id\":\"https:\/\/tourtravelandmore.com\/fr\/#website\",\"url\":\"https:\/\/tourtravelandmore.com\/fr\/\",\"name\":\"Tour Travel And More\",\"description\":\"Private sightseeing tours and luxury transfers in Spain\",\"publisher\":{\"@id\":\"https:\/\/tourtravelandmore.com\/fr\/#organization\"},\"potentialAction\":[{\"@type\":\"SearchAction\",\"target\":{\"@type\":\"EntryPoint\",\"urlTemplate\":\"https:\/\/tourtravelandmore.com\/fr\/?s={search_term_string}\"},\"query-input\":{\"@type\":\"PropertyValueSpecification\",\"valueRequired\":true,\"valueName\":\"search_term_string\"}}],\"inLanguage\":\"fr-FR\"},{\"@type\":\"Organization\",\"@id\":\"https:\/\/tourtravelandmore.com\/fr\/#organization\",\"name\":\"Tour Travel And More\",\"url\":\"https:\/\/tourtravelandmore.com\/fr\/\",\"logo\":{\"@type\":\"ImageObject\",\"inLanguage\":\"fr-FR\",\"@id\":\"https:\/\/tourtravelandmore.com\/fr\/#\/schema\/logo\/image\/\",\"url\":\"https:\/\/tourtravelandmore.com\/wp-content\/uploads\/2022\/12\/cropped-logo-cabecera-new.png\",\"contentUrl\":\"https:\/\/tourtravelandmore.com\/wp-content\/uploads\/2022\/12\/cropped-logo-cabecera-new.png\",\"width\":430,\"height\":61,\"caption\":\"Tour Travel And More\"},\"image\":{\"@id\":\"https:\/\/tourtravelandmore.com\/fr\/#\/schema\/logo\/image\/\"},\"sameAs\":[\"https:\/\/www.facebook.com\/tourtravelandmore\/\",\"https:\/\/x.com\/TourTravel_More\"]}]}<\/script>\n<!-- \/ Yoast SEO Premium plugin. -->","yoast_head_json":{"title":"Excursion priv\u00e9e d'une journ\u00e9e \u00e0 Hallstatt au d\u00e9part de Vienne : Un joyau de l'UNESCO vous attend !","description":"Embarquez pour un voyage priv\u00e9 de 10 heures vers le village enchanteur de Hallstatt. Des lacs vierges aux anciennes mines de sel en passant par les mus\u00e9es historiques, percez les myst\u00e8res de ce site class\u00e9 au patrimoine mondial de l'UNESCO.","robots":{"index":"index","follow":"follow","max-snippet":"max-snippet:-1","max-image-preview":"max-image-preview:large","max-video-preview":"max-video-preview:-1"},"canonical":"https:\/\/tourtravelandmore.com\/fr\/tours\/lautriche-fr\/vienna-fr\/excursion-privee-dune-journee-a-hallstatt-au-depart-de-vienne-copy\/","og_locale":"fr_FR","og_type":"article","og_title":"Excursion priv\u00e9e \u00e0 Salzbourg et Hallstatt au d\u00e9part de Vienne","og_description":"Embarquez pour un voyage priv\u00e9 de 10 heures vers le village enchanteur de Hallstatt. Des lacs vierges aux anciennes mines de sel en passant par les mus\u00e9es historiques, percez les myst\u00e8res de ce site class\u00e9 au patrimoine mondial de l'UNESCO.","og_url":"https:\/\/tourtravelandmore.com\/fr\/tours\/lautriche-fr\/vienna-fr\/excursion-privee-dune-journee-a-hallstatt-au-depart-de-vienne-copy\/","og_site_name":"Tour Travel And More","article_publisher":"https:\/\/www.facebook.com\/tourtravelandmore\/","article_modified_time":"2026-02-11T15:43:44+00:00","og_image":[{"width":2560,"height":1920,"url":"https:\/\/tourtravelandmore.com\/wp-content\/uploads\/2024\/10\/pexels-szabolcs-toth-3185492-scaled.jpg","type":"image\/jpeg"}],"twitter_card":"summary_large_image","twitter_site":"@TourTravel_More","twitter_misc":{"Dur\u00e9e de lecture estim\u00e9e":"2 minutes"},"schema":{"@context":"https:\/\/schema.org","@graph":[{"@type":"WebPage","@id":"https:\/\/tourtravelandmore.com\/fr\/tours\/lautriche-fr\/vienna-fr\/excursion-privee-dune-journee-a-hallstatt-au-depart-de-vienne-copy\/","url":"https:\/\/tourtravelandmore.com\/fr\/tours\/lautriche-fr\/vienna-fr\/excursion-privee-dune-journee-a-hallstatt-au-depart-de-vienne-copy\/","name":"Excursion priv\u00e9e d'une journ\u00e9e \u00e0 Hallstatt au d\u00e9part de Vienne : Un joyau de l'UNESCO vous attend !","isPartOf":{"@id":"https:\/\/tourtravelandmore.com\/fr\/#website"},"primaryImageOfPage":{"@id":"https:\/\/tourtravelandmore.com\/fr\/tours\/lautriche-fr\/vienna-fr\/excursion-privee-dune-journee-a-hallstatt-au-depart-de-vienne-copy\/#primaryimage"},"image":{"@id":"https:\/\/tourtravelandmore.com\/fr\/tours\/lautriche-fr\/vienna-fr\/excursion-privee-dune-journee-a-hallstatt-au-depart-de-vienne-copy\/#primaryimage"},"thumbnailUrl":"https:\/\/tourtravelandmore.com\/wp-content\/uploads\/2024\/10\/pexels-szabolcs-toth-3185492-scaled.jpg","datePublished":"2024-10-25T14:18:39+00:00","dateModified":"2026-02-11T15:43:44+00:00","description":"Embarquez pour un voyage priv\u00e9 de 10 heures vers le village enchanteur de Hallstatt. Des lacs vierges aux anciennes mines de sel en passant par les mus\u00e9es historiques, percez les myst\u00e8res de ce site class\u00e9 au patrimoine mondial de l'UNESCO.","breadcrumb":{"@id":"https:\/\/tourtravelandmore.com\/fr\/tours\/lautriche-fr\/vienna-fr\/excursion-privee-dune-journee-a-hallstatt-au-depart-de-vienne-copy\/#breadcrumb"},"inLanguage":"fr-FR","potentialAction":[{"@type":"ReadAction","target":["https:\/\/tourtravelandmore.com\/fr\/tours\/lautriche-fr\/vienna-fr\/excursion-privee-dune-journee-a-hallstatt-au-depart-de-vienne-copy\/"]}]},{"@type":"ImageObject","inLanguage":"fr-FR","@id":"https:\/\/tourtravelandmore.com\/fr\/tours\/lautriche-fr\/vienna-fr\/excursion-privee-dune-journee-a-hallstatt-au-depart-de-vienne-copy\/#primaryimage","url":"https:\/\/tourtravelandmore.com\/wp-content\/uploads\/2024\/10\/pexels-szabolcs-toth-3185492-scaled.jpg","contentUrl":"https:\/\/tourtravelandmore.com\/wp-content\/uploads\/2024\/10\/pexels-szabolcs-toth-3185492-scaled.jpg","width":2560,"height":1920},{"@type":"BreadcrumbList","@id":"https:\/\/tourtravelandmore.com\/fr\/tours\/lautriche-fr\/vienna-fr\/excursion-privee-dune-journee-a-hallstatt-au-depart-de-vienne-copy\/#breadcrumb","itemListElement":[{"@type":"ListItem","position":1,"name":"Home","item":"https:\/\/tourtravelandmore.com\/fr\/"},{"@type":"ListItem","position":2,"name":"Tours","item":"https:\/\/tourtravelandmore.com\/fr\/tours\/"},{"@type":"ListItem","position":3,"name":"Excursion priv\u00e9e \u00e0 Salzbourg et Hallstatt au d\u00e9part de Vienne"}]},{"@type":"WebSite","@id":"https:\/\/tourtravelandmore.com\/fr\/#website","url":"https:\/\/tourtravelandmore.com\/fr\/","name":"Tour Travel And More","description":"Private sightseeing tours and luxury transfers in Spain","publisher":{"@id":"https:\/\/tourtravelandmore.com\/fr\/#organization"},"potentialAction":[{"@type":"SearchAction","target":{"@type":"EntryPoint","urlTemplate":"https:\/\/tourtravelandmore.com\/fr\/?s={search_term_string}"},"query-input":{"@type":"PropertyValueSpecification","valueRequired":true,"valueName":"search_term_string"}}],"inLanguage":"fr-FR"},{"@type":"Organization","@id":"https:\/\/tourtravelandmore.com\/fr\/#organization","name":"Tour Travel And More","url":"https:\/\/tourtravelandmore.com\/fr\/","logo":{"@type":"ImageObject","inLanguage":"fr-FR","@id":"https:\/\/tourtravelandmore.com\/fr\/#\/schema\/logo\/image\/","url":"https:\/\/tourtravelandmore.com\/wp-content\/uploads\/2022\/12\/cropped-logo-cabecera-new.png","contentUrl":"https:\/\/tourtravelandmore.com\/wp-content\/uploads\/2022\/12\/cropped-logo-cabecera-new.png","width":430,"height":61,"caption":"Tour Travel And More"},"image":{"@id":"https:\/\/tourtravelandmore.com\/fr\/#\/schema\/logo\/image\/"},"sameAs":["https:\/\/www.facebook.com\/tourtravelandmore\/","https:\/\/x.com\/TourTravel_More"]}]}},"_links":{"self":[{"href":"https:\/\/tourtravelandmore.com\/fr\/wp-json\/wp\/v2\/product\/178294","targetHints":{"allow":["GET"]}}],"collection":[{"href":"https:\/\/tourtravelandmore.com\/fr\/wp-json\/wp\/v2\/product"}],"about":[{"href":"https:\/\/tourtravelandmore.com\/fr\/wp-json\/wp\/v2\/types\/product"}],"replies":[{"embeddable":true,"href":"https:\/\/tourtravelandmore.com\/fr\/wp-json\/wp\/v2\/comments?post=178294"}],"wp:featuredmedia":[{"embeddable":true,"href":"https:\/\/tourtravelandmore.com\/fr\/wp-json\/wp\/v2\/media\/178306"}],"wp:attachment":[{"href":"https:\/\/tourtravelandmore.com\/fr\/wp-json\/wp\/v2\/media?parent=178294"}],"wp:term":[{"taxonomy":"product_brand","embeddable":true,"href":"https:\/\/tourtravelandmore.com\/fr\/wp-json\/wp\/v2\/product_brand?post=178294"},{"taxonomy":"product_cat","embeddable":true,"href":"https:\/\/tourtravelandmore.com\/fr\/wp-json\/wp\/v2\/product_cat?post=178294"},{"taxonomy":"product_tag","embeddable":true,"href":"https:\/\/tourtravelandmore.com\/fr\/wp-json\/wp\/v2\/product_tag?post=178294"}],"curies":[{"name":"wp","href":"https:\/\/api.w.org\/{rel}","templated":true}]}}