{"id":178240,"date":"2024-10-21T15:21:24","date_gmt":"2024-10-21T13:21:35","guid":{"rendered":"https:\/\/tourtravelandmore.com\/?post_type=product&#038;p=178240"},"modified":"2024-10-21T15:54:57","modified_gmt":"2024-10-21T13:54:57","slug":"excursion-privee-dans-les-rias-altas-depuis-la-corogne-ferrol-cedeira-et-san-andres-de-teixido-copy","status":"publish","type":"product","link":"https:\/\/tourtravelandmore.com\/fr\/tours\/espagne-fr\/lacorogne-fr\/excursion-privee-dans-les-rias-altas-depuis-la-corogne-ferrol-cedeira-et-san-andres-de-teixido-copy\/","title":{"rendered":"Visite priv\u00e9e de la Playa de las Catedrales, Lugo et Ribadeo au d\u00e9part de La Corogne"},"content":{"rendered":"<h2>Visite priv\u00e9e de la Playa de las Catedrales, Lugo et Ribadeo au d\u00e9part de La Corogne Description<\/h2>\n<p>Embarquez pour un voyage inoubliable vers l&#8217;une des merveilles c\u00f4ti\u00e8res les plus \u00e9poustouflantes d&#8217;Espagne, la <b><strong>Playa<\/strong><\/b> de las <b><strong>Catedrales,<\/strong><\/b> avec ses formations rocheuses spectaculaires et ses arches naturelles \u00e9tonnantes. Au d\u00e9part de <b><strong>La<\/strong><\/b> <b><strong>Corogne,<\/strong><\/b> cette excursion priv\u00e9e de 10 heures offre une exp\u00e9rience exclusive adapt\u00e9e \u00e0 votre rythme et \u00e0 vos int\u00e9r\u00eats.<\/p>\n<p>Votre guide personnel vous conduira \u00e0 travers la ville enchanteresse de Lugo, c\u00e9l\u00e8bre pour ses murs romains et son charme historique, avant de continuer vers la ville pittoresque de Ribadeo. En chemin, vous explorerez les paysages uniques <b><strong>de la Galice<\/strong><\/b>, d\u00e9couvrirez la culture locale et profiterez des joyaux cach\u00e9s de la r\u00e9gion, le tout dans le confort d&#8217;une voiture priv\u00e9e.<\/p>\n<p>Que vous vous \u00e9merveilliez devant la grandeur de la Playa de las Catedrales ou que vous vous promeniez dans les rues pav\u00e9es de Lugo et de Ribadeo, ce circuit est un m\u00e9lange parfait de nature, d&#8217;histoire et de d\u00e9tente.<\/p>\n<h2>Visite priv\u00e9e de la Playa de las Catedrales, Lugo et Ribadeo depuis La Corogne | Points d&#8217;int\u00e9r\u00eat et de rep\u00e8re<\/h2>\n<p>Cette excursion est id\u00e9ale pour ceux qui souhaitent d\u00e9couvrir les merveilles culturelles et naturelles de la c\u00f4te nord de la Galice dans le confort et le style.<\/p>\n<ul>\n<li><b><strong>Playa de las Catedrales :<\/strong><\/b> Admirez les \u00e9tonnantes formations rocheuses et les arches naturelles de cette plage embl\u00e9matique, r\u00e9put\u00e9e pour sa beaut\u00e9 majestueuse.<\/li>\n<li><b><strong>Lugo :<\/strong><\/b> Explorez la ville historique, y compris ses murs romains class\u00e9s par l&#8217;UNESCO, et impr\u00e9gnez-vous de la riche histoire et de la culture de la r\u00e9gion.<\/li>\n<li><b><strong>Ribadeo :<\/strong><\/b> D\u00e9couvrez la charmante ville de Ribadeo, avec ses rues pittoresques, ses jolies places et son atmosph\u00e8re anim\u00e9e.<\/li>\n<li><b><strong>Voiture priv\u00e9e et guide :<\/strong><\/b> Voyagez confortablement dans un v\u00e9hicule priv\u00e9 avec un guide expert qui vous offrira des informations personnalis\u00e9es tout au long de la journ\u00e9e.<\/li>\n<li><b><strong>Itin\u00e9raire flexible :<\/strong><\/b> Adapt\u00e9 \u00e0 vos pr\u00e9f\u00e9rences, ce circuit vous laisse beaucoup de temps pour explorer chaque destination \u00e0 votre rythme.<\/li>\n<\/ul>\n<p>Enfin, notre chauffeur priv\u00e9 vous ram\u00e8nera vers notre ch\u00e8re <b><strong>Corogne<\/strong><\/b>. Vous appr\u00e9cierez cette visite priv\u00e9e de <a href=\"https:\/\/en.wikipedia.org\/wiki\/Santiago_de_Compostela\">Saint-Jacques-de-Compostelle<\/a> depuis La Corogne gr\u00e2ce \u00e0 Tour Travel &amp; More.<\/p>\n<p><a href=\"https:\/\/tourtravelandmore.com\/fr\/city\/espagne-fr\/a-coruna-en\/\">Jetez un coup d&#8217;\u0153il \u00e0 nos circuits priv\u00e9s \u00e0 La Corogne.<\/a><\/p>\n","protected":false},"excerpt":{"rendered":"<p>Embarquez pour un voyage inoubliable vers l&#8217;une des merveilles c\u00f4ti\u00e8res les plus \u00e9poustouflantes d&#8217;Espagne, la <b><strong>Playa<\/strong><\/b> de las <b><strong>Catedrales,<\/strong><\/b> avec ses formations rocheuses spectaculaires et ses arches naturelles \u00e9tonnantes. Au d\u00e9part de <b><strong>La<\/strong><\/b> <b><strong>Corogne,<\/strong><\/b> cette excursion priv\u00e9e de 10 heures offre une exp\u00e9rience exclusive adapt\u00e9e \u00e0 votre rythme et \u00e0 vos int\u00e9r\u00eats.<\/p>\n","protected":false},"featured_media":178250,"comment_status":"open","ping_status":"closed","template":"","meta":{"_acf_changed":false},"product_brand":[],"product_cat":[5129,5127,3541,3570],"product_tag":[],"class_list":{"0":"post-178240","1":"product","2":"type-product","3":"status-publish","4":"has-post-thumbnail","6":"product_cat-all-private-tours-activities-fr-27","7":"product_cat-private-sightseeing-tours-fr-32","8":"product_cat-espagne-fr","9":"product_cat-lacorogne-fr","11":"first","12":"instock","13":"shipping-taxable","14":"purchasable","15":"product-type-simple"},"acf":[],"yoast_head":"<!-- This site is optimized with the Yoast SEO Premium plugin v25.3.1 (Yoast SEO v25.3.1) - https:\/\/yoast.com\/wordpress\/plugins\/seo\/ -->\n<title>Visite priv\u00e9e de la Playa de las Catedrales, Lugo et Ribadeo au d\u00e9part de La Corogne<\/title>\n<meta name=\"description\" content=\"Visite priv\u00e9e de la Playa de las Catedrales, Lugo et Ribadeo au d\u00e9part de La Corogne. Profitez de cette occasion pour conna\u00eetre Santiago dans cette exp\u00e9rience. Cela peut \u00e9ventuellement \u00eatre une excursion \u00e0 terre.\" \/>\n<meta name=\"robots\" content=\"index, follow, max-snippet:-1, max-image-preview:large, max-video-preview:-1\" \/>\n<link rel=\"canonical\" href=\"https:\/\/tourtravelandmore.com\/fr\/tours\/espagne-fr\/lacorogne-fr\/excursion-privee-dans-les-rias-altas-depuis-la-corogne-ferrol-cedeira-et-san-andres-de-teixido-copy\/\" \/>\n<meta property=\"og:locale\" content=\"fr_FR\" \/>\n<meta property=\"og:type\" content=\"article\" \/>\n<meta property=\"og:title\" content=\"Visite priv\u00e9e de la Playa de las Catedrales, Lugo et Ribadeo au d\u00e9part de La Corogne\" \/>\n<meta property=\"og:description\" content=\"Visite priv\u00e9e de la Playa de las Catedrales, Lugo et Ribadeo au d\u00e9part de La Corogne. Profitez de cette occasion pour conna\u00eetre Santiago dans cette exp\u00e9rience. Cela peut \u00e9ventuellement \u00eatre une excursion \u00e0 terre.\" \/>\n<meta property=\"og:url\" content=\"https:\/\/tourtravelandmore.com\/fr\/tours\/espagne-fr\/lacorogne-fr\/excursion-privee-dans-les-rias-altas-depuis-la-corogne-ferrol-cedeira-et-san-andres-de-teixido-copy\/\" \/>\n<meta property=\"og:site_name\" content=\"Tour Travel And More\" \/>\n<meta property=\"article:publisher\" content=\"https:\/\/www.facebook.com\/tourtravelandmore\/\" \/>\n<meta property=\"article:modified_time\" content=\"2024-10-21T13:54:57+00:00\" \/>\n<meta property=\"og:image\" content=\"https:\/\/tourtravelandmore.com\/wp-content\/uploads\/2024\/10\/rinlo-1322046_1280.jpg\" \/>\n\t<meta property=\"og:image:width\" content=\"1280\" \/>\n\t<meta property=\"og:image:height\" content=\"901\" \/>\n\t<meta property=\"og:image:type\" content=\"image\/jpeg\" \/>\n<meta name=\"twitter:card\" content=\"summary_large_image\" \/>\n<meta name=\"twitter:site\" content=\"@TourTravel_More\" \/>\n<meta name=\"twitter:label1\" content=\"Dur\u00e9e de lecture estim\u00e9e\" \/>\n\t<meta name=\"twitter:data1\" content=\"2 minutes\" \/>\n<script type=\"application\/ld+json\" class=\"yoast-schema-graph\">{\"@context\":\"https:\/\/schema.org\",\"@graph\":[{\"@type\":\"WebPage\",\"@id\":\"https:\/\/tourtravelandmore.com\/fr\/tours\/espagne-fr\/lacorogne-fr\/excursion-privee-dans-les-rias-altas-depuis-la-corogne-ferrol-cedeira-et-san-andres-de-teixido-copy\/\",\"url\":\"https:\/\/tourtravelandmore.com\/fr\/tours\/espagne-fr\/lacorogne-fr\/excursion-privee-dans-les-rias-altas-depuis-la-corogne-ferrol-cedeira-et-san-andres-de-teixido-copy\/\",\"name\":\"Visite priv\u00e9e de la Playa de las Catedrales, Lugo et Ribadeo au d\u00e9part de La Corogne\",\"isPartOf\":{\"@id\":\"https:\/\/tourtravelandmore.com\/fr\/#website\"},\"primaryImageOfPage\":{\"@id\":\"https:\/\/tourtravelandmore.com\/fr\/tours\/espagne-fr\/lacorogne-fr\/excursion-privee-dans-les-rias-altas-depuis-la-corogne-ferrol-cedeira-et-san-andres-de-teixido-copy\/#primaryimage\"},\"image\":{\"@id\":\"https:\/\/tourtravelandmore.com\/fr\/tours\/espagne-fr\/lacorogne-fr\/excursion-privee-dans-les-rias-altas-depuis-la-corogne-ferrol-cedeira-et-san-andres-de-teixido-copy\/#primaryimage\"},\"thumbnailUrl\":\"https:\/\/tourtravelandmore.com\/wp-content\/uploads\/2024\/10\/rinlo-1322046_1280.jpg\",\"datePublished\":\"2024-10-21T13:21:35+00:00\",\"dateModified\":\"2024-10-21T13:54:57+00:00\",\"description\":\"Visite priv\u00e9e de la Playa de las Catedrales, Lugo et Ribadeo au d\u00e9part de La Corogne. Profitez de cette occasion pour conna\u00eetre Santiago dans cette exp\u00e9rience. Cela peut \u00e9ventuellement \u00eatre une excursion \u00e0 terre.\",\"breadcrumb\":{\"@id\":\"https:\/\/tourtravelandmore.com\/fr\/tours\/espagne-fr\/lacorogne-fr\/excursion-privee-dans-les-rias-altas-depuis-la-corogne-ferrol-cedeira-et-san-andres-de-teixido-copy\/#breadcrumb\"},\"inLanguage\":\"fr-FR\",\"potentialAction\":[{\"@type\":\"ReadAction\",\"target\":[\"https:\/\/tourtravelandmore.com\/fr\/tours\/espagne-fr\/lacorogne-fr\/excursion-privee-dans-les-rias-altas-depuis-la-corogne-ferrol-cedeira-et-san-andres-de-teixido-copy\/\"]}]},{\"@type\":\"ImageObject\",\"inLanguage\":\"fr-FR\",\"@id\":\"https:\/\/tourtravelandmore.com\/fr\/tours\/espagne-fr\/lacorogne-fr\/excursion-privee-dans-les-rias-altas-depuis-la-corogne-ferrol-cedeira-et-san-andres-de-teixido-copy\/#primaryimage\",\"url\":\"https:\/\/tourtravelandmore.com\/wp-content\/uploads\/2024\/10\/rinlo-1322046_1280.jpg\",\"contentUrl\":\"https:\/\/tourtravelandmore.com\/wp-content\/uploads\/2024\/10\/rinlo-1322046_1280.jpg\",\"width\":1280,\"height\":901},{\"@type\":\"BreadcrumbList\",\"@id\":\"https:\/\/tourtravelandmore.com\/fr\/tours\/espagne-fr\/lacorogne-fr\/excursion-privee-dans-les-rias-altas-depuis-la-corogne-ferrol-cedeira-et-san-andres-de-teixido-copy\/#breadcrumb\",\"itemListElement\":[{\"@type\":\"ListItem\",\"position\":1,\"name\":\"Home\",\"item\":\"https:\/\/tourtravelandmore.com\/fr\/\"},{\"@type\":\"ListItem\",\"position\":2,\"name\":\"Tours\",\"item\":\"https:\/\/tourtravelandmore.com\/fr\/tours\/\"},{\"@type\":\"ListItem\",\"position\":3,\"name\":\"Visite priv\u00e9e de la Playa de las Catedrales, Lugo et Ribadeo au d\u00e9part de La Corogne\"}]},{\"@type\":\"WebSite\",\"@id\":\"https:\/\/tourtravelandmore.com\/fr\/#website\",\"url\":\"https:\/\/tourtravelandmore.com\/fr\/\",\"name\":\"Tour Travel And More\",\"description\":\"Private sightseeing tours and luxury transfers in Spain\",\"publisher\":{\"@id\":\"https:\/\/tourtravelandmore.com\/fr\/#organization\"},\"potentialAction\":[{\"@type\":\"SearchAction\",\"target\":{\"@type\":\"EntryPoint\",\"urlTemplate\":\"https:\/\/tourtravelandmore.com\/fr\/?s={search_term_string}\"},\"query-input\":{\"@type\":\"PropertyValueSpecification\",\"valueRequired\":true,\"valueName\":\"search_term_string\"}}],\"inLanguage\":\"fr-FR\"},{\"@type\":\"Organization\",\"@id\":\"https:\/\/tourtravelandmore.com\/fr\/#organization\",\"name\":\"Tour Travel And More\",\"url\":\"https:\/\/tourtravelandmore.com\/fr\/\",\"logo\":{\"@type\":\"ImageObject\",\"inLanguage\":\"fr-FR\",\"@id\":\"https:\/\/tourtravelandmore.com\/fr\/#\/schema\/logo\/image\/\",\"url\":\"https:\/\/tourtravelandmore.com\/wp-content\/uploads\/2022\/12\/cropped-logo-cabecera-new.png\",\"contentUrl\":\"https:\/\/tourtravelandmore.com\/wp-content\/uploads\/2022\/12\/cropped-logo-cabecera-new.png\",\"width\":430,\"height\":61,\"caption\":\"Tour Travel And More\"},\"image\":{\"@id\":\"https:\/\/tourtravelandmore.com\/fr\/#\/schema\/logo\/image\/\"},\"sameAs\":[\"https:\/\/www.facebook.com\/tourtravelandmore\/\",\"https:\/\/x.com\/TourTravel_More\"]}]}<\/script>\n<!-- \/ Yoast SEO Premium plugin. -->","yoast_head_json":{"title":"Visite priv\u00e9e de la Playa de las Catedrales, Lugo et Ribadeo au d\u00e9part de La Corogne","description":"Visite priv\u00e9e de la Playa de las Catedrales, Lugo et Ribadeo au d\u00e9part de La Corogne. Profitez de cette occasion pour conna\u00eetre Santiago dans cette exp\u00e9rience. Cela peut \u00e9ventuellement \u00eatre une excursion \u00e0 terre.","robots":{"index":"index","follow":"follow","max-snippet":"max-snippet:-1","max-image-preview":"max-image-preview:large","max-video-preview":"max-video-preview:-1"},"canonical":"https:\/\/tourtravelandmore.com\/fr\/tours\/espagne-fr\/lacorogne-fr\/excursion-privee-dans-les-rias-altas-depuis-la-corogne-ferrol-cedeira-et-san-andres-de-teixido-copy\/","og_locale":"fr_FR","og_type":"article","og_title":"Visite priv\u00e9e de la Playa de las Catedrales, Lugo et Ribadeo au d\u00e9part de La Corogne","og_description":"Visite priv\u00e9e de la Playa de las Catedrales, Lugo et Ribadeo au d\u00e9part de La Corogne. Profitez de cette occasion pour conna\u00eetre Santiago dans cette exp\u00e9rience. Cela peut \u00e9ventuellement \u00eatre une excursion \u00e0 terre.","og_url":"https:\/\/tourtravelandmore.com\/fr\/tours\/espagne-fr\/lacorogne-fr\/excursion-privee-dans-les-rias-altas-depuis-la-corogne-ferrol-cedeira-et-san-andres-de-teixido-copy\/","og_site_name":"Tour Travel And More","article_publisher":"https:\/\/www.facebook.com\/tourtravelandmore\/","article_modified_time":"2024-10-21T13:54:57+00:00","og_image":[{"width":1280,"height":901,"url":"https:\/\/tourtravelandmore.com\/wp-content\/uploads\/2024\/10\/rinlo-1322046_1280.jpg","type":"image\/jpeg"}],"twitter_card":"summary_large_image","twitter_site":"@TourTravel_More","twitter_misc":{"Dur\u00e9e de lecture estim\u00e9e":"2 minutes"},"schema":{"@context":"https:\/\/schema.org","@graph":[{"@type":"WebPage","@id":"https:\/\/tourtravelandmore.com\/fr\/tours\/espagne-fr\/lacorogne-fr\/excursion-privee-dans-les-rias-altas-depuis-la-corogne-ferrol-cedeira-et-san-andres-de-teixido-copy\/","url":"https:\/\/tourtravelandmore.com\/fr\/tours\/espagne-fr\/lacorogne-fr\/excursion-privee-dans-les-rias-altas-depuis-la-corogne-ferrol-cedeira-et-san-andres-de-teixido-copy\/","name":"Visite priv\u00e9e de la Playa de las Catedrales, Lugo et Ribadeo au d\u00e9part de La Corogne","isPartOf":{"@id":"https:\/\/tourtravelandmore.com\/fr\/#website"},"primaryImageOfPage":{"@id":"https:\/\/tourtravelandmore.com\/fr\/tours\/espagne-fr\/lacorogne-fr\/excursion-privee-dans-les-rias-altas-depuis-la-corogne-ferrol-cedeira-et-san-andres-de-teixido-copy\/#primaryimage"},"image":{"@id":"https:\/\/tourtravelandmore.com\/fr\/tours\/espagne-fr\/lacorogne-fr\/excursion-privee-dans-les-rias-altas-depuis-la-corogne-ferrol-cedeira-et-san-andres-de-teixido-copy\/#primaryimage"},"thumbnailUrl":"https:\/\/tourtravelandmore.com\/wp-content\/uploads\/2024\/10\/rinlo-1322046_1280.jpg","datePublished":"2024-10-21T13:21:35+00:00","dateModified":"2024-10-21T13:54:57+00:00","description":"Visite priv\u00e9e de la Playa de las Catedrales, Lugo et Ribadeo au d\u00e9part de La Corogne. Profitez de cette occasion pour conna\u00eetre Santiago dans cette exp\u00e9rience. Cela peut \u00e9ventuellement \u00eatre une excursion \u00e0 terre.","breadcrumb":{"@id":"https:\/\/tourtravelandmore.com\/fr\/tours\/espagne-fr\/lacorogne-fr\/excursion-privee-dans-les-rias-altas-depuis-la-corogne-ferrol-cedeira-et-san-andres-de-teixido-copy\/#breadcrumb"},"inLanguage":"fr-FR","potentialAction":[{"@type":"ReadAction","target":["https:\/\/tourtravelandmore.com\/fr\/tours\/espagne-fr\/lacorogne-fr\/excursion-privee-dans-les-rias-altas-depuis-la-corogne-ferrol-cedeira-et-san-andres-de-teixido-copy\/"]}]},{"@type":"ImageObject","inLanguage":"fr-FR","@id":"https:\/\/tourtravelandmore.com\/fr\/tours\/espagne-fr\/lacorogne-fr\/excursion-privee-dans-les-rias-altas-depuis-la-corogne-ferrol-cedeira-et-san-andres-de-teixido-copy\/#primaryimage","url":"https:\/\/tourtravelandmore.com\/wp-content\/uploads\/2024\/10\/rinlo-1322046_1280.jpg","contentUrl":"https:\/\/tourtravelandmore.com\/wp-content\/uploads\/2024\/10\/rinlo-1322046_1280.jpg","width":1280,"height":901},{"@type":"BreadcrumbList","@id":"https:\/\/tourtravelandmore.com\/fr\/tours\/espagne-fr\/lacorogne-fr\/excursion-privee-dans-les-rias-altas-depuis-la-corogne-ferrol-cedeira-et-san-andres-de-teixido-copy\/#breadcrumb","itemListElement":[{"@type":"ListItem","position":1,"name":"Home","item":"https:\/\/tourtravelandmore.com\/fr\/"},{"@type":"ListItem","position":2,"name":"Tours","item":"https:\/\/tourtravelandmore.com\/fr\/tours\/"},{"@type":"ListItem","position":3,"name":"Visite priv\u00e9e de la Playa de las Catedrales, Lugo et Ribadeo au d\u00e9part de La Corogne"}]},{"@type":"WebSite","@id":"https:\/\/tourtravelandmore.com\/fr\/#website","url":"https:\/\/tourtravelandmore.com\/fr\/","name":"Tour Travel And More","description":"Private sightseeing tours and luxury transfers in Spain","publisher":{"@id":"https:\/\/tourtravelandmore.com\/fr\/#organization"},"potentialAction":[{"@type":"SearchAction","target":{"@type":"EntryPoint","urlTemplate":"https:\/\/tourtravelandmore.com\/fr\/?s={search_term_string}"},"query-input":{"@type":"PropertyValueSpecification","valueRequired":true,"valueName":"search_term_string"}}],"inLanguage":"fr-FR"},{"@type":"Organization","@id":"https:\/\/tourtravelandmore.com\/fr\/#organization","name":"Tour Travel And More","url":"https:\/\/tourtravelandmore.com\/fr\/","logo":{"@type":"ImageObject","inLanguage":"fr-FR","@id":"https:\/\/tourtravelandmore.com\/fr\/#\/schema\/logo\/image\/","url":"https:\/\/tourtravelandmore.com\/wp-content\/uploads\/2022\/12\/cropped-logo-cabecera-new.png","contentUrl":"https:\/\/tourtravelandmore.com\/wp-content\/uploads\/2022\/12\/cropped-logo-cabecera-new.png","width":430,"height":61,"caption":"Tour Travel And More"},"image":{"@id":"https:\/\/tourtravelandmore.com\/fr\/#\/schema\/logo\/image\/"},"sameAs":["https:\/\/www.facebook.com\/tourtravelandmore\/","https:\/\/x.com\/TourTravel_More"]}]}},"_links":{"self":[{"href":"https:\/\/tourtravelandmore.com\/fr\/wp-json\/wp\/v2\/product\/178240","targetHints":{"allow":["GET"]}}],"collection":[{"href":"https:\/\/tourtravelandmore.com\/fr\/wp-json\/wp\/v2\/product"}],"about":[{"href":"https:\/\/tourtravelandmore.com\/fr\/wp-json\/wp\/v2\/types\/product"}],"replies":[{"embeddable":true,"href":"https:\/\/tourtravelandmore.com\/fr\/wp-json\/wp\/v2\/comments?post=178240"}],"wp:featuredmedia":[{"embeddable":true,"href":"https:\/\/tourtravelandmore.com\/fr\/wp-json\/wp\/v2\/media\/178250"}],"wp:attachment":[{"href":"https:\/\/tourtravelandmore.com\/fr\/wp-json\/wp\/v2\/media?parent=178240"}],"wp:term":[{"taxonomy":"product_brand","embeddable":true,"href":"https:\/\/tourtravelandmore.com\/fr\/wp-json\/wp\/v2\/product_brand?post=178240"},{"taxonomy":"product_cat","embeddable":true,"href":"https:\/\/tourtravelandmore.com\/fr\/wp-json\/wp\/v2\/product_cat?post=178240"},{"taxonomy":"product_tag","embeddable":true,"href":"https:\/\/tourtravelandmore.com\/fr\/wp-json\/wp\/v2\/product_tag?post=178240"}],"curies":[{"name":"wp","href":"https:\/\/api.w.org\/{rel}","templated":true}]}}