{"id":178199,"date":"2024-10-18T18:05:07","date_gmt":"2024-10-18T16:05:18","guid":{"rendered":"https:\/\/tourtravelandmore.com\/?post_type=product&#038;p=178199"},"modified":"2024-10-25T20:47:38","modified_gmt":"2024-10-25T18:47:38","slug":"visite-privee-de-saint-jacques-de-compostelle-depuis-la-corogne-copy","status":"publish","type":"product","link":"https:\/\/tourtravelandmore.com\/fr\/tours\/espagne-fr\/lacorogne-fr\/visite-privee-de-saint-jacques-de-compostelle-depuis-la-corogne-copy\/","title":{"rendered":"Excursion priv\u00e9e dans les R\u00edas Altas depuis La Corogne : Ferrol, Cedeira et San Andr\u00e9s de Teixido"},"content":{"rendered":"<h2>Circuit priv\u00e9 des R\u00edas Altas depuis La Corogne : Ferrol, Cedeira et San Andr\u00e9s de Teixido Description<\/h2>\n<p>D\u00e9couvrez la beaut\u00e9 sauvage de la c\u00f4te nord de la <b><strong>Galice<\/strong><\/b> lors de cette excursion exclusive d&#8217;une journ\u00e9e dans les <b><strong>R\u00edas Altas<\/strong><\/b>. Au d\u00e9part de La Corogne, vous traverserez des paysages \u00e9poustouflants, de charmantes villes c\u00f4ti\u00e8res et des sites sacr\u00e9s en compagnie d&#8217;un guide comp\u00e9tent.<\/p>\n<p>Votre aventure commence dans la ville historique de Ferrol, connue pour son histoire navale et son architecture impressionnante.<\/p>\n<p>Enfin, notre chauffeur priv\u00e9 vous ram\u00e8nera vers notre ch\u00e8re <b><strong>Corogne<\/strong><\/b>. Vous appr\u00e9cierez cette excursion priv\u00e9e au d\u00e9part de La Corogne gr\u00e2ce \u00e0 Tour Travel &amp; More.<\/p>\n<h2>Tour priv\u00e9 des R\u00edas Altas depuis La Corogne : Ferrol, Cedeira et San Andr\u00e9s de Teixido | Points d&#8217;int\u00e9r\u00eat et monuments<\/h2>\n<p>Cette excursion est id\u00e9ale pour ceux qui souhaitent d\u00e9couvrir les merveilles culturelles et naturelles de la c\u00f4te nord de la Galice dans le confort et le style.<\/p>\n<ul>\n<li><b><strong>Ferrol :<\/strong><\/b> Explorez cette ville navale historique avec ses grands chantiers navals et son patrimoine militaire.<\/li>\n<li><b><strong>Cedeira :<\/strong><\/b> profitez de la tranquillit\u00e9 et du charme de ce village c\u00f4tier, connu pour ses falaises spectaculaires et ses plages immacul\u00e9es.<\/li>\n<li><b><strong>San Andr\u00e9s de Teixido :<\/strong><\/b> Visitez l&#8217;un des sites de p\u00e8lerinage les plus mystiques et les plus pittoresques de Galice, perch\u00e9 sur une falaise avec une vue imprenable sur l&#8217;oc\u00e9an.<\/li>\n<li><b><strong>Exp\u00e9rience personnalis\u00e9e :<\/strong><\/b> Voyagez confortablement dans un v\u00e9hicule priv\u00e9 avec votre guide expert, ce qui vous garantit un voyage personnalis\u00e9 et instructif.<\/li>\n<li><b><strong>Route panoramique :<\/strong><\/b> Admirez les spectaculaires paysages c\u00f4tiers le long des R\u00edas Altas, et profitez-en pour prendre de superbes photos.<\/li>\n<\/ul>\n<p>Enfin, notre chauffeur priv\u00e9 vous ram\u00e8nera vers notre ch\u00e8re <b><strong>Corogne<\/strong><\/b>. Vous appr\u00e9cierez cette visite priv\u00e9e de <a href=\"https:\/\/en.wikipedia.org\/wiki\/Santiago_de_Compostela\">Saint-Jacques-de-Compostelle<\/a> depuis La Corogne gr\u00e2ce \u00e0 Tour Travel &amp; More.<\/p>\n<p><a href=\"https:\/\/tourtravelandmore.com\/fr\/city\/espagne-fr\/a-coruna-en\/\">Jetez un coup d&#8217;\u0153il \u00e0 nos visites priv\u00e9es de La Corogne.<\/a><\/p>\n","protected":false},"excerpt":{"rendered":"<p>D\u00e9couvrez la beaut\u00e9 sauvage de la c\u00f4te nord de la <b><strong>Galice<\/strong><\/b> lors de cette excursion exclusive d&#8217;une journ\u00e9e dans les <b><strong>R\u00edas Altas<\/strong><\/b>. Au d\u00e9part de La Corogne, vous traverserez des paysages \u00e9poustouflants, de charmantes villes c\u00f4ti\u00e8res et des sites sacr\u00e9s en compagnie d&#8217;un guide comp\u00e9tent. Votre aventure commence dans la ville historique de Ferrol, connue pour son histoire navale et son architecture impressionnante.<\/p>\n","protected":false},"featured_media":178209,"comment_status":"open","ping_status":"closed","template":"","meta":{"_acf_changed":false},"product_brand":[],"product_cat":[5129,5127,3541,3570],"product_tag":[],"class_list":{"0":"post-178199","1":"product","2":"type-product","3":"status-publish","4":"has-post-thumbnail","6":"product_cat-all-private-tours-activities-fr-27","7":"product_cat-private-sightseeing-tours-fr-32","8":"product_cat-espagne-fr","9":"product_cat-lacorogne-fr","11":"first","12":"instock","13":"shipping-taxable","14":"purchasable","15":"product-type-simple"},"acf":[],"yoast_head":"<!-- This site is optimized with the Yoast SEO Premium plugin v25.3.1 (Yoast SEO v25.3.1) - https:\/\/yoast.com\/wordpress\/plugins\/seo\/ -->\n<title>Excursion priv\u00e9e dans les R\u00edas Altas depuis La Corogne : Ferrol, Cedeira et San Andr\u00e9s de Teixido<\/title>\n<meta name=\"description\" content=\"Visite de Saint-Jacques-de-Compostelle au d\u00e9part de La Corogne. Profitez de cette occasion pour conna\u00eetre Santiago dans cette exp\u00e9rience. Cela peut \u00e9ventuellement \u00eatre une excursion \u00e0 terre.\" \/>\n<meta name=\"robots\" content=\"index, follow, max-snippet:-1, max-image-preview:large, max-video-preview:-1\" \/>\n<link rel=\"canonical\" href=\"https:\/\/tourtravelandmore.com\/fr\/tours\/espagne-fr\/lacorogne-fr\/visite-privee-de-saint-jacques-de-compostelle-depuis-la-corogne-copy\/\" \/>\n<meta property=\"og:locale\" content=\"fr_FR\" \/>\n<meta property=\"og:type\" content=\"article\" \/>\n<meta property=\"og:title\" content=\"Excursion priv\u00e9e dans les R\u00edas Altas depuis La Corogne : Ferrol, Cedeira et San Andr\u00e9s de Teixido\" \/>\n<meta property=\"og:description\" content=\"Visite de Saint-Jacques-de-Compostelle au d\u00e9part de La Corogne. Profitez de cette occasion pour conna\u00eetre Santiago dans cette exp\u00e9rience. Cela peut \u00e9ventuellement \u00eatre une excursion \u00e0 terre.\" \/>\n<meta property=\"og:url\" content=\"https:\/\/tourtravelandmore.com\/fr\/tours\/espagne-fr\/lacorogne-fr\/visite-privee-de-saint-jacques-de-compostelle-depuis-la-corogne-copy\/\" \/>\n<meta property=\"og:site_name\" content=\"Tour Travel And More\" \/>\n<meta property=\"article:publisher\" content=\"https:\/\/www.facebook.com\/tourtravelandmore\/\" \/>\n<meta property=\"article:modified_time\" content=\"2024-10-25T18:47:38+00:00\" \/>\n<meta property=\"og:image\" content=\"https:\/\/tourtravelandmore.com\/wp-content\/uploads\/2024\/10\/panorama-5305495_1280.jpg\" \/>\n\t<meta property=\"og:image:width\" content=\"1280\" \/>\n\t<meta property=\"og:image:height\" content=\"848\" \/>\n\t<meta property=\"og:image:type\" content=\"image\/jpeg\" \/>\n<meta name=\"twitter:card\" content=\"summary_large_image\" \/>\n<meta name=\"twitter:site\" content=\"@TourTravel_More\" \/>\n<meta name=\"twitter:label1\" content=\"Dur\u00e9e de lecture estim\u00e9e\" \/>\n\t<meta name=\"twitter:data1\" content=\"2 minutes\" \/>\n<script type=\"application\/ld+json\" class=\"yoast-schema-graph\">{\"@context\":\"https:\/\/schema.org\",\"@graph\":[{\"@type\":\"WebPage\",\"@id\":\"https:\/\/tourtravelandmore.com\/fr\/tours\/espagne-fr\/lacorogne-fr\/visite-privee-de-saint-jacques-de-compostelle-depuis-la-corogne-copy\/\",\"url\":\"https:\/\/tourtravelandmore.com\/fr\/tours\/espagne-fr\/lacorogne-fr\/visite-privee-de-saint-jacques-de-compostelle-depuis-la-corogne-copy\/\",\"name\":\"Excursion priv\u00e9e dans les R\u00edas Altas depuis La Corogne : Ferrol, Cedeira et San Andr\u00e9s de Teixido\",\"isPartOf\":{\"@id\":\"https:\/\/tourtravelandmore.com\/fr\/#website\"},\"primaryImageOfPage\":{\"@id\":\"https:\/\/tourtravelandmore.com\/fr\/tours\/espagne-fr\/lacorogne-fr\/visite-privee-de-saint-jacques-de-compostelle-depuis-la-corogne-copy\/#primaryimage\"},\"image\":{\"@id\":\"https:\/\/tourtravelandmore.com\/fr\/tours\/espagne-fr\/lacorogne-fr\/visite-privee-de-saint-jacques-de-compostelle-depuis-la-corogne-copy\/#primaryimage\"},\"thumbnailUrl\":\"https:\/\/tourtravelandmore.com\/wp-content\/uploads\/2024\/10\/panorama-5305495_1280.jpg\",\"datePublished\":\"2024-10-18T16:05:18+00:00\",\"dateModified\":\"2024-10-25T18:47:38+00:00\",\"description\":\"Visite de Saint-Jacques-de-Compostelle au d\u00e9part de La Corogne. Profitez de cette occasion pour conna\u00eetre Santiago dans cette exp\u00e9rience. Cela peut \u00e9ventuellement \u00eatre une excursion \u00e0 terre.\",\"breadcrumb\":{\"@id\":\"https:\/\/tourtravelandmore.com\/fr\/tours\/espagne-fr\/lacorogne-fr\/visite-privee-de-saint-jacques-de-compostelle-depuis-la-corogne-copy\/#breadcrumb\"},\"inLanguage\":\"fr-FR\",\"potentialAction\":[{\"@type\":\"ReadAction\",\"target\":[\"https:\/\/tourtravelandmore.com\/fr\/tours\/espagne-fr\/lacorogne-fr\/visite-privee-de-saint-jacques-de-compostelle-depuis-la-corogne-copy\/\"]}]},{\"@type\":\"ImageObject\",\"inLanguage\":\"fr-FR\",\"@id\":\"https:\/\/tourtravelandmore.com\/fr\/tours\/espagne-fr\/lacorogne-fr\/visite-privee-de-saint-jacques-de-compostelle-depuis-la-corogne-copy\/#primaryimage\",\"url\":\"https:\/\/tourtravelandmore.com\/wp-content\/uploads\/2024\/10\/panorama-5305495_1280.jpg\",\"contentUrl\":\"https:\/\/tourtravelandmore.com\/wp-content\/uploads\/2024\/10\/panorama-5305495_1280.jpg\",\"width\":1280,\"height\":848},{\"@type\":\"BreadcrumbList\",\"@id\":\"https:\/\/tourtravelandmore.com\/fr\/tours\/espagne-fr\/lacorogne-fr\/visite-privee-de-saint-jacques-de-compostelle-depuis-la-corogne-copy\/#breadcrumb\",\"itemListElement\":[{\"@type\":\"ListItem\",\"position\":1,\"name\":\"Home\",\"item\":\"https:\/\/tourtravelandmore.com\/fr\/\"},{\"@type\":\"ListItem\",\"position\":2,\"name\":\"Tours\",\"item\":\"https:\/\/tourtravelandmore.com\/fr\/tours\/\"},{\"@type\":\"ListItem\",\"position\":3,\"name\":\"Excursion priv\u00e9e dans les R\u00edas Altas depuis La Corogne : Ferrol, Cedeira et San Andr\u00e9s de Teixido\"}]},{\"@type\":\"WebSite\",\"@id\":\"https:\/\/tourtravelandmore.com\/fr\/#website\",\"url\":\"https:\/\/tourtravelandmore.com\/fr\/\",\"name\":\"Tour Travel And More\",\"description\":\"Private sightseeing tours and luxury transfers in Spain\",\"publisher\":{\"@id\":\"https:\/\/tourtravelandmore.com\/fr\/#organization\"},\"potentialAction\":[{\"@type\":\"SearchAction\",\"target\":{\"@type\":\"EntryPoint\",\"urlTemplate\":\"https:\/\/tourtravelandmore.com\/fr\/?s={search_term_string}\"},\"query-input\":{\"@type\":\"PropertyValueSpecification\",\"valueRequired\":true,\"valueName\":\"search_term_string\"}}],\"inLanguage\":\"fr-FR\"},{\"@type\":\"Organization\",\"@id\":\"https:\/\/tourtravelandmore.com\/fr\/#organization\",\"name\":\"Tour Travel And More\",\"url\":\"https:\/\/tourtravelandmore.com\/fr\/\",\"logo\":{\"@type\":\"ImageObject\",\"inLanguage\":\"fr-FR\",\"@id\":\"https:\/\/tourtravelandmore.com\/fr\/#\/schema\/logo\/image\/\",\"url\":\"https:\/\/tourtravelandmore.com\/wp-content\/uploads\/2022\/12\/cropped-logo-cabecera-new.png\",\"contentUrl\":\"https:\/\/tourtravelandmore.com\/wp-content\/uploads\/2022\/12\/cropped-logo-cabecera-new.png\",\"width\":430,\"height\":61,\"caption\":\"Tour Travel And More\"},\"image\":{\"@id\":\"https:\/\/tourtravelandmore.com\/fr\/#\/schema\/logo\/image\/\"},\"sameAs\":[\"https:\/\/www.facebook.com\/tourtravelandmore\/\",\"https:\/\/x.com\/TourTravel_More\"]}]}<\/script>\n<!-- \/ Yoast SEO Premium plugin. -->","yoast_head_json":{"title":"Excursion priv\u00e9e dans les R\u00edas Altas depuis La Corogne : Ferrol, Cedeira et San Andr\u00e9s de Teixido","description":"Visite de Saint-Jacques-de-Compostelle au d\u00e9part de La Corogne. Profitez de cette occasion pour conna\u00eetre Santiago dans cette exp\u00e9rience. Cela peut \u00e9ventuellement \u00eatre une excursion \u00e0 terre.","robots":{"index":"index","follow":"follow","max-snippet":"max-snippet:-1","max-image-preview":"max-image-preview:large","max-video-preview":"max-video-preview:-1"},"canonical":"https:\/\/tourtravelandmore.com\/fr\/tours\/espagne-fr\/lacorogne-fr\/visite-privee-de-saint-jacques-de-compostelle-depuis-la-corogne-copy\/","og_locale":"fr_FR","og_type":"article","og_title":"Excursion priv\u00e9e dans les R\u00edas Altas depuis La Corogne : Ferrol, Cedeira et San Andr\u00e9s de Teixido","og_description":"Visite de Saint-Jacques-de-Compostelle au d\u00e9part de La Corogne. Profitez de cette occasion pour conna\u00eetre Santiago dans cette exp\u00e9rience. Cela peut \u00e9ventuellement \u00eatre une excursion \u00e0 terre.","og_url":"https:\/\/tourtravelandmore.com\/fr\/tours\/espagne-fr\/lacorogne-fr\/visite-privee-de-saint-jacques-de-compostelle-depuis-la-corogne-copy\/","og_site_name":"Tour Travel And More","article_publisher":"https:\/\/www.facebook.com\/tourtravelandmore\/","article_modified_time":"2024-10-25T18:47:38+00:00","og_image":[{"width":1280,"height":848,"url":"https:\/\/tourtravelandmore.com\/wp-content\/uploads\/2024\/10\/panorama-5305495_1280.jpg","type":"image\/jpeg"}],"twitter_card":"summary_large_image","twitter_site":"@TourTravel_More","twitter_misc":{"Dur\u00e9e de lecture estim\u00e9e":"2 minutes"},"schema":{"@context":"https:\/\/schema.org","@graph":[{"@type":"WebPage","@id":"https:\/\/tourtravelandmore.com\/fr\/tours\/espagne-fr\/lacorogne-fr\/visite-privee-de-saint-jacques-de-compostelle-depuis-la-corogne-copy\/","url":"https:\/\/tourtravelandmore.com\/fr\/tours\/espagne-fr\/lacorogne-fr\/visite-privee-de-saint-jacques-de-compostelle-depuis-la-corogne-copy\/","name":"Excursion priv\u00e9e dans les R\u00edas Altas depuis La Corogne : Ferrol, Cedeira et San Andr\u00e9s de Teixido","isPartOf":{"@id":"https:\/\/tourtravelandmore.com\/fr\/#website"},"primaryImageOfPage":{"@id":"https:\/\/tourtravelandmore.com\/fr\/tours\/espagne-fr\/lacorogne-fr\/visite-privee-de-saint-jacques-de-compostelle-depuis-la-corogne-copy\/#primaryimage"},"image":{"@id":"https:\/\/tourtravelandmore.com\/fr\/tours\/espagne-fr\/lacorogne-fr\/visite-privee-de-saint-jacques-de-compostelle-depuis-la-corogne-copy\/#primaryimage"},"thumbnailUrl":"https:\/\/tourtravelandmore.com\/wp-content\/uploads\/2024\/10\/panorama-5305495_1280.jpg","datePublished":"2024-10-18T16:05:18+00:00","dateModified":"2024-10-25T18:47:38+00:00","description":"Visite de Saint-Jacques-de-Compostelle au d\u00e9part de La Corogne. Profitez de cette occasion pour conna\u00eetre Santiago dans cette exp\u00e9rience. Cela peut \u00e9ventuellement \u00eatre une excursion \u00e0 terre.","breadcrumb":{"@id":"https:\/\/tourtravelandmore.com\/fr\/tours\/espagne-fr\/lacorogne-fr\/visite-privee-de-saint-jacques-de-compostelle-depuis-la-corogne-copy\/#breadcrumb"},"inLanguage":"fr-FR","potentialAction":[{"@type":"ReadAction","target":["https:\/\/tourtravelandmore.com\/fr\/tours\/espagne-fr\/lacorogne-fr\/visite-privee-de-saint-jacques-de-compostelle-depuis-la-corogne-copy\/"]}]},{"@type":"ImageObject","inLanguage":"fr-FR","@id":"https:\/\/tourtravelandmore.com\/fr\/tours\/espagne-fr\/lacorogne-fr\/visite-privee-de-saint-jacques-de-compostelle-depuis-la-corogne-copy\/#primaryimage","url":"https:\/\/tourtravelandmore.com\/wp-content\/uploads\/2024\/10\/panorama-5305495_1280.jpg","contentUrl":"https:\/\/tourtravelandmore.com\/wp-content\/uploads\/2024\/10\/panorama-5305495_1280.jpg","width":1280,"height":848},{"@type":"BreadcrumbList","@id":"https:\/\/tourtravelandmore.com\/fr\/tours\/espagne-fr\/lacorogne-fr\/visite-privee-de-saint-jacques-de-compostelle-depuis-la-corogne-copy\/#breadcrumb","itemListElement":[{"@type":"ListItem","position":1,"name":"Home","item":"https:\/\/tourtravelandmore.com\/fr\/"},{"@type":"ListItem","position":2,"name":"Tours","item":"https:\/\/tourtravelandmore.com\/fr\/tours\/"},{"@type":"ListItem","position":3,"name":"Excursion priv\u00e9e dans les R\u00edas Altas depuis La Corogne : Ferrol, Cedeira et San Andr\u00e9s de Teixido"}]},{"@type":"WebSite","@id":"https:\/\/tourtravelandmore.com\/fr\/#website","url":"https:\/\/tourtravelandmore.com\/fr\/","name":"Tour Travel And More","description":"Private sightseeing tours and luxury transfers in Spain","publisher":{"@id":"https:\/\/tourtravelandmore.com\/fr\/#organization"},"potentialAction":[{"@type":"SearchAction","target":{"@type":"EntryPoint","urlTemplate":"https:\/\/tourtravelandmore.com\/fr\/?s={search_term_string}"},"query-input":{"@type":"PropertyValueSpecification","valueRequired":true,"valueName":"search_term_string"}}],"inLanguage":"fr-FR"},{"@type":"Organization","@id":"https:\/\/tourtravelandmore.com\/fr\/#organization","name":"Tour Travel And More","url":"https:\/\/tourtravelandmore.com\/fr\/","logo":{"@type":"ImageObject","inLanguage":"fr-FR","@id":"https:\/\/tourtravelandmore.com\/fr\/#\/schema\/logo\/image\/","url":"https:\/\/tourtravelandmore.com\/wp-content\/uploads\/2022\/12\/cropped-logo-cabecera-new.png","contentUrl":"https:\/\/tourtravelandmore.com\/wp-content\/uploads\/2022\/12\/cropped-logo-cabecera-new.png","width":430,"height":61,"caption":"Tour Travel And More"},"image":{"@id":"https:\/\/tourtravelandmore.com\/fr\/#\/schema\/logo\/image\/"},"sameAs":["https:\/\/www.facebook.com\/tourtravelandmore\/","https:\/\/x.com\/TourTravel_More"]}]}},"_links":{"self":[{"href":"https:\/\/tourtravelandmore.com\/fr\/wp-json\/wp\/v2\/product\/178199","targetHints":{"allow":["GET"]}}],"collection":[{"href":"https:\/\/tourtravelandmore.com\/fr\/wp-json\/wp\/v2\/product"}],"about":[{"href":"https:\/\/tourtravelandmore.com\/fr\/wp-json\/wp\/v2\/types\/product"}],"replies":[{"embeddable":true,"href":"https:\/\/tourtravelandmore.com\/fr\/wp-json\/wp\/v2\/comments?post=178199"}],"wp:featuredmedia":[{"embeddable":true,"href":"https:\/\/tourtravelandmore.com\/fr\/wp-json\/wp\/v2\/media\/178209"}],"wp:attachment":[{"href":"https:\/\/tourtravelandmore.com\/fr\/wp-json\/wp\/v2\/media?parent=178199"}],"wp:term":[{"taxonomy":"product_brand","embeddable":true,"href":"https:\/\/tourtravelandmore.com\/fr\/wp-json\/wp\/v2\/product_brand?post=178199"},{"taxonomy":"product_cat","embeddable":true,"href":"https:\/\/tourtravelandmore.com\/fr\/wp-json\/wp\/v2\/product_cat?post=178199"},{"taxonomy":"product_tag","embeddable":true,"href":"https:\/\/tourtravelandmore.com\/fr\/wp-json\/wp\/v2\/product_tag?post=178199"}],"curies":[{"name":"wp","href":"https:\/\/api.w.org\/{rel}","templated":true}]}}