{"id":178154,"date":"2024-10-15T21:29:34","date_gmt":"2024-10-15T19:29:42","guid":{"rendered":"https:\/\/tourtravelandmore.com\/?post_type=product&#038;p=178154"},"modified":"2024-10-15T22:32:36","modified_gmt":"2024-10-15T20:32:36","slug":"visite-privee-de-lugo-et-castro-de-viladonga-depuis-la-corogne-copy","status":"publish","type":"product","link":"https:\/\/tourtravelandmore.com\/fr\/tours\/espagne-fr\/lacorogne-fr\/visite-privee-de-lugo-et-castro-de-viladonga-depuis-la-corogne-copy\/","title":{"rendered":"Visite priv\u00e9e des R\u00edas Altas depuis La Corogne : Betanzos et Pontedeume"},"content":{"rendered":"<h2>Visite priv\u00e9e des R\u00edas Altas depuis La Corogne : Betanzos et Pontedeume | Description<\/h2>\n<p>D\u00e9couvrez la beaut\u00e9 naturelle et le charme historique des R\u00edas Altas lors de cette visite priv\u00e9e exclusive de 8 heures. Au d\u00e9part de La Corogne, vous serez guid\u00e9 \u00e0 travers deux des <b><strong>villes<\/strong><\/b> les plus pittoresques de Galice : Betanzos et <b><strong>Pontedeume<\/strong><\/b>.<\/p>\n<p>Ces deux villes sont impr\u00e9gn\u00e9es d&#8217;histoire m\u00e9di\u00e9vale, avec des rues \u00e9troites, une architecture impressionnante et un riche patrimoine maritime.<\/p>\n<p>D&#8217;autre part, vous disposerez toujours d&#8217;un <b><strong>v\u00e9hicule priv\u00e9 de luxe<\/strong><\/b> et d&#8217;un chauffeur qui sera \u00e0 votre disposition. Vous profiterez des meilleurs sites en compagnie de votre guide touristique officiel priv\u00e9.<\/p>\n<h2>Visite priv\u00e9e des R\u00edas Altas depuis La Corogne : Betanzos et Pontedeume | Points d&#8217;int\u00e9r\u00eat et de rep\u00e8re<\/h2>\n<p>Votre voyage commence par une visite de Betanzos, connue pour sa vieille ville bien conserv\u00e9e et ses c\u00e9l\u00e8bres f\u00eates m\u00e9di\u00e9vales. Vous explorerez les places traditionnelles de la ville, visiterez des \u00e9glises historiques telles que Santiago de Betanzos, et profiterez des vues sur la campagne luxuriante environnante.<\/p>\n<p>Ensuite, le circuit vous emm\u00e8ne \u00e0 Pontedeume, une charmante ville c\u00f4ti\u00e8re o\u00f9 la rivi\u00e8re Eume se jette dans la mer. Promenez-vous dans ses rues \u00e9troites et pav\u00e9es, visitez les Torres de Andrade et admirez l&#8217;impressionnant pont m\u00e9di\u00e9val qui a donn\u00e9 son nom \u00e0 la ville. L&#8217;excursion pr\u00e9voit \u00e9galement du temps libre pour d\u00e9guster la cuisine locale ou se d\u00e9tendre au bord de l&#8217;eau.<\/p>\n<p>Avec un guide priv\u00e9 et un transport confortable inclus, cette visite vous offre une exp\u00e9rience personnalis\u00e9e de la richesse de l&#8217;histoire et de la culture de la Galice, ainsi que de ses paysages \u00e9poustouflants.<\/p>\n<ul>\n<li><b><strong>Excursion priv\u00e9e d&#8217;une journ\u00e9e compl\u00e8te dans les R\u00edas Altas<\/strong><\/b> avec un guide sp\u00e9cialis\u00e9 et le transport depuis La Corogne.<\/li>\n<li>Visitez la <b><strong>ville historique de Betanzos<\/strong><\/b>, connue pour ses rues m\u00e9di\u00e9vales et ses magnifiques \u00e9glises.<\/li>\n<li>Explorez <b><strong>Pontedeume<\/strong><\/b>, une ville c\u00f4ti\u00e8re pittoresque riche en histoire, avec les <b><strong>tours Andrade<\/strong><\/b> et le pont m\u00e9di\u00e9val.<\/li>\n<li>Profitez de votre temps libre pour d\u00e9couvrir la cuisine locale ou admirer le paysage paisible de la c\u00f4te galicienne.<\/li>\n<li>D\u00e9couvrez le charme et le patrimoine uniques de la Galice avec un guide priv\u00e9, ce qui vous garantit une exp\u00e9rience personnalis\u00e9e tout au long de la journ\u00e9e.<\/li>\n<\/ul>\n<p><a href=\"https:\/\/tourtravelandmore.com\/fr\/city\/espagne-fr\/a-coruna-en\/\">Consultez toutes les visites priv\u00e9es que nous proposons \u00e0 Tour Travel &amp; More depuis La Corogne.<\/a><\/p>\n","protected":false},"excerpt":{"rendered":"<p>D\u00e9couvrez la beaut\u00e9 naturelle et le charme historique des R\u00edas Altas lors de cette visite priv\u00e9e exclusive de 8 heures. Au d\u00e9part de La Corogne, vous serez guid\u00e9 \u00e0 travers deux des <b><strong>villes<\/strong><\/b> les plus pittoresques de Galice : Betanzos et <b><strong>Pontedeume<\/strong><\/b>.<\/p>\n","protected":false},"featured_media":178164,"comment_status":"open","ping_status":"closed","template":"","meta":{"_acf_changed":false},"product_brand":[],"product_cat":[5129,5127,3541,3570],"product_tag":[],"class_list":{"0":"post-178154","1":"product","2":"type-product","3":"status-publish","4":"has-post-thumbnail","6":"product_cat-all-private-tours-activities-fr-27","7":"product_cat-private-sightseeing-tours-fr-32","8":"product_cat-espagne-fr","9":"product_cat-lacorogne-fr","11":"first","12":"instock","13":"shipping-taxable","14":"purchasable","15":"product-type-simple"},"acf":[],"yoast_head":"<!-- This site is optimized with the Yoast SEO Premium plugin v25.3.1 (Yoast SEO v25.3.1) - https:\/\/yoast.com\/wordpress\/plugins\/seo\/ -->\n<title>\u27a1\ufe0f Visite priv\u00e9e des R\u00edas Altas depuis La Corogne : Betanzos et Pontedeume | Tour Travel &amp; More<\/title>\n<meta name=\"description\" content=\"Visite priv\u00e9e des R\u00edas Altas depuis La Corogne : Betanzos et Pontedeume Excursion priv\u00e9e facultative \u00e0 terre. Profitez de cette occasion pour d\u00e9couvrir La Corogne dans cette exp\u00e9rience \u2705\" \/>\n<meta name=\"robots\" content=\"index, follow, max-snippet:-1, max-image-preview:large, max-video-preview:-1\" \/>\n<link rel=\"canonical\" href=\"https:\/\/tourtravelandmore.com\/fr\/tours\/espagne-fr\/lacorogne-fr\/visite-privee-de-lugo-et-castro-de-viladonga-depuis-la-corogne-copy\/\" \/>\n<meta property=\"og:locale\" content=\"fr_FR\" \/>\n<meta property=\"og:type\" content=\"article\" \/>\n<meta property=\"og:title\" content=\"Visite priv\u00e9e des R\u00edas Altas depuis La Corogne : Betanzos et Pontedeume\" \/>\n<meta property=\"og:description\" content=\"Visite priv\u00e9e des R\u00edas Altas depuis La Corogne : Betanzos et Pontedeume Excursion priv\u00e9e facultative \u00e0 terre. Profitez de cette occasion pour d\u00e9couvrir La Corogne dans cette exp\u00e9rience \u2705\" \/>\n<meta property=\"og:url\" content=\"https:\/\/tourtravelandmore.com\/fr\/tours\/espagne-fr\/lacorogne-fr\/visite-privee-de-lugo-et-castro-de-viladonga-depuis-la-corogne-copy\/\" \/>\n<meta property=\"og:site_name\" content=\"Tour Travel And More\" \/>\n<meta property=\"article:publisher\" content=\"https:\/\/www.facebook.com\/tourtravelandmore\/\" \/>\n<meta property=\"article:modified_time\" content=\"2024-10-15T20:32:36+00:00\" \/>\n<meta property=\"og:image\" content=\"https:\/\/tourtravelandmore.com\/wp-content\/uploads\/2024\/10\/vigo-4306861_1280.jpg\" \/>\n\t<meta property=\"og:image:width\" content=\"1280\" \/>\n\t<meta property=\"og:image:height\" content=\"720\" \/>\n\t<meta property=\"og:image:type\" content=\"image\/jpeg\" \/>\n<meta name=\"twitter:card\" content=\"summary_large_image\" \/>\n<meta name=\"twitter:site\" content=\"@TourTravel_More\" \/>\n<meta name=\"twitter:label1\" content=\"Dur\u00e9e de lecture estim\u00e9e\" \/>\n\t<meta name=\"twitter:data1\" content=\"2 minutes\" \/>\n<script type=\"application\/ld+json\" class=\"yoast-schema-graph\">{\"@context\":\"https:\/\/schema.org\",\"@graph\":[{\"@type\":\"WebPage\",\"@id\":\"https:\/\/tourtravelandmore.com\/fr\/tours\/espagne-fr\/lacorogne-fr\/visite-privee-de-lugo-et-castro-de-viladonga-depuis-la-corogne-copy\/\",\"url\":\"https:\/\/tourtravelandmore.com\/fr\/tours\/espagne-fr\/lacorogne-fr\/visite-privee-de-lugo-et-castro-de-viladonga-depuis-la-corogne-copy\/\",\"name\":\"\u27a1\ufe0f Visite priv\u00e9e des R\u00edas Altas depuis La Corogne : Betanzos et Pontedeume | Tour Travel & More\",\"isPartOf\":{\"@id\":\"https:\/\/tourtravelandmore.com\/fr\/#website\"},\"primaryImageOfPage\":{\"@id\":\"https:\/\/tourtravelandmore.com\/fr\/tours\/espagne-fr\/lacorogne-fr\/visite-privee-de-lugo-et-castro-de-viladonga-depuis-la-corogne-copy\/#primaryimage\"},\"image\":{\"@id\":\"https:\/\/tourtravelandmore.com\/fr\/tours\/espagne-fr\/lacorogne-fr\/visite-privee-de-lugo-et-castro-de-viladonga-depuis-la-corogne-copy\/#primaryimage\"},\"thumbnailUrl\":\"https:\/\/tourtravelandmore.com\/wp-content\/uploads\/2024\/10\/vigo-4306861_1280.jpg\",\"datePublished\":\"2024-10-15T19:29:42+00:00\",\"dateModified\":\"2024-10-15T20:32:36+00:00\",\"description\":\"Visite priv\u00e9e des R\u00edas Altas depuis La Corogne : Betanzos et Pontedeume Excursion priv\u00e9e facultative \u00e0 terre. Profitez de cette occasion pour d\u00e9couvrir La Corogne dans cette exp\u00e9rience \u2705\",\"breadcrumb\":{\"@id\":\"https:\/\/tourtravelandmore.com\/fr\/tours\/espagne-fr\/lacorogne-fr\/visite-privee-de-lugo-et-castro-de-viladonga-depuis-la-corogne-copy\/#breadcrumb\"},\"inLanguage\":\"fr-FR\",\"potentialAction\":[{\"@type\":\"ReadAction\",\"target\":[\"https:\/\/tourtravelandmore.com\/fr\/tours\/espagne-fr\/lacorogne-fr\/visite-privee-de-lugo-et-castro-de-viladonga-depuis-la-corogne-copy\/\"]}]},{\"@type\":\"ImageObject\",\"inLanguage\":\"fr-FR\",\"@id\":\"https:\/\/tourtravelandmore.com\/fr\/tours\/espagne-fr\/lacorogne-fr\/visite-privee-de-lugo-et-castro-de-viladonga-depuis-la-corogne-copy\/#primaryimage\",\"url\":\"https:\/\/tourtravelandmore.com\/wp-content\/uploads\/2024\/10\/vigo-4306861_1280.jpg\",\"contentUrl\":\"https:\/\/tourtravelandmore.com\/wp-content\/uploads\/2024\/10\/vigo-4306861_1280.jpg\",\"width\":1280,\"height\":720},{\"@type\":\"BreadcrumbList\",\"@id\":\"https:\/\/tourtravelandmore.com\/fr\/tours\/espagne-fr\/lacorogne-fr\/visite-privee-de-lugo-et-castro-de-viladonga-depuis-la-corogne-copy\/#breadcrumb\",\"itemListElement\":[{\"@type\":\"ListItem\",\"position\":1,\"name\":\"Home\",\"item\":\"https:\/\/tourtravelandmore.com\/fr\/\"},{\"@type\":\"ListItem\",\"position\":2,\"name\":\"Tours\",\"item\":\"https:\/\/tourtravelandmore.com\/fr\/tours\/\"},{\"@type\":\"ListItem\",\"position\":3,\"name\":\"Visite priv\u00e9e des R\u00edas Altas depuis La Corogne : Betanzos et Pontedeume\"}]},{\"@type\":\"WebSite\",\"@id\":\"https:\/\/tourtravelandmore.com\/fr\/#website\",\"url\":\"https:\/\/tourtravelandmore.com\/fr\/\",\"name\":\"Tour Travel And More\",\"description\":\"Private sightseeing tours and luxury transfers in Spain\",\"publisher\":{\"@id\":\"https:\/\/tourtravelandmore.com\/fr\/#organization\"},\"potentialAction\":[{\"@type\":\"SearchAction\",\"target\":{\"@type\":\"EntryPoint\",\"urlTemplate\":\"https:\/\/tourtravelandmore.com\/fr\/?s={search_term_string}\"},\"query-input\":{\"@type\":\"PropertyValueSpecification\",\"valueRequired\":true,\"valueName\":\"search_term_string\"}}],\"inLanguage\":\"fr-FR\"},{\"@type\":\"Organization\",\"@id\":\"https:\/\/tourtravelandmore.com\/fr\/#organization\",\"name\":\"Tour Travel And More\",\"url\":\"https:\/\/tourtravelandmore.com\/fr\/\",\"logo\":{\"@type\":\"ImageObject\",\"inLanguage\":\"fr-FR\",\"@id\":\"https:\/\/tourtravelandmore.com\/fr\/#\/schema\/logo\/image\/\",\"url\":\"https:\/\/tourtravelandmore.com\/wp-content\/uploads\/2022\/12\/cropped-logo-cabecera-new.png\",\"contentUrl\":\"https:\/\/tourtravelandmore.com\/wp-content\/uploads\/2022\/12\/cropped-logo-cabecera-new.png\",\"width\":430,\"height\":61,\"caption\":\"Tour Travel And More\"},\"image\":{\"@id\":\"https:\/\/tourtravelandmore.com\/fr\/#\/schema\/logo\/image\/\"},\"sameAs\":[\"https:\/\/www.facebook.com\/tourtravelandmore\/\",\"https:\/\/x.com\/TourTravel_More\"]}]}<\/script>\n<!-- \/ Yoast SEO Premium plugin. -->","yoast_head_json":{"title":"\u27a1\ufe0f Visite priv\u00e9e des R\u00edas Altas depuis La Corogne : Betanzos et Pontedeume | Tour Travel & More","description":"Visite priv\u00e9e des R\u00edas Altas depuis La Corogne : Betanzos et Pontedeume Excursion priv\u00e9e facultative \u00e0 terre. Profitez de cette occasion pour d\u00e9couvrir La Corogne dans cette exp\u00e9rience \u2705","robots":{"index":"index","follow":"follow","max-snippet":"max-snippet:-1","max-image-preview":"max-image-preview:large","max-video-preview":"max-video-preview:-1"},"canonical":"https:\/\/tourtravelandmore.com\/fr\/tours\/espagne-fr\/lacorogne-fr\/visite-privee-de-lugo-et-castro-de-viladonga-depuis-la-corogne-copy\/","og_locale":"fr_FR","og_type":"article","og_title":"Visite priv\u00e9e des R\u00edas Altas depuis La Corogne : Betanzos et Pontedeume","og_description":"Visite priv\u00e9e des R\u00edas Altas depuis La Corogne : Betanzos et Pontedeume Excursion priv\u00e9e facultative \u00e0 terre. Profitez de cette occasion pour d\u00e9couvrir La Corogne dans cette exp\u00e9rience \u2705","og_url":"https:\/\/tourtravelandmore.com\/fr\/tours\/espagne-fr\/lacorogne-fr\/visite-privee-de-lugo-et-castro-de-viladonga-depuis-la-corogne-copy\/","og_site_name":"Tour Travel And More","article_publisher":"https:\/\/www.facebook.com\/tourtravelandmore\/","article_modified_time":"2024-10-15T20:32:36+00:00","og_image":[{"width":1280,"height":720,"url":"https:\/\/tourtravelandmore.com\/wp-content\/uploads\/2024\/10\/vigo-4306861_1280.jpg","type":"image\/jpeg"}],"twitter_card":"summary_large_image","twitter_site":"@TourTravel_More","twitter_misc":{"Dur\u00e9e de lecture estim\u00e9e":"2 minutes"},"schema":{"@context":"https:\/\/schema.org","@graph":[{"@type":"WebPage","@id":"https:\/\/tourtravelandmore.com\/fr\/tours\/espagne-fr\/lacorogne-fr\/visite-privee-de-lugo-et-castro-de-viladonga-depuis-la-corogne-copy\/","url":"https:\/\/tourtravelandmore.com\/fr\/tours\/espagne-fr\/lacorogne-fr\/visite-privee-de-lugo-et-castro-de-viladonga-depuis-la-corogne-copy\/","name":"\u27a1\ufe0f Visite priv\u00e9e des R\u00edas Altas depuis La Corogne : Betanzos et Pontedeume | Tour Travel & More","isPartOf":{"@id":"https:\/\/tourtravelandmore.com\/fr\/#website"},"primaryImageOfPage":{"@id":"https:\/\/tourtravelandmore.com\/fr\/tours\/espagne-fr\/lacorogne-fr\/visite-privee-de-lugo-et-castro-de-viladonga-depuis-la-corogne-copy\/#primaryimage"},"image":{"@id":"https:\/\/tourtravelandmore.com\/fr\/tours\/espagne-fr\/lacorogne-fr\/visite-privee-de-lugo-et-castro-de-viladonga-depuis-la-corogne-copy\/#primaryimage"},"thumbnailUrl":"https:\/\/tourtravelandmore.com\/wp-content\/uploads\/2024\/10\/vigo-4306861_1280.jpg","datePublished":"2024-10-15T19:29:42+00:00","dateModified":"2024-10-15T20:32:36+00:00","description":"Visite priv\u00e9e des R\u00edas Altas depuis La Corogne : Betanzos et Pontedeume Excursion priv\u00e9e facultative \u00e0 terre. Profitez de cette occasion pour d\u00e9couvrir La Corogne dans cette exp\u00e9rience \u2705","breadcrumb":{"@id":"https:\/\/tourtravelandmore.com\/fr\/tours\/espagne-fr\/lacorogne-fr\/visite-privee-de-lugo-et-castro-de-viladonga-depuis-la-corogne-copy\/#breadcrumb"},"inLanguage":"fr-FR","potentialAction":[{"@type":"ReadAction","target":["https:\/\/tourtravelandmore.com\/fr\/tours\/espagne-fr\/lacorogne-fr\/visite-privee-de-lugo-et-castro-de-viladonga-depuis-la-corogne-copy\/"]}]},{"@type":"ImageObject","inLanguage":"fr-FR","@id":"https:\/\/tourtravelandmore.com\/fr\/tours\/espagne-fr\/lacorogne-fr\/visite-privee-de-lugo-et-castro-de-viladonga-depuis-la-corogne-copy\/#primaryimage","url":"https:\/\/tourtravelandmore.com\/wp-content\/uploads\/2024\/10\/vigo-4306861_1280.jpg","contentUrl":"https:\/\/tourtravelandmore.com\/wp-content\/uploads\/2024\/10\/vigo-4306861_1280.jpg","width":1280,"height":720},{"@type":"BreadcrumbList","@id":"https:\/\/tourtravelandmore.com\/fr\/tours\/espagne-fr\/lacorogne-fr\/visite-privee-de-lugo-et-castro-de-viladonga-depuis-la-corogne-copy\/#breadcrumb","itemListElement":[{"@type":"ListItem","position":1,"name":"Home","item":"https:\/\/tourtravelandmore.com\/fr\/"},{"@type":"ListItem","position":2,"name":"Tours","item":"https:\/\/tourtravelandmore.com\/fr\/tours\/"},{"@type":"ListItem","position":3,"name":"Visite priv\u00e9e des R\u00edas Altas depuis La Corogne : Betanzos et Pontedeume"}]},{"@type":"WebSite","@id":"https:\/\/tourtravelandmore.com\/fr\/#website","url":"https:\/\/tourtravelandmore.com\/fr\/","name":"Tour Travel And More","description":"Private sightseeing tours and luxury transfers in Spain","publisher":{"@id":"https:\/\/tourtravelandmore.com\/fr\/#organization"},"potentialAction":[{"@type":"SearchAction","target":{"@type":"EntryPoint","urlTemplate":"https:\/\/tourtravelandmore.com\/fr\/?s={search_term_string}"},"query-input":{"@type":"PropertyValueSpecification","valueRequired":true,"valueName":"search_term_string"}}],"inLanguage":"fr-FR"},{"@type":"Organization","@id":"https:\/\/tourtravelandmore.com\/fr\/#organization","name":"Tour Travel And More","url":"https:\/\/tourtravelandmore.com\/fr\/","logo":{"@type":"ImageObject","inLanguage":"fr-FR","@id":"https:\/\/tourtravelandmore.com\/fr\/#\/schema\/logo\/image\/","url":"https:\/\/tourtravelandmore.com\/wp-content\/uploads\/2022\/12\/cropped-logo-cabecera-new.png","contentUrl":"https:\/\/tourtravelandmore.com\/wp-content\/uploads\/2022\/12\/cropped-logo-cabecera-new.png","width":430,"height":61,"caption":"Tour Travel And More"},"image":{"@id":"https:\/\/tourtravelandmore.com\/fr\/#\/schema\/logo\/image\/"},"sameAs":["https:\/\/www.facebook.com\/tourtravelandmore\/","https:\/\/x.com\/TourTravel_More"]}]}},"_links":{"self":[{"href":"https:\/\/tourtravelandmore.com\/fr\/wp-json\/wp\/v2\/product\/178154","targetHints":{"allow":["GET"]}}],"collection":[{"href":"https:\/\/tourtravelandmore.com\/fr\/wp-json\/wp\/v2\/product"}],"about":[{"href":"https:\/\/tourtravelandmore.com\/fr\/wp-json\/wp\/v2\/types\/product"}],"replies":[{"embeddable":true,"href":"https:\/\/tourtravelandmore.com\/fr\/wp-json\/wp\/v2\/comments?post=178154"}],"wp:featuredmedia":[{"embeddable":true,"href":"https:\/\/tourtravelandmore.com\/fr\/wp-json\/wp\/v2\/media\/178164"}],"wp:attachment":[{"href":"https:\/\/tourtravelandmore.com\/fr\/wp-json\/wp\/v2\/media?parent=178154"}],"wp:term":[{"taxonomy":"product_brand","embeddable":true,"href":"https:\/\/tourtravelandmore.com\/fr\/wp-json\/wp\/v2\/product_brand?post=178154"},{"taxonomy":"product_cat","embeddable":true,"href":"https:\/\/tourtravelandmore.com\/fr\/wp-json\/wp\/v2\/product_cat?post=178154"},{"taxonomy":"product_tag","embeddable":true,"href":"https:\/\/tourtravelandmore.com\/fr\/wp-json\/wp\/v2\/product_tag?post=178154"}],"curies":[{"name":"wp","href":"https:\/\/api.w.org\/{rel}","templated":true}]}}