{"id":178128,"date":"2024-10-15T17:52:52","date_gmt":"2024-10-15T15:53:05","guid":{"rendered":"https:\/\/tourtravelandmore.com\/?post_type=product&#038;p=178128"},"modified":"2024-10-15T20:27:14","modified_gmt":"2024-10-15T18:27:14","slug":"visite-privee-de-la-corogne-copy","status":"publish","type":"product","link":"https:\/\/tourtravelandmore.com\/fr\/tours\/espagne-fr\/lacorogne-fr\/visite-privee-de-la-corogne-copy\/","title":{"rendered":"Visite priv\u00e9e de Lugo et Castro de Viladonga depuis La Corogne"},"content":{"rendered":"<h2>Visite priv\u00e9e de Lugo et Castro de Viladonga depuis La Corogne &#8211; Description<\/h2>\n<p>D\u00e9couvrez les joyaux historiques de la Galice avec une visite priv\u00e9e de 8 heures de La Corogne \u00e0 Lugo et au Castro de Viladonga. Plongez au c\u0153ur de l&#8217;histoire romaine et celtique en explorant les points forts de Lugo, une ville r\u00e9put\u00e9e pour ses murs romains remarquablement conserv\u00e9s, un site class\u00e9 au patrimoine mondial de l&#8217;UNESCO.<\/p>\n<p>Apr\u00e8s vous \u00eatre impr\u00e9gn\u00e9 de l&#8217;atmosph\u00e8re des rues charmantes et des monuments anciens de Lugo, vous vous rendrez au fascinant Castro de Viladonga, un site arch\u00e9ologique qui offre un aper\u00e7u de la vie des Celtes qui habitaient autrefois la r\u00e9gion.<\/p>\n<p>D&#8217;autre part, vous disposerez toujours d&#8217;un <b><strong>v\u00e9hicule priv\u00e9 de luxe<\/strong><\/b> et d&#8217;un chauffeur qui sera \u00e0 votre disposition. Vous profiterez des meilleurs sites en compagnie de votre guide officiel priv\u00e9.<\/p>\n<h2>Visite priv\u00e9e de Lugo et Castro de Viladonga depuis La Corogne | Points d&#8217;int\u00e9r\u00eat et sites touristiques<\/h2>\n<p>Notre voyage commence lorsque nous passons devant votre h\u00f4tel et que nous vous emmenons au centre de la ville. Vous pouvez vous rendre \u00e0 votre h\u00f4tel, \u00e0 votre appartement ou m\u00eame au port de croisi\u00e8re. Nous commencerons alors cette visite priv\u00e9e de La Corogne.<\/p>\n<p>Voyagez dans le confort avec une voiture priv\u00e9e et un guide comp\u00e9tent qui vous donnera un aper\u00e7u captivant de l&#8217;histoire, de la culture et de l&#8217;architecture de ces lieux remarquables. Cette visite offre un m\u00e9lange parfait d&#8217;histoire, de culture et de paysages pittoresques, ce qui la rend id\u00e9ale pour ceux qui veulent plonger plus profond\u00e9ment dans le riche pass\u00e9 de la Galice tout en b\u00e9n\u00e9ficiant d&#8217;une attention personnalis\u00e9e.<\/p>\n<ul>\n<li><b><strong>Circuit priv\u00e9<\/strong><\/b>: Profitez d&#8217;une exp\u00e9rience personnalis\u00e9e avec un v\u00e9hicule priv\u00e9 et un guide expert exclusivement pour votre groupe.<\/li>\n<li><b><strong>Les murs romains de Lugo<\/strong><\/b>: Explorez les murailles romaines de Lugo, class\u00e9es par l&#8217;UNESCO, l&#8217;un des exemples les mieux pr\u00e9serv\u00e9s de l&#8217;architecture militaire romaine.<\/li>\n<li><b><strong>Cath\u00e9drale de Lugo<\/strong><\/b>: Visitez l&#8217;impressionnante cath\u00e9drale de Lugo, qui m\u00e9lange les styles roman, gothique et baroque.<\/li>\n<li><b><strong>Castro de Viladonga<\/strong><\/b>: Plongez dans le pass\u00e9 celtique de la Galice en visitant cet ancien village fortifi\u00e9, qui abrite un mus\u00e9e pr\u00e9sentant des pi\u00e8ces arch\u00e9ologiques.<\/li>\n<li><b><strong>Campagne pittoresque<\/strong><\/b>: D\u00e9tendez-vous en traversant la campagne galicienne luxuriante entre deux destinations.<\/li>\n<li><b><strong>Confort et commodit\u00e9<\/strong><\/b>: Comprend le transport priv\u00e9 depuis La Corogne, avec prise en charge et retour \u00e0 votre h\u00e9bergement.<\/li>\n<\/ul>\n<p><a href=\"https:\/\/tourtravelandmore.com\/fr\/city\/espagne-fr\/a-coruna-en\/\">D\u00e9couvrez tous les circuits priv\u00e9s que nous proposons \u00e0 Tour Travel &amp; More depuis La Corogne.<\/a><\/p>\n","protected":false},"excerpt":{"rendered":"<p>D\u00e9couvrez les joyaux historiques de la Galice avec une visite priv\u00e9e de 8 heures de La Corogne \u00e0 Lugo et au Castro de Viladonga. Plongez au c\u0153ur de l&#8217;histoire romaine et celtique en explorant les points forts de Lugo, une ville r\u00e9put\u00e9e pour ses murs romains remarquablement conserv\u00e9s, un site class\u00e9 au patrimoine mondial de l&#8217;UNESCO.<\/p>\n","protected":false},"featured_media":178138,"comment_status":"open","ping_status":"closed","template":"","meta":{"_acf_changed":false},"product_brand":[],"product_cat":[5129,5127,3541,3570],"product_tag":[],"class_list":{"0":"post-178128","1":"product","2":"type-product","3":"status-publish","4":"has-post-thumbnail","6":"product_cat-all-private-tours-activities-fr-27","7":"product_cat-private-sightseeing-tours-fr-32","8":"product_cat-espagne-fr","9":"product_cat-lacorogne-fr","11":"first","12":"instock","13":"shipping-taxable","14":"purchasable","15":"product-type-simple"},"acf":[],"yoast_head":"<!-- This site is optimized with the Yoast SEO Premium plugin v25.3.1 (Yoast SEO v25.3.1) - https:\/\/yoast.com\/wordpress\/plugins\/seo\/ -->\n<title>\u27a1\ufe0f Private A Coru\u00f1a Tour | Tour Travel &amp; More<\/title>\n<meta name=\"description\" content=\"Visite priv\u00e9e de La Corogne. Excursion priv\u00e9e facultative \u00e0 terre. Profitez de cette occasion pour d\u00e9couvrir La Corogne dans cette exp\u00e9rience \u2705\" \/>\n<meta name=\"robots\" content=\"index, follow, max-snippet:-1, max-image-preview:large, max-video-preview:-1\" \/>\n<link rel=\"canonical\" href=\"https:\/\/tourtravelandmore.com\/fr\/tours\/espagne-fr\/lacorogne-fr\/visite-privee-de-la-corogne-copy\/\" \/>\n<meta property=\"og:locale\" content=\"fr_FR\" \/>\n<meta property=\"og:type\" content=\"article\" \/>\n<meta property=\"og:title\" content=\"Visite priv\u00e9e de Lugo et Castro de Viladonga depuis La Corogne\" \/>\n<meta property=\"og:description\" content=\"Visite priv\u00e9e de La Corogne. Excursion priv\u00e9e facultative \u00e0 terre. Profitez de cette occasion pour d\u00e9couvrir La Corogne dans cette exp\u00e9rience \u2705\" \/>\n<meta property=\"og:url\" content=\"https:\/\/tourtravelandmore.com\/fr\/tours\/espagne-fr\/lacorogne-fr\/visite-privee-de-la-corogne-copy\/\" \/>\n<meta property=\"og:site_name\" content=\"Tour Travel And More\" \/>\n<meta property=\"article:publisher\" content=\"https:\/\/www.facebook.com\/tourtravelandmore\/\" \/>\n<meta property=\"article:modified_time\" content=\"2024-10-15T18:27:14+00:00\" \/>\n<meta property=\"og:image\" content=\"https:\/\/tourtravelandmore.com\/wp-content\/uploads\/2024\/10\/bridge-595142_1280.jpg\" \/>\n\t<meta property=\"og:image:width\" content=\"1280\" \/>\n\t<meta property=\"og:image:height\" content=\"960\" \/>\n\t<meta property=\"og:image:type\" content=\"image\/jpeg\" \/>\n<meta name=\"twitter:card\" content=\"summary_large_image\" \/>\n<meta name=\"twitter:site\" content=\"@TourTravel_More\" \/>\n<meta name=\"twitter:label1\" content=\"Dur\u00e9e de lecture estim\u00e9e\" \/>\n\t<meta name=\"twitter:data1\" content=\"2 minutes\" \/>\n<script type=\"application\/ld+json\" class=\"yoast-schema-graph\">{\"@context\":\"https:\/\/schema.org\",\"@graph\":[{\"@type\":\"WebPage\",\"@id\":\"https:\/\/tourtravelandmore.com\/fr\/tours\/espagne-fr\/lacorogne-fr\/visite-privee-de-la-corogne-copy\/\",\"url\":\"https:\/\/tourtravelandmore.com\/fr\/tours\/espagne-fr\/lacorogne-fr\/visite-privee-de-la-corogne-copy\/\",\"name\":\"\u27a1\ufe0f Private A Coru\u00f1a Tour | Tour Travel & More\",\"isPartOf\":{\"@id\":\"https:\/\/tourtravelandmore.com\/fr\/#website\"},\"primaryImageOfPage\":{\"@id\":\"https:\/\/tourtravelandmore.com\/fr\/tours\/espagne-fr\/lacorogne-fr\/visite-privee-de-la-corogne-copy\/#primaryimage\"},\"image\":{\"@id\":\"https:\/\/tourtravelandmore.com\/fr\/tours\/espagne-fr\/lacorogne-fr\/visite-privee-de-la-corogne-copy\/#primaryimage\"},\"thumbnailUrl\":\"https:\/\/tourtravelandmore.com\/wp-content\/uploads\/2024\/10\/bridge-595142_1280.jpg\",\"datePublished\":\"2024-10-15T15:53:05+00:00\",\"dateModified\":\"2024-10-15T18:27:14+00:00\",\"description\":\"Visite priv\u00e9e de La Corogne. Excursion priv\u00e9e facultative \u00e0 terre. Profitez de cette occasion pour d\u00e9couvrir La Corogne dans cette exp\u00e9rience \u2705\",\"breadcrumb\":{\"@id\":\"https:\/\/tourtravelandmore.com\/fr\/tours\/espagne-fr\/lacorogne-fr\/visite-privee-de-la-corogne-copy\/#breadcrumb\"},\"inLanguage\":\"fr-FR\",\"potentialAction\":[{\"@type\":\"ReadAction\",\"target\":[\"https:\/\/tourtravelandmore.com\/fr\/tours\/espagne-fr\/lacorogne-fr\/visite-privee-de-la-corogne-copy\/\"]}]},{\"@type\":\"ImageObject\",\"inLanguage\":\"fr-FR\",\"@id\":\"https:\/\/tourtravelandmore.com\/fr\/tours\/espagne-fr\/lacorogne-fr\/visite-privee-de-la-corogne-copy\/#primaryimage\",\"url\":\"https:\/\/tourtravelandmore.com\/wp-content\/uploads\/2024\/10\/bridge-595142_1280.jpg\",\"contentUrl\":\"https:\/\/tourtravelandmore.com\/wp-content\/uploads\/2024\/10\/bridge-595142_1280.jpg\",\"width\":1280,\"height\":960},{\"@type\":\"BreadcrumbList\",\"@id\":\"https:\/\/tourtravelandmore.com\/fr\/tours\/espagne-fr\/lacorogne-fr\/visite-privee-de-la-corogne-copy\/#breadcrumb\",\"itemListElement\":[{\"@type\":\"ListItem\",\"position\":1,\"name\":\"Home\",\"item\":\"https:\/\/tourtravelandmore.com\/fr\/\"},{\"@type\":\"ListItem\",\"position\":2,\"name\":\"Tours\",\"item\":\"https:\/\/tourtravelandmore.com\/fr\/tours\/\"},{\"@type\":\"ListItem\",\"position\":3,\"name\":\"Visite priv\u00e9e de Lugo et Castro de Viladonga depuis La Corogne\"}]},{\"@type\":\"WebSite\",\"@id\":\"https:\/\/tourtravelandmore.com\/fr\/#website\",\"url\":\"https:\/\/tourtravelandmore.com\/fr\/\",\"name\":\"Tour Travel And More\",\"description\":\"Private sightseeing tours and luxury transfers in Spain\",\"publisher\":{\"@id\":\"https:\/\/tourtravelandmore.com\/fr\/#organization\"},\"potentialAction\":[{\"@type\":\"SearchAction\",\"target\":{\"@type\":\"EntryPoint\",\"urlTemplate\":\"https:\/\/tourtravelandmore.com\/fr\/?s={search_term_string}\"},\"query-input\":{\"@type\":\"PropertyValueSpecification\",\"valueRequired\":true,\"valueName\":\"search_term_string\"}}],\"inLanguage\":\"fr-FR\"},{\"@type\":\"Organization\",\"@id\":\"https:\/\/tourtravelandmore.com\/fr\/#organization\",\"name\":\"Tour Travel And More\",\"url\":\"https:\/\/tourtravelandmore.com\/fr\/\",\"logo\":{\"@type\":\"ImageObject\",\"inLanguage\":\"fr-FR\",\"@id\":\"https:\/\/tourtravelandmore.com\/fr\/#\/schema\/logo\/image\/\",\"url\":\"https:\/\/tourtravelandmore.com\/wp-content\/uploads\/2022\/12\/cropped-logo-cabecera-new.png\",\"contentUrl\":\"https:\/\/tourtravelandmore.com\/wp-content\/uploads\/2022\/12\/cropped-logo-cabecera-new.png\",\"width\":430,\"height\":61,\"caption\":\"Tour Travel And More\"},\"image\":{\"@id\":\"https:\/\/tourtravelandmore.com\/fr\/#\/schema\/logo\/image\/\"},\"sameAs\":[\"https:\/\/www.facebook.com\/tourtravelandmore\/\",\"https:\/\/x.com\/TourTravel_More\"]}]}<\/script>\n<!-- \/ Yoast SEO Premium plugin. -->","yoast_head_json":{"title":"\u27a1\ufe0f Private A Coru\u00f1a Tour | Tour Travel & More","description":"Visite priv\u00e9e de La Corogne. Excursion priv\u00e9e facultative \u00e0 terre. Profitez de cette occasion pour d\u00e9couvrir La Corogne dans cette exp\u00e9rience \u2705","robots":{"index":"index","follow":"follow","max-snippet":"max-snippet:-1","max-image-preview":"max-image-preview:large","max-video-preview":"max-video-preview:-1"},"canonical":"https:\/\/tourtravelandmore.com\/fr\/tours\/espagne-fr\/lacorogne-fr\/visite-privee-de-la-corogne-copy\/","og_locale":"fr_FR","og_type":"article","og_title":"Visite priv\u00e9e de Lugo et Castro de Viladonga depuis La Corogne","og_description":"Visite priv\u00e9e de La Corogne. Excursion priv\u00e9e facultative \u00e0 terre. Profitez de cette occasion pour d\u00e9couvrir La Corogne dans cette exp\u00e9rience \u2705","og_url":"https:\/\/tourtravelandmore.com\/fr\/tours\/espagne-fr\/lacorogne-fr\/visite-privee-de-la-corogne-copy\/","og_site_name":"Tour Travel And More","article_publisher":"https:\/\/www.facebook.com\/tourtravelandmore\/","article_modified_time":"2024-10-15T18:27:14+00:00","og_image":[{"width":1280,"height":960,"url":"https:\/\/tourtravelandmore.com\/wp-content\/uploads\/2024\/10\/bridge-595142_1280.jpg","type":"image\/jpeg"}],"twitter_card":"summary_large_image","twitter_site":"@TourTravel_More","twitter_misc":{"Dur\u00e9e de lecture estim\u00e9e":"2 minutes"},"schema":{"@context":"https:\/\/schema.org","@graph":[{"@type":"WebPage","@id":"https:\/\/tourtravelandmore.com\/fr\/tours\/espagne-fr\/lacorogne-fr\/visite-privee-de-la-corogne-copy\/","url":"https:\/\/tourtravelandmore.com\/fr\/tours\/espagne-fr\/lacorogne-fr\/visite-privee-de-la-corogne-copy\/","name":"\u27a1\ufe0f Private A Coru\u00f1a Tour | Tour Travel & More","isPartOf":{"@id":"https:\/\/tourtravelandmore.com\/fr\/#website"},"primaryImageOfPage":{"@id":"https:\/\/tourtravelandmore.com\/fr\/tours\/espagne-fr\/lacorogne-fr\/visite-privee-de-la-corogne-copy\/#primaryimage"},"image":{"@id":"https:\/\/tourtravelandmore.com\/fr\/tours\/espagne-fr\/lacorogne-fr\/visite-privee-de-la-corogne-copy\/#primaryimage"},"thumbnailUrl":"https:\/\/tourtravelandmore.com\/wp-content\/uploads\/2024\/10\/bridge-595142_1280.jpg","datePublished":"2024-10-15T15:53:05+00:00","dateModified":"2024-10-15T18:27:14+00:00","description":"Visite priv\u00e9e de La Corogne. Excursion priv\u00e9e facultative \u00e0 terre. Profitez de cette occasion pour d\u00e9couvrir La Corogne dans cette exp\u00e9rience \u2705","breadcrumb":{"@id":"https:\/\/tourtravelandmore.com\/fr\/tours\/espagne-fr\/lacorogne-fr\/visite-privee-de-la-corogne-copy\/#breadcrumb"},"inLanguage":"fr-FR","potentialAction":[{"@type":"ReadAction","target":["https:\/\/tourtravelandmore.com\/fr\/tours\/espagne-fr\/lacorogne-fr\/visite-privee-de-la-corogne-copy\/"]}]},{"@type":"ImageObject","inLanguage":"fr-FR","@id":"https:\/\/tourtravelandmore.com\/fr\/tours\/espagne-fr\/lacorogne-fr\/visite-privee-de-la-corogne-copy\/#primaryimage","url":"https:\/\/tourtravelandmore.com\/wp-content\/uploads\/2024\/10\/bridge-595142_1280.jpg","contentUrl":"https:\/\/tourtravelandmore.com\/wp-content\/uploads\/2024\/10\/bridge-595142_1280.jpg","width":1280,"height":960},{"@type":"BreadcrumbList","@id":"https:\/\/tourtravelandmore.com\/fr\/tours\/espagne-fr\/lacorogne-fr\/visite-privee-de-la-corogne-copy\/#breadcrumb","itemListElement":[{"@type":"ListItem","position":1,"name":"Home","item":"https:\/\/tourtravelandmore.com\/fr\/"},{"@type":"ListItem","position":2,"name":"Tours","item":"https:\/\/tourtravelandmore.com\/fr\/tours\/"},{"@type":"ListItem","position":3,"name":"Visite priv\u00e9e de Lugo et Castro de Viladonga depuis La Corogne"}]},{"@type":"WebSite","@id":"https:\/\/tourtravelandmore.com\/fr\/#website","url":"https:\/\/tourtravelandmore.com\/fr\/","name":"Tour Travel And More","description":"Private sightseeing tours and luxury transfers in Spain","publisher":{"@id":"https:\/\/tourtravelandmore.com\/fr\/#organization"},"potentialAction":[{"@type":"SearchAction","target":{"@type":"EntryPoint","urlTemplate":"https:\/\/tourtravelandmore.com\/fr\/?s={search_term_string}"},"query-input":{"@type":"PropertyValueSpecification","valueRequired":true,"valueName":"search_term_string"}}],"inLanguage":"fr-FR"},{"@type":"Organization","@id":"https:\/\/tourtravelandmore.com\/fr\/#organization","name":"Tour Travel And More","url":"https:\/\/tourtravelandmore.com\/fr\/","logo":{"@type":"ImageObject","inLanguage":"fr-FR","@id":"https:\/\/tourtravelandmore.com\/fr\/#\/schema\/logo\/image\/","url":"https:\/\/tourtravelandmore.com\/wp-content\/uploads\/2022\/12\/cropped-logo-cabecera-new.png","contentUrl":"https:\/\/tourtravelandmore.com\/wp-content\/uploads\/2022\/12\/cropped-logo-cabecera-new.png","width":430,"height":61,"caption":"Tour Travel And More"},"image":{"@id":"https:\/\/tourtravelandmore.com\/fr\/#\/schema\/logo\/image\/"},"sameAs":["https:\/\/www.facebook.com\/tourtravelandmore\/","https:\/\/x.com\/TourTravel_More"]}]}},"_links":{"self":[{"href":"https:\/\/tourtravelandmore.com\/fr\/wp-json\/wp\/v2\/product\/178128","targetHints":{"allow":["GET"]}}],"collection":[{"href":"https:\/\/tourtravelandmore.com\/fr\/wp-json\/wp\/v2\/product"}],"about":[{"href":"https:\/\/tourtravelandmore.com\/fr\/wp-json\/wp\/v2\/types\/product"}],"replies":[{"embeddable":true,"href":"https:\/\/tourtravelandmore.com\/fr\/wp-json\/wp\/v2\/comments?post=178128"}],"wp:featuredmedia":[{"embeddable":true,"href":"https:\/\/tourtravelandmore.com\/fr\/wp-json\/wp\/v2\/media\/178138"}],"wp:attachment":[{"href":"https:\/\/tourtravelandmore.com\/fr\/wp-json\/wp\/v2\/media?parent=178128"}],"wp:term":[{"taxonomy":"product_brand","embeddable":true,"href":"https:\/\/tourtravelandmore.com\/fr\/wp-json\/wp\/v2\/product_brand?post=178128"},{"taxonomy":"product_cat","embeddable":true,"href":"https:\/\/tourtravelandmore.com\/fr\/wp-json\/wp\/v2\/product_cat?post=178128"},{"taxonomy":"product_tag","embeddable":true,"href":"https:\/\/tourtravelandmore.com\/fr\/wp-json\/wp\/v2\/product_tag?post=178128"}],"curies":[{"name":"wp","href":"https:\/\/api.w.org\/{rel}","templated":true}]}}