{"id":178054,"date":"2020-01-08T13:52:52","date_gmt":"2020-01-08T12:52:52","guid":{"rendered":"https:\/\/tourtravelandmore.com\/tours\/non%20class\u00e9\/visite-privee-de-la-corogne\/"},"modified":"2025-02-13T17:25:40","modified_gmt":"2025-02-13T16:25:40","slug":"visite-privee-de-la-corogne","status":"publish","type":"product","link":"https:\/\/tourtravelandmore.com\/fr\/tours\/espagne-fr\/lacorogne-fr\/visite-privee-de-la-corogne\/","title":{"rendered":"Visite priv\u00e9e de La Corogne"},"content":{"rendered":"<h2>Visite priv\u00e9e de La Corogne | Description<\/h2>\n<p>L&#8217;un des plus grands plaisirs d&#8217;un s\u00e9jour en <b><strong>Galice<\/strong><\/b> est de pouvoir visiter la ville de <b><strong>La Corogne \u00e0<\/strong><\/b> tout moment. Cependant, l&#8217;id\u00e9al serait de planifier le <b><strong>voyage<\/strong><\/b> avec nous. Nous sommes un tour op\u00e9rateur priv\u00e9 tr\u00e8s fiable.<\/p>\n<p>Chez <b><strong>Tour Travel &amp; More<\/strong><\/b>, nous vous offrons une aventure incomparable. Nous organiserons une prise en charge priv\u00e9e depuis n&#8217;importe quel endroit de La Corogne. Nous pouvons \u00e9galement venir vous chercher au port de croisi\u00e8re. Cette excursion est parfaite si vous ne disposez que de quelques heures \u00e0 La Corogne.<\/p>\n<p>D&#8217;autre part, vous disposerez toujours d&#8217;un <b><strong>v\u00e9hicule priv\u00e9 de luxe<\/strong><\/b> et d&#8217;un chauffeur qui sera \u00e0 votre disposition. Vous profiterez des meilleurs sites en compagnie de votre guide officiel priv\u00e9.<\/p>\n<h2>Visite priv\u00e9e de La Corogne &#8211; Excursion priv\u00e9e facultative \u00e0 terre | Points d&#8217;int\u00e9r\u00eat et sites touristiques<\/h2>\n<p>Notre voyage commence lorsque nous passons devant votre h\u00f4tel et que nous vous emmenons au centre de la ville. Vous pouvez vous rendre \u00e0 votre h\u00f4tel, \u00e0 votre appartement ou m\u00eame au port de croisi\u00e8re. Nous commencerons alors cette visite priv\u00e9e de La Corogne.<\/p>\n<p>L&#8217;itin\u00e9raire varie en fonction du lieu de prise en charge. Nous commencerons par l&#8217;<b><em><strong>Ob\u00e9lisque de la R\u00faa Nova.<\/strong><\/em><\/b> Nous y admirerons une telle \u0153uvre architecturale et nous nous dirigerons vers la <b><em><strong>vieille ville.<\/strong><\/em><\/b> C&#8217;est un endroit plein d&#8217;\u00e9difices religieux, c&#8217;est le quartier qui a le plus d&#8217;\u00e9glises par m\u00e8tre carr\u00e9 dans toute la <b><strong>Galice<\/strong><\/b>.<\/p>\n<p>Au cours de cette promenade, vous pourrez voir et photographier l&#8217;<b><em><strong>\u00e9glise de Santiago, la coll\u00e9giale de Santa Mar\u00eda et bien d&#8217;autres choses encore.<\/strong><\/em><\/b> Vous aurez l&#8217;occasion de voir l&#8217;<b><em><strong>\u00e9glise du Troisi\u00e8me Ordre de San Francisco, l&#8217;\u00e9glise de Santo Domingo et le couvent de Santa B\u00e1rbara<\/strong><\/em><\/b>.<\/p>\n<p>Ensuite, nous nous laisserons enchanter par les magnifiques jardins du lieu. Nous en soulignerons ici deux ponctuellement, les <b><em><strong>jardins M\u00e9ndez N\u00fa\u00f1ez et le jardin de San Carlos.<\/strong><\/em><\/b> Les jardins M\u00e9ndez N\u00fa\u00f1ez sont le si\u00e8ge de l&#8217;<em>horloge et du calendrier floral.<\/em> Le <b><em><strong>jardin de San Carlos<\/strong><\/em><\/b> est le lieu de repos de <em>Sir John Moore.<\/em> Il est mort \u00e0 la bataille d&#8217;Elvi\u00f1a le 16 janvier 1809. Protagoniste d&#8217;une histoire de fant\u00f4mes, car on croit que l&#8217;esprit de sa fianc\u00e9e, Lady Hester Stanhope, appara\u00eet chaque ann\u00e9e \u00e0 cette date dans ce parc.<\/p>\n<p>Apr\u00e8s avoir laiss\u00e9 les fant\u00f4mes de c\u00f4t\u00e9, nous descendrons au port et ferons une longue promenade le long de l&#8217;<b><em><strong>avenue maritime.<\/strong><\/em><\/b> Nous nous laisserons captiver par l&#8217;immense galerie de verre. C&#8217;est l&#8217;une des plus grandes attractions de <em>Crystal City<\/em>.<\/p>\n<p>Nous arriverons ensuite dans la partie centrale du port. C&#8217;est l\u00e0 que se trouvent les meilleurs restaurants et les plus vari\u00e9s. Vous pourrez y d\u00e9guster un d\u00e9licieux d\u00e9jeuner au bord de l&#8217;oc\u00e9an Atlantique.<\/p>\n<p>Vous pourrez m\u00eame acheter quelques souvenirs au march\u00e9 San Agustin.<\/p>\n<p>Ensuite, nous ferons une petite promenade le long de la c\u00f4te avant de reprendre le cours vers la <b><em><strong>Tour d&#8217;Hercule.<\/strong><\/em><\/b> Pour clore notre visite, nous contemplerons le plus vieux phare du monde encore en activit\u00e9. Nous vous raconterons l&#8217;histoire de cette merveilleuse ic\u00f4ne et comment elle est \u00e9troitement li\u00e9e aux armoiries de la ville.<\/p>\n<p>Ne manquez pas cette occasion de profiter de notre visite priv\u00e9e de La Corogne.<\/p>\n<p><a href=\"https:\/\/tourtravelandmore.com\/fr\/city\/espagne-fr\/a-coruna-en\/\">D\u00e9couvrez toutes les visites priv\u00e9es que nous proposons \u00e0 Tour Travel &amp; More depuis La Corogne.<\/a><\/p>\n","protected":false},"excerpt":{"rendered":"<p>Visite priv\u00e9e de La Corogne. Excursion priv\u00e9e facultative \u00e0 terre avec prise en charge priv\u00e9e au port de croisi\u00e8re. Profitez de cette occasion pour d\u00e9couvrir La Corogne. Guide officiel priv\u00e9 et chauffeur dans un v\u00e9hicule de luxe.<\/p>\n","protected":false},"featured_media":96961,"comment_status":"open","ping_status":"closed","template":"","meta":{"_acf_changed":false},"product_brand":[],"product_cat":[5129,5127,3541,3570],"product_tag":[],"class_list":{"0":"post-178054","1":"product","2":"type-product","3":"status-publish","4":"has-post-thumbnail","6":"product_cat-all-private-tours-activities-fr-27","7":"product_cat-private-sightseeing-tours-fr-32","8":"product_cat-espagne-fr","9":"product_cat-lacorogne-fr","11":"first","12":"instock","13":"shipping-taxable","14":"purchasable","15":"product-type-simple"},"acf":[],"yoast_head":"<!-- This site is optimized with the Yoast SEO Premium plugin v25.3.1 (Yoast SEO v25.3.1) - https:\/\/yoast.com\/wordpress\/plugins\/seo\/ -->\n<title>\u27a1\ufe0f Private A Coru\u00f1a Tour | Tour Travel &amp; More<\/title>\n<meta name=\"description\" content=\"Visite priv\u00e9e de La Corogne. Excursion priv\u00e9e facultative \u00e0 terre. Profitez de cette occasion pour d\u00e9couvrir La Corogne dans cette exp\u00e9rience \u2705\" \/>\n<meta name=\"robots\" content=\"index, follow, max-snippet:-1, max-image-preview:large, max-video-preview:-1\" \/>\n<link rel=\"canonical\" href=\"https:\/\/tourtravelandmore.com\/fr\/tours\/espagne-fr\/lacorogne-fr\/visite-privee-de-la-corogne\/\" \/>\n<meta property=\"og:locale\" content=\"fr_FR\" \/>\n<meta property=\"og:type\" content=\"article\" \/>\n<meta property=\"og:title\" content=\"Visite priv\u00e9e de La Corogne\" \/>\n<meta property=\"og:description\" content=\"Visite priv\u00e9e de La Corogne. Excursion priv\u00e9e facultative \u00e0 terre. Profitez de cette occasion pour d\u00e9couvrir La Corogne dans cette exp\u00e9rience \u2705\" \/>\n<meta property=\"og:url\" content=\"https:\/\/tourtravelandmore.com\/fr\/tours\/espagne-fr\/lacorogne-fr\/visite-privee-de-la-corogne\/\" \/>\n<meta property=\"og:site_name\" content=\"Tour Travel And More\" \/>\n<meta property=\"article:publisher\" content=\"https:\/\/www.facebook.com\/tourtravelandmore\/\" \/>\n<meta property=\"article:modified_time\" content=\"2025-02-13T16:25:40+00:00\" \/>\n<meta property=\"og:image\" content=\"https:\/\/tourtravelandmore.com\/wp-content\/uploads\/2020\/01\/cliff-888361_960_720.jpg\" \/>\n\t<meta property=\"og:image:width\" content=\"960\" \/>\n\t<meta property=\"og:image:height\" content=\"720\" \/>\n\t<meta property=\"og:image:type\" content=\"image\/jpeg\" \/>\n<meta name=\"twitter:card\" content=\"summary_large_image\" \/>\n<meta name=\"twitter:site\" content=\"@TourTravel_More\" \/>\n<meta name=\"twitter:label1\" content=\"Dur\u00e9e de lecture estim\u00e9e\" \/>\n\t<meta name=\"twitter:data1\" content=\"3 minutes\" \/>\n<script type=\"application\/ld+json\" class=\"yoast-schema-graph\">{\"@context\":\"https:\/\/schema.org\",\"@graph\":[{\"@type\":\"WebPage\",\"@id\":\"https:\/\/tourtravelandmore.com\/fr\/tours\/espagne-fr\/lacorogne-fr\/visite-privee-de-la-corogne\/\",\"url\":\"https:\/\/tourtravelandmore.com\/fr\/tours\/espagne-fr\/lacorogne-fr\/visite-privee-de-la-corogne\/\",\"name\":\"\u27a1\ufe0f Private A Coru\u00f1a Tour | Tour Travel & More\",\"isPartOf\":{\"@id\":\"https:\/\/tourtravelandmore.com\/fr\/#website\"},\"primaryImageOfPage\":{\"@id\":\"https:\/\/tourtravelandmore.com\/fr\/tours\/espagne-fr\/lacorogne-fr\/visite-privee-de-la-corogne\/#primaryimage\"},\"image\":{\"@id\":\"https:\/\/tourtravelandmore.com\/fr\/tours\/espagne-fr\/lacorogne-fr\/visite-privee-de-la-corogne\/#primaryimage\"},\"thumbnailUrl\":\"https:\/\/tourtravelandmore.com\/wp-content\/uploads\/2020\/01\/cliff-888361_960_720.jpg\",\"datePublished\":\"2020-01-08T12:52:52+00:00\",\"dateModified\":\"2025-02-13T16:25:40+00:00\",\"description\":\"Visite priv\u00e9e de La Corogne. Excursion priv\u00e9e facultative \u00e0 terre. Profitez de cette occasion pour d\u00e9couvrir La Corogne dans cette exp\u00e9rience \u2705\",\"breadcrumb\":{\"@id\":\"https:\/\/tourtravelandmore.com\/fr\/tours\/espagne-fr\/lacorogne-fr\/visite-privee-de-la-corogne\/#breadcrumb\"},\"inLanguage\":\"fr-FR\",\"potentialAction\":[{\"@type\":\"ReadAction\",\"target\":[\"https:\/\/tourtravelandmore.com\/fr\/tours\/espagne-fr\/lacorogne-fr\/visite-privee-de-la-corogne\/\"]}]},{\"@type\":\"ImageObject\",\"inLanguage\":\"fr-FR\",\"@id\":\"https:\/\/tourtravelandmore.com\/fr\/tours\/espagne-fr\/lacorogne-fr\/visite-privee-de-la-corogne\/#primaryimage\",\"url\":\"https:\/\/tourtravelandmore.com\/wp-content\/uploads\/2020\/01\/cliff-888361_960_720.jpg\",\"contentUrl\":\"https:\/\/tourtravelandmore.com\/wp-content\/uploads\/2020\/01\/cliff-888361_960_720.jpg\",\"width\":960,\"height\":720},{\"@type\":\"BreadcrumbList\",\"@id\":\"https:\/\/tourtravelandmore.com\/fr\/tours\/espagne-fr\/lacorogne-fr\/visite-privee-de-la-corogne\/#breadcrumb\",\"itemListElement\":[{\"@type\":\"ListItem\",\"position\":1,\"name\":\"Home\",\"item\":\"https:\/\/tourtravelandmore.com\/fr\/\"},{\"@type\":\"ListItem\",\"position\":2,\"name\":\"Tours\",\"item\":\"https:\/\/tourtravelandmore.com\/fr\/tours\/\"},{\"@type\":\"ListItem\",\"position\":3,\"name\":\"Visite priv\u00e9e de La Corogne\"}]},{\"@type\":\"WebSite\",\"@id\":\"https:\/\/tourtravelandmore.com\/fr\/#website\",\"url\":\"https:\/\/tourtravelandmore.com\/fr\/\",\"name\":\"Tour Travel And More\",\"description\":\"Private sightseeing tours and luxury transfers in Spain\",\"publisher\":{\"@id\":\"https:\/\/tourtravelandmore.com\/fr\/#organization\"},\"potentialAction\":[{\"@type\":\"SearchAction\",\"target\":{\"@type\":\"EntryPoint\",\"urlTemplate\":\"https:\/\/tourtravelandmore.com\/fr\/?s={search_term_string}\"},\"query-input\":{\"@type\":\"PropertyValueSpecification\",\"valueRequired\":true,\"valueName\":\"search_term_string\"}}],\"inLanguage\":\"fr-FR\"},{\"@type\":\"Organization\",\"@id\":\"https:\/\/tourtravelandmore.com\/fr\/#organization\",\"name\":\"Tour Travel And More\",\"url\":\"https:\/\/tourtravelandmore.com\/fr\/\",\"logo\":{\"@type\":\"ImageObject\",\"inLanguage\":\"fr-FR\",\"@id\":\"https:\/\/tourtravelandmore.com\/fr\/#\/schema\/logo\/image\/\",\"url\":\"https:\/\/tourtravelandmore.com\/wp-content\/uploads\/2022\/12\/cropped-logo-cabecera-new.png\",\"contentUrl\":\"https:\/\/tourtravelandmore.com\/wp-content\/uploads\/2022\/12\/cropped-logo-cabecera-new.png\",\"width\":430,\"height\":61,\"caption\":\"Tour Travel And More\"},\"image\":{\"@id\":\"https:\/\/tourtravelandmore.com\/fr\/#\/schema\/logo\/image\/\"},\"sameAs\":[\"https:\/\/www.facebook.com\/tourtravelandmore\/\",\"https:\/\/x.com\/TourTravel_More\"]}]}<\/script>\n<!-- \/ Yoast SEO Premium plugin. -->","yoast_head_json":{"title":"\u27a1\ufe0f Private A Coru\u00f1a Tour | Tour Travel & More","description":"Visite priv\u00e9e de La Corogne. Excursion priv\u00e9e facultative \u00e0 terre. Profitez de cette occasion pour d\u00e9couvrir La Corogne dans cette exp\u00e9rience \u2705","robots":{"index":"index","follow":"follow","max-snippet":"max-snippet:-1","max-image-preview":"max-image-preview:large","max-video-preview":"max-video-preview:-1"},"canonical":"https:\/\/tourtravelandmore.com\/fr\/tours\/espagne-fr\/lacorogne-fr\/visite-privee-de-la-corogne\/","og_locale":"fr_FR","og_type":"article","og_title":"Visite priv\u00e9e de La Corogne","og_description":"Visite priv\u00e9e de La Corogne. Excursion priv\u00e9e facultative \u00e0 terre. Profitez de cette occasion pour d\u00e9couvrir La Corogne dans cette exp\u00e9rience \u2705","og_url":"https:\/\/tourtravelandmore.com\/fr\/tours\/espagne-fr\/lacorogne-fr\/visite-privee-de-la-corogne\/","og_site_name":"Tour Travel And More","article_publisher":"https:\/\/www.facebook.com\/tourtravelandmore\/","article_modified_time":"2025-02-13T16:25:40+00:00","og_image":[{"width":960,"height":720,"url":"https:\/\/tourtravelandmore.com\/wp-content\/uploads\/2020\/01\/cliff-888361_960_720.jpg","type":"image\/jpeg"}],"twitter_card":"summary_large_image","twitter_site":"@TourTravel_More","twitter_misc":{"Dur\u00e9e de lecture estim\u00e9e":"3 minutes"},"schema":{"@context":"https:\/\/schema.org","@graph":[{"@type":"WebPage","@id":"https:\/\/tourtravelandmore.com\/fr\/tours\/espagne-fr\/lacorogne-fr\/visite-privee-de-la-corogne\/","url":"https:\/\/tourtravelandmore.com\/fr\/tours\/espagne-fr\/lacorogne-fr\/visite-privee-de-la-corogne\/","name":"\u27a1\ufe0f Private A Coru\u00f1a Tour | Tour Travel & More","isPartOf":{"@id":"https:\/\/tourtravelandmore.com\/fr\/#website"},"primaryImageOfPage":{"@id":"https:\/\/tourtravelandmore.com\/fr\/tours\/espagne-fr\/lacorogne-fr\/visite-privee-de-la-corogne\/#primaryimage"},"image":{"@id":"https:\/\/tourtravelandmore.com\/fr\/tours\/espagne-fr\/lacorogne-fr\/visite-privee-de-la-corogne\/#primaryimage"},"thumbnailUrl":"https:\/\/tourtravelandmore.com\/wp-content\/uploads\/2020\/01\/cliff-888361_960_720.jpg","datePublished":"2020-01-08T12:52:52+00:00","dateModified":"2025-02-13T16:25:40+00:00","description":"Visite priv\u00e9e de La Corogne. Excursion priv\u00e9e facultative \u00e0 terre. Profitez de cette occasion pour d\u00e9couvrir La Corogne dans cette exp\u00e9rience \u2705","breadcrumb":{"@id":"https:\/\/tourtravelandmore.com\/fr\/tours\/espagne-fr\/lacorogne-fr\/visite-privee-de-la-corogne\/#breadcrumb"},"inLanguage":"fr-FR","potentialAction":[{"@type":"ReadAction","target":["https:\/\/tourtravelandmore.com\/fr\/tours\/espagne-fr\/lacorogne-fr\/visite-privee-de-la-corogne\/"]}]},{"@type":"ImageObject","inLanguage":"fr-FR","@id":"https:\/\/tourtravelandmore.com\/fr\/tours\/espagne-fr\/lacorogne-fr\/visite-privee-de-la-corogne\/#primaryimage","url":"https:\/\/tourtravelandmore.com\/wp-content\/uploads\/2020\/01\/cliff-888361_960_720.jpg","contentUrl":"https:\/\/tourtravelandmore.com\/wp-content\/uploads\/2020\/01\/cliff-888361_960_720.jpg","width":960,"height":720},{"@type":"BreadcrumbList","@id":"https:\/\/tourtravelandmore.com\/fr\/tours\/espagne-fr\/lacorogne-fr\/visite-privee-de-la-corogne\/#breadcrumb","itemListElement":[{"@type":"ListItem","position":1,"name":"Home","item":"https:\/\/tourtravelandmore.com\/fr\/"},{"@type":"ListItem","position":2,"name":"Tours","item":"https:\/\/tourtravelandmore.com\/fr\/tours\/"},{"@type":"ListItem","position":3,"name":"Visite priv\u00e9e de La Corogne"}]},{"@type":"WebSite","@id":"https:\/\/tourtravelandmore.com\/fr\/#website","url":"https:\/\/tourtravelandmore.com\/fr\/","name":"Tour Travel And More","description":"Private sightseeing tours and luxury transfers in Spain","publisher":{"@id":"https:\/\/tourtravelandmore.com\/fr\/#organization"},"potentialAction":[{"@type":"SearchAction","target":{"@type":"EntryPoint","urlTemplate":"https:\/\/tourtravelandmore.com\/fr\/?s={search_term_string}"},"query-input":{"@type":"PropertyValueSpecification","valueRequired":true,"valueName":"search_term_string"}}],"inLanguage":"fr-FR"},{"@type":"Organization","@id":"https:\/\/tourtravelandmore.com\/fr\/#organization","name":"Tour Travel And More","url":"https:\/\/tourtravelandmore.com\/fr\/","logo":{"@type":"ImageObject","inLanguage":"fr-FR","@id":"https:\/\/tourtravelandmore.com\/fr\/#\/schema\/logo\/image\/","url":"https:\/\/tourtravelandmore.com\/wp-content\/uploads\/2022\/12\/cropped-logo-cabecera-new.png","contentUrl":"https:\/\/tourtravelandmore.com\/wp-content\/uploads\/2022\/12\/cropped-logo-cabecera-new.png","width":430,"height":61,"caption":"Tour Travel And More"},"image":{"@id":"https:\/\/tourtravelandmore.com\/fr\/#\/schema\/logo\/image\/"},"sameAs":["https:\/\/www.facebook.com\/tourtravelandmore\/","https:\/\/x.com\/TourTravel_More"]}]}},"_links":{"self":[{"href":"https:\/\/tourtravelandmore.com\/fr\/wp-json\/wp\/v2\/product\/178054","targetHints":{"allow":["GET"]}}],"collection":[{"href":"https:\/\/tourtravelandmore.com\/fr\/wp-json\/wp\/v2\/product"}],"about":[{"href":"https:\/\/tourtravelandmore.com\/fr\/wp-json\/wp\/v2\/types\/product"}],"replies":[{"embeddable":true,"href":"https:\/\/tourtravelandmore.com\/fr\/wp-json\/wp\/v2\/comments?post=178054"}],"wp:featuredmedia":[{"embeddable":true,"href":"https:\/\/tourtravelandmore.com\/fr\/wp-json\/wp\/v2\/media\/96961"}],"wp:attachment":[{"href":"https:\/\/tourtravelandmore.com\/fr\/wp-json\/wp\/v2\/media?parent=178054"}],"wp:term":[{"taxonomy":"product_brand","embeddable":true,"href":"https:\/\/tourtravelandmore.com\/fr\/wp-json\/wp\/v2\/product_brand?post=178054"},{"taxonomy":"product_cat","embeddable":true,"href":"https:\/\/tourtravelandmore.com\/fr\/wp-json\/wp\/v2\/product_cat?post=178054"},{"taxonomy":"product_tag","embeddable":true,"href":"https:\/\/tourtravelandmore.com\/fr\/wp-json\/wp\/v2\/product_tag?post=178054"}],"curies":[{"name":"wp","href":"https:\/\/api.w.org\/{rel}","templated":true}]}}