{"id":177890,"date":"2024-09-10T21:18:11","date_gmt":"2024-09-10T19:18:19","guid":{"rendered":"https:\/\/tourtravelandmore.com\/?post_type=product&#038;p=177890"},"modified":"2024-09-10T21:35:15","modified_gmt":"2024-09-10T19:35:15","slug":"visite-privee-de-montreal-copy-2","status":"publish","type":"product","link":"https:\/\/tourtravelandmore.com\/fr\/tours\/canada-fr\/montreal-fr\/all-private-tours-and-activities-fr-5\/visite-privee-de-montreal-copy-2\/","title":{"rendered":"Transfert priv\u00e9 \u00e0 Montr\u00e9al"},"content":{"rendered":"<h2><b>Description du transfert priv\u00e9 \u00e0 Montr\u00e9al<\/b><\/h2>\n<p>Faites l&#8217;exp\u00e9rience d&#8217;un transfert fluide et confortable entre l&#8217;a\u00e9roport international Montr\u00e9al-Trudeau (YUL) et votre destination \u00e0 Montr\u00e9al gr\u00e2ce \u00e0 notre service de transfert a\u00e9roportuaire priv\u00e9. Que vous arriviez \u00e0 Montr\u00e9al ou que vous partiez de Montr\u00e9al, profitez d&#8217;un voyage sans stress dans un v\u00e9hicule luxueux adapt\u00e9 \u00e0 vos besoins. Nos chauffeurs professionnels et courtois assurent un trajet rapide et sans encombre, vous permettant de vous d\u00e9tendre et de vous concentrer sur votre voyage. Nous offrons un service porte-\u00e0-porte, pour que votre transfert \u00e0 l&#8217;a\u00e9roport soit aussi pratique et confortable que possible.<\/p>\n<p>Notre flotte comprend des berlines, des SUV ou des monospaces haut de gamme, en fonction de la taille de votre groupe, vous garantissant un voyage dans le style et le confort. Que vous voyagiez seul, en couple ou en groupe, nous vous offrons un service personnalis\u00e9. Qu&#8217;il s&#8217;agisse de vous aider \u00e0 porter vos bagages ou de vous indiquer les itin\u00e9raires les plus rapides, notre service est con\u00e7u pour faire de votre transfert une exp\u00e9rience exceptionnelle.<\/p>\n<h2>Points d&#8217;int\u00e9r\u00eat<\/h2>\n<p>Ce transfert priv\u00e9 comprend les \u00e9l\u00e9ments suivants :<\/p>\n<ul>\n<li><b><strong>Transfert priv\u00e9 :<\/strong><\/b> Utilisation exclusive du v\u00e9hicule pour vous et votre groupe, garantissant intimit\u00e9 et commodit\u00e9.<\/li>\n<li><b><strong>Options flexibles :<\/strong><\/b> Disponibles pour les arriv\u00e9es et les d\u00e9parts, avec des options de v\u00e9hicules adapt\u00e9es \u00e0 toutes les tailles de groupes.<\/li>\n<li><b><strong>Chauffeurs professionnels :<\/strong><\/b> Chauffeurs anglophones exp\u00e9riment\u00e9s, ponctuels, courtois et connaissant bien la r\u00e9gion.<\/li>\n<li><b><strong>V\u00e9hicules de luxe :<\/strong><\/b> Choisissez parmi une gamme de berlines, de SUV ou de monospaces haut de gamme pour r\u00e9pondre \u00e0 vos pr\u00e9f\u00e9rences en mati\u00e8re de confort et de style.<\/li>\n<li><b><strong>Service porte-\u00e0-porte :<\/strong><\/b> Profitez de la commodit\u00e9 d&#8217;une prise en charge et d&#8217;une d\u00e9pose directes \u00e0 l&#8217;endroit que vous avez indiqu\u00e9, qu&#8217;il s&#8217;agisse d&#8217;un h\u00f4tel, d&#8217;une r\u00e9sidence ou de n&#8217;importe quel autre endroit \u00e0 Montr\u00e9al.<\/li>\n<li><b><strong>Service ponctuel :<\/strong><\/b> Nous surveillons votre vol pour tout changement et ajustons votre heure de prise en charge en cons\u00e9quence, de sorte que vous n&#8217;ayez pas \u00e0 vous soucier des retards.<\/li>\n<li><b><strong>Assistance bagages :<\/strong><\/b> Nos chauffeurs vous aideront \u00e0 transporter vos bagages, vous assurant ainsi une exp\u00e9rience sans tracas du d\u00e9but \u00e0 la fin.<\/li>\n<\/ul>\n<p>Profitez de la tranquillit\u00e9 d&#8217;esprit que procure le fait de savoir que votre transfert a\u00e9roportuaire est entre les mains de professionnels qui accordent la priorit\u00e9 \u00e0 votre confort, votre s\u00e9curit\u00e9 et votre satisfaction. R\u00e9servez votre transfert priv\u00e9 d\u00e8s aujourd&#8217;hui et voyagez en toute tranquillit\u00e9 \u00e0 Montr\u00e9al.<\/p>\n<p><a href=\"https:\/\/tourtravelandmore.com\/fr\/city\/canada-fr\/\">Jetez un coup d&#8217;\u0153il \u00e0 nos visites priv\u00e9es \u00e0 pied et \u00e0 d&#8217;autres visites priv\u00e9es \u00e0 Montr\u00e9al !<\/a><\/p>\n<p><button style=\"width: auto; height: auto; background-image: url('data:image\/png;base64,iVBORw0KGgoAAAANSUhEUgAAADAAAAAwCAYAAABXAvmHAAABS2lUWHRYTUw6Y29tLmFkb2JlLnhtcAAAAAAAPD94cGFja2V0IGJlZ2luPSLvu78iIGlkPSJXNU0wTXBDZWhpSHpyZVN6TlRjemtjOWQiPz4KPHg6eG1wbWV0YSB4bWxuczp4PSJhZG9iZTpuczptZXRhLyIgeDp4bXB0az0iQWRvYmUgWE1QIENvcmUgNS42LWMxMzggNzkuMTU5ODI0LCAyMDE2LzA5LzE0LTAxOjA5OjAxICAgICAgICAiPgogPHJkZjpSREYgeG1sbnM6cmRmPSJodHRwOi8vd3d3LnczLm9yZy8xOTk5LzAyLzIyLXJkZi1zeW50YXgtbnMjIj4KICA8cmRmOkRlc2NyaXB0aW9uIHJkZjphYm91dD0iIi8+CiA8L3JkZjpSREY+CjwveDp4bXBtZXRhPgo8P3hwYWNrZXQgZW5kPSJyIj8+IEmuOgAAAx5JREFUaIHtmj1L81wYx39JI75AbYtgBTFTRdQGXV2cxMlPICjiakHE0cVJB5FO4uLgN1AnZ\/0EgoLQtd6tL6hJIwia9DzDg6Wxpcb7hMTe+INCz+t1\/TnJuU7OOYoQ4g8Qpz2xFSGEiNoLGVTAjtoJCWw1ag9k0eoTQgg2NzcplUp0dHRE5VNTHMdB0zTy+TydnZ21fI8Ay7K4vr4ml8uRSqVCd7IVQgjW19cpFAoYhlHLbxiBTCbD9PR06A76YXx8HNd1PXmed0BRFBzHwTTNUB3zy\/v7O7FYzJPX9i\/xr4Co0b6u0prj42Pu7u5a1unp6UHXdSYmJkgmk7ImPUgLWFlZoVQq+aqbSCSYn59ne3ubRCIhaxoI4BHSdd13Xcuy2N\/fxzCML0fNL9IjoChK7f\/p6Smjo6MNdWzb5vz8nI2NDUzTpFgsMjMzw+Xlpax5eQH1TE5OMjAw0LQsm80yNzdHNpvFtm2urq44PDxkaWlJymags9D9\/X3Lcl3X2dnZqaX39vakbYY+jS4uLtLV1QXAxcUFlUpFqr\/QBXR3d9Pf3w\/8v8J8fn6W6i90Aa7r8vT0BEAsFpOeTkMXcHJywsvLCwAjIyPSgS1QAb29vS3LHx4eyOVytfTy8rK0zUAFPD4+8vb25vm9vr5SLBY5ODjAMAzK5TIAQ0NDrK6uStsMNA7Mzs42rNfrn\/kP0uk0Z2dnaJq8+UAFfHb0M6qqsrCwwO7uLn19fYHYDFTA2tpa00isaRqDg4NMTU19a+3kh0AFbG1t1YJUWAT6EhcKhSC780Xbf5H9CoiaXwFRIy2gPng5jiPb3beRjgPDw8NYlgUQegyAAAQcHR3xccgTxNrmu0hbjMJpj32ZxkIITNOkWq16tlf8tlVVlWQy+e229UgLKJfLuK77VwI+PikjE6CqKmNjYzJdSPPvxQFVVT2HaD8JVVX5fKzdcEZWLpe5vb39cYd8ADc3Nw1nZB4B8XicdDpNPp+PJCi1wnEcUqkUmUzGk68IISp8uitRqVSoVqth+ueLJntIdtNZ6Kv9nZ9E21\/20IASbXzd5j\/MIQu2KoJrJwAAAABJRU5ErkJggg=='); background-size: 14px 14px; background-color: #000000; position: absolute; opacity: 1; z-index: 86753099; display: none; cursor: pointer; border: none; border-top-left-radius: 3px; border-top-right-radius: 3px; border-bottom-right-radius: 3px; border-bottom-left-radius: 3px; text-indent: 20px; padding: 0px 4px 0px 0px; text-align: center; font-style: normal; font-variant-caps: normal; font-weight: bold; font-stretch: normal; font-size: 11px; line-height: 20px; font-family: 'Helvetica Neue', Helvetica, sans-serif; color: #ffffff; text-transform: capitalize; -webkit-font-smoothing: antialiased; top: 1397px; left: 563px; background-position: 3px 50%; background-repeat: no-repeat no-repeat;\">plan it<\/button><\/p>\n","protected":false},"excerpt":{"rendered":"<p>Faites l&#8217;exp\u00e9rience d&#8217;un transfert fluide et confortable entre l&#8217;a\u00e9roport international Montr\u00e9al-Trudeau (YUL) et votre destination \u00e0 Montr\u00e9al gr\u00e2ce \u00e0 notre service de transfert a\u00e9roportuaire priv\u00e9. Que vous arriviez \u00e0 Montr\u00e9al ou que vous partiez de Montr\u00e9al, profitez d&#8217;un voyage sans stress dans un v\u00e9hicule luxueux adapt\u00e9 \u00e0 vos besoins. Nos chauffeurs professionnels et courtois assurent un trajet rapide et sans encombre, vous permettant de vous d\u00e9tendre et de vous concentrer sur votre voyage. Nous offrons un service porte-\u00e0-porte, pour que votre transfert \u00e0 l&#8217;a\u00e9roport soit aussi pratique et confortable que possible.<\/p>\n","protected":false},"featured_media":177902,"comment_status":"open","ping_status":"closed","template":"","meta":{"_acf_changed":false},"product_brand":[],"product_cat":[3751,3780,4241,4242,3547],"product_tag":[],"class_list":{"0":"post-177890","1":"product","2":"type-product","3":"status-publish","4":"has-post-thumbnail","6":"product_cat-canada-fr","7":"product_cat-montreal-fr","8":"product_cat-all-private-tours-and-activities-fr-5","9":"product_cat-private-sightseeing-tours-fr-17","10":"product_cat-etats-unis-fr","12":"first","13":"instock","14":"shipping-taxable","15":"purchasable","16":"product-type-simple"},"acf":[],"yoast_head":"<!-- This site is optimized with the Yoast SEO Premium plugin v25.3.1 (Yoast SEO v25.3.1) - https:\/\/yoast.com\/wordpress\/plugins\/seo\/ -->\n<title>Transfert priv\u00e9 \u00e0 Montr\u00e9al - Tour Travel &amp; More<\/title>\n<meta name=\"description\" content=\"Rejoignez-nous sur cette transfert priv\u00e9e de Montr\u00e9al et courez la chance de profiter de la partie historique de Montr\u00e9al. Une exp\u00e9rience priv\u00e9e vraiment incroyable.\" \/>\n<meta name=\"robots\" content=\"index, follow, max-snippet:-1, max-image-preview:large, max-video-preview:-1\" \/>\n<link rel=\"canonical\" href=\"https:\/\/tourtravelandmore.com\/fr\/tours\/canada-fr\/montreal-fr\/all-private-tours-and-activities-fr-5\/visite-privee-de-montreal-copy-2\/\" \/>\n<meta property=\"og:locale\" content=\"fr_FR\" \/>\n<meta property=\"og:type\" content=\"article\" \/>\n<meta property=\"og:title\" content=\"Transfert priv\u00e9 \u00e0 Montr\u00e9al\" \/>\n<meta property=\"og:description\" content=\"Rejoignez-nous sur cette transfert priv\u00e9e de Montr\u00e9al et courez la chance de profiter de la partie historique de Montr\u00e9al. Une exp\u00e9rience priv\u00e9e vraiment incroyable.\" \/>\n<meta property=\"og:url\" content=\"https:\/\/tourtravelandmore.com\/fr\/tours\/canada-fr\/montreal-fr\/all-private-tours-and-activities-fr-5\/visite-privee-de-montreal-copy-2\/\" \/>\n<meta property=\"og:site_name\" content=\"Tour Travel And More\" \/>\n<meta property=\"article:publisher\" content=\"https:\/\/www.facebook.com\/tourtravelandmore\/\" \/>\n<meta property=\"article:modified_time\" content=\"2024-09-10T19:35:15+00:00\" \/>\n<meta property=\"og:image\" content=\"https:\/\/tourtravelandmore.com\/wp-content\/uploads\/2024\/09\/barcelona-wedding-transfer-2.jpg\" \/>\n\t<meta property=\"og:image:width\" content=\"1296\" \/>\n\t<meta property=\"og:image:height\" content=\"730\" \/>\n\t<meta property=\"og:image:type\" content=\"image\/jpeg\" \/>\n<meta name=\"twitter:card\" content=\"summary_large_image\" \/>\n<meta name=\"twitter:site\" content=\"@TourTravel_More\" \/>\n<meta name=\"twitter:label1\" content=\"Dur\u00e9e de lecture estim\u00e9e\" \/>\n\t<meta name=\"twitter:data1\" content=\"2 minutes\" \/>\n<script type=\"application\/ld+json\" class=\"yoast-schema-graph\">{\"@context\":\"https:\/\/schema.org\",\"@graph\":[{\"@type\":\"WebPage\",\"@id\":\"https:\/\/tourtravelandmore.com\/fr\/tours\/canada-fr\/montreal-fr\/all-private-tours-and-activities-fr-5\/visite-privee-de-montreal-copy-2\/\",\"url\":\"https:\/\/tourtravelandmore.com\/fr\/tours\/canada-fr\/montreal-fr\/all-private-tours-and-activities-fr-5\/visite-privee-de-montreal-copy-2\/\",\"name\":\"Transfert priv\u00e9 \u00e0 Montr\u00e9al - Tour Travel & More\",\"isPartOf\":{\"@id\":\"https:\/\/tourtravelandmore.com\/fr\/#website\"},\"primaryImageOfPage\":{\"@id\":\"https:\/\/tourtravelandmore.com\/fr\/tours\/canada-fr\/montreal-fr\/all-private-tours-and-activities-fr-5\/visite-privee-de-montreal-copy-2\/#primaryimage\"},\"image\":{\"@id\":\"https:\/\/tourtravelandmore.com\/fr\/tours\/canada-fr\/montreal-fr\/all-private-tours-and-activities-fr-5\/visite-privee-de-montreal-copy-2\/#primaryimage\"},\"thumbnailUrl\":\"https:\/\/tourtravelandmore.com\/wp-content\/uploads\/2024\/09\/barcelona-wedding-transfer-2.jpg\",\"datePublished\":\"2024-09-10T19:18:19+00:00\",\"dateModified\":\"2024-09-10T19:35:15+00:00\",\"description\":\"Rejoignez-nous sur cette transfert priv\u00e9e de Montr\u00e9al et courez la chance de profiter de la partie historique de Montr\u00e9al. Une exp\u00e9rience priv\u00e9e vraiment incroyable.\",\"breadcrumb\":{\"@id\":\"https:\/\/tourtravelandmore.com\/fr\/tours\/canada-fr\/montreal-fr\/all-private-tours-and-activities-fr-5\/visite-privee-de-montreal-copy-2\/#breadcrumb\"},\"inLanguage\":\"fr-FR\",\"potentialAction\":[{\"@type\":\"ReadAction\",\"target\":[\"https:\/\/tourtravelandmore.com\/fr\/tours\/canada-fr\/montreal-fr\/all-private-tours-and-activities-fr-5\/visite-privee-de-montreal-copy-2\/\"]}]},{\"@type\":\"ImageObject\",\"inLanguage\":\"fr-FR\",\"@id\":\"https:\/\/tourtravelandmore.com\/fr\/tours\/canada-fr\/montreal-fr\/all-private-tours-and-activities-fr-5\/visite-privee-de-montreal-copy-2\/#primaryimage\",\"url\":\"https:\/\/tourtravelandmore.com\/wp-content\/uploads\/2024\/09\/barcelona-wedding-transfer-2.jpg\",\"contentUrl\":\"https:\/\/tourtravelandmore.com\/wp-content\/uploads\/2024\/09\/barcelona-wedding-transfer-2.jpg\",\"width\":1296,\"height\":730,\"caption\":\"Mercedes-Benz S-Klasse, (W 222), 2012\"},{\"@type\":\"BreadcrumbList\",\"@id\":\"https:\/\/tourtravelandmore.com\/fr\/tours\/canada-fr\/montreal-fr\/all-private-tours-and-activities-fr-5\/visite-privee-de-montreal-copy-2\/#breadcrumb\",\"itemListElement\":[{\"@type\":\"ListItem\",\"position\":1,\"name\":\"Home\",\"item\":\"https:\/\/tourtravelandmore.com\/fr\/\"},{\"@type\":\"ListItem\",\"position\":2,\"name\":\"Tours\",\"item\":\"https:\/\/tourtravelandmore.com\/fr\/tours\/\"},{\"@type\":\"ListItem\",\"position\":3,\"name\":\"Transfert priv\u00e9 \u00e0 Montr\u00e9al\"}]},{\"@type\":\"WebSite\",\"@id\":\"https:\/\/tourtravelandmore.com\/fr\/#website\",\"url\":\"https:\/\/tourtravelandmore.com\/fr\/\",\"name\":\"Tour Travel And More\",\"description\":\"Private sightseeing tours and luxury transfers in Spain\",\"publisher\":{\"@id\":\"https:\/\/tourtravelandmore.com\/fr\/#organization\"},\"potentialAction\":[{\"@type\":\"SearchAction\",\"target\":{\"@type\":\"EntryPoint\",\"urlTemplate\":\"https:\/\/tourtravelandmore.com\/fr\/?s={search_term_string}\"},\"query-input\":{\"@type\":\"PropertyValueSpecification\",\"valueRequired\":true,\"valueName\":\"search_term_string\"}}],\"inLanguage\":\"fr-FR\"},{\"@type\":\"Organization\",\"@id\":\"https:\/\/tourtravelandmore.com\/fr\/#organization\",\"name\":\"Tour Travel And More\",\"url\":\"https:\/\/tourtravelandmore.com\/fr\/\",\"logo\":{\"@type\":\"ImageObject\",\"inLanguage\":\"fr-FR\",\"@id\":\"https:\/\/tourtravelandmore.com\/fr\/#\/schema\/logo\/image\/\",\"url\":\"https:\/\/tourtravelandmore.com\/wp-content\/uploads\/2022\/12\/cropped-logo-cabecera-new.png\",\"contentUrl\":\"https:\/\/tourtravelandmore.com\/wp-content\/uploads\/2022\/12\/cropped-logo-cabecera-new.png\",\"width\":430,\"height\":61,\"caption\":\"Tour Travel And More\"},\"image\":{\"@id\":\"https:\/\/tourtravelandmore.com\/fr\/#\/schema\/logo\/image\/\"},\"sameAs\":[\"https:\/\/www.facebook.com\/tourtravelandmore\/\",\"https:\/\/x.com\/TourTravel_More\"]}]}<\/script>\n<!-- \/ Yoast SEO Premium plugin. -->","yoast_head_json":{"title":"Transfert priv\u00e9 \u00e0 Montr\u00e9al - Tour Travel & More","description":"Rejoignez-nous sur cette transfert priv\u00e9e de Montr\u00e9al et courez la chance de profiter de la partie historique de Montr\u00e9al. Une exp\u00e9rience priv\u00e9e vraiment incroyable.","robots":{"index":"index","follow":"follow","max-snippet":"max-snippet:-1","max-image-preview":"max-image-preview:large","max-video-preview":"max-video-preview:-1"},"canonical":"https:\/\/tourtravelandmore.com\/fr\/tours\/canada-fr\/montreal-fr\/all-private-tours-and-activities-fr-5\/visite-privee-de-montreal-copy-2\/","og_locale":"fr_FR","og_type":"article","og_title":"Transfert priv\u00e9 \u00e0 Montr\u00e9al","og_description":"Rejoignez-nous sur cette transfert priv\u00e9e de Montr\u00e9al et courez la chance de profiter de la partie historique de Montr\u00e9al. Une exp\u00e9rience priv\u00e9e vraiment incroyable.","og_url":"https:\/\/tourtravelandmore.com\/fr\/tours\/canada-fr\/montreal-fr\/all-private-tours-and-activities-fr-5\/visite-privee-de-montreal-copy-2\/","og_site_name":"Tour Travel And More","article_publisher":"https:\/\/www.facebook.com\/tourtravelandmore\/","article_modified_time":"2024-09-10T19:35:15+00:00","og_image":[{"width":1296,"height":730,"url":"https:\/\/tourtravelandmore.com\/wp-content\/uploads\/2024\/09\/barcelona-wedding-transfer-2.jpg","type":"image\/jpeg"}],"twitter_card":"summary_large_image","twitter_site":"@TourTravel_More","twitter_misc":{"Dur\u00e9e de lecture estim\u00e9e":"2 minutes"},"schema":{"@context":"https:\/\/schema.org","@graph":[{"@type":"WebPage","@id":"https:\/\/tourtravelandmore.com\/fr\/tours\/canada-fr\/montreal-fr\/all-private-tours-and-activities-fr-5\/visite-privee-de-montreal-copy-2\/","url":"https:\/\/tourtravelandmore.com\/fr\/tours\/canada-fr\/montreal-fr\/all-private-tours-and-activities-fr-5\/visite-privee-de-montreal-copy-2\/","name":"Transfert priv\u00e9 \u00e0 Montr\u00e9al - Tour Travel & More","isPartOf":{"@id":"https:\/\/tourtravelandmore.com\/fr\/#website"},"primaryImageOfPage":{"@id":"https:\/\/tourtravelandmore.com\/fr\/tours\/canada-fr\/montreal-fr\/all-private-tours-and-activities-fr-5\/visite-privee-de-montreal-copy-2\/#primaryimage"},"image":{"@id":"https:\/\/tourtravelandmore.com\/fr\/tours\/canada-fr\/montreal-fr\/all-private-tours-and-activities-fr-5\/visite-privee-de-montreal-copy-2\/#primaryimage"},"thumbnailUrl":"https:\/\/tourtravelandmore.com\/wp-content\/uploads\/2024\/09\/barcelona-wedding-transfer-2.jpg","datePublished":"2024-09-10T19:18:19+00:00","dateModified":"2024-09-10T19:35:15+00:00","description":"Rejoignez-nous sur cette transfert priv\u00e9e de Montr\u00e9al et courez la chance de profiter de la partie historique de Montr\u00e9al. Une exp\u00e9rience priv\u00e9e vraiment incroyable.","breadcrumb":{"@id":"https:\/\/tourtravelandmore.com\/fr\/tours\/canada-fr\/montreal-fr\/all-private-tours-and-activities-fr-5\/visite-privee-de-montreal-copy-2\/#breadcrumb"},"inLanguage":"fr-FR","potentialAction":[{"@type":"ReadAction","target":["https:\/\/tourtravelandmore.com\/fr\/tours\/canada-fr\/montreal-fr\/all-private-tours-and-activities-fr-5\/visite-privee-de-montreal-copy-2\/"]}]},{"@type":"ImageObject","inLanguage":"fr-FR","@id":"https:\/\/tourtravelandmore.com\/fr\/tours\/canada-fr\/montreal-fr\/all-private-tours-and-activities-fr-5\/visite-privee-de-montreal-copy-2\/#primaryimage","url":"https:\/\/tourtravelandmore.com\/wp-content\/uploads\/2024\/09\/barcelona-wedding-transfer-2.jpg","contentUrl":"https:\/\/tourtravelandmore.com\/wp-content\/uploads\/2024\/09\/barcelona-wedding-transfer-2.jpg","width":1296,"height":730,"caption":"Mercedes-Benz S-Klasse, (W 222), 2012"},{"@type":"BreadcrumbList","@id":"https:\/\/tourtravelandmore.com\/fr\/tours\/canada-fr\/montreal-fr\/all-private-tours-and-activities-fr-5\/visite-privee-de-montreal-copy-2\/#breadcrumb","itemListElement":[{"@type":"ListItem","position":1,"name":"Home","item":"https:\/\/tourtravelandmore.com\/fr\/"},{"@type":"ListItem","position":2,"name":"Tours","item":"https:\/\/tourtravelandmore.com\/fr\/tours\/"},{"@type":"ListItem","position":3,"name":"Transfert priv\u00e9 \u00e0 Montr\u00e9al"}]},{"@type":"WebSite","@id":"https:\/\/tourtravelandmore.com\/fr\/#website","url":"https:\/\/tourtravelandmore.com\/fr\/","name":"Tour Travel And More","description":"Private sightseeing tours and luxury transfers in Spain","publisher":{"@id":"https:\/\/tourtravelandmore.com\/fr\/#organization"},"potentialAction":[{"@type":"SearchAction","target":{"@type":"EntryPoint","urlTemplate":"https:\/\/tourtravelandmore.com\/fr\/?s={search_term_string}"},"query-input":{"@type":"PropertyValueSpecification","valueRequired":true,"valueName":"search_term_string"}}],"inLanguage":"fr-FR"},{"@type":"Organization","@id":"https:\/\/tourtravelandmore.com\/fr\/#organization","name":"Tour Travel And More","url":"https:\/\/tourtravelandmore.com\/fr\/","logo":{"@type":"ImageObject","inLanguage":"fr-FR","@id":"https:\/\/tourtravelandmore.com\/fr\/#\/schema\/logo\/image\/","url":"https:\/\/tourtravelandmore.com\/wp-content\/uploads\/2022\/12\/cropped-logo-cabecera-new.png","contentUrl":"https:\/\/tourtravelandmore.com\/wp-content\/uploads\/2022\/12\/cropped-logo-cabecera-new.png","width":430,"height":61,"caption":"Tour Travel And More"},"image":{"@id":"https:\/\/tourtravelandmore.com\/fr\/#\/schema\/logo\/image\/"},"sameAs":["https:\/\/www.facebook.com\/tourtravelandmore\/","https:\/\/x.com\/TourTravel_More"]}]}},"_links":{"self":[{"href":"https:\/\/tourtravelandmore.com\/fr\/wp-json\/wp\/v2\/product\/177890","targetHints":{"allow":["GET"]}}],"collection":[{"href":"https:\/\/tourtravelandmore.com\/fr\/wp-json\/wp\/v2\/product"}],"about":[{"href":"https:\/\/tourtravelandmore.com\/fr\/wp-json\/wp\/v2\/types\/product"}],"replies":[{"embeddable":true,"href":"https:\/\/tourtravelandmore.com\/fr\/wp-json\/wp\/v2\/comments?post=177890"}],"wp:featuredmedia":[{"embeddable":true,"href":"https:\/\/tourtravelandmore.com\/fr\/wp-json\/wp\/v2\/media\/177902"}],"wp:attachment":[{"href":"https:\/\/tourtravelandmore.com\/fr\/wp-json\/wp\/v2\/media?parent=177890"}],"wp:term":[{"taxonomy":"product_brand","embeddable":true,"href":"https:\/\/tourtravelandmore.com\/fr\/wp-json\/wp\/v2\/product_brand?post=177890"},{"taxonomy":"product_cat","embeddable":true,"href":"https:\/\/tourtravelandmore.com\/fr\/wp-json\/wp\/v2\/product_cat?post=177890"},{"taxonomy":"product_tag","embeddable":true,"href":"https:\/\/tourtravelandmore.com\/fr\/wp-json\/wp\/v2\/product_tag?post=177890"}],"curies":[{"name":"wp","href":"https:\/\/api.w.org\/{rel}","templated":true}]}}