{"id":177859,"date":"2024-09-10T17:49:40","date_gmt":"2024-09-10T15:49:44","guid":{"rendered":"https:\/\/tourtravelandmore.com\/?post_type=product&#038;p=177859"},"modified":"2024-09-10T19:16:44","modified_gmt":"2024-09-10T17:16:44","slug":"visite-a-pied-privee-le-vieux-montreal-et-la-ville-souterraine-copy","status":"publish","type":"product","link":"https:\/\/tourtravelandmore.com\/fr\/tours\/canada-fr\/montreal-fr\/all-private-tours-and-activities-fr-5\/visite-a-pied-privee-le-vieux-montreal-et-la-ville-souterraine-copy\/","title":{"rendered":"Visite culinaire priv\u00e9e du Vieux-Montr\u00e9al"},"content":{"rendered":"<h2><b>Description de la visite priv\u00e9e de Montr\u00e9al<\/b><\/h2>\n<p>Montr\u00e9al est une ville unique en Am\u00e9rique du Nord. Cette ville est \u00e9galement la capitale \u00e9conomique et culturelle du <b><strong>Qu\u00e9bec.<\/strong><\/b> <a href=\"https:\/\/es.wikipedia.org\/wiki\/Montreal\">Montr\u00e9al<\/a> est une ville qui a un grand charme europ\u00e9en. On a parfois l&#8217;impression d&#8217;\u00eatre en Europe mais en Am\u00e9rique du Nord. Profitez de cette <b><strong>visite priv\u00e9e de Montr\u00e9al<\/strong><\/b> pour d\u00e9couvrir le meilleur de cette ville.<\/p>\n<p>Plongez dans la riche histoire et les saveurs vibrantes du Vieux-Montr\u00e9al gr\u00e2ce \u00e0 notre visite priv\u00e9e exclusive de 3 heures. Cette aventure culinaire combine le meilleur de la sc\u00e8ne gastronomique de Montr\u00e9al avec ses fascinants monuments historiques. Tout en fl\u00e2nant dans les charmantes rues pav\u00e9es de ce quartier embl\u00e9matique, notre guide expert vous r\u00e9galera d&#8217;histoires captivantes et d&#8217;aper\u00e7us de l&#8217;h\u00e9ritage culturel de Montr\u00e9al. En chemin, vous ferez quatre d\u00e9gustations diff\u00e9rentes \u00e0 des arr\u00eats soigneusement s\u00e9lectionn\u00e9s, chacune offrant un aper\u00e7u unique des traditions culinaires de la ville. Des plats locaux embl\u00e9matiques aux friandises sucr\u00e9es, cette visite est une f\u00eate pour les sens, offrant un aper\u00e7u de la diversit\u00e9 et de la d\u00e9lectabilit\u00e9 de l&#8217;offre culinaire de Montr\u00e9al.<\/p>\n<p>Pour cette visite priv\u00e9e, nous fixerons un point de rencontre dans un endroit central de <b><strong>Montr\u00e9al.<\/strong><\/b> Faites-nous savoir dans quel arrondissement vous vous trouvez ou o\u00f9 se trouve votre h\u00f4tel, et nous organiserons un point de rencontre.<\/p>\n<p>Apr\u00e8s une prise en charge confortable, nous commencerons cette <b><strong>visite<\/strong><\/b> priv\u00e9e <b><strong>de Montr\u00e9al.<\/strong><\/b><\/p>\n<h2>Points d&#8217;int\u00e9r\u00eat<\/h2>\n<p>D\u00e9couvrez les points forts historiques et culturels du Vieux-Montr\u00e9al lors d&#8217;une visite guid\u00e9e \u00e0 pied, id\u00e9ale pour les amateurs de gastronomie et les passionn\u00e9s d&#8217;histoire.<\/p>\n<p>Cette visite priv\u00e9e offre une exp\u00e9rience personnalis\u00e9e, vous permettant d&#8217;explorer \u00e0 votre rythme et de vous concentrer sur les aspects de la ville qui vous int\u00e9ressent le plus. Que vous soyez f\u00e9ru d&#8217;histoire, d&#8217;architecture ou simplement curieux du caract\u00e8re unique de Montr\u00e9al, cette visite offre quelque chose \u00e0 chacun.<\/p>\n<p>Faites l&#8217;exp\u00e9rience d&#8217;une vari\u00e9t\u00e9 de saveurs locales gr\u00e2ce \u00e0 quatre d\u00e9gustations distinctes, tri\u00e9es sur le volet pour pr\u00e9senter le meilleur de la sc\u00e8ne culinaire montr\u00e9alaise.<\/p>\n<p><b><strong>Exemple de menu :<\/strong><\/b> Selon le jour de votre visite, les d\u00e9gustations possibles sont les suivantes :<\/p>\n<ul>\n<li><b><strong>Saumon fum\u00e9 sur bagel de Montr\u00e9al :<\/strong><\/b> Un m\u00e9lange parfait des influences culinaires juives et fran\u00e7aises de Montr\u00e9al.<\/li>\n<li><b><strong>Poutine :<\/strong><\/b> Plongez dans l&#8217;aliment r\u00e9confortant le plus c\u00e9l\u00e8bre du Qu\u00e9bec avec des frites croustillantes, du fromage en grains et une sauce riche.<\/li>\n<li><b><strong>Tire d&#8217;\u00e9rable :<\/strong><\/b> savourez une g\u00e2terie qu\u00e9b\u00e9coise traditionnelle \u00e0 base de sirop d&#8217;\u00e9rable pur.<\/li>\n<li><b><strong>Biscuit au chocolat et \u00e0 l&#8217;\u00e9rable :<\/strong><\/b> Satisfaites votre dent sucr\u00e9e avec un d\u00e9licieux biscuit infus\u00e9 de la saveur pr\u00e9f\u00e9r\u00e9e du Canada.<\/li>\n<li><b><strong>Sorbets fabriqu\u00e9s localement :<\/strong><\/b> Rafra\u00eechissez votre palais avec des sorbets artisanaux faits \u00e0 partir d&#8217;ingr\u00e9dients frais et locaux.<\/li>\n<\/ul>\n<p>Rejoignez-nous pour un voyage m\u00e9morable dans le Vieux-Montr\u00e9al, o\u00f9 l&#8217;histoire rencontre la saveur de la mani\u00e8re la plus d\u00e9licieuse qui soit. Cette visite offre un m\u00e9lange parfait d&#8217;exploration culturelle et de plaisir culinaire, ce qui en fait une exp\u00e9rience inoubliable pour tout visiteur.<\/p>\n<p><a href=\"https:\/\/tourtravelandmore.com\/fr\/city\/canada-fr\/\">D\u00e9couvrez nos visites priv\u00e9es \u00e0 pied et d&#8217;autres visites priv\u00e9es \u00e0 Montr\u00e9al !<\/a><\/p>\n<p><button style=\"width: auto; height: auto; background-image: url('data:image\/png;base64,iVBORw0KGgoAAAANSUhEUgAAADAAAAAwCAYAAABXAvmHAAABS2lUWHRYTUw6Y29tLmFkb2JlLnhtcAAAAAAAPD94cGFja2V0IGJlZ2luPSLvu78iIGlkPSJXNU0wTXBDZWhpSHpyZVN6TlRjemtjOWQiPz4KPHg6eG1wbWV0YSB4bWxuczp4PSJhZG9iZTpuczptZXRhLyIgeDp4bXB0az0iQWRvYmUgWE1QIENvcmUgNS42LWMxMzggNzkuMTU5ODI0LCAyMDE2LzA5LzE0LTAxOjA5OjAxICAgICAgICAiPgogPHJkZjpSREYgeG1sbnM6cmRmPSJodHRwOi8vd3d3LnczLm9yZy8xOTk5LzAyLzIyLXJkZi1zeW50YXgtbnMjIj4KICA8cmRmOkRlc2NyaXB0aW9uIHJkZjphYm91dD0iIi8+CiA8L3JkZjpSREY+CjwveDp4bXBtZXRhPgo8P3hwYWNrZXQgZW5kPSJyIj8+IEmuOgAAAx5JREFUaIHtmj1L81wYx39JI75AbYtgBTFTRdQGXV2cxMlPICjiakHE0cVJB5FO4uLgN1AnZ\/0EgoLQtd6tL6hJIwia9DzDg6Wxpcb7hMTe+INCz+t1\/TnJuU7OOYoQ4g8Qpz2xFSGEiNoLGVTAjtoJCWw1ag9k0eoTQgg2NzcplUp0dHRE5VNTHMdB0zTy+TydnZ21fI8Ay7K4vr4ml8uRSqVCd7IVQgjW19cpFAoYhlHLbxiBTCbD9PR06A76YXx8HNd1PXmed0BRFBzHwTTNUB3zy\/v7O7FYzJPX9i\/xr4Co0b6u0prj42Pu7u5a1unp6UHXdSYmJkgmk7ImPUgLWFlZoVQq+aqbSCSYn59ne3ubRCIhaxoI4BHSdd13Xcuy2N\/fxzCML0fNL9IjoChK7f\/p6Smjo6MNdWzb5vz8nI2NDUzTpFgsMjMzw+Xlpax5eQH1TE5OMjAw0LQsm80yNzdHNpvFtm2urq44PDxkaWlJymags9D9\/X3Lcl3X2dnZqaX39vakbYY+jS4uLtLV1QXAxcUFlUpFqr\/QBXR3d9Pf3w\/8v8J8fn6W6i90Aa7r8vT0BEAsFpOeTkMXcHJywsvLCwAjIyPSgS1QAb29vS3LHx4eyOVytfTy8rK0zUAFPD4+8vb25vm9vr5SLBY5ODjAMAzK5TIAQ0NDrK6uStsMNA7Mzs42rNfrn\/kP0uk0Z2dnaJq8+UAFfHb0M6qqsrCwwO7uLn19fYHYDFTA2tpa00isaRqDg4NMTU19a+3kh0AFbG1t1YJUWAT6EhcKhSC780Xbf5H9CoiaXwFRIy2gPng5jiPb3beRjgPDw8NYlgUQegyAAAQcHR3xccgTxNrmu0hbjMJpj32ZxkIITNOkWq16tlf8tlVVlWQy+e229UgLKJfLuK77VwI+PikjE6CqKmNjYzJdSPPvxQFVVT2HaD8JVVX5fKzdcEZWLpe5vb39cYd8ADc3Nw1nZB4B8XicdDpNPp+PJCi1wnEcUqkUmUzGk68IISp8uitRqVSoVqth+ueLJntIdtNZ6Kv9nZ9E21\/20IASbXzd5j\/MIQu2KoJrJwAAAABJRU5ErkJggg=='); background-size: 14px 14px; background-color: #000000; position: absolute; opacity: 1; z-index: 86753099; display: none; cursor: pointer; border: none; border-top-left-radius: 3px; border-top-right-radius: 3px; border-bottom-right-radius: 3px; border-bottom-left-radius: 3px; text-indent: 20px; padding: 0px 4px 0px 0px; text-align: center; font-style: normal; font-variant-caps: normal; font-weight: bold; font-stretch: normal; font-size: 11px; line-height: 20px; font-family: 'Helvetica Neue', Helvetica, sans-serif; color: #ffffff; text-transform: capitalize; -webkit-font-smoothing: antialiased; top: 1397px; left: 563px; background-position: 3px 50%; background-repeat: no-repeat no-repeat;\">plan it<\/button><\/p>\n","protected":false},"excerpt":{"rendered":"<p>Rejoignez-nous sur cette visite priv\u00e9e de Montr\u00e9al et courez la chance de profiter de la partie historique de Montr\u00e9al. Une exp\u00e9rience priv\u00e9e vraiment incroyable.<\/p>\n","protected":false},"featured_media":177871,"comment_status":"open","ping_status":"closed","template":"","meta":{"_acf_changed":false},"product_brand":[],"product_cat":[3751,3780,4241,4242,3547],"product_tag":[],"class_list":{"0":"post-177859","1":"product","2":"type-product","3":"status-publish","4":"has-post-thumbnail","6":"product_cat-canada-fr","7":"product_cat-montreal-fr","8":"product_cat-all-private-tours-and-activities-fr-5","9":"product_cat-private-sightseeing-tours-fr-17","10":"product_cat-etats-unis-fr","12":"first","13":"instock","14":"shipping-taxable","15":"purchasable","16":"product-type-simple"},"acf":[],"yoast_head":"<!-- This site is optimized with the Yoast SEO Premium plugin v25.3.1 (Yoast SEO v25.3.1) - https:\/\/yoast.com\/wordpress\/plugins\/seo\/ -->\n<title>Visite culinaire priv\u00e9e du Vieux-Montr\u00e9al - TT&amp;M<\/title>\n<meta name=\"description\" content=\"Rejoignez-nous sur cette visite priv\u00e9e de Montr\u00e9al et courez la chance de profiter de la partie historique de Montr\u00e9al. Une exp\u00e9rience priv\u00e9e vraiment incroyable.\" \/>\n<meta name=\"robots\" content=\"index, follow, max-snippet:-1, max-image-preview:large, max-video-preview:-1\" \/>\n<link rel=\"canonical\" href=\"https:\/\/tourtravelandmore.com\/fr\/tours\/canada-fr\/montreal-fr\/all-private-tours-and-activities-fr-5\/visite-a-pied-privee-le-vieux-montreal-et-la-ville-souterraine-copy\/\" \/>\n<meta property=\"og:locale\" content=\"fr_FR\" \/>\n<meta property=\"og:type\" content=\"article\" \/>\n<meta property=\"og:title\" content=\"Visite culinaire priv\u00e9e du Vieux-Montr\u00e9al\" \/>\n<meta property=\"og:description\" content=\"Rejoignez-nous sur cette visite priv\u00e9e de Montr\u00e9al et courez la chance de profiter de la partie historique de Montr\u00e9al. Une exp\u00e9rience priv\u00e9e vraiment incroyable.\" \/>\n<meta property=\"og:url\" content=\"https:\/\/tourtravelandmore.com\/fr\/tours\/canada-fr\/montreal-fr\/all-private-tours-and-activities-fr-5\/visite-a-pied-privee-le-vieux-montreal-et-la-ville-souterraine-copy\/\" \/>\n<meta property=\"og:site_name\" content=\"Tour Travel And More\" \/>\n<meta property=\"article:publisher\" content=\"https:\/\/www.facebook.com\/tourtravelandmore\/\" \/>\n<meta property=\"article:modified_time\" content=\"2024-09-10T17:16:44+00:00\" \/>\n<meta property=\"og:image\" content=\"https:\/\/tourtravelandmore.com\/wp-content\/uploads\/2024\/09\/pexels-janetrangdoan-946543.jpg\" \/>\n\t<meta property=\"og:image:width\" content=\"1920\" \/>\n\t<meta property=\"og:image:height\" content=\"1280\" \/>\n\t<meta property=\"og:image:type\" content=\"image\/jpeg\" \/>\n<meta name=\"twitter:card\" content=\"summary_large_image\" \/>\n<meta name=\"twitter:site\" content=\"@TourTravel_More\" \/>\n<meta name=\"twitter:label1\" content=\"Dur\u00e9e de lecture estim\u00e9e\" \/>\n\t<meta name=\"twitter:data1\" content=\"3 minutes\" \/>\n<script type=\"application\/ld+json\" class=\"yoast-schema-graph\">{\"@context\":\"https:\/\/schema.org\",\"@graph\":[{\"@type\":\"WebPage\",\"@id\":\"https:\/\/tourtravelandmore.com\/fr\/tours\/canada-fr\/montreal-fr\/all-private-tours-and-activities-fr-5\/visite-a-pied-privee-le-vieux-montreal-et-la-ville-souterraine-copy\/\",\"url\":\"https:\/\/tourtravelandmore.com\/fr\/tours\/canada-fr\/montreal-fr\/all-private-tours-and-activities-fr-5\/visite-a-pied-privee-le-vieux-montreal-et-la-ville-souterraine-copy\/\",\"name\":\"Visite culinaire priv\u00e9e du Vieux-Montr\u00e9al - TT&M\",\"isPartOf\":{\"@id\":\"https:\/\/tourtravelandmore.com\/fr\/#website\"},\"primaryImageOfPage\":{\"@id\":\"https:\/\/tourtravelandmore.com\/fr\/tours\/canada-fr\/montreal-fr\/all-private-tours-and-activities-fr-5\/visite-a-pied-privee-le-vieux-montreal-et-la-ville-souterraine-copy\/#primaryimage\"},\"image\":{\"@id\":\"https:\/\/tourtravelandmore.com\/fr\/tours\/canada-fr\/montreal-fr\/all-private-tours-and-activities-fr-5\/visite-a-pied-privee-le-vieux-montreal-et-la-ville-souterraine-copy\/#primaryimage\"},\"thumbnailUrl\":\"https:\/\/tourtravelandmore.com\/wp-content\/uploads\/2024\/09\/pexels-janetrangdoan-946543.jpg\",\"datePublished\":\"2024-09-10T15:49:44+00:00\",\"dateModified\":\"2024-09-10T17:16:44+00:00\",\"description\":\"Rejoignez-nous sur cette visite priv\u00e9e de Montr\u00e9al et courez la chance de profiter de la partie historique de Montr\u00e9al. Une exp\u00e9rience priv\u00e9e vraiment incroyable.\",\"breadcrumb\":{\"@id\":\"https:\/\/tourtravelandmore.com\/fr\/tours\/canada-fr\/montreal-fr\/all-private-tours-and-activities-fr-5\/visite-a-pied-privee-le-vieux-montreal-et-la-ville-souterraine-copy\/#breadcrumb\"},\"inLanguage\":\"fr-FR\",\"potentialAction\":[{\"@type\":\"ReadAction\",\"target\":[\"https:\/\/tourtravelandmore.com\/fr\/tours\/canada-fr\/montreal-fr\/all-private-tours-and-activities-fr-5\/visite-a-pied-privee-le-vieux-montreal-et-la-ville-souterraine-copy\/\"]}]},{\"@type\":\"ImageObject\",\"inLanguage\":\"fr-FR\",\"@id\":\"https:\/\/tourtravelandmore.com\/fr\/tours\/canada-fr\/montreal-fr\/all-private-tours-and-activities-fr-5\/visite-a-pied-privee-le-vieux-montreal-et-la-ville-souterraine-copy\/#primaryimage\",\"url\":\"https:\/\/tourtravelandmore.com\/wp-content\/uploads\/2024\/09\/pexels-janetrangdoan-946543.jpg\",\"contentUrl\":\"https:\/\/tourtravelandmore.com\/wp-content\/uploads\/2024\/09\/pexels-janetrangdoan-946543.jpg\",\"width\":1920,\"height\":1280},{\"@type\":\"BreadcrumbList\",\"@id\":\"https:\/\/tourtravelandmore.com\/fr\/tours\/canada-fr\/montreal-fr\/all-private-tours-and-activities-fr-5\/visite-a-pied-privee-le-vieux-montreal-et-la-ville-souterraine-copy\/#breadcrumb\",\"itemListElement\":[{\"@type\":\"ListItem\",\"position\":1,\"name\":\"Home\",\"item\":\"https:\/\/tourtravelandmore.com\/fr\/\"},{\"@type\":\"ListItem\",\"position\":2,\"name\":\"Tours\",\"item\":\"https:\/\/tourtravelandmore.com\/fr\/tours\/\"},{\"@type\":\"ListItem\",\"position\":3,\"name\":\"Visite culinaire priv\u00e9e du Vieux-Montr\u00e9al\"}]},{\"@type\":\"WebSite\",\"@id\":\"https:\/\/tourtravelandmore.com\/fr\/#website\",\"url\":\"https:\/\/tourtravelandmore.com\/fr\/\",\"name\":\"Tour Travel And More\",\"description\":\"Private sightseeing tours and luxury transfers in Spain\",\"publisher\":{\"@id\":\"https:\/\/tourtravelandmore.com\/fr\/#organization\"},\"potentialAction\":[{\"@type\":\"SearchAction\",\"target\":{\"@type\":\"EntryPoint\",\"urlTemplate\":\"https:\/\/tourtravelandmore.com\/fr\/?s={search_term_string}\"},\"query-input\":{\"@type\":\"PropertyValueSpecification\",\"valueRequired\":true,\"valueName\":\"search_term_string\"}}],\"inLanguage\":\"fr-FR\"},{\"@type\":\"Organization\",\"@id\":\"https:\/\/tourtravelandmore.com\/fr\/#organization\",\"name\":\"Tour Travel And More\",\"url\":\"https:\/\/tourtravelandmore.com\/fr\/\",\"logo\":{\"@type\":\"ImageObject\",\"inLanguage\":\"fr-FR\",\"@id\":\"https:\/\/tourtravelandmore.com\/fr\/#\/schema\/logo\/image\/\",\"url\":\"https:\/\/tourtravelandmore.com\/wp-content\/uploads\/2022\/12\/cropped-logo-cabecera-new.png\",\"contentUrl\":\"https:\/\/tourtravelandmore.com\/wp-content\/uploads\/2022\/12\/cropped-logo-cabecera-new.png\",\"width\":430,\"height\":61,\"caption\":\"Tour Travel And More\"},\"image\":{\"@id\":\"https:\/\/tourtravelandmore.com\/fr\/#\/schema\/logo\/image\/\"},\"sameAs\":[\"https:\/\/www.facebook.com\/tourtravelandmore\/\",\"https:\/\/x.com\/TourTravel_More\"]}]}<\/script>\n<!-- \/ Yoast SEO Premium plugin. -->","yoast_head_json":{"title":"Visite culinaire priv\u00e9e du Vieux-Montr\u00e9al - TT&M","description":"Rejoignez-nous sur cette visite priv\u00e9e de Montr\u00e9al et courez la chance de profiter de la partie historique de Montr\u00e9al. Une exp\u00e9rience priv\u00e9e vraiment incroyable.","robots":{"index":"index","follow":"follow","max-snippet":"max-snippet:-1","max-image-preview":"max-image-preview:large","max-video-preview":"max-video-preview:-1"},"canonical":"https:\/\/tourtravelandmore.com\/fr\/tours\/canada-fr\/montreal-fr\/all-private-tours-and-activities-fr-5\/visite-a-pied-privee-le-vieux-montreal-et-la-ville-souterraine-copy\/","og_locale":"fr_FR","og_type":"article","og_title":"Visite culinaire priv\u00e9e du Vieux-Montr\u00e9al","og_description":"Rejoignez-nous sur cette visite priv\u00e9e de Montr\u00e9al et courez la chance de profiter de la partie historique de Montr\u00e9al. Une exp\u00e9rience priv\u00e9e vraiment incroyable.","og_url":"https:\/\/tourtravelandmore.com\/fr\/tours\/canada-fr\/montreal-fr\/all-private-tours-and-activities-fr-5\/visite-a-pied-privee-le-vieux-montreal-et-la-ville-souterraine-copy\/","og_site_name":"Tour Travel And More","article_publisher":"https:\/\/www.facebook.com\/tourtravelandmore\/","article_modified_time":"2024-09-10T17:16:44+00:00","og_image":[{"width":1920,"height":1280,"url":"https:\/\/tourtravelandmore.com\/wp-content\/uploads\/2024\/09\/pexels-janetrangdoan-946543.jpg","type":"image\/jpeg"}],"twitter_card":"summary_large_image","twitter_site":"@TourTravel_More","twitter_misc":{"Dur\u00e9e de lecture estim\u00e9e":"3 minutes"},"schema":{"@context":"https:\/\/schema.org","@graph":[{"@type":"WebPage","@id":"https:\/\/tourtravelandmore.com\/fr\/tours\/canada-fr\/montreal-fr\/all-private-tours-and-activities-fr-5\/visite-a-pied-privee-le-vieux-montreal-et-la-ville-souterraine-copy\/","url":"https:\/\/tourtravelandmore.com\/fr\/tours\/canada-fr\/montreal-fr\/all-private-tours-and-activities-fr-5\/visite-a-pied-privee-le-vieux-montreal-et-la-ville-souterraine-copy\/","name":"Visite culinaire priv\u00e9e du Vieux-Montr\u00e9al - TT&M","isPartOf":{"@id":"https:\/\/tourtravelandmore.com\/fr\/#website"},"primaryImageOfPage":{"@id":"https:\/\/tourtravelandmore.com\/fr\/tours\/canada-fr\/montreal-fr\/all-private-tours-and-activities-fr-5\/visite-a-pied-privee-le-vieux-montreal-et-la-ville-souterraine-copy\/#primaryimage"},"image":{"@id":"https:\/\/tourtravelandmore.com\/fr\/tours\/canada-fr\/montreal-fr\/all-private-tours-and-activities-fr-5\/visite-a-pied-privee-le-vieux-montreal-et-la-ville-souterraine-copy\/#primaryimage"},"thumbnailUrl":"https:\/\/tourtravelandmore.com\/wp-content\/uploads\/2024\/09\/pexels-janetrangdoan-946543.jpg","datePublished":"2024-09-10T15:49:44+00:00","dateModified":"2024-09-10T17:16:44+00:00","description":"Rejoignez-nous sur cette visite priv\u00e9e de Montr\u00e9al et courez la chance de profiter de la partie historique de Montr\u00e9al. Une exp\u00e9rience priv\u00e9e vraiment incroyable.","breadcrumb":{"@id":"https:\/\/tourtravelandmore.com\/fr\/tours\/canada-fr\/montreal-fr\/all-private-tours-and-activities-fr-5\/visite-a-pied-privee-le-vieux-montreal-et-la-ville-souterraine-copy\/#breadcrumb"},"inLanguage":"fr-FR","potentialAction":[{"@type":"ReadAction","target":["https:\/\/tourtravelandmore.com\/fr\/tours\/canada-fr\/montreal-fr\/all-private-tours-and-activities-fr-5\/visite-a-pied-privee-le-vieux-montreal-et-la-ville-souterraine-copy\/"]}]},{"@type":"ImageObject","inLanguage":"fr-FR","@id":"https:\/\/tourtravelandmore.com\/fr\/tours\/canada-fr\/montreal-fr\/all-private-tours-and-activities-fr-5\/visite-a-pied-privee-le-vieux-montreal-et-la-ville-souterraine-copy\/#primaryimage","url":"https:\/\/tourtravelandmore.com\/wp-content\/uploads\/2024\/09\/pexels-janetrangdoan-946543.jpg","contentUrl":"https:\/\/tourtravelandmore.com\/wp-content\/uploads\/2024\/09\/pexels-janetrangdoan-946543.jpg","width":1920,"height":1280},{"@type":"BreadcrumbList","@id":"https:\/\/tourtravelandmore.com\/fr\/tours\/canada-fr\/montreal-fr\/all-private-tours-and-activities-fr-5\/visite-a-pied-privee-le-vieux-montreal-et-la-ville-souterraine-copy\/#breadcrumb","itemListElement":[{"@type":"ListItem","position":1,"name":"Home","item":"https:\/\/tourtravelandmore.com\/fr\/"},{"@type":"ListItem","position":2,"name":"Tours","item":"https:\/\/tourtravelandmore.com\/fr\/tours\/"},{"@type":"ListItem","position":3,"name":"Visite culinaire priv\u00e9e du Vieux-Montr\u00e9al"}]},{"@type":"WebSite","@id":"https:\/\/tourtravelandmore.com\/fr\/#website","url":"https:\/\/tourtravelandmore.com\/fr\/","name":"Tour Travel And More","description":"Private sightseeing tours and luxury transfers in Spain","publisher":{"@id":"https:\/\/tourtravelandmore.com\/fr\/#organization"},"potentialAction":[{"@type":"SearchAction","target":{"@type":"EntryPoint","urlTemplate":"https:\/\/tourtravelandmore.com\/fr\/?s={search_term_string}"},"query-input":{"@type":"PropertyValueSpecification","valueRequired":true,"valueName":"search_term_string"}}],"inLanguage":"fr-FR"},{"@type":"Organization","@id":"https:\/\/tourtravelandmore.com\/fr\/#organization","name":"Tour Travel And More","url":"https:\/\/tourtravelandmore.com\/fr\/","logo":{"@type":"ImageObject","inLanguage":"fr-FR","@id":"https:\/\/tourtravelandmore.com\/fr\/#\/schema\/logo\/image\/","url":"https:\/\/tourtravelandmore.com\/wp-content\/uploads\/2022\/12\/cropped-logo-cabecera-new.png","contentUrl":"https:\/\/tourtravelandmore.com\/wp-content\/uploads\/2022\/12\/cropped-logo-cabecera-new.png","width":430,"height":61,"caption":"Tour Travel And More"},"image":{"@id":"https:\/\/tourtravelandmore.com\/fr\/#\/schema\/logo\/image\/"},"sameAs":["https:\/\/www.facebook.com\/tourtravelandmore\/","https:\/\/x.com\/TourTravel_More"]}]}},"_links":{"self":[{"href":"https:\/\/tourtravelandmore.com\/fr\/wp-json\/wp\/v2\/product\/177859","targetHints":{"allow":["GET"]}}],"collection":[{"href":"https:\/\/tourtravelandmore.com\/fr\/wp-json\/wp\/v2\/product"}],"about":[{"href":"https:\/\/tourtravelandmore.com\/fr\/wp-json\/wp\/v2\/types\/product"}],"replies":[{"embeddable":true,"href":"https:\/\/tourtravelandmore.com\/fr\/wp-json\/wp\/v2\/comments?post=177859"}],"wp:featuredmedia":[{"embeddable":true,"href":"https:\/\/tourtravelandmore.com\/fr\/wp-json\/wp\/v2\/media\/177871"}],"wp:attachment":[{"href":"https:\/\/tourtravelandmore.com\/fr\/wp-json\/wp\/v2\/media?parent=177859"}],"wp:term":[{"taxonomy":"product_brand","embeddable":true,"href":"https:\/\/tourtravelandmore.com\/fr\/wp-json\/wp\/v2\/product_brand?post=177859"},{"taxonomy":"product_cat","embeddable":true,"href":"https:\/\/tourtravelandmore.com\/fr\/wp-json\/wp\/v2\/product_cat?post=177859"},{"taxonomy":"product_tag","embeddable":true,"href":"https:\/\/tourtravelandmore.com\/fr\/wp-json\/wp\/v2\/product_tag?post=177859"}],"curies":[{"name":"wp","href":"https:\/\/api.w.org\/{rel}","templated":true}]}}