{"id":177828,"date":"2024-09-10T17:03:56","date_gmt":"2024-09-10T15:03:59","guid":{"rendered":"https:\/\/tourtravelandmore.com\/?post_type=product&#038;p=177828"},"modified":"2024-09-10T17:38:33","modified_gmt":"2024-09-10T15:38:33","slug":"visite-a-pied-privee-la-ville-souterraine-et-le-centre-ville-de-montreal-copy","status":"publish","type":"product","link":"https:\/\/tourtravelandmore.com\/fr\/tours\/canada-fr\/montreal-fr\/all-private-tours-and-activities-fr-5\/visite-a-pied-privee-la-ville-souterraine-et-le-centre-ville-de-montreal-copy\/","title":{"rendered":"Visite \u00e0 pied priv\u00e9e : Le Vieux Montr\u00e9al et la ville souterraine"},"content":{"rendered":"<h2><b>Description de la visite priv\u00e9e de Montr\u00e9al<\/b><\/h2>\n<p>Montr\u00e9al est une ville unique en Am\u00e9rique du Nord. Cette ville est \u00e9galement la capitale \u00e9conomique et culturelle du <b><strong>Qu\u00e9bec.<\/strong><\/b> <a href=\"https:\/\/es.wikipedia.org\/wiki\/Montreal\">Montr\u00e9al<\/a> est une ville qui a un grand charme europ\u00e9en. On a parfois l&#8217;impression d&#8217;\u00eatre en Europe mais en Am\u00e9rique du Nord. Profitez de cette <b><strong>visite priv\u00e9e de Montr\u00e9al<\/strong><\/b> pour d\u00e9couvrir le meilleur de cette ville.<\/p>\n<p>Explorez le charme historique et les merveilles modernes de Montr\u00e9al lors de cette visite priv\u00e9e de 4 heures. Commencez votre voyage dans le Vieux-Montr\u00e9al, o\u00f9 les rues pav\u00e9es, l&#8217;architecture s\u00e9culaire et les places anim\u00e9es vous transportent dans le pass\u00e9. Votre guide bien inform\u00e9 vous racontera des anecdotes fascinantes sur la riche histoire de la ville, de sa fondation au XVIIe si\u00e8cle \u00e0 son r\u00f4le de centre culturel aujourd&#8217;hui.<\/p>\n<p>Pour cette visite priv\u00e9e, nous fixerons un point de rencontre dans un endroit central de <b><strong>Montr\u00e9al.<\/strong><\/b> Faites-nous savoir dans quel arrondissement vous vous trouvez ou o\u00f9 se trouve votre h\u00f4tel, et nous organiserons un point de rencontre.<\/p>\n<p>Notre chauffeur priv\u00e9 et notre guide touristique s\u00e9par\u00e9 viendront vous chercher dans un v\u00e9hicule confortable et commenceront cette visite priv\u00e9e.<\/p>\n<p>Apr\u00e8s une prise en charge confortable, nous commencerons cette <b><strong>visite<\/strong><\/b> priv\u00e9e <b><strong>de Montr\u00e9al.<\/strong><\/b><\/p>\n<h2>Points d&#8217;int\u00e9r\u00eat et monuments<\/h2>\n<p>Promenez-vous dans les rues pittoresques et visitez des lieux embl\u00e9matiques tels que la <b><strong>basilique Notre-Dame, le<\/strong><\/b> <b><strong>Vieux-Port<\/strong><\/b> et l&#8217;effervescente <b><strong>Place Jacques-Cartier.<\/strong><\/b> D\u00e9couvrez des joyaux cach\u00e9s et des secrets locaux en explorant le c\u0153ur du plus ancien quartier de la ville.<\/p>\n<p>Ensuite, descendez dans la c\u00e9l\u00e8bre <b><strong>ville souterraine<\/strong><\/b> <b><strong>de Montr\u00e9al<\/strong><\/b> <b><strong>,<\/strong><\/b> un vaste r\u00e9seau de tunnels et de sentiers qui relient les centres commerciaux, les h\u00f4tels et les attractions du centre-ville. D\u00e9couvrez le contraste entre le charme historique en surface et les commodit\u00e9s modernes en bas, tandis que votre guide vous d\u00e9voile l&#8217;histoire et la fonction uniques de cette merveille souterraine.<\/p>\n<p>Cette visite priv\u00e9e offre une exp\u00e9rience personnalis\u00e9e, vous permettant d&#8217;explorer \u00e0 votre rythme et de vous concentrer sur les aspects de la ville qui vous int\u00e9ressent le plus. Que vous soyez un passionn\u00e9 d&#8217;histoire, d&#8217;architecture ou simplement curieux du caract\u00e8re unique de Montr\u00e9al, cette visite offre quelque chose pour tout le monde.<\/p>\n<p>Enfin, notre visite priv\u00e9e se terminera \u00e0 votre h\u00f4tel \u00e0 Montr\u00e9al.<\/p>\n<p><a href=\"https:\/\/tourtravelandmore.com\/fr\/city\/canada-fr\/\">Consultez nos visites priv\u00e9es \u00e0 pied et d&#8217;autres visites priv\u00e9es \u00e0 Montr\u00e9al !<\/a><\/p>\n<p><button style=\"width: auto; height: auto; background-image: url('data:image\/png;base64,iVBORw0KGgoAAAANSUhEUgAAADAAAAAwCAYAAABXAvmHAAABS2lUWHRYTUw6Y29tLmFkb2JlLnhtcAAAAAAAPD94cGFja2V0IGJlZ2luPSLvu78iIGlkPSJXNU0wTXBDZWhpSHpyZVN6TlRjemtjOWQiPz4KPHg6eG1wbWV0YSB4bWxuczp4PSJhZG9iZTpuczptZXRhLyIgeDp4bXB0az0iQWRvYmUgWE1QIENvcmUgNS42LWMxMzggNzkuMTU5ODI0LCAyMDE2LzA5LzE0LTAxOjA5OjAxICAgICAgICAiPgogPHJkZjpSREYgeG1sbnM6cmRmPSJodHRwOi8vd3d3LnczLm9yZy8xOTk5LzAyLzIyLXJkZi1zeW50YXgtbnMjIj4KICA8cmRmOkRlc2NyaXB0aW9uIHJkZjphYm91dD0iIi8+CiA8L3JkZjpSREY+CjwveDp4bXBtZXRhPgo8P3hwYWNrZXQgZW5kPSJyIj8+IEmuOgAAAx5JREFUaIHtmj1L81wYx39JI75AbYtgBTFTRdQGXV2cxMlPICjiakHE0cVJB5FO4uLgN1AnZ\/0EgoLQtd6tL6hJIwia9DzDg6Wxpcb7hMTe+INCz+t1\/TnJuU7OOYoQ4g8Qpz2xFSGEiNoLGVTAjtoJCWw1ag9k0eoTQgg2NzcplUp0dHRE5VNTHMdB0zTy+TydnZ21fI8Ay7K4vr4ml8uRSqVCd7IVQgjW19cpFAoYhlHLbxiBTCbD9PR06A76YXx8HNd1PXmed0BRFBzHwTTNUB3zy\/v7O7FYzJPX9i\/xr4Co0b6u0prj42Pu7u5a1unp6UHXdSYmJkgmk7ImPUgLWFlZoVQq+aqbSCSYn59ne3ubRCIhaxoI4BHSdd13Xcuy2N\/fxzCML0fNL9IjoChK7f\/p6Smjo6MNdWzb5vz8nI2NDUzTpFgsMjMzw+Xlpax5eQH1TE5OMjAw0LQsm80yNzdHNpvFtm2urq44PDxkaWlJymags9D9\/X3Lcl3X2dnZqaX39vakbYY+jS4uLtLV1QXAxcUFlUpFqr\/QBXR3d9Pf3w\/8v8J8fn6W6i90Aa7r8vT0BEAsFpOeTkMXcHJywsvLCwAjIyPSgS1QAb29vS3LHx4eyOVytfTy8rK0zUAFPD4+8vb25vm9vr5SLBY5ODjAMAzK5TIAQ0NDrK6uStsMNA7Mzs42rNfrn\/kP0uk0Z2dnaJq8+UAFfHb0M6qqsrCwwO7uLn19fYHYDFTA2tpa00isaRqDg4NMTU19a+3kh0AFbG1t1YJUWAT6EhcKhSC780Xbf5H9CoiaXwFRIy2gPng5jiPb3beRjgPDw8NYlgUQegyAAAQcHR3xccgTxNrmu0hbjMJpj32ZxkIITNOkWq16tlf8tlVVlWQy+e229UgLKJfLuK77VwI+PikjE6CqKmNjYzJdSPPvxQFVVT2HaD8JVVX5fKzdcEZWLpe5vb39cYd8ADc3Nw1nZB4B8XicdDpNPp+PJCi1wnEcUqkUmUzGk68IISp8uitRqVSoVqth+ueLJntIdtNZ6Kv9nZ9E21\/20IASbXzd5j\/MIQu2KoJrJwAAAABJRU5ErkJggg=='); background-size: 14px 14px; background-color: #000000; position: absolute; opacity: 1; z-index: 86753099; display: none; cursor: pointer; border: none; border-top-left-radius: 3px; border-top-right-radius: 3px; border-bottom-right-radius: 3px; border-bottom-left-radius: 3px; text-indent: 20px; padding: 0px 4px 0px 0px; text-align: center; font-style: normal; font-variant-caps: normal; font-weight: bold; font-stretch: normal; font-size: 11px; line-height: 20px; font-family: 'Helvetica Neue', Helvetica, sans-serif; color: #ffffff; text-transform: capitalize; -webkit-font-smoothing: antialiased; top: 1397px; left: 563px; background-position: 3px 50%; background-repeat: no-repeat no-repeat;\">plan it<\/button><\/p>\n","protected":false},"excerpt":{"rendered":"<p>Rejoignez-nous sur cette visite priv\u00e9e de Montr\u00e9al et courez la chance de profiter de la partie historique de Montr\u00e9al. Une exp\u00e9rience priv\u00e9e vraiment incroyable.<\/p>\n","protected":false},"featured_media":177840,"comment_status":"open","ping_status":"closed","template":"","meta":{"_acf_changed":false},"product_brand":[],"product_cat":[3751,3780,4241,4242,3547],"product_tag":[],"class_list":{"0":"post-177828","1":"product","2":"type-product","3":"status-publish","4":"has-post-thumbnail","6":"product_cat-canada-fr","7":"product_cat-montreal-fr","8":"product_cat-all-private-tours-and-activities-fr-5","9":"product_cat-private-sightseeing-tours-fr-17","10":"product_cat-etats-unis-fr","12":"first","13":"instock","14":"shipping-taxable","15":"purchasable","16":"product-type-simple"},"acf":[],"yoast_head":"<!-- This site is optimized with the Yoast SEO Premium plugin v25.3.1 (Yoast SEO v25.3.1) - https:\/\/yoast.com\/wordpress\/plugins\/seo\/ -->\n<title>Visite \u00e0 pied priv\u00e9e : Le Vieux Montr\u00e9al et la ville souterraine - TT&amp;M<\/title>\n<meta name=\"description\" content=\"Rejoignez-nous sur cette visite priv\u00e9e de Montr\u00e9al et courez la chance de profiter de la partie historique de Montr\u00e9al. Une exp\u00e9rience priv\u00e9e vraiment incroyable.\" \/>\n<meta name=\"robots\" content=\"index, follow, max-snippet:-1, max-image-preview:large, max-video-preview:-1\" \/>\n<link rel=\"canonical\" href=\"https:\/\/tourtravelandmore.com\/fr\/tours\/canada-fr\/montreal-fr\/all-private-tours-and-activities-fr-5\/visite-a-pied-privee-la-ville-souterraine-et-le-centre-ville-de-montreal-copy\/\" \/>\n<meta property=\"og:locale\" content=\"fr_FR\" \/>\n<meta property=\"og:type\" content=\"article\" \/>\n<meta property=\"og:title\" content=\"Visite \u00e0 pied priv\u00e9e : Le Vieux Montr\u00e9al et la ville souterraine\" \/>\n<meta property=\"og:description\" content=\"Rejoignez-nous sur cette visite priv\u00e9e de Montr\u00e9al et courez la chance de profiter de la partie historique de Montr\u00e9al. Une exp\u00e9rience priv\u00e9e vraiment incroyable.\" \/>\n<meta property=\"og:url\" content=\"https:\/\/tourtravelandmore.com\/fr\/tours\/canada-fr\/montreal-fr\/all-private-tours-and-activities-fr-5\/visite-a-pied-privee-la-ville-souterraine-et-le-centre-ville-de-montreal-copy\/\" \/>\n<meta property=\"og:site_name\" content=\"Tour Travel And More\" \/>\n<meta property=\"article:publisher\" content=\"https:\/\/www.facebook.com\/tourtravelandmore\/\" \/>\n<meta property=\"article:modified_time\" content=\"2024-09-10T15:38:33+00:00\" \/>\n<meta property=\"og:image\" content=\"https:\/\/tourtravelandmore.com\/wp-content\/uploads\/2024\/09\/pexels-celine-chamiot-poncet-168535-2889701.jpg\" \/>\n\t<meta property=\"og:image:width\" content=\"1280\" \/>\n\t<meta property=\"og:image:height\" content=\"960\" \/>\n\t<meta property=\"og:image:type\" content=\"image\/jpeg\" \/>\n<meta name=\"twitter:card\" content=\"summary_large_image\" \/>\n<meta name=\"twitter:site\" content=\"@TourTravel_More\" \/>\n<meta name=\"twitter:label1\" content=\"Dur\u00e9e de lecture estim\u00e9e\" \/>\n\t<meta name=\"twitter:data1\" content=\"2 minutes\" \/>\n<script type=\"application\/ld+json\" class=\"yoast-schema-graph\">{\"@context\":\"https:\/\/schema.org\",\"@graph\":[{\"@type\":\"WebPage\",\"@id\":\"https:\/\/tourtravelandmore.com\/fr\/tours\/canada-fr\/montreal-fr\/all-private-tours-and-activities-fr-5\/visite-a-pied-privee-la-ville-souterraine-et-le-centre-ville-de-montreal-copy\/\",\"url\":\"https:\/\/tourtravelandmore.com\/fr\/tours\/canada-fr\/montreal-fr\/all-private-tours-and-activities-fr-5\/visite-a-pied-privee-la-ville-souterraine-et-le-centre-ville-de-montreal-copy\/\",\"name\":\"Visite \u00e0 pied priv\u00e9e : Le Vieux Montr\u00e9al et la ville souterraine - TT&M\",\"isPartOf\":{\"@id\":\"https:\/\/tourtravelandmore.com\/fr\/#website\"},\"primaryImageOfPage\":{\"@id\":\"https:\/\/tourtravelandmore.com\/fr\/tours\/canada-fr\/montreal-fr\/all-private-tours-and-activities-fr-5\/visite-a-pied-privee-la-ville-souterraine-et-le-centre-ville-de-montreal-copy\/#primaryimage\"},\"image\":{\"@id\":\"https:\/\/tourtravelandmore.com\/fr\/tours\/canada-fr\/montreal-fr\/all-private-tours-and-activities-fr-5\/visite-a-pied-privee-la-ville-souterraine-et-le-centre-ville-de-montreal-copy\/#primaryimage\"},\"thumbnailUrl\":\"https:\/\/tourtravelandmore.com\/wp-content\/uploads\/2024\/09\/pexels-celine-chamiot-poncet-168535-2889701.jpg\",\"datePublished\":\"2024-09-10T15:03:59+00:00\",\"dateModified\":\"2024-09-10T15:38:33+00:00\",\"description\":\"Rejoignez-nous sur cette visite priv\u00e9e de Montr\u00e9al et courez la chance de profiter de la partie historique de Montr\u00e9al. Une exp\u00e9rience priv\u00e9e vraiment incroyable.\",\"breadcrumb\":{\"@id\":\"https:\/\/tourtravelandmore.com\/fr\/tours\/canada-fr\/montreal-fr\/all-private-tours-and-activities-fr-5\/visite-a-pied-privee-la-ville-souterraine-et-le-centre-ville-de-montreal-copy\/#breadcrumb\"},\"inLanguage\":\"fr-FR\",\"potentialAction\":[{\"@type\":\"ReadAction\",\"target\":[\"https:\/\/tourtravelandmore.com\/fr\/tours\/canada-fr\/montreal-fr\/all-private-tours-and-activities-fr-5\/visite-a-pied-privee-la-ville-souterraine-et-le-centre-ville-de-montreal-copy\/\"]}]},{\"@type\":\"ImageObject\",\"inLanguage\":\"fr-FR\",\"@id\":\"https:\/\/tourtravelandmore.com\/fr\/tours\/canada-fr\/montreal-fr\/all-private-tours-and-activities-fr-5\/visite-a-pied-privee-la-ville-souterraine-et-le-centre-ville-de-montreal-copy\/#primaryimage\",\"url\":\"https:\/\/tourtravelandmore.com\/wp-content\/uploads\/2024\/09\/pexels-celine-chamiot-poncet-168535-2889701.jpg\",\"contentUrl\":\"https:\/\/tourtravelandmore.com\/wp-content\/uploads\/2024\/09\/pexels-celine-chamiot-poncet-168535-2889701.jpg\",\"width\":1280,\"height\":960},{\"@type\":\"BreadcrumbList\",\"@id\":\"https:\/\/tourtravelandmore.com\/fr\/tours\/canada-fr\/montreal-fr\/all-private-tours-and-activities-fr-5\/visite-a-pied-privee-la-ville-souterraine-et-le-centre-ville-de-montreal-copy\/#breadcrumb\",\"itemListElement\":[{\"@type\":\"ListItem\",\"position\":1,\"name\":\"Home\",\"item\":\"https:\/\/tourtravelandmore.com\/fr\/\"},{\"@type\":\"ListItem\",\"position\":2,\"name\":\"Tours\",\"item\":\"https:\/\/tourtravelandmore.com\/fr\/tours\/\"},{\"@type\":\"ListItem\",\"position\":3,\"name\":\"Visite \u00e0 pied priv\u00e9e : Le Vieux Montr\u00e9al et la ville souterraine\"}]},{\"@type\":\"WebSite\",\"@id\":\"https:\/\/tourtravelandmore.com\/fr\/#website\",\"url\":\"https:\/\/tourtravelandmore.com\/fr\/\",\"name\":\"Tour Travel And More\",\"description\":\"Private sightseeing tours and luxury transfers in Spain\",\"publisher\":{\"@id\":\"https:\/\/tourtravelandmore.com\/fr\/#organization\"},\"potentialAction\":[{\"@type\":\"SearchAction\",\"target\":{\"@type\":\"EntryPoint\",\"urlTemplate\":\"https:\/\/tourtravelandmore.com\/fr\/?s={search_term_string}\"},\"query-input\":{\"@type\":\"PropertyValueSpecification\",\"valueRequired\":true,\"valueName\":\"search_term_string\"}}],\"inLanguage\":\"fr-FR\"},{\"@type\":\"Organization\",\"@id\":\"https:\/\/tourtravelandmore.com\/fr\/#organization\",\"name\":\"Tour Travel And More\",\"url\":\"https:\/\/tourtravelandmore.com\/fr\/\",\"logo\":{\"@type\":\"ImageObject\",\"inLanguage\":\"fr-FR\",\"@id\":\"https:\/\/tourtravelandmore.com\/fr\/#\/schema\/logo\/image\/\",\"url\":\"https:\/\/tourtravelandmore.com\/wp-content\/uploads\/2022\/12\/cropped-logo-cabecera-new.png\",\"contentUrl\":\"https:\/\/tourtravelandmore.com\/wp-content\/uploads\/2022\/12\/cropped-logo-cabecera-new.png\",\"width\":430,\"height\":61,\"caption\":\"Tour Travel And More\"},\"image\":{\"@id\":\"https:\/\/tourtravelandmore.com\/fr\/#\/schema\/logo\/image\/\"},\"sameAs\":[\"https:\/\/www.facebook.com\/tourtravelandmore\/\",\"https:\/\/x.com\/TourTravel_More\"]}]}<\/script>\n<!-- \/ Yoast SEO Premium plugin. -->","yoast_head_json":{"title":"Visite \u00e0 pied priv\u00e9e : Le Vieux Montr\u00e9al et la ville souterraine - TT&M","description":"Rejoignez-nous sur cette visite priv\u00e9e de Montr\u00e9al et courez la chance de profiter de la partie historique de Montr\u00e9al. Une exp\u00e9rience priv\u00e9e vraiment incroyable.","robots":{"index":"index","follow":"follow","max-snippet":"max-snippet:-1","max-image-preview":"max-image-preview:large","max-video-preview":"max-video-preview:-1"},"canonical":"https:\/\/tourtravelandmore.com\/fr\/tours\/canada-fr\/montreal-fr\/all-private-tours-and-activities-fr-5\/visite-a-pied-privee-la-ville-souterraine-et-le-centre-ville-de-montreal-copy\/","og_locale":"fr_FR","og_type":"article","og_title":"Visite \u00e0 pied priv\u00e9e : Le Vieux Montr\u00e9al et la ville souterraine","og_description":"Rejoignez-nous sur cette visite priv\u00e9e de Montr\u00e9al et courez la chance de profiter de la partie historique de Montr\u00e9al. Une exp\u00e9rience priv\u00e9e vraiment incroyable.","og_url":"https:\/\/tourtravelandmore.com\/fr\/tours\/canada-fr\/montreal-fr\/all-private-tours-and-activities-fr-5\/visite-a-pied-privee-la-ville-souterraine-et-le-centre-ville-de-montreal-copy\/","og_site_name":"Tour Travel And More","article_publisher":"https:\/\/www.facebook.com\/tourtravelandmore\/","article_modified_time":"2024-09-10T15:38:33+00:00","og_image":[{"width":1280,"height":960,"url":"https:\/\/tourtravelandmore.com\/wp-content\/uploads\/2024\/09\/pexels-celine-chamiot-poncet-168535-2889701.jpg","type":"image\/jpeg"}],"twitter_card":"summary_large_image","twitter_site":"@TourTravel_More","twitter_misc":{"Dur\u00e9e de lecture estim\u00e9e":"2 minutes"},"schema":{"@context":"https:\/\/schema.org","@graph":[{"@type":"WebPage","@id":"https:\/\/tourtravelandmore.com\/fr\/tours\/canada-fr\/montreal-fr\/all-private-tours-and-activities-fr-5\/visite-a-pied-privee-la-ville-souterraine-et-le-centre-ville-de-montreal-copy\/","url":"https:\/\/tourtravelandmore.com\/fr\/tours\/canada-fr\/montreal-fr\/all-private-tours-and-activities-fr-5\/visite-a-pied-privee-la-ville-souterraine-et-le-centre-ville-de-montreal-copy\/","name":"Visite \u00e0 pied priv\u00e9e : Le Vieux Montr\u00e9al et la ville souterraine - TT&M","isPartOf":{"@id":"https:\/\/tourtravelandmore.com\/fr\/#website"},"primaryImageOfPage":{"@id":"https:\/\/tourtravelandmore.com\/fr\/tours\/canada-fr\/montreal-fr\/all-private-tours-and-activities-fr-5\/visite-a-pied-privee-la-ville-souterraine-et-le-centre-ville-de-montreal-copy\/#primaryimage"},"image":{"@id":"https:\/\/tourtravelandmore.com\/fr\/tours\/canada-fr\/montreal-fr\/all-private-tours-and-activities-fr-5\/visite-a-pied-privee-la-ville-souterraine-et-le-centre-ville-de-montreal-copy\/#primaryimage"},"thumbnailUrl":"https:\/\/tourtravelandmore.com\/wp-content\/uploads\/2024\/09\/pexels-celine-chamiot-poncet-168535-2889701.jpg","datePublished":"2024-09-10T15:03:59+00:00","dateModified":"2024-09-10T15:38:33+00:00","description":"Rejoignez-nous sur cette visite priv\u00e9e de Montr\u00e9al et courez la chance de profiter de la partie historique de Montr\u00e9al. Une exp\u00e9rience priv\u00e9e vraiment incroyable.","breadcrumb":{"@id":"https:\/\/tourtravelandmore.com\/fr\/tours\/canada-fr\/montreal-fr\/all-private-tours-and-activities-fr-5\/visite-a-pied-privee-la-ville-souterraine-et-le-centre-ville-de-montreal-copy\/#breadcrumb"},"inLanguage":"fr-FR","potentialAction":[{"@type":"ReadAction","target":["https:\/\/tourtravelandmore.com\/fr\/tours\/canada-fr\/montreal-fr\/all-private-tours-and-activities-fr-5\/visite-a-pied-privee-la-ville-souterraine-et-le-centre-ville-de-montreal-copy\/"]}]},{"@type":"ImageObject","inLanguage":"fr-FR","@id":"https:\/\/tourtravelandmore.com\/fr\/tours\/canada-fr\/montreal-fr\/all-private-tours-and-activities-fr-5\/visite-a-pied-privee-la-ville-souterraine-et-le-centre-ville-de-montreal-copy\/#primaryimage","url":"https:\/\/tourtravelandmore.com\/wp-content\/uploads\/2024\/09\/pexels-celine-chamiot-poncet-168535-2889701.jpg","contentUrl":"https:\/\/tourtravelandmore.com\/wp-content\/uploads\/2024\/09\/pexels-celine-chamiot-poncet-168535-2889701.jpg","width":1280,"height":960},{"@type":"BreadcrumbList","@id":"https:\/\/tourtravelandmore.com\/fr\/tours\/canada-fr\/montreal-fr\/all-private-tours-and-activities-fr-5\/visite-a-pied-privee-la-ville-souterraine-et-le-centre-ville-de-montreal-copy\/#breadcrumb","itemListElement":[{"@type":"ListItem","position":1,"name":"Home","item":"https:\/\/tourtravelandmore.com\/fr\/"},{"@type":"ListItem","position":2,"name":"Tours","item":"https:\/\/tourtravelandmore.com\/fr\/tours\/"},{"@type":"ListItem","position":3,"name":"Visite \u00e0 pied priv\u00e9e : Le Vieux Montr\u00e9al et la ville souterraine"}]},{"@type":"WebSite","@id":"https:\/\/tourtravelandmore.com\/fr\/#website","url":"https:\/\/tourtravelandmore.com\/fr\/","name":"Tour Travel And More","description":"Private sightseeing tours and luxury transfers in Spain","publisher":{"@id":"https:\/\/tourtravelandmore.com\/fr\/#organization"},"potentialAction":[{"@type":"SearchAction","target":{"@type":"EntryPoint","urlTemplate":"https:\/\/tourtravelandmore.com\/fr\/?s={search_term_string}"},"query-input":{"@type":"PropertyValueSpecification","valueRequired":true,"valueName":"search_term_string"}}],"inLanguage":"fr-FR"},{"@type":"Organization","@id":"https:\/\/tourtravelandmore.com\/fr\/#organization","name":"Tour Travel And More","url":"https:\/\/tourtravelandmore.com\/fr\/","logo":{"@type":"ImageObject","inLanguage":"fr-FR","@id":"https:\/\/tourtravelandmore.com\/fr\/#\/schema\/logo\/image\/","url":"https:\/\/tourtravelandmore.com\/wp-content\/uploads\/2022\/12\/cropped-logo-cabecera-new.png","contentUrl":"https:\/\/tourtravelandmore.com\/wp-content\/uploads\/2022\/12\/cropped-logo-cabecera-new.png","width":430,"height":61,"caption":"Tour Travel And More"},"image":{"@id":"https:\/\/tourtravelandmore.com\/fr\/#\/schema\/logo\/image\/"},"sameAs":["https:\/\/www.facebook.com\/tourtravelandmore\/","https:\/\/x.com\/TourTravel_More"]}]}},"_links":{"self":[{"href":"https:\/\/tourtravelandmore.com\/fr\/wp-json\/wp\/v2\/product\/177828","targetHints":{"allow":["GET"]}}],"collection":[{"href":"https:\/\/tourtravelandmore.com\/fr\/wp-json\/wp\/v2\/product"}],"about":[{"href":"https:\/\/tourtravelandmore.com\/fr\/wp-json\/wp\/v2\/types\/product"}],"replies":[{"embeddable":true,"href":"https:\/\/tourtravelandmore.com\/fr\/wp-json\/wp\/v2\/comments?post=177828"}],"wp:featuredmedia":[{"embeddable":true,"href":"https:\/\/tourtravelandmore.com\/fr\/wp-json\/wp\/v2\/media\/177840"}],"wp:attachment":[{"href":"https:\/\/tourtravelandmore.com\/fr\/wp-json\/wp\/v2\/media?parent=177828"}],"wp:term":[{"taxonomy":"product_brand","embeddable":true,"href":"https:\/\/tourtravelandmore.com\/fr\/wp-json\/wp\/v2\/product_brand?post=177828"},{"taxonomy":"product_cat","embeddable":true,"href":"https:\/\/tourtravelandmore.com\/fr\/wp-json\/wp\/v2\/product_cat?post=177828"},{"taxonomy":"product_tag","embeddable":true,"href":"https:\/\/tourtravelandmore.com\/fr\/wp-json\/wp\/v2\/product_tag?post=177828"}],"curies":[{"name":"wp","href":"https:\/\/api.w.org\/{rel}","templated":true}]}}