{"id":177747,"date":"2024-08-30T18:03:39","date_gmt":"2024-08-30T16:03:42","guid":{"rendered":"https:\/\/tourtravelandmore.com\/?post_type=product&#038;p=177747"},"modified":"2024-08-30T19:10:06","modified_gmt":"2024-08-30T17:10:06","slug":"visite-privee-des-montagnes-bleues-au-depart-de-toronto-copy","status":"publish","type":"product","link":"https:\/\/tourtravelandmore.com\/fr\/tours\/canada-fr\/toronto-fr\/private-sightseeing-tours-fr-18\/visite-privee-des-montagnes-bleues-au-depart-de-toronto-copy\/","title":{"rendered":"Visite priv\u00e9e des 1000 \u00eeles au d\u00e9part de Toronto"},"content":{"rendered":"<h2><b><strong>Description de l&#8217;exposition<\/strong><\/b><\/h2>\n<p>Embarquez pour un voyage enchanteur vers les \u00e9poustouflantes <b><strong>\u00eeles 1000,<\/strong><\/b> un joyau cach\u00e9 nich\u00e9 entre <b><strong>le Canada<\/strong><\/b> et les <b><strong>\u00c9tats-Unis.<\/strong><\/b> Cette excursion priv\u00e9e exclusive de 9 heures au d\u00e9part de <b><strong>Toronto<\/strong><\/b> offre un m\u00e9lange harmonieux de confort, de luxe et de beaut\u00e9 naturelle. Avec une voiture priv\u00e9e et un guide comp\u00e9tent \u00e0 votre service, vous vivrez une exp\u00e9rience inoubliable en explorant les paysages pittoresques et les sites historiques de cet archipel unique.<\/p>\n<p>Tout d&#8217;abord, nous organiserons une prise en charge priv\u00e9e depuis votre h\u00f4tel ou le lieu de votre choix \u00e0 <a href=\"https:\/\/es.wikipedia.org\/wiki\/Toronto\">Toronto<\/a>.<\/p>\n<p>Notre visite priv\u00e9e de Toronto commencera \u00e0 partir de l\u00e0. Profitez des meilleurs endroits de la ville de Toronto. Toronto est une ville immense. Comme le Canada, Toronto n&#8217;est pas diff\u00e9rente, vous y trouverez une ville multiculturelle incroyable.<\/p>\n<p>Toronto est divis\u00e9e en 6 quartiers diff\u00e9rents. Notre chauffeur et notre guide touristique seront \u00e0 votre disposition pendant les 9 heures de la visite. Nous pouvons organiser une visite plus longue si vous le souhaitez. Ne manquez pas de voir nos autres visites priv\u00e9es dans la ville de Toronto.<\/p>\n<h2><b><strong>Points d&#8217;int\u00e9r\u00eat<\/strong><\/b><\/h2>\n<p>Votre aventure commence par un trajet pittoresque depuis <b><strong>Toronto,<\/strong><\/b> o\u00f9 vous serez captiv\u00e9 par la campagne luxuriante et les panoramas sereins en route vers la r\u00e9gion des Mille-\u00celes. \u00c0 votre arriv\u00e9e, vous embarquerez \u00e0 bord d&#8217;un <b><strong>bateau commun<\/strong><\/b> pour une croisi\u00e8re \u00e0 travers le labyrinthe des <b><strong>\u00eeles,<\/strong><\/b> chacune ayant son propre charme et sa propre histoire. Vous passerez devant de luxueuses demeures, des cottages pittoresques et d&#8217;\u00e9tonnantes formations naturelles, tandis que votre guide vous donnera des informations fascinantes sur la riche histoire et l&#8217;\u00e9cologie de la r\u00e9gion.<\/p>\n<p>Au cours de la croisi\u00e8re, vous aurez l&#8217;occasion de vous \u00e9merveiller devant le <b><strong>ch\u00e2teau de Boldt,<\/strong><\/b> un chef-d&#8217;\u0153uvre architectural empreint de romantisme et de trag\u00e9die, et de d\u00e9couvrir l&#8217;histoire mouvement\u00e9e du <b><strong>pont des Mille-\u00celes,<\/strong><\/b> qui relie le <b><strong>Canada<\/strong><\/b> aux <b><strong>\u00c9tats-Unis.<\/strong><\/b> L&#8217;excursion offre \u00e9galement de nombreuses possibilit\u00e9s de photographie, alors ne manquez pas d&#8217;immortaliser les panoramas \u00e9poustouflants et les eaux tranquilles qui rendent cette destination si sp\u00e9ciale.<\/p>\n<p>Apr\u00e8s la visite en bateau, votre guide vous conduira aux meilleurs points de vue pour admirer les \u00eeles depuis la terre ferme, ce qui vous permettra de mieux comprendre l&#8217;importance et l&#8217;attrait de la r\u00e9gion. Que vous soyez passionn\u00e9 d&#8217;histoire, amoureux de la nature ou simplement \u00e0 la recherche d&#8217;une \u00e9chapp\u00e9e paisible loin de la ville, cette visite offre quelque chose \u00e0 chacun.<\/p>\n<p>\u00c0 la fin de la journ\u00e9e, vous serez ramen\u00e9 \u00e0 Toronto, d\u00e9tendu et rempli de souvenirs de l&#8217;enchantement des Mille-\u00celes.<\/p>\n<p>Cette excursion priv\u00e9e se terminera \u00e0 votre h\u00f4tel ou au lieu de votre choix \u00e0 <b><strong>Toronto !<\/strong><\/b><\/p>\n<p>Nos experts en voyage sont \u00e0 votre disposition pour vous faire vivre une exp\u00e9rience unique ! <a href=\"https:\/\/tourtravelandmore.com\/fr\/city\/canada-fr\/toronto-en\/\">Jetez un coup d&#8217;\u0153il aux autres visites priv\u00e9es que nous proposons \u00e0 Toronto.<\/a><\/p>\n<p><button style=\"width: auto; height: auto; background-image: url('data:image\/png;base64,iVBORw0KGgoAAAANSUhEUgAAADAAAAAwCAYAAABXAvmHAAABS2lUWHRYTUw6Y29tLmFkb2JlLnhtcAAAAAAAPD94cGFja2V0IGJlZ2luPSLvu78iIGlkPSJXNU0wTXBDZWhpSHpyZVN6TlRjemtjOWQiPz4KPHg6eG1wbWV0YSB4bWxuczp4PSJhZG9iZTpuczptZXRhLyIgeDp4bXB0az0iQWRvYmUgWE1QIENvcmUgNS42LWMxMzggNzkuMTU5ODI0LCAyMDE2LzA5LzE0LTAxOjA5OjAxICAgICAgICAiPgogPHJkZjpSREYgeG1sbnM6cmRmPSJodHRwOi8vd3d3LnczLm9yZy8xOTk5LzAyLzIyLXJkZi1zeW50YXgtbnMjIj4KICA8cmRmOkRlc2NyaXB0aW9uIHJkZjphYm91dD0iIi8+CiA8L3JkZjpSREY+CjwveDp4bXBtZXRhPgo8P3hwYWNrZXQgZW5kPSJyIj8+IEmuOgAAAx5JREFUaIHtmj1L81wYx39JI75AbYtgBTFTRdQGXV2cxMlPICjiakHE0cVJB5FO4uLgN1AnZ\/0EgoLQtd6tL6hJIwia9DzDg6Wxpcb7hMTe+INCz+t1\/TnJuU7OOYoQ4g8Qpz2xFSGEiNoLGVTAjtoJCWw1ag9k0eoTQgg2NzcplUp0dHRE5VNTHMdB0zTy+TydnZ21fI8Ay7K4vr4ml8uRSqVCd7IVQgjW19cpFAoYhlHLbxiBTCbD9PR06A76YXx8HNd1PXmed0BRFBzHwTTNUB3zy\/v7O7FYzJPX9i\/xr4Co0b6u0prj42Pu7u5a1unp6UHXdSYmJkgmk7ImPUgLWFlZoVQq+aqbSCSYn59ne3ubRCIhaxoI4BHSdd13Xcuy2N\/fxzCML0fNL9IjoChK7f\/p6Smjo6MNdWzb5vz8nI2NDUzTpFgsMjMzw+Xlpax5eQH1TE5OMjAw0LQsm80yNzdHNpvFtm2urq44PDxkaWlJymags9D9\/X3Lcl3X2dnZqaX39vakbYY+jS4uLtLV1QXAxcUFlUpFqr\/QBXR3d9Pf3w\/8v8J8fn6W6i90Aa7r8vT0BEAsFpOeTkMXcHJywsvLCwAjIyPSgS1QAb29vS3LHx4eyOVytfTy8rK0zUAFPD4+8vb25vm9vr5SLBY5ODjAMAzK5TIAQ0NDrK6uStsMNA7Mzs42rNfrn\/kP0uk0Z2dnaJq8+UAFfHb0M6qqsrCwwO7uLn19fYHYDFTA2tpa00isaRqDg4NMTU19a+3kh0AFbG1t1YJUWAT6EhcKhSC780Xbf5H9CoiaXwFRIy2gPng5jiPb3beRjgPDw8NYlgUQegyAAAQcHR3xccgTxNrmu0hbjMJpj32ZxkIITNOkWq16tlf8tlVVlWQy+e229UgLKJfLuK77VwI+PikjE6CqKmNjYzJdSPPvxQFVVT2HaD8JVVX5fKzdcEZWLpe5vb39cYd8ADc3Nw1nZB4B8XicdDpNPp+PJCi1wnEcUqkUmUzGk68IISp8uitRqVSoVqth+ueLJntIdtNZ6Kv9nZ9E21\/20IASbXzd5j\/MIQu2KoJrJwAAAABJRU5ErkJggg=='); background-size: 14px 14px; background-color: #000000; position: absolute; opacity: 1; z-index: 86753099; display: none; cursor: pointer; border: none; border-top-left-radius: 3px; border-top-right-radius: 3px; border-bottom-right-radius: 3px; border-bottom-left-radius: 3px; text-indent: 20px; padding: 0px 4px 0px 0px; text-align: center; font-style: normal; font-variant-caps: normal; font-weight: bold; font-stretch: normal; font-size: 11px; line-height: 20px; font-family: 'Helvetica Neue', Helvetica, sans-serif; color: #ffffff; text-transform: capitalize; -webkit-font-smoothing: antialiased; top: 1397px; left: 563px; background-position: 3px 50%; background-repeat: no-repeat no-repeat;\">plan it<\/button><\/p>\n","protected":false},"excerpt":{"rendered":"<p>Embarquez pour un voyage enchanteur vers les \u00e9poustouflantes <b><strong>\u00eeles 1000,<\/strong><\/b> un joyau cach\u00e9 nich\u00e9 entre <b><strong>le Canada<\/strong><\/b> et les <b><strong>\u00c9tats-Unis.<\/strong><\/b> Cette excursion priv\u00e9e exclusive de 9 heures au d\u00e9part de <b><strong>Toronto<\/strong><\/b> offre un m\u00e9lange harmonieux de confort, de luxe et de beaut\u00e9 naturelle. Avec une voiture priv\u00e9e et un guide comp\u00e9tent \u00e0 votre service, vous vivrez une exp\u00e9rience inoubliable en explorant les paysages pittoresques et les sites historiques de cet archipel unique.<\/p>\n","protected":false},"featured_media":177759,"comment_status":"open","ping_status":"closed","template":"","meta":{"_acf_changed":false},"product_brand":[],"product_cat":[3751,3775,4243,3547],"product_tag":[],"class_list":{"0":"post-177747","1":"product","2":"type-product","3":"status-publish","4":"has-post-thumbnail","6":"product_cat-canada-fr","7":"product_cat-toronto-fr","8":"product_cat-private-sightseeing-tours-fr-18","9":"product_cat-etats-unis-fr","11":"first","12":"instock","13":"shipping-taxable","14":"purchasable","15":"product-type-simple"},"acf":[],"yoast_head":"<!-- This site is optimized with the Yoast SEO Premium plugin v25.3.1 (Yoast SEO v25.3.1) - https:\/\/yoast.com\/wordpress\/plugins\/seo\/ -->\n<title>Visite priv\u00e9e des 1000 \u00eeles au d\u00e9part de Toronto - TT&amp;M<\/title>\n<meta name=\"description\" content=\"Prenez cette Visite priv\u00e9e des 1000 \u00eeles au d\u00e9part de Toronto et profitez du meilleur de la ville de Toronto ! Il s&#039;agit d&#039;une excursion priv\u00e9e exceptionnelle ! \u2705\" \/>\n<meta name=\"robots\" content=\"index, follow, max-snippet:-1, max-image-preview:large, max-video-preview:-1\" \/>\n<link rel=\"canonical\" href=\"https:\/\/tourtravelandmore.com\/fr\/tours\/canada-fr\/toronto-fr\/private-sightseeing-tours-fr-18\/visite-privee-des-montagnes-bleues-au-depart-de-toronto-copy\/\" \/>\n<meta property=\"og:locale\" content=\"fr_FR\" \/>\n<meta property=\"og:type\" content=\"article\" \/>\n<meta property=\"og:title\" content=\"Visite priv\u00e9e des 1000 \u00eeles au d\u00e9part de Toronto\" \/>\n<meta property=\"og:description\" content=\"Prenez cette Visite priv\u00e9e des 1000 \u00eeles au d\u00e9part de Toronto et profitez du meilleur de la ville de Toronto ! Il s&#039;agit d&#039;une excursion priv\u00e9e exceptionnelle ! \u2705\" \/>\n<meta property=\"og:url\" content=\"https:\/\/tourtravelandmore.com\/fr\/tours\/canada-fr\/toronto-fr\/private-sightseeing-tours-fr-18\/visite-privee-des-montagnes-bleues-au-depart-de-toronto-copy\/\" \/>\n<meta property=\"og:site_name\" content=\"Tour Travel And More\" \/>\n<meta property=\"article:publisher\" content=\"https:\/\/www.facebook.com\/tourtravelandmore\/\" \/>\n<meta property=\"article:modified_time\" content=\"2024-08-30T17:10:06+00:00\" \/>\n<meta property=\"og:image\" content=\"https:\/\/tourtravelandmore.com\/wp-content\/uploads\/2024\/08\/CF006549_downsized.jpg\" \/>\n\t<meta property=\"og:image:width\" content=\"1500\" \/>\n\t<meta property=\"og:image:height\" content=\"1125\" \/>\n\t<meta property=\"og:image:type\" content=\"image\/jpeg\" \/>\n<meta name=\"twitter:card\" content=\"summary_large_image\" \/>\n<meta name=\"twitter:site\" content=\"@TourTravel_More\" \/>\n<meta name=\"twitter:label1\" content=\"Dur\u00e9e de lecture estim\u00e9e\" \/>\n\t<meta name=\"twitter:data1\" content=\"2 minutes\" \/>\n<script type=\"application\/ld+json\" class=\"yoast-schema-graph\">{\"@context\":\"https:\/\/schema.org\",\"@graph\":[{\"@type\":\"WebPage\",\"@id\":\"https:\/\/tourtravelandmore.com\/fr\/tours\/canada-fr\/toronto-fr\/private-sightseeing-tours-fr-18\/visite-privee-des-montagnes-bleues-au-depart-de-toronto-copy\/\",\"url\":\"https:\/\/tourtravelandmore.com\/fr\/tours\/canada-fr\/toronto-fr\/private-sightseeing-tours-fr-18\/visite-privee-des-montagnes-bleues-au-depart-de-toronto-copy\/\",\"name\":\"Visite priv\u00e9e des 1000 \u00eeles au d\u00e9part de Toronto - TT&M\",\"isPartOf\":{\"@id\":\"https:\/\/tourtravelandmore.com\/fr\/#website\"},\"primaryImageOfPage\":{\"@id\":\"https:\/\/tourtravelandmore.com\/fr\/tours\/canada-fr\/toronto-fr\/private-sightseeing-tours-fr-18\/visite-privee-des-montagnes-bleues-au-depart-de-toronto-copy\/#primaryimage\"},\"image\":{\"@id\":\"https:\/\/tourtravelandmore.com\/fr\/tours\/canada-fr\/toronto-fr\/private-sightseeing-tours-fr-18\/visite-privee-des-montagnes-bleues-au-depart-de-toronto-copy\/#primaryimage\"},\"thumbnailUrl\":\"https:\/\/tourtravelandmore.com\/wp-content\/uploads\/2024\/08\/CF006549_downsized.jpg\",\"datePublished\":\"2024-08-30T16:03:42+00:00\",\"dateModified\":\"2024-08-30T17:10:06+00:00\",\"description\":\"Prenez cette Visite priv\u00e9e des 1000 \u00eeles au d\u00e9part de Toronto et profitez du meilleur de la ville de Toronto ! Il s'agit d'une excursion priv\u00e9e exceptionnelle ! \u2705\",\"breadcrumb\":{\"@id\":\"https:\/\/tourtravelandmore.com\/fr\/tours\/canada-fr\/toronto-fr\/private-sightseeing-tours-fr-18\/visite-privee-des-montagnes-bleues-au-depart-de-toronto-copy\/#breadcrumb\"},\"inLanguage\":\"fr-FR\",\"potentialAction\":[{\"@type\":\"ReadAction\",\"target\":[\"https:\/\/tourtravelandmore.com\/fr\/tours\/canada-fr\/toronto-fr\/private-sightseeing-tours-fr-18\/visite-privee-des-montagnes-bleues-au-depart-de-toronto-copy\/\"]}]},{\"@type\":\"ImageObject\",\"inLanguage\":\"fr-FR\",\"@id\":\"https:\/\/tourtravelandmore.com\/fr\/tours\/canada-fr\/toronto-fr\/private-sightseeing-tours-fr-18\/visite-privee-des-montagnes-bleues-au-depart-de-toronto-copy\/#primaryimage\",\"url\":\"https:\/\/tourtravelandmore.com\/wp-content\/uploads\/2024\/08\/CF006549_downsized.jpg\",\"contentUrl\":\"https:\/\/tourtravelandmore.com\/wp-content\/uploads\/2024\/08\/CF006549_downsized.jpg\",\"width\":1500,\"height\":1125},{\"@type\":\"BreadcrumbList\",\"@id\":\"https:\/\/tourtravelandmore.com\/fr\/tours\/canada-fr\/toronto-fr\/private-sightseeing-tours-fr-18\/visite-privee-des-montagnes-bleues-au-depart-de-toronto-copy\/#breadcrumb\",\"itemListElement\":[{\"@type\":\"ListItem\",\"position\":1,\"name\":\"Home\",\"item\":\"https:\/\/tourtravelandmore.com\/fr\/\"},{\"@type\":\"ListItem\",\"position\":2,\"name\":\"Tours\",\"item\":\"https:\/\/tourtravelandmore.com\/fr\/tours\/\"},{\"@type\":\"ListItem\",\"position\":3,\"name\":\"Visite priv\u00e9e des 1000 \u00eeles au d\u00e9part de Toronto\"}]},{\"@type\":\"WebSite\",\"@id\":\"https:\/\/tourtravelandmore.com\/fr\/#website\",\"url\":\"https:\/\/tourtravelandmore.com\/fr\/\",\"name\":\"Tour Travel And More\",\"description\":\"Private sightseeing tours and luxury transfers in Spain\",\"publisher\":{\"@id\":\"https:\/\/tourtravelandmore.com\/fr\/#organization\"},\"potentialAction\":[{\"@type\":\"SearchAction\",\"target\":{\"@type\":\"EntryPoint\",\"urlTemplate\":\"https:\/\/tourtravelandmore.com\/fr\/?s={search_term_string}\"},\"query-input\":{\"@type\":\"PropertyValueSpecification\",\"valueRequired\":true,\"valueName\":\"search_term_string\"}}],\"inLanguage\":\"fr-FR\"},{\"@type\":\"Organization\",\"@id\":\"https:\/\/tourtravelandmore.com\/fr\/#organization\",\"name\":\"Tour Travel And More\",\"url\":\"https:\/\/tourtravelandmore.com\/fr\/\",\"logo\":{\"@type\":\"ImageObject\",\"inLanguage\":\"fr-FR\",\"@id\":\"https:\/\/tourtravelandmore.com\/fr\/#\/schema\/logo\/image\/\",\"url\":\"https:\/\/tourtravelandmore.com\/wp-content\/uploads\/2022\/12\/cropped-logo-cabecera-new.png\",\"contentUrl\":\"https:\/\/tourtravelandmore.com\/wp-content\/uploads\/2022\/12\/cropped-logo-cabecera-new.png\",\"width\":430,\"height\":61,\"caption\":\"Tour Travel And More\"},\"image\":{\"@id\":\"https:\/\/tourtravelandmore.com\/fr\/#\/schema\/logo\/image\/\"},\"sameAs\":[\"https:\/\/www.facebook.com\/tourtravelandmore\/\",\"https:\/\/x.com\/TourTravel_More\"]}]}<\/script>\n<!-- \/ Yoast SEO Premium plugin. -->","yoast_head_json":{"title":"Visite priv\u00e9e des 1000 \u00eeles au d\u00e9part de Toronto - TT&M","description":"Prenez cette Visite priv\u00e9e des 1000 \u00eeles au d\u00e9part de Toronto et profitez du meilleur de la ville de Toronto ! Il s'agit d'une excursion priv\u00e9e exceptionnelle ! \u2705","robots":{"index":"index","follow":"follow","max-snippet":"max-snippet:-1","max-image-preview":"max-image-preview:large","max-video-preview":"max-video-preview:-1"},"canonical":"https:\/\/tourtravelandmore.com\/fr\/tours\/canada-fr\/toronto-fr\/private-sightseeing-tours-fr-18\/visite-privee-des-montagnes-bleues-au-depart-de-toronto-copy\/","og_locale":"fr_FR","og_type":"article","og_title":"Visite priv\u00e9e des 1000 \u00eeles au d\u00e9part de Toronto","og_description":"Prenez cette Visite priv\u00e9e des 1000 \u00eeles au d\u00e9part de Toronto et profitez du meilleur de la ville de Toronto ! Il s'agit d'une excursion priv\u00e9e exceptionnelle ! \u2705","og_url":"https:\/\/tourtravelandmore.com\/fr\/tours\/canada-fr\/toronto-fr\/private-sightseeing-tours-fr-18\/visite-privee-des-montagnes-bleues-au-depart-de-toronto-copy\/","og_site_name":"Tour Travel And More","article_publisher":"https:\/\/www.facebook.com\/tourtravelandmore\/","article_modified_time":"2024-08-30T17:10:06+00:00","og_image":[{"width":1500,"height":1125,"url":"https:\/\/tourtravelandmore.com\/wp-content\/uploads\/2024\/08\/CF006549_downsized.jpg","type":"image\/jpeg"}],"twitter_card":"summary_large_image","twitter_site":"@TourTravel_More","twitter_misc":{"Dur\u00e9e de lecture estim\u00e9e":"2 minutes"},"schema":{"@context":"https:\/\/schema.org","@graph":[{"@type":"WebPage","@id":"https:\/\/tourtravelandmore.com\/fr\/tours\/canada-fr\/toronto-fr\/private-sightseeing-tours-fr-18\/visite-privee-des-montagnes-bleues-au-depart-de-toronto-copy\/","url":"https:\/\/tourtravelandmore.com\/fr\/tours\/canada-fr\/toronto-fr\/private-sightseeing-tours-fr-18\/visite-privee-des-montagnes-bleues-au-depart-de-toronto-copy\/","name":"Visite priv\u00e9e des 1000 \u00eeles au d\u00e9part de Toronto - TT&M","isPartOf":{"@id":"https:\/\/tourtravelandmore.com\/fr\/#website"},"primaryImageOfPage":{"@id":"https:\/\/tourtravelandmore.com\/fr\/tours\/canada-fr\/toronto-fr\/private-sightseeing-tours-fr-18\/visite-privee-des-montagnes-bleues-au-depart-de-toronto-copy\/#primaryimage"},"image":{"@id":"https:\/\/tourtravelandmore.com\/fr\/tours\/canada-fr\/toronto-fr\/private-sightseeing-tours-fr-18\/visite-privee-des-montagnes-bleues-au-depart-de-toronto-copy\/#primaryimage"},"thumbnailUrl":"https:\/\/tourtravelandmore.com\/wp-content\/uploads\/2024\/08\/CF006549_downsized.jpg","datePublished":"2024-08-30T16:03:42+00:00","dateModified":"2024-08-30T17:10:06+00:00","description":"Prenez cette Visite priv\u00e9e des 1000 \u00eeles au d\u00e9part de Toronto et profitez du meilleur de la ville de Toronto ! Il s'agit d'une excursion priv\u00e9e exceptionnelle ! \u2705","breadcrumb":{"@id":"https:\/\/tourtravelandmore.com\/fr\/tours\/canada-fr\/toronto-fr\/private-sightseeing-tours-fr-18\/visite-privee-des-montagnes-bleues-au-depart-de-toronto-copy\/#breadcrumb"},"inLanguage":"fr-FR","potentialAction":[{"@type":"ReadAction","target":["https:\/\/tourtravelandmore.com\/fr\/tours\/canada-fr\/toronto-fr\/private-sightseeing-tours-fr-18\/visite-privee-des-montagnes-bleues-au-depart-de-toronto-copy\/"]}]},{"@type":"ImageObject","inLanguage":"fr-FR","@id":"https:\/\/tourtravelandmore.com\/fr\/tours\/canada-fr\/toronto-fr\/private-sightseeing-tours-fr-18\/visite-privee-des-montagnes-bleues-au-depart-de-toronto-copy\/#primaryimage","url":"https:\/\/tourtravelandmore.com\/wp-content\/uploads\/2024\/08\/CF006549_downsized.jpg","contentUrl":"https:\/\/tourtravelandmore.com\/wp-content\/uploads\/2024\/08\/CF006549_downsized.jpg","width":1500,"height":1125},{"@type":"BreadcrumbList","@id":"https:\/\/tourtravelandmore.com\/fr\/tours\/canada-fr\/toronto-fr\/private-sightseeing-tours-fr-18\/visite-privee-des-montagnes-bleues-au-depart-de-toronto-copy\/#breadcrumb","itemListElement":[{"@type":"ListItem","position":1,"name":"Home","item":"https:\/\/tourtravelandmore.com\/fr\/"},{"@type":"ListItem","position":2,"name":"Tours","item":"https:\/\/tourtravelandmore.com\/fr\/tours\/"},{"@type":"ListItem","position":3,"name":"Visite priv\u00e9e des 1000 \u00eeles au d\u00e9part de Toronto"}]},{"@type":"WebSite","@id":"https:\/\/tourtravelandmore.com\/fr\/#website","url":"https:\/\/tourtravelandmore.com\/fr\/","name":"Tour Travel And More","description":"Private sightseeing tours and luxury transfers in Spain","publisher":{"@id":"https:\/\/tourtravelandmore.com\/fr\/#organization"},"potentialAction":[{"@type":"SearchAction","target":{"@type":"EntryPoint","urlTemplate":"https:\/\/tourtravelandmore.com\/fr\/?s={search_term_string}"},"query-input":{"@type":"PropertyValueSpecification","valueRequired":true,"valueName":"search_term_string"}}],"inLanguage":"fr-FR"},{"@type":"Organization","@id":"https:\/\/tourtravelandmore.com\/fr\/#organization","name":"Tour Travel And More","url":"https:\/\/tourtravelandmore.com\/fr\/","logo":{"@type":"ImageObject","inLanguage":"fr-FR","@id":"https:\/\/tourtravelandmore.com\/fr\/#\/schema\/logo\/image\/","url":"https:\/\/tourtravelandmore.com\/wp-content\/uploads\/2022\/12\/cropped-logo-cabecera-new.png","contentUrl":"https:\/\/tourtravelandmore.com\/wp-content\/uploads\/2022\/12\/cropped-logo-cabecera-new.png","width":430,"height":61,"caption":"Tour Travel And More"},"image":{"@id":"https:\/\/tourtravelandmore.com\/fr\/#\/schema\/logo\/image\/"},"sameAs":["https:\/\/www.facebook.com\/tourtravelandmore\/","https:\/\/x.com\/TourTravel_More"]}]}},"_links":{"self":[{"href":"https:\/\/tourtravelandmore.com\/fr\/wp-json\/wp\/v2\/product\/177747","targetHints":{"allow":["GET"]}}],"collection":[{"href":"https:\/\/tourtravelandmore.com\/fr\/wp-json\/wp\/v2\/product"}],"about":[{"href":"https:\/\/tourtravelandmore.com\/fr\/wp-json\/wp\/v2\/types\/product"}],"replies":[{"embeddable":true,"href":"https:\/\/tourtravelandmore.com\/fr\/wp-json\/wp\/v2\/comments?post=177747"}],"wp:featuredmedia":[{"embeddable":true,"href":"https:\/\/tourtravelandmore.com\/fr\/wp-json\/wp\/v2\/media\/177759"}],"wp:attachment":[{"href":"https:\/\/tourtravelandmore.com\/fr\/wp-json\/wp\/v2\/media?parent=177747"}],"wp:term":[{"taxonomy":"product_brand","embeddable":true,"href":"https:\/\/tourtravelandmore.com\/fr\/wp-json\/wp\/v2\/product_brand?post=177747"},{"taxonomy":"product_cat","embeddable":true,"href":"https:\/\/tourtravelandmore.com\/fr\/wp-json\/wp\/v2\/product_cat?post=177747"},{"taxonomy":"product_tag","embeddable":true,"href":"https:\/\/tourtravelandmore.com\/fr\/wp-json\/wp\/v2\/product_tag?post=177747"}],"curies":[{"name":"wp","href":"https:\/\/api.w.org\/{rel}","templated":true}]}}